{"id":44561,"date":"2022-11-25T19:46:28","date_gmt":"2022-11-25T18:46:28","guid":{"rendered":"https:\/\/kgerad.de\/?post_type=product&#038;p=44561"},"modified":"2023-08-11T07:54:46","modified_gmt":"2023-08-11T05:54:46","slug":"radon-jealous-hybrid-10-0-625","status":"publish","type":"product","link":"https:\/\/kgerad.de\/en\/product\/radon-jealous-hybrid-10-0-625\/","title":{"rendered":"Radon Jealous Hybrid 10.0 625"},"content":{"rendered":"<div class=\"product--headername\">\n<div class=\"product--headername\">\n<div class=\"product--headername\">\n<h2 class=\"product--title\"><strong>Radon<\/strong>\u00a0Jealous Hybrid 10.0 625<\/h2>\n<p>Das JEALOUS HYBRID 10.0 625 als Flaggschiff der RADON E-Hardtail-Flotte gibt es f\u00fcr das Modelljahr 2022 erstmalig. Es \u00fcberzeugt nicht nur mit seinem sch\u00f6nen, hydrogeformten Aluminiumrahmen in edlem, mattem Grau, sondern auch mit viel Trailkompetenz durch den starken Antrieb und die geschickt gew\u00e4hlte, sehr hochwertige Ausstattung.<\/p>\n<hr \/>\n<h3>Die Highlights des Jealous Hybrid 10.0 625<\/h3>\n<p>Herzst\u00fcck des Ganzen ist der b\u00e4renstarke Bosch Performance CX Antrieb mit seinen 85 Nm Drehmoment, die Dir in jeder erdenklichen Situation gen\u00fcgend Power bieten. Bis zu 340% Unterst\u00fctzung zu der von Dir eingebrachten Energie lassen Dich den Trail hochfliegen, das Limit setzt Du selbst! Die Tour kann ruhig auch l\u00e4nger dauern, denn der gro\u00dfe 625Wh Powertube-Akku liefert Strom auch f\u00fcr die gro\u00dfe Runde. Und die wirst Du des \u00f6fteren fahren, denn daf\u00fcr haben wir Dir alles mit ans Bike gepackt, was den Spa\u00df maximiert. Thema Komfort: der beginnt bei der superkomfortablen und fahrstabilen FOX 34 Rhyhthm Sweep Adjust Federgabel mit ihren 120mm Federweg, die Dir den Weg ebnet und auch technische, wurzelige Trails zum reinen Vergn\u00fcgen macht. Der bequeme Natural Fit Venec Sattel und die handschmeichelnden Performance Griffe aus dem gleichen Hause lassen die Kontaktpunkte zwischen K\u00f6rper und Bike zur Wellnessoase werden.<\/p>\n<p>Thema Antrieb: eine Shimano XT Schaltung mit seidenweichen \u00dcberg\u00e4ngen und enormer Bandbreite durch die gro\u00dfe 10-51 Z\u00e4hne umfassende Kassette l\u00e4sst Dich jeden noch so steilen Anstieg bezwingen, hat aber auch f\u00fcr Zwischensprints im Flachen oder auch den Downhill gen\u00fcgend Reserven. Thema Safety: mit der Shimano XT Bremse und ihren vier Kolben vorne und hinten hast Du massig Power, die sich aber fein dosiert einsetzen l\u00e4sst. Dazu hast Du im technischen, steilen Gel\u00e4nde die RADON Dropper Post an Bord, die Du l\u00e4ssig vom Lenker aus absenken kannst, um den Schwerpunkt nach hinten zu verlagern. Erg\u00e4nzt wird das optimale Gesamtpaket durch den steifen und haltbaren SUNringl\u00e9 D\u00fcroc SD37 Expert Systemlaufradsatz und den griffigen Kultreifen Nobby Nic von Schwalbe in der Super Ground Ausf\u00fchrung, der dich gut rollen l\u00e4sst und Grip schenkt. Warte nicht zu lange beim JEALOUS HYBRID 10.0 625!<\/p>\n<hr \/>\n<h3>Die Jealous Hybrid Familie<\/h3>\n<p>Unser JEALOUS HYBRID geht frisch aktualisiert in seine zweite Saison. Nichts ge\u00e4ndert hat sich an den hard facts, die auch letztes Jahr schon galten: der in modernster Hydroforming-Technik entstandene Aluminiumrahmen nimmt formsch\u00f6n den 625Wh gro\u00dfen Powertube-Akku in seinem Unterrohr auf. Dieser h\u00e4lt die Energie bereit f\u00fcr den st\u00e4rksten Bosch Motor aller Zeiten, den Performance CX mit seinen 85 Nm Drehmoment und maximalen 340% Unterst\u00fctzung. Die sportliche Geometrie macht das JEALOUS HYBRID zu einem echten Trailbike, aber auch gem\u00fctliche Touren beherrscht es easy. Unterst\u00fctzt wird das feine Chassis von hochwertigsten Komponenten von der Federgabel bis hin zu den Reifen und das \u00fcber alle Modelle.<\/p>\n<hr \/>\n<p>&nbsp;<\/p>\n<p><iframe src=\"https:\/\/www.youtube-nocookie.com\/embed\/oBPFhqhzsGM\" width=\"640\" height=\"360\" frameborder=\"0\" allowfullscreen=\"allowfullscreen\" data-mce-fragment=\"1\"><\/iframe><\/p>\n<h2>Ausstattung<\/h2>\n<div class=\"product--properties panel has--border\">\n<table class=\"product--properties-table\">\n<tbody>\n<tr class=\"product--properties-row row1\">\n<td class=\"product--properties-label is--bold\">Rahmen:<\/td>\n<td class=\"product--properties-value\">JEALOUS AL HYBRID, Maximale Reifenbreite: 2.6&#8243;, Powertube Akku 625 Wh horizontal<\/td>\n<\/tr>\n<tr class=\"product--properties-row row2\">\n<td class=\"product--properties-label is--bold\">Rahmenmaterial:<\/td>\n<td class=\"product--properties-value\">Aluminium<\/td>\n<\/tr>\n<tr class=\"product--properties-row row3\">\n<td class=\"product--properties-label is--bold\">Laufradgr\u00f6\u00dfe:<\/td>\n<td class=\"product--properties-value\">29&#8243;<\/td>\n<\/tr>\n<tr class=\"product--properties-row row4\">\n<td class=\"product--properties-label is--bold\">Farbe:<\/td>\n<td class=\"product--properties-value\">coolgray \/ coolgray<\/td>\n<\/tr>\n<tr class=\"product--properties-row row5\">\n<td class=\"product--properties-label is--bold\">Gabel:<\/td>\n<td class=\"product--properties-value\">Fox 34 Rhythm, FIT GRIP, Sweep-Adjust, Boost<\/td>\n<\/tr>\n<tr class=\"product--properties-row row6\">\n<td class=\"product--properties-label is--bold\">Federweg:<\/td>\n<td class=\"product--properties-value\">120mm<\/td>\n<\/tr>\n<tr class=\"product--properties-row row7\">\n<td class=\"product--properties-label is--bold\">Bremsen:<\/td>\n<td class=\"product--properties-value\">Shimano XT BR-M8120<\/td>\n<\/tr>\n<tr class=\"product--properties-row row8\">\n<td class=\"product--properties-label is--bold\">Bremsscheiben:<\/td>\n<td class=\"product--properties-value\">Shimano SM-RT66, 203\/180, 6-bolt<\/td>\n<\/tr>\n<tr class=\"product--properties-row row9\">\n<td class=\"product--properties-label is--bold\">Steuersatz:<\/td>\n<td class=\"product--properties-value\">Acros Block-Lock, ZS56\/ZS56<\/td>\n<\/tr>\n<tr class=\"product--properties-row row10\">\n<td class=\"product--properties-label is--bold\">Vorbau:<\/td>\n<td class=\"product--properties-value\">LEVELNINE Race, \u00d831.8mm (16&#8243;: 60mm, 18&#8243;: 75mm, 20&#8243;: 75mm, 22&#8243;: 90mm)<\/td>\n<\/tr>\n<tr class=\"product--properties-row row11\">\n<td class=\"product--properties-label is--bold\">Lenker:<\/td>\n<td class=\"product--properties-value\">LEVELNINE Race, 31.8 x 740mm<\/td>\n<\/tr>\n<tr class=\"product--properties-row row12\">\n<td class=\"product--properties-label is--bold\">Griffe:<\/td>\n<td class=\"product--properties-value\">ACID React Pro<\/td>\n<\/tr>\n<tr class=\"product--properties-row row13\">\n<td class=\"product--properties-label is--bold\">Sattel:<\/td>\n<td class=\"product--properties-value\">Natural Fit Venec<\/td>\n<\/tr>\n<tr class=\"product--properties-row row14\">\n<td class=\"product--properties-label is--bold\">Sattelst\u00fctze:<\/td>\n<td class=\"product--properties-value\">Radon Dropper, \u00d830.9mm (16&#8243;: 130mm Hub, 18&#8243;: 130mm Hub, 20&#8243;: 130mm Hub, 22&#8243;: 130mm Hub)<\/td>\n<\/tr>\n<tr class=\"product--properties-row row15\">\n<td class=\"product--properties-label is--bold\">Kurbel:<\/td>\n<td class=\"product--properties-value\">Race Face \u00c6ffect E-Bike, 175mm, e*thirteen chainring, 38T<\/td>\n<\/tr>\n<\/tbody>\n<\/table>\n<table class=\"product--properties-table\">\n<tbody>\n<tr class=\"product--properties-row row16\">\n<td class=\"product--properties-label is--bold\">Schaltwerk:<\/td>\n<td class=\"product--properties-value\">Shimano XT RD-M8100-SGS, 12-speed<\/td>\n<\/tr>\n<tr class=\"product--properties-row row17\">\n<td class=\"product--properties-label is--bold\">Schalthebel:<\/td>\n<td class=\"product--properties-value\">Shimano DEORE SL-M6100-IR, I-Spec EV<\/td>\n<\/tr>\n<tr class=\"product--properties-row row18\">\n<td class=\"product--properties-label is--bold\">Kettenf\u00fchrung:<\/td>\n<td class=\"product--properties-value\">E*thirteen E*Spec Plus<\/td>\n<\/tr>\n<tr class=\"product--properties-row row19\">\n<td class=\"product--properties-label is--bold\">Kassette:<\/td>\n<td class=\"product--properties-value\">Shimano Deore CS-M6100, 10-51<\/td>\n<\/tr>\n<tr class=\"product--properties-row row20\">\n<td class=\"product--properties-label is--bold\">Kette:<\/td>\n<td class=\"product--properties-value\">Shimano Deore CN-M6100<\/td>\n<\/tr>\n<tr class=\"product--properties-row row21\">\n<td class=\"product--properties-label is--bold\">Reifen:<\/td>\n<td class=\"product--properties-value\">Schwalbe Nobby Nic, Addix-Speedgrip, Super Ground, TLE, 29&#8243; x 2.6&#8243;<\/td>\n<\/tr>\n<tr class=\"product--properties-row row22\">\n<td class=\"product--properties-label is--bold\">Laufradsatz:<\/td>\n<td class=\"product--properties-value\">SUNringl\u00e9 D\u00fcroc SD37 Expert, 32mm, 110\/148mm<\/td>\n<\/tr>\n<tr class=\"product--properties-row row23\">\n<td class=\"product--properties-label is--bold\">Display:<\/td>\n<td class=\"product--properties-value\">Bosch Kiox<\/td>\n<\/tr>\n<tr class=\"product--properties-row row24\">\n<td class=\"product--properties-label is--bold\">Akku:<\/td>\n<td class=\"product--properties-value\">Bosch PowerTube 625Wh<\/td>\n<\/tr>\n<tr class=\"product--properties-row row25\">\n<td class=\"product--properties-label is--bold\">Ladeger\u00e4t:<\/td>\n<td class=\"product--properties-value\">Bosch Compact Charger 2A<\/td>\n<\/tr>\n<tr class=\"product--properties-row row26\">\n<td class=\"product--properties-label is--bold\">Motor:<\/td>\n<td class=\"product--properties-value\">Bosch Performance Line CX<\/td>\n<\/tr>\n<tr class=\"product--properties-row row27\">\n<td class=\"product--properties-label is--bold\">Pedale:<\/td>\n<td class=\"product--properties-value\">nicht im Lieferumfang enthalten<\/td>\n<\/tr>\n<tr class=\"product--properties-row row28\">\n<td class=\"product--properties-label is--bold\">Zul\u00e4ssiges Gesamtgewicht:<\/td>\n<td class=\"product--properties-value\">135 kg (K\u00f6rpergewicht + Fahrrad + Ausr\u00fcstung)<\/td>\n<\/tr>\n<tr class=\"product--properties-row row29\">\n<td class=\"product--properties-label is--bold\">Gewicht Komplettrad:<\/td>\n<td class=\"product--properties-value\">ab 22,85 kg<\/td>\n<\/tr>\n<\/tbody>\n<\/table>\n<\/div>\n<\/div>\n<\/div>\n<\/div>","protected":false},"excerpt":{"rendered":"<p>Radon\u00a0Jealous Hybrid 10.0 625 Das JEALOUS HYBRID 10.0 625 als Flaggschiff der RADON E-Hardtail-Flotte gibt es f\u00fcr das Modelljahr 2022<\/p>","protected":false},"featured_media":63352,"comment_status":"open","ping_status":"closed","template":"","meta":[],"product_brand":[],"product_cat":[33,35,475],"product_tag":[],"class_list":{"0":"post-44561","1":"product","2":"type-product","3":"status-publish","4":"has-post-thumbnail","6":"product_cat-e-bike","7":"product_cat-e-bikes-2022","8":"product_cat-e-mountainbike","9":"pa_marke-radon","11":"first","12":"instock","13":"sale","14":"taxable","15":"shipping-taxable","16":"purchasable","17":"product-type-variable"},"yoast_head":"<!-- This site is optimized with the Yoast SEO Premium plugin v20.12 (Yoast SEO v27.1.1) - https:\/\/yoast.com\/product\/yoast-seo-premium-wordpress\/ -->\n<title>Radon Jealous Hybrid 10.0 625<\/title>\n<meta name=\"description\" content=\"kgerad.de bietet Ihnen das Radon Jealous Hybrid 10.0 625 zum besten Preis mit kostenlosem Versand in ganz EuropaJEALOUS HYBRID 10.0 625\" \/>\n<meta name=\"robots\" content=\"index, follow, max-snippet:-1, max-image-preview:large, max-video-preview:-1\" \/>\n<link rel=\"canonical\" href=\"https:\/\/kgerad.de\/en\/product\/radon-jealous-hybrid-10-0-625\/\" \/>\n<meta property=\"og:locale\" content=\"en_US\" \/>\n<meta property=\"og:type\" content=\"article\" \/>\n<meta property=\"og:title\" content=\"Radon Jealous Hybrid 10.0 625\" \/>\n<meta property=\"og:description\" content=\"Entdecken Sie unseren Online-Fahrradladen: Gro\u00dfe Auswahl an Modellen f\u00fcr alle Radsportbegeisterten. Von Rennr\u00e4dern bis zu Mountainbikes - finden Sie heute Ihren perfekten Wegbegleiter!\" \/>\n<meta property=\"og:url\" content=\"https:\/\/kgerad.de\/en\/product\/radon-jealous-hybrid-10-0-625\/\" \/>\n<meta property=\"og:site_name\" content=\"kgerad.de\" \/>\n<meta property=\"article:modified_time\" content=\"2023-08-11T05:54:46+00:00\" \/>\n<meta property=\"og:image\" content=\"https:\/\/kgerad.de\/wp-content\/uploads\/2023\/06\/h-s_website_vorlage_STAGE_2022_JEALOUS__HYBRID_CX625_10-0.jpg\" \/>\n\t<meta property=\"og:image:width\" content=\"1000\" \/>\n\t<meta property=\"og:image:height\" content=\"556\" \/>\n\t<meta property=\"og:image:type\" content=\"image\/jpeg\" \/>\n<meta name=\"twitter:card\" content=\"summary_large_image\" \/>\n<meta name=\"twitter:label1\" content=\"Est. reading time\" \/>\n\t<meta name=\"twitter:data1\" content=\"4 minutes\" \/>\n<script type=\"application\/ld+json\" class=\"yoast-schema-graph\">{\"@context\":\"https:\/\/schema.org\",\"@graph\":[{\"@type\":\"WebPage\",\"@id\":\"https:\/\/kgerad.de\/produkt\/radon-jealous-hybrid-10-0-625\/\",\"url\":\"https:\/\/kgerad.de\/produkt\/radon-jealous-hybrid-10-0-625\/\",\"name\":\"Radon Jealous Hybrid 10.0 625\",\"isPartOf\":{\"@id\":\"https:\/\/kgerad.de\/#website\"},\"primaryImageOfPage\":{\"@id\":\"https:\/\/kgerad.de\/produkt\/radon-jealous-hybrid-10-0-625\/#primaryimage\"},\"image\":{\"@id\":\"https:\/\/kgerad.de\/produkt\/radon-jealous-hybrid-10-0-625\/#primaryimage\"},\"thumbnailUrl\":\"https:\/\/kgerad.de\/wp-content\/uploads\/2023\/06\/h-s_website_vorlage_STAGE_2022_JEALOUS__HYBRID_CX625_10-0.jpg\",\"datePublished\":\"2022-11-25T18:46:28+00:00\",\"dateModified\":\"2023-08-11T05:54:46+00:00\",\"description\":\"kgerad.de bietet Ihnen das Radon Jealous Hybrid 10.0 625 zum besten Preis mit kostenlosem Versand in ganz EuropaJEALOUS HYBRID 10.0 625\",\"breadcrumb\":{\"@id\":\"https:\/\/kgerad.de\/produkt\/radon-jealous-hybrid-10-0-625\/#breadcrumb\"},\"inLanguage\":\"en-US\",\"potentialAction\":[{\"@type\":\"ReadAction\",\"target\":[\"https:\/\/kgerad.de\/produkt\/radon-jealous-hybrid-10-0-625\/\"]}]},{\"@type\":\"ImageObject\",\"inLanguage\":\"en-US\",\"@id\":\"https:\/\/kgerad.de\/produkt\/radon-jealous-hybrid-10-0-625\/#primaryimage\",\"url\":\"https:\/\/kgerad.de\/wp-content\/uploads\/2023\/06\/h-s_website_vorlage_STAGE_2022_JEALOUS__HYBRID_CX625_10-0.jpg\",\"contentUrl\":\"https:\/\/kgerad.de\/wp-content\/uploads\/2023\/06\/h-s_website_vorlage_STAGE_2022_JEALOUS__HYBRID_CX625_10-0.jpg\",\"width\":1000,\"height\":556,\"caption\":\"Radon Jealous Hybrid 10.0 625\"},{\"@type\":\"BreadcrumbList\",\"@id\":\"https:\/\/kgerad.de\/produkt\/radon-jealous-hybrid-10-0-625\/#breadcrumb\",\"itemListElement\":[{\"@type\":\"ListItem\",\"position\":1,\"name\":\"Startseite\",\"item\":\"https:\/\/kgerad.de\/\"},{\"@type\":\"ListItem\",\"position\":2,\"name\":\"LADEN\",\"item\":\"https:\/\/kgerad.de\/laden\/\"},{\"@type\":\"ListItem\",\"position\":3,\"name\":\"Radon Jealous Hybrid 10.0 625\"}]},{\"@type\":\"WebSite\",\"@id\":\"https:\/\/kgerad.de\/#website\",\"url\":\"https:\/\/kgerad.de\/\",\"name\":\"kgerad.de\",\"description\":\"Treten Sie mit uns ins Abenteuer!\",\"publisher\":{\"@id\":\"https:\/\/kgerad.de\/#organization\"},\"alternateName\":\"MEIN RADLADEN\",\"potentialAction\":[{\"@type\":\"SearchAction\",\"target\":{\"@type\":\"EntryPoint\",\"urlTemplate\":\"https:\/\/kgerad.de\/?s={search_term_string}\"},\"query-input\":{\"@type\":\"PropertyValueSpecification\",\"valueRequired\":true,\"valueName\":\"search_term_string\"}}],\"inLanguage\":\"en-US\"},{\"@type\":\"Organization\",\"@id\":\"https:\/\/kgerad.de\/#organization\",\"name\":\"MEINRADLADEN\",\"alternateName\":\"MEIN RADLADEN\",\"url\":\"https:\/\/kgerad.de\/\",\"logo\":{\"@type\":\"ImageObject\",\"inLanguage\":\"en-US\",\"@id\":\"https:\/\/kgerad.de\/#\/schema\/logo\/image\/\",\"url\":\"https:\/\/kgerad.de\/wp-content\/uploads\/2025\/07\/logo-Whit.svg\",\"contentUrl\":\"https:\/\/kgerad.de\/wp-content\/uploads\/2025\/07\/logo-Whit.svg\",\"width\":1640,\"height\":371,\"caption\":\"MEINRADLADEN\"},\"image\":{\"@id\":\"https:\/\/kgerad.de\/#\/schema\/logo\/image\/\"}}]}<\/script>\n<!-- \/ Yoast SEO Premium plugin. -->","yoast_head_json":{"title":"Radon Jealous Hybrid 10.0 625","description":"kgerad.de bietet Ihnen das Radon Jealous Hybrid 10.0 625 zum besten Preis mit kostenlosem Versand in ganz EuropaJEALOUS HYBRID 10.0 625","robots":{"index":"index","follow":"follow","max-snippet":"max-snippet:-1","max-image-preview":"max-image-preview:large","max-video-preview":"max-video-preview:-1"},"canonical":"https:\/\/kgerad.de\/en\/product\/radon-jealous-hybrid-10-0-625\/","og_locale":"en_US","og_type":"article","og_title":"Radon Jealous Hybrid 10.0 625","og_description":"Entdecken Sie unseren Online-Fahrradladen: Gro\u00dfe Auswahl an Modellen f\u00fcr alle Radsportbegeisterten. Von Rennr\u00e4dern bis zu Mountainbikes - finden Sie heute Ihren perfekten Wegbegleiter!","og_url":"https:\/\/kgerad.de\/en\/product\/radon-jealous-hybrid-10-0-625\/","og_site_name":"kgerad.de","article_modified_time":"2023-08-11T05:54:46+00:00","og_image":[{"width":1000,"height":556,"url":"https:\/\/kgerad.de\/wp-content\/uploads\/2023\/06\/h-s_website_vorlage_STAGE_2022_JEALOUS__HYBRID_CX625_10-0.jpg","type":"image\/jpeg"}],"twitter_card":"summary_large_image","twitter_misc":{"Est. reading time":"4 minutes"},"schema":{"@context":"https:\/\/schema.org","@graph":[{"@type":"WebPage","@id":"https:\/\/kgerad.de\/produkt\/radon-jealous-hybrid-10-0-625\/","url":"https:\/\/kgerad.de\/produkt\/radon-jealous-hybrid-10-0-625\/","name":"Radon Jealous Hybrid 10.0 625","isPartOf":{"@id":"https:\/\/kgerad.de\/#website"},"primaryImageOfPage":{"@id":"https:\/\/kgerad.de\/produkt\/radon-jealous-hybrid-10-0-625\/#primaryimage"},"image":{"@id":"https:\/\/kgerad.de\/produkt\/radon-jealous-hybrid-10-0-625\/#primaryimage"},"thumbnailUrl":"https:\/\/kgerad.de\/wp-content\/uploads\/2023\/06\/h-s_website_vorlage_STAGE_2022_JEALOUS__HYBRID_CX625_10-0.jpg","datePublished":"2022-11-25T18:46:28+00:00","dateModified":"2023-08-11T05:54:46+00:00","description":"kgerad.de bietet Ihnen das Radon Jealous Hybrid 10.0 625 zum besten Preis mit kostenlosem Versand in ganz EuropaJEALOUS HYBRID 10.0 625","breadcrumb":{"@id":"https:\/\/kgerad.de\/produkt\/radon-jealous-hybrid-10-0-625\/#breadcrumb"},"inLanguage":"en-US","potentialAction":[{"@type":"ReadAction","target":["https:\/\/kgerad.de\/produkt\/radon-jealous-hybrid-10-0-625\/"]}]},{"@type":"ImageObject","inLanguage":"en-US","@id":"https:\/\/kgerad.de\/produkt\/radon-jealous-hybrid-10-0-625\/#primaryimage","url":"https:\/\/kgerad.de\/wp-content\/uploads\/2023\/06\/h-s_website_vorlage_STAGE_2022_JEALOUS__HYBRID_CX625_10-0.jpg","contentUrl":"https:\/\/kgerad.de\/wp-content\/uploads\/2023\/06\/h-s_website_vorlage_STAGE_2022_JEALOUS__HYBRID_CX625_10-0.jpg","width":1000,"height":556,"caption":"Radon Jealous Hybrid 10.0 625"},{"@type":"BreadcrumbList","@id":"https:\/\/kgerad.de\/produkt\/radon-jealous-hybrid-10-0-625\/#breadcrumb","itemListElement":[{"@type":"ListItem","position":1,"name":"Startseite","item":"https:\/\/kgerad.de\/"},{"@type":"ListItem","position":2,"name":"LADEN","item":"https:\/\/kgerad.de\/laden\/"},{"@type":"ListItem","position":3,"name":"Radon Jealous Hybrid 10.0 625"}]},{"@type":"WebSite","@id":"https:\/\/kgerad.de\/#website","url":"https:\/\/kgerad.de\/","name":"kgerad.de","description":"Treten Sie mit uns ins Abenteuer!","publisher":{"@id":"https:\/\/kgerad.de\/#organization"},"alternateName":"MEIN RADLADEN","potentialAction":[{"@type":"SearchAction","target":{"@type":"EntryPoint","urlTemplate":"https:\/\/kgerad.de\/?s={search_term_string}"},"query-input":{"@type":"PropertyValueSpecification","valueRequired":true,"valueName":"search_term_string"}}],"inLanguage":"en-US"},{"@type":"Organization","@id":"https:\/\/kgerad.de\/#organization","name":"MEINRADLADEN","alternateName":"MEIN RADLADEN","url":"https:\/\/kgerad.de\/","logo":{"@type":"ImageObject","inLanguage":"en-US","@id":"https:\/\/kgerad.de\/#\/schema\/logo\/image\/","url":"https:\/\/kgerad.de\/wp-content\/uploads\/2025\/07\/logo-Whit.svg","contentUrl":"https:\/\/kgerad.de\/wp-content\/uploads\/2025\/07\/logo-Whit.svg","width":1640,"height":371,"caption":"MEINRADLADEN"},"image":{"@id":"https:\/\/kgerad.de\/#\/schema\/logo\/image\/"}}]}},"_links":{"self":[{"href":"https:\/\/kgerad.de\/en\/wp-json\/wp\/v2\/product\/44561","targetHints":{"allow":["GET"]}}],"collection":[{"href":"https:\/\/kgerad.de\/en\/wp-json\/wp\/v2\/product"}],"about":[{"href":"https:\/\/kgerad.de\/en\/wp-json\/wp\/v2\/types\/product"}],"replies":[{"embeddable":true,"href":"https:\/\/kgerad.de\/en\/wp-json\/wp\/v2\/comments?post=44561"}],"version-history":[{"count":1,"href":"https:\/\/kgerad.de\/en\/wp-json\/wp\/v2\/product\/44561\/revisions"}],"predecessor-version":[{"id":79073,"href":"https:\/\/kgerad.de\/en\/wp-json\/wp\/v2\/product\/44561\/revisions\/79073"}],"wp:featuredmedia":[{"embeddable":true,"href":"https:\/\/kgerad.de\/en\/wp-json\/wp\/v2\/media\/63352"}],"wp:attachment":[{"href":"https:\/\/kgerad.de\/en\/wp-json\/wp\/v2\/media?parent=44561"}],"wp:term":[{"taxonomy":"product_brand","embeddable":true,"href":"https:\/\/kgerad.de\/en\/wp-json\/wp\/v2\/product_brand?post=44561"},{"taxonomy":"product_cat","embeddable":true,"href":"https:\/\/kgerad.de\/en\/wp-json\/wp\/v2\/product_cat?post=44561"},{"taxonomy":"product_tag","embeddable":true,"href":"https:\/\/kgerad.de\/en\/wp-json\/wp\/v2\/product_tag?post=44561"}],"curies":[{"name":"wp","href":"https:\/\/api.w.org\/{rel}","templated":true}]}}