{"id":44456,"date":"2022-11-25T19:31:00","date_gmt":"2022-11-25T18:31:00","guid":{"rendered":"https:\/\/kgerad.de\/?post_type=product&#038;p=44456"},"modified":"2023-08-11T07:55:33","modified_gmt":"2023-08-11T05:55:33","slug":"rockshox-pike-ultimate-charger-3-rc2-275-debonair","status":"publish","type":"product","link":"https:\/\/kgerad.de\/en\/product\/rockshox-pike-ultimate-charger-3-rc2-275-debonair\/","title":{"rendered":"RockShox Pike Ultimate Charger 3 RC2 27,5&#8243; DebonAir+"},"content":{"rendered":"<h2 class=\"product--title\"><strong>RockShox<\/strong>\u00a0Pike Ultimate Charger 3 RC2 27,5&#8243; DebonAir+ Tapered Boost<\/h2>\n<p>Die neue RockShox Pike Ultimate Select ist mit einem brandneuen 35-mm-Chassis in Verbindung mit dem Charger\u2122 RC-D\u00e4mpfer ausgestattet, das sich durch seine Verspieltheit und seinen Singletrack-Charakter auszeichnet. Gepaart mit der neuen DebonAir+\u2122 Luftfeder und der neuen Premium Fender-Kompatibilit\u00e4t. Es ist an der Zeit, sich in Pike zu verlieben &#8211; und zwar von <a href=\"http:\/\/1-1\">Neuem<\/a>.<\/p>\n<hr \/>\n<h3>Features &#8211; RockShox Pike Ultimate Charger 3 RC2 27,5&#8243; Debon Air+ Tapered Boost<\/h3>\n<ul>\n<li>35-mm-Fahrwerk, das auf dem Trail zu Hause ist &#8211; zufriedenstellend steif, spielerisch und leicht, wirklich leicht<\/li>\n<li>ButterCups blockieren 20 % des hochfrequenten &#8222;Trail-Ratterns&#8220;. Die Begrenzung dieser Vibrationen reduziert massiv die Erm\u00fcdung von Hand und Arm und sorgt f\u00fcr ein frisches Gef\u00fchl und mehr Kontrolle<\/li>\n<li>Der Charger 3\u2122 verf\u00fcgt \u00fcber ein v\u00f6llig neues Internal Floating Piston (IFP)-Design mit besserer Klangtreue, Leistung und wirklich unabh\u00e4ngigen Einstellungen ohne &#8222;\u00dcbersprechen&#8220;. Mit High Speed Compression, Low Speed Compression und einem \u00fcberarbeiteten Low Speed Rebound ist jeder Klick sinnvoll und exakt. Dieses ger\u00e4uschlose Design erm\u00f6glicht es dem Fahrer, mit jedem Klick perfekt zu tunen<\/li>\n<li>DebonAir+ wurde entwickelt, um die perfekte Balance zwischen dem zu finden, was Fahrer wirklich wollen: butterweiches Gef\u00fchl bei kleinen Unebenheiten, erh\u00f6htes Luftvolumen f\u00fcr zus\u00e4tzliche Unterst\u00fctzung w\u00e4hrend des gesamten Federwegs und eine h\u00f6here Gesamth\u00f6he f\u00fcr mehr Vertrauen, wenn es steil wird<\/li>\n<li>Das ultimative Buchsenpaket maximiert die \u00dcberlappung der Gabelbuchsen, reduziert die Reibung und sorgt f\u00fcr ein m\u00f6glichst sanftes Fahrverhalten<\/li>\n<li>Druckentlastungsventile verhindern einen unerw\u00fcnschten Luftdruckanstieg im Unterschenkel, der durch H\u00f6hen- oder Temperaturschwankungen verursacht wird. Mit nur ein oder zwei Knopfdr\u00fccken stellen die Druckentlastungsventile das erstklassige Gabelgef\u00fchl wieder her<\/li>\n<li>Maxima Plush Dynamic Suspension Lube reduziert die Reibung und verbessert die Gabelleistung bei jeder Fahrt<\/li>\n<li>Einschraubbare Drehmomentkappenadapter f\u00fcr die Verwendung von Standard-Nabenendkappen sind jetzt im Lieferumfang enthalten<\/li>\n<li>Leichte, maschinell bearbeitete und eloxierte Krone f\u00fcr erstklassige Optik und Haltbarkeit<\/li>\n<li>Signature Series Grafikpaket<\/li>\n<li>Kompatibilit\u00e4t mit RockShox Premium-Schutzblechen<\/li>\n<li>SKF Abstreifdichtungen mit extrem geringer Reibung sorgen f\u00fcr eine lang anhaltende Gabelperformance und verbessern das gesamte Federungsgef\u00fchl<\/li>\n<li>Maxima Plush D\u00e4mpfungsfl\u00fcssigkeit reduziert Reibung und d\u00e4mpft D\u00e4mpferger\u00e4usche<\/li>\n<\/ul>\n<h3>Produkteigenschaften<\/h3>\n<ul>\n<li><strong>Einsatzbereich:<\/strong>\u00a0MTB<\/li>\n<li><strong>Laufradgr\u00f6\u00dfe:<\/strong>\u00a027,5&#8243;<\/li>\n<li><strong>Federung:<\/strong>\u00a0Debon Air+<\/li>\n<li><strong>D\u00e4mpfung:\u00a0<\/strong>Charger 3 RC2 W\/ButterCups<\/li>\n<li><strong>Einstellbarkeit:\u00a0<\/strong>Externe Zugstufenverstellung, Low\/High Speed Druckstufenverstellung<\/li>\n<li><strong>Gabelschaft:\u00a0<\/strong>Tapered 1.5&#8243; auf 1 1\/8&#8243; (konisch)<\/li>\n<li><strong>Gabelschaftl\u00e4nge:<\/strong>\u00a0262mm<\/li>\n<li><strong>Standrohre:<\/strong>\u00a035mm<\/li>\n<li><strong>Scheibenbremsaufnahme<\/strong><strong>:<\/strong>\u00a0Post Mount\u00a0(PM7 &#8211; Direct Mount 180mm)<\/li>\n<li><strong>H\u00f6chste empfohlene Bremsscheibengr\u00f6\u00dfe:<\/strong>\u00a0220mm<\/li>\n<li><strong>Ausfallenden:\u00a0<\/strong>15x110mm Boost Maxle Stealth Steckachse<\/li>\n<li><strong>Max. Reifendurchmesser:\u00a0<\/strong>732mm<\/li>\n<li><strong>Max. Reifenbreite:\u00a0<\/strong>81mm<\/li>\n<li><strong>Einbauh\u00f6he:\u00a0<\/strong>512mm (120mm), 522mm (130mm), 532mm (140mm)<\/li>\n<li><strong>Gabelkrone\/-kopf:\u00a0<\/strong>58mm<\/li>\n<li><strong>Schutzblech Kompatibilit\u00e4t:<\/strong>\u00a0Bolt On &#8211; Short<\/li>\n<li><strong>E-Bike zugelassen:<\/strong>\u00a0Ja<\/li>\n<\/ul>\n<h3>Federweg \/ Offset (Variante w\u00e4hlen)<\/h3>\n<ul>\n<li>120mm \/ 37 Offset<\/li>\n<li>120mm \/ 44 Offset<\/li>\n<li>130mm \/ 37 Offset<\/li>\n<li>130mm \/ 44 Offset<\/li>\n<li>140mm \/ 37 Offset<\/li>\n<li>140mm \/ 44 Offset<\/li>\n<\/ul>\n<h3>Material<\/h3>\n<ul>\n<li><strong>Gabelschaft:\u00a0<\/strong>Aluminium<\/li>\n<li><strong>Gabelkrone:<\/strong>\u00a0Geschmiedetes 7050 Aluminium<\/li>\n<li><strong>Standrohre:<\/strong>\u00a0Tapered Wall Aluminium, Fast Black<\/li>\n<li><strong>Tauchrohre:\u00a0<\/strong>Magnesium<\/li>\n<\/ul>\n<h3>Farbe<\/h3>\n<ul>\n<li>Gloss Silver<\/li>\n<\/ul>\n<hr \/>\n<h3>Lieferumfang<\/h3>\n<ul>\n<li>Rock Shox Pike Ultimate Charger 3 RC2 27,5&#8243; Debon Air+ Tapered Boost<\/li>\n<li>Rock Shox 15x110mm Boost Maxle Stealth Steckachse<\/li>\n<li>Einschlagkralle<\/li>\n<li>Fender<\/li>\n<li>2 Bottomless Tokens<\/li>\n<\/ul>\n<hr \/>\n<h3>Technologien<\/h3>\n<div><strong>Rapid Recovery\u2122<\/strong><br \/>\nWer w\u00fcnscht sich nicht einen gr\u00f6\u00dferen Federweg f\u00fcr aufeinanderfolgende Schl\u00e4ge? Dank des Rapid Recovery-Systems kehrt der D\u00e4mpfer nach aufeinanderfolgenden Schl\u00e4gen schneller in seine Ausgangsposition zur\u00fcck, was dem Rad eine pr\u00e4zisere Bodenhaftung erm\u00f6glicht. Dieses aktivere D\u00e4mpfungssystem versagt nicht und sorgt f\u00fcr eine Fahrt mit h\u00f6herer und weicherer Federh\u00e4rte. Mit Rapid Recovery profitiert der Fahrer von einem gr\u00f6\u00dferen Federweg f\u00fcr eine sanftere und kontrolliertere Fahrt bei jedem Schlag.<\/div>\n<div>\n<div><strong><br \/>\nBOOST\u2122<\/strong><br \/>\nBOOST\u2122 ist eine neue Laufrad- und Antriebsspezifikation, welche eine verbesserte Rahmengeometrie mit ku\u0308rzeren Kettenstreben, breitere und h\u00e4rtere Federung, eine gr\u00f6\u00dfere Anzahl an Kettenblattoptionen, mehr Spielraum fu\u0308r breitere Reifen und eine erh\u00f6hte Steifigkeit und Robustheit des Laufrads bietet.<strong>D\u00e4mpfungsmarkierungen\u2122<\/strong><br \/>\nWer seine D\u00e4mpfung nicht richtig einstellt, der kann genauso gut auf einem fremden Rad unterwegs sein. Aber warum Plastikclips oder Lineale verschwenden, um die Federung immer wieder anzupassen? Unsere D\u00e4mpfungsmarkierungen sind f\u00fcr eine einfache und exakte Einrichtung der perfekten Federung direkt auf die Standrohre der Federgabel und das D\u00e4mpfergeh\u00e4use aufgedruckt. Du kannst deiner Mutter also Plastikclip und Lineal wieder zur\u00fcckgeben.<\/div>\n<\/div>\n<h2 class=\"product--rating-container\"><\/h2>","protected":false},"excerpt":{"rendered":"<p>RockShox\u00a0Pike Ultimate Charger 3 RC2 27,5&#8243; DebonAir+ Tapered Boost Die neue RockShox Pike Ultimate Select ist mit einem brandneuen 35-mm-Chassis<\/p>","protected":false},"featured_media":63311,"comment_status":"open","ping_status":"closed","template":"","meta":[],"product_brand":[],"product_cat":[460,423],"product_tag":[],"class_list":{"0":"post-44456","1":"product","2":"type-product","3":"status-publish","4":"has-post-thumbnail","6":"product_cat-rennrad-teile","7":"product_cat-teile","8":"pa_marke-rockshox","10":"first","11":"instock","12":"sale","13":"taxable","14":"shipping-taxable","15":"purchasable","16":"product-type-variable"},"yoast_head":"<!-- This site is optimized with the Yoast SEO Premium plugin v20.12 (Yoast SEO v27.1.1) - https:\/\/yoast.com\/product\/yoast-seo-premium-wordpress\/ -->\n<title>RockShox Pike Ultimate Charger 3 RC2 27,5&quot; DebonAir+<\/title>\n<meta name=\"description\" content=\"Entdecken Sie unseren Online-Fahrradladen: Gro\u00dfe Auswahl an Modellen f\u00fcr alle Radsportbegeisterten. Von Rennr\u00e4dern bis zu Mountainbikes - finden Sie heute Ihren perfekten Wegbegleiter!\" \/>\n<meta name=\"robots\" content=\"index, follow, max-snippet:-1, max-image-preview:large, max-video-preview:-1\" \/>\n<link rel=\"canonical\" href=\"https:\/\/kgerad.de\/en\/product\/rockshox-pike-ultimate-charger-3-rc2-275-debonair\/\" \/>\n<meta property=\"og:locale\" content=\"en_US\" \/>\n<meta property=\"og:type\" content=\"article\" \/>\n<meta property=\"og:title\" content=\"RockShox Pike Ultimate Charger 3 RC2 27,5&quot; DebonAir+\" \/>\n<meta property=\"og:description\" content=\"Entdecken Sie unseren Online-Fahrradladen: Gro\u00dfe Auswahl an Modellen f\u00fcr alle Radsportbegeisterten. Von Rennr\u00e4dern bis zu Mountainbikes - finden Sie heute Ihren perfekten Wegbegleiter!\" \/>\n<meta property=\"og:url\" content=\"https:\/\/kgerad.de\/en\/product\/rockshox-pike-ultimate-charger-3-rc2-275-debonair\/\" \/>\n<meta property=\"og:site_name\" content=\"kgerad.de\" \/>\n<meta property=\"article:modified_time\" content=\"2023-08-11T05:55:33+00:00\" \/>\n<meta property=\"og:image\" content=\"https:\/\/kgerad.de\/wp-content\/uploads\/2023\/06\/fox-racing-910-20-239-36-A-Float-Performance-Elite-160-Grip2-Tapered-Boost-1_800x800-00-2.jpg\" \/>\n\t<meta property=\"og:image:width\" content=\"229\" \/>\n\t<meta property=\"og:image:height\" content=\"800\" \/>\n\t<meta property=\"og:image:type\" content=\"image\/jpeg\" \/>\n<meta name=\"twitter:card\" content=\"summary_large_image\" \/>\n<meta name=\"twitter:label1\" content=\"Est. reading time\" \/>\n\t<meta name=\"twitter:data1\" content=\"4 minutes\" \/>\n<script type=\"application\/ld+json\" class=\"yoast-schema-graph\">{\"@context\":\"https:\/\/schema.org\",\"@graph\":[{\"@type\":\"WebPage\",\"@id\":\"https:\/\/kgerad.de\/produkt\/rockshox-pike-ultimate-charger-3-rc2-275-debonair\/\",\"url\":\"https:\/\/kgerad.de\/produkt\/rockshox-pike-ultimate-charger-3-rc2-275-debonair\/\",\"name\":\"RockShox Pike Ultimate Charger 3 RC2 27,5\\\" DebonAir+\",\"isPartOf\":{\"@id\":\"https:\/\/kgerad.de\/#website\"},\"primaryImageOfPage\":{\"@id\":\"https:\/\/kgerad.de\/produkt\/rockshox-pike-ultimate-charger-3-rc2-275-debonair\/#primaryimage\"},\"image\":{\"@id\":\"https:\/\/kgerad.de\/produkt\/rockshox-pike-ultimate-charger-3-rc2-275-debonair\/#primaryimage\"},\"thumbnailUrl\":\"https:\/\/kgerad.de\/wp-content\/uploads\/2023\/06\/fox-racing-910-20-239-36-A-Float-Performance-Elite-160-Grip2-Tapered-Boost-1_800x800-00-2.jpg\",\"datePublished\":\"2022-11-25T18:31:00+00:00\",\"dateModified\":\"2023-08-11T05:55:33+00:00\",\"description\":\"Entdecken Sie unseren Online-Fahrradladen: Gro\u00dfe Auswahl an Modellen f\u00fcr alle Radsportbegeisterten. Von Rennr\u00e4dern bis zu Mountainbikes - finden Sie heute Ihren perfekten Wegbegleiter!\",\"breadcrumb\":{\"@id\":\"https:\/\/kgerad.de\/produkt\/rockshox-pike-ultimate-charger-3-rc2-275-debonair\/#breadcrumb\"},\"inLanguage\":\"en-US\",\"potentialAction\":[{\"@type\":\"ReadAction\",\"target\":[\"https:\/\/kgerad.de\/produkt\/rockshox-pike-ultimate-charger-3-rc2-275-debonair\/\"]}]},{\"@type\":\"ImageObject\",\"inLanguage\":\"en-US\",\"@id\":\"https:\/\/kgerad.de\/produkt\/rockshox-pike-ultimate-charger-3-rc2-275-debonair\/#primaryimage\",\"url\":\"https:\/\/kgerad.de\/wp-content\/uploads\/2023\/06\/fox-racing-910-20-239-36-A-Float-Performance-Elite-160-Grip2-Tapered-Boost-1_800x800-00-2.jpg\",\"contentUrl\":\"https:\/\/kgerad.de\/wp-content\/uploads\/2023\/06\/fox-racing-910-20-239-36-A-Float-Performance-Elite-160-Grip2-Tapered-Boost-1_800x800-00-2.jpg\",\"width\":229,\"height\":800,\"caption\":\"RockShox Pike Ultimate Charger 3 RC2 27\"},{\"@type\":\"BreadcrumbList\",\"@id\":\"https:\/\/kgerad.de\/produkt\/rockshox-pike-ultimate-charger-3-rc2-275-debonair\/#breadcrumb\",\"itemListElement\":[{\"@type\":\"ListItem\",\"position\":1,\"name\":\"Startseite\",\"item\":\"https:\/\/kgerad.de\/\"},{\"@type\":\"ListItem\",\"position\":2,\"name\":\"LADEN\",\"item\":\"https:\/\/kgerad.de\/laden\/\"},{\"@type\":\"ListItem\",\"position\":3,\"name\":\"RockShox Pike Ultimate Charger 3 RC2 27,5&#8243; DebonAir+\"}]},{\"@type\":\"WebSite\",\"@id\":\"https:\/\/kgerad.de\/#website\",\"url\":\"https:\/\/kgerad.de\/\",\"name\":\"kgerad.de\",\"description\":\"Treten Sie mit uns ins Abenteuer!\",\"publisher\":{\"@id\":\"https:\/\/kgerad.de\/#organization\"},\"alternateName\":\"MEIN RADLADEN\",\"potentialAction\":[{\"@type\":\"SearchAction\",\"target\":{\"@type\":\"EntryPoint\",\"urlTemplate\":\"https:\/\/kgerad.de\/?s={search_term_string}\"},\"query-input\":{\"@type\":\"PropertyValueSpecification\",\"valueRequired\":true,\"valueName\":\"search_term_string\"}}],\"inLanguage\":\"en-US\"},{\"@type\":\"Organization\",\"@id\":\"https:\/\/kgerad.de\/#organization\",\"name\":\"MEINRADLADEN\",\"alternateName\":\"MEIN RADLADEN\",\"url\":\"https:\/\/kgerad.de\/\",\"logo\":{\"@type\":\"ImageObject\",\"inLanguage\":\"en-US\",\"@id\":\"https:\/\/kgerad.de\/#\/schema\/logo\/image\/\",\"url\":\"https:\/\/kgerad.de\/wp-content\/uploads\/2025\/07\/logo-Whit.svg\",\"contentUrl\":\"https:\/\/kgerad.de\/wp-content\/uploads\/2025\/07\/logo-Whit.svg\",\"width\":1640,\"height\":371,\"caption\":\"MEINRADLADEN\"},\"image\":{\"@id\":\"https:\/\/kgerad.de\/#\/schema\/logo\/image\/\"}}]}<\/script>\n<!-- \/ Yoast SEO Premium plugin. -->","yoast_head_json":{"title":"RockShox Pike Ultimate Charger 3 RC2 27,5\" DebonAir+","description":"Entdecken Sie unseren Online-Fahrradladen: Gro\u00dfe Auswahl an Modellen f\u00fcr alle Radsportbegeisterten. Von Rennr\u00e4dern bis zu Mountainbikes - finden Sie heute Ihren perfekten Wegbegleiter!","robots":{"index":"index","follow":"follow","max-snippet":"max-snippet:-1","max-image-preview":"max-image-preview:large","max-video-preview":"max-video-preview:-1"},"canonical":"https:\/\/kgerad.de\/en\/product\/rockshox-pike-ultimate-charger-3-rc2-275-debonair\/","og_locale":"en_US","og_type":"article","og_title":"RockShox Pike Ultimate Charger 3 RC2 27,5\" DebonAir+","og_description":"Entdecken Sie unseren Online-Fahrradladen: Gro\u00dfe Auswahl an Modellen f\u00fcr alle Radsportbegeisterten. Von Rennr\u00e4dern bis zu Mountainbikes - finden Sie heute Ihren perfekten Wegbegleiter!","og_url":"https:\/\/kgerad.de\/en\/product\/rockshox-pike-ultimate-charger-3-rc2-275-debonair\/","og_site_name":"kgerad.de","article_modified_time":"2023-08-11T05:55:33+00:00","og_image":[{"width":229,"height":800,"url":"https:\/\/kgerad.de\/wp-content\/uploads\/2023\/06\/fox-racing-910-20-239-36-A-Float-Performance-Elite-160-Grip2-Tapered-Boost-1_800x800-00-2.jpg","type":"image\/jpeg"}],"twitter_card":"summary_large_image","twitter_misc":{"Est. reading time":"4 minutes"},"schema":{"@context":"https:\/\/schema.org","@graph":[{"@type":"WebPage","@id":"https:\/\/kgerad.de\/produkt\/rockshox-pike-ultimate-charger-3-rc2-275-debonair\/","url":"https:\/\/kgerad.de\/produkt\/rockshox-pike-ultimate-charger-3-rc2-275-debonair\/","name":"RockShox Pike Ultimate Charger 3 RC2 27,5\" DebonAir+","isPartOf":{"@id":"https:\/\/kgerad.de\/#website"},"primaryImageOfPage":{"@id":"https:\/\/kgerad.de\/produkt\/rockshox-pike-ultimate-charger-3-rc2-275-debonair\/#primaryimage"},"image":{"@id":"https:\/\/kgerad.de\/produkt\/rockshox-pike-ultimate-charger-3-rc2-275-debonair\/#primaryimage"},"thumbnailUrl":"https:\/\/kgerad.de\/wp-content\/uploads\/2023\/06\/fox-racing-910-20-239-36-A-Float-Performance-Elite-160-Grip2-Tapered-Boost-1_800x800-00-2.jpg","datePublished":"2022-11-25T18:31:00+00:00","dateModified":"2023-08-11T05:55:33+00:00","description":"Entdecken Sie unseren Online-Fahrradladen: Gro\u00dfe Auswahl an Modellen f\u00fcr alle Radsportbegeisterten. Von Rennr\u00e4dern bis zu Mountainbikes - finden Sie heute Ihren perfekten Wegbegleiter!","breadcrumb":{"@id":"https:\/\/kgerad.de\/produkt\/rockshox-pike-ultimate-charger-3-rc2-275-debonair\/#breadcrumb"},"inLanguage":"en-US","potentialAction":[{"@type":"ReadAction","target":["https:\/\/kgerad.de\/produkt\/rockshox-pike-ultimate-charger-3-rc2-275-debonair\/"]}]},{"@type":"ImageObject","inLanguage":"en-US","@id":"https:\/\/kgerad.de\/produkt\/rockshox-pike-ultimate-charger-3-rc2-275-debonair\/#primaryimage","url":"https:\/\/kgerad.de\/wp-content\/uploads\/2023\/06\/fox-racing-910-20-239-36-A-Float-Performance-Elite-160-Grip2-Tapered-Boost-1_800x800-00-2.jpg","contentUrl":"https:\/\/kgerad.de\/wp-content\/uploads\/2023\/06\/fox-racing-910-20-239-36-A-Float-Performance-Elite-160-Grip2-Tapered-Boost-1_800x800-00-2.jpg","width":229,"height":800,"caption":"RockShox Pike Ultimate Charger 3 RC2 27"},{"@type":"BreadcrumbList","@id":"https:\/\/kgerad.de\/produkt\/rockshox-pike-ultimate-charger-3-rc2-275-debonair\/#breadcrumb","itemListElement":[{"@type":"ListItem","position":1,"name":"Startseite","item":"https:\/\/kgerad.de\/"},{"@type":"ListItem","position":2,"name":"LADEN","item":"https:\/\/kgerad.de\/laden\/"},{"@type":"ListItem","position":3,"name":"RockShox Pike Ultimate Charger 3 RC2 27,5&#8243; DebonAir+"}]},{"@type":"WebSite","@id":"https:\/\/kgerad.de\/#website","url":"https:\/\/kgerad.de\/","name":"kgerad.de","description":"Treten Sie mit uns ins Abenteuer!","publisher":{"@id":"https:\/\/kgerad.de\/#organization"},"alternateName":"MEIN RADLADEN","potentialAction":[{"@type":"SearchAction","target":{"@type":"EntryPoint","urlTemplate":"https:\/\/kgerad.de\/?s={search_term_string}"},"query-input":{"@type":"PropertyValueSpecification","valueRequired":true,"valueName":"search_term_string"}}],"inLanguage":"en-US"},{"@type":"Organization","@id":"https:\/\/kgerad.de\/#organization","name":"MEINRADLADEN","alternateName":"MEIN RADLADEN","url":"https:\/\/kgerad.de\/","logo":{"@type":"ImageObject","inLanguage":"en-US","@id":"https:\/\/kgerad.de\/#\/schema\/logo\/image\/","url":"https:\/\/kgerad.de\/wp-content\/uploads\/2025\/07\/logo-Whit.svg","contentUrl":"https:\/\/kgerad.de\/wp-content\/uploads\/2025\/07\/logo-Whit.svg","width":1640,"height":371,"caption":"MEINRADLADEN"},"image":{"@id":"https:\/\/kgerad.de\/#\/schema\/logo\/image\/"}}]}},"_links":{"self":[{"href":"https:\/\/kgerad.de\/en\/wp-json\/wp\/v2\/product\/44456","targetHints":{"allow":["GET"]}}],"collection":[{"href":"https:\/\/kgerad.de\/en\/wp-json\/wp\/v2\/product"}],"about":[{"href":"https:\/\/kgerad.de\/en\/wp-json\/wp\/v2\/types\/product"}],"replies":[{"embeddable":true,"href":"https:\/\/kgerad.de\/en\/wp-json\/wp\/v2\/comments?post=44456"}],"version-history":[{"count":1,"href":"https:\/\/kgerad.de\/en\/wp-json\/wp\/v2\/product\/44456\/revisions"}],"predecessor-version":[{"id":79076,"href":"https:\/\/kgerad.de\/en\/wp-json\/wp\/v2\/product\/44456\/revisions\/79076"}],"wp:featuredmedia":[{"embeddable":true,"href":"https:\/\/kgerad.de\/en\/wp-json\/wp\/v2\/media\/63311"}],"wp:attachment":[{"href":"https:\/\/kgerad.de\/en\/wp-json\/wp\/v2\/media?parent=44456"}],"wp:term":[{"taxonomy":"product_brand","embeddable":true,"href":"https:\/\/kgerad.de\/en\/wp-json\/wp\/v2\/product_brand?post=44456"},{"taxonomy":"product_cat","embeddable":true,"href":"https:\/\/kgerad.de\/en\/wp-json\/wp\/v2\/product_cat?post=44456"},{"taxonomy":"product_tag","embeddable":true,"href":"https:\/\/kgerad.de\/en\/wp-json\/wp\/v2\/product_tag?post=44456"}],"curies":[{"name":"wp","href":"https:\/\/api.w.org\/{rel}","templated":true}]}}