{"id":44432,"date":"2022-11-25T18:51:50","date_gmt":"2022-11-25T17:51:50","guid":{"rendered":"https:\/\/kgerad.de\/?post_type=product&#038;p=44432"},"modified":"2023-08-11T07:57:13","modified_gmt":"2023-08-11T05:57:13","slug":"fox-racing-36-float-performance-elite-160-grip2-tapered","status":"publish","type":"product","link":"https:\/\/kgerad.de\/en\/product\/fox-racing-36-float-performance-elite-160-grip2-tapered\/","title":{"rendered":"Fox Racing 36 Float Performance Elite 160 Grip2 Tapered"},"content":{"rendered":"<h2>Fox Racing 36 Float Performance Elite 160 Grip2 Tapered<\/h2>\n<p>Die Fox Racing 36 Float mit verbesserter GRIP2-Kartusche ist eine leichte Boost Federgabel mit 160mm Federweg &#8211; entwickelt f\u00fcr All-Mountain und Enduro Fahrer.<\/p>\n<h2>Geschmeidiger und besser abstimbarer als je zuvor: die 36 A Float Performance Elite 160 Grip2 Tapered Boost von Fox Racing<\/h2>\n<p>Die preisgekr\u00f6nte 36er erh\u00e4lt mit dem neuen FIT GRIP2 4-fach einstellbaren D\u00e4mpfer einen enormen Leistungsschub. Ausgestattet mit der zum Patent angemeldeten dualen variablen Ventilsteuerung (VVC) mit hoher und niedriger Zugstufe, verbesserter Druckstufend\u00e4mpfung und weniger Reibung insgesamt bietet die 36 eine neue Leistungsstufe und Einstellbarkeit, die den X2-D\u00e4mpfern entspricht. Die High-Speed-Druckstufe und High-Speed-Zugstufe ist jetzt mit je 8 Klicks einfach einstellbar.<\/p>\n<p>Die neue 36er Federgabel ist mit einem neuen patentierten Schnellspannsystem ausgestattet, das die Vorteile einer Steckachse mit dem Komfort eines werkzeuglosen Schnellspanners kombiniert. Bei diesem System wird der Abstand \u00fcber eine schwimmend gelagerte H\u00fclse arretiert, was einen wiederholten Aus- und Einbau des Vorderrads erm\u00f6glicht und gleichzeitig eine perfekte Ausrichtung der Gabel gew\u00e4hrleistet. Die Positionierung der Steckachse ist werksseitig voreingestellt, dies hat den Vorteil, dass das Vorderrad einfach eingebaut werden kann.<\/p>\n<p>Das Bogendesign der neuen 36er ist so konzipiert, dass es perfekt zu modernen Enduro Bikes passt. Die Profile der Steuerrohre werden immer breiter und die Offsets immer k\u00fcrzer. Die neue Bogenform tr\u00e4gt diesem Umstand Rechnung, indem sie nach vorne ragt, um bei voller Kompression gen\u00fcgend Freiraum f\u00fcr das Steuerrohr zu bieten.<\/p>\n<p>Die Performance Elite-Gabeln verf\u00fcgen \u00fcber die gleichen Einstellm\u00f6glichkeiten, Funktionen, D\u00e4mpfer, das gleiche Gewicht und Oberrohre aus 7000er Aluminium wie die Factory-Serie, haben aber schwarz eloxierte Standrohre anstelle der echten Kashima-Beschichtung.<\/p>\n<hr \/>\n<h3>Features &#8211; Fox Racing 36 A Float Performance Elite 160 Grip2 Tapered Boost<\/h3>\n<ul>\n<li>Modell &#8211; 2022 Performance Elite Series 36 FLOAT Grip2<\/li>\n<li>FLOAT EVOL-Luftfeder sorgt f\u00fcr extra satte Federung<\/li>\n<li>Komplett neu designte Tauchrohreinheit, Optimum aus Steifigkeit\/Gewicht<\/li>\n<li>Luft- und \u00d6l-Kan\u00e4le in der Tauchrohreinheit<\/li>\n<li>Neues Gabelbr\u00fcckendesign f\u00fcr mehr Platz im Steuerrohrbereich; Gro\u00dfer Vorteil bei k\u00fcrzeren Offsets<\/li>\n<li>Verbesserte GRIP2 Kartusche f\u00fcr eine noch bessere Kontrolle<\/li>\n<li>GRIP2 mit dualem VVC (Variable Valve Control)<\/li>\n<li>High-Speed-Druckstufe und High-Speed-Zugstufe mit je 8 Klicks einfach einstellbar<\/li>\n<li>Angepasster Gabelkronendurchmesser f\u00fcr optisch gleichm\u00e4\u00dfigen \u00dcbergang zwischen volumin\u00f6sen Steuerrohren und Gabelkrone<\/li>\n<li>4-Punkt-Direktbefestigungsaufnahme f\u00fcr Mudguards<\/li>\n<\/ul>\n<h3>Produkteigenschaften<\/h3>\n<ul>\n<li><strong>Einsatzbereich:<\/strong>\u00a0Enduro, All-Mountain<\/li>\n<li><strong>Federung:<\/strong>\u00a0Luft<\/li>\n<li><strong>D\u00e4mpfung:<\/strong>\u00a0Grip2 FIT mit Feinabstimmung<\/li>\n<li><strong>Einstellbarkeit:<\/strong>\u00a0Zugstufe, Federh\u00e4rte \u00fcber Luftdruck, Grip2 FIT mit Feinabstimmung<\/li>\n<li><strong>Einstellbarkeit Grip2 D\u00e4mpfer:<\/strong>\n<ul>\n<li><strong>High-speed Druckstufe:<\/strong>\u00a08 klicks (w\/VVC)<\/li>\n<li><strong>Low-speed Druckstufe:<\/strong>\u00a016 klicks<\/li>\n<li><strong>High-speed Zugstufe:<\/strong>\u00a08 klicks (w\/VVC)<\/li>\n<li><strong>Low-speed Zugstufe:<\/strong>\u00a016 klicks<\/li>\n<\/ul>\n<\/li>\n<li><strong>Gabelschaft:<\/strong>\u00a01 1\/8&#8243; (1.125)<\/li>\n<li><strong>Gabelschaftl\u00e4nge:<\/strong>\u00a0264mm<\/li>\n<li><strong>Standrohre:<\/strong>\u00a036mm<\/li>\n<li><strong>Scheibenbremsaufnahme:\u00a0<\/strong>Post Mount (PM7 &#8211; Direct Mount 180mm)<\/li>\n<li><strong>H\u00f6chste empfohlene Bremsscheibengr\u00f6\u00dfe:<\/strong>\u00a0230mm<\/li>\n<li><strong>Ausfallenden:<\/strong>\u00a015x110mm Boost Steckachse mit Schnellspannhebel<\/li>\n<\/ul>\n<h3>Laufradgr\u00f6\u00dfe \/ Federweg \/ Offset \/ Ausfallende (Variante w\u00e4hlen)<\/h3>\n<ul>\n<li>27,5&#8243; \/ 160mm \/ 44 Offset \/ Boost<\/li>\n<li>29&#8243; \/ 160mm \/ 44 Offset \/ Boost<\/li>\n<\/ul>\n<h3>Material<\/h3>\n<ul>\n<li><strong>Gabelschaft:<\/strong>\u00a0Aluminium<\/li>\n<li><strong>Gabelkrone:<\/strong>\u00a0Aluminium<\/li>\n<li><strong>Tauchrohre:<\/strong>\u00a0Magnesium<\/li>\n<li><strong>Standrohre:<\/strong>\u00a0Aluminium (andosiert)<\/li>\n<\/ul>\n<h3>Farbe<\/h3>\n<ul>\n<li>matte black \/ matte black<\/li>\n<\/ul>\n<h3>Gewicht<\/h3>\n<ul>\n<li>ab 1965g (Herstellerangabe)<\/li>\n<\/ul>\n<hr \/>\n<h3>Lieferumfang<\/h3>\n<ul>\n<li>1 Fox Racing 36 A Float Performance Elite 160 Grip2 Tapered Boost<\/li>\n<li>1 Fox Racing Boost Steckachse 15x110mm mit Schnellspannhebel<\/li>\n<li>1 Leitungsf\u00fchrung<\/li>\n<li>3 Volumenspacer<\/li>\n<li>Anleitung<\/li>\n<\/ul>\n<hr \/>\n<h3>Technologien<\/h3>\n<p><strong>FIT GRIP2<\/strong><br \/>\nDie geschlossene FIT-D\u00e4mpfung der neuen Generation. High- und Lowspeedcompression sowie High- und Lowspeedrebound lassen sich unabh\u00e4ngig voneinander einstellen. Die VARIABLE VALUE CONTROL- Einheit gibt Ihnen das Gef\u00fchl nicht nur die Vorspannung zu erh\u00f6hen, sondern, dass der Shimstack an Sie angepasst wurde. Das raffinierte Mid-Valve Design erlaubt eine effektivere D\u00e4mpfungskennlinie.<\/p>\n<p><strong>FLOAT Luftfeder &#8211; Patentierte Luftausgleichstechnologie<\/strong><br \/>\nDas FLOAT-Luftfedersystem f\u00fcr die 32, 34 und 40 ist leichter und reduziert die Ausl\u00f6sekraft f\u00fcr das Einfedern, was f\u00fcr alle Fahrer und bei allen Druckeinstellungen f\u00fcr ausgezeichneten Fahrkomfort und besseres Ansprechen bei kleineren Unebenheiten sorgt. \u00c4hnlich wie bei unseren FLOAT-D\u00e4mpfern verf\u00fcgt das neue FLOAT-System \u00fcber positive und negative Luftfedern, die sich im Einsatz automatisch ausgleichen, um den Fahrer exakt das gew\u00fcnschte Federverhalten zu bieten. Die Progressivit\u00e4t der Federkennlinie kann \u00fcber Luft-Volumendistanzst\u00fccke angepasst werden, sodass der Fahrer das Federverhalten der Luftfeder fein abstimmen kann.<\/p>\n<p><strong>EVOL<\/strong><br \/>\nEine linearere Federkurve verleiht EVOL-Gabeln und D\u00e4mpfern mehr sanftes Federverhalten im oberen Bereich, extra Unterst\u00fctzung im mittleren Federweg und eine besser abstimmbare Endprogression. Die EVOL Technologie hat ein erh\u00f6htes Negativ-Luftfeder Volumen. Speziell positioniert und dimensioniert mit optimaler Empfindlichkeit bei kleinen St\u00f6\u00dfen.<\/p>\n<p><strong>Variable Ventilsteuerung (VVC)<\/strong><br \/>\nFIT GRIP2 bietet jetzt einen schnellen R\u00fccksto\u00df durch den neuartigen und zum Patent angemeldeten Ansatz: Variable Ventilsteuerung (VVC). Es ist eine revolution\u00e4re M\u00f6glichkeit, den Hochgeschwindigkeits-Rebound einzustellen, indem die Ventilsteifigkeit effektiv ver\u00e4ndert wird, anstatt die Vorspannung zu erh\u00f6hen. Im Gegensatz zu normalen Einstellern, die die Ventilvorspannung erh\u00f6hen, verwendet VVC eine Blattfeder, um den Ventilflex im Hochgeschwindigkeits-Rebound zu ver\u00e4ndern. Der Regler bietet den gleichen Effekt wie das Aufdrehen des High-Speed Rebound, jedoch ohne Demontage des D\u00e4mpfers.<\/p>\n<p><strong>Air Volume Spacers\u00a0<\/strong><br \/>\nDie FLOAT-Luftfeder bei Fox Gabeln und Federbeinen kann durch den Einsatz von Volumenspacern fein eingestellt werden, um die Federelemente progressiver oder weniger progressiv abzustimmen. Das erlaubt dem Fahrer die Feinjustage der Federung exakt nach seinen Bed\u00fcrfnissen.<\/p>\n<hr \/>\n<h3>FOX FLOAT Air Spring (Luftfeder)<\/h3>\n<p><iframe src=\"https:\/\/www.youtube-nocookie.com\/embed\/03pdywBkuNQ?rel=0&amp;showinfo=0\" width=\"640\" height=\"360\" frameborder=\"0\" allowfullscreen=\"allowfullscreen\" data-mce-fragment=\"1\"><\/iframe><\/p>","protected":false},"excerpt":{"rendered":"<p>Fox Racing 36 Float Performance Elite 160 Grip2 Tapered Die Fox Racing 36 Float mit verbesserter GRIP2-Kartusche ist eine leichte<\/p>","protected":false},"featured_media":63296,"comment_status":"open","ping_status":"closed","template":"","meta":[],"product_brand":[],"product_cat":[460,423],"product_tag":[],"class_list":{"0":"post-44432","1":"product","2":"type-product","3":"status-publish","4":"has-post-thumbnail","6":"product_cat-rennrad-teile","7":"product_cat-teile","8":"pa_marke-fox","10":"first","11":"instock","12":"sale","13":"taxable","14":"shipping-taxable","15":"purchasable","16":"product-type-variable"},"yoast_head":"<!-- This site is optimized with the Yoast SEO Premium plugin v20.12 (Yoast SEO v27.1.1) - https:\/\/yoast.com\/product\/yoast-seo-premium-wordpress\/ -->\n<title>Fox Racing 36 Float Performance Elite 160 Grip2 Tapered<\/title>\n<meta name=\"description\" content=\"Entdecken Sie unseren Online-Fahrradladen: Gro\u00dfe Auswahl an Modellen f\u00fcr alle Radsportbegeisterten. Von Rennr\u00e4dern bis zu Mountainbikes - finden Sie heute Ihren perfekten Wegbegleiter!\" \/>\n<meta name=\"robots\" content=\"index, follow, max-snippet:-1, max-image-preview:large, max-video-preview:-1\" \/>\n<link rel=\"canonical\" href=\"https:\/\/kgerad.de\/en\/product\/fox-racing-36-float-performance-elite-160-grip2-tapered\/\" \/>\n<meta property=\"og:locale\" content=\"en_US\" \/>\n<meta property=\"og:type\" content=\"article\" \/>\n<meta property=\"og:title\" content=\"Fox Racing 36 Float Performance Elite 160 Grip2 Tapered\" \/>\n<meta property=\"og:description\" content=\"Entdecken Sie unseren Online-Fahrradladen: Gro\u00dfe Auswahl an Modellen f\u00fcr alle Radsportbegeisterten. Von Rennr\u00e4dern bis zu Mountainbikes - finden Sie heute Ihren perfekten Wegbegleiter!\" \/>\n<meta property=\"og:url\" content=\"https:\/\/kgerad.de\/en\/product\/fox-racing-36-float-performance-elite-160-grip2-tapered\/\" \/>\n<meta property=\"og:site_name\" content=\"kgerad.de\" \/>\n<meta property=\"article:modified_time\" content=\"2023-08-11T05:57:13+00:00\" \/>\n<meta property=\"og:image\" content=\"https:\/\/kgerad.de\/wp-content\/uploads\/2023\/06\/fox-racing-910-20-239-36-A-Float-Performance-Elite-160-Grip2-Tapered-Boost-1_800x800-00-1.jpg\" \/>\n\t<meta property=\"og:image:width\" content=\"229\" \/>\n\t<meta property=\"og:image:height\" content=\"800\" \/>\n\t<meta property=\"og:image:type\" content=\"image\/jpeg\" \/>\n<meta name=\"twitter:card\" content=\"summary_large_image\" \/>\n<meta name=\"twitter:label1\" content=\"Est. reading time\" \/>\n\t<meta name=\"twitter:data1\" content=\"5 minutes\" \/>\n<script type=\"application\/ld+json\" class=\"yoast-schema-graph\">{\"@context\":\"https:\/\/schema.org\",\"@graph\":[{\"@type\":\"WebPage\",\"@id\":\"https:\/\/kgerad.de\/produkt\/fox-racing-36-float-performance-elite-160-grip2-tapered\/\",\"url\":\"https:\/\/kgerad.de\/produkt\/fox-racing-36-float-performance-elite-160-grip2-tapered\/\",\"name\":\"Fox Racing 36 Float Performance Elite 160 Grip2 Tapered\",\"isPartOf\":{\"@id\":\"https:\/\/kgerad.de\/#website\"},\"primaryImageOfPage\":{\"@id\":\"https:\/\/kgerad.de\/produkt\/fox-racing-36-float-performance-elite-160-grip2-tapered\/#primaryimage\"},\"image\":{\"@id\":\"https:\/\/kgerad.de\/produkt\/fox-racing-36-float-performance-elite-160-grip2-tapered\/#primaryimage\"},\"thumbnailUrl\":\"https:\/\/kgerad.de\/wp-content\/uploads\/2023\/06\/fox-racing-910-20-239-36-A-Float-Performance-Elite-160-Grip2-Tapered-Boost-1_800x800-00-1.jpg\",\"datePublished\":\"2022-11-25T17:51:50+00:00\",\"dateModified\":\"2023-08-11T05:57:13+00:00\",\"description\":\"Entdecken Sie unseren Online-Fahrradladen: Gro\u00dfe Auswahl an Modellen f\u00fcr alle Radsportbegeisterten. Von Rennr\u00e4dern bis zu Mountainbikes - finden Sie heute Ihren perfekten Wegbegleiter!\",\"breadcrumb\":{\"@id\":\"https:\/\/kgerad.de\/produkt\/fox-racing-36-float-performance-elite-160-grip2-tapered\/#breadcrumb\"},\"inLanguage\":\"en-US\",\"potentialAction\":[{\"@type\":\"ReadAction\",\"target\":[\"https:\/\/kgerad.de\/produkt\/fox-racing-36-float-performance-elite-160-grip2-tapered\/\"]}]},{\"@type\":\"ImageObject\",\"inLanguage\":\"en-US\",\"@id\":\"https:\/\/kgerad.de\/produkt\/fox-racing-36-float-performance-elite-160-grip2-tapered\/#primaryimage\",\"url\":\"https:\/\/kgerad.de\/wp-content\/uploads\/2023\/06\/fox-racing-910-20-239-36-A-Float-Performance-Elite-160-Grip2-Tapered-Boost-1_800x800-00-1.jpg\",\"contentUrl\":\"https:\/\/kgerad.de\/wp-content\/uploads\/2023\/06\/fox-racing-910-20-239-36-A-Float-Performance-Elite-160-Grip2-Tapered-Boost-1_800x800-00-1.jpg\",\"width\":229,\"height\":800,\"caption\":\"Fox Racing 36 Float Performance Elite 160 Grip2 Tapered\"},{\"@type\":\"BreadcrumbList\",\"@id\":\"https:\/\/kgerad.de\/produkt\/fox-racing-36-float-performance-elite-160-grip2-tapered\/#breadcrumb\",\"itemListElement\":[{\"@type\":\"ListItem\",\"position\":1,\"name\":\"Startseite\",\"item\":\"https:\/\/kgerad.de\/\"},{\"@type\":\"ListItem\",\"position\":2,\"name\":\"LADEN\",\"item\":\"https:\/\/kgerad.de\/laden\/\"},{\"@type\":\"ListItem\",\"position\":3,\"name\":\"Fox Racing 36 Float Performance Elite 160 Grip2 Tapered\"}]},{\"@type\":\"WebSite\",\"@id\":\"https:\/\/kgerad.de\/#website\",\"url\":\"https:\/\/kgerad.de\/\",\"name\":\"kgerad.de\",\"description\":\"Treten Sie mit uns ins Abenteuer!\",\"publisher\":{\"@id\":\"https:\/\/kgerad.de\/#organization\"},\"alternateName\":\"MEIN RADLADEN\",\"potentialAction\":[{\"@type\":\"SearchAction\",\"target\":{\"@type\":\"EntryPoint\",\"urlTemplate\":\"https:\/\/kgerad.de\/?s={search_term_string}\"},\"query-input\":{\"@type\":\"PropertyValueSpecification\",\"valueRequired\":true,\"valueName\":\"search_term_string\"}}],\"inLanguage\":\"en-US\"},{\"@type\":\"Organization\",\"@id\":\"https:\/\/kgerad.de\/#organization\",\"name\":\"MEINRADLADEN\",\"alternateName\":\"MEIN RADLADEN\",\"url\":\"https:\/\/kgerad.de\/\",\"logo\":{\"@type\":\"ImageObject\",\"inLanguage\":\"en-US\",\"@id\":\"https:\/\/kgerad.de\/#\/schema\/logo\/image\/\",\"url\":\"https:\/\/kgerad.de\/wp-content\/uploads\/2025\/07\/logo-Whit.svg\",\"contentUrl\":\"https:\/\/kgerad.de\/wp-content\/uploads\/2025\/07\/logo-Whit.svg\",\"width\":1640,\"height\":371,\"caption\":\"MEINRADLADEN\"},\"image\":{\"@id\":\"https:\/\/kgerad.de\/#\/schema\/logo\/image\/\"}}]}<\/script>\n<!-- \/ Yoast SEO Premium plugin. -->","yoast_head_json":{"title":"Fox Racing 36 Float Performance Elite 160 Grip2 Tapered","description":"Entdecken Sie unseren Online-Fahrradladen: Gro\u00dfe Auswahl an Modellen f\u00fcr alle Radsportbegeisterten. Von Rennr\u00e4dern bis zu Mountainbikes - finden Sie heute Ihren perfekten Wegbegleiter!","robots":{"index":"index","follow":"follow","max-snippet":"max-snippet:-1","max-image-preview":"max-image-preview:large","max-video-preview":"max-video-preview:-1"},"canonical":"https:\/\/kgerad.de\/en\/product\/fox-racing-36-float-performance-elite-160-grip2-tapered\/","og_locale":"en_US","og_type":"article","og_title":"Fox Racing 36 Float Performance Elite 160 Grip2 Tapered","og_description":"Entdecken Sie unseren Online-Fahrradladen: Gro\u00dfe Auswahl an Modellen f\u00fcr alle Radsportbegeisterten. Von Rennr\u00e4dern bis zu Mountainbikes - finden Sie heute Ihren perfekten Wegbegleiter!","og_url":"https:\/\/kgerad.de\/en\/product\/fox-racing-36-float-performance-elite-160-grip2-tapered\/","og_site_name":"kgerad.de","article_modified_time":"2023-08-11T05:57:13+00:00","og_image":[{"width":229,"height":800,"url":"https:\/\/kgerad.de\/wp-content\/uploads\/2023\/06\/fox-racing-910-20-239-36-A-Float-Performance-Elite-160-Grip2-Tapered-Boost-1_800x800-00-1.jpg","type":"image\/jpeg"}],"twitter_card":"summary_large_image","twitter_misc":{"Est. reading time":"5 minutes"},"schema":{"@context":"https:\/\/schema.org","@graph":[{"@type":"WebPage","@id":"https:\/\/kgerad.de\/produkt\/fox-racing-36-float-performance-elite-160-grip2-tapered\/","url":"https:\/\/kgerad.de\/produkt\/fox-racing-36-float-performance-elite-160-grip2-tapered\/","name":"Fox Racing 36 Float Performance Elite 160 Grip2 Tapered","isPartOf":{"@id":"https:\/\/kgerad.de\/#website"},"primaryImageOfPage":{"@id":"https:\/\/kgerad.de\/produkt\/fox-racing-36-float-performance-elite-160-grip2-tapered\/#primaryimage"},"image":{"@id":"https:\/\/kgerad.de\/produkt\/fox-racing-36-float-performance-elite-160-grip2-tapered\/#primaryimage"},"thumbnailUrl":"https:\/\/kgerad.de\/wp-content\/uploads\/2023\/06\/fox-racing-910-20-239-36-A-Float-Performance-Elite-160-Grip2-Tapered-Boost-1_800x800-00-1.jpg","datePublished":"2022-11-25T17:51:50+00:00","dateModified":"2023-08-11T05:57:13+00:00","description":"Entdecken Sie unseren Online-Fahrradladen: Gro\u00dfe Auswahl an Modellen f\u00fcr alle Radsportbegeisterten. Von Rennr\u00e4dern bis zu Mountainbikes - finden Sie heute Ihren perfekten Wegbegleiter!","breadcrumb":{"@id":"https:\/\/kgerad.de\/produkt\/fox-racing-36-float-performance-elite-160-grip2-tapered\/#breadcrumb"},"inLanguage":"en-US","potentialAction":[{"@type":"ReadAction","target":["https:\/\/kgerad.de\/produkt\/fox-racing-36-float-performance-elite-160-grip2-tapered\/"]}]},{"@type":"ImageObject","inLanguage":"en-US","@id":"https:\/\/kgerad.de\/produkt\/fox-racing-36-float-performance-elite-160-grip2-tapered\/#primaryimage","url":"https:\/\/kgerad.de\/wp-content\/uploads\/2023\/06\/fox-racing-910-20-239-36-A-Float-Performance-Elite-160-Grip2-Tapered-Boost-1_800x800-00-1.jpg","contentUrl":"https:\/\/kgerad.de\/wp-content\/uploads\/2023\/06\/fox-racing-910-20-239-36-A-Float-Performance-Elite-160-Grip2-Tapered-Boost-1_800x800-00-1.jpg","width":229,"height":800,"caption":"Fox Racing 36 Float Performance Elite 160 Grip2 Tapered"},{"@type":"BreadcrumbList","@id":"https:\/\/kgerad.de\/produkt\/fox-racing-36-float-performance-elite-160-grip2-tapered\/#breadcrumb","itemListElement":[{"@type":"ListItem","position":1,"name":"Startseite","item":"https:\/\/kgerad.de\/"},{"@type":"ListItem","position":2,"name":"LADEN","item":"https:\/\/kgerad.de\/laden\/"},{"@type":"ListItem","position":3,"name":"Fox Racing 36 Float Performance Elite 160 Grip2 Tapered"}]},{"@type":"WebSite","@id":"https:\/\/kgerad.de\/#website","url":"https:\/\/kgerad.de\/","name":"kgerad.de","description":"Treten Sie mit uns ins Abenteuer!","publisher":{"@id":"https:\/\/kgerad.de\/#organization"},"alternateName":"MEIN RADLADEN","potentialAction":[{"@type":"SearchAction","target":{"@type":"EntryPoint","urlTemplate":"https:\/\/kgerad.de\/?s={search_term_string}"},"query-input":{"@type":"PropertyValueSpecification","valueRequired":true,"valueName":"search_term_string"}}],"inLanguage":"en-US"},{"@type":"Organization","@id":"https:\/\/kgerad.de\/#organization","name":"MEINRADLADEN","alternateName":"MEIN RADLADEN","url":"https:\/\/kgerad.de\/","logo":{"@type":"ImageObject","inLanguage":"en-US","@id":"https:\/\/kgerad.de\/#\/schema\/logo\/image\/","url":"https:\/\/kgerad.de\/wp-content\/uploads\/2025\/07\/logo-Whit.svg","contentUrl":"https:\/\/kgerad.de\/wp-content\/uploads\/2025\/07\/logo-Whit.svg","width":1640,"height":371,"caption":"MEINRADLADEN"},"image":{"@id":"https:\/\/kgerad.de\/#\/schema\/logo\/image\/"}}]}},"_links":{"self":[{"href":"https:\/\/kgerad.de\/en\/wp-json\/wp\/v2\/product\/44432","targetHints":{"allow":["GET"]}}],"collection":[{"href":"https:\/\/kgerad.de\/en\/wp-json\/wp\/v2\/product"}],"about":[{"href":"https:\/\/kgerad.de\/en\/wp-json\/wp\/v2\/types\/product"}],"replies":[{"embeddable":true,"href":"https:\/\/kgerad.de\/en\/wp-json\/wp\/v2\/comments?post=44432"}],"version-history":[{"count":1,"href":"https:\/\/kgerad.de\/en\/wp-json\/wp\/v2\/product\/44432\/revisions"}],"predecessor-version":[{"id":79082,"href":"https:\/\/kgerad.de\/en\/wp-json\/wp\/v2\/product\/44432\/revisions\/79082"}],"wp:featuredmedia":[{"embeddable":true,"href":"https:\/\/kgerad.de\/en\/wp-json\/wp\/v2\/media\/63296"}],"wp:attachment":[{"href":"https:\/\/kgerad.de\/en\/wp-json\/wp\/v2\/media?parent=44432"}],"wp:term":[{"taxonomy":"product_brand","embeddable":true,"href":"https:\/\/kgerad.de\/en\/wp-json\/wp\/v2\/product_brand?post=44432"},{"taxonomy":"product_cat","embeddable":true,"href":"https:\/\/kgerad.de\/en\/wp-json\/wp\/v2\/product_cat?post=44432"},{"taxonomy":"product_tag","embeddable":true,"href":"https:\/\/kgerad.de\/en\/wp-json\/wp\/v2\/product_tag?post=44432"}],"curies":[{"name":"wp","href":"https:\/\/api.w.org\/{rel}","templated":true}]}}