{"id":44392,"date":"2022-11-25T17:20:06","date_gmt":"2022-11-25T16:20:06","guid":{"rendered":"https:\/\/kgerad.de\/?post_type=product&#038;p=44392"},"modified":"2023-08-11T07:58:26","modified_gmt":"2023-08-11T05:58:26","slug":"fox-racing-float-x2-factory-trunnion-daempfer","status":"publish","type":"product","link":"https:\/\/kgerad.de\/en\/product\/fox-racing-float-x2-factory-trunnion-daempfer\/","title":{"rendered":"Fox Racing Float X2 Factory Trunnion D\u00e4mpfer"},"content":{"rendered":"<h2 class=\"product--title\"><strong>Fox Racing<\/strong>\u00a0Float X2 Factory Trunnion D\u00e4mpfer<\/h2>\n<p>Der preisgekr\u00f6nte Fox Racing Float X2 Factory D\u00e4mpfer jetzt mit High- und Low-Speed-Druckstufen-, sowie High- und Low-Speed-Zugstufen Justierung. Die beste Technologie, die FOX zu bieten hat, ist in den Factory Series Modellen mit butterweichen und extrem haltbaren Original Kashima Beschichtung erh\u00e4ltlich.<\/p>\n<h2>Der Gamechanger mit weniger Reibung und mehr Flow: Float X2 Factory Trunnion D\u00e4mpfer von Fox Racing<\/h2>\n<p>Der neue FLOAT X2 ver\u00e4ndert alles, kein Stein bleibt auf dem anderen. Das preisgekr\u00f6nte Design erlebt den n\u00e4chsten Innovationsschub. Gutes bleibt erhalten und wird durch Besseres erg\u00e4nzt. Bereiter denn je stellt sich der FLOAT X2 an jeden Trail zu rocken, egal wie schlag\u00fcbers\u00e4t dieser auch sein mag.<\/p>\n<p>Befeuert durch die zweij\u00e4hrige RAD-Entwicklung, pr\u00e4sentieren sich die X2-Federbeine ideal abgestimmt. Sie gl\u00e4nzen mit verbesserter, linearer D\u00e4mpfungscharakteristik, \u00fcberarbeitetem \u00d6lfluss und neu gestalteten Dichtungen an den DHX2- und Float-X2-Federbeinen. Ihre breitbandige Verstellbarkeit gibt dem Biker nicht nur stets den Gegenhalt und die Traktion, die der Trail fordert, sondern auch eine Federung, die zu Beginn des Federwegs ein besonders offenes, sattes Fahrgef\u00fchl erzeugt.<\/p>\n<hr \/>\n<h3>Features &#8211; Fox Racing Float X2 Factory Trunnion D\u00e4mpfer<\/h3>\n<ul>\n<li>Modell &#8211; 2022 Factory Series FLOAT X2<\/li>\n<li>Neues Fahrwerk und D\u00e4mpfer<\/li>\n<li>Neuer High-Flow-Hauptkolben<\/li>\n<li>Neuer progressiver Bottom-Out-Sto\u00dff\u00e4nger<\/li>\n<li>Neue Luftdichtungen mit geringerer Reibung<\/li>\n<li>Neue Grafiken<\/li>\n<li>Verbesserte Lager\u00fcbersetzung f\u00fcr metrische Gr\u00f6\u00dfen<\/li>\n<li>Verbesserte Abstimmbarkeit der High-Speed-Zugstufe durch VVC (Variable Valve Control)<\/li>\n<li>Verbesserte Kontrolle und weniger H\u00e4rte durch lineare D\u00e4mpfung<\/li>\n<li>Ultra-niedrige Reibung, sehr haltbare Oberfl\u00e4chenbehandlung des D\u00e4mpferschafts<\/li>\n<li>Unabh\u00e4ngiger straffer Firm Modus &#8211; strafferer Lockout als beim vorherigen FLOAT X2 D\u00e4mpfer<\/li>\n<li>Gerippter Innenk\u00f6rper f\u00fcr verbesserte strukturelle Steifigkeit und geringere Hysterese<\/li>\n<li>\u00dcberarbeitetes Kompressionsverh\u00e4ltnis der XV EVOL Luftkammer, Maximaldruck 300 psi<\/li>\n<li>High-Speed-Druckstufe und High-Speed-Zugstufe mit je 8 Klicks einstellbar<\/li>\n<li>Einstellung von High- und Low-Speed-Druckstufen-, sowie High- und Low-Speed-Zugstufen<\/li>\n<li>\u00dcberarbeiteter Hauptkolben mit erh\u00f6htem \u00d6ldurchfluss<\/li>\n<li>\u00dcberarbeiteter Progressiver Bottom-Out-Bumper<\/li>\n<li>Lineare D\u00e4mpfungscharakteristik f\u00fcr bessere Feinabstimmung und mehr Kontrolle bei schnell aufeinander folgenden Schl\u00e4gen<\/li>\n<li>Verbesserte Dichtungen mit weniger Reibung<\/li>\n<li>Fortschrittliches RVS-D\u00e4mpfungssystem erlaubt bessere Abstimmung<\/li>\n<li>Kurzer Ausgleichsbeh\u00e4lter f\u00fcr h\u00f6here Rahmenkompatibilit\u00e4t<\/li>\n<\/ul>\n<h3>Produkteigenschaften<\/h3>\n<ul>\n<li><strong>Einsatzbereich:<\/strong>\u00a0All-Mountain, Trail, Enduro, Downhill<\/li>\n<li><strong>Version:<\/strong>\u00a0Factory<\/li>\n<li><strong>Federung:<\/strong>\u00a0Luft<\/li>\n<li><strong>Max. Druck:<\/strong>\u00a0300 Psi<\/li>\n<li><strong>Aufnahme:<\/strong>\u00a0Trunnion<\/li>\n<li><strong>Einbaul\u00e4nge:<\/strong>\u00a0225mm<\/li>\n<li><strong>Hub:<\/strong>\u00a075mm<\/li>\n<li><strong>Einstellungen:<\/strong>\n<ul>\n<li>Low-Speed-Druckstufe 16 klicks<\/li>\n<li>High-Speed-Druckstufe 8 klicks<\/li>\n<li>Low-Speed-Zugstufe 16 klicks<\/li>\n<li>High-Speed-Zugstufe 8 klicks (w\/VVC)<\/li>\n<li>Luftfederh\u00e4rte<\/li>\n<\/ul>\n<\/li>\n<\/ul>\n<h3>Farbe<\/h3>\n<ul>\n<li>kashima coated<\/li>\n<\/ul>\n<hr \/>\n<h3>Lieferumfang<\/h3>\n<ul>\n<li>1 Fox Racing Float X2 Factory Trunnion D\u00e4mpfer<\/li>\n<\/ul>\n<p><em>D\u00e4mpferbuchsen\u00a0<\/em><em>und D\u00e4mpferpumpe sind nicht im Lieferumfang enthalten!<\/em><\/p>\n<hr \/>\n<h3>Technologien<\/h3>\n<p><strong>RVS &#8211; Rod Valve System<\/strong><br \/>\nDas Rod Valve System (RVS) sorgt f\u00fcr einen nahtlosen D\u00e4mpfungs\u00fcbergang beim Absorbieren von kleinen bis gr\u00f6\u00dferen St\u00f6\u00dfen. Die Ergebnisse sind ein schnelleres Ansprechen des Systems, mehr Kontrolle und h\u00f6herer Fahrkomfort.<\/p>\n<p><strong>EVOL &#8211; Extra Volume<\/strong><br \/>\nDie Extra Volume (EVOL)-Luftkammer reduziert die zum Ausl\u00f6sen des Einfederns erforderliche Kraft erheblich, was den Fahrkomfort verbessert und f\u00fcr besseres Ansprechen bei kleineren Unebenheiten sorgt. Die Progressivit\u00e4t der Federkennlinie kann \u00fcber Luft-Volumendistanzst\u00fccke angepasst werden, sodass der Fahrer das Federverhalten der Luftfeder fein abstimmen kann.<\/p>\n<hr \/>\n<h3>FOX X2 SHOCK TECHNOLOGY EXPLAINED \u2013 FOX FACTORY, INC.<\/h3>\n<p><iframe src=\"https:\/\/www.youtube-nocookie.com\/embed\/9BbBkogu5as?rel=0&amp;showinfo=0\" width=\"640\" height=\"360\" frameborder=\"0\" allowfullscreen=\"allowfullscreen\" data-mce-fragment=\"1\"><\/iframe><\/p>","protected":false},"excerpt":{"rendered":"<p>Fox Racing\u00a0Float X2 Factory Trunnion D\u00e4mpfer Der preisgekr\u00f6nte Fox Racing Float X2 Factory D\u00e4mpfer jetzt mit High- und Low-Speed-Druckstufen-, sowie<\/p>","protected":false},"featured_media":63276,"comment_status":"open","ping_status":"closed","template":"","meta":[],"product_brand":[],"product_cat":[460,423],"product_tag":[],"class_list":{"0":"post-44392","1":"product","2":"type-product","3":"status-publish","4":"has-post-thumbnail","6":"product_cat-rennrad-teile","7":"product_cat-teile","8":"pa_marke-fox","10":"first","11":"instock","12":"sale","13":"taxable","14":"shipping-taxable","15":"purchasable","16":"product-type-simple"},"yoast_head":"<!-- This site is optimized with the Yoast SEO Premium plugin v20.12 (Yoast SEO v27.1.1) - https:\/\/yoast.com\/product\/yoast-seo-premium-wordpress\/ -->\n<title>Fox Racing Float X2 Factory Trunnion D\u00e4mpfer<\/title>\n<meta name=\"description\" content=\"Entdecken Sie unseren Online-Fahrradladen: Gro\u00dfe Auswahl an Modellen f\u00fcr alle Radsportbegeisterten. Von Rennr\u00e4dern bis zu Mountainbikes - finden Sie heute Ihren perfekten Wegbegleiter!\" \/>\n<meta name=\"robots\" content=\"index, follow, max-snippet:-1, max-image-preview:large, max-video-preview:-1\" \/>\n<link rel=\"canonical\" href=\"https:\/\/kgerad.de\/en\/product\/fox-racing-float-x2-factory-trunnion-daempfer\/\" \/>\n<meta property=\"og:locale\" content=\"en_US\" \/>\n<meta property=\"og:type\" content=\"article\" \/>\n<meta property=\"og:title\" content=\"Fox Racing Float X2 Factory Trunnion D\u00e4mpfer\" \/>\n<meta property=\"og:description\" content=\"Entdecken Sie unseren Online-Fahrradladen: Gro\u00dfe Auswahl an Modellen f\u00fcr alle Radsportbegeisterten. Von Rennr\u00e4dern bis zu Mountainbikes - finden Sie heute Ihren perfekten Wegbegleiter!\" \/>\n<meta property=\"og:url\" content=\"https:\/\/kgerad.de\/en\/product\/fox-racing-float-x2-factory-trunnion-daempfer\/\" \/>\n<meta property=\"og:site_name\" content=\"kgerad.de\" \/>\n<meta property=\"article:modified_time\" content=\"2023-08-11T05:58:26+00:00\" \/>\n<meta property=\"og:image\" content=\"https:\/\/kgerad.de\/wp-content\/uploads\/2023\/06\/fox-racing-979-01-081-Float-X2-Factory-Trunnion-Dampfer-1_800x800-0.jpg\" \/>\n\t<meta property=\"og:image:width\" content=\"280\" \/>\n\t<meta property=\"og:image:height\" content=\"750\" \/>\n\t<meta property=\"og:image:type\" content=\"image\/jpeg\" \/>\n<meta name=\"twitter:card\" content=\"summary_large_image\" \/>\n<meta name=\"twitter:label1\" content=\"Est. reading time\" \/>\n\t<meta name=\"twitter:data1\" content=\"3 minutes\" \/>\n<script type=\"application\/ld+json\" class=\"yoast-schema-graph\">{\"@context\":\"https:\/\/schema.org\",\"@graph\":[{\"@type\":\"WebPage\",\"@id\":\"https:\/\/kgerad.de\/produkt\/fox-racing-float-x2-factory-trunnion-daempfer\/\",\"url\":\"https:\/\/kgerad.de\/produkt\/fox-racing-float-x2-factory-trunnion-daempfer\/\",\"name\":\"Fox Racing Float X2 Factory Trunnion D\u00e4mpfer\",\"isPartOf\":{\"@id\":\"https:\/\/kgerad.de\/#website\"},\"primaryImageOfPage\":{\"@id\":\"https:\/\/kgerad.de\/produkt\/fox-racing-float-x2-factory-trunnion-daempfer\/#primaryimage\"},\"image\":{\"@id\":\"https:\/\/kgerad.de\/produkt\/fox-racing-float-x2-factory-trunnion-daempfer\/#primaryimage\"},\"thumbnailUrl\":\"https:\/\/kgerad.de\/wp-content\/uploads\/2023\/06\/fox-racing-979-01-081-Float-X2-Factory-Trunnion-Dampfer-1_800x800-0.jpg\",\"datePublished\":\"2022-11-25T16:20:06+00:00\",\"dateModified\":\"2023-08-11T05:58:26+00:00\",\"description\":\"Entdecken Sie unseren Online-Fahrradladen: Gro\u00dfe Auswahl an Modellen f\u00fcr alle Radsportbegeisterten. Von Rennr\u00e4dern bis zu Mountainbikes - finden Sie heute Ihren perfekten Wegbegleiter!\",\"breadcrumb\":{\"@id\":\"https:\/\/kgerad.de\/produkt\/fox-racing-float-x2-factory-trunnion-daempfer\/#breadcrumb\"},\"inLanguage\":\"en-US\",\"potentialAction\":[{\"@type\":\"ReadAction\",\"target\":[\"https:\/\/kgerad.de\/produkt\/fox-racing-float-x2-factory-trunnion-daempfer\/\"]}]},{\"@type\":\"ImageObject\",\"inLanguage\":\"en-US\",\"@id\":\"https:\/\/kgerad.de\/produkt\/fox-racing-float-x2-factory-trunnion-daempfer\/#primaryimage\",\"url\":\"https:\/\/kgerad.de\/wp-content\/uploads\/2023\/06\/fox-racing-979-01-081-Float-X2-Factory-Trunnion-Dampfer-1_800x800-0.jpg\",\"contentUrl\":\"https:\/\/kgerad.de\/wp-content\/uploads\/2023\/06\/fox-racing-979-01-081-Float-X2-Factory-Trunnion-Dampfer-1_800x800-0.jpg\",\"width\":280,\"height\":750,\"caption\":\"Fox Racing Float X2 Factory Trunnion D\u00e4mpfer\"},{\"@type\":\"BreadcrumbList\",\"@id\":\"https:\/\/kgerad.de\/produkt\/fox-racing-float-x2-factory-trunnion-daempfer\/#breadcrumb\",\"itemListElement\":[{\"@type\":\"ListItem\",\"position\":1,\"name\":\"Startseite\",\"item\":\"https:\/\/kgerad.de\/\"},{\"@type\":\"ListItem\",\"position\":2,\"name\":\"LADEN\",\"item\":\"https:\/\/kgerad.de\/laden\/\"},{\"@type\":\"ListItem\",\"position\":3,\"name\":\"Fox Racing Float X2 Factory Trunnion D\u00e4mpfer\"}]},{\"@type\":\"WebSite\",\"@id\":\"https:\/\/kgerad.de\/#website\",\"url\":\"https:\/\/kgerad.de\/\",\"name\":\"kgerad.de\",\"description\":\"Treten Sie mit uns ins Abenteuer!\",\"publisher\":{\"@id\":\"https:\/\/kgerad.de\/#organization\"},\"alternateName\":\"MEIN RADLADEN\",\"potentialAction\":[{\"@type\":\"SearchAction\",\"target\":{\"@type\":\"EntryPoint\",\"urlTemplate\":\"https:\/\/kgerad.de\/?s={search_term_string}\"},\"query-input\":{\"@type\":\"PropertyValueSpecification\",\"valueRequired\":true,\"valueName\":\"search_term_string\"}}],\"inLanguage\":\"en-US\"},{\"@type\":\"Organization\",\"@id\":\"https:\/\/kgerad.de\/#organization\",\"name\":\"MEINRADLADEN\",\"alternateName\":\"MEIN RADLADEN\",\"url\":\"https:\/\/kgerad.de\/\",\"logo\":{\"@type\":\"ImageObject\",\"inLanguage\":\"en-US\",\"@id\":\"https:\/\/kgerad.de\/#\/schema\/logo\/image\/\",\"url\":\"https:\/\/kgerad.de\/wp-content\/uploads\/2025\/07\/logo-Whit.svg\",\"contentUrl\":\"https:\/\/kgerad.de\/wp-content\/uploads\/2025\/07\/logo-Whit.svg\",\"width\":1640,\"height\":371,\"caption\":\"MEINRADLADEN\"},\"image\":{\"@id\":\"https:\/\/kgerad.de\/#\/schema\/logo\/image\/\"}}]}<\/script>\n<!-- \/ Yoast SEO Premium plugin. -->","yoast_head_json":{"title":"Fox Racing Float X2 Factory Trunnion D\u00e4mpfer","description":"Entdecken Sie unseren Online-Fahrradladen: Gro\u00dfe Auswahl an Modellen f\u00fcr alle Radsportbegeisterten. Von Rennr\u00e4dern bis zu Mountainbikes - finden Sie heute Ihren perfekten Wegbegleiter!","robots":{"index":"index","follow":"follow","max-snippet":"max-snippet:-1","max-image-preview":"max-image-preview:large","max-video-preview":"max-video-preview:-1"},"canonical":"https:\/\/kgerad.de\/en\/product\/fox-racing-float-x2-factory-trunnion-daempfer\/","og_locale":"en_US","og_type":"article","og_title":"Fox Racing Float X2 Factory Trunnion D\u00e4mpfer","og_description":"Entdecken Sie unseren Online-Fahrradladen: Gro\u00dfe Auswahl an Modellen f\u00fcr alle Radsportbegeisterten. Von Rennr\u00e4dern bis zu Mountainbikes - finden Sie heute Ihren perfekten Wegbegleiter!","og_url":"https:\/\/kgerad.de\/en\/product\/fox-racing-float-x2-factory-trunnion-daempfer\/","og_site_name":"kgerad.de","article_modified_time":"2023-08-11T05:58:26+00:00","og_image":[{"width":280,"height":750,"url":"https:\/\/kgerad.de\/wp-content\/uploads\/2023\/06\/fox-racing-979-01-081-Float-X2-Factory-Trunnion-Dampfer-1_800x800-0.jpg","type":"image\/jpeg"}],"twitter_card":"summary_large_image","twitter_misc":{"Est. reading time":"3 minutes"},"schema":{"@context":"https:\/\/schema.org","@graph":[{"@type":"WebPage","@id":"https:\/\/kgerad.de\/produkt\/fox-racing-float-x2-factory-trunnion-daempfer\/","url":"https:\/\/kgerad.de\/produkt\/fox-racing-float-x2-factory-trunnion-daempfer\/","name":"Fox Racing Float X2 Factory Trunnion D\u00e4mpfer","isPartOf":{"@id":"https:\/\/kgerad.de\/#website"},"primaryImageOfPage":{"@id":"https:\/\/kgerad.de\/produkt\/fox-racing-float-x2-factory-trunnion-daempfer\/#primaryimage"},"image":{"@id":"https:\/\/kgerad.de\/produkt\/fox-racing-float-x2-factory-trunnion-daempfer\/#primaryimage"},"thumbnailUrl":"https:\/\/kgerad.de\/wp-content\/uploads\/2023\/06\/fox-racing-979-01-081-Float-X2-Factory-Trunnion-Dampfer-1_800x800-0.jpg","datePublished":"2022-11-25T16:20:06+00:00","dateModified":"2023-08-11T05:58:26+00:00","description":"Entdecken Sie unseren Online-Fahrradladen: Gro\u00dfe Auswahl an Modellen f\u00fcr alle Radsportbegeisterten. Von Rennr\u00e4dern bis zu Mountainbikes - finden Sie heute Ihren perfekten Wegbegleiter!","breadcrumb":{"@id":"https:\/\/kgerad.de\/produkt\/fox-racing-float-x2-factory-trunnion-daempfer\/#breadcrumb"},"inLanguage":"en-US","potentialAction":[{"@type":"ReadAction","target":["https:\/\/kgerad.de\/produkt\/fox-racing-float-x2-factory-trunnion-daempfer\/"]}]},{"@type":"ImageObject","inLanguage":"en-US","@id":"https:\/\/kgerad.de\/produkt\/fox-racing-float-x2-factory-trunnion-daempfer\/#primaryimage","url":"https:\/\/kgerad.de\/wp-content\/uploads\/2023\/06\/fox-racing-979-01-081-Float-X2-Factory-Trunnion-Dampfer-1_800x800-0.jpg","contentUrl":"https:\/\/kgerad.de\/wp-content\/uploads\/2023\/06\/fox-racing-979-01-081-Float-X2-Factory-Trunnion-Dampfer-1_800x800-0.jpg","width":280,"height":750,"caption":"Fox Racing Float X2 Factory Trunnion D\u00e4mpfer"},{"@type":"BreadcrumbList","@id":"https:\/\/kgerad.de\/produkt\/fox-racing-float-x2-factory-trunnion-daempfer\/#breadcrumb","itemListElement":[{"@type":"ListItem","position":1,"name":"Startseite","item":"https:\/\/kgerad.de\/"},{"@type":"ListItem","position":2,"name":"LADEN","item":"https:\/\/kgerad.de\/laden\/"},{"@type":"ListItem","position":3,"name":"Fox Racing Float X2 Factory Trunnion D\u00e4mpfer"}]},{"@type":"WebSite","@id":"https:\/\/kgerad.de\/#website","url":"https:\/\/kgerad.de\/","name":"kgerad.de","description":"Treten Sie mit uns ins Abenteuer!","publisher":{"@id":"https:\/\/kgerad.de\/#organization"},"alternateName":"MEIN RADLADEN","potentialAction":[{"@type":"SearchAction","target":{"@type":"EntryPoint","urlTemplate":"https:\/\/kgerad.de\/?s={search_term_string}"},"query-input":{"@type":"PropertyValueSpecification","valueRequired":true,"valueName":"search_term_string"}}],"inLanguage":"en-US"},{"@type":"Organization","@id":"https:\/\/kgerad.de\/#organization","name":"MEINRADLADEN","alternateName":"MEIN RADLADEN","url":"https:\/\/kgerad.de\/","logo":{"@type":"ImageObject","inLanguage":"en-US","@id":"https:\/\/kgerad.de\/#\/schema\/logo\/image\/","url":"https:\/\/kgerad.de\/wp-content\/uploads\/2025\/07\/logo-Whit.svg","contentUrl":"https:\/\/kgerad.de\/wp-content\/uploads\/2025\/07\/logo-Whit.svg","width":1640,"height":371,"caption":"MEINRADLADEN"},"image":{"@id":"https:\/\/kgerad.de\/#\/schema\/logo\/image\/"}}]}},"_links":{"self":[{"href":"https:\/\/kgerad.de\/en\/wp-json\/wp\/v2\/product\/44392","targetHints":{"allow":["GET"]}}],"collection":[{"href":"https:\/\/kgerad.de\/en\/wp-json\/wp\/v2\/product"}],"about":[{"href":"https:\/\/kgerad.de\/en\/wp-json\/wp\/v2\/types\/product"}],"replies":[{"embeddable":true,"href":"https:\/\/kgerad.de\/en\/wp-json\/wp\/v2\/comments?post=44392"}],"version-history":[{"count":1,"href":"https:\/\/kgerad.de\/en\/wp-json\/wp\/v2\/product\/44392\/revisions"}],"predecessor-version":[{"id":79084,"href":"https:\/\/kgerad.de\/en\/wp-json\/wp\/v2\/product\/44392\/revisions\/79084"}],"wp:featuredmedia":[{"embeddable":true,"href":"https:\/\/kgerad.de\/en\/wp-json\/wp\/v2\/media\/63276"}],"wp:attachment":[{"href":"https:\/\/kgerad.de\/en\/wp-json\/wp\/v2\/media?parent=44392"}],"wp:term":[{"taxonomy":"product_brand","embeddable":true,"href":"https:\/\/kgerad.de\/en\/wp-json\/wp\/v2\/product_brand?post=44392"},{"taxonomy":"product_cat","embeddable":true,"href":"https:\/\/kgerad.de\/en\/wp-json\/wp\/v2\/product_cat?post=44392"},{"taxonomy":"product_tag","embeddable":true,"href":"https:\/\/kgerad.de\/en\/wp-json\/wp\/v2\/product_tag?post=44392"}],"curies":[{"name":"wp","href":"https:\/\/api.w.org\/{rel}","templated":true}]}}