{"id":44382,"date":"2022-11-25T16:42:03","date_gmt":"2022-11-25T15:42:03","guid":{"rendered":"https:\/\/kgerad.de\/?post_type=product&#038;p=44382"},"modified":"2023-08-11T08:01:05","modified_gmt":"2023-08-11T06:01:05","slug":"mavic-crossmax-sl-r-29-boost-laufradsatz","status":"publish","type":"product","link":"https:\/\/kgerad.de\/en\/product\/mavic-crossmax-sl-r-29-boost-laufradsatz\/","title":{"rendered":"Mavic Crossmax SL R 29&#8243; Boost Laufradsatz"},"content":{"rendered":"<h2>Mavic Crossmax SL R 29&#8243; Boost Laufradsatz<\/h2>\n<p>Ausgelegt auf aggressive Cross-Country-Performance, begeistert das leichte Mavic Crossmax SL R 29\u201d-Laufrad mit Hookless-Felge aus Carbon durch Top-Speed, -Effizienz und -Kontrolle auf technisch anspruchsvollen XC-Kursen.<\/p>\n<h2>Hohe Seitensteifigkeit und vertikale Nachgiebigkeit: das Crossmax SL R von Mavic<\/h2>\n<p>Das Crossmax Carbon SL R 29 ist dein Laufrad, wenn es um hochintensive Cross-country-Eins\u00e4tze geht. Dieses Laufrad wurde f\u00fcr modernes XC-Fahren und den Rennsport konzipiert. Die Vollcarbon-Felgen sorgen f\u00fcr blitzartige Beschleunigung und helfen dir, technische Anstiege hinaufzuschweben. Dazu haben sie gerade genug vertikale Nachgiebigkeit, um dir zu helfen, jede gew\u00fcnschte Linie mit Pr\u00e4zision und Kontrolle zu fahren. Ihre Carbon-Decklage erh\u00e4lt unser Mavics UD\u00b2-Finish und somit einen exklusiven Look UND noch h\u00f6here Langlebigkeit. Die Maulweite von 25 mm ist so konzipiert, dass sie mit jedem modernen XC-Reifen harmoniert.<\/p>\n<p>Eingespeicht wird die Felge mit 24 geraden doppel-dickend Speichen, um eine perfekte Balance zwischen Seitensteifigkeit und vertikaler Nachgiebigkeit zu erreichen. Mavic hat daf\u00fcr die leichteren Infinity-Naben entwickelt, die in Kombination mit der Felgensteifigkeit und der strategischen Einspeichung deine Pedalkr\u00e4fte f\u00fcr eine \u00fcberlegene Kraft\u00fcbertragung maximieren. Der Instant Drive 360-Freilauf mit zwei Zahnscheiben sorgt f\u00fcr schnellen Kraftschluss, damit du schneller sprinten und aus Kurven antreten kannst. Die HR-Nabe ist kompatibel mit Shimano HG-, Micro-Spline- und Sram XD-Freilaufk\u00f6rpern. Das Crossmax SL R ist wahlweise f\u00fcr 6-Loch- oder Center-Lock-Bremsscheiben, jedoch ausschliesslich in 29&#8243; erh\u00e4ltlich. Vorne kommt eine 15&#215;110-mm-, hinten eine 12&#215;148-mm-Steckachse zum Einsatz. Das Laufrad wird mit Ventilen, Ersatzspeichen und weiterem Zubeh\u00f6r geliefert.<\/p>\n<hr \/>\n<h3>Features &#8211; Mavic Crossmax SL R Carbon 29&#8243; Boost<\/h3>\n<ul>\n<li><strong>Meistere technische Anstiege mit weniger Aufwand:<\/strong>\u00a0Leichte Vollcarbon-Felgen mit UD\u00b2-Behandlung<\/li>\n<li><strong>Pr\u00e4zises Handling und vertikale Nachgiebigkeit auf aggressiven XC-Strecken:<\/strong>\u00a0Optimierte Carbonfelgen, eingespeicht mit je 24 geraden Speichen \u2013 f\u00fcr hohe Seitensteifigkeit und vertikale Nachgiebigkeit auf dem Trail<\/li>\n<li><strong>Effiziente Kraft\u00fcbertragung:<\/strong>\u00a0Leichtere, steifere Infinity-Naben mit ultra-zuverl\u00e4ssigem Instant Drive 360-Freilauf (m. zwei Zahnscheiben) f\u00fcr unmittelbare Beschleunigung<\/li>\n<\/ul>\n<h3>Produkteigenschaften<\/h3>\n<ul>\n<li><strong>Einsatzbereich:\u00a0<\/strong>MTB \/ Cross-Country<strong><br \/>\n<\/strong><\/li>\n<li><strong>Modell:\u00a0<\/strong>Crossmax SL R<\/li>\n<li><strong>Laufradgr\u00f6\u00dfe:\u00a0<\/strong>29&#8243;<\/li>\n<li><strong>Felgentyp:<\/strong>\u00a0Tubeless Falreifen<\/li>\n<li><strong>Tubeless Ready:\u00a0<\/strong>Ja<\/li>\n<li><strong>ETRTO:<\/strong>\u00a0622 x 25<\/li>\n<li><strong>Freilaufsystem:<\/strong>\u00a0Instant Drive 360<\/li>\n<li><strong>Achssystem:<\/strong>\n<ul>\n<li><strong>Vorne:\u00a0<\/strong>15 x 110 mm Boost (Steckachse)<\/li>\n<li><strong>Hinten:<\/strong>\u00a012 x 148 mm Boost (Steckachse)<\/li>\n<\/ul>\n<\/li>\n<li><strong>Lager:<\/strong>\u00a0Selbstjustierende gedichtete Industrielager (QRM Auto)<\/li>\n<li><strong>Felgenbreite innen:\u00a0<\/strong>25 mm<\/li>\n<li><strong>Ventilloch:\u00a0<\/strong>Presta \/ SV \u00d8 6.5 mm<\/li>\n<li><strong>Speichentyp:<\/strong>\u00a0Gerade, mit Aero-Profil, doppel-dickend<\/li>\n<li><strong>Speichen:\u00a0<\/strong>je 24 (2-fach gekreuzt)<\/li>\n<li><strong>Empf. Bereifung:\u00a0<\/strong>50 mm bis 76 mm (2.00&#8243; bis 3.00&#8243;)<\/li>\n<li><strong>ASTM Kategorie:<\/strong>\u00a03 &#8211; f\u00fcr den Einsatz im Gel\u00e4nde (&#8222;Cross-country&#8220;)<\/li>\n<li><strong>Max. Systemgewicht:\u00a0<\/strong>150 kg (Fahrer + Bike + Ausr\u00fcstung)<\/li>\n<\/ul>\n<h3>Freilauf \/ Bremsaufnahme (Variante w\u00e4hlen)<\/h3>\n<ul>\n<li>Shimano HG \/ 6-Loch<\/li>\n<li>SRAM XD \/ 6-Loch<\/li>\n<li>Shimano Micro-Spline \/ Centerlock<\/li>\n<\/ul>\n<h3>Material<\/h3>\n<ul>\n<li><strong>Felge:<\/strong>\u00a0Carbon<\/li>\n<li><strong>Nabenk\u00f6rper:<\/strong>\u00a0Aluminium<\/li>\n<li><strong>Freilauf:<\/strong>\u00a0Stahl<\/li>\n<li><strong>Speichen:<\/strong>\u00a0Stahl<\/li>\n<li><strong>Speichennippel:\u00a0<\/strong>Aluminium<\/li>\n<\/ul>\n<h3>Farbe<\/h3>\n<ul>\n<li>schwarz<\/li>\n<\/ul>\n<h3>Gewicht (Herstellerangabe)<\/h3>\n<ul>\n<li><strong>Vorne:<\/strong>\u00a0720g<\/li>\n<li><strong>Hinten:<\/strong>\u00a0850g<\/li>\n<li><strong>Set:<\/strong>\u00a01570g<\/li>\n<\/ul>\n<hr \/>\n<h3>Lieferumfang<\/h3>\n<ul>\n<li>1 x Mavic Crossmax SL R 29&#8243; Boost Laufradsatz<\/li>\n<li>2 x UST-Ventil und Zubeh\u00f6r<\/li>\n<li>1 x Multifunktions-Einstellschl\u00fcssel<\/li>\n<li>2 x Tubeless-Felgenband<\/li>\n<li>4 x Ersatzspeiche<\/li>\n<\/ul>\n<hr \/>\n<h3>Technologien<\/h3>\n<p><strong>Instant Drive 360 Freilauf-Technologie<\/strong><br \/>\nDas neue Instant Drive 360-Freilauf-System ist superleicht und sorgt mit nur 9\u00b0 Eingriffswinkel f\u00fcr schnellen Kraftschluss. Eine grosse kontaktfreie Gummidichtung senkt die Reibung. Und eine breite Auswahl an Achsstummeln sorgt f\u00fcr Kompatibilit\u00e4t mit vielen Einbaustandards.<\/p>\n<p><strong>QRM Auto Lagerspiel-Justage-Technologie<\/strong><br \/>\nQualit\u00e9 de Roulements Mavic Auto. Unsere j\u00fcngste Lager-Innovation. Diese Industrielager (Lagerluft: C3) sind selbstverst\u00e4ndlich doppelt gedichtet. Ihr Lagerspiel wird automatisch justiert, um dauerhaft leichtg\u00e4ngigen Lauf ohne jegliches Spiel zu garantieren.<\/p>","protected":false},"excerpt":{"rendered":"<p>Mavic Crossmax SL R 29&#8243; Boost Laufradsatz Ausgelegt auf aggressive Cross-Country-Performance, begeistert das leichte Mavic Crossmax SL R 29\u201d-Laufrad mit<\/p>","protected":false},"featured_media":63270,"comment_status":"open","ping_status":"closed","template":"","meta":[],"product_brand":[],"product_cat":[460,423],"product_tag":[],"class_list":{"0":"post-44382","1":"product","2":"type-product","3":"status-publish","4":"has-post-thumbnail","6":"product_cat-rennrad-teile","7":"product_cat-teile","8":"pa_marke-mavic","10":"first","11":"instock","12":"sale","13":"taxable","14":"shipping-taxable","15":"purchasable","16":"product-type-variable"},"yoast_head":"<!-- This site is optimized with the Yoast SEO Premium plugin v20.12 (Yoast SEO v27.1.1) - https:\/\/yoast.com\/product\/yoast-seo-premium-wordpress\/ -->\n<title>Mavic Crossmax SL R 29&quot; Boost Laufradsatz<\/title>\n<meta name=\"description\" content=\"Entdecken Sie unseren Online-Fahrradladen: Gro\u00dfe Auswahl an Modellen f\u00fcr alle Radsportbegeisterten. Von Rennr\u00e4dern bis zu Mountainbikes - finden Sie heute Ihren perfekten Wegbegleiter!\" \/>\n<meta name=\"robots\" content=\"index, follow, max-snippet:-1, max-image-preview:large, max-video-preview:-1\" \/>\n<link rel=\"canonical\" href=\"https:\/\/kgerad.de\/en\/product\/mavic-crossmax-sl-r-29-boost-laufradsatz\/\" \/>\n<meta property=\"og:locale\" content=\"en_US\" \/>\n<meta property=\"og:type\" content=\"article\" \/>\n<meta property=\"og:title\" content=\"Mavic Crossmax SL R 29&quot; Boost Laufradsatz\" \/>\n<meta property=\"og:description\" content=\"Entdecken Sie unseren Online-Fahrradladen: Gro\u00dfe Auswahl an Modellen f\u00fcr alle Radsportbegeisterten. Von Rennr\u00e4dern bis zu Mountainbikes - finden Sie heute Ihren perfekten Wegbegleiter!\" \/>\n<meta property=\"og:url\" content=\"https:\/\/kgerad.de\/en\/product\/mavic-crossmax-sl-r-29-boost-laufradsatz\/\" \/>\n<meta property=\"og:site_name\" content=\"kgerad.de\" \/>\n<meta property=\"article:modified_time\" content=\"2023-08-11T06:01:05+00:00\" \/>\n<meta property=\"og:image\" content=\"https:\/\/kgerad.de\/wp-content\/uploads\/2023\/06\/Mavic-Crossmax-SL-R-29-Boost-Laufradsatz-20111887_c_800x800-00.jpg\" \/>\n\t<meta property=\"og:image:width\" content=\"800\" \/>\n\t<meta property=\"og:image:height\" content=\"475\" \/>\n\t<meta property=\"og:image:type\" content=\"image\/jpeg\" \/>\n<meta name=\"twitter:card\" content=\"summary_large_image\" \/>\n<meta name=\"twitter:label1\" content=\"Est. reading time\" \/>\n\t<meta name=\"twitter:data1\" content=\"3 minutes\" \/>\n<script type=\"application\/ld+json\" class=\"yoast-schema-graph\">{\"@context\":\"https:\/\/schema.org\",\"@graph\":[{\"@type\":\"WebPage\",\"@id\":\"https:\/\/kgerad.de\/produkt\/mavic-crossmax-sl-r-29-boost-laufradsatz\/\",\"url\":\"https:\/\/kgerad.de\/produkt\/mavic-crossmax-sl-r-29-boost-laufradsatz\/\",\"name\":\"Mavic Crossmax SL R 29\\\" Boost Laufradsatz\",\"isPartOf\":{\"@id\":\"https:\/\/kgerad.de\/#website\"},\"primaryImageOfPage\":{\"@id\":\"https:\/\/kgerad.de\/produkt\/mavic-crossmax-sl-r-29-boost-laufradsatz\/#primaryimage\"},\"image\":{\"@id\":\"https:\/\/kgerad.de\/produkt\/mavic-crossmax-sl-r-29-boost-laufradsatz\/#primaryimage\"},\"thumbnailUrl\":\"https:\/\/kgerad.de\/wp-content\/uploads\/2023\/06\/Mavic-Crossmax-SL-R-29-Boost-Laufradsatz-20111887_c_800x800-00.jpg\",\"datePublished\":\"2022-11-25T15:42:03+00:00\",\"dateModified\":\"2023-08-11T06:01:05+00:00\",\"description\":\"Entdecken Sie unseren Online-Fahrradladen: Gro\u00dfe Auswahl an Modellen f\u00fcr alle Radsportbegeisterten. Von Rennr\u00e4dern bis zu Mountainbikes - finden Sie heute Ihren perfekten Wegbegleiter!\",\"breadcrumb\":{\"@id\":\"https:\/\/kgerad.de\/produkt\/mavic-crossmax-sl-r-29-boost-laufradsatz\/#breadcrumb\"},\"inLanguage\":\"en-US\",\"potentialAction\":[{\"@type\":\"ReadAction\",\"target\":[\"https:\/\/kgerad.de\/produkt\/mavic-crossmax-sl-r-29-boost-laufradsatz\/\"]}]},{\"@type\":\"ImageObject\",\"inLanguage\":\"en-US\",\"@id\":\"https:\/\/kgerad.de\/produkt\/mavic-crossmax-sl-r-29-boost-laufradsatz\/#primaryimage\",\"url\":\"https:\/\/kgerad.de\/wp-content\/uploads\/2023\/06\/Mavic-Crossmax-SL-R-29-Boost-Laufradsatz-20111887_c_800x800-00.jpg\",\"contentUrl\":\"https:\/\/kgerad.de\/wp-content\/uploads\/2023\/06\/Mavic-Crossmax-SL-R-29-Boost-Laufradsatz-20111887_c_800x800-00.jpg\",\"width\":800,\"height\":475,\"caption\":\"Mavic Crossmax SL R 29\\\" Boost Laufradsatz\"},{\"@type\":\"BreadcrumbList\",\"@id\":\"https:\/\/kgerad.de\/produkt\/mavic-crossmax-sl-r-29-boost-laufradsatz\/#breadcrumb\",\"itemListElement\":[{\"@type\":\"ListItem\",\"position\":1,\"name\":\"Startseite\",\"item\":\"https:\/\/kgerad.de\/\"},{\"@type\":\"ListItem\",\"position\":2,\"name\":\"LADEN\",\"item\":\"https:\/\/kgerad.de\/laden\/\"},{\"@type\":\"ListItem\",\"position\":3,\"name\":\"Mavic Crossmax SL R 29&#8243; Boost Laufradsatz\"}]},{\"@type\":\"WebSite\",\"@id\":\"https:\/\/kgerad.de\/#website\",\"url\":\"https:\/\/kgerad.de\/\",\"name\":\"kgerad.de\",\"description\":\"Treten Sie mit uns ins Abenteuer!\",\"publisher\":{\"@id\":\"https:\/\/kgerad.de\/#organization\"},\"alternateName\":\"MEIN RADLADEN\",\"potentialAction\":[{\"@type\":\"SearchAction\",\"target\":{\"@type\":\"EntryPoint\",\"urlTemplate\":\"https:\/\/kgerad.de\/?s={search_term_string}\"},\"query-input\":{\"@type\":\"PropertyValueSpecification\",\"valueRequired\":true,\"valueName\":\"search_term_string\"}}],\"inLanguage\":\"en-US\"},{\"@type\":\"Organization\",\"@id\":\"https:\/\/kgerad.de\/#organization\",\"name\":\"MEINRADLADEN\",\"alternateName\":\"MEIN RADLADEN\",\"url\":\"https:\/\/kgerad.de\/\",\"logo\":{\"@type\":\"ImageObject\",\"inLanguage\":\"en-US\",\"@id\":\"https:\/\/kgerad.de\/#\/schema\/logo\/image\/\",\"url\":\"https:\/\/kgerad.de\/wp-content\/uploads\/2025\/07\/logo-Whit.svg\",\"contentUrl\":\"https:\/\/kgerad.de\/wp-content\/uploads\/2025\/07\/logo-Whit.svg\",\"width\":1640,\"height\":371,\"caption\":\"MEINRADLADEN\"},\"image\":{\"@id\":\"https:\/\/kgerad.de\/#\/schema\/logo\/image\/\"}}]}<\/script>\n<!-- \/ Yoast SEO Premium plugin. -->","yoast_head_json":{"title":"Mavic Crossmax SL R 29\" Boost Laufradsatz","description":"Entdecken Sie unseren Online-Fahrradladen: Gro\u00dfe Auswahl an Modellen f\u00fcr alle Radsportbegeisterten. Von Rennr\u00e4dern bis zu Mountainbikes - finden Sie heute Ihren perfekten Wegbegleiter!","robots":{"index":"index","follow":"follow","max-snippet":"max-snippet:-1","max-image-preview":"max-image-preview:large","max-video-preview":"max-video-preview:-1"},"canonical":"https:\/\/kgerad.de\/en\/product\/mavic-crossmax-sl-r-29-boost-laufradsatz\/","og_locale":"en_US","og_type":"article","og_title":"Mavic Crossmax SL R 29\" Boost Laufradsatz","og_description":"Entdecken Sie unseren Online-Fahrradladen: Gro\u00dfe Auswahl an Modellen f\u00fcr alle Radsportbegeisterten. Von Rennr\u00e4dern bis zu Mountainbikes - finden Sie heute Ihren perfekten Wegbegleiter!","og_url":"https:\/\/kgerad.de\/en\/product\/mavic-crossmax-sl-r-29-boost-laufradsatz\/","og_site_name":"kgerad.de","article_modified_time":"2023-08-11T06:01:05+00:00","og_image":[{"width":800,"height":475,"url":"https:\/\/kgerad.de\/wp-content\/uploads\/2023\/06\/Mavic-Crossmax-SL-R-29-Boost-Laufradsatz-20111887_c_800x800-00.jpg","type":"image\/jpeg"}],"twitter_card":"summary_large_image","twitter_misc":{"Est. reading time":"3 minutes"},"schema":{"@context":"https:\/\/schema.org","@graph":[{"@type":"WebPage","@id":"https:\/\/kgerad.de\/produkt\/mavic-crossmax-sl-r-29-boost-laufradsatz\/","url":"https:\/\/kgerad.de\/produkt\/mavic-crossmax-sl-r-29-boost-laufradsatz\/","name":"Mavic Crossmax SL R 29\" Boost Laufradsatz","isPartOf":{"@id":"https:\/\/kgerad.de\/#website"},"primaryImageOfPage":{"@id":"https:\/\/kgerad.de\/produkt\/mavic-crossmax-sl-r-29-boost-laufradsatz\/#primaryimage"},"image":{"@id":"https:\/\/kgerad.de\/produkt\/mavic-crossmax-sl-r-29-boost-laufradsatz\/#primaryimage"},"thumbnailUrl":"https:\/\/kgerad.de\/wp-content\/uploads\/2023\/06\/Mavic-Crossmax-SL-R-29-Boost-Laufradsatz-20111887_c_800x800-00.jpg","datePublished":"2022-11-25T15:42:03+00:00","dateModified":"2023-08-11T06:01:05+00:00","description":"Entdecken Sie unseren Online-Fahrradladen: Gro\u00dfe Auswahl an Modellen f\u00fcr alle Radsportbegeisterten. Von Rennr\u00e4dern bis zu Mountainbikes - finden Sie heute Ihren perfekten Wegbegleiter!","breadcrumb":{"@id":"https:\/\/kgerad.de\/produkt\/mavic-crossmax-sl-r-29-boost-laufradsatz\/#breadcrumb"},"inLanguage":"en-US","potentialAction":[{"@type":"ReadAction","target":["https:\/\/kgerad.de\/produkt\/mavic-crossmax-sl-r-29-boost-laufradsatz\/"]}]},{"@type":"ImageObject","inLanguage":"en-US","@id":"https:\/\/kgerad.de\/produkt\/mavic-crossmax-sl-r-29-boost-laufradsatz\/#primaryimage","url":"https:\/\/kgerad.de\/wp-content\/uploads\/2023\/06\/Mavic-Crossmax-SL-R-29-Boost-Laufradsatz-20111887_c_800x800-00.jpg","contentUrl":"https:\/\/kgerad.de\/wp-content\/uploads\/2023\/06\/Mavic-Crossmax-SL-R-29-Boost-Laufradsatz-20111887_c_800x800-00.jpg","width":800,"height":475,"caption":"Mavic Crossmax SL R 29\" Boost Laufradsatz"},{"@type":"BreadcrumbList","@id":"https:\/\/kgerad.de\/produkt\/mavic-crossmax-sl-r-29-boost-laufradsatz\/#breadcrumb","itemListElement":[{"@type":"ListItem","position":1,"name":"Startseite","item":"https:\/\/kgerad.de\/"},{"@type":"ListItem","position":2,"name":"LADEN","item":"https:\/\/kgerad.de\/laden\/"},{"@type":"ListItem","position":3,"name":"Mavic Crossmax SL R 29&#8243; Boost Laufradsatz"}]},{"@type":"WebSite","@id":"https:\/\/kgerad.de\/#website","url":"https:\/\/kgerad.de\/","name":"kgerad.de","description":"Treten Sie mit uns ins Abenteuer!","publisher":{"@id":"https:\/\/kgerad.de\/#organization"},"alternateName":"MEIN RADLADEN","potentialAction":[{"@type":"SearchAction","target":{"@type":"EntryPoint","urlTemplate":"https:\/\/kgerad.de\/?s={search_term_string}"},"query-input":{"@type":"PropertyValueSpecification","valueRequired":true,"valueName":"search_term_string"}}],"inLanguage":"en-US"},{"@type":"Organization","@id":"https:\/\/kgerad.de\/#organization","name":"MEINRADLADEN","alternateName":"MEIN RADLADEN","url":"https:\/\/kgerad.de\/","logo":{"@type":"ImageObject","inLanguage":"en-US","@id":"https:\/\/kgerad.de\/#\/schema\/logo\/image\/","url":"https:\/\/kgerad.de\/wp-content\/uploads\/2025\/07\/logo-Whit.svg","contentUrl":"https:\/\/kgerad.de\/wp-content\/uploads\/2025\/07\/logo-Whit.svg","width":1640,"height":371,"caption":"MEINRADLADEN"},"image":{"@id":"https:\/\/kgerad.de\/#\/schema\/logo\/image\/"}}]}},"_links":{"self":[{"href":"https:\/\/kgerad.de\/en\/wp-json\/wp\/v2\/product\/44382","targetHints":{"allow":["GET"]}}],"collection":[{"href":"https:\/\/kgerad.de\/en\/wp-json\/wp\/v2\/product"}],"about":[{"href":"https:\/\/kgerad.de\/en\/wp-json\/wp\/v2\/types\/product"}],"replies":[{"embeddable":true,"href":"https:\/\/kgerad.de\/en\/wp-json\/wp\/v2\/comments?post=44382"}],"version-history":[{"count":1,"href":"https:\/\/kgerad.de\/en\/wp-json\/wp\/v2\/product\/44382\/revisions"}],"predecessor-version":[{"id":79085,"href":"https:\/\/kgerad.de\/en\/wp-json\/wp\/v2\/product\/44382\/revisions\/79085"}],"wp:featuredmedia":[{"embeddable":true,"href":"https:\/\/kgerad.de\/en\/wp-json\/wp\/v2\/media\/63270"}],"wp:attachment":[{"href":"https:\/\/kgerad.de\/en\/wp-json\/wp\/v2\/media?parent=44382"}],"wp:term":[{"taxonomy":"product_brand","embeddable":true,"href":"https:\/\/kgerad.de\/en\/wp-json\/wp\/v2\/product_brand?post=44382"},{"taxonomy":"product_cat","embeddable":true,"href":"https:\/\/kgerad.de\/en\/wp-json\/wp\/v2\/product_cat?post=44382"},{"taxonomy":"product_tag","embeddable":true,"href":"https:\/\/kgerad.de\/en\/wp-json\/wp\/v2\/product_tag?post=44382"}],"curies":[{"name":"wp","href":"https:\/\/api.w.org\/{rel}","templated":true}]}}