{"id":44327,"date":"2022-11-24T22:11:09","date_gmt":"2022-11-24T21:11:09","guid":{"rendered":"https:\/\/kgerad.de\/?post_type=product&#038;p=44327"},"modified":"2023-08-11T08:01:32","modified_gmt":"2023-08-11T06:01:32","slug":"arc8-extra-mountainbike-carbon-rahmen-set-rockshox-super-deluxe-ultimate","status":"publish","type":"product","link":"https:\/\/kgerad.de\/en\/product\/arc8-extra-mountainbike-carbon-rahmen-set-rockshox-super-deluxe-ultimate\/","title":{"rendered":"ARC8 Extra Mountainbike Carbon Rahmen Set RockShox"},"content":{"rendered":"<div class=\"product--headername\">\n<h2 class=\"product--title\"><strong>ARC8<\/strong>\u00a0Extra Mountainbike Carbon Rahmen Set RockShox Super Deluxe Ultimate<\/h2>\n<div class=\"product--rating-container\">Das ARC8 Extra Mountainbike RCT Debon Air D\u00e4mpfer bietet das perfekte Fundament, um dein MTB genau nach deinen Vorstellungen aufzubauen. Montiere eine 160mm Federgabel, Sattel und <a href=\"http:\/\/1-1\">Sattelst\u00fctze<\/a>, Cockpit, Bremsen sowie Boost-Laufr\u00e4der mit entsprechenden 29&#8243;-Reifen und schon bist du bereit f\u00fcr ein Abenteuer in den Bergen, denn das &#8222;Extra&#8220; spielt sein volles Potential aus, wenn das Gel\u00e4nde richtig anspruchsvoll wird.Einen langen <a href=\"http:\/\/1.1\">Reach<\/a>, 64\u00b0 Lenkwinkel und ein tiefliegendes Tretlager sorgen daf\u00fcr, dass die Musik im vorderen Bereich spielt. Der Hinterbau mit kurzen Kettenstreben gibt dem Extra Verspieltheit und Agilit\u00e4t.<\/div>\n<div><\/div>\n<div class=\"product--rating-container\">\n<p>Damit ist aber noch nicht genug. Der Hinterbau mit kurzen Kettenstreben gibt dem Extra Verspieltheit und Agilit\u00e4t.Einen langen Reach, 64\u00b0 Lenkwinkel und ein tiefliegendes Tretlager sorgen daf\u00fcr, dass die Musik im vorderen Bereich spielt. Der Hinterbau mit kurzen Kettenstreben gibt dem Extra Verspieltheit und Agilit\u00e4t. Damit ist aber noch nicht genug. Der Hinterbau mit kurzen Kettenstreben gibt dem Extra Verspieltheit und Agilit\u00e4t.<\/p>\n<hr \/>\n<h3>Highlights des ARC8 Extra Mountainbike Carbon Rahmensets<\/h3>\n<p><strong>Geometrie<\/strong><br \/>\nL\u00e4nger, flacher, tiefer, mit kurzen Kettenstreben. ARC8 wird nicht wiederholen wie dieses Konzept funktioniert, da du es wohl schon tausendfach geh\u00f6rt hast. Als Jonas zum ersten Mal ein 29er entwickelt hat, war der Kommentar von Dirt Magazine &#8222;best geometry in the business&#8220;. Lass uns einfach sagen, das Konzept funktioniert immer noch. Unverst\u00e4ndlicherweise misst ein gro\u00dfer Teil der Industrie den Sitzwinkel auf H\u00f6he des Steuersatzes, nicht auf der H\u00f6he des Sattels. Das ergibt einen Sitzwinkel, der zwar auf dem Papier ok erscheint, in der Realit\u00e4t viel zu flach ist. ARC 8 misst den Sitzwinkel deshalb auf einer Sattelh\u00f6he von 750 mm.<\/p>\n<p><strong>2.6&#8243; Reifenfreiheit<\/strong><br \/>\nDer Extra Rahmen bietet gen\u00fcgend Platz f\u00fcr Reifen bis zu 2.6&#8243;.<\/p>\n<p><strong>Asymmetrischer Hinterbau<\/strong><br \/>\nWenn man versucht, kurze Kettenstreben mit 29 x 2.6&#8243; Reifen zu kombinieren, bleibt schlicht zu wenig Platz f\u00fcr die Kettenstreben. Gl\u00fccklicherweise sind nun diverse Kurbeln mit einer Kettenlinie von 55-57 mm erh\u00e4ltlich. Um trotzdem eine gute Kettenlinie zu erhalten, setzt ARC8 beim EXTRA Rahmen auf herk\u00f6mmliche Boost (148 mm) Naben, allerdings mit einem Versatz von 4 mm nach rechts. Das bringt einige Vorteile:<\/p>\n<ul>\n<li>Gleichm\u00e4ssigere Speichenspannung<\/li>\n<li>Die Bremsscheibe ist weniger exponiert<\/li>\n<li>Leichter als eine 157 mm Nabe<\/li>\n<li>Du kannst deine Boost-Laufr\u00e4der behalten. Diese k\u00f6nnen problemlos auf 4 mm Versatz umzentriert werden.<\/li>\n<\/ul>\n<p><strong>Kinematik<\/strong><br \/>\nDie Federkennlinie wurde progressiv ausgelegt um mit Luft- und Stahlfederd\u00e4mpfern zu harmonieren. Das \u00dcbersetzungsverh\u00e4ltnis ist am h\u00f6chsten beim Sag f\u00fcr beste Sensibilit\u00e4t und sinkt mit zunehmendem Federweg, um Durchschl\u00e4ge zu verhindern.<\/p>\n<hr \/>\n<h3>Produkteigenschaften<\/h3>\n<ul>\n<li><strong>Rahmen:<\/strong>\u00a0ARC8 Extra\n<ul>\n<li><strong>Laufradgr\u00f6\u00dfe:\u00a0<\/strong>29&#8243;<\/li>\n<li><strong>Max Reifen Breite:\u00a0<\/strong>2,6&#8243;<\/li>\n<li><strong>Ausfallende:\u00a0<\/strong>Boost Steckachse 12&#215;148 mm<\/li>\n<li><strong>Steuersatz:<\/strong>\u00a0Acros IS52\/40, IS52\/40 (auch kompatibel mit FSA oder Prestine Steuersatz mit interner Kabelf\u00fchrung)<\/li>\n<li><strong>Kompatible Schaltsysteme:<\/strong>\u00a0Mechanisch, Shimano Di2, SRAM AXS<\/li>\n<li><strong>Scheibenbremsaufnahme hinten:<\/strong>\u00a0Postmount 160 mm<\/li>\n<li><strong>Max. Scheibenbremse:<\/strong>\u00a0203 mm<\/li>\n<li><strong>Max. Kettenblatt Gr\u00f6\u00dfe:\u00a0<\/strong>38 T mit 56 mm Kettenlinie<\/li>\n<li><strong>Durchmesser Sattelklemme:\u00a0<\/strong>34,9 mm<\/li>\n<li><strong>Durchmesser Sattelst\u00fctze:<\/strong>\u00a030,9 mm<\/li>\n<li><strong>Min Hub Sattelst\u00fctze:<\/strong>\u00a0150 mm von Rock Shox Reverb kann bei jeder Rahmengr\u00f6\u00dfe vollst\u00e4ndig eingesetzt werden (nicht im Lieferumfang)<\/li>\n<li><strong>Max. Federweg:<\/strong>\u00a0160 mm<\/li>\n<li><strong>Tretlagergeh\u00e4use:<\/strong>\u00a0BSA 73 mm<\/li>\n<li><strong>Montage Kettenf\u00fchrung:<\/strong>\u00a0ISCG05<\/li>\n<li><strong>Flaschenhaltermontage:\u00a0<\/strong>Eine 0,5-Liter-Flasche am Unterrohr. Sideload Flaschenhalter erforderlich<strong><br \/>\n<\/strong><\/li>\n<\/ul>\n<\/li>\n<li><strong>D\u00e4mpfer:\u00a0<\/strong>RockShox Super Deluxe Ultimate RCT Debon Air\n<ul>\n<li><strong>Einbaul\u00e4nge:\u00a0<\/strong>230 x 60 mm<\/li>\n<li><strong>D\u00e4mpferbuchsen:<\/strong>\u00a020&#215;8\/30&#215;8 mm<\/li>\n<li><strong>Feder:<\/strong>\u00a0Debon Air<\/li>\n<li><strong>Federung:<\/strong>\u00a0RCT<\/li>\n<li><strong>D\u00e4mpfung:<\/strong>\u00a0Einstellbare Druck- und Zugstufe bis zum Lockout (open\/firm)<\/li>\n<li><strong>Federeinstellung:<\/strong>\u00a0Luftdruck via einzelnes Autoventil<\/li>\n<\/ul>\n<\/li>\n<\/ul>\n<h3>Gr\u00f6\u00dfe \/ Empfohlene K\u00f6rpergr\u00f6\u00dfe (Variante w\u00e4hlen)<\/h3>\n<ul>\n<li>S \/ &lt;170 mm<\/li>\n<li>M \/ 173-182 mm<\/li>\n<li>L \/ &gt;182 mm<\/li>\n<\/ul>\n<h3>Material<\/h3>\n<ul>\n<li>Carbon<\/li>\n<\/ul>\n<h3>Farbe<\/h3>\n<ul>\n<li>white<\/li>\n<\/ul>\n<h3>Gewicht (Herstellerangabe)<\/h3>\n<ul>\n<li><strong>Rahmen:<\/strong>\u00a02,28kg<\/li>\n<li><strong>D\u00e4mpfer:<\/strong>\u00a00,60kg<\/li>\n<\/ul>\n<hr \/>\n<h3>Lieferumfang<\/h3>\n<ul>\n<li>1 x ARC8 Extra Mountainbike Carbon Rahmen Set<\/li>\n<li>1 x Acros Steuersatz mit integrierter Kabelf\u00fchrung<\/li>\n<li>1 x Boost Steckachse 12&#215;148 mm<\/li>\n<li>Inkl. Schaltauge, Flaschenhalterschrauben<\/li>\n<\/ul>\n<\/div>\n<\/div>","protected":false},"excerpt":{"rendered":"<p>ARC8\u00a0Extra Mountainbike Carbon Rahmen Set RockShox Super Deluxe Ultimate Das ARC8 Extra Mountainbike RCT Debon Air D\u00e4mpfer bietet das perfekte<\/p>","protected":false},"featured_media":63246,"comment_status":"open","ping_status":"closed","template":"","meta":[],"product_brand":[],"product_cat":[460,423],"product_tag":[],"class_list":{"0":"post-44327","1":"product","2":"type-product","3":"status-publish","4":"has-post-thumbnail","6":"product_cat-rennrad-teile","7":"product_cat-teile","8":"pa_marke-arc8","10":"first","11":"instock","12":"sale","13":"taxable","14":"shipping-taxable","15":"purchasable","16":"product-type-variable"},"yoast_head":"<!-- This site is optimized with the Yoast SEO Premium plugin v20.12 (Yoast SEO v27.1.1) - https:\/\/yoast.com\/product\/yoast-seo-premium-wordpress\/ -->\n<title>ARC8 Extra Mountainbike Carbon Rahmen Set RockShox<\/title>\n<meta name=\"description\" content=\"Entdecken Sie unseren Online-Fahrradladen: Gro\u00dfe Auswahl an Modellen f\u00fcr alle Radsportbegeisterten. Von Rennr\u00e4dern bis zu Mountainbikes - finden Sie heute Ihren perfekten Wegbegleiter!\" \/>\n<meta name=\"robots\" content=\"index, follow, max-snippet:-1, max-image-preview:large, max-video-preview:-1\" \/>\n<link rel=\"canonical\" href=\"https:\/\/kgerad.de\/en\/product\/arc8-extra-mountainbike-carbon-rahmen-set-rockshox-super-deluxe-ultimate\/\" \/>\n<meta property=\"og:locale\" content=\"en_US\" \/>\n<meta property=\"og:type\" content=\"article\" \/>\n<meta property=\"og:title\" content=\"ARC8 Extra Mountainbike Carbon Rahmen Set RockShox\" \/>\n<meta property=\"og:description\" content=\"Entdecken Sie unseren Online-Fahrradladen: Gro\u00dfe Auswahl an Modellen f\u00fcr alle Radsportbegeisterten. Von Rennr\u00e4dern bis zu Mountainbikes - finden Sie heute Ihren perfekten Wegbegleiter!\" \/>\n<meta property=\"og:url\" content=\"https:\/\/kgerad.de\/en\/product\/arc8-extra-mountainbike-carbon-rahmen-set-rockshox-super-deluxe-ultimate\/\" \/>\n<meta property=\"og:site_name\" content=\"kgerad.de\" \/>\n<meta property=\"article:modified_time\" content=\"2023-08-11T06:01:32+00:00\" \/>\n<meta property=\"og:image\" content=\"https:\/\/kgerad.de\/wp-content\/uploads\/2023\/06\/ARC8-EXTRA_KIT_-Extra-Mountainbike-Carbon-Rahmen-Set-1_800x800-0.jpg\" \/>\n\t<meta property=\"og:image:width\" content=\"800\" \/>\n\t<meta property=\"og:image:height\" content=\"477\" \/>\n\t<meta property=\"og:image:type\" content=\"image\/jpeg\" \/>\n<meta name=\"twitter:card\" content=\"summary_large_image\" \/>\n<meta name=\"twitter:label1\" content=\"Est. reading time\" \/>\n\t<meta name=\"twitter:data1\" content=\"4 minutes\" \/>\n<script type=\"application\/ld+json\" class=\"yoast-schema-graph\">{\"@context\":\"https:\/\/schema.org\",\"@graph\":[{\"@type\":\"WebPage\",\"@id\":\"https:\/\/kgerad.de\/produkt\/arc8-extra-mountainbike-carbon-rahmen-set-rockshox-super-deluxe-ultimate\/\",\"url\":\"https:\/\/kgerad.de\/produkt\/arc8-extra-mountainbike-carbon-rahmen-set-rockshox-super-deluxe-ultimate\/\",\"name\":\"ARC8 Extra Mountainbike Carbon Rahmen Set RockShox\",\"isPartOf\":{\"@id\":\"https:\/\/kgerad.de\/#website\"},\"primaryImageOfPage\":{\"@id\":\"https:\/\/kgerad.de\/produkt\/arc8-extra-mountainbike-carbon-rahmen-set-rockshox-super-deluxe-ultimate\/#primaryimage\"},\"image\":{\"@id\":\"https:\/\/kgerad.de\/produkt\/arc8-extra-mountainbike-carbon-rahmen-set-rockshox-super-deluxe-ultimate\/#primaryimage\"},\"thumbnailUrl\":\"https:\/\/kgerad.de\/wp-content\/uploads\/2023\/06\/ARC8-EXTRA_KIT_-Extra-Mountainbike-Carbon-Rahmen-Set-1_800x800-0.jpg\",\"datePublished\":\"2022-11-24T21:11:09+00:00\",\"dateModified\":\"2023-08-11T06:01:32+00:00\",\"description\":\"Entdecken Sie unseren Online-Fahrradladen: Gro\u00dfe Auswahl an Modellen f\u00fcr alle Radsportbegeisterten. Von Rennr\u00e4dern bis zu Mountainbikes - finden Sie heute Ihren perfekten Wegbegleiter!\",\"breadcrumb\":{\"@id\":\"https:\/\/kgerad.de\/produkt\/arc8-extra-mountainbike-carbon-rahmen-set-rockshox-super-deluxe-ultimate\/#breadcrumb\"},\"inLanguage\":\"en-US\",\"potentialAction\":[{\"@type\":\"ReadAction\",\"target\":[\"https:\/\/kgerad.de\/produkt\/arc8-extra-mountainbike-carbon-rahmen-set-rockshox-super-deluxe-ultimate\/\"]}]},{\"@type\":\"ImageObject\",\"inLanguage\":\"en-US\",\"@id\":\"https:\/\/kgerad.de\/produkt\/arc8-extra-mountainbike-carbon-rahmen-set-rockshox-super-deluxe-ultimate\/#primaryimage\",\"url\":\"https:\/\/kgerad.de\/wp-content\/uploads\/2023\/06\/ARC8-EXTRA_KIT_-Extra-Mountainbike-Carbon-Rahmen-Set-1_800x800-0.jpg\",\"contentUrl\":\"https:\/\/kgerad.de\/wp-content\/uploads\/2023\/06\/ARC8-EXTRA_KIT_-Extra-Mountainbike-Carbon-Rahmen-Set-1_800x800-0.jpg\",\"width\":800,\"height\":477,\"caption\":\"ARC8 Extra Mountainbike Carbon Rahmen Set RockShox Super Deluxe Ultimate\"},{\"@type\":\"BreadcrumbList\",\"@id\":\"https:\/\/kgerad.de\/produkt\/arc8-extra-mountainbike-carbon-rahmen-set-rockshox-super-deluxe-ultimate\/#breadcrumb\",\"itemListElement\":[{\"@type\":\"ListItem\",\"position\":1,\"name\":\"Startseite\",\"item\":\"https:\/\/kgerad.de\/\"},{\"@type\":\"ListItem\",\"position\":2,\"name\":\"LADEN\",\"item\":\"https:\/\/kgerad.de\/laden\/\"},{\"@type\":\"ListItem\",\"position\":3,\"name\":\"ARC8 Extra Mountainbike Carbon Rahmen Set RockShox\"}]},{\"@type\":\"WebSite\",\"@id\":\"https:\/\/kgerad.de\/#website\",\"url\":\"https:\/\/kgerad.de\/\",\"name\":\"kgerad.de\",\"description\":\"Treten Sie mit uns ins Abenteuer!\",\"publisher\":{\"@id\":\"https:\/\/kgerad.de\/#organization\"},\"alternateName\":\"MEIN RADLADEN\",\"potentialAction\":[{\"@type\":\"SearchAction\",\"target\":{\"@type\":\"EntryPoint\",\"urlTemplate\":\"https:\/\/kgerad.de\/?s={search_term_string}\"},\"query-input\":{\"@type\":\"PropertyValueSpecification\",\"valueRequired\":true,\"valueName\":\"search_term_string\"}}],\"inLanguage\":\"en-US\"},{\"@type\":\"Organization\",\"@id\":\"https:\/\/kgerad.de\/#organization\",\"name\":\"MEINRADLADEN\",\"alternateName\":\"MEIN RADLADEN\",\"url\":\"https:\/\/kgerad.de\/\",\"logo\":{\"@type\":\"ImageObject\",\"inLanguage\":\"en-US\",\"@id\":\"https:\/\/kgerad.de\/#\/schema\/logo\/image\/\",\"url\":\"https:\/\/kgerad.de\/wp-content\/uploads\/2025\/07\/logo-Whit.svg\",\"contentUrl\":\"https:\/\/kgerad.de\/wp-content\/uploads\/2025\/07\/logo-Whit.svg\",\"width\":1640,\"height\":371,\"caption\":\"MEINRADLADEN\"},\"image\":{\"@id\":\"https:\/\/kgerad.de\/#\/schema\/logo\/image\/\"}}]}<\/script>\n<!-- \/ Yoast SEO Premium plugin. -->","yoast_head_json":{"title":"ARC8 Extra Mountainbike Carbon Rahmen Set RockShox","description":"Entdecken Sie unseren Online-Fahrradladen: Gro\u00dfe Auswahl an Modellen f\u00fcr alle Radsportbegeisterten. Von Rennr\u00e4dern bis zu Mountainbikes - finden Sie heute Ihren perfekten Wegbegleiter!","robots":{"index":"index","follow":"follow","max-snippet":"max-snippet:-1","max-image-preview":"max-image-preview:large","max-video-preview":"max-video-preview:-1"},"canonical":"https:\/\/kgerad.de\/en\/product\/arc8-extra-mountainbike-carbon-rahmen-set-rockshox-super-deluxe-ultimate\/","og_locale":"en_US","og_type":"article","og_title":"ARC8 Extra Mountainbike Carbon Rahmen Set RockShox","og_description":"Entdecken Sie unseren Online-Fahrradladen: Gro\u00dfe Auswahl an Modellen f\u00fcr alle Radsportbegeisterten. Von Rennr\u00e4dern bis zu Mountainbikes - finden Sie heute Ihren perfekten Wegbegleiter!","og_url":"https:\/\/kgerad.de\/en\/product\/arc8-extra-mountainbike-carbon-rahmen-set-rockshox-super-deluxe-ultimate\/","og_site_name":"kgerad.de","article_modified_time":"2023-08-11T06:01:32+00:00","og_image":[{"width":800,"height":477,"url":"https:\/\/kgerad.de\/wp-content\/uploads\/2023\/06\/ARC8-EXTRA_KIT_-Extra-Mountainbike-Carbon-Rahmen-Set-1_800x800-0.jpg","type":"image\/jpeg"}],"twitter_card":"summary_large_image","twitter_misc":{"Est. reading time":"4 minutes"},"schema":{"@context":"https:\/\/schema.org","@graph":[{"@type":"WebPage","@id":"https:\/\/kgerad.de\/produkt\/arc8-extra-mountainbike-carbon-rahmen-set-rockshox-super-deluxe-ultimate\/","url":"https:\/\/kgerad.de\/produkt\/arc8-extra-mountainbike-carbon-rahmen-set-rockshox-super-deluxe-ultimate\/","name":"ARC8 Extra Mountainbike Carbon Rahmen Set RockShox","isPartOf":{"@id":"https:\/\/kgerad.de\/#website"},"primaryImageOfPage":{"@id":"https:\/\/kgerad.de\/produkt\/arc8-extra-mountainbike-carbon-rahmen-set-rockshox-super-deluxe-ultimate\/#primaryimage"},"image":{"@id":"https:\/\/kgerad.de\/produkt\/arc8-extra-mountainbike-carbon-rahmen-set-rockshox-super-deluxe-ultimate\/#primaryimage"},"thumbnailUrl":"https:\/\/kgerad.de\/wp-content\/uploads\/2023\/06\/ARC8-EXTRA_KIT_-Extra-Mountainbike-Carbon-Rahmen-Set-1_800x800-0.jpg","datePublished":"2022-11-24T21:11:09+00:00","dateModified":"2023-08-11T06:01:32+00:00","description":"Entdecken Sie unseren Online-Fahrradladen: Gro\u00dfe Auswahl an Modellen f\u00fcr alle Radsportbegeisterten. Von Rennr\u00e4dern bis zu Mountainbikes - finden Sie heute Ihren perfekten Wegbegleiter!","breadcrumb":{"@id":"https:\/\/kgerad.de\/produkt\/arc8-extra-mountainbike-carbon-rahmen-set-rockshox-super-deluxe-ultimate\/#breadcrumb"},"inLanguage":"en-US","potentialAction":[{"@type":"ReadAction","target":["https:\/\/kgerad.de\/produkt\/arc8-extra-mountainbike-carbon-rahmen-set-rockshox-super-deluxe-ultimate\/"]}]},{"@type":"ImageObject","inLanguage":"en-US","@id":"https:\/\/kgerad.de\/produkt\/arc8-extra-mountainbike-carbon-rahmen-set-rockshox-super-deluxe-ultimate\/#primaryimage","url":"https:\/\/kgerad.de\/wp-content\/uploads\/2023\/06\/ARC8-EXTRA_KIT_-Extra-Mountainbike-Carbon-Rahmen-Set-1_800x800-0.jpg","contentUrl":"https:\/\/kgerad.de\/wp-content\/uploads\/2023\/06\/ARC8-EXTRA_KIT_-Extra-Mountainbike-Carbon-Rahmen-Set-1_800x800-0.jpg","width":800,"height":477,"caption":"ARC8 Extra Mountainbike Carbon Rahmen Set RockShox Super Deluxe Ultimate"},{"@type":"BreadcrumbList","@id":"https:\/\/kgerad.de\/produkt\/arc8-extra-mountainbike-carbon-rahmen-set-rockshox-super-deluxe-ultimate\/#breadcrumb","itemListElement":[{"@type":"ListItem","position":1,"name":"Startseite","item":"https:\/\/kgerad.de\/"},{"@type":"ListItem","position":2,"name":"LADEN","item":"https:\/\/kgerad.de\/laden\/"},{"@type":"ListItem","position":3,"name":"ARC8 Extra Mountainbike Carbon Rahmen Set RockShox"}]},{"@type":"WebSite","@id":"https:\/\/kgerad.de\/#website","url":"https:\/\/kgerad.de\/","name":"kgerad.de","description":"Treten Sie mit uns ins Abenteuer!","publisher":{"@id":"https:\/\/kgerad.de\/#organization"},"alternateName":"MEIN RADLADEN","potentialAction":[{"@type":"SearchAction","target":{"@type":"EntryPoint","urlTemplate":"https:\/\/kgerad.de\/?s={search_term_string}"},"query-input":{"@type":"PropertyValueSpecification","valueRequired":true,"valueName":"search_term_string"}}],"inLanguage":"en-US"},{"@type":"Organization","@id":"https:\/\/kgerad.de\/#organization","name":"MEINRADLADEN","alternateName":"MEIN RADLADEN","url":"https:\/\/kgerad.de\/","logo":{"@type":"ImageObject","inLanguage":"en-US","@id":"https:\/\/kgerad.de\/#\/schema\/logo\/image\/","url":"https:\/\/kgerad.de\/wp-content\/uploads\/2025\/07\/logo-Whit.svg","contentUrl":"https:\/\/kgerad.de\/wp-content\/uploads\/2025\/07\/logo-Whit.svg","width":1640,"height":371,"caption":"MEINRADLADEN"},"image":{"@id":"https:\/\/kgerad.de\/#\/schema\/logo\/image\/"}}]}},"_links":{"self":[{"href":"https:\/\/kgerad.de\/en\/wp-json\/wp\/v2\/product\/44327","targetHints":{"allow":["GET"]}}],"collection":[{"href":"https:\/\/kgerad.de\/en\/wp-json\/wp\/v2\/product"}],"about":[{"href":"https:\/\/kgerad.de\/en\/wp-json\/wp\/v2\/types\/product"}],"replies":[{"embeddable":true,"href":"https:\/\/kgerad.de\/en\/wp-json\/wp\/v2\/comments?post=44327"}],"version-history":[{"count":1,"href":"https:\/\/kgerad.de\/en\/wp-json\/wp\/v2\/product\/44327\/revisions"}],"predecessor-version":[{"id":79086,"href":"https:\/\/kgerad.de\/en\/wp-json\/wp\/v2\/product\/44327\/revisions\/79086"}],"wp:featuredmedia":[{"embeddable":true,"href":"https:\/\/kgerad.de\/en\/wp-json\/wp\/v2\/media\/63246"}],"wp:attachment":[{"href":"https:\/\/kgerad.de\/en\/wp-json\/wp\/v2\/media?parent=44327"}],"wp:term":[{"taxonomy":"product_brand","embeddable":true,"href":"https:\/\/kgerad.de\/en\/wp-json\/wp\/v2\/product_brand?post=44327"},{"taxonomy":"product_cat","embeddable":true,"href":"https:\/\/kgerad.de\/en\/wp-json\/wp\/v2\/product_cat?post=44327"},{"taxonomy":"product_tag","embeddable":true,"href":"https:\/\/kgerad.de\/en\/wp-json\/wp\/v2\/product_tag?post=44327"}],"curies":[{"name":"wp","href":"https:\/\/api.w.org\/{rel}","templated":true}]}}