{"id":44289,"date":"2022-11-24T21:19:04","date_gmt":"2022-11-24T20:19:04","guid":{"rendered":"https:\/\/kgerad.de\/?post_type=product&#038;p=44289"},"modified":"2023-08-11T08:02:55","modified_gmt":"2023-08-11T06:02:55","slug":"fox-racing-34-float-29-factory-grip2-130mm-tapered-boost","status":"publish","type":"product","link":"https:\/\/kgerad.de\/en\/product\/fox-racing-34-float-29-factory-grip2-130mm-tapered-boost\/","title":{"rendered":"Fox Racing 34 Float 29&#8243; Factory Grip2 130mm Tapered Boost"},"content":{"rendered":"<h2 class=\"product--title\"><strong>Fox Racing<\/strong>\u00a034 Float 29&#8243; Factory Grip2 130mm Tapered Boost<\/h2>\n<p>Die Fox Racing 34 mit Kashima Coat-Beschichtung und mit einer verbesserter GRIP2-Kartusche ist eine leichte Boost Federgabel mit 130mm Federweg &#8211; entwickelt f\u00fcr Trail Fahrer.<\/p>\n<h2>Leichter, besser abstimmbar und geschmeidiger als je zuvor: die 34 Float 29&#8243; Factory Grip2 130mm Tapered Boost von Fox Racing<\/h2>\n<p>Die 34er bietet eine bew\u00e4hrte Trail-Performance, die Vertrauen und Kontrolle vermittelt. Diese Gabel ist der ultimative Begleiter f\u00fcr ungetr\u00fcbten Fahrspa\u00df auf Singletrails &#8211; egal ob bergauf oder <a href=\"http:\/\/1-1\">bergab<\/a>. Die 34er erh\u00e4lt mit dem neuen FIT GRIP2 4-fach einstellbaren D\u00e4mpfer einen enormen Leistungsschub. Ausgestattet mit der zum Patent angemeldeten dualen variablen Ventilsteuerung (VVC) mit hoher und niedriger Zugstufe, verbesserter Druckstufend\u00e4mpfung und weniger Reibung insgesamt bietet die 34 eine neue Leistungsstufe und Einstellbarkeit, die den X2-D\u00e4mpfern entspricht. Die High-Speed-Druckstufe und High-Speed-Zugstufe ist jetzt mit je 8 Klicks einfach einstellbar. Im robusten Chassis arbeitet die erprobte EVOL-Luftfeder.<\/p>\n<p>&#8222;Factory&#8220; sagt alles. Die beste Technologie, die FOX zu bieten hat, ist in den Factory Series Modellen mit butterweichen und extrem haltbaren Original Kashima Beschichtung erh\u00e4ltlich.<\/p>\n<hr \/>\n<h3>Features &#8211; Fox Racing 34 Float 29&#8243; Factory Grip2 130mm Tapered Boost<\/h3>\n<ul>\n<li>FLOAT EVOL-Luftfeder sorgt f\u00fcr extra satte Federung<\/li>\n<li>Factory Series-Modelle mit Kashima Coat-Beschichtung<\/li>\n<li>Verbesserte GRIP2 Kartusche f\u00fcr eine noch bessere Kontrolle<\/li>\n<li>GRIP2 mit dualem VVC (Variable Valve Control)<\/li>\n<li>High-Speed-Druckstufe und High-Speed-Zugstufe mit je 8 Klicks einfach einstellbar<\/li>\n<li>Neue Bogenform bietet verbessertes Steuerrohr mit k\u00fcrzerem Radstand<\/li>\n<li>Neue Gabelkrone mit 58 mm Durchmesser<\/li>\n<li>Neue Luft-\/\u00d6lkan\u00e4le<\/li>\n<li>\u00dcberarbeitete EVOL-Luftfeder<\/li>\n<li>Boost 110mm QR Steckachse mit Schnellspannhebel<\/li>\n<\/ul>\n<h3>Produkteigenschaften<\/h3>\n<ul>\n<li><strong>Einsatzbereich:\u00a0<\/strong>Trail<\/li>\n<li><strong>Laufradgr\u00f6\u00dfe:<\/strong>\u00a029&#8243;<\/li>\n<li><strong>Federung:<\/strong>\u00a0Luft<\/li>\n<li><strong>D\u00e4mpfung:<\/strong>\u00a0Grip2 FIT mit Feinabstimmung<\/li>\n<li><strong>Einstellbarkeit:<\/strong>\u00a0Zugstufe, Federh\u00e4rte \u00fcber Luftdruck, Grip2 FIT mit Feinabstimmung<\/li>\n<li><strong>Einstellbarkeit Grip2 D\u00e4mpfer:<\/strong>\n<ul>\n<li><strong>High-speed Druckstufe:<\/strong>\u00a08 klicks (w\/VVC)<\/li>\n<li><strong>Low-speed Druckstufe:<\/strong>\u00a016 klicks<\/li>\n<li><strong>High-speed Zugstufe:<\/strong>\u00a08 klicks (w\/VVC)<\/li>\n<li><strong>Low-speed Zugstufe:<\/strong>\u00a016 klicks<\/li>\n<\/ul>\n<\/li>\n<li><strong>Gabelschaft:<\/strong>\u00a0Tapered 1.5&#8243; auf 1 1\/8&#8243; (konisch)<\/li>\n<li><strong>Gabelschaftl\u00e4nge:<\/strong>\u00a0264mm<\/li>\n<li><strong>Standrohre:<\/strong>\u00a034mm<\/li>\n<li><strong>Scheibenbremsaufnahme:\u00a0<\/strong>Post Mount (PM7 &#8211; Direct Mount 180mm)<\/li>\n<li><strong>H\u00f6chste empfohlene Bremsscheibengr\u00f6\u00dfe:<\/strong>\u00a0230mm<\/li>\n<li><strong>Ausfallenden:<\/strong>\u00a015x110mm Boost QR Steckachse<\/li>\n<li><strong>Max. Reifendimension:\u00a0<\/strong>29 x 2,6&#8243;<\/li>\n<li><strong>Einbauh\u00f6he:<\/strong>\u00a0554mm (Bei 140mm Federweg)<\/li>\n<li><strong>Federweg:<\/strong>\u00a0130mm<\/li>\n<li><strong>Offset:<\/strong>\u00a044mm<\/li>\n<\/ul>\n<h3>Material<\/h3>\n<ul>\n<li><strong>Gabelschaft:<\/strong>\u00a0Aluminium<\/li>\n<li><strong>Gabelkrone:<\/strong>\u00a0Aluminium<\/li>\n<li><strong>Tauchrohre:<\/strong>\u00a0Magnesium<\/li>\n<li><strong>Standrohre:<\/strong>\u00a0Aluminium (Kashima Coat-Beschichtung)<\/li>\n<\/ul>\n<h3>Farbe<\/h3>\n<ul>\n<li>shiny black orange<\/li>\n<\/ul>\n<h3>Gewicht<\/h3>\n<ul>\n<li>ab 1698g (Herstellerangabe)<\/li>\n<\/ul>\n<hr \/>\n<h3>Lieferumfang<\/h3>\n<ul>\n<li>1 Fox Racing 34 Float 29&#8243; Factory Grip2 130mm Tapered Boost<\/li>\n<li>1 Fox Boost QR Steckachse 15x110mm mit Schnellspannhebel<\/li>\n<li>1 Leitungsf\u00fchrung<\/li>\n<li>1 Einschlagkralle<\/li>\n<li>3 Volumenspacer<\/li>\n<li>1 Anleitung<\/li>\n<\/ul>\n<hr \/>\n<h3>Technologien<\/h3>\n<p><strong>FIT GRIP2<\/strong><br \/>\nDie geschlossene FIT-D\u00e4mpfung der neuen Generation. High- und Lowspeedcompression sowie High- und Lowspeedrebound lassen sich unabh\u00e4ngig voneinander einstellen. Die VARIABLE VALUE CONTROL- Einheit gibt Ihnen das Gef\u00fchl nicht nur die Vorspannung zu erh\u00f6hen, sondern, dass der Shimstack an Sie angepasst wurde. Das raffinierte Mid-Valve Design erlaubt eine effektivere D\u00e4mpfungskennlinie.<\/p>\n<p><strong>Kashima Coat Beschichtung\u00a0<\/strong><br \/>\nDie markante goldene Genuine Kashima Coat-Beschichtung bietet eine \u00fcberragende Gesamtperformance und sorgt f\u00fcr minimale Reibung und ein optimales Ansprechverhalten bei maximaler Haltbarkeit. Alle Gabeln der Factory-Serie &#8211; Jetzt f\u00fcr alle Gabeln der Factory-Serie erh\u00e4ltlich. Die Genuine Kashima Coat-Beschichtung f\u00fcr ein butterweiches Fahrgef\u00fchl ist exklusiv nur von FOX erh\u00e4ltlich &#8211; das Kashima Coat-Logo ist auf beide Standrohre aufgebracht.<\/p>\n<p><strong>Air Volume Spacers\u00a0<\/strong><br \/>\nDie FLOAT-Luftfeder bei Fox Gabeln und Federbeinen kann durch den Einsatz von Volumenspacern fein eingestellt werden, um die Federelemente progressiver oder weniger progressiv abzustimmen. Das erlaubt dem Fahrer die Feinjustage der Federung exakt nach seinen Bed\u00fcrfnissen.<\/p>\n<hr \/>\n<h3>FOX FLOAT Air Spring (Luftfeder)<\/h3>\n<p><iframe src=\"https:\/\/www.youtube-nocookie.com\/embed\/03pdywBkuNQ?rel=0&amp;showinfo=0\" width=\"640\" height=\"360\" frameborder=\"0\" allowfullscreen=\"allowfullscreen\" data-mce-fragment=\"1\"><\/iframe><\/p>\n<h3>Introducing the all-new 34 | FOX<\/h3>\n<p><iframe title=\"YouTube video player\" src=\"https:\/\/www.youtube-nocookie.com\/embed\/O5se0qMKO5E\" width=\"640\" height=\"360\" frameborder=\"0\" allowfullscreen=\"allowfullscreen\" data-mce-fragment=\"1\"><\/iframe><\/p>\n<h2 class=\"product--rating-container\"><\/h2>","protected":false},"excerpt":{"rendered":"<p>Fox Racing\u00a034 Float 29&#8243; Factory Grip2 130mm Tapered Boost Die Fox Racing 34 mit Kashima Coat-Beschichtung und mit einer verbesserter<\/p>","protected":false},"featured_media":63226,"comment_status":"open","ping_status":"closed","template":"","meta":[],"product_brand":[],"product_cat":[460,423],"product_tag":[],"class_list":{"0":"post-44289","1":"product","2":"type-product","3":"status-publish","4":"has-post-thumbnail","6":"product_cat-rennrad-teile","7":"product_cat-teile","8":"pa_marke-fox","10":"first","11":"instock","12":"sale","13":"taxable","14":"shipping-taxable","15":"purchasable","16":"product-type-simple"},"yoast_head":"<!-- This site is optimized with the Yoast SEO Premium plugin v20.12 (Yoast SEO v27.1.1) - https:\/\/yoast.com\/product\/yoast-seo-premium-wordpress\/ -->\n<title>Fox Racing 34 Float 29&quot; Factory Grip2 130mm Tapered Boost<\/title>\n<meta name=\"description\" content=\"Entdecken Sie unseren Online-Fahrradladen: Gro\u00dfe Auswahl an Modellen f\u00fcr alle Radsportbegeisterten. Von Rennr\u00e4dern bis zu Mountainbikes - finden Sie heute Ihren perfekten Wegbegleiter!\" \/>\n<meta name=\"robots\" content=\"index, follow, max-snippet:-1, max-image-preview:large, max-video-preview:-1\" \/>\n<link rel=\"canonical\" href=\"https:\/\/kgerad.de\/en\/product\/fox-racing-34-float-29-factory-grip2-130mm-tapered-boost\/\" \/>\n<meta property=\"og:locale\" content=\"en_US\" \/>\n<meta property=\"og:type\" content=\"article\" \/>\n<meta property=\"og:title\" content=\"Fox Racing 34 Float 29&quot; Factory Grip2 130mm Tapered Boost\" \/>\n<meta property=\"og:description\" content=\"Entdecken Sie unseren Online-Fahrradladen: Gro\u00dfe Auswahl an Modellen f\u00fcr alle Radsportbegeisterten. Von Rennr\u00e4dern bis zu Mountainbikes - finden Sie heute Ihren perfekten Wegbegleiter!\" \/>\n<meta property=\"og:url\" content=\"https:\/\/kgerad.de\/en\/product\/fox-racing-34-float-29-factory-grip2-130mm-tapered-boost\/\" \/>\n<meta property=\"og:site_name\" content=\"kgerad.de\" \/>\n<meta property=\"article:modified_time\" content=\"2023-08-11T06:02:55+00:00\" \/>\n<meta property=\"og:image\" content=\"https:\/\/kgerad.de\/wp-content\/uploads\/2023\/06\/fox-racing-910-21-008-20122415-34-Float-29-Factory-Grip2-130mm-Tapered-Boost-1_800x800-0.jpg\" \/>\n\t<meta property=\"og:image:width\" content=\"242\" \/>\n\t<meta property=\"og:image:height\" content=\"800\" \/>\n\t<meta property=\"og:image:type\" content=\"image\/jpeg\" \/>\n<meta name=\"twitter:card\" content=\"summary_large_image\" \/>\n<meta name=\"twitter:label1\" content=\"Est. reading time\" \/>\n\t<meta name=\"twitter:data1\" content=\"3 minutes\" \/>\n<script type=\"application\/ld+json\" class=\"yoast-schema-graph\">{\"@context\":\"https:\/\/schema.org\",\"@graph\":[{\"@type\":\"WebPage\",\"@id\":\"https:\/\/kgerad.de\/produkt\/fox-racing-34-float-29-factory-grip2-130mm-tapered-boost\/\",\"url\":\"https:\/\/kgerad.de\/produkt\/fox-racing-34-float-29-factory-grip2-130mm-tapered-boost\/\",\"name\":\"Fox Racing 34 Float 29\\\" Factory Grip2 130mm Tapered Boost\",\"isPartOf\":{\"@id\":\"https:\/\/kgerad.de\/#website\"},\"primaryImageOfPage\":{\"@id\":\"https:\/\/kgerad.de\/produkt\/fox-racing-34-float-29-factory-grip2-130mm-tapered-boost\/#primaryimage\"},\"image\":{\"@id\":\"https:\/\/kgerad.de\/produkt\/fox-racing-34-float-29-factory-grip2-130mm-tapered-boost\/#primaryimage\"},\"thumbnailUrl\":\"https:\/\/kgerad.de\/wp-content\/uploads\/2023\/06\/fox-racing-910-21-008-20122415-34-Float-29-Factory-Grip2-130mm-Tapered-Boost-1_800x800-0.jpg\",\"datePublished\":\"2022-11-24T20:19:04+00:00\",\"dateModified\":\"2023-08-11T06:02:55+00:00\",\"description\":\"Entdecken Sie unseren Online-Fahrradladen: Gro\u00dfe Auswahl an Modellen f\u00fcr alle Radsportbegeisterten. Von Rennr\u00e4dern bis zu Mountainbikes - finden Sie heute Ihren perfekten Wegbegleiter!\",\"breadcrumb\":{\"@id\":\"https:\/\/kgerad.de\/produkt\/fox-racing-34-float-29-factory-grip2-130mm-tapered-boost\/#breadcrumb\"},\"inLanguage\":\"en-US\",\"potentialAction\":[{\"@type\":\"ReadAction\",\"target\":[\"https:\/\/kgerad.de\/produkt\/fox-racing-34-float-29-factory-grip2-130mm-tapered-boost\/\"]}]},{\"@type\":\"ImageObject\",\"inLanguage\":\"en-US\",\"@id\":\"https:\/\/kgerad.de\/produkt\/fox-racing-34-float-29-factory-grip2-130mm-tapered-boost\/#primaryimage\",\"url\":\"https:\/\/kgerad.de\/wp-content\/uploads\/2023\/06\/fox-racing-910-21-008-20122415-34-Float-29-Factory-Grip2-130mm-Tapered-Boost-1_800x800-0.jpg\",\"contentUrl\":\"https:\/\/kgerad.de\/wp-content\/uploads\/2023\/06\/fox-racing-910-21-008-20122415-34-Float-29-Factory-Grip2-130mm-Tapered-Boost-1_800x800-0.jpg\",\"width\":242,\"height\":800,\"caption\":\"Fox Racing 34 Float 29 Factory Grip2 130mm Tapered Boost\"},{\"@type\":\"BreadcrumbList\",\"@id\":\"https:\/\/kgerad.de\/produkt\/fox-racing-34-float-29-factory-grip2-130mm-tapered-boost\/#breadcrumb\",\"itemListElement\":[{\"@type\":\"ListItem\",\"position\":1,\"name\":\"Startseite\",\"item\":\"https:\/\/kgerad.de\/\"},{\"@type\":\"ListItem\",\"position\":2,\"name\":\"LADEN\",\"item\":\"https:\/\/kgerad.de\/laden\/\"},{\"@type\":\"ListItem\",\"position\":3,\"name\":\"Fox Racing 34 Float 29&#8243; Factory Grip2 130mm Tapered Boost\"}]},{\"@type\":\"WebSite\",\"@id\":\"https:\/\/kgerad.de\/#website\",\"url\":\"https:\/\/kgerad.de\/\",\"name\":\"kgerad.de\",\"description\":\"Treten Sie mit uns ins Abenteuer!\",\"publisher\":{\"@id\":\"https:\/\/kgerad.de\/#organization\"},\"alternateName\":\"MEIN RADLADEN\",\"potentialAction\":[{\"@type\":\"SearchAction\",\"target\":{\"@type\":\"EntryPoint\",\"urlTemplate\":\"https:\/\/kgerad.de\/?s={search_term_string}\"},\"query-input\":{\"@type\":\"PropertyValueSpecification\",\"valueRequired\":true,\"valueName\":\"search_term_string\"}}],\"inLanguage\":\"en-US\"},{\"@type\":\"Organization\",\"@id\":\"https:\/\/kgerad.de\/#organization\",\"name\":\"MEINRADLADEN\",\"alternateName\":\"MEIN RADLADEN\",\"url\":\"https:\/\/kgerad.de\/\",\"logo\":{\"@type\":\"ImageObject\",\"inLanguage\":\"en-US\",\"@id\":\"https:\/\/kgerad.de\/#\/schema\/logo\/image\/\",\"url\":\"https:\/\/kgerad.de\/wp-content\/uploads\/2025\/07\/logo-Whit.svg\",\"contentUrl\":\"https:\/\/kgerad.de\/wp-content\/uploads\/2025\/07\/logo-Whit.svg\",\"width\":1640,\"height\":371,\"caption\":\"MEINRADLADEN\"},\"image\":{\"@id\":\"https:\/\/kgerad.de\/#\/schema\/logo\/image\/\"}}]}<\/script>\n<!-- \/ Yoast SEO Premium plugin. -->","yoast_head_json":{"title":"Fox Racing 34 Float 29\" Factory Grip2 130mm Tapered Boost","description":"Entdecken Sie unseren Online-Fahrradladen: Gro\u00dfe Auswahl an Modellen f\u00fcr alle Radsportbegeisterten. Von Rennr\u00e4dern bis zu Mountainbikes - finden Sie heute Ihren perfekten Wegbegleiter!","robots":{"index":"index","follow":"follow","max-snippet":"max-snippet:-1","max-image-preview":"max-image-preview:large","max-video-preview":"max-video-preview:-1"},"canonical":"https:\/\/kgerad.de\/en\/product\/fox-racing-34-float-29-factory-grip2-130mm-tapered-boost\/","og_locale":"en_US","og_type":"article","og_title":"Fox Racing 34 Float 29\" Factory Grip2 130mm Tapered Boost","og_description":"Entdecken Sie unseren Online-Fahrradladen: Gro\u00dfe Auswahl an Modellen f\u00fcr alle Radsportbegeisterten. Von Rennr\u00e4dern bis zu Mountainbikes - finden Sie heute Ihren perfekten Wegbegleiter!","og_url":"https:\/\/kgerad.de\/en\/product\/fox-racing-34-float-29-factory-grip2-130mm-tapered-boost\/","og_site_name":"kgerad.de","article_modified_time":"2023-08-11T06:02:55+00:00","og_image":[{"width":242,"height":800,"url":"https:\/\/kgerad.de\/wp-content\/uploads\/2023\/06\/fox-racing-910-21-008-20122415-34-Float-29-Factory-Grip2-130mm-Tapered-Boost-1_800x800-0.jpg","type":"image\/jpeg"}],"twitter_card":"summary_large_image","twitter_misc":{"Est. reading time":"3 minutes"},"schema":{"@context":"https:\/\/schema.org","@graph":[{"@type":"WebPage","@id":"https:\/\/kgerad.de\/produkt\/fox-racing-34-float-29-factory-grip2-130mm-tapered-boost\/","url":"https:\/\/kgerad.de\/produkt\/fox-racing-34-float-29-factory-grip2-130mm-tapered-boost\/","name":"Fox Racing 34 Float 29\" Factory Grip2 130mm Tapered Boost","isPartOf":{"@id":"https:\/\/kgerad.de\/#website"},"primaryImageOfPage":{"@id":"https:\/\/kgerad.de\/produkt\/fox-racing-34-float-29-factory-grip2-130mm-tapered-boost\/#primaryimage"},"image":{"@id":"https:\/\/kgerad.de\/produkt\/fox-racing-34-float-29-factory-grip2-130mm-tapered-boost\/#primaryimage"},"thumbnailUrl":"https:\/\/kgerad.de\/wp-content\/uploads\/2023\/06\/fox-racing-910-21-008-20122415-34-Float-29-Factory-Grip2-130mm-Tapered-Boost-1_800x800-0.jpg","datePublished":"2022-11-24T20:19:04+00:00","dateModified":"2023-08-11T06:02:55+00:00","description":"Entdecken Sie unseren Online-Fahrradladen: Gro\u00dfe Auswahl an Modellen f\u00fcr alle Radsportbegeisterten. Von Rennr\u00e4dern bis zu Mountainbikes - finden Sie heute Ihren perfekten Wegbegleiter!","breadcrumb":{"@id":"https:\/\/kgerad.de\/produkt\/fox-racing-34-float-29-factory-grip2-130mm-tapered-boost\/#breadcrumb"},"inLanguage":"en-US","potentialAction":[{"@type":"ReadAction","target":["https:\/\/kgerad.de\/produkt\/fox-racing-34-float-29-factory-grip2-130mm-tapered-boost\/"]}]},{"@type":"ImageObject","inLanguage":"en-US","@id":"https:\/\/kgerad.de\/produkt\/fox-racing-34-float-29-factory-grip2-130mm-tapered-boost\/#primaryimage","url":"https:\/\/kgerad.de\/wp-content\/uploads\/2023\/06\/fox-racing-910-21-008-20122415-34-Float-29-Factory-Grip2-130mm-Tapered-Boost-1_800x800-0.jpg","contentUrl":"https:\/\/kgerad.de\/wp-content\/uploads\/2023\/06\/fox-racing-910-21-008-20122415-34-Float-29-Factory-Grip2-130mm-Tapered-Boost-1_800x800-0.jpg","width":242,"height":800,"caption":"Fox Racing 34 Float 29 Factory Grip2 130mm Tapered Boost"},{"@type":"BreadcrumbList","@id":"https:\/\/kgerad.de\/produkt\/fox-racing-34-float-29-factory-grip2-130mm-tapered-boost\/#breadcrumb","itemListElement":[{"@type":"ListItem","position":1,"name":"Startseite","item":"https:\/\/kgerad.de\/"},{"@type":"ListItem","position":2,"name":"LADEN","item":"https:\/\/kgerad.de\/laden\/"},{"@type":"ListItem","position":3,"name":"Fox Racing 34 Float 29&#8243; Factory Grip2 130mm Tapered Boost"}]},{"@type":"WebSite","@id":"https:\/\/kgerad.de\/#website","url":"https:\/\/kgerad.de\/","name":"kgerad.de","description":"Treten Sie mit uns ins Abenteuer!","publisher":{"@id":"https:\/\/kgerad.de\/#organization"},"alternateName":"MEIN RADLADEN","potentialAction":[{"@type":"SearchAction","target":{"@type":"EntryPoint","urlTemplate":"https:\/\/kgerad.de\/?s={search_term_string}"},"query-input":{"@type":"PropertyValueSpecification","valueRequired":true,"valueName":"search_term_string"}}],"inLanguage":"en-US"},{"@type":"Organization","@id":"https:\/\/kgerad.de\/#organization","name":"MEINRADLADEN","alternateName":"MEIN RADLADEN","url":"https:\/\/kgerad.de\/","logo":{"@type":"ImageObject","inLanguage":"en-US","@id":"https:\/\/kgerad.de\/#\/schema\/logo\/image\/","url":"https:\/\/kgerad.de\/wp-content\/uploads\/2025\/07\/logo-Whit.svg","contentUrl":"https:\/\/kgerad.de\/wp-content\/uploads\/2025\/07\/logo-Whit.svg","width":1640,"height":371,"caption":"MEINRADLADEN"},"image":{"@id":"https:\/\/kgerad.de\/#\/schema\/logo\/image\/"}}]}},"_links":{"self":[{"href":"https:\/\/kgerad.de\/en\/wp-json\/wp\/v2\/product\/44289","targetHints":{"allow":["GET"]}}],"collection":[{"href":"https:\/\/kgerad.de\/en\/wp-json\/wp\/v2\/product"}],"about":[{"href":"https:\/\/kgerad.de\/en\/wp-json\/wp\/v2\/types\/product"}],"replies":[{"embeddable":true,"href":"https:\/\/kgerad.de\/en\/wp-json\/wp\/v2\/comments?post=44289"}],"version-history":[{"count":1,"href":"https:\/\/kgerad.de\/en\/wp-json\/wp\/v2\/product\/44289\/revisions"}],"predecessor-version":[{"id":79090,"href":"https:\/\/kgerad.de\/en\/wp-json\/wp\/v2\/product\/44289\/revisions\/79090"}],"wp:featuredmedia":[{"embeddable":true,"href":"https:\/\/kgerad.de\/en\/wp-json\/wp\/v2\/media\/63226"}],"wp:attachment":[{"href":"https:\/\/kgerad.de\/en\/wp-json\/wp\/v2\/media?parent=44289"}],"wp:term":[{"taxonomy":"product_brand","embeddable":true,"href":"https:\/\/kgerad.de\/en\/wp-json\/wp\/v2\/product_brand?post=44289"},{"taxonomy":"product_cat","embeddable":true,"href":"https:\/\/kgerad.de\/en\/wp-json\/wp\/v2\/product_cat?post=44289"},{"taxonomy":"product_tag","embeddable":true,"href":"https:\/\/kgerad.de\/en\/wp-json\/wp\/v2\/product_tag?post=44289"}],"curies":[{"name":"wp","href":"https:\/\/api.w.org\/{rel}","templated":true}]}}