{"id":44254,"date":"2022-11-24T20:52:39","date_gmt":"2022-11-24T19:52:39","guid":{"rendered":"https:\/\/kgerad.de\/?post_type=product&#038;p=44254"},"modified":"2023-08-11T08:04:34","modified_gmt":"2023-08-11T06:04:34","slug":"hope-fortus-30-pro-4-disc-6-loch-275-shimano-boost","status":"publish","type":"product","link":"https:\/\/kgerad.de\/en\/product\/hope-fortus-30-pro-4-disc-6-loch-275-shimano-boost\/","title":{"rendered":"Hope Fortus 30 Pro 4 Disc 6-Loch 27,5&#8243; Shimano Boost"},"content":{"rendered":"<div class=\"product--headername\">\n<h2 class=\"product--title\"><strong>Hope<\/strong> Fortus 30 Pro 4 Disc 6-Loch 27,5&#8243; Shimano Boost Laufradsatz<\/h2>\n<p>Der Hope Fortus Boost Laufradsatz in 27,5\u201c bietet mit seinen eigens von Hope entwickelten 30mm-Felgen eine \u00fcberragende Stabilit\u00e4t und ist daher perfekt geeignet f\u00fcr den ambitionierten Enduro- oder Downhill-Biker, der sich zuverl\u00e4ssige Laufr\u00e4der mit langer Lebensdauer w\u00fcnscht.<\/p>\n<h2>Verl\u00e4sslicher Begleiter auf dem Trail: der Hope 27,5\u201c Fortus 30 Pro 4 Disc 6-Loch Boost Laufradsatz<\/h2>\n<p>Technisch zeichnet sich der Fortus 30 Pro 4 au\u00dferdem durch die leichtg\u00e4ngigen Hope Pro 4 Naben, den Shimano\/Sram MTB 9-\/10-\/11-fach-Freilauf und die 6-Loch-Aufnahmen f\u00fcr die Scheibenbremsen aus. Der Laufradsatz wird im englischen Barnoldswick maschinell gefertigt und anschlie\u00dfend von Hand vollendet.<\/p>\n<hr \/>\n<h3>Features &#8211; Hope Fortus 30 Pro 4 Disc 6-Loch 27,5&#8243; Shimano 15 x 110mm \/ 12 x 148mm Laufradsatz<\/h3>\n<ul>\n<li>R\u00e4der in Barnoldswick (UK) maschinell und von Hand fertiggestellt<\/li>\n<li>Gebaut mit Pro 4 32h Nabe (nur J-Bend)<\/li>\n<li>Optimiertes Felgenprofil geeignet f\u00fcr 2,4&#8243; &#8211; 2,8&#8243; Reifen<\/li>\n<li>Tubeless-kompatibel (Ventil und Felgenband werden mitgeliefert)<\/li>\n<li>Shimano\/Sram MTB 9-\/10-\/11-fach<\/li>\n<\/ul>\n<h3>Produkteigenschaften<\/h3>\n<ul>\n<li><strong>Einsatzbereich:<\/strong>\u00a0MTB Downhill \/ Enduro<\/li>\n<li><strong>Modell: <\/strong>30<\/li>\n<li><strong>Felgengr\u00f6\u00dfe:\u00a0<\/strong>27,5&#8243;<\/li>\n<li><strong>Dimension:<\/strong>\u00a0584 x 30C<\/li>\n<li><strong>Reifentyp:<\/strong>\u00a0Draht-\/Faltreifen \/ Tubeless Ready<\/li>\n<li><strong>Bremssystem:<\/strong>\u00a0Disc 6-Loch<\/li>\n<li><strong>Freilaufk\u00f6rper:<\/strong>\u00a0Shimano\/Sram MTB 9-\/10-\/11-fach<\/li>\n<li><strong>Freilaufsystem:<\/strong>\u00a0Ratchet-System (4 Sperrklinken) mit 44 Einrastpunkten (8,2\u00b0)<\/li>\n<li><strong>Nabe:<\/strong>\u00a0Hope Pro 4<\/li>\n<li><strong>Felgenbreite au\u00dfen:\u00a0<\/strong>35mm<\/li>\n<li><strong>Felgenbreite innen:<\/strong>\u00a030mm<\/li>\n<li><strong>Felgenh\u00f6he:\u00a0<\/strong>23mm<\/li>\n<li><strong>ERD:\u00a0<\/strong>555mm<\/li>\n<li><strong>Speichen:\u00a0<\/strong>32<\/li>\n<li><strong>Ventilloch:\u00a0<\/strong>SV (6,5mm)<\/li>\n<li><strong>Speichentyp:\u00a0<\/strong>Sapim Race \/ J-Bend \/ konifiziert<\/li>\n<li><strong>Einspeichmuster:<\/strong>\u00a03-fach\u00a0 gekreuzt<\/li>\n<li><strong>Einbauma\u00df:<\/strong>\u00a015 x 110mm \/ 12 x 148mm (Boost)<\/li>\n<li><strong>Empf. Bereifung:\u00a0<\/strong>27,5 x 2,40&#8243; bis 2,80&#8243;<\/li>\n<\/ul>\n<h3>Material<\/h3>\n<ul>\n<li><strong>Felge:<\/strong>\u00a0Aluminium 6061-T6 schwarz<\/li>\n<li><strong>Speiche:\u00a0<\/strong>Edelstahl schwarz<\/li>\n<li><strong>Nippel:<\/strong>\u00a0Messing silber<\/li>\n<li><strong>Freilaufk\u00f6rper:\u00a0<\/strong>Aluminium<\/li>\n<li><strong>Nabe:<\/strong>\u00a0Aluminium 2014-T6<\/li>\n<\/ul>\n<h3>Farbe<\/h3>\n<ul>\n<li>schwarz (Naben)<\/li>\n<\/ul>\n<h3>Gewicht<\/h3>\n<div>\n<ul>\n<li>ca. 2305g Satz (Herstellerangabe)<\/li>\n<\/ul>\n<hr \/>\n<h3>Lieferumfang<\/h3>\n<ul>\n<li>1 x Hope Fortus 30 Pro 4 Disc 6-Loch 27,5&#8243; Shimano Boost Laufradsatz<\/li>\n<li>2 x Tubeless Felgenband 32mm<\/li>\n<li>2 x Tubelessventil<\/li>\n<\/ul>\n<p><em>Steckachsen nicht im Lieferumfang enthalten!<br \/>\n<\/em><\/p>\n<\/div>\n<hr \/>\n<h3>Hope Technology<\/h3>\n<p><iframe src=\"https:\/\/www.youtube-nocookie.com\/embed\/kMeLIwreO20\" width=\"640\" height=\"360\" frameborder=\"0\" allowfullscreen=\"allowfullscreen\" data-mce-fragment=\"1\"><\/iframe><\/p>\n<\/div>\n<h2 class=\"image-slider--container\"><\/h2>","protected":false},"excerpt":{"rendered":"<p>Hope Fortus 30 Pro 4 Disc 6-Loch 27,5&#8243; Shimano Boost Laufradsatz Der Hope Fortus Boost Laufradsatz in 27,5\u201c bietet mit<\/p>","protected":false},"featured_media":63211,"comment_status":"open","ping_status":"closed","template":"","meta":[],"product_brand":[],"product_cat":[469,423],"product_tag":[],"class_list":{"0":"post-44254","1":"product","2":"type-product","3":"status-publish","4":"has-post-thumbnail","6":"product_cat-fahrradteile","7":"product_cat-teile","8":"pa_marke-hope","10":"first","11":"instock","12":"sale","13":"taxable","14":"shipping-taxable","15":"purchasable","16":"product-type-simple"},"yoast_head":"<!-- This site is optimized with the Yoast SEO Premium plugin v20.12 (Yoast SEO v27.1.1) - https:\/\/yoast.com\/product\/yoast-seo-premium-wordpress\/ -->\n<title>Hope Fortus 30 Pro 4 Disc 6-Loch 27,5&quot; Shimano Boost<\/title>\n<meta name=\"description\" content=\"Entdecken Sie unseren Online-Fahrradladen: Gro\u00dfe Auswahl an Modellen f\u00fcr alle Radsportbegeisterten. Von Rennr\u00e4dern bis zu Mountainbikes - finden Sie heute Ihren perfekten Wegbegleiter!\" \/>\n<meta name=\"robots\" content=\"index, follow, max-snippet:-1, max-image-preview:large, max-video-preview:-1\" \/>\n<link rel=\"canonical\" href=\"https:\/\/kgerad.de\/en\/product\/hope-fortus-30-pro-4-disc-6-loch-275-shimano-boost\/\" \/>\n<meta property=\"og:locale\" content=\"en_US\" \/>\n<meta property=\"og:type\" content=\"article\" \/>\n<meta property=\"og:title\" content=\"Hope Fortus 30 Pro 4 Disc 6-Loch 27,5&quot; Shimano Boost\" \/>\n<meta property=\"og:description\" content=\"Entdecken Sie unseren Online-Fahrradladen: Gro\u00dfe Auswahl an Modellen f\u00fcr alle Radsportbegeisterten. Von Rennr\u00e4dern bis zu Mountainbikes - finden Sie heute Ihren perfekten Wegbegleiter!\" \/>\n<meta property=\"og:url\" content=\"https:\/\/kgerad.de\/en\/product\/hope-fortus-30-pro-4-disc-6-loch-275-shimano-boost\/\" \/>\n<meta property=\"og:site_name\" content=\"kgerad.de\" \/>\n<meta property=\"article:modified_time\" content=\"2023-08-11T06:04:34+00:00\" \/>\n<meta property=\"og:image\" content=\"https:\/\/kgerad.de\/wp-content\/uploads\/2023\/06\/Hope_Fortus-30-Pro-4_Laufradsatz_800x800-00.jpg\" \/>\n\t<meta property=\"og:image:width\" content=\"800\" \/>\n\t<meta property=\"og:image:height\" content=\"478\" \/>\n\t<meta property=\"og:image:type\" content=\"image\/jpeg\" \/>\n<meta name=\"twitter:card\" content=\"summary_large_image\" \/>\n<meta name=\"twitter:label1\" content=\"Est. reading time\" \/>\n\t<meta name=\"twitter:data1\" content=\"2 minutes\" \/>\n<script type=\"application\/ld+json\" class=\"yoast-schema-graph\">{\"@context\":\"https:\/\/schema.org\",\"@graph\":[{\"@type\":\"WebPage\",\"@id\":\"https:\/\/kgerad.de\/produkt\/hope-fortus-30-pro-4-disc-6-loch-275-shimano-boost\/\",\"url\":\"https:\/\/kgerad.de\/produkt\/hope-fortus-30-pro-4-disc-6-loch-275-shimano-boost\/\",\"name\":\"Hope Fortus 30 Pro 4 Disc 6-Loch 27,5\\\" Shimano Boost\",\"isPartOf\":{\"@id\":\"https:\/\/kgerad.de\/#website\"},\"primaryImageOfPage\":{\"@id\":\"https:\/\/kgerad.de\/produkt\/hope-fortus-30-pro-4-disc-6-loch-275-shimano-boost\/#primaryimage\"},\"image\":{\"@id\":\"https:\/\/kgerad.de\/produkt\/hope-fortus-30-pro-4-disc-6-loch-275-shimano-boost\/#primaryimage\"},\"thumbnailUrl\":\"https:\/\/kgerad.de\/wp-content\/uploads\/2023\/06\/Hope_Fortus-30-Pro-4_Laufradsatz_800x800-00.jpg\",\"datePublished\":\"2022-11-24T19:52:39+00:00\",\"dateModified\":\"2023-08-11T06:04:34+00:00\",\"description\":\"Entdecken Sie unseren Online-Fahrradladen: Gro\u00dfe Auswahl an Modellen f\u00fcr alle Radsportbegeisterten. Von Rennr\u00e4dern bis zu Mountainbikes - finden Sie heute Ihren perfekten Wegbegleiter!\",\"breadcrumb\":{\"@id\":\"https:\/\/kgerad.de\/produkt\/hope-fortus-30-pro-4-disc-6-loch-275-shimano-boost\/#breadcrumb\"},\"inLanguage\":\"en-US\",\"potentialAction\":[{\"@type\":\"ReadAction\",\"target\":[\"https:\/\/kgerad.de\/produkt\/hope-fortus-30-pro-4-disc-6-loch-275-shimano-boost\/\"]}]},{\"@type\":\"ImageObject\",\"inLanguage\":\"en-US\",\"@id\":\"https:\/\/kgerad.de\/produkt\/hope-fortus-30-pro-4-disc-6-loch-275-shimano-boost\/#primaryimage\",\"url\":\"https:\/\/kgerad.de\/wp-content\/uploads\/2023\/06\/Hope_Fortus-30-Pro-4_Laufradsatz_800x800-00.jpg\",\"contentUrl\":\"https:\/\/kgerad.de\/wp-content\/uploads\/2023\/06\/Hope_Fortus-30-Pro-4_Laufradsatz_800x800-00.jpg\",\"width\":800,\"height\":478,\"caption\":\"Hope Fortus 30 Pro 4 Disc 6-Loch 27\"},{\"@type\":\"BreadcrumbList\",\"@id\":\"https:\/\/kgerad.de\/produkt\/hope-fortus-30-pro-4-disc-6-loch-275-shimano-boost\/#breadcrumb\",\"itemListElement\":[{\"@type\":\"ListItem\",\"position\":1,\"name\":\"Startseite\",\"item\":\"https:\/\/kgerad.de\/\"},{\"@type\":\"ListItem\",\"position\":2,\"name\":\"LADEN\",\"item\":\"https:\/\/kgerad.de\/laden\/\"},{\"@type\":\"ListItem\",\"position\":3,\"name\":\"Hope Fortus 30 Pro 4 Disc 6-Loch 27,5&#8243; Shimano Boost\"}]},{\"@type\":\"WebSite\",\"@id\":\"https:\/\/kgerad.de\/#website\",\"url\":\"https:\/\/kgerad.de\/\",\"name\":\"kgerad.de\",\"description\":\"Treten Sie mit uns ins Abenteuer!\",\"publisher\":{\"@id\":\"https:\/\/kgerad.de\/#organization\"},\"alternateName\":\"MEIN RADLADEN\",\"potentialAction\":[{\"@type\":\"SearchAction\",\"target\":{\"@type\":\"EntryPoint\",\"urlTemplate\":\"https:\/\/kgerad.de\/?s={search_term_string}\"},\"query-input\":{\"@type\":\"PropertyValueSpecification\",\"valueRequired\":true,\"valueName\":\"search_term_string\"}}],\"inLanguage\":\"en-US\"},{\"@type\":\"Organization\",\"@id\":\"https:\/\/kgerad.de\/#organization\",\"name\":\"MEINRADLADEN\",\"alternateName\":\"MEIN RADLADEN\",\"url\":\"https:\/\/kgerad.de\/\",\"logo\":{\"@type\":\"ImageObject\",\"inLanguage\":\"en-US\",\"@id\":\"https:\/\/kgerad.de\/#\/schema\/logo\/image\/\",\"url\":\"https:\/\/kgerad.de\/wp-content\/uploads\/2025\/07\/logo-Whit.svg\",\"contentUrl\":\"https:\/\/kgerad.de\/wp-content\/uploads\/2025\/07\/logo-Whit.svg\",\"width\":1640,\"height\":371,\"caption\":\"MEINRADLADEN\"},\"image\":{\"@id\":\"https:\/\/kgerad.de\/#\/schema\/logo\/image\/\"}}]}<\/script>\n<!-- \/ Yoast SEO Premium plugin. -->","yoast_head_json":{"title":"Hope Fortus 30 Pro 4 Disc 6-Loch 27,5\" Shimano Boost","description":"Entdecken Sie unseren Online-Fahrradladen: Gro\u00dfe Auswahl an Modellen f\u00fcr alle Radsportbegeisterten. Von Rennr\u00e4dern bis zu Mountainbikes - finden Sie heute Ihren perfekten Wegbegleiter!","robots":{"index":"index","follow":"follow","max-snippet":"max-snippet:-1","max-image-preview":"max-image-preview:large","max-video-preview":"max-video-preview:-1"},"canonical":"https:\/\/kgerad.de\/en\/product\/hope-fortus-30-pro-4-disc-6-loch-275-shimano-boost\/","og_locale":"en_US","og_type":"article","og_title":"Hope Fortus 30 Pro 4 Disc 6-Loch 27,5\" Shimano Boost","og_description":"Entdecken Sie unseren Online-Fahrradladen: Gro\u00dfe Auswahl an Modellen f\u00fcr alle Radsportbegeisterten. Von Rennr\u00e4dern bis zu Mountainbikes - finden Sie heute Ihren perfekten Wegbegleiter!","og_url":"https:\/\/kgerad.de\/en\/product\/hope-fortus-30-pro-4-disc-6-loch-275-shimano-boost\/","og_site_name":"kgerad.de","article_modified_time":"2023-08-11T06:04:34+00:00","og_image":[{"width":800,"height":478,"url":"https:\/\/kgerad.de\/wp-content\/uploads\/2023\/06\/Hope_Fortus-30-Pro-4_Laufradsatz_800x800-00.jpg","type":"image\/jpeg"}],"twitter_card":"summary_large_image","twitter_misc":{"Est. reading time":"2 minutes"},"schema":{"@context":"https:\/\/schema.org","@graph":[{"@type":"WebPage","@id":"https:\/\/kgerad.de\/produkt\/hope-fortus-30-pro-4-disc-6-loch-275-shimano-boost\/","url":"https:\/\/kgerad.de\/produkt\/hope-fortus-30-pro-4-disc-6-loch-275-shimano-boost\/","name":"Hope Fortus 30 Pro 4 Disc 6-Loch 27,5\" Shimano Boost","isPartOf":{"@id":"https:\/\/kgerad.de\/#website"},"primaryImageOfPage":{"@id":"https:\/\/kgerad.de\/produkt\/hope-fortus-30-pro-4-disc-6-loch-275-shimano-boost\/#primaryimage"},"image":{"@id":"https:\/\/kgerad.de\/produkt\/hope-fortus-30-pro-4-disc-6-loch-275-shimano-boost\/#primaryimage"},"thumbnailUrl":"https:\/\/kgerad.de\/wp-content\/uploads\/2023\/06\/Hope_Fortus-30-Pro-4_Laufradsatz_800x800-00.jpg","datePublished":"2022-11-24T19:52:39+00:00","dateModified":"2023-08-11T06:04:34+00:00","description":"Entdecken Sie unseren Online-Fahrradladen: Gro\u00dfe Auswahl an Modellen f\u00fcr alle Radsportbegeisterten. Von Rennr\u00e4dern bis zu Mountainbikes - finden Sie heute Ihren perfekten Wegbegleiter!","breadcrumb":{"@id":"https:\/\/kgerad.de\/produkt\/hope-fortus-30-pro-4-disc-6-loch-275-shimano-boost\/#breadcrumb"},"inLanguage":"en-US","potentialAction":[{"@type":"ReadAction","target":["https:\/\/kgerad.de\/produkt\/hope-fortus-30-pro-4-disc-6-loch-275-shimano-boost\/"]}]},{"@type":"ImageObject","inLanguage":"en-US","@id":"https:\/\/kgerad.de\/produkt\/hope-fortus-30-pro-4-disc-6-loch-275-shimano-boost\/#primaryimage","url":"https:\/\/kgerad.de\/wp-content\/uploads\/2023\/06\/Hope_Fortus-30-Pro-4_Laufradsatz_800x800-00.jpg","contentUrl":"https:\/\/kgerad.de\/wp-content\/uploads\/2023\/06\/Hope_Fortus-30-Pro-4_Laufradsatz_800x800-00.jpg","width":800,"height":478,"caption":"Hope Fortus 30 Pro 4 Disc 6-Loch 27"},{"@type":"BreadcrumbList","@id":"https:\/\/kgerad.de\/produkt\/hope-fortus-30-pro-4-disc-6-loch-275-shimano-boost\/#breadcrumb","itemListElement":[{"@type":"ListItem","position":1,"name":"Startseite","item":"https:\/\/kgerad.de\/"},{"@type":"ListItem","position":2,"name":"LADEN","item":"https:\/\/kgerad.de\/laden\/"},{"@type":"ListItem","position":3,"name":"Hope Fortus 30 Pro 4 Disc 6-Loch 27,5&#8243; Shimano Boost"}]},{"@type":"WebSite","@id":"https:\/\/kgerad.de\/#website","url":"https:\/\/kgerad.de\/","name":"kgerad.de","description":"Treten Sie mit uns ins Abenteuer!","publisher":{"@id":"https:\/\/kgerad.de\/#organization"},"alternateName":"MEIN RADLADEN","potentialAction":[{"@type":"SearchAction","target":{"@type":"EntryPoint","urlTemplate":"https:\/\/kgerad.de\/?s={search_term_string}"},"query-input":{"@type":"PropertyValueSpecification","valueRequired":true,"valueName":"search_term_string"}}],"inLanguage":"en-US"},{"@type":"Organization","@id":"https:\/\/kgerad.de\/#organization","name":"MEINRADLADEN","alternateName":"MEIN RADLADEN","url":"https:\/\/kgerad.de\/","logo":{"@type":"ImageObject","inLanguage":"en-US","@id":"https:\/\/kgerad.de\/#\/schema\/logo\/image\/","url":"https:\/\/kgerad.de\/wp-content\/uploads\/2025\/07\/logo-Whit.svg","contentUrl":"https:\/\/kgerad.de\/wp-content\/uploads\/2025\/07\/logo-Whit.svg","width":1640,"height":371,"caption":"MEINRADLADEN"},"image":{"@id":"https:\/\/kgerad.de\/#\/schema\/logo\/image\/"}}]}},"_links":{"self":[{"href":"https:\/\/kgerad.de\/en\/wp-json\/wp\/v2\/product\/44254","targetHints":{"allow":["GET"]}}],"collection":[{"href":"https:\/\/kgerad.de\/en\/wp-json\/wp\/v2\/product"}],"about":[{"href":"https:\/\/kgerad.de\/en\/wp-json\/wp\/v2\/types\/product"}],"replies":[{"embeddable":true,"href":"https:\/\/kgerad.de\/en\/wp-json\/wp\/v2\/comments?post=44254"}],"version-history":[{"count":1,"href":"https:\/\/kgerad.de\/en\/wp-json\/wp\/v2\/product\/44254\/revisions"}],"predecessor-version":[{"id":79093,"href":"https:\/\/kgerad.de\/en\/wp-json\/wp\/v2\/product\/44254\/revisions\/79093"}],"wp:featuredmedia":[{"embeddable":true,"href":"https:\/\/kgerad.de\/en\/wp-json\/wp\/v2\/media\/63211"}],"wp:attachment":[{"href":"https:\/\/kgerad.de\/en\/wp-json\/wp\/v2\/media?parent=44254"}],"wp:term":[{"taxonomy":"product_brand","embeddable":true,"href":"https:\/\/kgerad.de\/en\/wp-json\/wp\/v2\/product_brand?post=44254"},{"taxonomy":"product_cat","embeddable":true,"href":"https:\/\/kgerad.de\/en\/wp-json\/wp\/v2\/product_cat?post=44254"},{"taxonomy":"product_tag","embeddable":true,"href":"https:\/\/kgerad.de\/en\/wp-json\/wp\/v2\/product_tag?post=44254"}],"curies":[{"name":"wp","href":"https:\/\/api.w.org\/{rel}","templated":true}]}}