{"id":44223,"date":"2022-11-24T20:27:29","date_gmt":"2022-11-24T19:27:29","guid":{"rendered":"https:\/\/kgerad.de\/?post_type=product&#038;p=44223"},"modified":"2023-08-11T08:05:37","modified_gmt":"2023-08-11T06:05:37","slug":"fulcrum-e-metal-3-29-boost-laufradsatz","status":"publish","type":"product","link":"https:\/\/kgerad.de\/en\/product\/fulcrum-e-metal-3-29-boost-laufradsatz\/","title":{"rendered":"Fulcrum E-Metal 3 29&#8243; Boost Laufradsatz"},"content":{"rendered":"<h2>Fulcrum E-Metal 3 29&#8243; Boost Laufradsatz<\/h2>\n<div class=\"product--description\">\n<p>Der Fulcrum E-Metal 3 von Fulcrum wurde speziell f\u00fcr Trail-Riding-Abenteuer auf dem 29\u201c E-Mountainbike mit Boost-Standard entwickelt. Er gew\u00e4hrleistet einerseits Stabilit\u00e4t und Laufruhe, bietet aber gleichzeitig einfaches Handling beim Anfahren und \u00dcberwinden von Hindernissen, egal ob bergauf oder bergab.<\/p>\n<h2>Trail-Riding Profi: Der E-Metal 3 29\u201c E-MTB Laufradsatz von Fulcrum<\/h2>\n<p>Die bei der Entwicklung getroffenen Entscheidungen hatten genaue Ziele vor Augen: au\u00dfergew\u00f6hnlich leichtes Handling und souver\u00e4nes Ansprechverhalten unter allen Bedingungen. Der E-Metal 29 reagiert dank der rekordverd\u00e4chtigen Steifigkeit seiner Felgen-Speichen-Naben-Einheit blitzschnell auf Belastungen, und das zum Vorteil der Geschwindigkeits\u00fcbertragung von den Bedienelementen am Lenker und den Pedalen auf den Boden. Erm\u00f6glicht wird dies durch ein h\u00f6heres und laufrichtungsgebundeneres Rad, das speziell f\u00fcr die Front entwickelt wurde und ein hinteres Ende, das durch &#8222;In-Frame&#8220; &#8211; Technologie verst\u00e4rkt wurde und bereit ist, f\u00fcr maximale Kraft\u00fcbertragung zu sorgen.<br \/>\nWenn du dich mit H\u00f6chstgeschwindigkeit auf einen Singletrail begibst und dich an die Grenzen des M\u00f6glichen begibst, wirst du verbl\u00fcfft sein, wie schnell dein Bike reagiert. Ein paar Sekunden gen\u00fcgen, und alles wird automatisch und augenblicklich zum Fahrvergn\u00fcgen.<\/p>\n<hr \/>\n<h3>Features &#8211; Fulcrum E-Metal 3 29&#8243; Boost<\/h3>\n<ul>\n<li>Dank 2-Way-Fit Ready Technologie auch zu Tubeless-System umr\u00fcstbar<\/li>\n<li>In-Frame Technologie verteilt die Belastung gleichm\u00e4\u00dfig auf die gesamte Felge und vermeidet so zu starke Kompressionen<\/li>\n<li>Speichen mit verst\u00e4rktem Kopf garantieren hohe Widerstandsf\u00e4higkeit und perfekte Kraft\u00fcbertragung<\/li>\n<li>Die Innenweite von 30mm erm\u00f6glicht die Montage von Plus-Reifen mit bis zu 2,8&#8243;<\/li>\n<\/ul>\n<h2>Produkteigenschaften<\/h2>\n<ul>\n<li><strong>Einsatzbereich:\u00a0<\/strong>Trail, Enduro<\/li>\n<li><strong>Modell:\u00a0<\/strong>E-Metal 3<\/li>\n<li><strong>Laufradgr\u00f6\u00dfe:<\/strong>\u00a029&#8243;<\/li>\n<li><strong>Felgenh\u00f6he vorne:<\/strong>\u00a023mm<\/li>\n<li><strong>Felgenh\u00f6he hinten:<\/strong>\u00a018mm<\/li>\n<li><strong>Felgenbreite:<\/strong>\u00a035mm<\/li>\n<li><strong>Innenweite:\u00a0<\/strong>30mm<\/li>\n<li><strong>Reifentyp:<\/strong>\u00a0Falt-\/Drahtreifen<\/li>\n<li><strong>Tubeless-System:<\/strong>\u00a0Ja, umr\u00fcstbar<\/li>\n<li><b>Empfohlene Reifenbreite:<\/b>\u00a02,0 bis 2,8&#8243;<\/li>\n<li><strong>Bremsentyp:<\/strong>\u00a0Scheibenbremse<\/li>\n<li><strong>Aufnahme:<\/strong>\u00a06 Loch<\/li>\n<li><strong>Einbaubreite vorne:\u00a0<\/strong>15 x 110mm Boost<\/li>\n<li><strong>Einbaubreite hinten:\u00a0<\/strong>12 x 148mm Boost<\/li>\n<li><strong>Lager:<\/strong>\u00a0Gedichtete Kugellager<\/li>\n<li><strong>Speichen:<\/strong>\u00a0vorne 28 \/ hinten 28<\/li>\n<li><strong>Gewichtslimit:<\/strong>\u00a0150kg (System Fahrer, Fahrrad, Ausr\u00fcstung und Gep\u00e4ck)<\/li>\n<\/ul>\n<h2>Freilaufkompatibilit\u00e4t (Variante w\u00e4hlen)<\/h2>\n<ul>\n<li>Shimano HG 9\/10\/11-fach und Sram<\/li>\n<li>Shimano Micro Spline<\/li>\n<\/ul>\n<h3>Material<\/h3>\n<ul>\n<li><strong>Felgen:\u00a0<\/strong>Aluminium, verschwei\u00dft<\/li>\n<li><strong>Nabe VR:\u00a0<\/strong>Aluminiumnabenk\u00f6rper mit Aluminiumflansch<\/li>\n<li><strong>Nabe HR:\u00a0<\/strong>Aluminiumnabenk\u00f6rper mit Aluminiumflansch<\/li>\n<li><strong>Speichen:<\/strong>\u00a0Inox-Bru\u0308nierung<\/li>\n<li><strong>Nippel:<\/strong>\u00a0Aluminium, selbstsichernd<\/li>\n<\/ul>\n<h3><strong>Farbe<br \/>\n<\/strong><\/h3>\n<ul>\n<li>schwarz<\/li>\n<\/ul>\n<h3><strong>Gewicht<\/strong><\/h3>\n<ul>\n<li>2050g Paar (Herstellerangabe)<\/li>\n<\/ul>\n<hr \/>\n<h3>Lieferumfang<\/h3>\n<ul>\n<li>1 Fulcrum E-Metal 3 29&#8243; Boost Laufradsatz<\/li>\n<\/ul>\n<p><em>Boost Steckachsen nicht im Lieferumfang enthalten.<\/em><\/p>\n<hr \/>\n<h2>Technologien<\/h2>\n<p><strong>Asymmetric Rim<\/strong><br \/>\nDie Felgenasymmetrie wurde entwickelt, um die Spannung der Felge zu verbessern und dabei die Kr\u00e4fte, die von Bremsen und Ritzelpaket kommen, auszugleichen.<\/p>\n<p><strong>2-WAY FIT\u2122<\/strong><br \/>\nDer Laufradsatz kann auf Tubelessreifen umger\u00fcstet werden. Die Konvertierung ist nur f\u00fcr bestimmte Reifentypen zugelassen. Weitere Informationen findest du auf der Website von Fulcrum.<\/p>\n<p><strong>SPEICHEN MIT VERST\u00c4RKTEM KOPF<\/strong><br \/>\nF\u00fcr das neue Fulcrum E-MTB-Sortiment entschied man sich ausschlie\u00dflich f\u00fcr die Verwendung von Oversize-Speichen mit einem verst\u00e4rkten Spezialdesign an den K\u00f6pfen: Damit erzielt man maximale Qualit\u00e4t bei der Reaktion auf die Beanspruchungen sowohl bei der Widerstandsf\u00e4higkeit als auch bei der \u00dcbertragung der Antriebskraft. Die technische Raffiniertheit h\u00f6rt hier jedoch nicht auf. Man arbeitet auch am Profil, das bei einigen Ausf\u00fchrungen ver\u00e4nderlich ist. Ein elaborierter Querschnitt, der zwischen 2,2 mm am Kopf bis auf 2\/1,8 mm an der d\u00fcnnsten Stelle variabel ist, erm\u00f6glicht es, wichtige Gramm einzusparen, ohne die Leistungen zu beeinflussen.<\/p>\n<\/div>","protected":false},"excerpt":{"rendered":"<p>Fulcrum E-Metal 3 29&#8243; Boost Laufradsatz Der Fulcrum E-Metal 3 von Fulcrum wurde speziell f\u00fcr Trail-Riding-Abenteuer auf dem 29\u201c E-Mountainbike<\/p>","protected":false},"featured_media":63199,"comment_status":"open","ping_status":"closed","template":"","meta":[],"product_brand":[],"product_cat":[460,423],"product_tag":[],"class_list":{"0":"post-44223","1":"product","2":"type-product","3":"status-publish","4":"has-post-thumbnail","6":"product_cat-rennrad-teile","7":"product_cat-teile","8":"pa_marke-fulcrum","10":"first","11":"instock","12":"sale","13":"taxable","14":"shipping-taxable","15":"purchasable","16":"product-type-simple"},"yoast_head":"<!-- This site is optimized with the Yoast SEO Premium plugin v20.12 (Yoast SEO v27.1.1) - https:\/\/yoast.com\/product\/yoast-seo-premium-wordpress\/ -->\n<title>Fulcrum E-Metal 3 29&quot; Boost Laufradsatz<\/title>\n<meta name=\"description\" content=\"Entdecken Sie unseren Online-Fahrradladen: Gro\u00dfe Auswahl an Modellen f\u00fcr alle Radsportbegeisterten. Von Rennr\u00e4dern bis zu Mountainbikes - finden Sie heute Ihren perfekten Wegbegleiter!\" \/>\n<meta name=\"robots\" content=\"index, follow, max-snippet:-1, max-image-preview:large, max-video-preview:-1\" \/>\n<link rel=\"canonical\" href=\"https:\/\/kgerad.de\/en\/product\/fulcrum-e-metal-3-29-boost-laufradsatz\/\" \/>\n<meta property=\"og:locale\" content=\"en_US\" \/>\n<meta property=\"og:type\" content=\"article\" \/>\n<meta property=\"og:title\" content=\"Fulcrum E-Metal 3 29&quot; Boost Laufradsatz\" \/>\n<meta property=\"og:description\" content=\"Entdecken Sie unseren Online-Fahrradladen: Gro\u00dfe Auswahl an Modellen f\u00fcr alle Radsportbegeisterten. Von Rennr\u00e4dern bis zu Mountainbikes - finden Sie heute Ihren perfekten Wegbegleiter!\" \/>\n<meta property=\"og:url\" content=\"https:\/\/kgerad.de\/en\/product\/fulcrum-e-metal-3-29-boost-laufradsatz\/\" \/>\n<meta property=\"og:site_name\" content=\"kgerad.de\" \/>\n<meta property=\"article:modified_time\" content=\"2023-08-11T06:05:37+00:00\" \/>\n<meta property=\"og:image\" content=\"https:\/\/kgerad.de\/wp-content\/uploads\/2023\/06\/Fulcrum_EMetal329_EM3-19DFR952B_01_800x800-0.jpg\" \/>\n\t<meta property=\"og:image:width\" content=\"800\" \/>\n\t<meta property=\"og:image:height\" content=\"478\" \/>\n\t<meta property=\"og:image:type\" content=\"image\/jpeg\" \/>\n<meta name=\"twitter:card\" content=\"summary_large_image\" \/>\n<meta name=\"twitter:label1\" content=\"Est. reading time\" \/>\n\t<meta name=\"twitter:data1\" content=\"3 minutes\" \/>\n<script type=\"application\/ld+json\" class=\"yoast-schema-graph\">{\"@context\":\"https:\/\/schema.org\",\"@graph\":[{\"@type\":\"WebPage\",\"@id\":\"https:\/\/kgerad.de\/produkt\/fulcrum-e-metal-3-29-boost-laufradsatz\/\",\"url\":\"https:\/\/kgerad.de\/produkt\/fulcrum-e-metal-3-29-boost-laufradsatz\/\",\"name\":\"Fulcrum E-Metal 3 29\\\" Boost Laufradsatz\",\"isPartOf\":{\"@id\":\"https:\/\/kgerad.de\/#website\"},\"primaryImageOfPage\":{\"@id\":\"https:\/\/kgerad.de\/produkt\/fulcrum-e-metal-3-29-boost-laufradsatz\/#primaryimage\"},\"image\":{\"@id\":\"https:\/\/kgerad.de\/produkt\/fulcrum-e-metal-3-29-boost-laufradsatz\/#primaryimage\"},\"thumbnailUrl\":\"https:\/\/kgerad.de\/wp-content\/uploads\/2023\/06\/Fulcrum_EMetal329_EM3-19DFR952B_01_800x800-0.jpg\",\"datePublished\":\"2022-11-24T19:27:29+00:00\",\"dateModified\":\"2023-08-11T06:05:37+00:00\",\"description\":\"Entdecken Sie unseren Online-Fahrradladen: Gro\u00dfe Auswahl an Modellen f\u00fcr alle Radsportbegeisterten. Von Rennr\u00e4dern bis zu Mountainbikes - finden Sie heute Ihren perfekten Wegbegleiter!\",\"breadcrumb\":{\"@id\":\"https:\/\/kgerad.de\/produkt\/fulcrum-e-metal-3-29-boost-laufradsatz\/#breadcrumb\"},\"inLanguage\":\"en-US\",\"potentialAction\":[{\"@type\":\"ReadAction\",\"target\":[\"https:\/\/kgerad.de\/produkt\/fulcrum-e-metal-3-29-boost-laufradsatz\/\"]}]},{\"@type\":\"ImageObject\",\"inLanguage\":\"en-US\",\"@id\":\"https:\/\/kgerad.de\/produkt\/fulcrum-e-metal-3-29-boost-laufradsatz\/#primaryimage\",\"url\":\"https:\/\/kgerad.de\/wp-content\/uploads\/2023\/06\/Fulcrum_EMetal329_EM3-19DFR952B_01_800x800-0.jpg\",\"contentUrl\":\"https:\/\/kgerad.de\/wp-content\/uploads\/2023\/06\/Fulcrum_EMetal329_EM3-19DFR952B_01_800x800-0.jpg\",\"width\":800,\"height\":478,\"caption\":\"Fulcrum E-Metal 3 29 Boost Laufradsatz\"},{\"@type\":\"BreadcrumbList\",\"@id\":\"https:\/\/kgerad.de\/produkt\/fulcrum-e-metal-3-29-boost-laufradsatz\/#breadcrumb\",\"itemListElement\":[{\"@type\":\"ListItem\",\"position\":1,\"name\":\"Startseite\",\"item\":\"https:\/\/kgerad.de\/\"},{\"@type\":\"ListItem\",\"position\":2,\"name\":\"LADEN\",\"item\":\"https:\/\/kgerad.de\/laden\/\"},{\"@type\":\"ListItem\",\"position\":3,\"name\":\"Fulcrum E-Metal 3 29&#8243; Boost Laufradsatz\"}]},{\"@type\":\"WebSite\",\"@id\":\"https:\/\/kgerad.de\/#website\",\"url\":\"https:\/\/kgerad.de\/\",\"name\":\"kgerad.de\",\"description\":\"Treten Sie mit uns ins Abenteuer!\",\"publisher\":{\"@id\":\"https:\/\/kgerad.de\/#organization\"},\"alternateName\":\"MEIN RADLADEN\",\"potentialAction\":[{\"@type\":\"SearchAction\",\"target\":{\"@type\":\"EntryPoint\",\"urlTemplate\":\"https:\/\/kgerad.de\/?s={search_term_string}\"},\"query-input\":{\"@type\":\"PropertyValueSpecification\",\"valueRequired\":true,\"valueName\":\"search_term_string\"}}],\"inLanguage\":\"en-US\"},{\"@type\":\"Organization\",\"@id\":\"https:\/\/kgerad.de\/#organization\",\"name\":\"MEINRADLADEN\",\"alternateName\":\"MEIN RADLADEN\",\"url\":\"https:\/\/kgerad.de\/\",\"logo\":{\"@type\":\"ImageObject\",\"inLanguage\":\"en-US\",\"@id\":\"https:\/\/kgerad.de\/#\/schema\/logo\/image\/\",\"url\":\"https:\/\/kgerad.de\/wp-content\/uploads\/2025\/07\/logo-Whit.svg\",\"contentUrl\":\"https:\/\/kgerad.de\/wp-content\/uploads\/2025\/07\/logo-Whit.svg\",\"width\":1640,\"height\":371,\"caption\":\"MEINRADLADEN\"},\"image\":{\"@id\":\"https:\/\/kgerad.de\/#\/schema\/logo\/image\/\"}}]}<\/script>\n<!-- \/ Yoast SEO Premium plugin. -->","yoast_head_json":{"title":"Fulcrum E-Metal 3 29\" Boost Laufradsatz","description":"Entdecken Sie unseren Online-Fahrradladen: Gro\u00dfe Auswahl an Modellen f\u00fcr alle Radsportbegeisterten. Von Rennr\u00e4dern bis zu Mountainbikes - finden Sie heute Ihren perfekten Wegbegleiter!","robots":{"index":"index","follow":"follow","max-snippet":"max-snippet:-1","max-image-preview":"max-image-preview:large","max-video-preview":"max-video-preview:-1"},"canonical":"https:\/\/kgerad.de\/en\/product\/fulcrum-e-metal-3-29-boost-laufradsatz\/","og_locale":"en_US","og_type":"article","og_title":"Fulcrum E-Metal 3 29\" Boost Laufradsatz","og_description":"Entdecken Sie unseren Online-Fahrradladen: Gro\u00dfe Auswahl an Modellen f\u00fcr alle Radsportbegeisterten. Von Rennr\u00e4dern bis zu Mountainbikes - finden Sie heute Ihren perfekten Wegbegleiter!","og_url":"https:\/\/kgerad.de\/en\/product\/fulcrum-e-metal-3-29-boost-laufradsatz\/","og_site_name":"kgerad.de","article_modified_time":"2023-08-11T06:05:37+00:00","og_image":[{"width":800,"height":478,"url":"https:\/\/kgerad.de\/wp-content\/uploads\/2023\/06\/Fulcrum_EMetal329_EM3-19DFR952B_01_800x800-0.jpg","type":"image\/jpeg"}],"twitter_card":"summary_large_image","twitter_misc":{"Est. reading time":"3 minutes"},"schema":{"@context":"https:\/\/schema.org","@graph":[{"@type":"WebPage","@id":"https:\/\/kgerad.de\/produkt\/fulcrum-e-metal-3-29-boost-laufradsatz\/","url":"https:\/\/kgerad.de\/produkt\/fulcrum-e-metal-3-29-boost-laufradsatz\/","name":"Fulcrum E-Metal 3 29\" Boost Laufradsatz","isPartOf":{"@id":"https:\/\/kgerad.de\/#website"},"primaryImageOfPage":{"@id":"https:\/\/kgerad.de\/produkt\/fulcrum-e-metal-3-29-boost-laufradsatz\/#primaryimage"},"image":{"@id":"https:\/\/kgerad.de\/produkt\/fulcrum-e-metal-3-29-boost-laufradsatz\/#primaryimage"},"thumbnailUrl":"https:\/\/kgerad.de\/wp-content\/uploads\/2023\/06\/Fulcrum_EMetal329_EM3-19DFR952B_01_800x800-0.jpg","datePublished":"2022-11-24T19:27:29+00:00","dateModified":"2023-08-11T06:05:37+00:00","description":"Entdecken Sie unseren Online-Fahrradladen: Gro\u00dfe Auswahl an Modellen f\u00fcr alle Radsportbegeisterten. Von Rennr\u00e4dern bis zu Mountainbikes - finden Sie heute Ihren perfekten Wegbegleiter!","breadcrumb":{"@id":"https:\/\/kgerad.de\/produkt\/fulcrum-e-metal-3-29-boost-laufradsatz\/#breadcrumb"},"inLanguage":"en-US","potentialAction":[{"@type":"ReadAction","target":["https:\/\/kgerad.de\/produkt\/fulcrum-e-metal-3-29-boost-laufradsatz\/"]}]},{"@type":"ImageObject","inLanguage":"en-US","@id":"https:\/\/kgerad.de\/produkt\/fulcrum-e-metal-3-29-boost-laufradsatz\/#primaryimage","url":"https:\/\/kgerad.de\/wp-content\/uploads\/2023\/06\/Fulcrum_EMetal329_EM3-19DFR952B_01_800x800-0.jpg","contentUrl":"https:\/\/kgerad.de\/wp-content\/uploads\/2023\/06\/Fulcrum_EMetal329_EM3-19DFR952B_01_800x800-0.jpg","width":800,"height":478,"caption":"Fulcrum E-Metal 3 29 Boost Laufradsatz"},{"@type":"BreadcrumbList","@id":"https:\/\/kgerad.de\/produkt\/fulcrum-e-metal-3-29-boost-laufradsatz\/#breadcrumb","itemListElement":[{"@type":"ListItem","position":1,"name":"Startseite","item":"https:\/\/kgerad.de\/"},{"@type":"ListItem","position":2,"name":"LADEN","item":"https:\/\/kgerad.de\/laden\/"},{"@type":"ListItem","position":3,"name":"Fulcrum E-Metal 3 29&#8243; Boost Laufradsatz"}]},{"@type":"WebSite","@id":"https:\/\/kgerad.de\/#website","url":"https:\/\/kgerad.de\/","name":"kgerad.de","description":"Treten Sie mit uns ins Abenteuer!","publisher":{"@id":"https:\/\/kgerad.de\/#organization"},"alternateName":"MEIN RADLADEN","potentialAction":[{"@type":"SearchAction","target":{"@type":"EntryPoint","urlTemplate":"https:\/\/kgerad.de\/?s={search_term_string}"},"query-input":{"@type":"PropertyValueSpecification","valueRequired":true,"valueName":"search_term_string"}}],"inLanguage":"en-US"},{"@type":"Organization","@id":"https:\/\/kgerad.de\/#organization","name":"MEINRADLADEN","alternateName":"MEIN RADLADEN","url":"https:\/\/kgerad.de\/","logo":{"@type":"ImageObject","inLanguage":"en-US","@id":"https:\/\/kgerad.de\/#\/schema\/logo\/image\/","url":"https:\/\/kgerad.de\/wp-content\/uploads\/2025\/07\/logo-Whit.svg","contentUrl":"https:\/\/kgerad.de\/wp-content\/uploads\/2025\/07\/logo-Whit.svg","width":1640,"height":371,"caption":"MEINRADLADEN"},"image":{"@id":"https:\/\/kgerad.de\/#\/schema\/logo\/image\/"}}]}},"_links":{"self":[{"href":"https:\/\/kgerad.de\/en\/wp-json\/wp\/v2\/product\/44223","targetHints":{"allow":["GET"]}}],"collection":[{"href":"https:\/\/kgerad.de\/en\/wp-json\/wp\/v2\/product"}],"about":[{"href":"https:\/\/kgerad.de\/en\/wp-json\/wp\/v2\/types\/product"}],"replies":[{"embeddable":true,"href":"https:\/\/kgerad.de\/en\/wp-json\/wp\/v2\/comments?post=44223"}],"version-history":[{"count":1,"href":"https:\/\/kgerad.de\/en\/wp-json\/wp\/v2\/product\/44223\/revisions"}],"predecessor-version":[{"id":79096,"href":"https:\/\/kgerad.de\/en\/wp-json\/wp\/v2\/product\/44223\/revisions\/79096"}],"wp:featuredmedia":[{"embeddable":true,"href":"https:\/\/kgerad.de\/en\/wp-json\/wp\/v2\/media\/63199"}],"wp:attachment":[{"href":"https:\/\/kgerad.de\/en\/wp-json\/wp\/v2\/media?parent=44223"}],"wp:term":[{"taxonomy":"product_brand","embeddable":true,"href":"https:\/\/kgerad.de\/en\/wp-json\/wp\/v2\/product_brand?post=44223"},{"taxonomy":"product_cat","embeddable":true,"href":"https:\/\/kgerad.de\/en\/wp-json\/wp\/v2\/product_cat?post=44223"},{"taxonomy":"product_tag","embeddable":true,"href":"https:\/\/kgerad.de\/en\/wp-json\/wp\/v2\/product_tag?post=44223"}],"curies":[{"name":"wp","href":"https:\/\/api.w.org\/{rel}","templated":true}]}}