{"id":44160,"date":"2022-11-24T19:33:54","date_gmt":"2022-11-24T18:33:54","guid":{"rendered":"https:\/\/kgerad.de\/?post_type=product&#038;p=44160"},"modified":"2023-08-11T08:08:17","modified_gmt":"2023-08-11T06:08:17","slug":"babboe-pro-trike-e-265l-rb-hd-450-50-cm-schwarz-braun-26-zoll","status":"publish","type":"product","link":"https:\/\/kgerad.de\/en\/product\/babboe-pro-trike-e-265l-rb-hd-450-50-cm-schwarz-braun-26-zoll\/","title":{"rendered":"Babboe Pro Trike-E 265L RB\/HD 450 | 50 cm | schwarz braun | 26 Zoll"},"content":{"rendered":"<h2 id=\"productTitle\" class=\"kmt-productmain-title\">Babboe Pro Trike-E 265L RB\/HD 450 | 50 cm | schwarz braun | 26 Zoll<\/h2>\n<div class=\"kmt-tablist-content is-opened\">\n<div class=\"kmt-tablist-content-inner\">\n<div id=\"description\" class=\"kmt-textblockwithbuttonlist\">\n<div class=\"kmt-textblockwithbuttonlist-textblock kmt-textblock\">\n<p>Ein Klassiker unter den Babboe E-Lastenr\u00e4dern: Das Pro Trike-E. Hier in der Version mit GWA Nabenmotor, 450 Wh Akku, 265 Liter Transportbox und einer Kombination aus Rollenbremse und <a href=\"http:\/\/1-1\">hydraulischer<\/a> Scheibenbremse<\/p>\n<p>Der gro\u00dfe, abschlie\u00dfbare Transportbeh\u00e4lter wurde aus robustem und gleichzeitig leichten Birken-Sperrholz gefertigt und fasst 265 Liter Ladevolumen. Das bew\u00e4hrte System eignet sich ideal f\u00fcr den kleinen Lastentransport auf kurzen Strecken (z.B. in der Innenstadt).<\/p>\n<p>Damit du das Babboe Pro Trike-E Lasten E-Bike auch vollbeladen zuverl\u00e4ssig zu deinen Kunden pedalieren kannst, hat Babboe einen robusten Motor im Hinterrad verbaut. Zusammen mit der 7-Gang Shimano Schaltung ergibt sich somit ein alltagstauglicher Lasten-Antrieb, der die Wartungsintervalle \u00fcberschaubar h\u00e4lt.<\/p>\n<p>Die Konstruktion mit 3 R\u00e4dern macht dir das Halten und Absitzen besonders leicht. Eine kraftvolle Scheibenbremse am Hinterrad, besonders haltbare Rollenbremsen an den Vorderr\u00e4dern, komfortable Schwalbe Big Apple Balloon Reifen und eine rundum StVZO-taugliche Ausstattung sorgen f\u00fcr alltagstauglichen Fahrkomfort. Und wenn du m\u00f6chtest, kannst du auf dem stabilen Babboe Pro Trike-E Liefer-E-Bike deinen gro\u00dffl\u00e4chigen Werbeaufkleber anbringen.<\/p>\n<h3>Details<\/h3>\n<ul>\n<li>besonders stabiler Rahmen mit sto\u00dffester Pulverlackierung, Innenseite mit Rostschutz<\/li>\n<li>Europ\u00e4isches Birkensperrholz mit porenschlie\u00dfender Epoxidschicht (Betonplexplatten). Panele aus neun Furnierlagen, mit wasserfestem Leim (Phenolharz) gepresst und gegeneinander querverleimt. Kanten mit Randversiegelung<\/li>\n<li>ABUS Rahmenschloss mit ART-G\u00fctesiegel<\/li>\n<li>h\u00f6henverstellbarer Sattel, f\u00fcr K\u00f6rpergr\u00f6\u00dfe von 1,57 bis 1,98 m<\/li>\n<li>ideale Werbefl\u00e4che, auch im Stand<\/li>\n<\/ul>\n<h4>Ma\u00dfe<\/h4>\n<ul>\n<li>Ladevolumen: 265 Liter<\/li>\n<li>Ma\u00dfe Lastenrad (LxBxH): ca. 217 x 88 x 110 cm<\/li>\n<li>Ma\u00dfe Transportbox (LxBxH): ca. 99 x 58 x 53 cm<\/li>\n<li>Belastung Transportbox: max. 80 kg<\/li>\n<li>Belastung Sattel: max. 100 kg<\/li>\n<li>Belastung Gep\u00e4cktr\u00e4ger: 25 kg<\/li>\n<\/ul>\n<p>Bitte beachte, dass die Lieferung nur innerhalb von Deutschland (Festland) m\u00f6glich ist.<\/p>\n<\/div>\n<div class=\"kmt-textblockwithbuttonlist-buttonlist kmt-buttonlist kmt-buttonlist--display-inline-right kmt-buttonlist--layout-column\"><\/div>\n<\/div>\n<\/div>\n<\/div>\n<div class=\"kmt-tablist-content act\">\n<h2>SPEZIFIKATION<\/h2>\n<div class=\"kmt-tablist-content-inner\">\n<div id=\"attributes\">\n<div class=\"kmt-stackedfeed kmt-attr-wrapper\">\n<div class=\"kmt-attr-column\">\n<div class=\"kmt-attrgrp\">\n<h4 class=\"kmt-attrgrp-title\">ANTRIEB<\/h4>\n<table class=\"attributes table table-striped\">\n<tbody>\n<tr class=\"kmt-attrgrp-item\">\n<td class=\"kmt-attrgrp-itemtitle\">Laufradgr\u00f6\u00dfe<\/td>\n<td class=\"kmt-attrgrp-value\" data-title=\"Laufradgr\u00f6\u00dfe\">26 Zoll<\/td>\n<\/tr>\n<tr class=\"kmt-attrgrp-item\">\n<td class=\"kmt-attrgrp-itemtitle\">Reifen<\/td>\n<td class=\"kmt-attrgrp-value\" data-title=\"Reifen\">Schwalbe Big Apple<\/td>\n<\/tr>\n<tr class=\"kmt-attrgrp-item\">\n<td class=\"kmt-attrgrp-itemtitle\">Felgen<\/td>\n<td class=\"kmt-attrgrp-value\" data-title=\"Felgen\">Doppelwandige Felgen Vorder- und Hinterrad<\/td>\n<\/tr>\n<tr class=\"kmt-attrgrp-item\">\n<td class=\"kmt-attrgrp-itemtitle\">Kurbelsatz<\/td>\n<td class=\"kmt-attrgrp-value\" data-title=\"Kurbelsatz\">Aluminium Kurbelarme<\/td>\n<\/tr>\n<\/tbody>\n<\/table>\n<\/div>\n<div class=\"kmt-attrgrp\">\n<h4 class=\"kmt-attrgrp-title\">E-BIKE SYSTEM<\/h4>\n<table class=\"attributes table table-striped\">\n<tbody>\n<tr class=\"kmt-attrgrp-item\">\n<td class=\"kmt-attrgrp-itemtitle\">Akkutyp<\/td>\n<td class=\"kmt-attrgrp-value\" data-title=\"Akkutyp\">450 Wh<\/td>\n<\/tr>\n<tr class=\"kmt-attrgrp-item\">\n<td class=\"kmt-attrgrp-itemtitle\">Motor<\/td>\n<td class=\"kmt-attrgrp-value\" data-title=\"Motor\">GWA-450<\/td>\n<\/tr>\n<tr class=\"kmt-attrgrp-item\">\n<td class=\"kmt-attrgrp-itemtitle\">Akku-Leistung<\/td>\n<td class=\"kmt-attrgrp-value\" data-title=\"Akku-Leistung\">450 Wh<\/td>\n<\/tr>\n<\/tbody>\n<\/table>\n<\/div>\n<div class=\"kmt-attrgrp\">\n<h4 class=\"kmt-attrgrp-title\">SCHALTUNG<\/h4>\n<table class=\"attributes table table-striped\">\n<tbody>\n<tr class=\"kmt-attrgrp-item\">\n<td class=\"kmt-attrgrp-itemtitle\">Schaltungsart<\/td>\n<td class=\"kmt-attrgrp-value\" data-title=\"Schaltungsart\">Kettenschaltung<\/td>\n<\/tr>\n<tr class=\"kmt-attrgrp-item\">\n<td class=\"kmt-attrgrp-itemtitle\">Ganganzahl<\/td>\n<td class=\"kmt-attrgrp-value\" data-title=\"Ganganzahl\">7<\/td>\n<\/tr>\n<\/tbody>\n<\/table>\n<\/div>\n<div class=\"kmt-attrgrp\">\n<h4 class=\"kmt-attrgrp-title\">BREMSANLAGE<\/h4>\n<table class=\"attributes table table-striped\">\n<tbody>\n<tr class=\"kmt-attrgrp-item\">\n<td class=\"kmt-attrgrp-itemtitle\">Bremstyp<\/td>\n<td class=\"kmt-attrgrp-value\" data-title=\"Bremstyp\">Rollen-\/ Trommelbremse<\/td>\n<\/tr>\n<\/tbody>\n<\/table>\n<\/div>\n<\/div>\n<div class=\"kmt-attr-column\">\n<div class=\"kmt-attrgrp\">\n<h4 class=\"kmt-attrgrp-title\">RAHMEN<\/h4>\n<table class=\"attributes table table-striped\">\n<tbody>\n<tr class=\"kmt-attrgrp-item\">\n<td class=\"kmt-attrgrp-itemtitle\">Rahmenform<\/td>\n<td class=\"kmt-attrgrp-value\" data-title=\"Rahmenform\">Tiefeinstieg \/ Wave<\/td>\n<\/tr>\n<tr class=\"kmt-attrgrp-item\">\n<td class=\"kmt-attrgrp-itemtitle\">Rahmenmaterial<\/td>\n<td class=\"kmt-attrgrp-value\" data-title=\"Rahmenmaterial\">Stahl<\/td>\n<\/tr>\n<\/tbody>\n<\/table>\n<\/div>\n<div class=\"kmt-attrgrp\">\n<h4 class=\"kmt-attrgrp-title\">KONTAKTPUNKTE<\/h4>\n<table class=\"attributes table table-striped\">\n<tbody>\n<tr class=\"kmt-attrgrp-item\">\n<td class=\"kmt-attrgrp-itemtitle\">Vorbau<\/td>\n<td class=\"kmt-attrgrp-value\" data-title=\"Vorbau\">Schaftvorbau, Aluminium<\/td>\n<\/tr>\n<tr class=\"kmt-attrgrp-item\">\n<td class=\"kmt-attrgrp-itemtitle\">Sattel<\/td>\n<td class=\"kmt-attrgrp-value\" data-title=\"Sattel\">komfortabler Sattel mit Elsatomerfederung<\/td>\n<\/tr>\n<tr class=\"kmt-attrgrp-item\">\n<td class=\"kmt-attrgrp-itemtitle\">Sattelst\u00fctze<\/td>\n<td class=\"kmt-attrgrp-value\" data-title=\"Sattelst\u00fctze\">Patent, Aluminium<\/td>\n<\/tr>\n<\/tbody>\n<\/table>\n<\/div>\n<div class=\"kmt-attrgrp\">\n<h4 class=\"kmt-attrgrp-title\">STRASSENAUSSTATTUN<\/h4>\n<table class=\"attributes table table-striped\">\n<tbody>\n<tr class=\"kmt-attrgrp-item\">\n<td class=\"kmt-attrgrp-itemtitle\">Stra\u00dfenausstattung<\/td>\n<td class=\"kmt-attrgrp-value\" data-title=\"Stra\u00dfenausstattung\">ja<\/td>\n<\/tr>\n<\/tbody>\n<\/table>\n<\/div>\n<div class=\"kmt-attrgrp\">\n<h4 class=\"kmt-attrgrp-title\">SONSTIGE INFORMATIONEN<\/h4>\n<table class=\"attributes table table-striped\">\n<tbody>\n<tr class=\"kmt-attrgrp-item\">\n<td class=\"kmt-attrgrp-itemtitle\">Typ<\/td>\n<td class=\"kmt-attrgrp-value\" data-title=\"Typ\">unisex<\/td>\n<\/tr>\n<\/tbody>\n<\/table>\n<\/div>\n<h4 class=\"kmt-attrgrp-title\">MARKE<\/h4>\n<div class=\"kmt-tablist-content-inner\">\n<div id=\"brand_details\" class=\"kmt-branddetail\">\n<div class=\"kmt-branddetail-text\">\n<p>Babboe steht f\u00fcr die mobile Revolution. Bezahlbare und robuste Lastenr\u00e4der zu g\u00fcnstigen Preisen als Unterst\u00fctzung f\u00fcr die Familie. Egal ob die Fahrt zur Kita mit den Kindern oder das Erledigen von Eink\u00e4ufen. Babboe macht auf den Stra\u00dfen immer eine gute Figur und entwickelt sich vor allem in der Stadt zu einer wendigen und umweltschonenden Alternative zum Auto. Neben der Optik ist Sicherheit ein gro\u00dfer Faktor. Die Lastenfahrr\u00e4der sind erfolgreich von SGS und T\u00dcV auf Sicherheit und Nachhaltigkeit gepr\u00fcft.<\/p>\n<\/div>\n<\/div>\n<\/div>\n<\/div>\n<\/div>\n<\/div>\n<\/div>\n<\/div>","protected":false},"excerpt":{"rendered":"<p>Babboe Pro Trike-E 265L RB\/HD 450 | 50 cm | schwarz braun | 26 Zoll Ein Klassiker unter den Babboe<\/p>","protected":false},"featured_media":63174,"comment_status":"open","ping_status":"closed","template":"","meta":[],"product_brand":[],"product_cat":[33,395],"product_tag":[],"class_list":{"0":"post-44160","1":"product","2":"type-product","3":"status-publish","4":"has-post-thumbnail","6":"product_cat-e-bike","7":"product_cat-e-lastenraeder","8":"pa_marke-citkar","10":"first","11":"instock","12":"sale","13":"taxable","14":"shipping-taxable","15":"purchasable","16":"product-type-variable"},"yoast_head":"<!-- This site is optimized with the Yoast SEO Premium plugin v20.12 (Yoast SEO v27.1.1) - https:\/\/yoast.com\/product\/yoast-seo-premium-wordpress\/ -->\n<title>Babboe Pro Trike-E 265L RB\/HD 450 | 50 cm | schwarz braun | 26 Zoll<\/title>\n<meta name=\"description\" content=\"Entdecken Sie unseren Online-Fahrradladen: Gro\u00dfe Auswahl an Modellen f\u00fcr alle Radsportbegeisterten. Von Rennr\u00e4dern bis zu Mountainbikes - finden Sie heute Ihren perfekten Wegbegleiter!\" \/>\n<meta name=\"robots\" content=\"index, follow, max-snippet:-1, max-image-preview:large, max-video-preview:-1\" \/>\n<link rel=\"canonical\" href=\"https:\/\/kgerad.de\/en\/product\/babboe-pro-trike-e-265l-rb-hd-450-50-cm-schwarz-braun-26-zoll\/\" \/>\n<meta property=\"og:locale\" content=\"en_US\" \/>\n<meta property=\"og:type\" content=\"article\" \/>\n<meta property=\"og:title\" content=\"Babboe Pro Trike-E 265L RB\/HD 450 | 50 cm | schwarz braun | 26 Zoll\" \/>\n<meta property=\"og:description\" content=\"Entdecken Sie unseren Online-Fahrradladen: Gro\u00dfe Auswahl an Modellen f\u00fcr alle Radsportbegeisterten. Von Rennr\u00e4dern bis zu Mountainbikes - finden Sie heute Ihren perfekten Wegbegleiter!\" \/>\n<meta property=\"og:url\" content=\"https:\/\/kgerad.de\/en\/product\/babboe-pro-trike-e-265l-rb-hd-450-50-cm-schwarz-braun-26-zoll\/\" \/>\n<meta property=\"og:site_name\" content=\"kgerad.de\" \/>\n<meta property=\"article:modified_time\" content=\"2023-08-11T06:08:17+00:00\" \/>\n<meta property=\"og:image\" content=\"https:\/\/kgerad.de\/wp-content\/uploads\/2023\/06\/babboe-pro-trike-e-265l-rb-hd-braun-82198-01.jpg\" \/>\n\t<meta property=\"og:image:width\" content=\"693\" \/>\n\t<meta property=\"og:image:height\" content=\"520\" \/>\n\t<meta property=\"og:image:type\" content=\"image\/jpeg\" \/>\n<meta name=\"twitter:card\" content=\"summary_large_image\" \/>\n<meta name=\"twitter:label1\" content=\"Est. reading time\" \/>\n\t<meta name=\"twitter:data1\" content=\"3 minutes\" \/>\n<script type=\"application\/ld+json\" class=\"yoast-schema-graph\">{\"@context\":\"https:\/\/schema.org\",\"@graph\":[{\"@type\":\"WebPage\",\"@id\":\"https:\/\/kgerad.de\/produkt\/babboe-pro-trike-e-265l-rb-hd-450-50-cm-schwarz-braun-26-zoll\/\",\"url\":\"https:\/\/kgerad.de\/produkt\/babboe-pro-trike-e-265l-rb-hd-450-50-cm-schwarz-braun-26-zoll\/\",\"name\":\"Babboe Pro Trike-E 265L RB\/HD 450 | 50 cm | schwarz braun | 26 Zoll\",\"isPartOf\":{\"@id\":\"https:\/\/kgerad.de\/#website\"},\"primaryImageOfPage\":{\"@id\":\"https:\/\/kgerad.de\/produkt\/babboe-pro-trike-e-265l-rb-hd-450-50-cm-schwarz-braun-26-zoll\/#primaryimage\"},\"image\":{\"@id\":\"https:\/\/kgerad.de\/produkt\/babboe-pro-trike-e-265l-rb-hd-450-50-cm-schwarz-braun-26-zoll\/#primaryimage\"},\"thumbnailUrl\":\"https:\/\/kgerad.de\/wp-content\/uploads\/2023\/06\/babboe-pro-trike-e-265l-rb-hd-braun-82198-01.jpg\",\"datePublished\":\"2022-11-24T18:33:54+00:00\",\"dateModified\":\"2023-08-11T06:08:17+00:00\",\"description\":\"Entdecken Sie unseren Online-Fahrradladen: Gro\u00dfe Auswahl an Modellen f\u00fcr alle Radsportbegeisterten. Von Rennr\u00e4dern bis zu Mountainbikes - finden Sie heute Ihren perfekten Wegbegleiter!\",\"breadcrumb\":{\"@id\":\"https:\/\/kgerad.de\/produkt\/babboe-pro-trike-e-265l-rb-hd-450-50-cm-schwarz-braun-26-zoll\/#breadcrumb\"},\"inLanguage\":\"en-US\",\"potentialAction\":[{\"@type\":\"ReadAction\",\"target\":[\"https:\/\/kgerad.de\/produkt\/babboe-pro-trike-e-265l-rb-hd-450-50-cm-schwarz-braun-26-zoll\/\"]}]},{\"@type\":\"ImageObject\",\"inLanguage\":\"en-US\",\"@id\":\"https:\/\/kgerad.de\/produkt\/babboe-pro-trike-e-265l-rb-hd-450-50-cm-schwarz-braun-26-zoll\/#primaryimage\",\"url\":\"https:\/\/kgerad.de\/wp-content\/uploads\/2023\/06\/babboe-pro-trike-e-265l-rb-hd-braun-82198-01.jpg\",\"contentUrl\":\"https:\/\/kgerad.de\/wp-content\/uploads\/2023\/06\/babboe-pro-trike-e-265l-rb-hd-braun-82198-01.jpg\",\"width\":693,\"height\":520,\"caption\":\"Babboe Pro Trike-E 265L RB\/HD 450\"},{\"@type\":\"BreadcrumbList\",\"@id\":\"https:\/\/kgerad.de\/produkt\/babboe-pro-trike-e-265l-rb-hd-450-50-cm-schwarz-braun-26-zoll\/#breadcrumb\",\"itemListElement\":[{\"@type\":\"ListItem\",\"position\":1,\"name\":\"Startseite\",\"item\":\"https:\/\/kgerad.de\/\"},{\"@type\":\"ListItem\",\"position\":2,\"name\":\"LADEN\",\"item\":\"https:\/\/kgerad.de\/laden\/\"},{\"@type\":\"ListItem\",\"position\":3,\"name\":\"Babboe Pro Trike-E 265L RB\/HD 450 | 50 cm | schwarz braun | 26 Zoll\"}]},{\"@type\":\"WebSite\",\"@id\":\"https:\/\/kgerad.de\/#website\",\"url\":\"https:\/\/kgerad.de\/\",\"name\":\"kgerad.de\",\"description\":\"Treten Sie mit uns ins Abenteuer!\",\"publisher\":{\"@id\":\"https:\/\/kgerad.de\/#organization\"},\"alternateName\":\"MEIN RADLADEN\",\"potentialAction\":[{\"@type\":\"SearchAction\",\"target\":{\"@type\":\"EntryPoint\",\"urlTemplate\":\"https:\/\/kgerad.de\/?s={search_term_string}\"},\"query-input\":{\"@type\":\"PropertyValueSpecification\",\"valueRequired\":true,\"valueName\":\"search_term_string\"}}],\"inLanguage\":\"en-US\"},{\"@type\":\"Organization\",\"@id\":\"https:\/\/kgerad.de\/#organization\",\"name\":\"MEINRADLADEN\",\"alternateName\":\"MEIN RADLADEN\",\"url\":\"https:\/\/kgerad.de\/\",\"logo\":{\"@type\":\"ImageObject\",\"inLanguage\":\"en-US\",\"@id\":\"https:\/\/kgerad.de\/#\/schema\/logo\/image\/\",\"url\":\"https:\/\/kgerad.de\/wp-content\/uploads\/2025\/07\/logo-Whit.svg\",\"contentUrl\":\"https:\/\/kgerad.de\/wp-content\/uploads\/2025\/07\/logo-Whit.svg\",\"width\":1640,\"height\":371,\"caption\":\"MEINRADLADEN\"},\"image\":{\"@id\":\"https:\/\/kgerad.de\/#\/schema\/logo\/image\/\"}}]}<\/script>\n<!-- \/ Yoast SEO Premium plugin. -->","yoast_head_json":{"title":"Babboe Pro Trike-E 265L RB\/HD 450 | 50 cm | schwarz braun | 26 Zoll","description":"Entdecken Sie unseren Online-Fahrradladen: Gro\u00dfe Auswahl an Modellen f\u00fcr alle Radsportbegeisterten. Von Rennr\u00e4dern bis zu Mountainbikes - finden Sie heute Ihren perfekten Wegbegleiter!","robots":{"index":"index","follow":"follow","max-snippet":"max-snippet:-1","max-image-preview":"max-image-preview:large","max-video-preview":"max-video-preview:-1"},"canonical":"https:\/\/kgerad.de\/en\/product\/babboe-pro-trike-e-265l-rb-hd-450-50-cm-schwarz-braun-26-zoll\/","og_locale":"en_US","og_type":"article","og_title":"Babboe Pro Trike-E 265L RB\/HD 450 | 50 cm | schwarz braun | 26 Zoll","og_description":"Entdecken Sie unseren Online-Fahrradladen: Gro\u00dfe Auswahl an Modellen f\u00fcr alle Radsportbegeisterten. Von Rennr\u00e4dern bis zu Mountainbikes - finden Sie heute Ihren perfekten Wegbegleiter!","og_url":"https:\/\/kgerad.de\/en\/product\/babboe-pro-trike-e-265l-rb-hd-450-50-cm-schwarz-braun-26-zoll\/","og_site_name":"kgerad.de","article_modified_time":"2023-08-11T06:08:17+00:00","og_image":[{"width":693,"height":520,"url":"https:\/\/kgerad.de\/wp-content\/uploads\/2023\/06\/babboe-pro-trike-e-265l-rb-hd-braun-82198-01.jpg","type":"image\/jpeg"}],"twitter_card":"summary_large_image","twitter_misc":{"Est. reading time":"3 minutes"},"schema":{"@context":"https:\/\/schema.org","@graph":[{"@type":"WebPage","@id":"https:\/\/kgerad.de\/produkt\/babboe-pro-trike-e-265l-rb-hd-450-50-cm-schwarz-braun-26-zoll\/","url":"https:\/\/kgerad.de\/produkt\/babboe-pro-trike-e-265l-rb-hd-450-50-cm-schwarz-braun-26-zoll\/","name":"Babboe Pro Trike-E 265L RB\/HD 450 | 50 cm | schwarz braun | 26 Zoll","isPartOf":{"@id":"https:\/\/kgerad.de\/#website"},"primaryImageOfPage":{"@id":"https:\/\/kgerad.de\/produkt\/babboe-pro-trike-e-265l-rb-hd-450-50-cm-schwarz-braun-26-zoll\/#primaryimage"},"image":{"@id":"https:\/\/kgerad.de\/produkt\/babboe-pro-trike-e-265l-rb-hd-450-50-cm-schwarz-braun-26-zoll\/#primaryimage"},"thumbnailUrl":"https:\/\/kgerad.de\/wp-content\/uploads\/2023\/06\/babboe-pro-trike-e-265l-rb-hd-braun-82198-01.jpg","datePublished":"2022-11-24T18:33:54+00:00","dateModified":"2023-08-11T06:08:17+00:00","description":"Entdecken Sie unseren Online-Fahrradladen: Gro\u00dfe Auswahl an Modellen f\u00fcr alle Radsportbegeisterten. Von Rennr\u00e4dern bis zu Mountainbikes - finden Sie heute Ihren perfekten Wegbegleiter!","breadcrumb":{"@id":"https:\/\/kgerad.de\/produkt\/babboe-pro-trike-e-265l-rb-hd-450-50-cm-schwarz-braun-26-zoll\/#breadcrumb"},"inLanguage":"en-US","potentialAction":[{"@type":"ReadAction","target":["https:\/\/kgerad.de\/produkt\/babboe-pro-trike-e-265l-rb-hd-450-50-cm-schwarz-braun-26-zoll\/"]}]},{"@type":"ImageObject","inLanguage":"en-US","@id":"https:\/\/kgerad.de\/produkt\/babboe-pro-trike-e-265l-rb-hd-450-50-cm-schwarz-braun-26-zoll\/#primaryimage","url":"https:\/\/kgerad.de\/wp-content\/uploads\/2023\/06\/babboe-pro-trike-e-265l-rb-hd-braun-82198-01.jpg","contentUrl":"https:\/\/kgerad.de\/wp-content\/uploads\/2023\/06\/babboe-pro-trike-e-265l-rb-hd-braun-82198-01.jpg","width":693,"height":520,"caption":"Babboe Pro Trike-E 265L RB\/HD 450"},{"@type":"BreadcrumbList","@id":"https:\/\/kgerad.de\/produkt\/babboe-pro-trike-e-265l-rb-hd-450-50-cm-schwarz-braun-26-zoll\/#breadcrumb","itemListElement":[{"@type":"ListItem","position":1,"name":"Startseite","item":"https:\/\/kgerad.de\/"},{"@type":"ListItem","position":2,"name":"LADEN","item":"https:\/\/kgerad.de\/laden\/"},{"@type":"ListItem","position":3,"name":"Babboe Pro Trike-E 265L RB\/HD 450 | 50 cm | schwarz braun | 26 Zoll"}]},{"@type":"WebSite","@id":"https:\/\/kgerad.de\/#website","url":"https:\/\/kgerad.de\/","name":"kgerad.de","description":"Treten Sie mit uns ins Abenteuer!","publisher":{"@id":"https:\/\/kgerad.de\/#organization"},"alternateName":"MEIN RADLADEN","potentialAction":[{"@type":"SearchAction","target":{"@type":"EntryPoint","urlTemplate":"https:\/\/kgerad.de\/?s={search_term_string}"},"query-input":{"@type":"PropertyValueSpecification","valueRequired":true,"valueName":"search_term_string"}}],"inLanguage":"en-US"},{"@type":"Organization","@id":"https:\/\/kgerad.de\/#organization","name":"MEINRADLADEN","alternateName":"MEIN RADLADEN","url":"https:\/\/kgerad.de\/","logo":{"@type":"ImageObject","inLanguage":"en-US","@id":"https:\/\/kgerad.de\/#\/schema\/logo\/image\/","url":"https:\/\/kgerad.de\/wp-content\/uploads\/2025\/07\/logo-Whit.svg","contentUrl":"https:\/\/kgerad.de\/wp-content\/uploads\/2025\/07\/logo-Whit.svg","width":1640,"height":371,"caption":"MEINRADLADEN"},"image":{"@id":"https:\/\/kgerad.de\/#\/schema\/logo\/image\/"}}]}},"_links":{"self":[{"href":"https:\/\/kgerad.de\/en\/wp-json\/wp\/v2\/product\/44160","targetHints":{"allow":["GET"]}}],"collection":[{"href":"https:\/\/kgerad.de\/en\/wp-json\/wp\/v2\/product"}],"about":[{"href":"https:\/\/kgerad.de\/en\/wp-json\/wp\/v2\/types\/product"}],"replies":[{"embeddable":true,"href":"https:\/\/kgerad.de\/en\/wp-json\/wp\/v2\/comments?post=44160"}],"version-history":[{"count":1,"href":"https:\/\/kgerad.de\/en\/wp-json\/wp\/v2\/product\/44160\/revisions"}],"predecessor-version":[{"id":79103,"href":"https:\/\/kgerad.de\/en\/wp-json\/wp\/v2\/product\/44160\/revisions\/79103"}],"wp:featuredmedia":[{"embeddable":true,"href":"https:\/\/kgerad.de\/en\/wp-json\/wp\/v2\/media\/63174"}],"wp:attachment":[{"href":"https:\/\/kgerad.de\/en\/wp-json\/wp\/v2\/media?parent=44160"}],"wp:term":[{"taxonomy":"product_brand","embeddable":true,"href":"https:\/\/kgerad.de\/en\/wp-json\/wp\/v2\/product_brand?post=44160"},{"taxonomy":"product_cat","embeddable":true,"href":"https:\/\/kgerad.de\/en\/wp-json\/wp\/v2\/product_cat?post=44160"},{"taxonomy":"product_tag","embeddable":true,"href":"https:\/\/kgerad.de\/en\/wp-json\/wp\/v2\/product_tag?post=44160"}],"curies":[{"name":"wp","href":"https:\/\/api.w.org\/{rel}","templated":true}]}}