{"id":44133,"date":"2022-11-24T19:10:12","date_gmt":"2022-11-24T18:10:12","guid":{"rendered":"https:\/\/kgerad.de\/?post_type=product&#038;p=44133"},"modified":"2023-08-11T08:12:24","modified_gmt":"2023-08-11T06:12:24","slug":"babboe-pro-bike-mm-composite-hd-500-50-cm-weiss-26-zoll","status":"publish","type":"product","link":"https:\/\/kgerad.de\/en\/product\/babboe-pro-bike-mm-composite-hd-500-50-cm-weiss-26-zoll\/","title":{"rendered":"Babboe Pro Bike MM Composite HD 500 | 50 cm | weiss | 26 Zoll"},"content":{"rendered":"<h2 id=\"productTitle\" class=\"kmt-productmain-title\">Babboe Pro Bike MM Composite HD 500 | 50 cm | weiss | 26 Zoll<\/h2>\n<div class=\"kmt-tablist-content is-opened\">\n<div class=\"kmt-tablist-content-inner\">\n<div id=\"description\" class=\"kmt-textblockwithbuttonlist\">\n<div class=\"kmt-textblockwithbuttonlist-textblock kmt-textblock\">\n<p>Mit dem Babboe Pro Bike MM Composite HD 500 Lieferfahrrad, zeigen die niederl\u00e4ndischen Lastenradexperten ein agiles Lieferfahrzeug mit Mittelmotor und stufenloser Enviolo Schaltung f\u00fcr den innerst\u00e4dtischen Kurzstreckenverkehr.<\/p>\n<p>Der wasserdichte, abschlie\u00dfbare Transportbeh\u00e4lter wurde aus robustem und gleichzeitig leichten Glasfaser-Verbundstoff (Deckel aus Kohlenstofffaser) gefertigt und fasst 350 Liter Ladevolumen. Die zweir\u00e4drige Konstruktion erm\u00f6glicht dir ein agiles Fahren, wie du es bei einem normalen Fahrrad gewohnt bist.<\/p>\n<p>Mit der stufenlosen Enviolo Nabenschaltung, r\u00fcstet Babboe sein Transportfahrrad mit einer breitbandigen Schaltung aus, die dir im Lieferverkehr eine hohe \u00dcbersetzung bietet. Dank des 70 Nm leistenden Yamaha Motors (500 Wh Akku) lassen sich auch regelm\u00e4\u00dfig schwere Lasten bewegen.<\/p>\n<p>Hydraulische Scheibenbremsen, komfortable Schwalbe Big Apple Balloon Reifen und eine rundum StVZO-taugliche Ausstattung sorgen f\u00fcr alltagstauglichen und robusten Fahrkomfort. Und wenn du m\u00f6chtest, kannst du das stabile Babboe Pro Bike MM Composite HD 500 Liefer-E-Bike mit deinem gro\u00dffl\u00e4chigen Werbeaufkleber dekorieren.<\/p>\n<h3>Details<\/h3>\n<ul>\n<li>wasserdichter Deckel<\/li>\n<li>stabile Transportbox<\/li>\n<li>doppelt gekr\u00fcmmter Glasfaserverbundstoff mit Deckel aus Kohlenstofffaser<\/li>\n<li>Trelock Rahmenschloss mit ART-G\u00fctesiegel<\/li>\n<li>AXA LED-Batterie-Beleuchtung vorne und hinten<\/li>\n<li>h\u00f6henverstellbarer Sattel, f\u00fcr K\u00f6rpergr\u00f6\u00dfe von 1,57 bis 1,98 m<\/li>\n<li>ideal als Werbetr\u00e4ger f\u00fcr deinen Betrieb<\/li>\n<\/ul>\n<h4>Ma\u00dfe<\/h4>\n<ul>\n<li>Ladevolumen: 350 Liter<\/li>\n<li>Ma\u00dfe Lastenrad (LxBxH): ca. 255 x 65 x 110 cm<\/li>\n<li>Ma\u00dfe Transportbox (LxBxH): ca. 103 x 74 x 63 cm<\/li>\n<li>Belastung Transportbox: max. 80 kg<\/li>\n<li>Belastung Sattel: max. 100 kg<\/li>\n<\/ul>\n<p>Bitte beachte, dass die Lieferung nur innerhalb von Deutschland (Festland) m\u00f6glich ist.<\/p>\n<\/div>\n<div class=\"kmt-textblockwithbuttonlist-buttonlist kmt-buttonlist kmt-buttonlist--display-inline-right kmt-buttonlist--layout-column\"><\/div>\n<\/div>\n<\/div>\n<\/div>\n<div class=\"kmt-tablist-content act\">\n<h2>SPEZIFIKATION<\/h2>\n<div class=\"kmt-tablist-content-inner\">\n<div id=\"attributes\">\n<div class=\"kmt-stackedfeed kmt-attr-wrapper\">\n<div class=\"kmt-attr-column\">\n<div class=\"kmt-attrgrp\">\n<h4 class=\"kmt-attrgrp-title\">ANTRIEB<\/h4>\n<table class=\"attributes table table-striped\">\n<tbody>\n<tr class=\"kmt-attrgrp-item\">\n<td class=\"kmt-attrgrp-itemtitle\">Laufradgr\u00f6\u00dfe<\/td>\n<td class=\"kmt-attrgrp-value\" data-title=\"Laufradgr\u00f6\u00dfe\">26 Zoll<\/td>\n<\/tr>\n<tr class=\"kmt-attrgrp-item\">\n<td class=\"kmt-attrgrp-itemtitle\">Felgen<\/td>\n<td class=\"kmt-attrgrp-value\" data-title=\"Felgen\">Doppelwandige Felgen Vorder- und Hinterrad<\/td>\n<\/tr>\n<tr class=\"kmt-attrgrp-item\">\n<td class=\"kmt-attrgrp-itemtitle\">Nabe hinten<\/td>\n<td class=\"kmt-attrgrp-value\" data-title=\"Nabe hinten\">Enviolo Schaltnabe mit Freilauf<\/td>\n<\/tr>\n<tr class=\"kmt-attrgrp-item\">\n<td class=\"kmt-attrgrp-itemtitle\">Kurbelsatz<\/td>\n<td class=\"kmt-attrgrp-value\" data-title=\"Kurbelsatz\">Aluminium Kurbelarme<\/td>\n<\/tr>\n<\/tbody>\n<\/table>\n<\/div>\n<div class=\"kmt-attrgrp\">\n<h4 class=\"kmt-attrgrp-title\">SCHALTUNG<\/h4>\n<table class=\"attributes table table-striped\">\n<tbody>\n<tr class=\"kmt-attrgrp-item\">\n<td class=\"kmt-attrgrp-itemtitle\">Schaltungsart<\/td>\n<td class=\"kmt-attrgrp-value\" data-title=\"Schaltungsart\">Nabenschaltung Freilauf<\/td>\n<\/tr>\n<tr class=\"kmt-attrgrp-item\">\n<td class=\"kmt-attrgrp-itemtitle\">Ganganzahl<\/td>\n<td class=\"kmt-attrgrp-value\" data-title=\"Ganganzahl\">stufenlos<\/td>\n<\/tr>\n<tr class=\"kmt-attrgrp-item\">\n<td class=\"kmt-attrgrp-itemtitle\">Schalthebel<\/td>\n<td class=\"kmt-attrgrp-value\" data-title=\"Schalthebel\">Enviolo<\/td>\n<\/tr>\n<\/tbody>\n<\/table>\n<\/div>\n<div class=\"kmt-attrgrp\">\n<h4 class=\"kmt-attrgrp-title\">BREMSANLAGE<\/h4>\n<table class=\"attributes table table-striped\">\n<tbody>\n<tr class=\"kmt-attrgrp-item\">\n<td class=\"kmt-attrgrp-itemtitle\">Bremstyp<\/td>\n<td class=\"kmt-attrgrp-value\" data-title=\"Bremstyp\">hydraulische Scheibenbremse<\/td>\n<\/tr>\n<\/tbody>\n<\/table>\n<\/div>\n<div class=\"kmt-attrgrp\">\n<h4 class=\"kmt-attrgrp-title\">RAHMEN<\/h4>\n<table class=\"attributes table table-striped\">\n<tbody>\n<tr class=\"kmt-attrgrp-item\">\n<td class=\"kmt-attrgrp-itemtitle\">Rahmenform<\/td>\n<td class=\"kmt-attrgrp-value\" data-title=\"Rahmenform\">Tiefeinstieg \/ Wave<\/td>\n<\/tr>\n<tr class=\"kmt-attrgrp-item\">\n<td class=\"kmt-attrgrp-itemtitle\">Rahmenmaterial<\/td>\n<td class=\"kmt-attrgrp-value\" data-title=\"Rahmenmaterial\">Stahl<\/td>\n<\/tr>\n<\/tbody>\n<\/table>\n<\/div>\n<\/div>\n<div class=\"kmt-attr-column\">\n<div class=\"kmt-attrgrp\">\n<h4 class=\"kmt-attrgrp-title\">KONTAKTPUNKTE<\/h4>\n<table class=\"attributes table table-striped\">\n<tbody>\n<tr class=\"kmt-attrgrp-item\">\n<td class=\"kmt-attrgrp-itemtitle\">Vorbau<\/td>\n<td class=\"kmt-attrgrp-value\" data-title=\"Vorbau\">Schaftvorbau, Aluminium<\/td>\n<\/tr>\n<tr class=\"kmt-attrgrp-item\">\n<td class=\"kmt-attrgrp-itemtitle\">Sattel<\/td>\n<td class=\"kmt-attrgrp-value\" data-title=\"Sattel\">komfortabler Sattel mit Elsatomerfederung<\/td>\n<\/tr>\n<tr class=\"kmt-attrgrp-item\">\n<td class=\"kmt-attrgrp-itemtitle\">Sattelst\u00fctze<\/td>\n<td class=\"kmt-attrgrp-value\" data-title=\"Sattelst\u00fctze\">Patent, Aluminium<\/td>\n<\/tr>\n<\/tbody>\n<\/table>\n<\/div>\n<div class=\"kmt-attrgrp\">\n<h4 class=\"kmt-attrgrp-title\">STRASSENAUSSTATTUN<\/h4>\n<table class=\"attributes table table-striped\">\n<tbody>\n<tr class=\"kmt-attrgrp-item\">\n<td class=\"kmt-attrgrp-itemtitle\">Stra\u00dfenausstattung<\/td>\n<td class=\"kmt-attrgrp-value\" data-title=\"Stra\u00dfenausstattung\">ja<\/td>\n<\/tr>\n<\/tbody>\n<\/table>\n<\/div>\n<div class=\"kmt-attrgrp\">\n<h4 class=\"kmt-attrgrp-title\">SONSTIGE INFORMATIONEN<\/h4>\n<table class=\"attributes table table-striped\">\n<tbody>\n<tr class=\"kmt-attrgrp-item\">\n<td class=\"kmt-attrgrp-itemtitle\">Typ<\/td>\n<td class=\"kmt-attrgrp-value\" data-title=\"Typ\">unisex<\/td>\n<\/tr>\n<\/tbody>\n<\/table>\n<\/div>\n<h4 class=\"kmt-attrgrp-title\">MARKE<\/h4>\n<div class=\"kmt-tablist-content-inner\">\n<div id=\"brand_details\" class=\"kmt-branddetail\">\n<div class=\"kmt-branddetail-text\">\n<p>Babboe steht f\u00fcr die mobile Revolution. Bezahlbare und robuste Lastenr\u00e4der zu g\u00fcnstigen Preisen als Unterst\u00fctzung f\u00fcr die Familie. Egal ob die Fahrt zur Kita mit den Kindern oder das Erledigen von Eink\u00e4ufen. Babboe macht auf den Stra\u00dfen immer eine gute Figur und entwickelt sich vor allem in der Stadt zu einer wendigen und umweltschonenden Alternative zum Auto. Neben der Optik ist Sicherheit ein gro\u00dfer Faktor. Die Lastenfahrr\u00e4der sind erfolgreich von SGS und T\u00dcV auf Sicherheit und Nachhaltigkeit gepr\u00fcft.<\/p>\n<\/div>\n<\/div>\n<\/div>\n<\/div>\n<\/div>\n<\/div>\n<\/div>\n<\/div>\n<div class=\"kmt-tablist-content act\">\n<div class=\"kmt-tablist-content-inner\">\n<div id=\"attributes\">\n<div class=\"kmt-stackedfeed kmt-attr-wrapper\">\n<div class=\"kmt-attr-column\"><\/div>\n<\/div>\n<\/div>\n<\/div>\n<\/div>","protected":false},"excerpt":{"rendered":"<p>Babboe Pro Bike MM Composite HD 500 | 50 cm | weiss | 26 Zoll Mit dem Babboe Pro Bike<\/p>","protected":false},"featured_media":63159,"comment_status":"open","ping_status":"closed","template":"","meta":[],"product_brand":[],"product_cat":[33,395],"product_tag":[],"class_list":{"0":"post-44133","1":"product","2":"type-product","3":"status-publish","4":"has-post-thumbnail","6":"product_cat-e-bike","7":"product_cat-e-lastenraeder","8":"pa_marke-citkar","10":"first","11":"instock","12":"sale","13":"taxable","14":"shipping-taxable","15":"purchasable","16":"product-type-variable"},"yoast_head":"<!-- This site is optimized with the Yoast SEO Premium plugin v20.12 (Yoast SEO v27.1.1) - https:\/\/yoast.com\/product\/yoast-seo-premium-wordpress\/ -->\n<title>Babboe Pro Bike MM Composite HD 500 | 50 cm | weiss | 26 Zoll<\/title>\n<meta name=\"description\" content=\"Entdecken Sie unseren Online-Fahrradladen: Gro\u00dfe Auswahl an Modellen f\u00fcr alle Radsportbegeisterten. Von Rennr\u00e4dern bis zu Mountainbikes - finden Sie heute Ihren perfekten Wegbegleiter!\" \/>\n<meta name=\"robots\" content=\"index, follow, max-snippet:-1, max-image-preview:large, max-video-preview:-1\" \/>\n<link rel=\"canonical\" href=\"https:\/\/kgerad.de\/en\/product\/babboe-pro-bike-mm-composite-hd-500-50-cm-weiss-26-zoll\/\" \/>\n<meta property=\"og:locale\" content=\"en_US\" \/>\n<meta property=\"og:type\" content=\"article\" \/>\n<meta property=\"og:title\" content=\"Babboe Pro Bike MM Composite HD 500 | 50 cm | weiss | 26 Zoll\" \/>\n<meta property=\"og:description\" content=\"Entdecken Sie unseren Online-Fahrradladen: Gro\u00dfe Auswahl an Modellen f\u00fcr alle Radsportbegeisterten. Von Rennr\u00e4dern bis zu Mountainbikes - finden Sie heute Ihren perfekten Wegbegleiter!\" \/>\n<meta property=\"og:url\" content=\"https:\/\/kgerad.de\/en\/product\/babboe-pro-bike-mm-composite-hd-500-50-cm-weiss-26-zoll\/\" \/>\n<meta property=\"og:site_name\" content=\"kgerad.de\" \/>\n<meta property=\"article:modified_time\" content=\"2023-08-11T06:12:24+00:00\" \/>\n<meta property=\"og:image\" content=\"https:\/\/kgerad.de\/wp-content\/uploads\/2023\/06\/babboe-pro-bike-mm-composite-hd-500-weiss-85998-01-1.webp\" \/>\n\t<meta property=\"og:image:width\" content=\"693\" \/>\n\t<meta property=\"og:image:height\" content=\"520\" \/>\n\t<meta property=\"og:image:type\" content=\"image\/webp\" \/>\n<meta name=\"twitter:card\" content=\"summary_large_image\" \/>\n<meta name=\"twitter:label1\" content=\"Est. reading time\" \/>\n\t<meta name=\"twitter:data1\" content=\"3 minutes\" \/>\n<script type=\"application\/ld+json\" class=\"yoast-schema-graph\">{\"@context\":\"https:\/\/schema.org\",\"@graph\":[{\"@type\":\"WebPage\",\"@id\":\"https:\/\/kgerad.de\/produkt\/babboe-pro-bike-mm-composite-hd-500-50-cm-weiss-26-zoll\/\",\"url\":\"https:\/\/kgerad.de\/produkt\/babboe-pro-bike-mm-composite-hd-500-50-cm-weiss-26-zoll\/\",\"name\":\"Babboe Pro Bike MM Composite HD 500 | 50 cm | weiss | 26 Zoll\",\"isPartOf\":{\"@id\":\"https:\/\/kgerad.de\/#website\"},\"primaryImageOfPage\":{\"@id\":\"https:\/\/kgerad.de\/produkt\/babboe-pro-bike-mm-composite-hd-500-50-cm-weiss-26-zoll\/#primaryimage\"},\"image\":{\"@id\":\"https:\/\/kgerad.de\/produkt\/babboe-pro-bike-mm-composite-hd-500-50-cm-weiss-26-zoll\/#primaryimage\"},\"thumbnailUrl\":\"https:\/\/kgerad.de\/wp-content\/uploads\/2023\/06\/babboe-pro-bike-mm-composite-hd-500-weiss-85998-01-1.webp\",\"datePublished\":\"2022-11-24T18:10:12+00:00\",\"dateModified\":\"2023-08-11T06:12:24+00:00\",\"description\":\"Entdecken Sie unseren Online-Fahrradladen: Gro\u00dfe Auswahl an Modellen f\u00fcr alle Radsportbegeisterten. Von Rennr\u00e4dern bis zu Mountainbikes - finden Sie heute Ihren perfekten Wegbegleiter!\",\"breadcrumb\":{\"@id\":\"https:\/\/kgerad.de\/produkt\/babboe-pro-bike-mm-composite-hd-500-50-cm-weiss-26-zoll\/#breadcrumb\"},\"inLanguage\":\"en-US\",\"potentialAction\":[{\"@type\":\"ReadAction\",\"target\":[\"https:\/\/kgerad.de\/produkt\/babboe-pro-bike-mm-composite-hd-500-50-cm-weiss-26-zoll\/\"]}]},{\"@type\":\"ImageObject\",\"inLanguage\":\"en-US\",\"@id\":\"https:\/\/kgerad.de\/produkt\/babboe-pro-bike-mm-composite-hd-500-50-cm-weiss-26-zoll\/#primaryimage\",\"url\":\"https:\/\/kgerad.de\/wp-content\/uploads\/2023\/06\/babboe-pro-bike-mm-composite-hd-500-weiss-85998-01-1.webp\",\"contentUrl\":\"https:\/\/kgerad.de\/wp-content\/uploads\/2023\/06\/babboe-pro-bike-mm-composite-hd-500-weiss-85998-01-1.webp\",\"width\":693,\"height\":520,\"caption\":\"Babboe Pro Bike MM Composite HD 500\"},{\"@type\":\"BreadcrumbList\",\"@id\":\"https:\/\/kgerad.de\/produkt\/babboe-pro-bike-mm-composite-hd-500-50-cm-weiss-26-zoll\/#breadcrumb\",\"itemListElement\":[{\"@type\":\"ListItem\",\"position\":1,\"name\":\"Startseite\",\"item\":\"https:\/\/kgerad.de\/\"},{\"@type\":\"ListItem\",\"position\":2,\"name\":\"LADEN\",\"item\":\"https:\/\/kgerad.de\/laden\/\"},{\"@type\":\"ListItem\",\"position\":3,\"name\":\"Babboe Pro Bike MM Composite HD 500 | 50 cm | weiss | 26 Zoll\"}]},{\"@type\":\"WebSite\",\"@id\":\"https:\/\/kgerad.de\/#website\",\"url\":\"https:\/\/kgerad.de\/\",\"name\":\"kgerad.de\",\"description\":\"Treten Sie mit uns ins Abenteuer!\",\"publisher\":{\"@id\":\"https:\/\/kgerad.de\/#organization\"},\"alternateName\":\"MEIN RADLADEN\",\"potentialAction\":[{\"@type\":\"SearchAction\",\"target\":{\"@type\":\"EntryPoint\",\"urlTemplate\":\"https:\/\/kgerad.de\/?s={search_term_string}\"},\"query-input\":{\"@type\":\"PropertyValueSpecification\",\"valueRequired\":true,\"valueName\":\"search_term_string\"}}],\"inLanguage\":\"en-US\"},{\"@type\":\"Organization\",\"@id\":\"https:\/\/kgerad.de\/#organization\",\"name\":\"MEINRADLADEN\",\"alternateName\":\"MEIN RADLADEN\",\"url\":\"https:\/\/kgerad.de\/\",\"logo\":{\"@type\":\"ImageObject\",\"inLanguage\":\"en-US\",\"@id\":\"https:\/\/kgerad.de\/#\/schema\/logo\/image\/\",\"url\":\"https:\/\/kgerad.de\/wp-content\/uploads\/2025\/07\/logo-Whit.svg\",\"contentUrl\":\"https:\/\/kgerad.de\/wp-content\/uploads\/2025\/07\/logo-Whit.svg\",\"width\":1640,\"height\":371,\"caption\":\"MEINRADLADEN\"},\"image\":{\"@id\":\"https:\/\/kgerad.de\/#\/schema\/logo\/image\/\"}}]}<\/script>\n<!-- \/ Yoast SEO Premium plugin. -->","yoast_head_json":{"title":"Babboe Pro Bike MM Composite HD 500 | 50 cm | weiss | 26 Zoll","description":"Entdecken Sie unseren Online-Fahrradladen: Gro\u00dfe Auswahl an Modellen f\u00fcr alle Radsportbegeisterten. Von Rennr\u00e4dern bis zu Mountainbikes - finden Sie heute Ihren perfekten Wegbegleiter!","robots":{"index":"index","follow":"follow","max-snippet":"max-snippet:-1","max-image-preview":"max-image-preview:large","max-video-preview":"max-video-preview:-1"},"canonical":"https:\/\/kgerad.de\/en\/product\/babboe-pro-bike-mm-composite-hd-500-50-cm-weiss-26-zoll\/","og_locale":"en_US","og_type":"article","og_title":"Babboe Pro Bike MM Composite HD 500 | 50 cm | weiss | 26 Zoll","og_description":"Entdecken Sie unseren Online-Fahrradladen: Gro\u00dfe Auswahl an Modellen f\u00fcr alle Radsportbegeisterten. Von Rennr\u00e4dern bis zu Mountainbikes - finden Sie heute Ihren perfekten Wegbegleiter!","og_url":"https:\/\/kgerad.de\/en\/product\/babboe-pro-bike-mm-composite-hd-500-50-cm-weiss-26-zoll\/","og_site_name":"kgerad.de","article_modified_time":"2023-08-11T06:12:24+00:00","og_image":[{"width":693,"height":520,"url":"https:\/\/kgerad.de\/wp-content\/uploads\/2023\/06\/babboe-pro-bike-mm-composite-hd-500-weiss-85998-01-1.webp","type":"image\/webp"}],"twitter_card":"summary_large_image","twitter_misc":{"Est. reading time":"3 minutes"},"schema":{"@context":"https:\/\/schema.org","@graph":[{"@type":"WebPage","@id":"https:\/\/kgerad.de\/produkt\/babboe-pro-bike-mm-composite-hd-500-50-cm-weiss-26-zoll\/","url":"https:\/\/kgerad.de\/produkt\/babboe-pro-bike-mm-composite-hd-500-50-cm-weiss-26-zoll\/","name":"Babboe Pro Bike MM Composite HD 500 | 50 cm | weiss | 26 Zoll","isPartOf":{"@id":"https:\/\/kgerad.de\/#website"},"primaryImageOfPage":{"@id":"https:\/\/kgerad.de\/produkt\/babboe-pro-bike-mm-composite-hd-500-50-cm-weiss-26-zoll\/#primaryimage"},"image":{"@id":"https:\/\/kgerad.de\/produkt\/babboe-pro-bike-mm-composite-hd-500-50-cm-weiss-26-zoll\/#primaryimage"},"thumbnailUrl":"https:\/\/kgerad.de\/wp-content\/uploads\/2023\/06\/babboe-pro-bike-mm-composite-hd-500-weiss-85998-01-1.webp","datePublished":"2022-11-24T18:10:12+00:00","dateModified":"2023-08-11T06:12:24+00:00","description":"Entdecken Sie unseren Online-Fahrradladen: Gro\u00dfe Auswahl an Modellen f\u00fcr alle Radsportbegeisterten. Von Rennr\u00e4dern bis zu Mountainbikes - finden Sie heute Ihren perfekten Wegbegleiter!","breadcrumb":{"@id":"https:\/\/kgerad.de\/produkt\/babboe-pro-bike-mm-composite-hd-500-50-cm-weiss-26-zoll\/#breadcrumb"},"inLanguage":"en-US","potentialAction":[{"@type":"ReadAction","target":["https:\/\/kgerad.de\/produkt\/babboe-pro-bike-mm-composite-hd-500-50-cm-weiss-26-zoll\/"]}]},{"@type":"ImageObject","inLanguage":"en-US","@id":"https:\/\/kgerad.de\/produkt\/babboe-pro-bike-mm-composite-hd-500-50-cm-weiss-26-zoll\/#primaryimage","url":"https:\/\/kgerad.de\/wp-content\/uploads\/2023\/06\/babboe-pro-bike-mm-composite-hd-500-weiss-85998-01-1.webp","contentUrl":"https:\/\/kgerad.de\/wp-content\/uploads\/2023\/06\/babboe-pro-bike-mm-composite-hd-500-weiss-85998-01-1.webp","width":693,"height":520,"caption":"Babboe Pro Bike MM Composite HD 500"},{"@type":"BreadcrumbList","@id":"https:\/\/kgerad.de\/produkt\/babboe-pro-bike-mm-composite-hd-500-50-cm-weiss-26-zoll\/#breadcrumb","itemListElement":[{"@type":"ListItem","position":1,"name":"Startseite","item":"https:\/\/kgerad.de\/"},{"@type":"ListItem","position":2,"name":"LADEN","item":"https:\/\/kgerad.de\/laden\/"},{"@type":"ListItem","position":3,"name":"Babboe Pro Bike MM Composite HD 500 | 50 cm | weiss | 26 Zoll"}]},{"@type":"WebSite","@id":"https:\/\/kgerad.de\/#website","url":"https:\/\/kgerad.de\/","name":"kgerad.de","description":"Treten Sie mit uns ins Abenteuer!","publisher":{"@id":"https:\/\/kgerad.de\/#organization"},"alternateName":"MEIN RADLADEN","potentialAction":[{"@type":"SearchAction","target":{"@type":"EntryPoint","urlTemplate":"https:\/\/kgerad.de\/?s={search_term_string}"},"query-input":{"@type":"PropertyValueSpecification","valueRequired":true,"valueName":"search_term_string"}}],"inLanguage":"en-US"},{"@type":"Organization","@id":"https:\/\/kgerad.de\/#organization","name":"MEINRADLADEN","alternateName":"MEIN RADLADEN","url":"https:\/\/kgerad.de\/","logo":{"@type":"ImageObject","inLanguage":"en-US","@id":"https:\/\/kgerad.de\/#\/schema\/logo\/image\/","url":"https:\/\/kgerad.de\/wp-content\/uploads\/2025\/07\/logo-Whit.svg","contentUrl":"https:\/\/kgerad.de\/wp-content\/uploads\/2025\/07\/logo-Whit.svg","width":1640,"height":371,"caption":"MEINRADLADEN"},"image":{"@id":"https:\/\/kgerad.de\/#\/schema\/logo\/image\/"}}]}},"_links":{"self":[{"href":"https:\/\/kgerad.de\/en\/wp-json\/wp\/v2\/product\/44133","targetHints":{"allow":["GET"]}}],"collection":[{"href":"https:\/\/kgerad.de\/en\/wp-json\/wp\/v2\/product"}],"about":[{"href":"https:\/\/kgerad.de\/en\/wp-json\/wp\/v2\/types\/product"}],"replies":[{"embeddable":true,"href":"https:\/\/kgerad.de\/en\/wp-json\/wp\/v2\/comments?post=44133"}],"version-history":[{"count":1,"href":"https:\/\/kgerad.de\/en\/wp-json\/wp\/v2\/product\/44133\/revisions"}],"predecessor-version":[{"id":79107,"href":"https:\/\/kgerad.de\/en\/wp-json\/wp\/v2\/product\/44133\/revisions\/79107"}],"wp:featuredmedia":[{"embeddable":true,"href":"https:\/\/kgerad.de\/en\/wp-json\/wp\/v2\/media\/63159"}],"wp:attachment":[{"href":"https:\/\/kgerad.de\/en\/wp-json\/wp\/v2\/media?parent=44133"}],"wp:term":[{"taxonomy":"product_brand","embeddable":true,"href":"https:\/\/kgerad.de\/en\/wp-json\/wp\/v2\/product_brand?post=44133"},{"taxonomy":"product_cat","embeddable":true,"href":"https:\/\/kgerad.de\/en\/wp-json\/wp\/v2\/product_cat?post=44133"},{"taxonomy":"product_tag","embeddable":true,"href":"https:\/\/kgerad.de\/en\/wp-json\/wp\/v2\/product_tag?post=44133"}],"curies":[{"name":"wp","href":"https:\/\/api.w.org\/{rel}","templated":true}]}}