{"id":44112,"date":"2022-11-24T18:52:12","date_gmt":"2022-11-24T17:52:12","guid":{"rendered":"https:\/\/kgerad.de\/?post_type=product&#038;p=44112"},"modified":"2023-08-11T08:13:08","modified_gmt":"2023-08-11T06:13:08","slug":"citkar-loadster-life-unisize-schwarz-metallic-20-zoll","status":"publish","type":"product","link":"https:\/\/kgerad.de\/en\/product\/citkar-loadster-life-unisize-schwarz-metallic-20-zoll\/","title":{"rendered":"Citkar Loadster Life | unisize | schwarz metallic | 20 Zoll"},"content":{"rendered":"<h2 id=\"productTitle\" class=\"kmt-productmain-title\">Citkar Loadster Life | unisize | schwarz metallic | 20 Zoll<\/h2>\n<div class=\"kmt-tablist-content is-opened\">\n<div class=\"kmt-tablist-content-inner\">\n<div id=\"description\" class=\"kmt-textblockwithbuttonlist\">\n<div class=\"kmt-textblockwithbuttonlist-textblock kmt-textblock\">\n<p>DAS Nutzfahrzeug f\u00fcr die Kurzstrecke? Das innovative Citkar Loadster E-Cargobike hebt sich klar von der Masse der klassischen Lastenfahrr\u00e4der ab.<\/p>\n<p>Vier R\u00e4der, Lenkrad, Sitz mit R\u00fcckenlehne, eine Pickup-Ladefl\u00e4che und komplette Fahrerkabine \u2013 der Loadster ist kaum noch als E-Bike zu erkennen. Der Loadster kombiniert die Vorteile eines kleinen Stadtautos mit denen eines E-Bikes. Standfest, agil und voll elektrifiziert, ist der Loadster genau das richtige Fahrzeug f\u00fcr lokale Lieferdienste, Handwerker oder Vor-Ort-Service Anbieter<\/p>\n<p>Inklusive Fahrer, kann der Loadster bis zu 230 kg tragen. Und dank des 100 Nm leistenden Elektromotors, l\u00e4sst es sich auch vollbeladen durch die City fahren. Dazu liefern dir 2 Akkus insgesamt 1600 Wh. Und hast du einmal l\u00e4ngere Fahrten vor der Brust, kannst du diese flott austauschen. Au\u00dfenspiegel, Blinker, Multifunktionslenkrad und vieles mehr, geben dir zus\u00e4tzlichen Komfort auf deiner Fahrt. M\u00f6chtest du eine gr\u00f6\u00dfere Ladefl\u00e4che mit Europalettenma\u00df? Schau dir den Loadster Max an!<\/p>\n<p><b>Bitte beachte<\/b>: Die Versandkosten f\u00fcr den deutschlandweiten Versand (ohne Inseln) betragen 250,00 Euro und werden gesondert in Rechnung gestellt. Ein Auslandsversand ist aktuell nicht m\u00f6glich. Genauere Infos hierzu erh\u00e4ltst du bei unseren.<\/p>\n<h3>Details<\/h3>\n<ul>\n<li>gilt als Pedelec (E-Bike) und nicht als Auto<\/li>\n<li>keine Versicherungs- oder Steuerverpflichtung<\/li>\n<li>Au\u00dfenspiegel mit Blinker<\/li>\n<li>seitliche\/hintere Blinker<\/li>\n<li>Multifunktionslenkrad<\/li>\n<li>Handyhalterung mit USB-Anschluss zum Laden<\/li>\n<li>Ablagef\u00e4cher f\u00fcr Unterlagen bis DIN A4-Gr\u00f6\u00dfe<\/li>\n<li>Getr\u00e4nkehalter<\/li>\n<li>robuster Stahlrahmen<\/li>\n<li>Karosserie aus recyclebarem Kunststoff<\/li>\n<li>besonders komfortable Blattfederung und Einzelradaufh\u00e4ngung<\/li>\n<li>Aluminium-Bremswippen<\/li>\n<li>4 Zoll Display<\/li>\n<li>Motor mit Pin-Sperre<\/li>\n<li>abschlie\u00dfbare batterief\u00e4cher<\/li>\n<\/ul>\n<h4>technische Daten<\/h4>\n<ul>\n<li>Ma\u00dfe: ca. 272 x 98 x 165 cm (LxBxH)<\/li>\n<li>180 kg Leergewicht<\/li>\n<li>max. Gesamtzuladung: 230 kg<\/li>\n<li>Ladefl\u00e4che: ca. 103 x 81,5 cm<\/li>\n<li>Nabenmotor mit 100 Nm und 250 W<\/li>\n<li>Heckantrieb<\/li>\n<li>2 Akkus mit je 800 Wh<\/li>\n<li>Ladezeit: ca. 3-5 Stunden an Haushaltsteckdose<\/li>\n<li>hydraulische Magura Big Twin Bremsen<\/li>\n<li>150 Lux Busch und M\u00fcller IQ150 E Scheinwerfer mit Kurvenlicht<\/li>\n<li>Bremslicht, Blinklicht, Warnblinker<\/li>\n<li>Schwalbe Bereifung auf 20 Zoll Felgen<\/li>\n<\/ul>\n<\/div>\n<div class=\"kmt-textblockwithbuttonlist-buttonlist kmt-buttonlist kmt-buttonlist--display-inline-right kmt-buttonlist--layout-column\"><\/div>\n<\/div>\n<\/div>\n<\/div>\n<div class=\"kmt-tablist-content act\">\n<h2>SPEZIFIKATION<\/h2>\n<div class=\"kmt-tablist-content-inner\">\n<div id=\"attributes\">\n<div class=\"kmt-stackedfeed kmt-attr-wrapper\">\n<div class=\"kmt-attr-column\">\n<div class=\"kmt-attrgrp\">\n<h4 class=\"kmt-attrgrp-title\">ANTRIEB<\/h4>\n<table class=\"attributes table table-striped\">\n<tbody>\n<tr class=\"kmt-attrgrp-item\">\n<td class=\"kmt-attrgrp-itemtitle\">Laufradgr\u00f6\u00dfe<\/td>\n<td class=\"kmt-attrgrp-value\" data-title=\"Laufradgr\u00f6\u00dfe\">20 Zoll<\/td>\n<\/tr>\n<\/tbody>\n<\/table>\n<\/div>\n<\/div>\n<\/div>\n<\/div>\n<\/div>\n<\/div>","protected":false},"excerpt":{"rendered":"<p>Citkar Loadster Life | unisize | schwarz metallic | 20 Zoll DAS Nutzfahrzeug f\u00fcr die Kurzstrecke? Das innovative Citkar Loadster<\/p>","protected":false},"featured_media":63147,"comment_status":"open","ping_status":"closed","template":"","meta":[],"product_brand":[],"product_cat":[33,395],"product_tag":[],"class_list":{"0":"post-44112","1":"product","2":"type-product","3":"status-publish","4":"has-post-thumbnail","6":"product_cat-e-bike","7":"product_cat-e-lastenraeder","8":"pa_marke-citkar","10":"first","11":"instock","12":"sale","13":"taxable","14":"shipping-taxable","15":"purchasable","16":"product-type-variable"},"yoast_head":"<!-- This site is optimized with the Yoast SEO Premium plugin v20.12 (Yoast SEO v27.1.1) - https:\/\/yoast.com\/product\/yoast-seo-premium-wordpress\/ -->\n<title>Citkar Loadster Life | unisize | schwarz metallic | 20 Zoll<\/title>\n<meta name=\"description\" content=\"Entdecken Sie unseren Online-Fahrradladen: Gro\u00dfe Auswahl an Modellen f\u00fcr alle Radsportbegeisterten. Von Rennr\u00e4dern bis zu Mountainbikes - finden Sie heute Ihren perfekten Wegbegleiter!\" \/>\n<meta name=\"robots\" content=\"index, follow, max-snippet:-1, max-image-preview:large, max-video-preview:-1\" \/>\n<link rel=\"canonical\" href=\"https:\/\/kgerad.de\/en\/product\/citkar-loadster-life-unisize-schwarz-metallic-20-zoll\/\" \/>\n<meta property=\"og:locale\" content=\"en_US\" \/>\n<meta property=\"og:type\" content=\"article\" \/>\n<meta property=\"og:title\" content=\"Citkar Loadster Life | unisize | schwarz metallic | 20 Zoll\" \/>\n<meta property=\"og:description\" content=\"Entdecken Sie unseren Online-Fahrradladen: Gro\u00dfe Auswahl an Modellen f\u00fcr alle Radsportbegeisterten. Von Rennr\u00e4dern bis zu Mountainbikes - finden Sie heute Ihren perfekten Wegbegleiter!\" \/>\n<meta property=\"og:url\" content=\"https:\/\/kgerad.de\/en\/product\/citkar-loadster-life-unisize-schwarz-metallic-20-zoll\/\" \/>\n<meta property=\"og:site_name\" content=\"kgerad.de\" \/>\n<meta property=\"article:modified_time\" content=\"2023-08-11T06:13:08+00:00\" \/>\n<meta property=\"og:image\" content=\"https:\/\/kgerad.de\/wp-content\/uploads\/2023\/06\/citkar-loadster-life-schwarz-metallic-84780-01.webp\" \/>\n\t<meta property=\"og:image:width\" content=\"667\" \/>\n\t<meta property=\"og:image:height\" content=\"520\" \/>\n\t<meta property=\"og:image:type\" content=\"image\/webp\" \/>\n<meta name=\"twitter:card\" content=\"summary_large_image\" \/>\n<meta name=\"twitter:label1\" content=\"Est. reading time\" \/>\n\t<meta name=\"twitter:data1\" content=\"2 minutes\" \/>\n<script type=\"application\/ld+json\" class=\"yoast-schema-graph\">{\"@context\":\"https:\/\/schema.org\",\"@graph\":[{\"@type\":\"WebPage\",\"@id\":\"https:\/\/kgerad.de\/produkt\/citkar-loadster-life-unisize-schwarz-metallic-20-zoll\/\",\"url\":\"https:\/\/kgerad.de\/produkt\/citkar-loadster-life-unisize-schwarz-metallic-20-zoll\/\",\"name\":\"Citkar Loadster Life | unisize | schwarz metallic | 20 Zoll\",\"isPartOf\":{\"@id\":\"https:\/\/kgerad.de\/#website\"},\"primaryImageOfPage\":{\"@id\":\"https:\/\/kgerad.de\/produkt\/citkar-loadster-life-unisize-schwarz-metallic-20-zoll\/#primaryimage\"},\"image\":{\"@id\":\"https:\/\/kgerad.de\/produkt\/citkar-loadster-life-unisize-schwarz-metallic-20-zoll\/#primaryimage\"},\"thumbnailUrl\":\"https:\/\/kgerad.de\/wp-content\/uploads\/2023\/06\/citkar-loadster-life-schwarz-metallic-84780-01.webp\",\"datePublished\":\"2022-11-24T17:52:12+00:00\",\"dateModified\":\"2023-08-11T06:13:08+00:00\",\"description\":\"Entdecken Sie unseren Online-Fahrradladen: Gro\u00dfe Auswahl an Modellen f\u00fcr alle Radsportbegeisterten. Von Rennr\u00e4dern bis zu Mountainbikes - finden Sie heute Ihren perfekten Wegbegleiter!\",\"breadcrumb\":{\"@id\":\"https:\/\/kgerad.de\/produkt\/citkar-loadster-life-unisize-schwarz-metallic-20-zoll\/#breadcrumb\"},\"inLanguage\":\"en-US\",\"potentialAction\":[{\"@type\":\"ReadAction\",\"target\":[\"https:\/\/kgerad.de\/produkt\/citkar-loadster-life-unisize-schwarz-metallic-20-zoll\/\"]}]},{\"@type\":\"ImageObject\",\"inLanguage\":\"en-US\",\"@id\":\"https:\/\/kgerad.de\/produkt\/citkar-loadster-life-unisize-schwarz-metallic-20-zoll\/#primaryimage\",\"url\":\"https:\/\/kgerad.de\/wp-content\/uploads\/2023\/06\/citkar-loadster-life-schwarz-metallic-84780-01.webp\",\"contentUrl\":\"https:\/\/kgerad.de\/wp-content\/uploads\/2023\/06\/citkar-loadster-life-schwarz-metallic-84780-01.webp\",\"width\":667,\"height\":520,\"caption\":\"Citkar Loadster Life\"},{\"@type\":\"BreadcrumbList\",\"@id\":\"https:\/\/kgerad.de\/produkt\/citkar-loadster-life-unisize-schwarz-metallic-20-zoll\/#breadcrumb\",\"itemListElement\":[{\"@type\":\"ListItem\",\"position\":1,\"name\":\"Startseite\",\"item\":\"https:\/\/kgerad.de\/\"},{\"@type\":\"ListItem\",\"position\":2,\"name\":\"LADEN\",\"item\":\"https:\/\/kgerad.de\/laden\/\"},{\"@type\":\"ListItem\",\"position\":3,\"name\":\"Citkar Loadster Life | unisize | schwarz metallic | 20 Zoll\"}]},{\"@type\":\"WebSite\",\"@id\":\"https:\/\/kgerad.de\/#website\",\"url\":\"https:\/\/kgerad.de\/\",\"name\":\"kgerad.de\",\"description\":\"Treten Sie mit uns ins Abenteuer!\",\"publisher\":{\"@id\":\"https:\/\/kgerad.de\/#organization\"},\"alternateName\":\"MEIN RADLADEN\",\"potentialAction\":[{\"@type\":\"SearchAction\",\"target\":{\"@type\":\"EntryPoint\",\"urlTemplate\":\"https:\/\/kgerad.de\/?s={search_term_string}\"},\"query-input\":{\"@type\":\"PropertyValueSpecification\",\"valueRequired\":true,\"valueName\":\"search_term_string\"}}],\"inLanguage\":\"en-US\"},{\"@type\":\"Organization\",\"@id\":\"https:\/\/kgerad.de\/#organization\",\"name\":\"MEINRADLADEN\",\"alternateName\":\"MEIN RADLADEN\",\"url\":\"https:\/\/kgerad.de\/\",\"logo\":{\"@type\":\"ImageObject\",\"inLanguage\":\"en-US\",\"@id\":\"https:\/\/kgerad.de\/#\/schema\/logo\/image\/\",\"url\":\"https:\/\/kgerad.de\/wp-content\/uploads\/2025\/07\/logo-Whit.svg\",\"contentUrl\":\"https:\/\/kgerad.de\/wp-content\/uploads\/2025\/07\/logo-Whit.svg\",\"width\":1640,\"height\":371,\"caption\":\"MEINRADLADEN\"},\"image\":{\"@id\":\"https:\/\/kgerad.de\/#\/schema\/logo\/image\/\"}}]}<\/script>\n<!-- \/ Yoast SEO Premium plugin. -->","yoast_head_json":{"title":"Citkar Loadster Life | unisize | schwarz metallic | 20 Zoll","description":"Entdecken Sie unseren Online-Fahrradladen: Gro\u00dfe Auswahl an Modellen f\u00fcr alle Radsportbegeisterten. Von Rennr\u00e4dern bis zu Mountainbikes - finden Sie heute Ihren perfekten Wegbegleiter!","robots":{"index":"index","follow":"follow","max-snippet":"max-snippet:-1","max-image-preview":"max-image-preview:large","max-video-preview":"max-video-preview:-1"},"canonical":"https:\/\/kgerad.de\/en\/product\/citkar-loadster-life-unisize-schwarz-metallic-20-zoll\/","og_locale":"en_US","og_type":"article","og_title":"Citkar Loadster Life | unisize | schwarz metallic | 20 Zoll","og_description":"Entdecken Sie unseren Online-Fahrradladen: Gro\u00dfe Auswahl an Modellen f\u00fcr alle Radsportbegeisterten. Von Rennr\u00e4dern bis zu Mountainbikes - finden Sie heute Ihren perfekten Wegbegleiter!","og_url":"https:\/\/kgerad.de\/en\/product\/citkar-loadster-life-unisize-schwarz-metallic-20-zoll\/","og_site_name":"kgerad.de","article_modified_time":"2023-08-11T06:13:08+00:00","og_image":[{"width":667,"height":520,"url":"https:\/\/kgerad.de\/wp-content\/uploads\/2023\/06\/citkar-loadster-life-schwarz-metallic-84780-01.webp","type":"image\/webp"}],"twitter_card":"summary_large_image","twitter_misc":{"Est. reading time":"2 minutes"},"schema":{"@context":"https:\/\/schema.org","@graph":[{"@type":"WebPage","@id":"https:\/\/kgerad.de\/produkt\/citkar-loadster-life-unisize-schwarz-metallic-20-zoll\/","url":"https:\/\/kgerad.de\/produkt\/citkar-loadster-life-unisize-schwarz-metallic-20-zoll\/","name":"Citkar Loadster Life | unisize | schwarz metallic | 20 Zoll","isPartOf":{"@id":"https:\/\/kgerad.de\/#website"},"primaryImageOfPage":{"@id":"https:\/\/kgerad.de\/produkt\/citkar-loadster-life-unisize-schwarz-metallic-20-zoll\/#primaryimage"},"image":{"@id":"https:\/\/kgerad.de\/produkt\/citkar-loadster-life-unisize-schwarz-metallic-20-zoll\/#primaryimage"},"thumbnailUrl":"https:\/\/kgerad.de\/wp-content\/uploads\/2023\/06\/citkar-loadster-life-schwarz-metallic-84780-01.webp","datePublished":"2022-11-24T17:52:12+00:00","dateModified":"2023-08-11T06:13:08+00:00","description":"Entdecken Sie unseren Online-Fahrradladen: Gro\u00dfe Auswahl an Modellen f\u00fcr alle Radsportbegeisterten. Von Rennr\u00e4dern bis zu Mountainbikes - finden Sie heute Ihren perfekten Wegbegleiter!","breadcrumb":{"@id":"https:\/\/kgerad.de\/produkt\/citkar-loadster-life-unisize-schwarz-metallic-20-zoll\/#breadcrumb"},"inLanguage":"en-US","potentialAction":[{"@type":"ReadAction","target":["https:\/\/kgerad.de\/produkt\/citkar-loadster-life-unisize-schwarz-metallic-20-zoll\/"]}]},{"@type":"ImageObject","inLanguage":"en-US","@id":"https:\/\/kgerad.de\/produkt\/citkar-loadster-life-unisize-schwarz-metallic-20-zoll\/#primaryimage","url":"https:\/\/kgerad.de\/wp-content\/uploads\/2023\/06\/citkar-loadster-life-schwarz-metallic-84780-01.webp","contentUrl":"https:\/\/kgerad.de\/wp-content\/uploads\/2023\/06\/citkar-loadster-life-schwarz-metallic-84780-01.webp","width":667,"height":520,"caption":"Citkar Loadster Life"},{"@type":"BreadcrumbList","@id":"https:\/\/kgerad.de\/produkt\/citkar-loadster-life-unisize-schwarz-metallic-20-zoll\/#breadcrumb","itemListElement":[{"@type":"ListItem","position":1,"name":"Startseite","item":"https:\/\/kgerad.de\/"},{"@type":"ListItem","position":2,"name":"LADEN","item":"https:\/\/kgerad.de\/laden\/"},{"@type":"ListItem","position":3,"name":"Citkar Loadster Life | unisize | schwarz metallic | 20 Zoll"}]},{"@type":"WebSite","@id":"https:\/\/kgerad.de\/#website","url":"https:\/\/kgerad.de\/","name":"kgerad.de","description":"Treten Sie mit uns ins Abenteuer!","publisher":{"@id":"https:\/\/kgerad.de\/#organization"},"alternateName":"MEIN RADLADEN","potentialAction":[{"@type":"SearchAction","target":{"@type":"EntryPoint","urlTemplate":"https:\/\/kgerad.de\/?s={search_term_string}"},"query-input":{"@type":"PropertyValueSpecification","valueRequired":true,"valueName":"search_term_string"}}],"inLanguage":"en-US"},{"@type":"Organization","@id":"https:\/\/kgerad.de\/#organization","name":"MEINRADLADEN","alternateName":"MEIN RADLADEN","url":"https:\/\/kgerad.de\/","logo":{"@type":"ImageObject","inLanguage":"en-US","@id":"https:\/\/kgerad.de\/#\/schema\/logo\/image\/","url":"https:\/\/kgerad.de\/wp-content\/uploads\/2025\/07\/logo-Whit.svg","contentUrl":"https:\/\/kgerad.de\/wp-content\/uploads\/2025\/07\/logo-Whit.svg","width":1640,"height":371,"caption":"MEINRADLADEN"},"image":{"@id":"https:\/\/kgerad.de\/#\/schema\/logo\/image\/"}}]}},"_links":{"self":[{"href":"https:\/\/kgerad.de\/en\/wp-json\/wp\/v2\/product\/44112","targetHints":{"allow":["GET"]}}],"collection":[{"href":"https:\/\/kgerad.de\/en\/wp-json\/wp\/v2\/product"}],"about":[{"href":"https:\/\/kgerad.de\/en\/wp-json\/wp\/v2\/types\/product"}],"replies":[{"embeddable":true,"href":"https:\/\/kgerad.de\/en\/wp-json\/wp\/v2\/comments?post=44112"}],"version-history":[{"count":1,"href":"https:\/\/kgerad.de\/en\/wp-json\/wp\/v2\/product\/44112\/revisions"}],"predecessor-version":[{"id":79109,"href":"https:\/\/kgerad.de\/en\/wp-json\/wp\/v2\/product\/44112\/revisions\/79109"}],"wp:featuredmedia":[{"embeddable":true,"href":"https:\/\/kgerad.de\/en\/wp-json\/wp\/v2\/media\/63147"}],"wp:attachment":[{"href":"https:\/\/kgerad.de\/en\/wp-json\/wp\/v2\/media?parent=44112"}],"wp:term":[{"taxonomy":"product_brand","embeddable":true,"href":"https:\/\/kgerad.de\/en\/wp-json\/wp\/v2\/product_brand?post=44112"},{"taxonomy":"product_cat","embeddable":true,"href":"https:\/\/kgerad.de\/en\/wp-json\/wp\/v2\/product_cat?post=44112"},{"taxonomy":"product_tag","embeddable":true,"href":"https:\/\/kgerad.de\/en\/wp-json\/wp\/v2\/product_tag?post=44112"}],"curies":[{"name":"wp","href":"https:\/\/api.w.org\/{rel}","templated":true}]}}