{"id":44089,"date":"2022-11-24T18:52:44","date_gmt":"2022-11-24T17:52:44","guid":{"rendered":"https:\/\/kgerad.de\/?post_type=product&#038;p=44089"},"modified":"2023-08-11T08:12:39","modified_gmt":"2023-08-11T06:12:39","slug":"mavic-crossmax-sl-ultimate-30-29-boost-vorderrad","status":"publish","type":"product","link":"https:\/\/kgerad.de\/en\/product\/mavic-crossmax-sl-ultimate-30-29-boost-vorderrad\/","title":{"rendered":"Mavic Crossmax SL Ultimate 30 29&#8243; Boost Vorderrad"},"content":{"rendered":"<h2 class=\"product--title\"><strong>Mavic<\/strong>\u00a0Crossmax SL Ultimate 30 29&#8243; Boost Vorderrad<\/h2>\n<p>F\u00fcr Mavic Crossmax SL Olympia-Athleten entwickelt \u2013 also ist das neue Crossmax SL Ultimate das dynamischste XC-Laufrad, das Mavic je gebaut hat. Leichter, steifer, schneller: ab sofort geht es nur noch um Gold.<\/p>\n<h2>Leichter, steifer und schneller: mit dem Crossmax SL Ultimate 30 von Mavic<\/h2>\n<p>Dank gerade Mal 625 Gramm ist das Crossmax SL Ultimate das Laufrad, von dem Performance-besessene Cross-country-Rennfahrer tr\u00e4umen. Mavic hat es zusammen mit Top-Profis entwickelt, den es bei Worldcups und Olympischen Spielen auf echte Wettkampfvorteile ankommt. Und mit seiner ultraleichten 29&#8243;-Felge aus Carbon (360 g!) garantiert es blitzartige Beschleunigung und Klettereigenschaften ohne Kompromisse in Sachen Steifigkeit und Langlebigkeit.<\/p>\n<p>&#8222;Adaptive Lay-up&#8220;, eine spezielle Carbon-Lay-up-Technologie, erm\u00f6glichen es Mavic, diese Carbonfelgen von Hand mit weniger Material zwischen den Spei<\/p>\n<hr \/>\n<h3>Features &#8211; Mavic Crossmax SL Ultimate 30<\/h3>\n<ul>\n<li>Top-Klettereigenschaften &amp; schnellere Beschleunigung &#8211; Die neue Adaptive Lay-up-Technologie spart 70 g pro Felge. So wiegt die 25-mm-Felge nur 340 g<\/li>\n<li>Steifigkeit &amp; geschmeidiges Fahrverhalten &#8211; Spezielles Carbon-Lay-up f\u00fcr \u00fcberlegene Felgen-Steifigkeit und mehr Kontrolle auf Abfahrten. Zweifach gekreuzte doppel-dickend Speichen f\u00fcr h\u00f6here vertikale Nachgiebigkeit<\/li>\n<li>Effiziente Kraft\u00fcbertragung &#8211; Neuartige, leichtere Infinity-Naben-Konstruktion plus je 24 gerade Speichen f\u00fcr optimierte Steifigkeit und besser ausbalancierte Speichenspannung<\/li>\n<\/ul>\n<h3>Produkteigenschaften<\/h3>\n<ul>\n<li><strong>Einsatzbereich:\u00a0<\/strong>MTB \/ Cross-Country<strong><br \/>\n<\/strong><\/li>\n<li><strong>Modell:\u00a0<\/strong>Crossmax SL Ultimate 30<\/li>\n<li><strong>Laufradgr\u00f6\u00dfe:\u00a0<\/strong>29&#8243;<\/li>\n<li><strong>Laufraddurchmesser:<\/strong>\u00a0622<\/li>\n<li><strong>Felgentyp:<\/strong>\u00a0Clincher (Falt\/-Drahtreifen)<\/li>\n<li><strong>Tubeless Ready:\u00a0<\/strong>Ja<\/li>\n<li><strong>Achssystem:<\/strong>\u00a015 mm Thru Axle<\/li>\n<li><strong>Einbaubreite:<\/strong>\u00a0110 mm Boost<\/li>\n<li><strong>Lager:<\/strong>\u00a0Selbstjustierende gedichtete Industrielager (QRM Auto)<\/li>\n<li><strong>Maulweite:\u00a0<\/strong>30 mm<\/li>\n<li><strong>Ventilloch:\u00a0<\/strong>Presta \/ SV \u00d8 6.5 mm<\/li>\n<li><strong>Speichentyp:<\/strong>\u00a0Gerade, mit Aero-Profil, doppel-dickend<\/li>\n<li><strong>Speichen:\u00a0<\/strong>je 24 (2-fach gekreuzt)<\/li>\n<li><strong>Empf. Bereifung:\u00a0<\/strong>50 mm bis 76 mm (2.00&#8243; bis 3.00&#8243;)<\/li>\n<li><strong>ASTM Klassifizierung:<\/strong>\u00a03 &#8211; f\u00fcr den Einsatz im Gel\u00e4nde (&#8222;Cross-country&#8220;)<\/li>\n<li><strong>Max. Systemgewicht:\u00a0<\/strong>150 kg (Fahrer + Bike + Ausr\u00fcstung)<\/li>\n<\/ul>\n<h3>Bremssystem (Variante w\u00e4hlen)<\/h3>\n<ul>\n<li>Disc 6-Loch<\/li>\n<li>Disc Centerlock<\/li>\n<\/ul>\n<h3>Material<\/h3>\n<ul>\n<li><strong>Felge:<\/strong>\u00a0Carbon<\/li>\n<li><strong>Nabenk\u00f6rper:<\/strong>\u00a0Aluminium<\/li>\n<li><strong>Speichen:<\/strong>\u00a0Stahl<\/li>\n<li><strong>Speichennippel:\u00a0<\/strong>Aluminium<\/li>\n<\/ul>\n<h3>Farbe<\/h3>\n<ul>\n<li>schwarz<\/li>\n<\/ul>\n<h3>Gewicht (Herstellerangabe)<\/h3>\n<ul>\n<li>625 g<\/li>\n<\/ul>\n<hr \/>\n<h3>Lieferumfang<\/h3>\n<ul>\n<li>1 x Mavic Crossmax SL Ultimate 30 29&#8243; Boost Vorderrad<\/li>\n<li>1 x UST-Ventil und Zubeh\u00f6r<\/li>\n<li>1 x Tubeless-Felgenband<\/li>\n<li>2 x Ersatzspeichen<\/li>\n<\/ul>\n<hr \/>\n<h3>Technologien<\/h3>\n<p><strong>Adaptive Layup Carbon-Technologie<\/strong><br \/>\nLeichtere Carbonfelgen-Konstruktion f\u00fcr noch schnellere Beschleunigung und effizienteres Klettern. Leicht und agil \u2013 und darum die ultimative Wahl f\u00fcr XC Racing-Eins\u00e4tze.<\/p>\n<p><strong>QRM Auto Lagerspiel-Justage-Technologie<\/strong><br \/>\nQualit\u00e9 de Roulements Mavic Auto. Unsere j\u00fcngste Lager-Innovation. Diese Industrielager (Lagerluft: C3) sind selbstverst\u00e4ndlich doppelt gedichtet. Ihr Lagerspiel wird automatisch justiert, um dauerhaft leichtg\u00e4ngigen Lauf ohne jegliches Spiel zu garantieren.<\/p>","protected":false},"excerpt":{"rendered":"<p>Mavic\u00a0Crossmax SL Ultimate 30 29&#8243; Boost Vorderrad F\u00fcr Mavic Crossmax SL Olympia-Athleten entwickelt \u2013 also ist das neue Crossmax SL<\/p>","protected":false},"featured_media":63145,"comment_status":"open","ping_status":"closed","template":"","meta":[],"product_brand":[],"product_cat":[460,423],"product_tag":[],"class_list":{"0":"post-44089","1":"product","2":"type-product","3":"status-publish","4":"has-post-thumbnail","6":"product_cat-rennrad-teile","7":"product_cat-teile","8":"pa_marke-mavic","10":"first","11":"instock","12":"sale","13":"taxable","14":"shipping-taxable","15":"purchasable","16":"product-type-variable"},"yoast_head":"<!-- This site is optimized with the Yoast SEO Premium plugin v20.12 (Yoast SEO v27.1.1) - https:\/\/yoast.com\/product\/yoast-seo-premium-wordpress\/ -->\n<title>Mavic Crossmax SL Ultimate 30 29&quot; Boost Vorderrad<\/title>\n<meta name=\"description\" content=\"Entdecken Sie unseren Online-Fahrradladen: Gro\u00dfe Auswahl an Modellen f\u00fcr alle Radsportbegeisterten. Von Rennr\u00e4dern bis zu Mountainbikes - finden Sie heute Ihren perfekten Wegbegleiter!\" \/>\n<meta name=\"robots\" content=\"index, follow, max-snippet:-1, max-image-preview:large, max-video-preview:-1\" \/>\n<link rel=\"canonical\" href=\"https:\/\/kgerad.de\/en\/product\/mavic-crossmax-sl-ultimate-30-29-boost-vorderrad\/\" \/>\n<meta property=\"og:locale\" content=\"en_US\" \/>\n<meta property=\"og:type\" content=\"article\" \/>\n<meta property=\"og:title\" content=\"Mavic Crossmax SL Ultimate 30 29&quot; Boost Vorderrad\" \/>\n<meta property=\"og:description\" content=\"Entdecken Sie unseren Online-Fahrradladen: Gro\u00dfe Auswahl an Modellen f\u00fcr alle Radsportbegeisterten. Von Rennr\u00e4dern bis zu Mountainbikes - finden Sie heute Ihren perfekten Wegbegleiter!\" \/>\n<meta property=\"og:url\" content=\"https:\/\/kgerad.de\/en\/product\/mavic-crossmax-sl-ultimate-30-29-boost-vorderrad\/\" \/>\n<meta property=\"og:site_name\" content=\"kgerad.de\" \/>\n<meta property=\"article:modified_time\" content=\"2023-08-11T06:12:39+00:00\" \/>\n<meta property=\"og:image\" content=\"https:\/\/kgerad.de\/wp-content\/uploads\/2023\/06\/Mavic-Crossmax-SL-Ultimate-30-F92281_800x800.jpg\" \/>\n\t<meta property=\"og:image:width\" content=\"800\" \/>\n\t<meta property=\"og:image:height\" content=\"800\" \/>\n\t<meta property=\"og:image:type\" content=\"image\/jpeg\" \/>\n<meta name=\"twitter:card\" content=\"summary_large_image\" \/>\n<meta name=\"twitter:label1\" content=\"Est. reading time\" \/>\n\t<meta name=\"twitter:data1\" content=\"3 minutes\" \/>\n<script type=\"application\/ld+json\" class=\"yoast-schema-graph\">{\"@context\":\"https:\/\/schema.org\",\"@graph\":[{\"@type\":\"WebPage\",\"@id\":\"https:\/\/kgerad.de\/produkt\/mavic-crossmax-sl-ultimate-30-29-boost-vorderrad\/\",\"url\":\"https:\/\/kgerad.de\/produkt\/mavic-crossmax-sl-ultimate-30-29-boost-vorderrad\/\",\"name\":\"Mavic Crossmax SL Ultimate 30 29\\\" Boost Vorderrad\",\"isPartOf\":{\"@id\":\"https:\/\/kgerad.de\/#website\"},\"primaryImageOfPage\":{\"@id\":\"https:\/\/kgerad.de\/produkt\/mavic-crossmax-sl-ultimate-30-29-boost-vorderrad\/#primaryimage\"},\"image\":{\"@id\":\"https:\/\/kgerad.de\/produkt\/mavic-crossmax-sl-ultimate-30-29-boost-vorderrad\/#primaryimage\"},\"thumbnailUrl\":\"https:\/\/kgerad.de\/wp-content\/uploads\/2023\/06\/Mavic-Crossmax-SL-Ultimate-30-F92281_800x800.jpg\",\"datePublished\":\"2022-11-24T17:52:44+00:00\",\"dateModified\":\"2023-08-11T06:12:39+00:00\",\"description\":\"Entdecken Sie unseren Online-Fahrradladen: Gro\u00dfe Auswahl an Modellen f\u00fcr alle Radsportbegeisterten. Von Rennr\u00e4dern bis zu Mountainbikes - finden Sie heute Ihren perfekten Wegbegleiter!\",\"breadcrumb\":{\"@id\":\"https:\/\/kgerad.de\/produkt\/mavic-crossmax-sl-ultimate-30-29-boost-vorderrad\/#breadcrumb\"},\"inLanguage\":\"en-US\",\"potentialAction\":[{\"@type\":\"ReadAction\",\"target\":[\"https:\/\/kgerad.de\/produkt\/mavic-crossmax-sl-ultimate-30-29-boost-vorderrad\/\"]}]},{\"@type\":\"ImageObject\",\"inLanguage\":\"en-US\",\"@id\":\"https:\/\/kgerad.de\/produkt\/mavic-crossmax-sl-ultimate-30-29-boost-vorderrad\/#primaryimage\",\"url\":\"https:\/\/kgerad.de\/wp-content\/uploads\/2023\/06\/Mavic-Crossmax-SL-Ultimate-30-F92281_800x800.jpg\",\"contentUrl\":\"https:\/\/kgerad.de\/wp-content\/uploads\/2023\/06\/Mavic-Crossmax-SL-Ultimate-30-F92281_800x800.jpg\",\"width\":800,\"height\":800,\"caption\":\"Mavic Crossmax SL Ultimate\"},{\"@type\":\"BreadcrumbList\",\"@id\":\"https:\/\/kgerad.de\/produkt\/mavic-crossmax-sl-ultimate-30-29-boost-vorderrad\/#breadcrumb\",\"itemListElement\":[{\"@type\":\"ListItem\",\"position\":1,\"name\":\"Startseite\",\"item\":\"https:\/\/kgerad.de\/\"},{\"@type\":\"ListItem\",\"position\":2,\"name\":\"LADEN\",\"item\":\"https:\/\/kgerad.de\/laden\/\"},{\"@type\":\"ListItem\",\"position\":3,\"name\":\"Mavic Crossmax SL Ultimate 30 29&#8243; Boost Vorderrad\"}]},{\"@type\":\"WebSite\",\"@id\":\"https:\/\/kgerad.de\/#website\",\"url\":\"https:\/\/kgerad.de\/\",\"name\":\"kgerad.de\",\"description\":\"Treten Sie mit uns ins Abenteuer!\",\"publisher\":{\"@id\":\"https:\/\/kgerad.de\/#organization\"},\"alternateName\":\"MEIN RADLADEN\",\"potentialAction\":[{\"@type\":\"SearchAction\",\"target\":{\"@type\":\"EntryPoint\",\"urlTemplate\":\"https:\/\/kgerad.de\/?s={search_term_string}\"},\"query-input\":{\"@type\":\"PropertyValueSpecification\",\"valueRequired\":true,\"valueName\":\"search_term_string\"}}],\"inLanguage\":\"en-US\"},{\"@type\":\"Organization\",\"@id\":\"https:\/\/kgerad.de\/#organization\",\"name\":\"MEINRADLADEN\",\"alternateName\":\"MEIN RADLADEN\",\"url\":\"https:\/\/kgerad.de\/\",\"logo\":{\"@type\":\"ImageObject\",\"inLanguage\":\"en-US\",\"@id\":\"https:\/\/kgerad.de\/#\/schema\/logo\/image\/\",\"url\":\"https:\/\/kgerad.de\/wp-content\/uploads\/2025\/07\/logo-Whit.svg\",\"contentUrl\":\"https:\/\/kgerad.de\/wp-content\/uploads\/2025\/07\/logo-Whit.svg\",\"width\":1640,\"height\":371,\"caption\":\"MEINRADLADEN\"},\"image\":{\"@id\":\"https:\/\/kgerad.de\/#\/schema\/logo\/image\/\"}}]}<\/script>\n<!-- \/ Yoast SEO Premium plugin. -->","yoast_head_json":{"title":"Mavic Crossmax SL Ultimate 30 29\" Boost Vorderrad","description":"Entdecken Sie unseren Online-Fahrradladen: Gro\u00dfe Auswahl an Modellen f\u00fcr alle Radsportbegeisterten. Von Rennr\u00e4dern bis zu Mountainbikes - finden Sie heute Ihren perfekten Wegbegleiter!","robots":{"index":"index","follow":"follow","max-snippet":"max-snippet:-1","max-image-preview":"max-image-preview:large","max-video-preview":"max-video-preview:-1"},"canonical":"https:\/\/kgerad.de\/en\/product\/mavic-crossmax-sl-ultimate-30-29-boost-vorderrad\/","og_locale":"en_US","og_type":"article","og_title":"Mavic Crossmax SL Ultimate 30 29\" Boost Vorderrad","og_description":"Entdecken Sie unseren Online-Fahrradladen: Gro\u00dfe Auswahl an Modellen f\u00fcr alle Radsportbegeisterten. Von Rennr\u00e4dern bis zu Mountainbikes - finden Sie heute Ihren perfekten Wegbegleiter!","og_url":"https:\/\/kgerad.de\/en\/product\/mavic-crossmax-sl-ultimate-30-29-boost-vorderrad\/","og_site_name":"kgerad.de","article_modified_time":"2023-08-11T06:12:39+00:00","og_image":[{"width":800,"height":800,"url":"https:\/\/kgerad.de\/wp-content\/uploads\/2023\/06\/Mavic-Crossmax-SL-Ultimate-30-F92281_800x800.jpg","type":"image\/jpeg"}],"twitter_card":"summary_large_image","twitter_misc":{"Est. reading time":"3 minutes"},"schema":{"@context":"https:\/\/schema.org","@graph":[{"@type":"WebPage","@id":"https:\/\/kgerad.de\/produkt\/mavic-crossmax-sl-ultimate-30-29-boost-vorderrad\/","url":"https:\/\/kgerad.de\/produkt\/mavic-crossmax-sl-ultimate-30-29-boost-vorderrad\/","name":"Mavic Crossmax SL Ultimate 30 29\" Boost Vorderrad","isPartOf":{"@id":"https:\/\/kgerad.de\/#website"},"primaryImageOfPage":{"@id":"https:\/\/kgerad.de\/produkt\/mavic-crossmax-sl-ultimate-30-29-boost-vorderrad\/#primaryimage"},"image":{"@id":"https:\/\/kgerad.de\/produkt\/mavic-crossmax-sl-ultimate-30-29-boost-vorderrad\/#primaryimage"},"thumbnailUrl":"https:\/\/kgerad.de\/wp-content\/uploads\/2023\/06\/Mavic-Crossmax-SL-Ultimate-30-F92281_800x800.jpg","datePublished":"2022-11-24T17:52:44+00:00","dateModified":"2023-08-11T06:12:39+00:00","description":"Entdecken Sie unseren Online-Fahrradladen: Gro\u00dfe Auswahl an Modellen f\u00fcr alle Radsportbegeisterten. Von Rennr\u00e4dern bis zu Mountainbikes - finden Sie heute Ihren perfekten Wegbegleiter!","breadcrumb":{"@id":"https:\/\/kgerad.de\/produkt\/mavic-crossmax-sl-ultimate-30-29-boost-vorderrad\/#breadcrumb"},"inLanguage":"en-US","potentialAction":[{"@type":"ReadAction","target":["https:\/\/kgerad.de\/produkt\/mavic-crossmax-sl-ultimate-30-29-boost-vorderrad\/"]}]},{"@type":"ImageObject","inLanguage":"en-US","@id":"https:\/\/kgerad.de\/produkt\/mavic-crossmax-sl-ultimate-30-29-boost-vorderrad\/#primaryimage","url":"https:\/\/kgerad.de\/wp-content\/uploads\/2023\/06\/Mavic-Crossmax-SL-Ultimate-30-F92281_800x800.jpg","contentUrl":"https:\/\/kgerad.de\/wp-content\/uploads\/2023\/06\/Mavic-Crossmax-SL-Ultimate-30-F92281_800x800.jpg","width":800,"height":800,"caption":"Mavic Crossmax SL Ultimate"},{"@type":"BreadcrumbList","@id":"https:\/\/kgerad.de\/produkt\/mavic-crossmax-sl-ultimate-30-29-boost-vorderrad\/#breadcrumb","itemListElement":[{"@type":"ListItem","position":1,"name":"Startseite","item":"https:\/\/kgerad.de\/"},{"@type":"ListItem","position":2,"name":"LADEN","item":"https:\/\/kgerad.de\/laden\/"},{"@type":"ListItem","position":3,"name":"Mavic Crossmax SL Ultimate 30 29&#8243; Boost Vorderrad"}]},{"@type":"WebSite","@id":"https:\/\/kgerad.de\/#website","url":"https:\/\/kgerad.de\/","name":"kgerad.de","description":"Treten Sie mit uns ins Abenteuer!","publisher":{"@id":"https:\/\/kgerad.de\/#organization"},"alternateName":"MEIN RADLADEN","potentialAction":[{"@type":"SearchAction","target":{"@type":"EntryPoint","urlTemplate":"https:\/\/kgerad.de\/?s={search_term_string}"},"query-input":{"@type":"PropertyValueSpecification","valueRequired":true,"valueName":"search_term_string"}}],"inLanguage":"en-US"},{"@type":"Organization","@id":"https:\/\/kgerad.de\/#organization","name":"MEINRADLADEN","alternateName":"MEIN RADLADEN","url":"https:\/\/kgerad.de\/","logo":{"@type":"ImageObject","inLanguage":"en-US","@id":"https:\/\/kgerad.de\/#\/schema\/logo\/image\/","url":"https:\/\/kgerad.de\/wp-content\/uploads\/2025\/07\/logo-Whit.svg","contentUrl":"https:\/\/kgerad.de\/wp-content\/uploads\/2025\/07\/logo-Whit.svg","width":1640,"height":371,"caption":"MEINRADLADEN"},"image":{"@id":"https:\/\/kgerad.de\/#\/schema\/logo\/image\/"}}]}},"_links":{"self":[{"href":"https:\/\/kgerad.de\/en\/wp-json\/wp\/v2\/product\/44089","targetHints":{"allow":["GET"]}}],"collection":[{"href":"https:\/\/kgerad.de\/en\/wp-json\/wp\/v2\/product"}],"about":[{"href":"https:\/\/kgerad.de\/en\/wp-json\/wp\/v2\/types\/product"}],"replies":[{"embeddable":true,"href":"https:\/\/kgerad.de\/en\/wp-json\/wp\/v2\/comments?post=44089"}],"version-history":[{"count":1,"href":"https:\/\/kgerad.de\/en\/wp-json\/wp\/v2\/product\/44089\/revisions"}],"predecessor-version":[{"id":79108,"href":"https:\/\/kgerad.de\/en\/wp-json\/wp\/v2\/product\/44089\/revisions\/79108"}],"wp:featuredmedia":[{"embeddable":true,"href":"https:\/\/kgerad.de\/en\/wp-json\/wp\/v2\/media\/63145"}],"wp:attachment":[{"href":"https:\/\/kgerad.de\/en\/wp-json\/wp\/v2\/media?parent=44089"}],"wp:term":[{"taxonomy":"product_brand","embeddable":true,"href":"https:\/\/kgerad.de\/en\/wp-json\/wp\/v2\/product_brand?post=44089"},{"taxonomy":"product_cat","embeddable":true,"href":"https:\/\/kgerad.de\/en\/wp-json\/wp\/v2\/product_cat?post=44089"},{"taxonomy":"product_tag","embeddable":true,"href":"https:\/\/kgerad.de\/en\/wp-json\/wp\/v2\/product_tag?post=44089"}],"curies":[{"name":"wp","href":"https:\/\/api.w.org\/{rel}","templated":true}]}}