{"id":44060,"date":"2022-11-24T18:05:58","date_gmt":"2022-11-24T17:05:58","guid":{"rendered":"https:\/\/kgerad.de\/?post_type=product&#038;p=44060"},"modified":"2023-08-11T08:13:49","modified_gmt":"2023-08-11T06:13:49","slug":"sram-xx1-eagle-dub-1x12-fach-kurbel-boost-34t","status":"publish","type":"product","link":"https:\/\/kgerad.de\/en\/product\/sram-xx1-eagle-dub-1x12-fach-kurbel-boost-34t\/","title":{"rendered":"SRAM XX1 Eagle DUB 1&#215;12-fach Kurbel Boost 34T"},"content":{"rendered":"<div class=\"product--headername\">\n<h2 class=\"product--title\"><strong>SRAM<\/strong> XX1 Eagle DUB 1&#215;12-fach Kurbel Boost 34T<\/h2>\n<\/div>\n<p>Im SRAM XX1 Eagle DUB\u00a0Wettkampf z\u00e4hlt jeder noch so kleine Vorteil \u2013 eine gnadenlose Jagd nach noch leichterem, steiferem, st\u00e4rkerem und haltbarerem Material. Um die <a href=\"http:\/\/1-1\">bestm\u00f6gliche<\/a> Schaltgruppe zu entwickeln, wurd der Kurbelsatz nochmal \u00fcberpr\u00fcft und komplett \u00fcberarbeitet.<\/p>\n<p>Der XX1 Eagle\u2122 CARBON TUNED\u2122-Kurbelsatz ist aktuell derer leichteste, steifste und st\u00e4rkste. Die SRAM DUB\u2122-Technologie tr\u00e4gt dazu bei, indem sie das Zusammenspiel aus Tretlager und Kurbelachse vereinfacht und die Haltbarkeit auf ein neues Niveau hebt. Ein DUB\u2122 Kurbelsatz ist einfacher, universeller und langlebiger.<\/p>\n<hr \/>\n<h3>Features &#8211; XX1 Eagle &#8222;DUB&#8220; Boost<\/h3>\n<ul>\n<li>Boost-Version (148mm)<\/li>\n<li>Leichteste, steifste und stabilste Kurbelgarnitur auf dem Markt<\/li>\n<li>Speziell f\u00fcr den Cross Country und Trail-Einsatz entwickeltes Kurbelarm-Design<\/li>\n<li>Die DUB\u2122-Technologie bietet den leichtesten, steifsten und st\u00e4rksten Kurbelsatz<\/li>\n<li>Neuentwickelte SRAM CARBON TUNED\u2122-Technologie f\u00fcr h\u00f6chste Steifigkeit bei geringem Gewicht<\/li>\n<li>Vollkommen neue Kettenblatt-Technologie, speziell entwickelt f\u00fcr die Eagle\u2122-Kette und Schaltung<\/li>\n<li>Das X-SYNC 2\u2122-Kettenblatt bietet deutlich leisere Performance und au\u00dfergew\u00f6hnliche Haltbarkeit. Schmutz wird leichter entfernt<\/li>\n<\/ul>\n<h3>Produkteigenschaften<\/h3>\n<ul>\n<li><strong>Einsatzbereich:<\/strong>\u00a0MTB<\/li>\n<li><strong>Gruppe:<\/strong>\u00a0XX1 Eagle (1 x 12-fach)<\/li>\n<li><strong>Abstufung:\u00a0<\/strong>34 Z\u00e4hne<\/li>\n<li><strong>Kurbelarml\u00e4nge (bitte w\u00e4hlen):<\/strong>\n<ul>\n<li>170mm<\/li>\n<li>175mm<\/li>\n<\/ul>\n<\/li>\n<li><strong>Befestigung<\/strong><strong>:<\/strong>\u00a0Direct Mount<\/li>\n<li><strong>Achsdurchmesser:\u00a0<\/strong>28,99mm<\/li>\n<li><strong>Empfohlene Innenlager:<\/strong>\n<ul>\n<li>DUB BSA73<\/li>\n<li>DUB PF89,5<\/li>\n<li>DUB PF92<\/li>\n<li>DUB PF30 MTB73<\/li>\n<li>DUB BB30 MTB73<\/li>\n<\/ul>\n<\/li>\n<li><strong>Kompatible Kette:\u00a0<\/strong>PC XX1 Eagle<\/li>\n<li><strong>Kettenlinie:<\/strong>\u00a052mm (Boost)<\/li>\n<\/ul>\n<h3>Material<\/h3>\n<ul>\n<li><b>Kurbelarme:<\/b>\u00a0Carbon Composite, Hollow Core<\/li>\n<li><strong>Kettenblatt:<\/strong>\u00a0Aluminium geschmiedet, CNC gefr\u00e4st<\/li>\n<\/ul>\n<h3>Farbe<\/h3>\n<ul>\n<li>schwarz\/gold<\/li>\n<\/ul>\n<h3>Gewicht<\/h3>\n<ul>\n<li>422g (Herstellerangabe)<\/li>\n<\/ul>\n<hr \/>\n<h3>Lieferumfang<\/h3>\n<ul>\n<li>XX1 Eagle &#8222;DUB&#8220; 1&#215;12-fach Kurbel 34T Boost<\/li>\n<\/ul>\n<p><em>Innenlager nicht im Lieferumfang enthalten!<\/em><\/p>\n<hr \/>\n<h3>DUB Technologie<\/h3>\n<p>&lt;<iframe src=\"https:\/\/www.youtube-nocookie.com\/embed\/yMl68dEcOAg?rel=0&amp;showinfo=0\" width=\"640\" height=\"360\" frameborder=\"0\" allowfullscreen=\"allowfullscreen\" data-mce-fragment=\"1\"><\/iframe><\/p>\n<hr \/>\n<h3>DUB Installation<\/h3>\n<p><iframe src=\"https:\/\/www.youtube-nocookie.com\/embed\/E0CDaxwbd5c?rel=0&amp;showinfo=0\" width=\"640\" height=\"360\" frameborder=\"0\" allowfullscreen=\"allowfullscreen\" data-mce-fragment=\"1\"><\/iframe><\/p>\n<hr \/>\n<h3><strong>Technologien<\/strong><\/h3>\n<p><strong>DUB\u2122<br \/>\n<\/strong>Nach vorne gedacht und doch voll r\u00fcckw\u00e4rts kompatibel ist die DUB\u2122-Tretlager-\/Kurbeltechnologie ein Arbeitstier, das nie aufgibt. Entworfen f\u00fcr die anspruchsvollsten Profifahrer und f\u00fcr alle, die sich nach dem Einbau um nichts mehr k\u00fcmmern wollen. DUB\u2122 ist mit allen g\u00e4ngigen Tretlagerstandards kompatibel. Das System hat eine bessere Dichtung als je zuvor und passt trotzdem in jeden Rahmen. Gleichzeitig ebnet es den Weg f\u00fcr eine neuartige Kurbelachse und damit den bisher weltweit leichtesten Kurbelsatz. Es ist ein neuer Ansatz, der das Alte mit einbezieht. Wurde auch langsam Zeit.<\/p>\n<p>Nach langer Forschungsarbeit vereinheitlicht Sram ab 2018 den Durchmesser von Bike-Kurbelwellen und \u2013Innenlagern auf 28,99mm. Die neue Lagertechnologie DUB (Durable Unifying Bottom Bracket) setzt von nun an neue Ma\u00dfst\u00e4be.<\/p>","protected":false},"excerpt":{"rendered":"<p>SRAM XX1 Eagle DUB 1&#215;12-fach Kurbel Boost 34T Im SRAM XX1 Eagle DUB\u00a0Wettkampf z\u00e4hlt jeder noch so kleine Vorteil \u2013<\/p>","protected":false},"featured_media":63136,"comment_status":"open","ping_status":"closed","template":"","meta":[],"product_brand":[],"product_cat":[460,423],"product_tag":[],"class_list":{"0":"post-44060","1":"product","2":"type-product","3":"status-publish","4":"has-post-thumbnail","6":"product_cat-rennrad-teile","7":"product_cat-teile","8":"pa_marke-sram","10":"first","11":"instock","12":"sale","13":"taxable","14":"shipping-taxable","15":"purchasable","16":"product-type-variable"},"yoast_head":"<!-- This site is optimized with the Yoast SEO Premium plugin v20.12 (Yoast SEO v27.1.1) - https:\/\/yoast.com\/product\/yoast-seo-premium-wordpress\/ -->\n<title>SRAM XX1 Eagle DUB 1x12-fach Kurbel Boost 34T<\/title>\n<meta name=\"description\" content=\"Entdecken Sie unseren Online-Fahrradladen: Gro\u00dfe Auswahl an Modellen f\u00fcr alle Radsportbegeisterten. Von Rennr\u00e4dern bis zu Mountainbikes - finden Sie heute Ihren perfekten Wegbegleiter!\" \/>\n<meta name=\"robots\" content=\"index, follow, max-snippet:-1, max-image-preview:large, max-video-preview:-1\" \/>\n<link rel=\"canonical\" href=\"https:\/\/kgerad.de\/en\/product\/sram-xx1-eagle-dub-1x12-fach-kurbel-boost-34t\/\" \/>\n<meta property=\"og:locale\" content=\"en_US\" \/>\n<meta property=\"og:type\" content=\"article\" \/>\n<meta property=\"og:title\" content=\"SRAM XX1 Eagle DUB 1x12-fach Kurbel Boost 34T\" \/>\n<meta property=\"og:description\" content=\"Entdecken Sie unseren Online-Fahrradladen: Gro\u00dfe Auswahl an Modellen f\u00fcr alle Radsportbegeisterten. Von Rennr\u00e4dern bis zu Mountainbikes - finden Sie heute Ihren perfekten Wegbegleiter!\" \/>\n<meta property=\"og:url\" content=\"https:\/\/kgerad.de\/en\/product\/sram-xx1-eagle-dub-1x12-fach-kurbel-boost-34t\/\" \/>\n<meta property=\"og:site_name\" content=\"kgerad.de\" \/>\n<meta property=\"article:modified_time\" content=\"2023-08-11T06:13:49+00:00\" \/>\n<meta property=\"og:image\" content=\"https:\/\/kgerad.de\/wp-content\/uploads\/2023\/06\/Sram-XX1-Eagle-Dub-gold-10zjSEyoRW6UFB_800x800.jpg\" \/>\n\t<meta property=\"og:image:width\" content=\"800\" \/>\n\t<meta property=\"og:image:height\" content=\"282\" \/>\n\t<meta property=\"og:image:type\" content=\"image\/jpeg\" \/>\n<meta name=\"twitter:card\" content=\"summary_large_image\" \/>\n<meta name=\"twitter:label1\" content=\"Est. reading time\" \/>\n\t<meta name=\"twitter:data1\" content=\"2 minutes\" \/>\n<script type=\"application\/ld+json\" class=\"yoast-schema-graph\">{\"@context\":\"https:\/\/schema.org\",\"@graph\":[{\"@type\":\"WebPage\",\"@id\":\"https:\/\/kgerad.de\/produkt\/sram-xx1-eagle-dub-1x12-fach-kurbel-boost-34t\/\",\"url\":\"https:\/\/kgerad.de\/produkt\/sram-xx1-eagle-dub-1x12-fach-kurbel-boost-34t\/\",\"name\":\"SRAM XX1 Eagle DUB 1x12-fach Kurbel Boost 34T\",\"isPartOf\":{\"@id\":\"https:\/\/kgerad.de\/#website\"},\"primaryImageOfPage\":{\"@id\":\"https:\/\/kgerad.de\/produkt\/sram-xx1-eagle-dub-1x12-fach-kurbel-boost-34t\/#primaryimage\"},\"image\":{\"@id\":\"https:\/\/kgerad.de\/produkt\/sram-xx1-eagle-dub-1x12-fach-kurbel-boost-34t\/#primaryimage\"},\"thumbnailUrl\":\"https:\/\/kgerad.de\/wp-content\/uploads\/2023\/06\/Sram-XX1-Eagle-Dub-gold-10zjSEyoRW6UFB_800x800.jpg\",\"datePublished\":\"2022-11-24T17:05:58+00:00\",\"dateModified\":\"2023-08-11T06:13:49+00:00\",\"description\":\"Entdecken Sie unseren Online-Fahrradladen: Gro\u00dfe Auswahl an Modellen f\u00fcr alle Radsportbegeisterten. Von Rennr\u00e4dern bis zu Mountainbikes - finden Sie heute Ihren perfekten Wegbegleiter!\",\"breadcrumb\":{\"@id\":\"https:\/\/kgerad.de\/produkt\/sram-xx1-eagle-dub-1x12-fach-kurbel-boost-34t\/#breadcrumb\"},\"inLanguage\":\"en-US\",\"potentialAction\":[{\"@type\":\"ReadAction\",\"target\":[\"https:\/\/kgerad.de\/produkt\/sram-xx1-eagle-dub-1x12-fach-kurbel-boost-34t\/\"]}]},{\"@type\":\"ImageObject\",\"inLanguage\":\"en-US\",\"@id\":\"https:\/\/kgerad.de\/produkt\/sram-xx1-eagle-dub-1x12-fach-kurbel-boost-34t\/#primaryimage\",\"url\":\"https:\/\/kgerad.de\/wp-content\/uploads\/2023\/06\/Sram-XX1-Eagle-Dub-gold-10zjSEyoRW6UFB_800x800.jpg\",\"contentUrl\":\"https:\/\/kgerad.de\/wp-content\/uploads\/2023\/06\/Sram-XX1-Eagle-Dub-gold-10zjSEyoRW6UFB_800x800.jpg\",\"width\":800,\"height\":282,\"caption\":\"SRAM XX1 Eagle DUB 1x12-fach Kurbel Boost 34T\"},{\"@type\":\"BreadcrumbList\",\"@id\":\"https:\/\/kgerad.de\/produkt\/sram-xx1-eagle-dub-1x12-fach-kurbel-boost-34t\/#breadcrumb\",\"itemListElement\":[{\"@type\":\"ListItem\",\"position\":1,\"name\":\"Startseite\",\"item\":\"https:\/\/kgerad.de\/\"},{\"@type\":\"ListItem\",\"position\":2,\"name\":\"LADEN\",\"item\":\"https:\/\/kgerad.de\/laden\/\"},{\"@type\":\"ListItem\",\"position\":3,\"name\":\"SRAM XX1 Eagle DUB 1&#215;12-fach Kurbel Boost 34T\"}]},{\"@type\":\"WebSite\",\"@id\":\"https:\/\/kgerad.de\/#website\",\"url\":\"https:\/\/kgerad.de\/\",\"name\":\"kgerad.de\",\"description\":\"Treten Sie mit uns ins Abenteuer!\",\"publisher\":{\"@id\":\"https:\/\/kgerad.de\/#organization\"},\"alternateName\":\"MEIN RADLADEN\",\"potentialAction\":[{\"@type\":\"SearchAction\",\"target\":{\"@type\":\"EntryPoint\",\"urlTemplate\":\"https:\/\/kgerad.de\/?s={search_term_string}\"},\"query-input\":{\"@type\":\"PropertyValueSpecification\",\"valueRequired\":true,\"valueName\":\"search_term_string\"}}],\"inLanguage\":\"en-US\"},{\"@type\":\"Organization\",\"@id\":\"https:\/\/kgerad.de\/#organization\",\"name\":\"MEINRADLADEN\",\"alternateName\":\"MEIN RADLADEN\",\"url\":\"https:\/\/kgerad.de\/\",\"logo\":{\"@type\":\"ImageObject\",\"inLanguage\":\"en-US\",\"@id\":\"https:\/\/kgerad.de\/#\/schema\/logo\/image\/\",\"url\":\"https:\/\/kgerad.de\/wp-content\/uploads\/2025\/07\/logo-Whit.svg\",\"contentUrl\":\"https:\/\/kgerad.de\/wp-content\/uploads\/2025\/07\/logo-Whit.svg\",\"width\":1640,\"height\":371,\"caption\":\"MEINRADLADEN\"},\"image\":{\"@id\":\"https:\/\/kgerad.de\/#\/schema\/logo\/image\/\"}}]}<\/script>\n<!-- \/ Yoast SEO Premium plugin. -->","yoast_head_json":{"title":"SRAM XX1 Eagle DUB 1x12-fach Kurbel Boost 34T","description":"Entdecken Sie unseren Online-Fahrradladen: Gro\u00dfe Auswahl an Modellen f\u00fcr alle Radsportbegeisterten. Von Rennr\u00e4dern bis zu Mountainbikes - finden Sie heute Ihren perfekten Wegbegleiter!","robots":{"index":"index","follow":"follow","max-snippet":"max-snippet:-1","max-image-preview":"max-image-preview:large","max-video-preview":"max-video-preview:-1"},"canonical":"https:\/\/kgerad.de\/en\/product\/sram-xx1-eagle-dub-1x12-fach-kurbel-boost-34t\/","og_locale":"en_US","og_type":"article","og_title":"SRAM XX1 Eagle DUB 1x12-fach Kurbel Boost 34T","og_description":"Entdecken Sie unseren Online-Fahrradladen: Gro\u00dfe Auswahl an Modellen f\u00fcr alle Radsportbegeisterten. Von Rennr\u00e4dern bis zu Mountainbikes - finden Sie heute Ihren perfekten Wegbegleiter!","og_url":"https:\/\/kgerad.de\/en\/product\/sram-xx1-eagle-dub-1x12-fach-kurbel-boost-34t\/","og_site_name":"kgerad.de","article_modified_time":"2023-08-11T06:13:49+00:00","og_image":[{"width":800,"height":282,"url":"https:\/\/kgerad.de\/wp-content\/uploads\/2023\/06\/Sram-XX1-Eagle-Dub-gold-10zjSEyoRW6UFB_800x800.jpg","type":"image\/jpeg"}],"twitter_card":"summary_large_image","twitter_misc":{"Est. reading time":"2 minutes"},"schema":{"@context":"https:\/\/schema.org","@graph":[{"@type":"WebPage","@id":"https:\/\/kgerad.de\/produkt\/sram-xx1-eagle-dub-1x12-fach-kurbel-boost-34t\/","url":"https:\/\/kgerad.de\/produkt\/sram-xx1-eagle-dub-1x12-fach-kurbel-boost-34t\/","name":"SRAM XX1 Eagle DUB 1x12-fach Kurbel Boost 34T","isPartOf":{"@id":"https:\/\/kgerad.de\/#website"},"primaryImageOfPage":{"@id":"https:\/\/kgerad.de\/produkt\/sram-xx1-eagle-dub-1x12-fach-kurbel-boost-34t\/#primaryimage"},"image":{"@id":"https:\/\/kgerad.de\/produkt\/sram-xx1-eagle-dub-1x12-fach-kurbel-boost-34t\/#primaryimage"},"thumbnailUrl":"https:\/\/kgerad.de\/wp-content\/uploads\/2023\/06\/Sram-XX1-Eagle-Dub-gold-10zjSEyoRW6UFB_800x800.jpg","datePublished":"2022-11-24T17:05:58+00:00","dateModified":"2023-08-11T06:13:49+00:00","description":"Entdecken Sie unseren Online-Fahrradladen: Gro\u00dfe Auswahl an Modellen f\u00fcr alle Radsportbegeisterten. Von Rennr\u00e4dern bis zu Mountainbikes - finden Sie heute Ihren perfekten Wegbegleiter!","breadcrumb":{"@id":"https:\/\/kgerad.de\/produkt\/sram-xx1-eagle-dub-1x12-fach-kurbel-boost-34t\/#breadcrumb"},"inLanguage":"en-US","potentialAction":[{"@type":"ReadAction","target":["https:\/\/kgerad.de\/produkt\/sram-xx1-eagle-dub-1x12-fach-kurbel-boost-34t\/"]}]},{"@type":"ImageObject","inLanguage":"en-US","@id":"https:\/\/kgerad.de\/produkt\/sram-xx1-eagle-dub-1x12-fach-kurbel-boost-34t\/#primaryimage","url":"https:\/\/kgerad.de\/wp-content\/uploads\/2023\/06\/Sram-XX1-Eagle-Dub-gold-10zjSEyoRW6UFB_800x800.jpg","contentUrl":"https:\/\/kgerad.de\/wp-content\/uploads\/2023\/06\/Sram-XX1-Eagle-Dub-gold-10zjSEyoRW6UFB_800x800.jpg","width":800,"height":282,"caption":"SRAM XX1 Eagle DUB 1x12-fach Kurbel Boost 34T"},{"@type":"BreadcrumbList","@id":"https:\/\/kgerad.de\/produkt\/sram-xx1-eagle-dub-1x12-fach-kurbel-boost-34t\/#breadcrumb","itemListElement":[{"@type":"ListItem","position":1,"name":"Startseite","item":"https:\/\/kgerad.de\/"},{"@type":"ListItem","position":2,"name":"LADEN","item":"https:\/\/kgerad.de\/laden\/"},{"@type":"ListItem","position":3,"name":"SRAM XX1 Eagle DUB 1&#215;12-fach Kurbel Boost 34T"}]},{"@type":"WebSite","@id":"https:\/\/kgerad.de\/#website","url":"https:\/\/kgerad.de\/","name":"kgerad.de","description":"Treten Sie mit uns ins Abenteuer!","publisher":{"@id":"https:\/\/kgerad.de\/#organization"},"alternateName":"MEIN RADLADEN","potentialAction":[{"@type":"SearchAction","target":{"@type":"EntryPoint","urlTemplate":"https:\/\/kgerad.de\/?s={search_term_string}"},"query-input":{"@type":"PropertyValueSpecification","valueRequired":true,"valueName":"search_term_string"}}],"inLanguage":"en-US"},{"@type":"Organization","@id":"https:\/\/kgerad.de\/#organization","name":"MEINRADLADEN","alternateName":"MEIN RADLADEN","url":"https:\/\/kgerad.de\/","logo":{"@type":"ImageObject","inLanguage":"en-US","@id":"https:\/\/kgerad.de\/#\/schema\/logo\/image\/","url":"https:\/\/kgerad.de\/wp-content\/uploads\/2025\/07\/logo-Whit.svg","contentUrl":"https:\/\/kgerad.de\/wp-content\/uploads\/2025\/07\/logo-Whit.svg","width":1640,"height":371,"caption":"MEINRADLADEN"},"image":{"@id":"https:\/\/kgerad.de\/#\/schema\/logo\/image\/"}}]}},"_links":{"self":[{"href":"https:\/\/kgerad.de\/en\/wp-json\/wp\/v2\/product\/44060","targetHints":{"allow":["GET"]}}],"collection":[{"href":"https:\/\/kgerad.de\/en\/wp-json\/wp\/v2\/product"}],"about":[{"href":"https:\/\/kgerad.de\/en\/wp-json\/wp\/v2\/types\/product"}],"replies":[{"embeddable":true,"href":"https:\/\/kgerad.de\/en\/wp-json\/wp\/v2\/comments?post=44060"}],"version-history":[{"count":1,"href":"https:\/\/kgerad.de\/en\/wp-json\/wp\/v2\/product\/44060\/revisions"}],"predecessor-version":[{"id":79111,"href":"https:\/\/kgerad.de\/en\/wp-json\/wp\/v2\/product\/44060\/revisions\/79111"}],"wp:featuredmedia":[{"embeddable":true,"href":"https:\/\/kgerad.de\/en\/wp-json\/wp\/v2\/media\/63136"}],"wp:attachment":[{"href":"https:\/\/kgerad.de\/en\/wp-json\/wp\/v2\/media?parent=44060"}],"wp:term":[{"taxonomy":"product_brand","embeddable":true,"href":"https:\/\/kgerad.de\/en\/wp-json\/wp\/v2\/product_brand?post=44060"},{"taxonomy":"product_cat","embeddable":true,"href":"https:\/\/kgerad.de\/en\/wp-json\/wp\/v2\/product_cat?post=44060"},{"taxonomy":"product_tag","embeddable":true,"href":"https:\/\/kgerad.de\/en\/wp-json\/wp\/v2\/product_tag?post=44060"}],"curies":[{"name":"wp","href":"https:\/\/api.w.org\/{rel}","templated":true}]}}