{"id":43993,"date":"2022-11-24T16:15:52","date_gmt":"2022-11-24T15:15:52","guid":{"rendered":"https:\/\/kgerad.de\/?post_type=product&#038;p=43993"},"modified":"2023-08-18T15:29:59","modified_gmt":"2023-08-18T13:29:59","slug":"radon-swoop-10-0","status":"publish","type":"product","link":"https:\/\/kgerad.de\/en\/product\/radon-swoop-10-0\/","title":{"rendered":"Radon Swoop 10.0"},"content":{"rendered":"<h2 class=\"content--title\"><strong>Radon<\/strong>\u00a0Swoop 10.0<\/h2>\n<p class=\"product--description\">Ab in den Bikepark, eine Runde shreeden. Das Radon SWOOP 10.0 ist genau daf\u00fcr gemacht. Die Fox 38 Float Performance Elite Gabel mit FIT GRIP2 D\u00e4mpferkartusche und der Fox Float X2 Performance D\u00e4mpfer mit Piggy Bag lassen Dir dabei immer gen\u00fcgend Reserven.<\/p>\n<hr \/>\n<h3>Die Highlights des Swoop 10.0<\/h3>\n<p>Mit dem Shimano Antrieb hast Du immer die n\u00f6tigen Power um auch bergauf mit einem Grinsen unterwegs zu sein. Dabei bietet die SLX Kassette mit 10-51 Z\u00e4hnen die maximale Gangabstufung. Der leichte und steife Newmen Evolution SL A.30 Laufradsatz pusht Dich weiter und in Verbindung mit den Maxxis Minion DHR II und DHF Reifen, beide mit der griffigen Maxxterra\/Exo+ Gummimischung, hast Du ungeahnten Grip. Warte nicht, SWOOP up your Life!<\/p>\n<hr \/>\n<h3>Die Swoop Familie<\/h3>\n<p>Die Vorgaben bei der Entwicklung f\u00fcr das SWOOP in der Carbonvariante waren klar &#8211; frisches Design, moderne Kinematik und neue D\u00e4mpferanlenkung. Da ist kein Stein ist auf dem alten geblieben. Dennoch haben wir die DNA des beliebten SWOOP AL in Teilen beibehalten &#8211; progressive Geometrie, 29&#8243; Laufr\u00e4der, M\u00f6glichkeit der Geometrieverstellung, 170mm Federweg &#8211; hier wurden keine Kompromisse eingegangen. Die Kinematik des SWOOP ist progressiv ausgelegt, auch Coil D\u00e4mpfer passen gut zur Charakteristik des Bikes. F\u00fcr eine hohe Wendigkeit konnten wir die Kettenstreben mit 438mm kurz halten, trotz des langen Radstands und der flachen Winkel sind enge Kurven kein Hindernis. Anstatt eines Flip Chips f\u00fcr die Geometrieanpassung haben wir den Steuersatz verstellbar gestaltet, so sind die Schalen mit Winkeln versehen und k\u00f6nnen gedreht werden, um den Steuerwinkel um 1,5 Grad zu variieren.<\/p>\n<h2>Ausstattung<\/h2>\n<div class=\"product--properties panel has--border\">\n<table class=\"product--properties-table\">\n<tbody>\n<tr class=\"product--properties-row row1\">\n<td class=\"product--properties-label is--bold\">Rahmen:<\/td>\n<td class=\"product--properties-value\">SWOOP, Gewicht: 3.150g, Maximale Reifenbreite: 2.4&#8243;, Schaltauge: #8651<\/td>\n<\/tr>\n<tr class=\"product--properties-row row2\">\n<td class=\"product--properties-label is--bold\">Rahmenmaterial:<\/td>\n<td class=\"product--properties-value\">Vollcarbon Hauptrahmen \/ Aluminium Hinterbau<\/td>\n<\/tr>\n<tr class=\"product--properties-row row3\">\n<td class=\"product--properties-label is--bold\">Laufradgr\u00f6\u00dfe:<\/td>\n<td class=\"product--properties-value\">29&#8243;<\/td>\n<\/tr>\n<tr class=\"product--properties-row row4\">\n<td class=\"product--properties-label is--bold\">Farbe:<\/td>\n<td class=\"product--properties-value\">goldlit \/ black<\/td>\n<\/tr>\n<tr class=\"product--properties-row row5\">\n<td class=\"product--properties-label is--bold\">Gabel:<\/td>\n<td class=\"product--properties-value\">Fox 38 Performance Elite, FIT GRIP2, Boost, Nachlauf: 44mm<\/td>\n<\/tr>\n<tr class=\"product--properties-row row6\">\n<td class=\"product--properties-label is--bold\">D\u00e4mpfer:<\/td>\n<td class=\"product--properties-value\">Fox Float X2 Performance, 2-Pos., EVOL LV, Einbauma\u00df: 230 x 65mm, Buchsenma\u00df: oben 8 x 20mm \/ unten 8 x 20mm<\/td>\n<\/tr>\n<tr class=\"product--properties-row row7\">\n<td class=\"product--properties-label is--bold\">Federweg:<\/td>\n<td class=\"product--properties-value\">170mm \/ 170mm<\/td>\n<\/tr>\n<tr class=\"product--properties-row row8\">\n<td class=\"product--properties-label is--bold\">Bremsen:<\/td>\n<td class=\"product--properties-value\">Shimano XT BR-M8120<\/td>\n<\/tr>\n<tr class=\"product--properties-row row9\">\n<td class=\"product--properties-label is--bold\">Bremsscheiben:<\/td>\n<td class=\"product--properties-value\">Shimano XT SM-RT86, 203\/203mm, 6-bolt<\/td>\n<\/tr>\n<tr class=\"product--properties-row row10\">\n<td class=\"product--properties-label is--bold\">Steuersatz:<\/td>\n<td class=\"product--properties-value\">Acros Angleset, ZS44\/ZS56<\/td>\n<\/tr>\n<tr class=\"product--properties-row row11\">\n<td class=\"product--properties-label is--bold\">Vorbau:<\/td>\n<td class=\"product--properties-value\">Race Face \u00c6ffect R, 35 x 40mm<\/td>\n<\/tr>\n<tr class=\"product--properties-row row12\">\n<td class=\"product--properties-label is--bold\">Lenker:<\/td>\n<td class=\"product--properties-value\">Race Face Chester, 35 x 780 mm, 35mm rise<\/td>\n<\/tr>\n<tr class=\"product--properties-row row13\">\n<td class=\"product--properties-label is--bold\">Griffe:<\/td>\n<td class=\"product--properties-value\">SDG Thrice<\/td>\n<\/tr>\n<tr class=\"product--properties-row row14\">\n<td class=\"product--properties-label is--bold\">Sattel:<\/td>\n<td class=\"product--properties-value\">SDG Bel Air V3<\/td>\n<\/tr>\n<tr class=\"product--properties-row row15\">\n<td class=\"product--properties-label is--bold\">Sattelst\u00fctze:<\/td>\n<td class=\"product--properties-value\">SDG Tellis, \u00d831.6mm, M:150mm Hub, L:150mm Hub, XL:150mm Hub<\/td>\n<\/tr>\n<\/tbody>\n<\/table>\n<table class=\"product--properties-table\">\n<tbody>\n<tr class=\"product--properties-row row16\">\n<td class=\"product--properties-label is--bold\">Kurbel:<\/td>\n<td class=\"product--properties-value\">Shimano XT FC-M8100, 30T, 170mm<\/td>\n<\/tr>\n<tr class=\"product--properties-row row17\">\n<td class=\"product--properties-label is--bold\">Tretlager\/Innenlager:<\/td>\n<td class=\"product--properties-value\">Shimano XT BB-MT800, BSA, 73mm<\/td>\n<\/tr>\n<tr class=\"product--properties-row row18\">\n<td class=\"product--properties-label is--bold\">Schaltwerk:<\/td>\n<td class=\"product--properties-value\">Shimano XT RD-M8100-SGS, 12-speed<\/td>\n<\/tr>\n<tr class=\"product--properties-row row19\">\n<td class=\"product--properties-label is--bold\">Schalthebel:<\/td>\n<td class=\"product--properties-value\">Shimano SLX SL-M7100-IR, I-Spec EV<\/td>\n<\/tr>\n<tr class=\"product--properties-row row20\">\n<td class=\"product--properties-label is--bold\">Kettenf\u00fchrung:<\/td>\n<td class=\"product--properties-value\">MRP 1X, ISCG05<\/td>\n<\/tr>\n<tr class=\"product--properties-row row21\">\n<td class=\"product--properties-label is--bold\">Kassette:<\/td>\n<td class=\"product--properties-value\">Shimano SLX CS-M7100, 10-51<\/td>\n<\/tr>\n<tr class=\"product--properties-row row22\">\n<td class=\"product--properties-label is--bold\">Kette:<\/td>\n<td class=\"product--properties-value\">Shimano SLX CN-M7100<\/td>\n<\/tr>\n<tr class=\"product--properties-row row23\">\n<td class=\"product--properties-label is--bold\">Reifen vorne:<\/td>\n<td class=\"product--properties-value\">Maxxis Minion DHF 3C, Maxterra, EXO+, TR, 29&#8243; x 2.5&#8243; WT<\/td>\n<\/tr>\n<tr class=\"product--properties-row row24\">\n<td class=\"product--properties-label is--bold\">Reifen hinten:<\/td>\n<td class=\"product--properties-value\">Maxxis Minion DHR II, 3C, Maxterra, EXO+, TR, 29&#8243; x 2.4&#8243; WT<\/td>\n<\/tr>\n<tr class=\"product--properties-row row25\">\n<td class=\"product--properties-label is--bold\">Laufradsatz:<\/td>\n<td class=\"product--properties-value\">Newmen Evolution SL A.30, 30mm, 110\/148mm<\/td>\n<\/tr>\n<tr class=\"product--properties-row row26\">\n<td class=\"product--properties-label is--bold\">Pedale:<\/td>\n<td class=\"product--properties-value\">nicht im Lieferumfang enthalten<\/td>\n<\/tr>\n<tr class=\"product--properties-row row27\">\n<td class=\"product--properties-label is--bold\">Zul\u00e4ssiges Gesamtgewicht:<\/td>\n<td class=\"product--properties-value\">115 kg (K\u00f6rpergewicht + Fahrrad + Ausr\u00fcstung)<\/td>\n<\/tr>\n<tr class=\"product--properties-row row28\">\n<td class=\"product--properties-label is--bold\">Gewicht Komplettrad:<\/td>\n<td class=\"product--properties-value\">ab 15,30 kg<\/td>\n<\/tr>\n<\/tbody>\n<\/table>\n<\/div>\n<hr \/>\n<hr \/>\n<p class=\"product--description\"><img fetchpriority=\"high\" decoding=\"async\" title=\"BikeSize Swoop CF\" src=\"https:\/\/cd.bike-discount.de\/media\/image\/b3\/3d\/8a\/bikesize_swoopcf.jpg\" alt=\"\" width=\"640\" height=\"403\" data-mid=\"618199\" data-src=\"media\/image\/bikesize_swoopcf.jpg\" \/><\/p>\n<p>Mit Hilfe unserer Grafik wollen wir Dir eine Empfehlung bei der Suche nach Deiner richtigen Rahmengr\u00f6\u00dfe geben. Neben Schrittl\u00e4nge sowie K\u00f6rpergr\u00f6\u00dfe spielt nat\u00fcrlich auch Dein pers\u00f6nlicher Fahrstil, Einsatzbereich sowie Vorliebe eine gro\u00dfe Rolle. Wenn Du mit Deinen Angaben im Grenzbereich liegen solltest, kannst Du zwischen zwei Rahmenh\u00f6hen w\u00e4hlen: die kleinere Rahmengr\u00f6\u00dfe ist agiler\/wendiger\/verspielter, die n\u00e4chstgr\u00f6\u00dfere Rahmenh\u00f6he laufruhiger\/spurtreuer und hat im Uphill die Nase vorn.<\/p>\n<hr \/>\n<h3>GET SWOOPED! Innes Graham rides the all new RADON SWOOP<\/h3>\n<p class=\"product--description\"><iframe src=\"https:\/\/www.youtube-nocookie.com\/embed\/gOFku-6UkJQ\" width=\"640\" height=\"360\" frameborder=\"0\" allowfullscreen=\"allowfullscreen\" data-mce-fragment=\"1\"><\/iframe><\/p>\n<hr \/>\n<p><iframe src=\"https:\/\/www.youtube-nocookie.com\/embed\/oBPFhqhzsGM\" width=\"640\" height=\"360\" frameborder=\"0\" allowfullscreen=\"allowfullscreen\" data-mce-fragment=\"1\"><\/iframe><\/p>\n<p><iframe src=\"https:\/\/www.youtube-nocookie.com\/embed\/o0KNXPTgDgo\" width=\"640\" height=\"360\" frameborder=\"0\" allowfullscreen=\"allowfullscreen\" data-mce-fragment=\"1\"><\/iframe><\/p>","protected":false},"excerpt":{"rendered":"<div class=\"tab-menu--product js--tab-menu\">\n<div class=\"tab--container-list\">\n<div class=\"tab--container description has--content is--active\">\n<div class=\"tab--content box-description\">\n<div class=\"content--description\">\n<div class=\"ean-box\"><label>Modelljahr: <span style=\"font-size: 16px;\">2022<\/span><\/label><\/div>\n<\/div>\n<\/div>\n<\/div>\n<\/div>\n<\/div>\n<p><a class=\"rating-link-info--box\" name=\"product--publish-comment\"><\/a><\/p>\n<div id=\"detail--product-reviews\" class=\"content--product-reviews 123\"><\/div>","protected":false},"featured_media":63104,"comment_status":"open","ping_status":"closed","template":"","meta":[],"product_brand":[],"product_cat":[36,426,220],"product_tag":[],"class_list":{"0":"post-43993","1":"product","2":"type-product","3":"status-publish","4":"has-post-thumbnail","6":"product_cat-fahrrad","7":"product_cat-fullsuspension","8":"product_cat-mountainbike","9":"pa_marke-radon","11":"first","12":"instock","13":"sale","14":"taxable","15":"shipping-taxable","16":"purchasable","17":"product-type-variable"},"yoast_head":"<!-- This site is optimized with the Yoast SEO Premium plugin v20.12 (Yoast SEO v27.1.1) - https:\/\/yoast.com\/product\/yoast-seo-premium-wordpress\/ -->\n<title>Radon Swoop 10.0<\/title>\n<meta name=\"description\" content=\"kgerad.de bietet Ihnen das Radon Swoop 10.0 zum besten Preis mit kostenlosem Versand in ganz EuropaRadon Swoop 10.0Radon Swoop 10.0\" \/>\n<meta name=\"robots\" content=\"index, follow, max-snippet:-1, max-image-preview:large, max-video-preview:-1\" \/>\n<link rel=\"canonical\" href=\"https:\/\/kgerad.de\/en\/product\/radon-swoop-10-0\/\" \/>\n<meta property=\"og:locale\" content=\"en_US\" \/>\n<meta property=\"og:type\" content=\"article\" \/>\n<meta property=\"og:title\" content=\"Radon Swoop 10.0\" \/>\n<meta property=\"og:description\" content=\"Entdecken Sie unseren Online-Fahrradladen: Gro\u00dfe Auswahl an Modellen f\u00fcr alle Radsportbegeisterten. Von Rennr\u00e4dern bis zu Mountainbikes - finden Sie heute Ihren perfekten Wegbegleiter!\" \/>\n<meta property=\"og:url\" content=\"https:\/\/kgerad.de\/en\/product\/radon-swoop-10-0\/\" \/>\n<meta property=\"og:site_name\" content=\"kgerad.de\" \/>\n<meta property=\"article:modified_time\" content=\"2023-08-18T13:29:59+00:00\" \/>\n<meta property=\"og:image\" content=\"https:\/\/kgerad.de\/wp-content\/uploads\/2023\/06\/Radon-Swoop-10.0.jpg\" \/>\n\t<meta property=\"og:image:width\" content=\"800\" \/>\n\t<meta property=\"og:image:height\" content=\"441\" \/>\n\t<meta property=\"og:image:type\" content=\"image\/jpeg\" \/>\n<meta name=\"twitter:card\" content=\"summary_large_image\" \/>\n<meta name=\"twitter:label1\" content=\"Est. reading time\" \/>\n\t<meta name=\"twitter:data1\" content=\"4 minutes\" \/>\n<script type=\"application\/ld+json\" class=\"yoast-schema-graph\">{\"@context\":\"https:\/\/schema.org\",\"@graph\":[{\"@type\":\"WebPage\",\"@id\":\"https:\/\/kgerad.de\/produkt\/radon-swoop-10-0\/\",\"url\":\"https:\/\/kgerad.de\/produkt\/radon-swoop-10-0\/\",\"name\":\"Radon Swoop 10.0\",\"isPartOf\":{\"@id\":\"https:\/\/kgerad.de\/#website\"},\"primaryImageOfPage\":{\"@id\":\"https:\/\/kgerad.de\/produkt\/radon-swoop-10-0\/#primaryimage\"},\"image\":{\"@id\":\"https:\/\/kgerad.de\/produkt\/radon-swoop-10-0\/#primaryimage\"},\"thumbnailUrl\":\"https:\/\/kgerad.de\/wp-content\/uploads\/2023\/06\/Radon-Swoop-10.0.jpg\",\"datePublished\":\"2022-11-24T15:15:52+00:00\",\"dateModified\":\"2023-08-18T13:29:59+00:00\",\"description\":\"kgerad.de bietet Ihnen das Radon Swoop 10.0 zum besten Preis mit kostenlosem Versand in ganz EuropaRadon Swoop 10.0Radon Swoop 10.0\",\"breadcrumb\":{\"@id\":\"https:\/\/kgerad.de\/produkt\/radon-swoop-10-0\/#breadcrumb\"},\"inLanguage\":\"en-US\",\"potentialAction\":[{\"@type\":\"ReadAction\",\"target\":[\"https:\/\/kgerad.de\/produkt\/radon-swoop-10-0\/\"]}]},{\"@type\":\"ImageObject\",\"inLanguage\":\"en-US\",\"@id\":\"https:\/\/kgerad.de\/produkt\/radon-swoop-10-0\/#primaryimage\",\"url\":\"https:\/\/kgerad.de\/wp-content\/uploads\/2023\/06\/Radon-Swoop-10.0.jpg\",\"contentUrl\":\"https:\/\/kgerad.de\/wp-content\/uploads\/2023\/06\/Radon-Swoop-10.0.jpg\",\"width\":800,\"height\":441,\"caption\":\"Radon Swoop 10.0\"},{\"@type\":\"BreadcrumbList\",\"@id\":\"https:\/\/kgerad.de\/produkt\/radon-swoop-10-0\/#breadcrumb\",\"itemListElement\":[{\"@type\":\"ListItem\",\"position\":1,\"name\":\"Startseite\",\"item\":\"https:\/\/kgerad.de\/\"},{\"@type\":\"ListItem\",\"position\":2,\"name\":\"LADEN\",\"item\":\"https:\/\/kgerad.de\/laden\/\"},{\"@type\":\"ListItem\",\"position\":3,\"name\":\"Radon Swoop 10.0\"}]},{\"@type\":\"WebSite\",\"@id\":\"https:\/\/kgerad.de\/#website\",\"url\":\"https:\/\/kgerad.de\/\",\"name\":\"kgerad.de\",\"description\":\"Treten Sie mit uns ins Abenteuer!\",\"publisher\":{\"@id\":\"https:\/\/kgerad.de\/#organization\"},\"alternateName\":\"MEIN RADLADEN\",\"potentialAction\":[{\"@type\":\"SearchAction\",\"target\":{\"@type\":\"EntryPoint\",\"urlTemplate\":\"https:\/\/kgerad.de\/?s={search_term_string}\"},\"query-input\":{\"@type\":\"PropertyValueSpecification\",\"valueRequired\":true,\"valueName\":\"search_term_string\"}}],\"inLanguage\":\"en-US\"},{\"@type\":\"Organization\",\"@id\":\"https:\/\/kgerad.de\/#organization\",\"name\":\"MEINRADLADEN\",\"alternateName\":\"MEIN RADLADEN\",\"url\":\"https:\/\/kgerad.de\/\",\"logo\":{\"@type\":\"ImageObject\",\"inLanguage\":\"en-US\",\"@id\":\"https:\/\/kgerad.de\/#\/schema\/logo\/image\/\",\"url\":\"https:\/\/kgerad.de\/wp-content\/uploads\/2025\/07\/logo-Whit.svg\",\"contentUrl\":\"https:\/\/kgerad.de\/wp-content\/uploads\/2025\/07\/logo-Whit.svg\",\"width\":1640,\"height\":371,\"caption\":\"MEINRADLADEN\"},\"image\":{\"@id\":\"https:\/\/kgerad.de\/#\/schema\/logo\/image\/\"}}]}<\/script>\n<!-- \/ Yoast SEO Premium plugin. -->","yoast_head_json":{"title":"Radon Swoop 10.0","description":"kgerad.de bietet Ihnen das Radon Swoop 10.0 zum besten Preis mit kostenlosem Versand in ganz EuropaRadon Swoop 10.0Radon Swoop 10.0","robots":{"index":"index","follow":"follow","max-snippet":"max-snippet:-1","max-image-preview":"max-image-preview:large","max-video-preview":"max-video-preview:-1"},"canonical":"https:\/\/kgerad.de\/en\/product\/radon-swoop-10-0\/","og_locale":"en_US","og_type":"article","og_title":"Radon Swoop 10.0","og_description":"Entdecken Sie unseren Online-Fahrradladen: Gro\u00dfe Auswahl an Modellen f\u00fcr alle Radsportbegeisterten. Von Rennr\u00e4dern bis zu Mountainbikes - finden Sie heute Ihren perfekten Wegbegleiter!","og_url":"https:\/\/kgerad.de\/en\/product\/radon-swoop-10-0\/","og_site_name":"kgerad.de","article_modified_time":"2023-08-18T13:29:59+00:00","og_image":[{"width":800,"height":441,"url":"https:\/\/kgerad.de\/wp-content\/uploads\/2023\/06\/Radon-Swoop-10.0.jpg","type":"image\/jpeg"}],"twitter_card":"summary_large_image","twitter_misc":{"Est. reading time":"4 minutes"},"schema":{"@context":"https:\/\/schema.org","@graph":[{"@type":"WebPage","@id":"https:\/\/kgerad.de\/produkt\/radon-swoop-10-0\/","url":"https:\/\/kgerad.de\/produkt\/radon-swoop-10-0\/","name":"Radon Swoop 10.0","isPartOf":{"@id":"https:\/\/kgerad.de\/#website"},"primaryImageOfPage":{"@id":"https:\/\/kgerad.de\/produkt\/radon-swoop-10-0\/#primaryimage"},"image":{"@id":"https:\/\/kgerad.de\/produkt\/radon-swoop-10-0\/#primaryimage"},"thumbnailUrl":"https:\/\/kgerad.de\/wp-content\/uploads\/2023\/06\/Radon-Swoop-10.0.jpg","datePublished":"2022-11-24T15:15:52+00:00","dateModified":"2023-08-18T13:29:59+00:00","description":"kgerad.de bietet Ihnen das Radon Swoop 10.0 zum besten Preis mit kostenlosem Versand in ganz EuropaRadon Swoop 10.0Radon Swoop 10.0","breadcrumb":{"@id":"https:\/\/kgerad.de\/produkt\/radon-swoop-10-0\/#breadcrumb"},"inLanguage":"en-US","potentialAction":[{"@type":"ReadAction","target":["https:\/\/kgerad.de\/produkt\/radon-swoop-10-0\/"]}]},{"@type":"ImageObject","inLanguage":"en-US","@id":"https:\/\/kgerad.de\/produkt\/radon-swoop-10-0\/#primaryimage","url":"https:\/\/kgerad.de\/wp-content\/uploads\/2023\/06\/Radon-Swoop-10.0.jpg","contentUrl":"https:\/\/kgerad.de\/wp-content\/uploads\/2023\/06\/Radon-Swoop-10.0.jpg","width":800,"height":441,"caption":"Radon Swoop 10.0"},{"@type":"BreadcrumbList","@id":"https:\/\/kgerad.de\/produkt\/radon-swoop-10-0\/#breadcrumb","itemListElement":[{"@type":"ListItem","position":1,"name":"Startseite","item":"https:\/\/kgerad.de\/"},{"@type":"ListItem","position":2,"name":"LADEN","item":"https:\/\/kgerad.de\/laden\/"},{"@type":"ListItem","position":3,"name":"Radon Swoop 10.0"}]},{"@type":"WebSite","@id":"https:\/\/kgerad.de\/#website","url":"https:\/\/kgerad.de\/","name":"kgerad.de","description":"Treten Sie mit uns ins Abenteuer!","publisher":{"@id":"https:\/\/kgerad.de\/#organization"},"alternateName":"MEIN RADLADEN","potentialAction":[{"@type":"SearchAction","target":{"@type":"EntryPoint","urlTemplate":"https:\/\/kgerad.de\/?s={search_term_string}"},"query-input":{"@type":"PropertyValueSpecification","valueRequired":true,"valueName":"search_term_string"}}],"inLanguage":"en-US"},{"@type":"Organization","@id":"https:\/\/kgerad.de\/#organization","name":"MEINRADLADEN","alternateName":"MEIN RADLADEN","url":"https:\/\/kgerad.de\/","logo":{"@type":"ImageObject","inLanguage":"en-US","@id":"https:\/\/kgerad.de\/#\/schema\/logo\/image\/","url":"https:\/\/kgerad.de\/wp-content\/uploads\/2025\/07\/logo-Whit.svg","contentUrl":"https:\/\/kgerad.de\/wp-content\/uploads\/2025\/07\/logo-Whit.svg","width":1640,"height":371,"caption":"MEINRADLADEN"},"image":{"@id":"https:\/\/kgerad.de\/#\/schema\/logo\/image\/"}}]}},"_links":{"self":[{"href":"https:\/\/kgerad.de\/en\/wp-json\/wp\/v2\/product\/43993","targetHints":{"allow":["GET"]}}],"collection":[{"href":"https:\/\/kgerad.de\/en\/wp-json\/wp\/v2\/product"}],"about":[{"href":"https:\/\/kgerad.de\/en\/wp-json\/wp\/v2\/types\/product"}],"replies":[{"embeddable":true,"href":"https:\/\/kgerad.de\/en\/wp-json\/wp\/v2\/comments?post=43993"}],"version-history":[{"count":1,"href":"https:\/\/kgerad.de\/en\/wp-json\/wp\/v2\/product\/43993\/revisions"}],"predecessor-version":[{"id":79118,"href":"https:\/\/kgerad.de\/en\/wp-json\/wp\/v2\/product\/43993\/revisions\/79118"}],"wp:featuredmedia":[{"embeddable":true,"href":"https:\/\/kgerad.de\/en\/wp-json\/wp\/v2\/media\/63104"}],"wp:attachment":[{"href":"https:\/\/kgerad.de\/en\/wp-json\/wp\/v2\/media?parent=43993"}],"wp:term":[{"taxonomy":"product_brand","embeddable":true,"href":"https:\/\/kgerad.de\/en\/wp-json\/wp\/v2\/product_brand?post=43993"},{"taxonomy":"product_cat","embeddable":true,"href":"https:\/\/kgerad.de\/en\/wp-json\/wp\/v2\/product_cat?post=43993"},{"taxonomy":"product_tag","embeddable":true,"href":"https:\/\/kgerad.de\/en\/wp-json\/wp\/v2\/product_tag?post=43993"}],"curies":[{"name":"wp","href":"https:\/\/api.w.org\/{rel}","templated":true}]}}