{"id":43984,"date":"2022-11-24T16:45:23","date_gmt":"2022-11-24T15:45:23","guid":{"rendered":"https:\/\/kgerad.de\/?post_type=product&#038;p=43984"},"modified":"2023-08-11T08:15:38","modified_gmt":"2023-08-11T06:15:38","slug":"dt-swiss-hxc-1501-spline-29-30mm-cl-boost-laufradsatz","status":"publish","type":"product","link":"https:\/\/kgerad.de\/en\/product\/dt-swiss-hxc-1501-spline-29-30mm-cl-boost-laufradsatz\/","title":{"rendered":"DT Swiss HXC 1501 Spline\u00ae 29&#8243; 30mm CL Boost Laufradsatz"},"content":{"rendered":"<h2 class=\"product--title\"><strong>DT Swiss<\/strong>\u00a0HXC 1501 Spline\u00ae 29&#8243; 30mm CL Boost Laufradsatz<\/h2>\n<p>Entwickelt DT Swiss HXC f\u00fcr Fahrer, die nach der ultimativen Leistung eines eMTB- Laufradsatzes suchen. Neu mit Carbon-Felge ausgestattet, ist das HXC 1501 SPLINE ONE das Top- Hybrid-Laufrad im DT Swiss Sortiment. Die Carbon-Felge ist mit einem neu gestalteten Nabengeh\u00e4use kombiniert, das einen besseren Widerstand gegen Antriebs- und Bremsmomente bietet, die bei modernen eMTBs h\u00f6her sind.<\/p>\n<p>Mit dem neuen Ratchet EXP OS-System mit 30 Z\u00e4hnen wird das von Motor und Fahrer generierte Drehmoment direkt von den Pedalen an den Untergrund \u00fcbertragen. Diese \u00dcbertragung wird durch verst\u00e4rkte Speichen erm\u00f6glicht, sodass noch gr\u00f6ssere Beschleunigungen als beim fr\u00fcheren Hybrid- Produktsortiment generiert werden k\u00f6nnen. Jedes Bauteil wurde sorgf\u00e4ltig entwickelt, produziert und getestet, um eine stressfreie Fahrt sowie Spass zu garantieren, unabh\u00e4ngig vom Niveau des Fahrers.<\/p>\n<hr \/>\n<h3>Produkteigenschaften &#8211; DT Swiss HXC 1501 Spline<sup>\u00ae<\/sup>\u00a030<\/h3>\n<ul>\n<li><b>Einsatzbereich:<\/b>\u00a0E-MTB \/ All Mountain<\/li>\n<li><b>Modell:<\/b>\u00a0HXC 1501 Spline<sup>\u00ae<\/sup><\/li>\n<li><b>Laufradgr\u00f6\u00dfe:<\/b>\u00a029&#8243;<\/li>\n<li><b>Laufraddurchmesser:<\/b>\u00a0622 mm<\/li>\n<li><b>Felgentyp:<\/b>\u00a0Clincher (Falt-\/Drahtreifen)<\/li>\n<li><b>Tubeless Ready:<\/b>\u00a0\u2714<\/li>\n<li><b>Maulweite:<\/b>\u00a030 mm<\/li>\n<li><b>\u00c4u\u00dfere Breite:<\/b>\u00a036 mm<\/li>\n<li><strong>Felgenh\u00f6he:<\/strong>\u00a025 mm<\/li>\n<li><b>Achssystem:<\/b>\n<ul>\n<li><strong>Vorderrad:<\/strong>\u00a0Boost 15 x 110 mm (Thru Axle)<\/li>\n<li><strong>Hinterrad:<\/strong>\u00a0Boost 12 x 148 mm (Thru Axle)<\/li>\n<\/ul>\n<\/li>\n<li><b>Nabentyp:<\/b>\u00a0240 Straightpull<\/li>\n<li><strong>Freilaufk\u00f6rper:<\/strong>\u00a0Ratchet EXP OS 30<\/li>\n<li><b>Felge:<\/b>\u00a0Carbon, hookles<\/li>\n<li><b>Speichen:<\/b>\u00a0DT hybrid 2<\/li>\n<li><b>Nippel:<\/b>\u00a0DT ProLock Squorx ProHead<\/li>\n<li><b>Lochzahl\/Speichen:<\/b>\u00a028<\/li>\n<li><b>Einspeichung<\/b>: 3-cross (1:1)<\/li>\n<li><b>Ventilloch:<\/b>\u00a0Presta \/ SV \u00d8 6.5 mm<\/li>\n<li><b>Bremsscheibenaufnahme:<\/b>\u00a0Center Lock<\/li>\n<li><b>Maximalgewicht:<\/b>\u00a0140 kg (K\u00f6rpergewicht + Fahrrad + Ausr\u00fcstung)<\/li>\n<li><b>ASTM Klassifizierung:<\/b>\u00a04<\/li>\n<\/ul>\n<h3>Freilauf (Variante w\u00e4hlen)<\/h3>\n<ul>\n<li>Shimano Micro Spline<\/li>\n<li>Shimano<\/li>\n<li>Sram XD<\/li>\n<\/ul>\n<h3>Material<\/h3>\n<ul>\n<li><b>Felge:<\/b>\u00a0Carbon<\/li>\n<li><b>Nabenk\u00f6rper:<\/b>\u00a0Aluminium<\/li>\n<li><b>Speichen:<\/b>\u00a0Edelstahl<\/li>\n<li><b>Nippel:<\/b>\u00a0Aluminium<\/li>\n<li><b>Freilauf:<\/b>\u00a0Aluminium<\/li>\n<\/ul>\n<h3>Farbe<\/h3>\n<ul>\n<li>schwarz<\/li>\n<\/ul>\n<h3>Gewicht (Herstellerangabe)<\/h3>\n<ul>\n<li><strong>Shimano Micro Spline<\/strong>\u00a0&#8211; 1894 g<\/li>\n<li><strong>Shimano<\/strong>\u00a0&#8211; 1911 g<\/li>\n<li><strong>Sram XD<\/strong>\u00a0&#8211; 1880 g<\/li>\n<\/ul>\n<hr \/>\n<h3>Lieferumfang<\/h3>\n<ul>\n<li>DT Swiss HXC 1501 Spline 29&#8243; 30 mm CL Boost Laufradsatz<\/li>\n<li>2 x Tubeless Tapes 32 mm<\/li>\n<li>2 x Tubelessventiel<\/li>\n<\/ul>\n<hr \/>\n<h3>Technologien<\/h3>\n<p><strong>NEU KONZIPIERTER NABENK\u00d6RPER<\/strong><br \/>\nAufgrund der Batterie und des Motors wiegen eMTBs gew\u00f6hnlich mehr als herk\u00f6mmliche MTBs derselben Kategorie. eMTBs werden nicht weniger hart gefahren \u2013 tats\u00e4chlich ist h\u00e4ufig das Gegenteil der Fall, da Touren l\u00e4nger sind und die Belastung der Komponenten zunimmt. Ausserdem ist das \u00fcbertragene Drehmoment des Motors h\u00f6her als bei herk\u00f6mmlichen MTBs. Der Nabenk\u00f6rper wurde f\u00fcr die neue Hybrid-Generation unter Ber\u00fccksichtigung dieser Punkte vollst\u00e4ndig neu konzipiert.<\/p>\n<hr \/>\n<h3>DT Swiss Support f\u00fcr Umr\u00fcstung<\/h3>\n<p>Auf der Support-Seite findest du eine \u00dcbersicht, um deine bestehende Nabe mit dem richtigen Umr\u00fcst-Kit in ein neues Achsma\u00df oder f\u00fcr eine neue Schaltgruppe umzubauen.<\/p>","protected":false},"excerpt":{"rendered":"<p>DT Swiss\u00a0HXC 1501 Spline\u00ae 29&#8243; 30mm CL Boost Laufradsatz Entwickelt DT Swiss HXC f\u00fcr Fahrer, die nach der ultimativen Leistung<\/p>","protected":false},"featured_media":63099,"comment_status":"open","ping_status":"closed","template":"","meta":[],"product_brand":[],"product_cat":[424,423],"product_tag":[],"class_list":{"0":"post-43984","1":"product","2":"type-product","3":"status-publish","4":"has-post-thumbnail","6":"product_cat-mtb-teile","7":"product_cat-teile","8":"pa_marke-dt-swiss","10":"first","11":"instock","12":"sale","13":"taxable","14":"shipping-taxable","15":"purchasable","16":"product-type-variable"},"yoast_head":"<!-- This site is optimized with the Yoast SEO Premium plugin v20.12 (Yoast SEO v27.1.1) - https:\/\/yoast.com\/product\/yoast-seo-premium-wordpress\/ -->\n<title>DT Swiss HXC 1501 Spline\u00ae 29&quot; 30mm CL Boost Laufradsatz<\/title>\n<meta name=\"description\" content=\"Entdecken Sie unseren Online-Fahrradladen: Gro\u00dfe Auswahl an Modellen f\u00fcr alle Radsportbegeisterten. Von Rennr\u00e4dern bis zu Mountainbikes - finden Sie heute Ihren perfekten Wegbegleiter!\" \/>\n<meta name=\"robots\" content=\"index, follow, max-snippet:-1, max-image-preview:large, max-video-preview:-1\" \/>\n<link rel=\"canonical\" href=\"https:\/\/kgerad.de\/en\/product\/dt-swiss-hxc-1501-spline-29-30mm-cl-boost-laufradsatz\/\" \/>\n<meta property=\"og:locale\" content=\"en_US\" \/>\n<meta property=\"og:type\" content=\"article\" \/>\n<meta property=\"og:title\" content=\"DT Swiss HXC 1501 Spline\u00ae 29&quot; 30mm CL Boost Laufradsatz\" \/>\n<meta property=\"og:description\" content=\"Entdecken Sie unseren Online-Fahrradladen: Gro\u00dfe Auswahl an Modellen f\u00fcr alle Radsportbegeisterten. Von Rennr\u00e4dern bis zu Mountainbikes - finden Sie heute Ihren perfekten Wegbegleiter!\" \/>\n<meta property=\"og:url\" content=\"https:\/\/kgerad.de\/en\/product\/dt-swiss-hxc-1501-spline-29-30mm-cl-boost-laufradsatz\/\" \/>\n<meta property=\"og:site_name\" content=\"kgerad.de\" \/>\n<meta property=\"article:modified_time\" content=\"2023-08-11T06:15:38+00:00\" \/>\n<meta property=\"og:image\" content=\"https:\/\/kgerad.de\/wp-content\/uploads\/2023\/06\/DT-Swiss-HXC-1501-Spline-R-30aOMSob7dlJGZQ_800x800-0.jpg\" \/>\n\t<meta property=\"og:image:width\" content=\"800\" \/>\n\t<meta property=\"og:image:height\" content=\"533\" \/>\n\t<meta property=\"og:image:type\" content=\"image\/jpeg\" \/>\n<meta name=\"twitter:card\" content=\"summary_large_image\" \/>\n<meta name=\"twitter:label1\" content=\"Est. reading time\" \/>\n\t<meta name=\"twitter:data1\" content=\"3 minutes\" \/>\n<script type=\"application\/ld+json\" class=\"yoast-schema-graph\">{\"@context\":\"https:\/\/schema.org\",\"@graph\":[{\"@type\":\"WebPage\",\"@id\":\"https:\/\/kgerad.de\/produkt\/dt-swiss-hxc-1501-spline-29-30mm-cl-boost-laufradsatz\/\",\"url\":\"https:\/\/kgerad.de\/produkt\/dt-swiss-hxc-1501-spline-29-30mm-cl-boost-laufradsatz\/\",\"name\":\"DT Swiss HXC 1501 Spline\u00ae 29\\\" 30mm CL Boost Laufradsatz\",\"isPartOf\":{\"@id\":\"https:\/\/kgerad.de\/#website\"},\"primaryImageOfPage\":{\"@id\":\"https:\/\/kgerad.de\/produkt\/dt-swiss-hxc-1501-spline-29-30mm-cl-boost-laufradsatz\/#primaryimage\"},\"image\":{\"@id\":\"https:\/\/kgerad.de\/produkt\/dt-swiss-hxc-1501-spline-29-30mm-cl-boost-laufradsatz\/#primaryimage\"},\"thumbnailUrl\":\"https:\/\/kgerad.de\/wp-content\/uploads\/2023\/06\/DT-Swiss-HXC-1501-Spline-R-30aOMSob7dlJGZQ_800x800-0.jpg\",\"datePublished\":\"2022-11-24T15:45:23+00:00\",\"dateModified\":\"2023-08-11T06:15:38+00:00\",\"description\":\"Entdecken Sie unseren Online-Fahrradladen: Gro\u00dfe Auswahl an Modellen f\u00fcr alle Radsportbegeisterten. Von Rennr\u00e4dern bis zu Mountainbikes - finden Sie heute Ihren perfekten Wegbegleiter!\",\"breadcrumb\":{\"@id\":\"https:\/\/kgerad.de\/produkt\/dt-swiss-hxc-1501-spline-29-30mm-cl-boost-laufradsatz\/#breadcrumb\"},\"inLanguage\":\"en-US\",\"potentialAction\":[{\"@type\":\"ReadAction\",\"target\":[\"https:\/\/kgerad.de\/produkt\/dt-swiss-hxc-1501-spline-29-30mm-cl-boost-laufradsatz\/\"]}]},{\"@type\":\"ImageObject\",\"inLanguage\":\"en-US\",\"@id\":\"https:\/\/kgerad.de\/produkt\/dt-swiss-hxc-1501-spline-29-30mm-cl-boost-laufradsatz\/#primaryimage\",\"url\":\"https:\/\/kgerad.de\/wp-content\/uploads\/2023\/06\/DT-Swiss-HXC-1501-Spline-R-30aOMSob7dlJGZQ_800x800-0.jpg\",\"contentUrl\":\"https:\/\/kgerad.de\/wp-content\/uploads\/2023\/06\/DT-Swiss-HXC-1501-Spline-R-30aOMSob7dlJGZQ_800x800-0.jpg\",\"width\":800,\"height\":533,\"caption\":\"DT Swiss HXC 1501 Spline\u00ae 29 30mm CL Boost Laufradsatz\"},{\"@type\":\"BreadcrumbList\",\"@id\":\"https:\/\/kgerad.de\/produkt\/dt-swiss-hxc-1501-spline-29-30mm-cl-boost-laufradsatz\/#breadcrumb\",\"itemListElement\":[{\"@type\":\"ListItem\",\"position\":1,\"name\":\"Startseite\",\"item\":\"https:\/\/kgerad.de\/\"},{\"@type\":\"ListItem\",\"position\":2,\"name\":\"LADEN\",\"item\":\"https:\/\/kgerad.de\/laden\/\"},{\"@type\":\"ListItem\",\"position\":3,\"name\":\"DT Swiss HXC 1501 Spline\u00ae 29&#8243; 30mm CL Boost Laufradsatz\"}]},{\"@type\":\"WebSite\",\"@id\":\"https:\/\/kgerad.de\/#website\",\"url\":\"https:\/\/kgerad.de\/\",\"name\":\"kgerad.de\",\"description\":\"Treten Sie mit uns ins Abenteuer!\",\"publisher\":{\"@id\":\"https:\/\/kgerad.de\/#organization\"},\"alternateName\":\"MEIN RADLADEN\",\"potentialAction\":[{\"@type\":\"SearchAction\",\"target\":{\"@type\":\"EntryPoint\",\"urlTemplate\":\"https:\/\/kgerad.de\/?s={search_term_string}\"},\"query-input\":{\"@type\":\"PropertyValueSpecification\",\"valueRequired\":true,\"valueName\":\"search_term_string\"}}],\"inLanguage\":\"en-US\"},{\"@type\":\"Organization\",\"@id\":\"https:\/\/kgerad.de\/#organization\",\"name\":\"MEINRADLADEN\",\"alternateName\":\"MEIN RADLADEN\",\"url\":\"https:\/\/kgerad.de\/\",\"logo\":{\"@type\":\"ImageObject\",\"inLanguage\":\"en-US\",\"@id\":\"https:\/\/kgerad.de\/#\/schema\/logo\/image\/\",\"url\":\"https:\/\/kgerad.de\/wp-content\/uploads\/2025\/07\/logo-Whit.svg\",\"contentUrl\":\"https:\/\/kgerad.de\/wp-content\/uploads\/2025\/07\/logo-Whit.svg\",\"width\":1640,\"height\":371,\"caption\":\"MEINRADLADEN\"},\"image\":{\"@id\":\"https:\/\/kgerad.de\/#\/schema\/logo\/image\/\"}}]}<\/script>\n<!-- \/ Yoast SEO Premium plugin. -->","yoast_head_json":{"title":"DT Swiss HXC 1501 Spline\u00ae 29\" 30mm CL Boost Laufradsatz","description":"Entdecken Sie unseren Online-Fahrradladen: Gro\u00dfe Auswahl an Modellen f\u00fcr alle Radsportbegeisterten. Von Rennr\u00e4dern bis zu Mountainbikes - finden Sie heute Ihren perfekten Wegbegleiter!","robots":{"index":"index","follow":"follow","max-snippet":"max-snippet:-1","max-image-preview":"max-image-preview:large","max-video-preview":"max-video-preview:-1"},"canonical":"https:\/\/kgerad.de\/en\/product\/dt-swiss-hxc-1501-spline-29-30mm-cl-boost-laufradsatz\/","og_locale":"en_US","og_type":"article","og_title":"DT Swiss HXC 1501 Spline\u00ae 29\" 30mm CL Boost Laufradsatz","og_description":"Entdecken Sie unseren Online-Fahrradladen: Gro\u00dfe Auswahl an Modellen f\u00fcr alle Radsportbegeisterten. Von Rennr\u00e4dern bis zu Mountainbikes - finden Sie heute Ihren perfekten Wegbegleiter!","og_url":"https:\/\/kgerad.de\/en\/product\/dt-swiss-hxc-1501-spline-29-30mm-cl-boost-laufradsatz\/","og_site_name":"kgerad.de","article_modified_time":"2023-08-11T06:15:38+00:00","og_image":[{"width":800,"height":533,"url":"https:\/\/kgerad.de\/wp-content\/uploads\/2023\/06\/DT-Swiss-HXC-1501-Spline-R-30aOMSob7dlJGZQ_800x800-0.jpg","type":"image\/jpeg"}],"twitter_card":"summary_large_image","twitter_misc":{"Est. reading time":"3 minutes"},"schema":{"@context":"https:\/\/schema.org","@graph":[{"@type":"WebPage","@id":"https:\/\/kgerad.de\/produkt\/dt-swiss-hxc-1501-spline-29-30mm-cl-boost-laufradsatz\/","url":"https:\/\/kgerad.de\/produkt\/dt-swiss-hxc-1501-spline-29-30mm-cl-boost-laufradsatz\/","name":"DT Swiss HXC 1501 Spline\u00ae 29\" 30mm CL Boost Laufradsatz","isPartOf":{"@id":"https:\/\/kgerad.de\/#website"},"primaryImageOfPage":{"@id":"https:\/\/kgerad.de\/produkt\/dt-swiss-hxc-1501-spline-29-30mm-cl-boost-laufradsatz\/#primaryimage"},"image":{"@id":"https:\/\/kgerad.de\/produkt\/dt-swiss-hxc-1501-spline-29-30mm-cl-boost-laufradsatz\/#primaryimage"},"thumbnailUrl":"https:\/\/kgerad.de\/wp-content\/uploads\/2023\/06\/DT-Swiss-HXC-1501-Spline-R-30aOMSob7dlJGZQ_800x800-0.jpg","datePublished":"2022-11-24T15:45:23+00:00","dateModified":"2023-08-11T06:15:38+00:00","description":"Entdecken Sie unseren Online-Fahrradladen: Gro\u00dfe Auswahl an Modellen f\u00fcr alle Radsportbegeisterten. Von Rennr\u00e4dern bis zu Mountainbikes - finden Sie heute Ihren perfekten Wegbegleiter!","breadcrumb":{"@id":"https:\/\/kgerad.de\/produkt\/dt-swiss-hxc-1501-spline-29-30mm-cl-boost-laufradsatz\/#breadcrumb"},"inLanguage":"en-US","potentialAction":[{"@type":"ReadAction","target":["https:\/\/kgerad.de\/produkt\/dt-swiss-hxc-1501-spline-29-30mm-cl-boost-laufradsatz\/"]}]},{"@type":"ImageObject","inLanguage":"en-US","@id":"https:\/\/kgerad.de\/produkt\/dt-swiss-hxc-1501-spline-29-30mm-cl-boost-laufradsatz\/#primaryimage","url":"https:\/\/kgerad.de\/wp-content\/uploads\/2023\/06\/DT-Swiss-HXC-1501-Spline-R-30aOMSob7dlJGZQ_800x800-0.jpg","contentUrl":"https:\/\/kgerad.de\/wp-content\/uploads\/2023\/06\/DT-Swiss-HXC-1501-Spline-R-30aOMSob7dlJGZQ_800x800-0.jpg","width":800,"height":533,"caption":"DT Swiss HXC 1501 Spline\u00ae 29 30mm CL Boost Laufradsatz"},{"@type":"BreadcrumbList","@id":"https:\/\/kgerad.de\/produkt\/dt-swiss-hxc-1501-spline-29-30mm-cl-boost-laufradsatz\/#breadcrumb","itemListElement":[{"@type":"ListItem","position":1,"name":"Startseite","item":"https:\/\/kgerad.de\/"},{"@type":"ListItem","position":2,"name":"LADEN","item":"https:\/\/kgerad.de\/laden\/"},{"@type":"ListItem","position":3,"name":"DT Swiss HXC 1501 Spline\u00ae 29&#8243; 30mm CL Boost Laufradsatz"}]},{"@type":"WebSite","@id":"https:\/\/kgerad.de\/#website","url":"https:\/\/kgerad.de\/","name":"kgerad.de","description":"Treten Sie mit uns ins Abenteuer!","publisher":{"@id":"https:\/\/kgerad.de\/#organization"},"alternateName":"MEIN RADLADEN","potentialAction":[{"@type":"SearchAction","target":{"@type":"EntryPoint","urlTemplate":"https:\/\/kgerad.de\/?s={search_term_string}"},"query-input":{"@type":"PropertyValueSpecification","valueRequired":true,"valueName":"search_term_string"}}],"inLanguage":"en-US"},{"@type":"Organization","@id":"https:\/\/kgerad.de\/#organization","name":"MEINRADLADEN","alternateName":"MEIN RADLADEN","url":"https:\/\/kgerad.de\/","logo":{"@type":"ImageObject","inLanguage":"en-US","@id":"https:\/\/kgerad.de\/#\/schema\/logo\/image\/","url":"https:\/\/kgerad.de\/wp-content\/uploads\/2025\/07\/logo-Whit.svg","contentUrl":"https:\/\/kgerad.de\/wp-content\/uploads\/2025\/07\/logo-Whit.svg","width":1640,"height":371,"caption":"MEINRADLADEN"},"image":{"@id":"https:\/\/kgerad.de\/#\/schema\/logo\/image\/"}}]}},"_links":{"self":[{"href":"https:\/\/kgerad.de\/en\/wp-json\/wp\/v2\/product\/43984","targetHints":{"allow":["GET"]}}],"collection":[{"href":"https:\/\/kgerad.de\/en\/wp-json\/wp\/v2\/product"}],"about":[{"href":"https:\/\/kgerad.de\/en\/wp-json\/wp\/v2\/types\/product"}],"replies":[{"embeddable":true,"href":"https:\/\/kgerad.de\/en\/wp-json\/wp\/v2\/comments?post=43984"}],"version-history":[{"count":1,"href":"https:\/\/kgerad.de\/en\/wp-json\/wp\/v2\/product\/43984\/revisions"}],"predecessor-version":[{"id":79117,"href":"https:\/\/kgerad.de\/en\/wp-json\/wp\/v2\/product\/43984\/revisions\/79117"}],"wp:featuredmedia":[{"embeddable":true,"href":"https:\/\/kgerad.de\/en\/wp-json\/wp\/v2\/media\/63099"}],"wp:attachment":[{"href":"https:\/\/kgerad.de\/en\/wp-json\/wp\/v2\/media?parent=43984"}],"wp:term":[{"taxonomy":"product_brand","embeddable":true,"href":"https:\/\/kgerad.de\/en\/wp-json\/wp\/v2\/product_brand?post=43984"},{"taxonomy":"product_cat","embeddable":true,"href":"https:\/\/kgerad.de\/en\/wp-json\/wp\/v2\/product_cat?post=43984"},{"taxonomy":"product_tag","embeddable":true,"href":"https:\/\/kgerad.de\/en\/wp-json\/wp\/v2\/product_tag?post=43984"}],"curies":[{"name":"wp","href":"https:\/\/api.w.org\/{rel}","templated":true}]}}