{"id":43924,"date":"2022-11-24T16:06:42","date_gmt":"2022-11-24T15:06:42","guid":{"rendered":"https:\/\/kgerad.de\/?post_type=product&#038;p=43924"},"modified":"2023-08-11T08:17:08","modified_gmt":"2023-08-11T06:17:08","slug":"fox-racing-dhx2-factory-2pos-adj-daempfer","status":"publish","type":"product","link":"https:\/\/kgerad.de\/en\/product\/fox-racing-dhx2-factory-2pos-adj-daempfer\/","title":{"rendered":"Fox Racing DHX2 Factory 2Pos-Adj D\u00e4mpfer"},"content":{"rendered":"<h2 class=\"product--title\"><strong>Fox Racing<\/strong>\u00a0DHX2 Factory 2Pos-Adj D\u00e4mpfer<\/h2>\n<div class=\"product--description\">\n<p>Ausgestattet Fox Racing DHX2 mit einem von Grund auf neu designten Chassis, einer neuen D\u00e4mpfungslogik und einem progressivem MCU-Bottom-Out-Bumper definiert der DHX2 Factory 2Pos-Adj D\u00e4mpfer von Fox Racing die M\u00f6glichkeiten und den Einsatzbereich eines Stahlfederd\u00e4mpfers komplett aufs Neue.<\/p>\n<h2>Bereit f\u00fcr das Rennen: DHX2 Factory 2Pos-Adj D\u00e4mpfer von Fox Racing<\/h2>\n<p>Nichts klebt so sehr am Boden wie ein Spiralfederbein. Der DHX2 nimmt dieses Gef\u00fchl und untermauert es mit einer ausgekl\u00fcgelten progressiven D\u00e4mpfung, einem riesigen Gesamtabstimmungsbereich und extrem reibungsarmen Innenteilen, um das volle Rennspezial-Zauberteppich-Erlebnis zu nutzen. Factory&#8220; sagt alles &#8211; vollgepackt mit Funktionen und entwickelt, um die Anforderungen der Factory-Level-Fahrer zu \u00fcbertreffen.<\/p>\n<hr \/>\n<h3>Features &#8211; Fox Racing DHX2 Factory 2pos Adj D\u00e4mpfer<\/h3>\n<ul>\n<li>Modell &#8211; 2022 Factory Series DHX2 2Pos-Adj<\/li>\n<li>Indexierter Federvorspannteller verhindert das L\u00f6sen bei minimaler Federvorspannung<\/li>\n<li>Hauptkolben mit erh\u00f6htem \u00d6ldurchfluss<\/li>\n<li>MCU-Bumper f\u00fcr eine verbesserte Endprogression<\/li>\n<li>High-Speed-Druckstufe und High-Speed-Zugstufe mit je 8 Klicks, nun bei allen GRIP2 Gabeln und X2 D\u00e4mpfern identische Klick-Zahl<\/li>\n<li>Reduzierte Reibung<\/li>\n<li>High-Speed-Zugstufe nun mit VVC (Variable Valve Control)<\/li>\n<li>Lineare D\u00e4mpfungscharakteristik f\u00fcr bessere Feinabstimmung und mehr Kontrolle bei schnell aufeinander folgenden Schl\u00e4gen<\/li>\n<li>Ein \u00e4u\u00dferer D\u00e4mpfungszylinder aus Stahl in Kombination mit Stegen im Inneren des D\u00e4mpfers verst\u00e4rken die Struktur zus\u00e4tzlich und sorgen so f\u00fcr bessere Kontrolle des \u00d6lflusses<\/li>\n<li>Extrem reibungsarme und haltbare Oberfl\u00e4chen<\/li>\n<li>Separater \u00d6lkreislauf f\u00fcr den \u201eFirm\u201c Modus \u2013 H\u00f6here Pedalplattform im Vergleich zum Vorg\u00e4ngermodell<\/li>\n<li>K\u00fcrzerer Ausgleichsbeh\u00e4lter f\u00fcr h\u00f6here Rahmenkompatibilit\u00e4t<\/li>\n<\/ul>\n<h3>Produkteigenschaften<\/h3>\n<ul>\n<li><strong>Einsatzbereich:<\/strong>\u00a0MTB \/ Downhill<\/li>\n<li><strong>Version:<\/strong>\u00a0Factory<\/li>\n<li><strong>Federung:<\/strong>\u00a0Stahlfeder\u00a0<em>(Nicht im Lieferumfang enthalten!)<\/em><\/li>\n<li><strong>Aufnahme:<\/strong>\u00a0Standard<\/li>\n<li><strong>Einstellungen:<\/strong>\n<ul>\n<li>2-stufiger X2-Hebel f\u00fcr offenen\/harten Modus (beh\u00e4lt die High- und Lowspeed-Druckstufeneinstellung bei)<\/li>\n<li>Low-Speed-Druckstufe 16 klicks<\/li>\n<li>High-Speed-Druckstufe 8 klicks<\/li>\n<li>Low-Speed-Zugstufe 16 klicks<\/li>\n<li>High-Speed-Zugstufe 8 klicks (w\/VVC)<\/li>\n<li>Schraubenfeder-Vorspannung<\/li>\n<\/ul>\n<\/li>\n<\/ul>\n<h3>Einbaul\u00e4nge x Hub (Variante w\u00e4hlen)<\/h3>\n<ul>\n<li>210-50<\/li>\n<li>210-55<\/li>\n<li>230-57,5<\/li>\n<li>230-60<\/li>\n<li>230-65<\/li>\n<\/ul>\n<h3>Farbe<\/h3>\n<ul>\n<li>kashima coated<\/li>\n<\/ul>\n<hr \/>\n<h3>Lieferumfang<\/h3>\n<ul>\n<li>1 x Fox Racing DHX2 Factory 2Pos-Adj D\u00e4mpfer<\/li>\n<\/ul>\n<p><em>D\u00e4mpferbuchsen\u00a0und\u00a0Stahlfeder sind\u00a0<\/em><em>nicht im Lieferumfang enthalten!<\/em><\/p>\n<hr \/>\n<h3>Technologien<\/h3>\n<p><strong>RVS &#8211; Rod Valve System<\/strong><br \/>\nDas Rod Valve System (RVS) sorgt f\u00fcr einen nahtlosen D\u00e4mpfungs\u00fcbergang beim Absorbieren von kleinen bis gr\u00f6\u00dferen St\u00f6\u00dfen. Die Ergebnisse sind ein schnelleres Ansprechen des Systems, mehr Kontrolle und h\u00f6herer Fahrkomfort.<\/p>\n<p><strong>X2 Architecture<\/strong><br \/>\nWeniger Reibung, mehr Durchfluss &#8211; Angetrieben von jahrelanger RAD-Entwicklung trifft X2 mit seinem linearen D\u00e4mpfungsprofil, \u00fcberarbeitetem \u00d6lfluss und neu gestalteten Dichtungen bei DHX2- und FLOAT X2-Sto\u00dfd\u00e4mpfern ins Schwarze. Der gro\u00dfe Verstellbereich gibt dem Fahrer die Unterst\u00fctzung und den Halt, die der Trail verlangt, sowie ein weicheres und offeneres Gef\u00fchl bei der ersten Fahrt.<\/p>\n<hr \/>\n<h3>FOX X2 SHOCK TECHNOLOGY EXPLAINED \u2013 FOX FACTORY, INC.<\/h3>\n<p><iframe src=\"https:\/\/www.youtube-nocookie.com\/embed\/9BbBkogu5as?rel=0&amp;showinfo=0\" width=\"640\" height=\"360\" frameborder=\"0\" allowfullscreen=\"allowfullscreen\" data-mce-fragment=\"1\"><\/iframe><\/p>\n<\/div>","protected":false},"excerpt":{"rendered":"<p>Fox Racing\u00a0DHX2 Factory 2Pos-Adj D\u00e4mpfer Ausgestattet Fox Racing DHX2 mit einem von Grund auf neu designten Chassis, einer neuen D\u00e4mpfungslogik<\/p>","protected":false},"featured_media":63067,"comment_status":"open","ping_status":"closed","template":"","meta":[],"product_brand":[],"product_cat":[424,423],"product_tag":[],"class_list":{"0":"post-43924","1":"product","2":"type-product","3":"status-publish","4":"has-post-thumbnail","6":"product_cat-mtb-teile","7":"product_cat-teile","8":"pa_marke-fox","10":"first","11":"instock","12":"sale","13":"taxable","14":"shipping-taxable","15":"purchasable","16":"product-type-variable"},"yoast_head":"<!-- This site is optimized with the Yoast SEO Premium plugin v20.12 (Yoast SEO v27.1.1) - https:\/\/yoast.com\/product\/yoast-seo-premium-wordpress\/ -->\n<title>Fox Racing DHX2 Factory 2Pos-Adj D\u00e4mpfer<\/title>\n<meta name=\"description\" content=\"Entdecken Sie unseren Online-Fahrradladen: Gro\u00dfe Auswahl an Modellen f\u00fcr alle Radsportbegeisterten. Von Rennr\u00e4dern bis zu Mountainbikes - finden Sie heute Ihren perfekten Wegbegleiter!\" \/>\n<meta name=\"robots\" content=\"index, follow, max-snippet:-1, max-image-preview:large, max-video-preview:-1\" \/>\n<link rel=\"canonical\" href=\"https:\/\/kgerad.de\/en\/product\/fox-racing-dhx2-factory-2pos-adj-daempfer\/\" \/>\n<meta property=\"og:locale\" content=\"en_US\" \/>\n<meta property=\"og:type\" content=\"article\" \/>\n<meta property=\"og:title\" content=\"Fox Racing DHX2 Factory 2Pos-Adj D\u00e4mpfer\" \/>\n<meta property=\"og:description\" content=\"Entdecken Sie unseren Online-Fahrradladen: Gro\u00dfe Auswahl an Modellen f\u00fcr alle Radsportbegeisterten. Von Rennr\u00e4dern bis zu Mountainbikes - finden Sie heute Ihren perfekten Wegbegleiter!\" \/>\n<meta property=\"og:url\" content=\"https:\/\/kgerad.de\/en\/product\/fox-racing-dhx2-factory-2pos-adj-daempfer\/\" \/>\n<meta property=\"og:site_name\" content=\"kgerad.de\" \/>\n<meta property=\"article:modified_time\" content=\"2023-08-11T06:17:08+00:00\" \/>\n<meta property=\"og:image\" content=\"https:\/\/kgerad.de\/wp-content\/uploads\/2023\/06\/fox-racing-978-01-048-20109695-DHX2-Factory-2Pos-Adj-Dampfer-1_800x800-0.jpg\" \/>\n\t<meta property=\"og:image:width\" content=\"290\" \/>\n\t<meta property=\"og:image:height\" content=\"800\" \/>\n\t<meta property=\"og:image:type\" content=\"image\/jpeg\" \/>\n<meta name=\"twitter:card\" content=\"summary_large_image\" \/>\n<meta name=\"twitter:label1\" content=\"Est. reading time\" \/>\n\t<meta name=\"twitter:data1\" content=\"3 minutes\" \/>\n<script type=\"application\/ld+json\" class=\"yoast-schema-graph\">{\"@context\":\"https:\/\/schema.org\",\"@graph\":[{\"@type\":\"WebPage\",\"@id\":\"https:\/\/kgerad.de\/produkt\/fox-racing-dhx2-factory-2pos-adj-daempfer\/\",\"url\":\"https:\/\/kgerad.de\/produkt\/fox-racing-dhx2-factory-2pos-adj-daempfer\/\",\"name\":\"Fox Racing DHX2 Factory 2Pos-Adj D\u00e4mpfer\",\"isPartOf\":{\"@id\":\"https:\/\/kgerad.de\/#website\"},\"primaryImageOfPage\":{\"@id\":\"https:\/\/kgerad.de\/produkt\/fox-racing-dhx2-factory-2pos-adj-daempfer\/#primaryimage\"},\"image\":{\"@id\":\"https:\/\/kgerad.de\/produkt\/fox-racing-dhx2-factory-2pos-adj-daempfer\/#primaryimage\"},\"thumbnailUrl\":\"https:\/\/kgerad.de\/wp-content\/uploads\/2023\/06\/fox-racing-978-01-048-20109695-DHX2-Factory-2Pos-Adj-Dampfer-1_800x800-0.jpg\",\"datePublished\":\"2022-11-24T15:06:42+00:00\",\"dateModified\":\"2023-08-11T06:17:08+00:00\",\"description\":\"Entdecken Sie unseren Online-Fahrradladen: Gro\u00dfe Auswahl an Modellen f\u00fcr alle Radsportbegeisterten. Von Rennr\u00e4dern bis zu Mountainbikes - finden Sie heute Ihren perfekten Wegbegleiter!\",\"breadcrumb\":{\"@id\":\"https:\/\/kgerad.de\/produkt\/fox-racing-dhx2-factory-2pos-adj-daempfer\/#breadcrumb\"},\"inLanguage\":\"en-US\",\"potentialAction\":[{\"@type\":\"ReadAction\",\"target\":[\"https:\/\/kgerad.de\/produkt\/fox-racing-dhx2-factory-2pos-adj-daempfer\/\"]}]},{\"@type\":\"ImageObject\",\"inLanguage\":\"en-US\",\"@id\":\"https:\/\/kgerad.de\/produkt\/fox-racing-dhx2-factory-2pos-adj-daempfer\/#primaryimage\",\"url\":\"https:\/\/kgerad.de\/wp-content\/uploads\/2023\/06\/fox-racing-978-01-048-20109695-DHX2-Factory-2Pos-Adj-Dampfer-1_800x800-0.jpg\",\"contentUrl\":\"https:\/\/kgerad.de\/wp-content\/uploads\/2023\/06\/fox-racing-978-01-048-20109695-DHX2-Factory-2Pos-Adj-Dampfer-1_800x800-0.jpg\",\"width\":290,\"height\":800,\"caption\":\"Fox Racing DHX2 Factory 2Pos-Adj D\u00e4mpfer\"},{\"@type\":\"BreadcrumbList\",\"@id\":\"https:\/\/kgerad.de\/produkt\/fox-racing-dhx2-factory-2pos-adj-daempfer\/#breadcrumb\",\"itemListElement\":[{\"@type\":\"ListItem\",\"position\":1,\"name\":\"Startseite\",\"item\":\"https:\/\/kgerad.de\/\"},{\"@type\":\"ListItem\",\"position\":2,\"name\":\"LADEN\",\"item\":\"https:\/\/kgerad.de\/laden\/\"},{\"@type\":\"ListItem\",\"position\":3,\"name\":\"Fox Racing DHX2 Factory 2Pos-Adj D\u00e4mpfer\"}]},{\"@type\":\"WebSite\",\"@id\":\"https:\/\/kgerad.de\/#website\",\"url\":\"https:\/\/kgerad.de\/\",\"name\":\"kgerad.de\",\"description\":\"Treten Sie mit uns ins Abenteuer!\",\"publisher\":{\"@id\":\"https:\/\/kgerad.de\/#organization\"},\"alternateName\":\"MEIN RADLADEN\",\"potentialAction\":[{\"@type\":\"SearchAction\",\"target\":{\"@type\":\"EntryPoint\",\"urlTemplate\":\"https:\/\/kgerad.de\/?s={search_term_string}\"},\"query-input\":{\"@type\":\"PropertyValueSpecification\",\"valueRequired\":true,\"valueName\":\"search_term_string\"}}],\"inLanguage\":\"en-US\"},{\"@type\":\"Organization\",\"@id\":\"https:\/\/kgerad.de\/#organization\",\"name\":\"MEINRADLADEN\",\"alternateName\":\"MEIN RADLADEN\",\"url\":\"https:\/\/kgerad.de\/\",\"logo\":{\"@type\":\"ImageObject\",\"inLanguage\":\"en-US\",\"@id\":\"https:\/\/kgerad.de\/#\/schema\/logo\/image\/\",\"url\":\"https:\/\/kgerad.de\/wp-content\/uploads\/2025\/07\/logo-Whit.svg\",\"contentUrl\":\"https:\/\/kgerad.de\/wp-content\/uploads\/2025\/07\/logo-Whit.svg\",\"width\":1640,\"height\":371,\"caption\":\"MEINRADLADEN\"},\"image\":{\"@id\":\"https:\/\/kgerad.de\/#\/schema\/logo\/image\/\"}}]}<\/script>\n<!-- \/ Yoast SEO Premium plugin. -->","yoast_head_json":{"title":"Fox Racing DHX2 Factory 2Pos-Adj D\u00e4mpfer","description":"Entdecken Sie unseren Online-Fahrradladen: Gro\u00dfe Auswahl an Modellen f\u00fcr alle Radsportbegeisterten. Von Rennr\u00e4dern bis zu Mountainbikes - finden Sie heute Ihren perfekten Wegbegleiter!","robots":{"index":"index","follow":"follow","max-snippet":"max-snippet:-1","max-image-preview":"max-image-preview:large","max-video-preview":"max-video-preview:-1"},"canonical":"https:\/\/kgerad.de\/en\/product\/fox-racing-dhx2-factory-2pos-adj-daempfer\/","og_locale":"en_US","og_type":"article","og_title":"Fox Racing DHX2 Factory 2Pos-Adj D\u00e4mpfer","og_description":"Entdecken Sie unseren Online-Fahrradladen: Gro\u00dfe Auswahl an Modellen f\u00fcr alle Radsportbegeisterten. Von Rennr\u00e4dern bis zu Mountainbikes - finden Sie heute Ihren perfekten Wegbegleiter!","og_url":"https:\/\/kgerad.de\/en\/product\/fox-racing-dhx2-factory-2pos-adj-daempfer\/","og_site_name":"kgerad.de","article_modified_time":"2023-08-11T06:17:08+00:00","og_image":[{"width":290,"height":800,"url":"https:\/\/kgerad.de\/wp-content\/uploads\/2023\/06\/fox-racing-978-01-048-20109695-DHX2-Factory-2Pos-Adj-Dampfer-1_800x800-0.jpg","type":"image\/jpeg"}],"twitter_card":"summary_large_image","twitter_misc":{"Est. reading time":"3 minutes"},"schema":{"@context":"https:\/\/schema.org","@graph":[{"@type":"WebPage","@id":"https:\/\/kgerad.de\/produkt\/fox-racing-dhx2-factory-2pos-adj-daempfer\/","url":"https:\/\/kgerad.de\/produkt\/fox-racing-dhx2-factory-2pos-adj-daempfer\/","name":"Fox Racing DHX2 Factory 2Pos-Adj D\u00e4mpfer","isPartOf":{"@id":"https:\/\/kgerad.de\/#website"},"primaryImageOfPage":{"@id":"https:\/\/kgerad.de\/produkt\/fox-racing-dhx2-factory-2pos-adj-daempfer\/#primaryimage"},"image":{"@id":"https:\/\/kgerad.de\/produkt\/fox-racing-dhx2-factory-2pos-adj-daempfer\/#primaryimage"},"thumbnailUrl":"https:\/\/kgerad.de\/wp-content\/uploads\/2023\/06\/fox-racing-978-01-048-20109695-DHX2-Factory-2Pos-Adj-Dampfer-1_800x800-0.jpg","datePublished":"2022-11-24T15:06:42+00:00","dateModified":"2023-08-11T06:17:08+00:00","description":"Entdecken Sie unseren Online-Fahrradladen: Gro\u00dfe Auswahl an Modellen f\u00fcr alle Radsportbegeisterten. Von Rennr\u00e4dern bis zu Mountainbikes - finden Sie heute Ihren perfekten Wegbegleiter!","breadcrumb":{"@id":"https:\/\/kgerad.de\/produkt\/fox-racing-dhx2-factory-2pos-adj-daempfer\/#breadcrumb"},"inLanguage":"en-US","potentialAction":[{"@type":"ReadAction","target":["https:\/\/kgerad.de\/produkt\/fox-racing-dhx2-factory-2pos-adj-daempfer\/"]}]},{"@type":"ImageObject","inLanguage":"en-US","@id":"https:\/\/kgerad.de\/produkt\/fox-racing-dhx2-factory-2pos-adj-daempfer\/#primaryimage","url":"https:\/\/kgerad.de\/wp-content\/uploads\/2023\/06\/fox-racing-978-01-048-20109695-DHX2-Factory-2Pos-Adj-Dampfer-1_800x800-0.jpg","contentUrl":"https:\/\/kgerad.de\/wp-content\/uploads\/2023\/06\/fox-racing-978-01-048-20109695-DHX2-Factory-2Pos-Adj-Dampfer-1_800x800-0.jpg","width":290,"height":800,"caption":"Fox Racing DHX2 Factory 2Pos-Adj D\u00e4mpfer"},{"@type":"BreadcrumbList","@id":"https:\/\/kgerad.de\/produkt\/fox-racing-dhx2-factory-2pos-adj-daempfer\/#breadcrumb","itemListElement":[{"@type":"ListItem","position":1,"name":"Startseite","item":"https:\/\/kgerad.de\/"},{"@type":"ListItem","position":2,"name":"LADEN","item":"https:\/\/kgerad.de\/laden\/"},{"@type":"ListItem","position":3,"name":"Fox Racing DHX2 Factory 2Pos-Adj D\u00e4mpfer"}]},{"@type":"WebSite","@id":"https:\/\/kgerad.de\/#website","url":"https:\/\/kgerad.de\/","name":"kgerad.de","description":"Treten Sie mit uns ins Abenteuer!","publisher":{"@id":"https:\/\/kgerad.de\/#organization"},"alternateName":"MEIN RADLADEN","potentialAction":[{"@type":"SearchAction","target":{"@type":"EntryPoint","urlTemplate":"https:\/\/kgerad.de\/?s={search_term_string}"},"query-input":{"@type":"PropertyValueSpecification","valueRequired":true,"valueName":"search_term_string"}}],"inLanguage":"en-US"},{"@type":"Organization","@id":"https:\/\/kgerad.de\/#organization","name":"MEINRADLADEN","alternateName":"MEIN RADLADEN","url":"https:\/\/kgerad.de\/","logo":{"@type":"ImageObject","inLanguage":"en-US","@id":"https:\/\/kgerad.de\/#\/schema\/logo\/image\/","url":"https:\/\/kgerad.de\/wp-content\/uploads\/2025\/07\/logo-Whit.svg","contentUrl":"https:\/\/kgerad.de\/wp-content\/uploads\/2025\/07\/logo-Whit.svg","width":1640,"height":371,"caption":"MEINRADLADEN"},"image":{"@id":"https:\/\/kgerad.de\/#\/schema\/logo\/image\/"}}]}},"_links":{"self":[{"href":"https:\/\/kgerad.de\/en\/wp-json\/wp\/v2\/product\/43924","targetHints":{"allow":["GET"]}}],"collection":[{"href":"https:\/\/kgerad.de\/en\/wp-json\/wp\/v2\/product"}],"about":[{"href":"https:\/\/kgerad.de\/en\/wp-json\/wp\/v2\/types\/product"}],"replies":[{"embeddable":true,"href":"https:\/\/kgerad.de\/en\/wp-json\/wp\/v2\/comments?post=43924"}],"version-history":[{"count":1,"href":"https:\/\/kgerad.de\/en\/wp-json\/wp\/v2\/product\/43924\/revisions"}],"predecessor-version":[{"id":79121,"href":"https:\/\/kgerad.de\/en\/wp-json\/wp\/v2\/product\/43924\/revisions\/79121"}],"wp:featuredmedia":[{"embeddable":true,"href":"https:\/\/kgerad.de\/en\/wp-json\/wp\/v2\/media\/63067"}],"wp:attachment":[{"href":"https:\/\/kgerad.de\/en\/wp-json\/wp\/v2\/media?parent=43924"}],"wp:term":[{"taxonomy":"product_brand","embeddable":true,"href":"https:\/\/kgerad.de\/en\/wp-json\/wp\/v2\/product_brand?post=43924"},{"taxonomy":"product_cat","embeddable":true,"href":"https:\/\/kgerad.de\/en\/wp-json\/wp\/v2\/product_cat?post=43924"},{"taxonomy":"product_tag","embeddable":true,"href":"https:\/\/kgerad.de\/en\/wp-json\/wp\/v2\/product_tag?post=43924"}],"curies":[{"name":"wp","href":"https:\/\/api.w.org\/{rel}","templated":true}]}}