{"id":43810,"date":"2022-11-24T11:43:41","date_gmt":"2022-11-24T10:43:41","guid":{"rendered":"https:\/\/kgerad.de\/?post_type=product&#038;p=43810"},"modified":"2023-08-11T08:26:24","modified_gmt":"2023-08-11T06:26:24","slug":"magped-enduro2-magnetpedale","status":"publish","type":"product","link":"https:\/\/kgerad.de\/en\/product\/magped-enduro2-magnetpedale\/","title":{"rendered":"Magped ENDURO2 Magnetpedale"},"content":{"rendered":"<h2 class=\"product--title\"><strong>Magped<\/strong>\u00a0ENDURO2 Magnetpedale<\/h2>\n<p>Magped Magnetpedale meistverkauftes, extrem robustes, doppelseitiges Magnetpedal f\u00fcr Trail, Enduro und Downhill wurde \u00fcberarbeitet und ist jetzt noch besser als je <a href=\"http:\/\/1-1\">zuvor<\/a>. Das ENDURO2 wird aus einem Aluminiumblock CNC-gefertigt und ist 23% leichter, breiter und st\u00e4rker als das Original. Au\u00dferdem verf\u00fcgt es \u00fcber verbesserte und sch\u00e4rferes 9mm\/11mm SWITCH-Pins.<\/p>\n<p>Durch den Einsatz des patentierten Magnetmechanismus ist ein sicheres, schnelles und einfaches Abl\u00f6sen des Fu\u00dfes vom Pedal jederzeit m\u00f6glich. Das Sturzrisiko und Verletzungsrisiko wird im Vergleich zu Pedalen mit festen Verbindungen (z.B. Klickpedalsystem) auf ein absolutes Minimum reduziert &#8211; und der Kopf bleibt frei f\u00fcr genussvolles Biken ohne Angst.<\/p>\n<hr \/>\n<h3>Features &#8211; ENDURO2 Magnetpedal<\/h3>\n<ul>\n<li><strong>Runder Tritt:<\/strong>\u00a0Das magped Pedal erm\u00f6glicht einen runden Tritt, da sowohl die Muskel &#8211; Strecker (70%) wie auch die Muskel &#8211; Beuger (30%) der Beinmuskulatur gleichm\u00e4\u00dfig beansprucht werden. So werden auch l\u00e4ngere Bike Touren zum reinen Vergn\u00fcgen.<\/li>\n<li><strong>Zugkraft:\u00a0<\/strong>Der Schuh wird je nach gew\u00e4hlter Magnetst\u00e4rke mit bis zu 15 kg Zugraft magnetisch am Pedal gehalten. Die Zugkraft wirkt vor allem vertikal und ein seitliches Abl\u00f6sen vom Pedal ist nahezu ohne sp\u00fcrbaren Widerstand m\u00f6glich. Aber auch ein schnelles und einfaches Abl\u00f6sen in kritischen Situationen direkt nach oben ist kein Problem.<\/li>\n<\/ul>\n<hr \/>\n<h3>Produkteigenschaften<\/h3>\n<ul>\n<li><strong>Einsatzbereich:\u00a0<\/strong>MTB\u00a0Trail \/ Enduro \/ Downhill<\/li>\n<li><strong>Typ:\u00a0<\/strong>Magnetpedal<\/li>\n<li><strong>Kompatibilit\u00e4t:\u00a0<\/strong>Schuhe mit SPD Aufnahme (Am besten geeignet sind SPD Schuhe mit feinem bis mittelgrobem Profil)<\/li>\n<li><strong>Ma\u00dfe:<\/strong>\u00a0108x100x16 mm (LxBxH)<\/li>\n<\/ul>\n<h3>Ausl\u00f6sekraft (Variante w\u00e4hlen)<\/h3>\n<ul>\n<li><strong>150N:\u00a0<\/strong>f\u00fcr Fahrer bis 80 kg<\/li>\n<li><strong>200N:\u00a0<\/strong>f\u00fcr Fahrer &gt;75 kg<\/li>\n<\/ul>\n<h3>Material<\/h3>\n<ul>\n<li><strong>Pedalk\u00f6rper:\u00a0<\/strong>Aluminium<\/li>\n<li><strong>Achse:\u00a0<\/strong>Chromoly\u00a0 (Stahl)<\/li>\n<li><strong>Lager:<\/strong>\u00a0abgedichtete Industrielager<\/li>\n<li><strong>Magnete:\u00a0<\/strong>Neodym<\/li>\n<li><strong>Pins:<\/strong>\u00a0Stahl<\/li>\n<\/ul>\n<h3>Farbe<\/h3>\n<ul>\n<li>shwarz<\/li>\n<\/ul>\n<h3>Gewicht (Herstellerangaben)<\/h3>\n<ul>\n<li><strong>150N:\u00a0<\/strong>447 g<\/li>\n<li><strong>200N:\u00a0<\/strong>477 g<\/li>\n<\/ul>\n<hr \/>\n<h3>Lieferumfang<\/h3>\n<ul>\n<li>1 Paar Enduro2 Magnetpedale<\/li>\n<li>1 Paar Magnete<\/li>\n<li>1 Paar Metallplatten f\u00fcr den SPD Schuh<\/li>\n<li>2 x Magnetische Schrauben in 2 L\u00e4ngen<\/li>\n<li>1 x Sechskant-Schl\u00fcssel<\/li>\n<li>50x Stahl Pins<\/li>\n<\/ul>\n<hr \/>\n<p><iframe title=\"vimeo-player\" src=\"https:\/\/player.vimeo.com\/video\/739566908?h=2a93a90bc2\" width=\"640\" height=\"360\" frameborder=\"0\" allowfullscreen=\"allowfullscreen\" data-mce-fragment=\"1\"><\/iframe><\/p>\n<h2 class=\"product--rating-container\"><\/h2>","protected":false},"excerpt":{"rendered":"<p>Magped\u00a0ENDURO2 Magnetpedale Magped Magnetpedale meistverkauftes, extrem robustes, doppelseitiges Magnetpedal f\u00fcr Trail, Enduro und Downhill wurde \u00fcberarbeitet und ist jetzt noch<\/p>","protected":false},"featured_media":63006,"comment_status":"open","ping_status":"closed","template":"","meta":[],"product_brand":[],"product_cat":[424,423],"product_tag":[],"class_list":{"0":"post-43810","1":"product","2":"type-product","3":"status-publish","4":"has-post-thumbnail","6":"product_cat-mtb-teile","7":"product_cat-teile","8":"pa_marke-magpred","10":"first","11":"instock","12":"sale","13":"taxable","14":"shipping-taxable","15":"purchasable","16":"product-type-simple"},"yoast_head":"<!-- This site is optimized with the Yoast SEO Premium plugin v20.12 (Yoast SEO v27.1.1) - https:\/\/yoast.com\/product\/yoast-seo-premium-wordpress\/ -->\n<title>Magped ENDURO2 Magnetpedale<\/title>\n<meta name=\"description\" content=\"kgerad.de bietet Ihnen das Magped ENDURO2 Magnetpedale zum besten Preis mit kostenlosem Versand in ganz EuropaMagped ENDURO2 Magnetpedale\" \/>\n<meta name=\"robots\" content=\"index, follow, max-snippet:-1, max-image-preview:large, max-video-preview:-1\" \/>\n<link rel=\"canonical\" href=\"https:\/\/kgerad.de\/en\/product\/magped-enduro2-magnetpedale\/\" \/>\n<meta property=\"og:locale\" content=\"en_US\" \/>\n<meta property=\"og:type\" content=\"article\" \/>\n<meta property=\"og:title\" content=\"Magped ENDURO2 Magnetpedale\" \/>\n<meta property=\"og:description\" content=\"Entdecken Sie unseren Online-Fahrradladen: Gro\u00dfe Auswahl an Modellen f\u00fcr alle Radsportbegeisterten. Von Rennr\u00e4dern bis zu Mountainbikes - finden Sie heute Ihren perfekten Wegbegleiter!\" \/>\n<meta property=\"og:url\" content=\"https:\/\/kgerad.de\/en\/product\/magped-enduro2-magnetpedale\/\" \/>\n<meta property=\"og:site_name\" content=\"kgerad.de\" \/>\n<meta property=\"article:modified_time\" content=\"2023-08-11T06:26:24+00:00\" \/>\n<meta property=\"og:image\" content=\"https:\/\/kgerad.de\/wp-content\/uploads\/2023\/06\/Magped-ENDURO2-Magnetpedale-9120093500506_800x800-0.jpg\" \/>\n\t<meta property=\"og:image:width\" content=\"800\" \/>\n\t<meta property=\"og:image:height\" content=\"458\" \/>\n\t<meta property=\"og:image:type\" content=\"image\/jpeg\" \/>\n<meta name=\"twitter:card\" content=\"summary_large_image\" \/>\n<meta name=\"twitter:label1\" content=\"Est. reading time\" \/>\n\t<meta name=\"twitter:data1\" content=\"2 minutes\" \/>\n<script type=\"application\/ld+json\" class=\"yoast-schema-graph\">{\"@context\":\"https:\/\/schema.org\",\"@graph\":[{\"@type\":\"WebPage\",\"@id\":\"https:\/\/kgerad.de\/produkt\/magped-enduro2-magnetpedale\/\",\"url\":\"https:\/\/kgerad.de\/produkt\/magped-enduro2-magnetpedale\/\",\"name\":\"Magped ENDURO2 Magnetpedale\",\"isPartOf\":{\"@id\":\"https:\/\/kgerad.de\/#website\"},\"primaryImageOfPage\":{\"@id\":\"https:\/\/kgerad.de\/produkt\/magped-enduro2-magnetpedale\/#primaryimage\"},\"image\":{\"@id\":\"https:\/\/kgerad.de\/produkt\/magped-enduro2-magnetpedale\/#primaryimage\"},\"thumbnailUrl\":\"https:\/\/kgerad.de\/wp-content\/uploads\/2023\/06\/Magped-ENDURO2-Magnetpedale-9120093500506_800x800-0.jpg\",\"datePublished\":\"2022-11-24T10:43:41+00:00\",\"dateModified\":\"2023-08-11T06:26:24+00:00\",\"description\":\"kgerad.de bietet Ihnen das Magped ENDURO2 Magnetpedale zum besten Preis mit kostenlosem Versand in ganz EuropaMagped ENDURO2 Magnetpedale\",\"breadcrumb\":{\"@id\":\"https:\/\/kgerad.de\/produkt\/magped-enduro2-magnetpedale\/#breadcrumb\"},\"inLanguage\":\"en-US\",\"potentialAction\":[{\"@type\":\"ReadAction\",\"target\":[\"https:\/\/kgerad.de\/produkt\/magped-enduro2-magnetpedale\/\"]}]},{\"@type\":\"ImageObject\",\"inLanguage\":\"en-US\",\"@id\":\"https:\/\/kgerad.de\/produkt\/magped-enduro2-magnetpedale\/#primaryimage\",\"url\":\"https:\/\/kgerad.de\/wp-content\/uploads\/2023\/06\/Magped-ENDURO2-Magnetpedale-9120093500506_800x800-0.jpg\",\"contentUrl\":\"https:\/\/kgerad.de\/wp-content\/uploads\/2023\/06\/Magped-ENDURO2-Magnetpedale-9120093500506_800x800-0.jpg\",\"width\":800,\"height\":458,\"caption\":\"Magped ENDURO2 Magnetpedale\"},{\"@type\":\"BreadcrumbList\",\"@id\":\"https:\/\/kgerad.de\/produkt\/magped-enduro2-magnetpedale\/#breadcrumb\",\"itemListElement\":[{\"@type\":\"ListItem\",\"position\":1,\"name\":\"Startseite\",\"item\":\"https:\/\/kgerad.de\/\"},{\"@type\":\"ListItem\",\"position\":2,\"name\":\"LADEN\",\"item\":\"https:\/\/kgerad.de\/laden\/\"},{\"@type\":\"ListItem\",\"position\":3,\"name\":\"Magped ENDURO2 Magnetpedale\"}]},{\"@type\":\"WebSite\",\"@id\":\"https:\/\/kgerad.de\/#website\",\"url\":\"https:\/\/kgerad.de\/\",\"name\":\"kgerad.de\",\"description\":\"Treten Sie mit uns ins Abenteuer!\",\"publisher\":{\"@id\":\"https:\/\/kgerad.de\/#organization\"},\"alternateName\":\"MEIN RADLADEN\",\"potentialAction\":[{\"@type\":\"SearchAction\",\"target\":{\"@type\":\"EntryPoint\",\"urlTemplate\":\"https:\/\/kgerad.de\/?s={search_term_string}\"},\"query-input\":{\"@type\":\"PropertyValueSpecification\",\"valueRequired\":true,\"valueName\":\"search_term_string\"}}],\"inLanguage\":\"en-US\"},{\"@type\":\"Organization\",\"@id\":\"https:\/\/kgerad.de\/#organization\",\"name\":\"MEINRADLADEN\",\"alternateName\":\"MEIN RADLADEN\",\"url\":\"https:\/\/kgerad.de\/\",\"logo\":{\"@type\":\"ImageObject\",\"inLanguage\":\"en-US\",\"@id\":\"https:\/\/kgerad.de\/#\/schema\/logo\/image\/\",\"url\":\"https:\/\/kgerad.de\/wp-content\/uploads\/2025\/07\/logo-Whit.svg\",\"contentUrl\":\"https:\/\/kgerad.de\/wp-content\/uploads\/2025\/07\/logo-Whit.svg\",\"width\":1640,\"height\":371,\"caption\":\"MEINRADLADEN\"},\"image\":{\"@id\":\"https:\/\/kgerad.de\/#\/schema\/logo\/image\/\"}}]}<\/script>\n<!-- \/ Yoast SEO Premium plugin. -->","yoast_head_json":{"title":"Magped ENDURO2 Magnetpedale","description":"kgerad.de bietet Ihnen das Magped ENDURO2 Magnetpedale zum besten Preis mit kostenlosem Versand in ganz EuropaMagped ENDURO2 Magnetpedale","robots":{"index":"index","follow":"follow","max-snippet":"max-snippet:-1","max-image-preview":"max-image-preview:large","max-video-preview":"max-video-preview:-1"},"canonical":"https:\/\/kgerad.de\/en\/product\/magped-enduro2-magnetpedale\/","og_locale":"en_US","og_type":"article","og_title":"Magped ENDURO2 Magnetpedale","og_description":"Entdecken Sie unseren Online-Fahrradladen: Gro\u00dfe Auswahl an Modellen f\u00fcr alle Radsportbegeisterten. Von Rennr\u00e4dern bis zu Mountainbikes - finden Sie heute Ihren perfekten Wegbegleiter!","og_url":"https:\/\/kgerad.de\/en\/product\/magped-enduro2-magnetpedale\/","og_site_name":"kgerad.de","article_modified_time":"2023-08-11T06:26:24+00:00","og_image":[{"width":800,"height":458,"url":"https:\/\/kgerad.de\/wp-content\/uploads\/2023\/06\/Magped-ENDURO2-Magnetpedale-9120093500506_800x800-0.jpg","type":"image\/jpeg"}],"twitter_card":"summary_large_image","twitter_misc":{"Est. reading time":"2 minutes"},"schema":{"@context":"https:\/\/schema.org","@graph":[{"@type":"WebPage","@id":"https:\/\/kgerad.de\/produkt\/magped-enduro2-magnetpedale\/","url":"https:\/\/kgerad.de\/produkt\/magped-enduro2-magnetpedale\/","name":"Magped ENDURO2 Magnetpedale","isPartOf":{"@id":"https:\/\/kgerad.de\/#website"},"primaryImageOfPage":{"@id":"https:\/\/kgerad.de\/produkt\/magped-enduro2-magnetpedale\/#primaryimage"},"image":{"@id":"https:\/\/kgerad.de\/produkt\/magped-enduro2-magnetpedale\/#primaryimage"},"thumbnailUrl":"https:\/\/kgerad.de\/wp-content\/uploads\/2023\/06\/Magped-ENDURO2-Magnetpedale-9120093500506_800x800-0.jpg","datePublished":"2022-11-24T10:43:41+00:00","dateModified":"2023-08-11T06:26:24+00:00","description":"kgerad.de bietet Ihnen das Magped ENDURO2 Magnetpedale zum besten Preis mit kostenlosem Versand in ganz EuropaMagped ENDURO2 Magnetpedale","breadcrumb":{"@id":"https:\/\/kgerad.de\/produkt\/magped-enduro2-magnetpedale\/#breadcrumb"},"inLanguage":"en-US","potentialAction":[{"@type":"ReadAction","target":["https:\/\/kgerad.de\/produkt\/magped-enduro2-magnetpedale\/"]}]},{"@type":"ImageObject","inLanguage":"en-US","@id":"https:\/\/kgerad.de\/produkt\/magped-enduro2-magnetpedale\/#primaryimage","url":"https:\/\/kgerad.de\/wp-content\/uploads\/2023\/06\/Magped-ENDURO2-Magnetpedale-9120093500506_800x800-0.jpg","contentUrl":"https:\/\/kgerad.de\/wp-content\/uploads\/2023\/06\/Magped-ENDURO2-Magnetpedale-9120093500506_800x800-0.jpg","width":800,"height":458,"caption":"Magped ENDURO2 Magnetpedale"},{"@type":"BreadcrumbList","@id":"https:\/\/kgerad.de\/produkt\/magped-enduro2-magnetpedale\/#breadcrumb","itemListElement":[{"@type":"ListItem","position":1,"name":"Startseite","item":"https:\/\/kgerad.de\/"},{"@type":"ListItem","position":2,"name":"LADEN","item":"https:\/\/kgerad.de\/laden\/"},{"@type":"ListItem","position":3,"name":"Magped ENDURO2 Magnetpedale"}]},{"@type":"WebSite","@id":"https:\/\/kgerad.de\/#website","url":"https:\/\/kgerad.de\/","name":"kgerad.de","description":"Treten Sie mit uns ins Abenteuer!","publisher":{"@id":"https:\/\/kgerad.de\/#organization"},"alternateName":"MEIN RADLADEN","potentialAction":[{"@type":"SearchAction","target":{"@type":"EntryPoint","urlTemplate":"https:\/\/kgerad.de\/?s={search_term_string}"},"query-input":{"@type":"PropertyValueSpecification","valueRequired":true,"valueName":"search_term_string"}}],"inLanguage":"en-US"},{"@type":"Organization","@id":"https:\/\/kgerad.de\/#organization","name":"MEINRADLADEN","alternateName":"MEIN RADLADEN","url":"https:\/\/kgerad.de\/","logo":{"@type":"ImageObject","inLanguage":"en-US","@id":"https:\/\/kgerad.de\/#\/schema\/logo\/image\/","url":"https:\/\/kgerad.de\/wp-content\/uploads\/2025\/07\/logo-Whit.svg","contentUrl":"https:\/\/kgerad.de\/wp-content\/uploads\/2025\/07\/logo-Whit.svg","width":1640,"height":371,"caption":"MEINRADLADEN"},"image":{"@id":"https:\/\/kgerad.de\/#\/schema\/logo\/image\/"}}]}},"_links":{"self":[{"href":"https:\/\/kgerad.de\/en\/wp-json\/wp\/v2\/product\/43810","targetHints":{"allow":["GET"]}}],"collection":[{"href":"https:\/\/kgerad.de\/en\/wp-json\/wp\/v2\/product"}],"about":[{"href":"https:\/\/kgerad.de\/en\/wp-json\/wp\/v2\/types\/product"}],"replies":[{"embeddable":true,"href":"https:\/\/kgerad.de\/en\/wp-json\/wp\/v2\/comments?post=43810"}],"version-history":[{"count":1,"href":"https:\/\/kgerad.de\/en\/wp-json\/wp\/v2\/product\/43810\/revisions"}],"predecessor-version":[{"id":79134,"href":"https:\/\/kgerad.de\/en\/wp-json\/wp\/v2\/product\/43810\/revisions\/79134"}],"wp:featuredmedia":[{"embeddable":true,"href":"https:\/\/kgerad.de\/en\/wp-json\/wp\/v2\/media\/63006"}],"wp:attachment":[{"href":"https:\/\/kgerad.de\/en\/wp-json\/wp\/v2\/media?parent=43810"}],"wp:term":[{"taxonomy":"product_brand","embeddable":true,"href":"https:\/\/kgerad.de\/en\/wp-json\/wp\/v2\/product_brand?post=43810"},{"taxonomy":"product_cat","embeddable":true,"href":"https:\/\/kgerad.de\/en\/wp-json\/wp\/v2\/product_cat?post=43810"},{"taxonomy":"product_tag","embeddable":true,"href":"https:\/\/kgerad.de\/en\/wp-json\/wp\/v2\/product_tag?post=43810"}],"curies":[{"name":"wp","href":"https:\/\/api.w.org\/{rel}","templated":true}]}}