{"id":43801,"date":"2022-11-24T10:43:31","date_gmt":"2022-11-24T09:43:31","guid":{"rendered":"https:\/\/kgerad.de\/?post_type=product&#038;p=43801"},"modified":"2023-08-11T08:26:38","modified_gmt":"2023-08-11T06:26:38","slug":"marzocchi-bomber-58-275-grip-lowspeed-compression","status":"publish","type":"product","link":"https:\/\/kgerad.de\/en\/product\/marzocchi-bomber-58-275-grip-lowspeed-compression\/","title":{"rendered":"Marzocchi Bomber 58 27,5&#8243; Grip Lowspeed Compression"},"content":{"rendered":"<h2 class=\"product--title\"><strong>Marzocchi<\/strong>\u00a0Bomber 58 27,5&#8243; Grip Lowspeed Compression<\/h2>\n<p>Die Marzocchi Bomber 58 mit GRIP Lowspeed Druckstufen <a href=\"http:\/\/1-1\">D\u00e4mpfer<\/a> ist eine robuste 27,5&#8243; Federgabel mit 40mm Standrohren und EVOL Luftfeder f\u00fcr geschmeidiges Ansprechverhalten &#8211; entwickelt f\u00fcr Downhill Fahrer.<\/p>\n<h2>Perfekte Lenkpr\u00e4zision, Zuverl\u00e4ssigkeit und lange Haltbarkeit: Die Marzocchi Bomber 58 27.5&#8243; Grip Lowspeed Compression<\/h2>\n<p>Mit ihrer Zuverl\u00e4ssigkeit und Langlebigkeit gibt dir die Marzocchi 58 das n\u00f6tige Vertrauen. Von den gro\u00dfen Schl\u00e4gen bei der Rampage bis hin zu dem Sprung, den du schon immer mal ausprobieren wolltest, dich aber nicht getraut hast &#8211; glaube daran, dass die 58er es schaffen kann. Riesige 40-mm-Standrohre sorgen f\u00fcr jede Menge Steifigkeit und Lenkpr\u00e4zision, w\u00e4hrend die 20&#215;110-DH-Achse (ohne Boost) dem Standard-DH-Nabenabstand entspricht, sodass kein spezieller Boost Standard erforderlich ist.<\/p>\n<p>Der aktualisierte FIT GRIP-D\u00e4mpfer ist einfach zu bedienen und bietet ein sanftes Ansprechverhalten bei kleinen Unebenheiten und wenn du es richtig krachen l\u00e4sst, kann das 58er tief in den Federweg hineinfahren, mit einer perfekten Progression f\u00fcr eine kontrollierte Landung ohne hartes Bottom-out.<\/p>\n<p>Von endlosen Shuttles bis hin zu mehreren Saisons im Park &#8211; die 58er gibt dir alles, was du brauchst und l\u00e4sst alles zur\u00fcck, was du nicht brauchst.<\/p>\n<hr \/>\n<h3>Features &#8211; Marzocchi Bomber 58 27.5&#8243; Grip Lowspeed Compression<\/h3>\n<ul>\n<li>Modell &#8211; 2022 Bomber 58 27,5&#8243; Grip Sweep-Adj Tapered Boost<\/li>\n<li>40mm Standrohre mit dem Marzocchi Bomber 58 Casting<\/li>\n<li>20TA\u200a x\u200a110 mm Steckachse non Boost<\/li>\n<li>FLOAT EVOL-Luftfeder sorgt f\u00fcr extra satte Federung<\/li>\n<li>FLOAT EVOL-Luftfeder mit individuell anpassbarem Volumen<\/li>\n<li>Grip D\u00e4mpfer f\u00fcr verbesserte Kontrolle und mit einstellbarer Druckstufe<\/li>\n<\/ul>\n<h3>Produkteigenschaften<\/h3>\n<ul>\n<li><strong>Einsatzbereich:<\/strong>\u00a0Downhill, Gravity<\/li>\n<li><strong>Laufradgr\u00f6\u00dfe:<\/strong>\u00a027.5&#8243;<\/li>\n<li><strong>Federung:<\/strong>\u00a0Luft<\/li>\n<li><strong>D\u00e4mpfung:<\/strong>\u00a0Grip FIT<\/li>\n<li><strong>Einstellbarkeit:<\/strong>\u00a0Grip FIT, einstellbare Lowspeed Druckstufe<\/li>\n<li><strong>Gabelschaft:<\/strong>\u00a01 1\/8&#8243;<\/li>\n<li><strong>Standrohre:<\/strong>\u00a040mm<\/li>\n<li><strong>Scheibenbremsaufnahme:\u00a0<\/strong>Post Mount (PM7 &#8211; Direct Mount 180mm)<\/li>\n<li><strong>H\u00f6chste empfohlene Bremsscheibengr\u00f6\u00dfe:<\/strong>\u00a0203mm<\/li>\n<li><strong>Ausfallenden:<\/strong>\u00a020TAx110mm Steckachse<\/li>\n<li><strong>Federweg:<\/strong>\u00a0203mm<\/li>\n<li><strong>Offset:<\/strong>\u00a052mm<\/li>\n<\/ul>\n<h3>Material<\/h3>\n<ul>\n<li><strong>Gabelschaft:<\/strong>\u00a0Aluminium<\/li>\n<li><strong>Gabelkrone:<\/strong>\u00a0Aluminium<\/li>\n<li><strong>Tauchrohre:<\/strong>\u00a0Magnesium<\/li>\n<li><strong>Standrohre:<\/strong>\u00a0Aluminium<\/li>\n<\/ul>\n<h3>Farbe (Variante w\u00e4hlen)<\/h3>\n<ul>\n<li>gloss red<\/li>\n<li>matte black<\/li>\n<\/ul>\n<hr \/>\n<h3>Lieferumfang<\/h3>\n<ul>\n<li>1 Marzocchi Bomber 58 27.5&#8243; Grip Lowspeed Compression<\/li>\n<li>1 Steckachse 20TAx110mm<\/li>\n<li>1 Einschlagkralle<\/li>\n<\/ul>\n<p><em>Gabelpumpe nicht im Lieferumfang enthalten!<\/em><\/p>\n<hr \/>\n<h3>Technologien<\/h3>\n<p><strong>EVOL<\/strong><br \/>\nEVOL erh\u00f6ht das negative Luftfedervolumen, um eine optimale Empfindlichkeit bei kleinen St\u00f6\u00dfen zu gew\u00e4hrleisten.<\/p>\n<div class=\"product--rating-container\"><\/div>","protected":false},"excerpt":{"rendered":"<p>Marzocchi\u00a0Bomber 58 27,5&#8243; Grip Lowspeed Compression Die Marzocchi Bomber 58 mit GRIP Lowspeed Druckstufen D\u00e4mpfer ist eine robuste 27,5&#8243; Federgabel<\/p>","protected":false},"featured_media":63005,"comment_status":"open","ping_status":"closed","template":"","meta":[],"product_brand":[],"product_cat":[424,423],"product_tag":[],"class_list":{"0":"post-43801","1":"product","2":"type-product","3":"status-publish","4":"has-post-thumbnail","6":"product_cat-mtb-teile","7":"product_cat-teile","8":"pa_marke-marzocchi","10":"first","11":"instock","12":"sale","13":"taxable","14":"shipping-taxable","15":"purchasable","16":"product-type-simple"},"yoast_head":"<!-- This site is optimized with the Yoast SEO Premium plugin v20.12 (Yoast SEO v27.1.1) - https:\/\/yoast.com\/product\/yoast-seo-premium-wordpress\/ -->\n<title>Marzocchi Bomber 58 27,5&quot; Grip Lowspeed Compression<\/title>\n<meta name=\"description\" content=\"Entdecken Sie unseren Online-Fahrradladen: Gro\u00dfe Auswahl an Modellen f\u00fcr alle Radsportbegeisterten. Von Rennr\u00e4dern bis zu Mountainbikes - finden Sie heute Ihren perfekten Wegbegleiter!\" \/>\n<meta name=\"robots\" content=\"index, follow, max-snippet:-1, max-image-preview:large, max-video-preview:-1\" \/>\n<link rel=\"canonical\" href=\"https:\/\/kgerad.de\/en\/product\/marzocchi-bomber-58-275-grip-lowspeed-compression\/\" \/>\n<meta property=\"og:locale\" content=\"en_US\" \/>\n<meta property=\"og:type\" content=\"article\" \/>\n<meta property=\"og:title\" content=\"Marzocchi Bomber 58 27,5&quot; Grip Lowspeed Compression\" \/>\n<meta property=\"og:description\" content=\"Entdecken Sie unseren Online-Fahrradladen: Gro\u00dfe Auswahl an Modellen f\u00fcr alle Radsportbegeisterten. Von Rennr\u00e4dern bis zu Mountainbikes - finden Sie heute Ihren perfekten Wegbegleiter!\" \/>\n<meta property=\"og:url\" content=\"https:\/\/kgerad.de\/en\/product\/marzocchi-bomber-58-275-grip-lowspeed-compression\/\" \/>\n<meta property=\"og:site_name\" content=\"kgerad.de\" \/>\n<meta property=\"article:modified_time\" content=\"2023-08-11T06:26:38+00:00\" \/>\n<meta property=\"og:image\" content=\"https:\/\/kgerad.de\/wp-content\/uploads\/2023\/06\/marzocchi-912-01-109-912-01-110-Bomber-58-27-5-Grip-Lowspeed-Compression-1_800x800-0.jpg\" \/>\n\t<meta property=\"og:image:width\" content=\"343\" \/>\n\t<meta property=\"og:image:height\" content=\"800\" \/>\n\t<meta property=\"og:image:type\" content=\"image\/jpeg\" \/>\n<meta name=\"twitter:card\" content=\"summary_large_image\" \/>\n<meta name=\"twitter:label1\" content=\"Est. reading time\" \/>\n\t<meta name=\"twitter:data1\" content=\"2 minutes\" \/>\n<script type=\"application\/ld+json\" class=\"yoast-schema-graph\">{\"@context\":\"https:\/\/schema.org\",\"@graph\":[{\"@type\":\"WebPage\",\"@id\":\"https:\/\/kgerad.de\/produkt\/marzocchi-bomber-58-275-grip-lowspeed-compression\/\",\"url\":\"https:\/\/kgerad.de\/produkt\/marzocchi-bomber-58-275-grip-lowspeed-compression\/\",\"name\":\"Marzocchi Bomber 58 27,5\\\" Grip Lowspeed Compression\",\"isPartOf\":{\"@id\":\"https:\/\/kgerad.de\/#website\"},\"primaryImageOfPage\":{\"@id\":\"https:\/\/kgerad.de\/produkt\/marzocchi-bomber-58-275-grip-lowspeed-compression\/#primaryimage\"},\"image\":{\"@id\":\"https:\/\/kgerad.de\/produkt\/marzocchi-bomber-58-275-grip-lowspeed-compression\/#primaryimage\"},\"thumbnailUrl\":\"https:\/\/kgerad.de\/wp-content\/uploads\/2023\/06\/marzocchi-912-01-109-912-01-110-Bomber-58-27-5-Grip-Lowspeed-Compression-1_800x800-0.jpg\",\"datePublished\":\"2022-11-24T09:43:31+00:00\",\"dateModified\":\"2023-08-11T06:26:38+00:00\",\"description\":\"Entdecken Sie unseren Online-Fahrradladen: Gro\u00dfe Auswahl an Modellen f\u00fcr alle Radsportbegeisterten. Von Rennr\u00e4dern bis zu Mountainbikes - finden Sie heute Ihren perfekten Wegbegleiter!\",\"breadcrumb\":{\"@id\":\"https:\/\/kgerad.de\/produkt\/marzocchi-bomber-58-275-grip-lowspeed-compression\/#breadcrumb\"},\"inLanguage\":\"en-US\",\"potentialAction\":[{\"@type\":\"ReadAction\",\"target\":[\"https:\/\/kgerad.de\/produkt\/marzocchi-bomber-58-275-grip-lowspeed-compression\/\"]}]},{\"@type\":\"ImageObject\",\"inLanguage\":\"en-US\",\"@id\":\"https:\/\/kgerad.de\/produkt\/marzocchi-bomber-58-275-grip-lowspeed-compression\/#primaryimage\",\"url\":\"https:\/\/kgerad.de\/wp-content\/uploads\/2023\/06\/marzocchi-912-01-109-912-01-110-Bomber-58-27-5-Grip-Lowspeed-Compression-1_800x800-0.jpg\",\"contentUrl\":\"https:\/\/kgerad.de\/wp-content\/uploads\/2023\/06\/marzocchi-912-01-109-912-01-110-Bomber-58-27-5-Grip-Lowspeed-Compression-1_800x800-0.jpg\",\"width\":343,\"height\":800,\"caption\":\"Marzocchi Bomber 58 27\"},{\"@type\":\"BreadcrumbList\",\"@id\":\"https:\/\/kgerad.de\/produkt\/marzocchi-bomber-58-275-grip-lowspeed-compression\/#breadcrumb\",\"itemListElement\":[{\"@type\":\"ListItem\",\"position\":1,\"name\":\"Startseite\",\"item\":\"https:\/\/kgerad.de\/\"},{\"@type\":\"ListItem\",\"position\":2,\"name\":\"LADEN\",\"item\":\"https:\/\/kgerad.de\/laden\/\"},{\"@type\":\"ListItem\",\"position\":3,\"name\":\"Marzocchi Bomber 58 27,5&#8243; Grip Lowspeed Compression\"}]},{\"@type\":\"WebSite\",\"@id\":\"https:\/\/kgerad.de\/#website\",\"url\":\"https:\/\/kgerad.de\/\",\"name\":\"kgerad.de\",\"description\":\"Treten Sie mit uns ins Abenteuer!\",\"publisher\":{\"@id\":\"https:\/\/kgerad.de\/#organization\"},\"alternateName\":\"MEIN RADLADEN\",\"potentialAction\":[{\"@type\":\"SearchAction\",\"target\":{\"@type\":\"EntryPoint\",\"urlTemplate\":\"https:\/\/kgerad.de\/?s={search_term_string}\"},\"query-input\":{\"@type\":\"PropertyValueSpecification\",\"valueRequired\":true,\"valueName\":\"search_term_string\"}}],\"inLanguage\":\"en-US\"},{\"@type\":\"Organization\",\"@id\":\"https:\/\/kgerad.de\/#organization\",\"name\":\"MEINRADLADEN\",\"alternateName\":\"MEIN RADLADEN\",\"url\":\"https:\/\/kgerad.de\/\",\"logo\":{\"@type\":\"ImageObject\",\"inLanguage\":\"en-US\",\"@id\":\"https:\/\/kgerad.de\/#\/schema\/logo\/image\/\",\"url\":\"https:\/\/kgerad.de\/wp-content\/uploads\/2025\/07\/logo-Whit.svg\",\"contentUrl\":\"https:\/\/kgerad.de\/wp-content\/uploads\/2025\/07\/logo-Whit.svg\",\"width\":1640,\"height\":371,\"caption\":\"MEINRADLADEN\"},\"image\":{\"@id\":\"https:\/\/kgerad.de\/#\/schema\/logo\/image\/\"}}]}<\/script>\n<!-- \/ Yoast SEO Premium plugin. -->","yoast_head_json":{"title":"Marzocchi Bomber 58 27,5\" Grip Lowspeed Compression","description":"Entdecken Sie unseren Online-Fahrradladen: Gro\u00dfe Auswahl an Modellen f\u00fcr alle Radsportbegeisterten. Von Rennr\u00e4dern bis zu Mountainbikes - finden Sie heute Ihren perfekten Wegbegleiter!","robots":{"index":"index","follow":"follow","max-snippet":"max-snippet:-1","max-image-preview":"max-image-preview:large","max-video-preview":"max-video-preview:-1"},"canonical":"https:\/\/kgerad.de\/en\/product\/marzocchi-bomber-58-275-grip-lowspeed-compression\/","og_locale":"en_US","og_type":"article","og_title":"Marzocchi Bomber 58 27,5\" Grip Lowspeed Compression","og_description":"Entdecken Sie unseren Online-Fahrradladen: Gro\u00dfe Auswahl an Modellen f\u00fcr alle Radsportbegeisterten. Von Rennr\u00e4dern bis zu Mountainbikes - finden Sie heute Ihren perfekten Wegbegleiter!","og_url":"https:\/\/kgerad.de\/en\/product\/marzocchi-bomber-58-275-grip-lowspeed-compression\/","og_site_name":"kgerad.de","article_modified_time":"2023-08-11T06:26:38+00:00","og_image":[{"width":343,"height":800,"url":"https:\/\/kgerad.de\/wp-content\/uploads\/2023\/06\/marzocchi-912-01-109-912-01-110-Bomber-58-27-5-Grip-Lowspeed-Compression-1_800x800-0.jpg","type":"image\/jpeg"}],"twitter_card":"summary_large_image","twitter_misc":{"Est. reading time":"2 minutes"},"schema":{"@context":"https:\/\/schema.org","@graph":[{"@type":"WebPage","@id":"https:\/\/kgerad.de\/produkt\/marzocchi-bomber-58-275-grip-lowspeed-compression\/","url":"https:\/\/kgerad.de\/produkt\/marzocchi-bomber-58-275-grip-lowspeed-compression\/","name":"Marzocchi Bomber 58 27,5\" Grip Lowspeed Compression","isPartOf":{"@id":"https:\/\/kgerad.de\/#website"},"primaryImageOfPage":{"@id":"https:\/\/kgerad.de\/produkt\/marzocchi-bomber-58-275-grip-lowspeed-compression\/#primaryimage"},"image":{"@id":"https:\/\/kgerad.de\/produkt\/marzocchi-bomber-58-275-grip-lowspeed-compression\/#primaryimage"},"thumbnailUrl":"https:\/\/kgerad.de\/wp-content\/uploads\/2023\/06\/marzocchi-912-01-109-912-01-110-Bomber-58-27-5-Grip-Lowspeed-Compression-1_800x800-0.jpg","datePublished":"2022-11-24T09:43:31+00:00","dateModified":"2023-08-11T06:26:38+00:00","description":"Entdecken Sie unseren Online-Fahrradladen: Gro\u00dfe Auswahl an Modellen f\u00fcr alle Radsportbegeisterten. Von Rennr\u00e4dern bis zu Mountainbikes - finden Sie heute Ihren perfekten Wegbegleiter!","breadcrumb":{"@id":"https:\/\/kgerad.de\/produkt\/marzocchi-bomber-58-275-grip-lowspeed-compression\/#breadcrumb"},"inLanguage":"en-US","potentialAction":[{"@type":"ReadAction","target":["https:\/\/kgerad.de\/produkt\/marzocchi-bomber-58-275-grip-lowspeed-compression\/"]}]},{"@type":"ImageObject","inLanguage":"en-US","@id":"https:\/\/kgerad.de\/produkt\/marzocchi-bomber-58-275-grip-lowspeed-compression\/#primaryimage","url":"https:\/\/kgerad.de\/wp-content\/uploads\/2023\/06\/marzocchi-912-01-109-912-01-110-Bomber-58-27-5-Grip-Lowspeed-Compression-1_800x800-0.jpg","contentUrl":"https:\/\/kgerad.de\/wp-content\/uploads\/2023\/06\/marzocchi-912-01-109-912-01-110-Bomber-58-27-5-Grip-Lowspeed-Compression-1_800x800-0.jpg","width":343,"height":800,"caption":"Marzocchi Bomber 58 27"},{"@type":"BreadcrumbList","@id":"https:\/\/kgerad.de\/produkt\/marzocchi-bomber-58-275-grip-lowspeed-compression\/#breadcrumb","itemListElement":[{"@type":"ListItem","position":1,"name":"Startseite","item":"https:\/\/kgerad.de\/"},{"@type":"ListItem","position":2,"name":"LADEN","item":"https:\/\/kgerad.de\/laden\/"},{"@type":"ListItem","position":3,"name":"Marzocchi Bomber 58 27,5&#8243; Grip Lowspeed Compression"}]},{"@type":"WebSite","@id":"https:\/\/kgerad.de\/#website","url":"https:\/\/kgerad.de\/","name":"kgerad.de","description":"Treten Sie mit uns ins Abenteuer!","publisher":{"@id":"https:\/\/kgerad.de\/#organization"},"alternateName":"MEIN RADLADEN","potentialAction":[{"@type":"SearchAction","target":{"@type":"EntryPoint","urlTemplate":"https:\/\/kgerad.de\/?s={search_term_string}"},"query-input":{"@type":"PropertyValueSpecification","valueRequired":true,"valueName":"search_term_string"}}],"inLanguage":"en-US"},{"@type":"Organization","@id":"https:\/\/kgerad.de\/#organization","name":"MEINRADLADEN","alternateName":"MEIN RADLADEN","url":"https:\/\/kgerad.de\/","logo":{"@type":"ImageObject","inLanguage":"en-US","@id":"https:\/\/kgerad.de\/#\/schema\/logo\/image\/","url":"https:\/\/kgerad.de\/wp-content\/uploads\/2025\/07\/logo-Whit.svg","contentUrl":"https:\/\/kgerad.de\/wp-content\/uploads\/2025\/07\/logo-Whit.svg","width":1640,"height":371,"caption":"MEINRADLADEN"},"image":{"@id":"https:\/\/kgerad.de\/#\/schema\/logo\/image\/"}}]}},"_links":{"self":[{"href":"https:\/\/kgerad.de\/en\/wp-json\/wp\/v2\/product\/43801","targetHints":{"allow":["GET"]}}],"collection":[{"href":"https:\/\/kgerad.de\/en\/wp-json\/wp\/v2\/product"}],"about":[{"href":"https:\/\/kgerad.de\/en\/wp-json\/wp\/v2\/types\/product"}],"replies":[{"embeddable":true,"href":"https:\/\/kgerad.de\/en\/wp-json\/wp\/v2\/comments?post=43801"}],"version-history":[{"count":1,"href":"https:\/\/kgerad.de\/en\/wp-json\/wp\/v2\/product\/43801\/revisions"}],"predecessor-version":[{"id":79135,"href":"https:\/\/kgerad.de\/en\/wp-json\/wp\/v2\/product\/43801\/revisions\/79135"}],"wp:featuredmedia":[{"embeddable":true,"href":"https:\/\/kgerad.de\/en\/wp-json\/wp\/v2\/media\/63005"}],"wp:attachment":[{"href":"https:\/\/kgerad.de\/en\/wp-json\/wp\/v2\/media?parent=43801"}],"wp:term":[{"taxonomy":"product_brand","embeddable":true,"href":"https:\/\/kgerad.de\/en\/wp-json\/wp\/v2\/product_brand?post=43801"},{"taxonomy":"product_cat","embeddable":true,"href":"https:\/\/kgerad.de\/en\/wp-json\/wp\/v2\/product_cat?post=43801"},{"taxonomy":"product_tag","embeddable":true,"href":"https:\/\/kgerad.de\/en\/wp-json\/wp\/v2\/product_tag?post=43801"}],"curies":[{"name":"wp","href":"https:\/\/api.w.org\/{rel}","templated":true}]}}