{"id":43788,"date":"2022-11-24T10:02:52","date_gmt":"2022-11-24T09:02:52","guid":{"rendered":"https:\/\/kgerad.de\/?post_type=product&#038;p=43788"},"modified":"2023-08-11T08:27:05","modified_gmt":"2023-08-11T06:27:05","slug":"fox-racing-38-k-float-29-factory-170-grip2-tapered-boost","status":"publish","type":"product","link":"https:\/\/kgerad.de\/en\/product\/fox-racing-38-k-float-29-factory-170-grip2-tapered-boost\/","title":{"rendered":"Fox Racing 38 K FLOAT 29&#8243; Factory 170 Grip2 Tapered Boost"},"content":{"rendered":"<div class=\"product--headername\">\n<h2 class=\"product--title\"><strong>Fox Racing<\/strong>\u00a038 K FLOAT 29&#8243; Factory 170 Grip2 Tapered Boost<\/h2>\n<p>Die Fox Racing 38 K\u00a0mit Kashima Coat-Beschichtung, verbesserter GRIP2-Kartusche, ist eine leichte Federgabel mit einem Federweg von 170mm &#8211; entwickelt f\u00fcr Enduro Fahrer.<\/p>\n<h2>Hohe Steifigkeit, innovativ und leicht: die neue 38 K Float 29&#8243; Factory 170 Grip2 Tapered Boost von Fox Racing<\/h2>\n<p>Alle revolution\u00e4ren Merkmale der neuen 36 verpackt in einem superstarken Chassis, das speziell f\u00fcr modernes, hartes Enduro-Racing mit langen Federwegen entwickelt wurde: Die brandneue 38 steht an der Startlinie! Was auch immer du ihr in den Weg stellst, sie wird nicht m\u00fcde werden nach noch mehr Speed zu hecheln.<\/p>\n<p>Die neue 38er erh\u00e4lt mit dem verbesserten FIT GRIP2 4-fach einstellbaren D\u00e4mpfer einen enormen Leistungsschub. Ausgestattet mit der zum Patent angemeldeten dualen variablen Ventilsteuerung (VVC) mit hoher und niedriger Zugstufe, verbesserter Druckstufend\u00e4mpfung und weniger Reibung insgesamt bietet die 38 eine neue Leistungsstufe und Einstellbarkeit, die den X2-D\u00e4mpfern entspricht. Die High-Speed-Druckstufe und High-Speed-Zugstufe ist jetzt mit je 8 Klicks einfach einstellbar. &#8222;Factory&#8220; sagt alles. Die beste Technologie, die FOX zu bieten hat, ist in den Factory Series Modellen mit butterweichen und extrem haltbaren Original Kashima Beschichtung erh\u00e4ltlich.<\/p>\n<p>Die neue 38er Federgabel ist mit einem neuen patentierten Schnellspannsystem ausgestattet, das die Vorteile einer Steckachse mit dem Komfort eines werkzeuglosen Schnellspanners kombiniert. Bei diesem System wird der Abstand \u00fcber eine schwimmend gelagerte H\u00fclse arretiert, was einen wiederholten Aus- und Einbau des Vorderrads erm\u00f6glicht und gleichzeitig eine perfekte Ausrichtung der Gabel gew\u00e4hrleistet. Die Positionierung der Steckachse ist werksseitig voreingestellt, dies hat den Vorteil, dass das Vorderrad einfach eingebaut werden kann.<\/p>\n<p>Das Bogendesign der neuen 38er ist so konzipiert, dass es perfekt zu modernen Enduro- und Downhill-Bikes passt. Die Profile der Steuerrohre werden immer breiter und die Offsets immer k\u00fcrzer. Die neue Bogenform tr\u00e4gt diesem Umstand Rechnung, indem sie nach vorne ragt, um bei voller Kompression gen\u00fcgend Freiraum f\u00fcr das Steuerrohr zu bieten.<\/p>\n<hr \/>\n<h3>Features &#8211; Fox Racing 38 K Float 29&#8243; Factory 170 GRIP2 Tapered Boost<\/h3>\n<ul>\n<li>Modell &#8211; 2022 Factory Series 38 FLOAT Grip2 Fit<\/li>\n<li>Verbesserte FLOAT EVOL-Luftfeder sorgt f\u00fcr extra satte Federung<\/li>\n<li>Factory Series-Modelle mit Kashima Coat-Beschichtung<\/li>\n<li>Innovatives elliptisches Steuerrohr im Bereich der Gabelkrone f\u00fcr hohe Steifigkeit bei minimalem Gewicht<\/li>\n<li>Druckausgleichssystem in der Tauchrohreinheit<\/li>\n<li>Luft- und \u00d6l-Kan\u00e4le in der Tauchrohreinheit<\/li>\n<li>Verbesserte GRIP2 Kartusche f\u00fcr eine noch bessere Kontrolle<\/li>\n<li>GRIP2 mit dualem VVC (Variable Valve Control)<\/li>\n<li>High-Speed-Druckstufe und High-Speed-Zugstufe mit je 8 Klicks einfach einstellbar<\/li>\n<li>Gewichtsoptimiertes Chassis mit optimalem Steifigkeit\/Gewicht Verh\u00e4ltnis und neuer Gabelbr\u00fccke f\u00fcr mehr Platz im Steuerrohrbereich<\/li>\n<li>Gewichtsoptimiertes Chassis bietet besonders gro\u00dfe Vorteile bei k\u00fcrzeren Offsets<\/li>\n<li>Steifer als 36: 31% h\u00f6here Steifigkeit bei Querkr\u00e4ften, 9% h\u00f6here Bremssteifigkeit und 20% mehr Torsionssteifigkeit<\/li>\n<li>58 mm Gabelkronendurchmesser f\u00fcr optisch gleichm\u00e4\u00dfigen \u00dcbergang zwischen volumin\u00f6sen Steuerrohren und Gabelkrone<\/li>\n<li>4-Punkt-Direktbefestigungsaufnahme f\u00fcr Mudguards<\/li>\n<\/ul>\n<h3>Produkteigenschaften<\/h3>\n<ul>\n<li><strong>Einsatzbereich:<\/strong>\u00a0All Mountain, Trail, Enduro<\/li>\n<li><strong>Laufradgr\u00f6\u00dfe:<\/strong>\u00a029&#8243;<\/li>\n<li><strong>Federung:<\/strong>\u00a0Luft<\/li>\n<li><strong>D\u00e4mpfung:<\/strong>\u00a0Grip2 FIT mit Feinabstimmung<\/li>\n<li><strong>Einstellbarkeit:<\/strong>\u00a0Zugstufe, Federh\u00e4rte \u00fcber Luftdruck, Grip2 FIT mit Feinabstimmung<\/li>\n<li><strong>Einstellbarkeit Grip2 D\u00e4mpfer:<\/strong>\n<ul>\n<li><strong>High-speed Druckstufe:<\/strong>\u00a08 klicks (w\/VVC)<\/li>\n<li><strong>Low-speed Druckstufe:<\/strong>\u00a016 klicks<\/li>\n<li><strong>High-speed Zugstufe:<\/strong>\u00a08 klicks (w\/VVC)<\/li>\n<li><strong>Low-speed Zugstufe:<\/strong>\u00a016 klicks<\/li>\n<\/ul>\n<\/li>\n<li><strong>Gabelschaft:<\/strong>\u00a0Tapered 1.5&#8243; auf 1 1\/8&#8243; (konisch)<\/li>\n<li><strong>Standrohre:<\/strong>\u00a038mm<\/li>\n<li><strong>Scheibenbremsaufnahme:\u00a0<\/strong>Post Mount (PM7 &#8211; Direct Mount 180mm)<\/li>\n<li><strong>H\u00f6chste empfohlene Bremsscheibengr\u00f6\u00dfe:<\/strong>\u00a0230mm<\/li>\n<li><strong>Ausfallenden:<\/strong>\u00a0Boost 15x110mm Steckachse mit Schnellspannhebel<\/li>\n<li><strong>Federweg:<\/strong>\u00a0170mm<\/li>\n<li><strong>Offset:<\/strong>\u00a044mm<\/li>\n<\/ul>\n<h3>Material<\/h3>\n<ul>\n<li><strong>Gabelschaft:<\/strong>\u00a0Aluminium<\/li>\n<li><strong>Gabelkrone:<\/strong>\u00a0Aluminium<\/li>\n<li><strong>Tauchrohre:<\/strong>\u00a0Magnesium<\/li>\n<li><strong>Standrohre:<\/strong>\u00a0Aluminium (Kashima Coat-Beschichtung)<\/li>\n<\/ul>\n<h3>Farbe<\/h3>\n<ul>\n<li>shiny orange black \/ clear<\/li>\n<\/ul>\n<h3>Gewicht<\/h3>\n<ul>\n<li>ab 2180g (Herstellerangabe)<\/li>\n<\/ul>\n<hr \/>\n<h3>Lieferumfang<\/h3>\n<ul>\n<li>1 Fox Racing 38 K Float 29&#8243; Factory 170 Grip2 Tapered Boost<\/li>\n<li>1 Fox Racing Boost 15x110mm Steckachse mit Schnellspannhebel<\/li>\n<li>1 Leitungsf\u00fchrung<\/li>\n<li>1 Einschlagkralle<\/li>\n<li>3 Volumenspacer<\/li>\n<li>Anleitung<\/li>\n<\/ul>\n<hr \/>\n<h3>Technologien<\/h3>\n<p><strong>FIT GRIP2<\/strong><br \/>\nDie geschlossene FIT-D\u00e4mpfung der neuen Generation. High- und Lowspeedcompression sowie High- und Lowspeedrebound lassen sich unabh\u00e4ngig voneinander einstellen. Die VARIABLE VALUE CONTROL- Einheit gibt Ihnen das Gef\u00fchl nicht nur die Vorspannung zu erh\u00f6hen, sondern, dass der Shimstack an Sie angepasst wurde. Das raffinierte Mid-Valve Design erlaubt eine effektivere D\u00e4mpfungskennlinie.<\/p>\n<p><strong>Kashima Coat Beschichtung\u00a0<\/strong><br \/>\nDie markante goldene Genuine Kashima Coat-Beschichtung bietet eine \u00fcberragende Gesamtperformance und sorgt f\u00fcr minimale Reibung und ein optimales Ansprechverhalten bei maximaler Haltbarkeit. Alle Gabeln der Factory-Serie &#8211; Jetzt f\u00fcr alle Gabeln der Factory-Serie erh\u00e4ltlich. Die Genuine Kashima Coat-Beschichtung f\u00fcr ein butterweiches Fahrgef\u00fchl ist exklusiv nur von FOX erh\u00e4ltlich &#8211; das Kashima Coat-Logo ist auf beide Standrohre aufgebracht.<strong><br \/>\n<\/strong><\/p>\n<p><strong>Air Volume Spacers\u00a0<\/strong><br \/>\nDie FLOAT-Luftfeder bei Fox Gabeln und Federbeinen kann durch den Einsatz von Volumenspacern fein eingestellt werden, um die Federelemente progressiver oder weniger progressiv abzustimmen. Das erlaubt dem Fahrer die Feinjustage der Federung exakt nach seinen Bed\u00fcrfnissen.<\/p>\n<hr \/>\n<h3>FOX FLOAT Air Spring (Luftfeder)<\/h3>\n<p><iframe src=\"https:\/\/www.youtube-nocookie.com\/embed\/03pdywBkuNQ?rel=0&amp;showinfo=0\" width=\"640\" height=\"360\" frameborder=\"0\" allowfullscreen=\"allowfullscreen\" data-mce-fragment=\"1\"><\/iframe><\/p>\n<\/div>","protected":false},"excerpt":{"rendered":"<p>Fox Racing\u00a038 K FLOAT 29&#8243; Factory 170 Grip2 Tapered Boost Die Fox Racing 38 K\u00a0mit Kashima Coat-Beschichtung, verbesserter GRIP2-Kartusche, ist<\/p>","protected":false},"featured_media":62998,"comment_status":"open","ping_status":"closed","template":"","meta":[],"product_brand":[],"product_cat":[424,423],"product_tag":[],"class_list":{"0":"post-43788","1":"product","2":"type-product","3":"status-publish","4":"has-post-thumbnail","6":"product_cat-mtb-teile","7":"product_cat-teile","8":"pa_marke-fox","10":"first","11":"instock","12":"sale","13":"taxable","14":"shipping-taxable","15":"purchasable","16":"product-type-simple"},"yoast_head":"<!-- This site is optimized with the Yoast SEO Premium plugin v20.12 (Yoast SEO v27.1.1) - https:\/\/yoast.com\/product\/yoast-seo-premium-wordpress\/ -->\n<title>Fox Racing 38 K FLOAT 29&quot; Factory 170 Grip2 Tapered Boost<\/title>\n<meta name=\"description\" content=\"Entdecken Sie unseren Online-Fahrradladen: Gro\u00dfe Auswahl an Modellen f\u00fcr alle Radsportbegeisterten. Von Rennr\u00e4dern bis zu Mountainbikes - finden Sie heute Ihren perfekten Wegbegleiter!\" \/>\n<meta name=\"robots\" content=\"index, follow, max-snippet:-1, max-image-preview:large, max-video-preview:-1\" \/>\n<link rel=\"canonical\" href=\"https:\/\/kgerad.de\/en\/product\/fox-racing-38-k-float-29-factory-170-grip2-tapered-boost\/\" \/>\n<meta property=\"og:locale\" content=\"en_US\" \/>\n<meta property=\"og:type\" content=\"article\" \/>\n<meta property=\"og:title\" content=\"Fox Racing 38 K FLOAT 29&quot; Factory 170 Grip2 Tapered Boost\" \/>\n<meta property=\"og:description\" content=\"Entdecken Sie unseren Online-Fahrradladen: Gro\u00dfe Auswahl an Modellen f\u00fcr alle Radsportbegeisterten. Von Rennr\u00e4dern bis zu Mountainbikes - finden Sie heute Ihren perfekten Wegbegleiter!\" \/>\n<meta property=\"og:url\" content=\"https:\/\/kgerad.de\/en\/product\/fox-racing-38-k-float-29-factory-170-grip2-tapered-boost\/\" \/>\n<meta property=\"og:site_name\" content=\"kgerad.de\" \/>\n<meta property=\"article:modified_time\" content=\"2023-08-11T06:27:05+00:00\" \/>\n<meta property=\"og:image\" content=\"https:\/\/kgerad.de\/wp-content\/uploads\/2023\/06\/fox-racing-910-20-200-38-K-FLOAT-29-Factory-170-Grip2-Tapered-Boost-1_800x800-0.jpg\" \/>\n\t<meta property=\"og:image:width\" content=\"231\" \/>\n\t<meta property=\"og:image:height\" content=\"800\" \/>\n\t<meta property=\"og:image:type\" content=\"image\/jpeg\" \/>\n<meta name=\"twitter:card\" content=\"summary_large_image\" \/>\n<meta name=\"twitter:label1\" content=\"Est. reading time\" \/>\n\t<meta name=\"twitter:data1\" content=\"5 minutes\" \/>\n<script type=\"application\/ld+json\" class=\"yoast-schema-graph\">{\"@context\":\"https:\/\/schema.org\",\"@graph\":[{\"@type\":\"WebPage\",\"@id\":\"https:\/\/kgerad.de\/produkt\/fox-racing-38-k-float-29-factory-170-grip2-tapered-boost\/\",\"url\":\"https:\/\/kgerad.de\/produkt\/fox-racing-38-k-float-29-factory-170-grip2-tapered-boost\/\",\"name\":\"Fox Racing 38 K FLOAT 29\\\" Factory 170 Grip2 Tapered Boost\",\"isPartOf\":{\"@id\":\"https:\/\/kgerad.de\/#website\"},\"primaryImageOfPage\":{\"@id\":\"https:\/\/kgerad.de\/produkt\/fox-racing-38-k-float-29-factory-170-grip2-tapered-boost\/#primaryimage\"},\"image\":{\"@id\":\"https:\/\/kgerad.de\/produkt\/fox-racing-38-k-float-29-factory-170-grip2-tapered-boost\/#primaryimage\"},\"thumbnailUrl\":\"https:\/\/kgerad.de\/wp-content\/uploads\/2023\/06\/fox-racing-910-20-200-38-K-FLOAT-29-Factory-170-Grip2-Tapered-Boost-1_800x800-0.jpg\",\"datePublished\":\"2022-11-24T09:02:52+00:00\",\"dateModified\":\"2023-08-11T06:27:05+00:00\",\"description\":\"Entdecken Sie unseren Online-Fahrradladen: Gro\u00dfe Auswahl an Modellen f\u00fcr alle Radsportbegeisterten. Von Rennr\u00e4dern bis zu Mountainbikes - finden Sie heute Ihren perfekten Wegbegleiter!\",\"breadcrumb\":{\"@id\":\"https:\/\/kgerad.de\/produkt\/fox-racing-38-k-float-29-factory-170-grip2-tapered-boost\/#breadcrumb\"},\"inLanguage\":\"en-US\",\"potentialAction\":[{\"@type\":\"ReadAction\",\"target\":[\"https:\/\/kgerad.de\/produkt\/fox-racing-38-k-float-29-factory-170-grip2-tapered-boost\/\"]}]},{\"@type\":\"ImageObject\",\"inLanguage\":\"en-US\",\"@id\":\"https:\/\/kgerad.de\/produkt\/fox-racing-38-k-float-29-factory-170-grip2-tapered-boost\/#primaryimage\",\"url\":\"https:\/\/kgerad.de\/wp-content\/uploads\/2023\/06\/fox-racing-910-20-200-38-K-FLOAT-29-Factory-170-Grip2-Tapered-Boost-1_800x800-0.jpg\",\"contentUrl\":\"https:\/\/kgerad.de\/wp-content\/uploads\/2023\/06\/fox-racing-910-20-200-38-K-FLOAT-29-Factory-170-Grip2-Tapered-Boost-1_800x800-0.jpg\",\"width\":231,\"height\":800,\"caption\":\"Fox Racing 38 K FLOAT 29 Factory 170 Grip2 Tapered Boost\"},{\"@type\":\"BreadcrumbList\",\"@id\":\"https:\/\/kgerad.de\/produkt\/fox-racing-38-k-float-29-factory-170-grip2-tapered-boost\/#breadcrumb\",\"itemListElement\":[{\"@type\":\"ListItem\",\"position\":1,\"name\":\"Startseite\",\"item\":\"https:\/\/kgerad.de\/\"},{\"@type\":\"ListItem\",\"position\":2,\"name\":\"LADEN\",\"item\":\"https:\/\/kgerad.de\/laden\/\"},{\"@type\":\"ListItem\",\"position\":3,\"name\":\"Fox Racing 38 K FLOAT 29&#8243; Factory 170 Grip2 Tapered Boost\"}]},{\"@type\":\"WebSite\",\"@id\":\"https:\/\/kgerad.de\/#website\",\"url\":\"https:\/\/kgerad.de\/\",\"name\":\"kgerad.de\",\"description\":\"Treten Sie mit uns ins Abenteuer!\",\"publisher\":{\"@id\":\"https:\/\/kgerad.de\/#organization\"},\"alternateName\":\"MEIN RADLADEN\",\"potentialAction\":[{\"@type\":\"SearchAction\",\"target\":{\"@type\":\"EntryPoint\",\"urlTemplate\":\"https:\/\/kgerad.de\/?s={search_term_string}\"},\"query-input\":{\"@type\":\"PropertyValueSpecification\",\"valueRequired\":true,\"valueName\":\"search_term_string\"}}],\"inLanguage\":\"en-US\"},{\"@type\":\"Organization\",\"@id\":\"https:\/\/kgerad.de\/#organization\",\"name\":\"MEINRADLADEN\",\"alternateName\":\"MEIN RADLADEN\",\"url\":\"https:\/\/kgerad.de\/\",\"logo\":{\"@type\":\"ImageObject\",\"inLanguage\":\"en-US\",\"@id\":\"https:\/\/kgerad.de\/#\/schema\/logo\/image\/\",\"url\":\"https:\/\/kgerad.de\/wp-content\/uploads\/2025\/07\/logo-Whit.svg\",\"contentUrl\":\"https:\/\/kgerad.de\/wp-content\/uploads\/2025\/07\/logo-Whit.svg\",\"width\":1640,\"height\":371,\"caption\":\"MEINRADLADEN\"},\"image\":{\"@id\":\"https:\/\/kgerad.de\/#\/schema\/logo\/image\/\"}}]}<\/script>\n<!-- \/ Yoast SEO Premium plugin. -->","yoast_head_json":{"title":"Fox Racing 38 K FLOAT 29\" Factory 170 Grip2 Tapered Boost","description":"Entdecken Sie unseren Online-Fahrradladen: Gro\u00dfe Auswahl an Modellen f\u00fcr alle Radsportbegeisterten. Von Rennr\u00e4dern bis zu Mountainbikes - finden Sie heute Ihren perfekten Wegbegleiter!","robots":{"index":"index","follow":"follow","max-snippet":"max-snippet:-1","max-image-preview":"max-image-preview:large","max-video-preview":"max-video-preview:-1"},"canonical":"https:\/\/kgerad.de\/en\/product\/fox-racing-38-k-float-29-factory-170-grip2-tapered-boost\/","og_locale":"en_US","og_type":"article","og_title":"Fox Racing 38 K FLOAT 29\" Factory 170 Grip2 Tapered Boost","og_description":"Entdecken Sie unseren Online-Fahrradladen: Gro\u00dfe Auswahl an Modellen f\u00fcr alle Radsportbegeisterten. Von Rennr\u00e4dern bis zu Mountainbikes - finden Sie heute Ihren perfekten Wegbegleiter!","og_url":"https:\/\/kgerad.de\/en\/product\/fox-racing-38-k-float-29-factory-170-grip2-tapered-boost\/","og_site_name":"kgerad.de","article_modified_time":"2023-08-11T06:27:05+00:00","og_image":[{"width":231,"height":800,"url":"https:\/\/kgerad.de\/wp-content\/uploads\/2023\/06\/fox-racing-910-20-200-38-K-FLOAT-29-Factory-170-Grip2-Tapered-Boost-1_800x800-0.jpg","type":"image\/jpeg"}],"twitter_card":"summary_large_image","twitter_misc":{"Est. reading time":"5 minutes"},"schema":{"@context":"https:\/\/schema.org","@graph":[{"@type":"WebPage","@id":"https:\/\/kgerad.de\/produkt\/fox-racing-38-k-float-29-factory-170-grip2-tapered-boost\/","url":"https:\/\/kgerad.de\/produkt\/fox-racing-38-k-float-29-factory-170-grip2-tapered-boost\/","name":"Fox Racing 38 K FLOAT 29\" Factory 170 Grip2 Tapered Boost","isPartOf":{"@id":"https:\/\/kgerad.de\/#website"},"primaryImageOfPage":{"@id":"https:\/\/kgerad.de\/produkt\/fox-racing-38-k-float-29-factory-170-grip2-tapered-boost\/#primaryimage"},"image":{"@id":"https:\/\/kgerad.de\/produkt\/fox-racing-38-k-float-29-factory-170-grip2-tapered-boost\/#primaryimage"},"thumbnailUrl":"https:\/\/kgerad.de\/wp-content\/uploads\/2023\/06\/fox-racing-910-20-200-38-K-FLOAT-29-Factory-170-Grip2-Tapered-Boost-1_800x800-0.jpg","datePublished":"2022-11-24T09:02:52+00:00","dateModified":"2023-08-11T06:27:05+00:00","description":"Entdecken Sie unseren Online-Fahrradladen: Gro\u00dfe Auswahl an Modellen f\u00fcr alle Radsportbegeisterten. Von Rennr\u00e4dern bis zu Mountainbikes - finden Sie heute Ihren perfekten Wegbegleiter!","breadcrumb":{"@id":"https:\/\/kgerad.de\/produkt\/fox-racing-38-k-float-29-factory-170-grip2-tapered-boost\/#breadcrumb"},"inLanguage":"en-US","potentialAction":[{"@type":"ReadAction","target":["https:\/\/kgerad.de\/produkt\/fox-racing-38-k-float-29-factory-170-grip2-tapered-boost\/"]}]},{"@type":"ImageObject","inLanguage":"en-US","@id":"https:\/\/kgerad.de\/produkt\/fox-racing-38-k-float-29-factory-170-grip2-tapered-boost\/#primaryimage","url":"https:\/\/kgerad.de\/wp-content\/uploads\/2023\/06\/fox-racing-910-20-200-38-K-FLOAT-29-Factory-170-Grip2-Tapered-Boost-1_800x800-0.jpg","contentUrl":"https:\/\/kgerad.de\/wp-content\/uploads\/2023\/06\/fox-racing-910-20-200-38-K-FLOAT-29-Factory-170-Grip2-Tapered-Boost-1_800x800-0.jpg","width":231,"height":800,"caption":"Fox Racing 38 K FLOAT 29 Factory 170 Grip2 Tapered Boost"},{"@type":"BreadcrumbList","@id":"https:\/\/kgerad.de\/produkt\/fox-racing-38-k-float-29-factory-170-grip2-tapered-boost\/#breadcrumb","itemListElement":[{"@type":"ListItem","position":1,"name":"Startseite","item":"https:\/\/kgerad.de\/"},{"@type":"ListItem","position":2,"name":"LADEN","item":"https:\/\/kgerad.de\/laden\/"},{"@type":"ListItem","position":3,"name":"Fox Racing 38 K FLOAT 29&#8243; Factory 170 Grip2 Tapered Boost"}]},{"@type":"WebSite","@id":"https:\/\/kgerad.de\/#website","url":"https:\/\/kgerad.de\/","name":"kgerad.de","description":"Treten Sie mit uns ins Abenteuer!","publisher":{"@id":"https:\/\/kgerad.de\/#organization"},"alternateName":"MEIN RADLADEN","potentialAction":[{"@type":"SearchAction","target":{"@type":"EntryPoint","urlTemplate":"https:\/\/kgerad.de\/?s={search_term_string}"},"query-input":{"@type":"PropertyValueSpecification","valueRequired":true,"valueName":"search_term_string"}}],"inLanguage":"en-US"},{"@type":"Organization","@id":"https:\/\/kgerad.de\/#organization","name":"MEINRADLADEN","alternateName":"MEIN RADLADEN","url":"https:\/\/kgerad.de\/","logo":{"@type":"ImageObject","inLanguage":"en-US","@id":"https:\/\/kgerad.de\/#\/schema\/logo\/image\/","url":"https:\/\/kgerad.de\/wp-content\/uploads\/2025\/07\/logo-Whit.svg","contentUrl":"https:\/\/kgerad.de\/wp-content\/uploads\/2025\/07\/logo-Whit.svg","width":1640,"height":371,"caption":"MEINRADLADEN"},"image":{"@id":"https:\/\/kgerad.de\/#\/schema\/logo\/image\/"}}]}},"_links":{"self":[{"href":"https:\/\/kgerad.de\/en\/wp-json\/wp\/v2\/product\/43788","targetHints":{"allow":["GET"]}}],"collection":[{"href":"https:\/\/kgerad.de\/en\/wp-json\/wp\/v2\/product"}],"about":[{"href":"https:\/\/kgerad.de\/en\/wp-json\/wp\/v2\/types\/product"}],"replies":[{"embeddable":true,"href":"https:\/\/kgerad.de\/en\/wp-json\/wp\/v2\/comments?post=43788"}],"version-history":[{"count":1,"href":"https:\/\/kgerad.de\/en\/wp-json\/wp\/v2\/product\/43788\/revisions"}],"predecessor-version":[{"id":79137,"href":"https:\/\/kgerad.de\/en\/wp-json\/wp\/v2\/product\/43788\/revisions\/79137"}],"wp:featuredmedia":[{"embeddable":true,"href":"https:\/\/kgerad.de\/en\/wp-json\/wp\/v2\/media\/62998"}],"wp:attachment":[{"href":"https:\/\/kgerad.de\/en\/wp-json\/wp\/v2\/media?parent=43788"}],"wp:term":[{"taxonomy":"product_brand","embeddable":true,"href":"https:\/\/kgerad.de\/en\/wp-json\/wp\/v2\/product_brand?post=43788"},{"taxonomy":"product_cat","embeddable":true,"href":"https:\/\/kgerad.de\/en\/wp-json\/wp\/v2\/product_cat?post=43788"},{"taxonomy":"product_tag","embeddable":true,"href":"https:\/\/kgerad.de\/en\/wp-json\/wp\/v2\/product_tag?post=43788"}],"curies":[{"name":"wp","href":"https:\/\/api.w.org\/{rel}","templated":true}]}}