{"id":43734,"date":"2022-11-23T21:16:10","date_gmt":"2022-11-23T20:16:10","guid":{"rendered":"https:\/\/kgerad.de\/?post_type=product&#038;p=43734"},"modified":"2023-08-11T08:28:13","modified_gmt":"2023-08-11T06:28:13","slug":"shimano-slx-br-m7120-scheibenbremsen-set","status":"publish","type":"product","link":"https:\/\/kgerad.de\/en\/product\/shimano-slx-br-m7120-scheibenbremsen-set\/","title":{"rendered":"Shimano SLX BR-M7120 Scheibenbremsen-Set"},"content":{"rendered":"<h2 class=\"product--title\"><strong>Shimano<\/strong> SLX BR-M7120 Scheibenbremsen-Set<\/h2>\n<div class=\"product--description\">\n<p>Die Shimano SLX BR-M7120 neue\u00a0 kommt wahlweise mit einer Zwei-Kolben-Bremse f\u00fcr den Cross-Country-Bereich oder einer Vier-Kolben-Bremse f\u00fcr Trail\/Enduro. Das neue Design des Bremshebels, der schr\u00e4ggestellt montiert wird, sich damit an zwei Punkten am Lenker abst\u00fctzt und so die Steifigkeit deutlich erh\u00f6ht, sorgt f\u00fcr ein direkteres Feedback und mehr Bremsleistung, was von der SERVO WAVE Technologie noch unterst\u00fctzt wird. Die Bremssysteme zeichnen sich damit durch schnellere Reaktion h\u00f6here Leistung und einen k\u00fcrzeren Leerweg aus.<\/p>\n<p>Aus derselben DNA geformt wie ihre gro\u00dfen Geschwister XTR und DEORE XT, liefert die SLX all denen, die die Mountainbike-Leidenschaft f\u00fcr sich entdecken, Qualit\u00e4t und Performance, die auf diesem Level ausschlie\u00dflich SHIMANO garantieren kann.<\/p>\n<div>\n<hr \/>\n<h3>Features &#8211; Shimano SLX BR-M7120 4-Kolben Scheibenbremsen-Set<\/h3>\n<ul>\n<li>K\u00fcrzere Reaktionszeiten auf Bremsenbet\u00e4tigung f\u00fcr kontinuierliche Fahrkonzentration<\/li>\n<li>H\u00f6here Flexibilit\u00e4t und aktionsoptimiertes Cockpit-Layout<\/li>\n<li>Aktualisierte Bremsgriffform<\/li>\n<li>\u00dcbergangslose Funktion<\/li>\n<li>Hohe Festigkeit<\/li>\n<li>Schnelleres Ansprechen der Bremse mit k\u00fcrzerem Leerweg<\/li>\n<li>4-Kolben Bremssattel<\/li>\n<li>Bremssattel f\u00fcr Postmount-Aufnahme<\/li>\n<li>Optimierter, ergonomischer 2-Finger-Bremsgriff<\/li>\n<li>One-Way Entl\u00fcftung<\/li>\n<li>I-Spec EV kompatibel &#8211; Befestigung des Schalthebels am Bremshebel f\u00fcr ein sauberes, aufger\u00e4umtes Cockpit<\/li>\n<li><em>Passende Bremsscheiben SM-RT70 Center-Lock in 140, 160, 180, 203mm separat erh\u00e4ltlich!<\/em><\/li>\n<\/ul>\n<h3>Produkteigenschaften<\/h3>\n<ul>\n<li><strong>Einsatzbereich:<\/strong>\u00a0MTB<\/li>\n<li><strong>Gruppe:<\/strong>\u00a0SLX M7100<\/li>\n<li><strong>Modell:<\/strong>\u00a0BR-M7120 (Vorderrad+Hinterrad)<\/li>\n<li><strong>Bremsentyp:<\/strong>\u00a0Disc-Brake Hydraulisch<\/li>\n<li><strong>Bremshebel:<\/strong>\u00a0BL-M7100<\/li>\n<li><strong>Hebell\u00e4nge:\u00a0<\/strong>2-Finger<\/li>\n<li><strong>Anbau:<\/strong>\u00a0links + rechts<\/li>\n<li><strong>Klemmschelle:\u00a0<\/strong>offen<\/li>\n<li><strong>Befestigungssystem:<\/strong>\u00a0I-Spec EV\u00a0<em>(I-Spec EV ist nicht mit I-Spec II- und I-Spec B-Shiftern kompatibel!)<\/em><\/li>\n<li><strong>Griffweiteneinstellung:<\/strong>\u00a0Ja, ohne Werkzeug<\/li>\n<li><strong>Bremssattel:<\/strong>\u00a0BR-M7120 (4-Kolben)<\/li>\n<li><strong>Aufnahme Bremssattel:<\/strong>\u00a0Postmount<\/li>\n<li><strong>Bremsbelag:\u00a0<\/strong>N03A Resin mit K\u00fchlrippen<\/li>\n<li><strong>Bremsleitung:<\/strong>\u00a0SM-BH90-SBM<\/li>\n<li><strong>Leitungsl\u00e4ngen:<\/strong>\u00a0vorne 1000mm + hinten 1700mm (k\u00fcrzbar)<\/li>\n<li><strong>Leitungsanschluss:<\/strong>\u00a0Straight Bremshebel \/ Straight Bremssattel<\/li>\n<li><strong>One-Way-Entl\u00fcftung:<\/strong>\u00a0Ja<\/li>\n<li><strong>Bremsfl\u00fcssigkeit:<\/strong>\u00a0Mineral\u00f6l<\/li>\n<li><strong>Empfohlene Bremsscheibe:\u00a0<\/strong>SM-RT70<\/li>\n<\/ul>\n<h3>Material<\/h3>\n<ul>\n<li><strong>Hebel:\u00a0<\/strong>Aluminium, eloxiert<\/li>\n<li><strong>Bremssattel:<\/strong>\u00a0Aluminium, lackiert<\/li>\n<\/ul>\n<h3>Gewicht<\/h3>\n<ul>\n<li>Vorne ca. 285g (ohne Bremsscheibe und Adapter)<\/li>\n<li>Hinten ca. 299g (ohne Bremsscheibe und Adapter)<\/li>\n<\/ul>\n<hr \/>\n<h3>Lieferumfang<\/h3>\n<ul>\n<li>2 x Bremshebel SLX BL-M7100 links + rechts<\/li>\n<li>2 x Bremssattel SLX BR-M7120 (4-Kolben)<\/li>\n<li>2 x Bremsleitung SM-BH90-SBM 1000mm + 1700mm lang (k\u00fcrzbar)<\/li>\n<li>2 x Leitungsanschluss-Kit (Olive im Bremshebel und der Pin bereits in der Leitung verbaut)<\/li>\n<li>2 x Bremsbel\u00e4ge N03A Resin mit K\u00fchlrippen<\/li>\n<li>4 x Befestigungsschraube f\u00fcr Bremssattel<\/li>\n<li><em>Die Bremsleitungen SM-BH90-SBM sind mit Mineral\u00f6l bef\u00fcllt und an den Bremss\u00e4tteln BR-M7120 vormontiert!\u00a0(ohne Originalverpackung)<\/em><\/li>\n<\/ul>\n<div><em>Bremsscheiben\u00a0und Adapter nicht im Lieferumfang enthalten!<\/em><\/div>\n<div><\/div>\n<p>Die hydraulische SLX BR-M7120 4-Kolben-Scheibenbremse mit 2-Finger-Bremshebel von Shimano f\u00fcgt sich nahtlos in das starke Line-up der neuen SLX M7100 Gruppe ein. Die Highlights: mehr Bremskraft mit geringerem Kraftaufwand und eine extrem lineare Reaktion auf die Hebelbewegung.<\/p>\n<\/div>\n<p>&nbsp;<\/p>\n<hr \/>\n<h3>Shimano&#8217;s 12-fach SLX M7100<\/h3>\n<p><iframe src=\"https:\/\/www.youtube-nocookie.com\/embed\/bKIvzzQYRxc\" width=\"560\" height=\"315\" frameborder=\"0\" allowfullscreen=\"allowfullscreen\" data-mce-fragment=\"1\"><\/iframe><\/p>\n<h3>Erster Blick: Shimano SLX M7100<\/h3>\n<p><iframe src=\"https:\/\/www.youtube-nocookie.com\/embed\/QD4M62bpO3A\" width=\"560\" height=\"315\" frameborder=\"0\" allowfullscreen=\"allowfullscreen\" data-mce-fragment=\"1\"><\/iframe><\/p>\n<h3>Bryn Atkinson f\u00e4hrt mit der neuen 12-fach SLX<\/h3>\n<p><iframe src=\"https:\/\/www.youtube-nocookie.com\/embed\/gpxiQioJ-Zc\" width=\"560\" height=\"315\" frameborder=\"0\" allowfullscreen=\"allowfullscreen\" data-mce-fragment=\"1\"><\/iframe><\/p>\n<\/div>","protected":false},"excerpt":{"rendered":"<p>Shimano SLX BR-M7120 Scheibenbremsen-Set Die Shimano SLX BR-M7120 neue\u00a0 kommt wahlweise mit einer Zwei-Kolben-Bremse f\u00fcr den Cross-Country-Bereich oder einer Vier-Kolben-Bremse<\/p>","protected":false},"featured_media":62985,"comment_status":"open","ping_status":"closed","template":"","meta":[],"product_brand":[],"product_cat":[424,423],"product_tag":[],"class_list":{"0":"post-43734","1":"product","2":"type-product","3":"status-publish","4":"has-post-thumbnail","6":"product_cat-mtb-teile","7":"product_cat-teile","8":"pa_marke-shimano","10":"first","11":"instock","12":"sale","13":"taxable","14":"shipping-taxable","15":"purchasable","16":"product-type-simple"},"yoast_head":"<!-- This site is optimized with the Yoast SEO Premium plugin v20.12 (Yoast SEO v27.1.1) - https:\/\/yoast.com\/product\/yoast-seo-premium-wordpress\/ -->\n<title>Shimano SLX BR-M7120 Scheibenbremsen-Set<\/title>\n<meta name=\"description\" content=\"Entdecken Sie unseren Online-Fahrradladen: Gro\u00dfe Auswahl an Modellen f\u00fcr alle Radsportbegeisterten. Von Rennr\u00e4dern bis zu Mountainbikes - finden Sie heute Ihren perfekten Wegbegleiter!\" \/>\n<meta name=\"robots\" content=\"index, follow, max-snippet:-1, max-image-preview:large, max-video-preview:-1\" \/>\n<link rel=\"canonical\" href=\"https:\/\/kgerad.de\/en\/product\/shimano-slx-br-m7120-scheibenbremsen-set\/\" \/>\n<meta property=\"og:locale\" content=\"en_US\" \/>\n<meta property=\"og:type\" content=\"article\" \/>\n<meta property=\"og:title\" content=\"Shimano SLX BR-M7120 Scheibenbremsen-Set\" \/>\n<meta property=\"og:description\" content=\"Entdecken Sie unseren Online-Fahrradladen: Gro\u00dfe Auswahl an Modellen f\u00fcr alle Radsportbegeisterten. Von Rennr\u00e4dern bis zu Mountainbikes - finden Sie heute Ihren perfekten Wegbegleiter!\" \/>\n<meta property=\"og:url\" content=\"https:\/\/kgerad.de\/en\/product\/shimano-slx-br-m7120-scheibenbremsen-set\/\" \/>\n<meta property=\"og:site_name\" content=\"kgerad.de\" \/>\n<meta property=\"article:modified_time\" content=\"2023-08-11T06:28:13+00:00\" \/>\n<meta property=\"og:image\" content=\"https:\/\/kgerad.de\/wp-content\/uploads\/2023\/06\/Shimano_SLX-BR-M7120-Scheibenbremsen-Set_800x800-0.jpg\" \/>\n\t<meta property=\"og:image:width\" content=\"800\" \/>\n\t<meta property=\"og:image:height\" content=\"523\" \/>\n\t<meta property=\"og:image:type\" content=\"image\/jpeg\" \/>\n<meta name=\"twitter:card\" content=\"summary_large_image\" \/>\n<meta name=\"twitter:label1\" content=\"Est. reading time\" \/>\n\t<meta name=\"twitter:data1\" content=\"3 minutes\" \/>\n<script type=\"application\/ld+json\" class=\"yoast-schema-graph\">{\"@context\":\"https:\/\/schema.org\",\"@graph\":[{\"@type\":\"WebPage\",\"@id\":\"https:\/\/kgerad.de\/produkt\/shimano-slx-br-m7120-scheibenbremsen-set\/\",\"url\":\"https:\/\/kgerad.de\/produkt\/shimano-slx-br-m7120-scheibenbremsen-set\/\",\"name\":\"Shimano SLX BR-M7120 Scheibenbremsen-Set\",\"isPartOf\":{\"@id\":\"https:\/\/kgerad.de\/#website\"},\"primaryImageOfPage\":{\"@id\":\"https:\/\/kgerad.de\/produkt\/shimano-slx-br-m7120-scheibenbremsen-set\/#primaryimage\"},\"image\":{\"@id\":\"https:\/\/kgerad.de\/produkt\/shimano-slx-br-m7120-scheibenbremsen-set\/#primaryimage\"},\"thumbnailUrl\":\"https:\/\/kgerad.de\/wp-content\/uploads\/2023\/06\/Shimano_SLX-BR-M7120-Scheibenbremsen-Set_800x800-0.jpg\",\"datePublished\":\"2022-11-23T20:16:10+00:00\",\"dateModified\":\"2023-08-11T06:28:13+00:00\",\"description\":\"Entdecken Sie unseren Online-Fahrradladen: Gro\u00dfe Auswahl an Modellen f\u00fcr alle Radsportbegeisterten. Von Rennr\u00e4dern bis zu Mountainbikes - finden Sie heute Ihren perfekten Wegbegleiter!\",\"breadcrumb\":{\"@id\":\"https:\/\/kgerad.de\/produkt\/shimano-slx-br-m7120-scheibenbremsen-set\/#breadcrumb\"},\"inLanguage\":\"en-US\",\"potentialAction\":[{\"@type\":\"ReadAction\",\"target\":[\"https:\/\/kgerad.de\/produkt\/shimano-slx-br-m7120-scheibenbremsen-set\/\"]}]},{\"@type\":\"ImageObject\",\"inLanguage\":\"en-US\",\"@id\":\"https:\/\/kgerad.de\/produkt\/shimano-slx-br-m7120-scheibenbremsen-set\/#primaryimage\",\"url\":\"https:\/\/kgerad.de\/wp-content\/uploads\/2023\/06\/Shimano_SLX-BR-M7120-Scheibenbremsen-Set_800x800-0.jpg\",\"contentUrl\":\"https:\/\/kgerad.de\/wp-content\/uploads\/2023\/06\/Shimano_SLX-BR-M7120-Scheibenbremsen-Set_800x800-0.jpg\",\"width\":800,\"height\":523,\"caption\":\"Shimano SLX BR-M7120 Scheibenbremsen-Set\"},{\"@type\":\"BreadcrumbList\",\"@id\":\"https:\/\/kgerad.de\/produkt\/shimano-slx-br-m7120-scheibenbremsen-set\/#breadcrumb\",\"itemListElement\":[{\"@type\":\"ListItem\",\"position\":1,\"name\":\"Startseite\",\"item\":\"https:\/\/kgerad.de\/\"},{\"@type\":\"ListItem\",\"position\":2,\"name\":\"LADEN\",\"item\":\"https:\/\/kgerad.de\/laden\/\"},{\"@type\":\"ListItem\",\"position\":3,\"name\":\"Shimano SLX BR-M7120 Scheibenbremsen-Set\"}]},{\"@type\":\"WebSite\",\"@id\":\"https:\/\/kgerad.de\/#website\",\"url\":\"https:\/\/kgerad.de\/\",\"name\":\"kgerad.de\",\"description\":\"Treten Sie mit uns ins Abenteuer!\",\"publisher\":{\"@id\":\"https:\/\/kgerad.de\/#organization\"},\"alternateName\":\"MEIN RADLADEN\",\"potentialAction\":[{\"@type\":\"SearchAction\",\"target\":{\"@type\":\"EntryPoint\",\"urlTemplate\":\"https:\/\/kgerad.de\/?s={search_term_string}\"},\"query-input\":{\"@type\":\"PropertyValueSpecification\",\"valueRequired\":true,\"valueName\":\"search_term_string\"}}],\"inLanguage\":\"en-US\"},{\"@type\":\"Organization\",\"@id\":\"https:\/\/kgerad.de\/#organization\",\"name\":\"MEINRADLADEN\",\"alternateName\":\"MEIN RADLADEN\",\"url\":\"https:\/\/kgerad.de\/\",\"logo\":{\"@type\":\"ImageObject\",\"inLanguage\":\"en-US\",\"@id\":\"https:\/\/kgerad.de\/#\/schema\/logo\/image\/\",\"url\":\"https:\/\/kgerad.de\/wp-content\/uploads\/2025\/07\/logo-Whit.svg\",\"contentUrl\":\"https:\/\/kgerad.de\/wp-content\/uploads\/2025\/07\/logo-Whit.svg\",\"width\":1640,\"height\":371,\"caption\":\"MEINRADLADEN\"},\"image\":{\"@id\":\"https:\/\/kgerad.de\/#\/schema\/logo\/image\/\"}}]}<\/script>\n<!-- \/ Yoast SEO Premium plugin. -->","yoast_head_json":{"title":"Shimano SLX BR-M7120 Scheibenbremsen-Set","description":"Entdecken Sie unseren Online-Fahrradladen: Gro\u00dfe Auswahl an Modellen f\u00fcr alle Radsportbegeisterten. Von Rennr\u00e4dern bis zu Mountainbikes - finden Sie heute Ihren perfekten Wegbegleiter!","robots":{"index":"index","follow":"follow","max-snippet":"max-snippet:-1","max-image-preview":"max-image-preview:large","max-video-preview":"max-video-preview:-1"},"canonical":"https:\/\/kgerad.de\/en\/product\/shimano-slx-br-m7120-scheibenbremsen-set\/","og_locale":"en_US","og_type":"article","og_title":"Shimano SLX BR-M7120 Scheibenbremsen-Set","og_description":"Entdecken Sie unseren Online-Fahrradladen: Gro\u00dfe Auswahl an Modellen f\u00fcr alle Radsportbegeisterten. Von Rennr\u00e4dern bis zu Mountainbikes - finden Sie heute Ihren perfekten Wegbegleiter!","og_url":"https:\/\/kgerad.de\/en\/product\/shimano-slx-br-m7120-scheibenbremsen-set\/","og_site_name":"kgerad.de","article_modified_time":"2023-08-11T06:28:13+00:00","og_image":[{"width":800,"height":523,"url":"https:\/\/kgerad.de\/wp-content\/uploads\/2023\/06\/Shimano_SLX-BR-M7120-Scheibenbremsen-Set_800x800-0.jpg","type":"image\/jpeg"}],"twitter_card":"summary_large_image","twitter_misc":{"Est. reading time":"3 minutes"},"schema":{"@context":"https:\/\/schema.org","@graph":[{"@type":"WebPage","@id":"https:\/\/kgerad.de\/produkt\/shimano-slx-br-m7120-scheibenbremsen-set\/","url":"https:\/\/kgerad.de\/produkt\/shimano-slx-br-m7120-scheibenbremsen-set\/","name":"Shimano SLX BR-M7120 Scheibenbremsen-Set","isPartOf":{"@id":"https:\/\/kgerad.de\/#website"},"primaryImageOfPage":{"@id":"https:\/\/kgerad.de\/produkt\/shimano-slx-br-m7120-scheibenbremsen-set\/#primaryimage"},"image":{"@id":"https:\/\/kgerad.de\/produkt\/shimano-slx-br-m7120-scheibenbremsen-set\/#primaryimage"},"thumbnailUrl":"https:\/\/kgerad.de\/wp-content\/uploads\/2023\/06\/Shimano_SLX-BR-M7120-Scheibenbremsen-Set_800x800-0.jpg","datePublished":"2022-11-23T20:16:10+00:00","dateModified":"2023-08-11T06:28:13+00:00","description":"Entdecken Sie unseren Online-Fahrradladen: Gro\u00dfe Auswahl an Modellen f\u00fcr alle Radsportbegeisterten. Von Rennr\u00e4dern bis zu Mountainbikes - finden Sie heute Ihren perfekten Wegbegleiter!","breadcrumb":{"@id":"https:\/\/kgerad.de\/produkt\/shimano-slx-br-m7120-scheibenbremsen-set\/#breadcrumb"},"inLanguage":"en-US","potentialAction":[{"@type":"ReadAction","target":["https:\/\/kgerad.de\/produkt\/shimano-slx-br-m7120-scheibenbremsen-set\/"]}]},{"@type":"ImageObject","inLanguage":"en-US","@id":"https:\/\/kgerad.de\/produkt\/shimano-slx-br-m7120-scheibenbremsen-set\/#primaryimage","url":"https:\/\/kgerad.de\/wp-content\/uploads\/2023\/06\/Shimano_SLX-BR-M7120-Scheibenbremsen-Set_800x800-0.jpg","contentUrl":"https:\/\/kgerad.de\/wp-content\/uploads\/2023\/06\/Shimano_SLX-BR-M7120-Scheibenbremsen-Set_800x800-0.jpg","width":800,"height":523,"caption":"Shimano SLX BR-M7120 Scheibenbremsen-Set"},{"@type":"BreadcrumbList","@id":"https:\/\/kgerad.de\/produkt\/shimano-slx-br-m7120-scheibenbremsen-set\/#breadcrumb","itemListElement":[{"@type":"ListItem","position":1,"name":"Startseite","item":"https:\/\/kgerad.de\/"},{"@type":"ListItem","position":2,"name":"LADEN","item":"https:\/\/kgerad.de\/laden\/"},{"@type":"ListItem","position":3,"name":"Shimano SLX BR-M7120 Scheibenbremsen-Set"}]},{"@type":"WebSite","@id":"https:\/\/kgerad.de\/#website","url":"https:\/\/kgerad.de\/","name":"kgerad.de","description":"Treten Sie mit uns ins Abenteuer!","publisher":{"@id":"https:\/\/kgerad.de\/#organization"},"alternateName":"MEIN RADLADEN","potentialAction":[{"@type":"SearchAction","target":{"@type":"EntryPoint","urlTemplate":"https:\/\/kgerad.de\/?s={search_term_string}"},"query-input":{"@type":"PropertyValueSpecification","valueRequired":true,"valueName":"search_term_string"}}],"inLanguage":"en-US"},{"@type":"Organization","@id":"https:\/\/kgerad.de\/#organization","name":"MEINRADLADEN","alternateName":"MEIN RADLADEN","url":"https:\/\/kgerad.de\/","logo":{"@type":"ImageObject","inLanguage":"en-US","@id":"https:\/\/kgerad.de\/#\/schema\/logo\/image\/","url":"https:\/\/kgerad.de\/wp-content\/uploads\/2025\/07\/logo-Whit.svg","contentUrl":"https:\/\/kgerad.de\/wp-content\/uploads\/2025\/07\/logo-Whit.svg","width":1640,"height":371,"caption":"MEINRADLADEN"},"image":{"@id":"https:\/\/kgerad.de\/#\/schema\/logo\/image\/"}}]}},"_links":{"self":[{"href":"https:\/\/kgerad.de\/en\/wp-json\/wp\/v2\/product\/43734","targetHints":{"allow":["GET"]}}],"collection":[{"href":"https:\/\/kgerad.de\/en\/wp-json\/wp\/v2\/product"}],"about":[{"href":"https:\/\/kgerad.de\/en\/wp-json\/wp\/v2\/types\/product"}],"replies":[{"embeddable":true,"href":"https:\/\/kgerad.de\/en\/wp-json\/wp\/v2\/comments?post=43734"}],"version-history":[{"count":1,"href":"https:\/\/kgerad.de\/en\/wp-json\/wp\/v2\/product\/43734\/revisions"}],"predecessor-version":[{"id":79142,"href":"https:\/\/kgerad.de\/en\/wp-json\/wp\/v2\/product\/43734\/revisions\/79142"}],"wp:featuredmedia":[{"embeddable":true,"href":"https:\/\/kgerad.de\/en\/wp-json\/wp\/v2\/media\/62985"}],"wp:attachment":[{"href":"https:\/\/kgerad.de\/en\/wp-json\/wp\/v2\/media?parent=43734"}],"wp:term":[{"taxonomy":"product_brand","embeddable":true,"href":"https:\/\/kgerad.de\/en\/wp-json\/wp\/v2\/product_brand?post=43734"},{"taxonomy":"product_cat","embeddable":true,"href":"https:\/\/kgerad.de\/en\/wp-json\/wp\/v2\/product_cat?post=43734"},{"taxonomy":"product_tag","embeddable":true,"href":"https:\/\/kgerad.de\/en\/wp-json\/wp\/v2\/product_tag?post=43734"}],"curies":[{"name":"wp","href":"https:\/\/api.w.org\/{rel}","templated":true}]}}