{"id":43574,"date":"2022-11-23T19:52:38","date_gmt":"2022-11-23T18:52:38","guid":{"rendered":"https:\/\/kgerad.de\/?post_type=product&#038;p=43574"},"modified":"2023-08-11T08:40:02","modified_gmt":"2023-08-11T06:40:02","slug":"rockshox-zeb-ultimate-charger-3-rc2-29-debonair","status":"publish","type":"product","link":"https:\/\/kgerad.de\/en\/product\/rockshox-zeb-ultimate-charger-3-rc2-29-debonair\/","title":{"rendered":"RockShox ZEB Ultimate Charger 3 RC2 29&#8243; DebonAir+"},"content":{"rendered":"<h2 class=\"product--title\"><strong>RockShox<\/strong> ZEB Ultimate Charger 3 RC2 29&#8243; DebonAir+<\/h2>\n<p>Die RockShox ZEB Ultimate wurde v\u00f6llig neu entwickelt f\u00fcr die Grenzbereiche der h\u00e4rtesten Enduro-Strecken der Welt. Auf Ultimate zu setzen, hat auch hier seine Vorteile \u2013 mit steifem 38-mm-Chassis, Charger-3-D\u00e4mpfung mit vibrationsd\u00e4mpfender ButterCup\u2122-Technologie, DebonAir\u2122-Luftfederung, SKF-Dichtungen und Maxima-Plush-D\u00e4mpfungsfl\u00fcssigkeit. RockShox leistungsf\u00e4higsten, von Pro-Athleten erprobten Technologien bekommen hier die Premium-Optik on top.<\/p>\n<hr \/>\n<h3>Features &#8211; RockShox ZEB Ultimate<\/h3>\n<ul>\n<li>Neues 38-mm-Chassis f\u00fcr erh\u00f6hte Steifigkeit und Vertrauen<\/li>\n<li>Die NEUEN ButterCups blockieren 20 % des hochfrequenten &#8222;Trail-Ratterns&#8220;. Die Begrenzung dieser Vibrationen reduziert massiv die Erm\u00fcdung von Hand und Arm, so dass du dich frisch f\u00fchlst<\/li>\n<li>Der NEUE Charger 3\u2122 verf\u00fcgt \u00fcber ein v\u00f6llig neues Internal Floating Piston (IFP) Design mit besserer Genauigkeit, Leistung und wirklich unabh\u00e4ngigen Einstellungen ohne &#8222;\u00dcbersprechen&#8220;. Mit High Speed Compression, Low Speed Compression und einem \u00fcberarbeiteten Low Speed Rebound ist jeder Klick sinnvoll und exakt. Dieses Design erm\u00f6glicht es dem Fahrer, mit jedem Klick ein perfektes Tuning zu erreichen.<\/li>\n<li>Das NEUE DebonAir+ wurde entwickelt, um die perfekte Balance zwischen dem zu finden, was Fahrer wirklich wollen: butterweiches Fahrgef\u00fchl bei kleinen Unebenheiten, erh\u00f6htes Luftvolumen f\u00fcr mehr Unterst\u00fctzung w\u00e4hrend des gesamten Federwegs und eine h\u00f6here Gesamth\u00f6he f\u00fcr mehr Vertrauen, wenn es steil wird.<\/li>\n<li>Das NEUE ultimative Buchsenpaket maximiert die \u00dcberlappung der Gabelbuchsen, reduziert die Reibung und sorgt f\u00fcr ein m\u00f6glichst sanftes Fahrverhalten.<\/li>\n<li>NEUE Druckentlastungsventile verhindern den unerw\u00fcnschten Aufbau von Luftdruck im Unterschenkel, der durch H\u00f6hen- oder Temperaturschwankungen verursacht wird. Mit nur ein oder zwei Knopfdr\u00fccken stellen die Druckentlastungsventile das erstklassige Gabelgef\u00fchl wieder her.<\/li>\n<li>Das NEUE Maxima Plush Dynamic Suspension Lube reduziert die Reibung und verbessert die Gabelleistung bei jeder Fahrt.<\/li>\n<li>NEUE Adapter zum Anschrauben von Drehmomentkappen f\u00fcr die Verwendung mit Standard-Nabenendkappen sind jetzt im Lieferumfang enthalten Leichte, maschinell bearbeitete und eloxierte Krone f\u00fcr erstklassiges Aussehen und Haltbarkeit<\/li>\n<li>Signature Series Grafikpaket<\/li>\n<li>Kompatibilit\u00e4t mit RockShox Premium-Schutzblechen<\/li>\n<li>SKF Abstreifdichtungen mit extrem geringer Reibung sorgen f\u00fcr eine lang anhaltende Gabelperformance und verbessern das gesamte Federungsgef\u00fchl<\/li>\n<li>Maxima Plush D\u00e4mpfungsfl\u00fcssigkeit reduziert Reibung und reduziert D\u00e4mpferger\u00e4usche<\/li>\n<\/ul>\n<h3>Produkteigenschaften<\/h3>\n<ul>\n<li><strong>Einsatzbereich:<\/strong>\u00a0MTB<\/li>\n<li><strong>Laufradgr\u00f6\u00dfe:<\/strong>\u00a029&#8243;<\/li>\n<li><strong>Federung:<\/strong>\u00a0DebonAir+<\/li>\n<li><strong>D\u00e4mpfung:\u00a0<\/strong>Charger 3 RC2<\/li>\n<li><strong>Einstellbarkeit:\u00a0<\/strong>Externe Zugstufenverstellung, Low Speed \/ High Speed Druckstufenverstellung<\/li>\n<li><strong>Gabelschaft:\u00a0<\/strong>Tapered 1.5&#8243; auf 1 1\/8&#8243; (konisch)<\/li>\n<li><strong>Gabelschaftl\u00e4nge:<\/strong>\u00a0262mm<\/li>\n<li><strong>Standrohre:<\/strong>\u00a038mm<\/li>\n<li><strong>Scheibenbremsaufnahme<\/strong><strong>:<\/strong>\u00a0Post Mount (Direct Mount 200mm)<\/li>\n<li><strong>H\u00f6chste empfohlene Bremsscheibengr\u00f6\u00dfe:<\/strong>\u00a0220mm<\/li>\n<li><strong>Ausfallenden:\u00a0<\/strong>15x110mm Maxle Stealth Boost Steckachse<\/li>\n<li><strong>Max Reifen Durchmesser:<\/strong>\u00a0770mm<\/li>\n<li><strong>Max Reifen Breite:\u00a0<\/strong>81mm<\/li>\n<li><strong>Einbauh\u00f6he:\u00a0<\/strong>576mm (160mm); 586mm (170mm); 596mm (180mm); 606mm (190mm)<\/li>\n<li><strong>Schutzblech-Kompatibilit\u00e4t:\u00a0<\/strong>Kurz, 3-Punkt Befestigung<\/li>\n<li><strong>Gabelkrone\/-kopf:\u00a0<\/strong>59mm<\/li>\n<\/ul>\n<h3>Federweg \/ Offset (Variante w\u00e4hlen)<\/h3>\n<ul>\n<li>160mm \/ 44 Offset<\/li>\n<li>170mm \/ 44 Offset<\/li>\n<li>180mm \/ 44 Offset<\/li>\n<li>190mm \/ 44 Offset<\/li>\n<\/ul>\n<h3>Material<\/h3>\n<ul>\n<li><strong>Gabelschaft:\u00a0<\/strong>Aluminium<\/li>\n<li><strong>Gabelkrone:<\/strong>\u00a0Geschmiedetes Aluminium<\/li>\n<li><strong>Standrohre:<\/strong>\u00a0Aluminium, Fast Black<\/li>\n<li><strong>Tauchrohre:\u00a0<\/strong>Magnesium<\/li>\n<\/ul>\n<h3>Farbe<\/h3>\n<ul>\n<li>gloss black<\/li>\n<\/ul>\n<hr \/>\n<h3>Lieferumfang<\/h3>\n<ul>\n<li>RockShox ZEB Ultimate 29&#8243; Debon Air+ Tapered Boost<\/li>\n<li>15x110mm Maxle Stealth Boost Steckachse<\/li>\n<li>2 Bottomless Tokens<\/li>\n<li>Einschlagkralle<\/li>\n<li>Mudguard<\/li>\n<\/ul>\n<hr \/>\n<h3>Technologien<\/h3>\n<div><strong>BOOST\u2122<\/strong><br \/>\nBOOST\u2122 ist eine neue Laufrad- und Antriebsspezifikation, welche eine verbesserte Rahmengeometrie mit ku\u0308rzeren Kettenstreben, breitere und h\u00e4rtere Federung, eine gr\u00f6\u00dfere Anzahl an Kettenblattoptionen, mehr Spielraum fu\u0308r breitere Reifen und eine erh\u00f6hte Steifigkeit und Robustheit des Laufrads bietet.<strong>Maxima Plush Fluid<\/strong><br \/>\nDie beste Federung braucht das beste \u00d6l. Entwickelt mit den schnellsten Fahrern und auf den h\u00e4rtesten Strecken der Welt: Maxima Plush ist daf\u00fcr gemacht, den Verschlei\u00df der Federung, die Reibung und die D\u00e4mpferger\u00e4usche zu reduzieren und sich bei allen Temperaturen gleich anzuf\u00fchlen.<strong>SKF ABSTREIFERDICHTUNGEN<\/strong><br \/>\nReibung minimieren! Dreck drau\u00dfen halten! Gutes Teamwork mag doch jeder! Wir auch, darum arbeiten wir seit f\u00fcnf Jahren mit SKF zusammen, dem Hersteller der weltbesten Dichtungen. Gemeinsam k\u00f6nnen wir ultra-reibungsarme Abstreifdichtungen anbieten, f\u00fcr weniger Arm-Pump und ein unvergleichliches Fahrwerks-Feeling, w\u00e4hrend der Dreck immer dort bleibt, wo er hingeh\u00f6rt. Nicht in unseren Gabeln<strong>Bottomless Tokens<\/strong><br \/>\nMithilfe von Bottomless-Distanzstu\u0308cken k\u00f6nnen Fahrer die Luftfederleistung ihrer RockShox-Federgabel optimal an ihren eigenen Fahrstil und die bevorzugte Federung anpassen. Durch die einfach zu montierenden Bottomless-Distanzstu\u0308cke \u00e4ndert sich die Luftfederkennlinie, um ein Durchschlagen nach einem gro\u00dfen Schlag zu verhindern. Aggressive Fahrer k\u00f6nnen so auf einer Strecke st\u00e4rker attackieren. Durch Entfernen der Bottomless-Distanzstu\u0308cke ergibt sich eine linearere Luftfederkennlinie, was die D\u00e4mpfung bei bestimmten Gel\u00e4ndearten oder Streckenbedingungen verst\u00e4rkt und dafu\u0308r sorgt, dass weniger aggressive Fahrer den Federweg zu 100 Prozent nutzen k\u00f6nnen.<\/p>\n<\/div>","protected":false},"excerpt":{"rendered":"<p>RockShox ZEB Ultimate Charger 3 RC2 29&#8243; DebonAir+ Die RockShox ZEB Ultimate wurde v\u00f6llig neu entwickelt f\u00fcr die Grenzbereiche der<\/p>","protected":false},"featured_media":62923,"comment_status":"open","ping_status":"closed","template":"","meta":[],"product_brand":[],"product_cat":[424,423],"product_tag":[],"class_list":{"0":"post-43574","1":"product","2":"type-product","3":"status-publish","4":"has-post-thumbnail","6":"product_cat-mtb-teile","7":"product_cat-teile","8":"pa_marke-rockshox","10":"first","11":"instock","12":"sale","13":"taxable","14":"shipping-taxable","15":"purchasable","16":"product-type-simple"},"yoast_head":"<!-- This site is optimized with the Yoast SEO Premium plugin v20.12 (Yoast SEO v27.1.1) - https:\/\/yoast.com\/product\/yoast-seo-premium-wordpress\/ -->\n<title>RockShox ZEB Ultimate Charger 3 RC2 29&quot; DebonAir+<\/title>\n<meta name=\"description\" content=\"Entdecken Sie unseren Online-Fahrradladen: Gro\u00dfe Auswahl an Modellen f\u00fcr alle Radsportbegeisterten. Von Rennr\u00e4dern bis zu Mountainbikes - finden Sie heute Ihren perfekten Wegbegleiter!\" \/>\n<meta name=\"robots\" content=\"index, follow, max-snippet:-1, max-image-preview:large, max-video-preview:-1\" \/>\n<link rel=\"canonical\" href=\"https:\/\/kgerad.de\/en\/product\/rockshox-zeb-ultimate-charger-3-rc2-29-debonair\/\" \/>\n<meta property=\"og:locale\" content=\"en_US\" \/>\n<meta property=\"og:type\" content=\"article\" \/>\n<meta property=\"og:title\" content=\"RockShox ZEB Ultimate Charger 3 RC2 29&quot; DebonAir+\" \/>\n<meta property=\"og:description\" content=\"Entdecken Sie unseren Online-Fahrradladen: Gro\u00dfe Auswahl an Modellen f\u00fcr alle Radsportbegeisterten. Von Rennr\u00e4dern bis zu Mountainbikes - finden Sie heute Ihren perfekten Wegbegleiter!\" \/>\n<meta property=\"og:url\" content=\"https:\/\/kgerad.de\/en\/product\/rockshox-zeb-ultimate-charger-3-rc2-29-debonair\/\" \/>\n<meta property=\"og:site_name\" content=\"kgerad.de\" \/>\n<meta property=\"article:modified_time\" content=\"2023-08-11T06:40:02+00:00\" \/>\n<meta property=\"og:image\" content=\"https:\/\/kgerad.de\/wp-content\/uploads\/2023\/06\/RockShox-ZEB-Ultimate-Charger-3-RC2-DebonAir-Tapered-Boost-00-4020-819-003_800x800-0.jpg\" \/>\n\t<meta property=\"og:image:width\" content=\"221\" \/>\n\t<meta property=\"og:image:height\" content=\"800\" \/>\n\t<meta property=\"og:image:type\" content=\"image\/jpeg\" \/>\n<meta name=\"twitter:card\" content=\"summary_large_image\" \/>\n<meta name=\"twitter:label1\" content=\"Est. reading time\" \/>\n\t<meta name=\"twitter:data1\" content=\"4 minutes\" \/>\n<script type=\"application\/ld+json\" class=\"yoast-schema-graph\">{\"@context\":\"https:\/\/schema.org\",\"@graph\":[{\"@type\":\"WebPage\",\"@id\":\"https:\/\/kgerad.de\/produkt\/rockshox-zeb-ultimate-charger-3-rc2-29-debonair\/\",\"url\":\"https:\/\/kgerad.de\/produkt\/rockshox-zeb-ultimate-charger-3-rc2-29-debonair\/\",\"name\":\"RockShox ZEB Ultimate Charger 3 RC2 29\\\" DebonAir+\",\"isPartOf\":{\"@id\":\"https:\/\/kgerad.de\/#website\"},\"primaryImageOfPage\":{\"@id\":\"https:\/\/kgerad.de\/produkt\/rockshox-zeb-ultimate-charger-3-rc2-29-debonair\/#primaryimage\"},\"image\":{\"@id\":\"https:\/\/kgerad.de\/produkt\/rockshox-zeb-ultimate-charger-3-rc2-29-debonair\/#primaryimage\"},\"thumbnailUrl\":\"https:\/\/kgerad.de\/wp-content\/uploads\/2023\/06\/RockShox-ZEB-Ultimate-Charger-3-RC2-DebonAir-Tapered-Boost-00-4020-819-003_800x800-0.jpg\",\"datePublished\":\"2022-11-23T18:52:38+00:00\",\"dateModified\":\"2023-08-11T06:40:02+00:00\",\"description\":\"Entdecken Sie unseren Online-Fahrradladen: Gro\u00dfe Auswahl an Modellen f\u00fcr alle Radsportbegeisterten. Von Rennr\u00e4dern bis zu Mountainbikes - finden Sie heute Ihren perfekten Wegbegleiter!\",\"breadcrumb\":{\"@id\":\"https:\/\/kgerad.de\/produkt\/rockshox-zeb-ultimate-charger-3-rc2-29-debonair\/#breadcrumb\"},\"inLanguage\":\"en-US\",\"potentialAction\":[{\"@type\":\"ReadAction\",\"target\":[\"https:\/\/kgerad.de\/produkt\/rockshox-zeb-ultimate-charger-3-rc2-29-debonair\/\"]}]},{\"@type\":\"ImageObject\",\"inLanguage\":\"en-US\",\"@id\":\"https:\/\/kgerad.de\/produkt\/rockshox-zeb-ultimate-charger-3-rc2-29-debonair\/#primaryimage\",\"url\":\"https:\/\/kgerad.de\/wp-content\/uploads\/2023\/06\/RockShox-ZEB-Ultimate-Charger-3-RC2-DebonAir-Tapered-Boost-00-4020-819-003_800x800-0.jpg\",\"contentUrl\":\"https:\/\/kgerad.de\/wp-content\/uploads\/2023\/06\/RockShox-ZEB-Ultimate-Charger-3-RC2-DebonAir-Tapered-Boost-00-4020-819-003_800x800-0.jpg\",\"width\":221,\"height\":800,\"caption\":\"RockShox ZEB Ultimate Charger 3 RC2 29 DebonAir+ Tapered Boost\"},{\"@type\":\"BreadcrumbList\",\"@id\":\"https:\/\/kgerad.de\/produkt\/rockshox-zeb-ultimate-charger-3-rc2-29-debonair\/#breadcrumb\",\"itemListElement\":[{\"@type\":\"ListItem\",\"position\":1,\"name\":\"Startseite\",\"item\":\"https:\/\/kgerad.de\/\"},{\"@type\":\"ListItem\",\"position\":2,\"name\":\"LADEN\",\"item\":\"https:\/\/kgerad.de\/laden\/\"},{\"@type\":\"ListItem\",\"position\":3,\"name\":\"RockShox ZEB Ultimate Charger 3 RC2 29&#8243; DebonAir+\"}]},{\"@type\":\"WebSite\",\"@id\":\"https:\/\/kgerad.de\/#website\",\"url\":\"https:\/\/kgerad.de\/\",\"name\":\"kgerad.de\",\"description\":\"Treten Sie mit uns ins Abenteuer!\",\"publisher\":{\"@id\":\"https:\/\/kgerad.de\/#organization\"},\"alternateName\":\"MEIN RADLADEN\",\"potentialAction\":[{\"@type\":\"SearchAction\",\"target\":{\"@type\":\"EntryPoint\",\"urlTemplate\":\"https:\/\/kgerad.de\/?s={search_term_string}\"},\"query-input\":{\"@type\":\"PropertyValueSpecification\",\"valueRequired\":true,\"valueName\":\"search_term_string\"}}],\"inLanguage\":\"en-US\"},{\"@type\":\"Organization\",\"@id\":\"https:\/\/kgerad.de\/#organization\",\"name\":\"MEINRADLADEN\",\"alternateName\":\"MEIN RADLADEN\",\"url\":\"https:\/\/kgerad.de\/\",\"logo\":{\"@type\":\"ImageObject\",\"inLanguage\":\"en-US\",\"@id\":\"https:\/\/kgerad.de\/#\/schema\/logo\/image\/\",\"url\":\"https:\/\/kgerad.de\/wp-content\/uploads\/2025\/07\/logo-Whit.svg\",\"contentUrl\":\"https:\/\/kgerad.de\/wp-content\/uploads\/2025\/07\/logo-Whit.svg\",\"width\":1640,\"height\":371,\"caption\":\"MEINRADLADEN\"},\"image\":{\"@id\":\"https:\/\/kgerad.de\/#\/schema\/logo\/image\/\"}}]}<\/script>\n<!-- \/ Yoast SEO Premium plugin. -->","yoast_head_json":{"title":"RockShox ZEB Ultimate Charger 3 RC2 29\" DebonAir+","description":"Entdecken Sie unseren Online-Fahrradladen: Gro\u00dfe Auswahl an Modellen f\u00fcr alle Radsportbegeisterten. Von Rennr\u00e4dern bis zu Mountainbikes - finden Sie heute Ihren perfekten Wegbegleiter!","robots":{"index":"index","follow":"follow","max-snippet":"max-snippet:-1","max-image-preview":"max-image-preview:large","max-video-preview":"max-video-preview:-1"},"canonical":"https:\/\/kgerad.de\/en\/product\/rockshox-zeb-ultimate-charger-3-rc2-29-debonair\/","og_locale":"en_US","og_type":"article","og_title":"RockShox ZEB Ultimate Charger 3 RC2 29\" DebonAir+","og_description":"Entdecken Sie unseren Online-Fahrradladen: Gro\u00dfe Auswahl an Modellen f\u00fcr alle Radsportbegeisterten. Von Rennr\u00e4dern bis zu Mountainbikes - finden Sie heute Ihren perfekten Wegbegleiter!","og_url":"https:\/\/kgerad.de\/en\/product\/rockshox-zeb-ultimate-charger-3-rc2-29-debonair\/","og_site_name":"kgerad.de","article_modified_time":"2023-08-11T06:40:02+00:00","og_image":[{"width":221,"height":800,"url":"https:\/\/kgerad.de\/wp-content\/uploads\/2023\/06\/RockShox-ZEB-Ultimate-Charger-3-RC2-DebonAir-Tapered-Boost-00-4020-819-003_800x800-0.jpg","type":"image\/jpeg"}],"twitter_card":"summary_large_image","twitter_misc":{"Est. reading time":"4 minutes"},"schema":{"@context":"https:\/\/schema.org","@graph":[{"@type":"WebPage","@id":"https:\/\/kgerad.de\/produkt\/rockshox-zeb-ultimate-charger-3-rc2-29-debonair\/","url":"https:\/\/kgerad.de\/produkt\/rockshox-zeb-ultimate-charger-3-rc2-29-debonair\/","name":"RockShox ZEB Ultimate Charger 3 RC2 29\" DebonAir+","isPartOf":{"@id":"https:\/\/kgerad.de\/#website"},"primaryImageOfPage":{"@id":"https:\/\/kgerad.de\/produkt\/rockshox-zeb-ultimate-charger-3-rc2-29-debonair\/#primaryimage"},"image":{"@id":"https:\/\/kgerad.de\/produkt\/rockshox-zeb-ultimate-charger-3-rc2-29-debonair\/#primaryimage"},"thumbnailUrl":"https:\/\/kgerad.de\/wp-content\/uploads\/2023\/06\/RockShox-ZEB-Ultimate-Charger-3-RC2-DebonAir-Tapered-Boost-00-4020-819-003_800x800-0.jpg","datePublished":"2022-11-23T18:52:38+00:00","dateModified":"2023-08-11T06:40:02+00:00","description":"Entdecken Sie unseren Online-Fahrradladen: Gro\u00dfe Auswahl an Modellen f\u00fcr alle Radsportbegeisterten. Von Rennr\u00e4dern bis zu Mountainbikes - finden Sie heute Ihren perfekten Wegbegleiter!","breadcrumb":{"@id":"https:\/\/kgerad.de\/produkt\/rockshox-zeb-ultimate-charger-3-rc2-29-debonair\/#breadcrumb"},"inLanguage":"en-US","potentialAction":[{"@type":"ReadAction","target":["https:\/\/kgerad.de\/produkt\/rockshox-zeb-ultimate-charger-3-rc2-29-debonair\/"]}]},{"@type":"ImageObject","inLanguage":"en-US","@id":"https:\/\/kgerad.de\/produkt\/rockshox-zeb-ultimate-charger-3-rc2-29-debonair\/#primaryimage","url":"https:\/\/kgerad.de\/wp-content\/uploads\/2023\/06\/RockShox-ZEB-Ultimate-Charger-3-RC2-DebonAir-Tapered-Boost-00-4020-819-003_800x800-0.jpg","contentUrl":"https:\/\/kgerad.de\/wp-content\/uploads\/2023\/06\/RockShox-ZEB-Ultimate-Charger-3-RC2-DebonAir-Tapered-Boost-00-4020-819-003_800x800-0.jpg","width":221,"height":800,"caption":"RockShox ZEB Ultimate Charger 3 RC2 29 DebonAir+ Tapered Boost"},{"@type":"BreadcrumbList","@id":"https:\/\/kgerad.de\/produkt\/rockshox-zeb-ultimate-charger-3-rc2-29-debonair\/#breadcrumb","itemListElement":[{"@type":"ListItem","position":1,"name":"Startseite","item":"https:\/\/kgerad.de\/"},{"@type":"ListItem","position":2,"name":"LADEN","item":"https:\/\/kgerad.de\/laden\/"},{"@type":"ListItem","position":3,"name":"RockShox ZEB Ultimate Charger 3 RC2 29&#8243; DebonAir+"}]},{"@type":"WebSite","@id":"https:\/\/kgerad.de\/#website","url":"https:\/\/kgerad.de\/","name":"kgerad.de","description":"Treten Sie mit uns ins Abenteuer!","publisher":{"@id":"https:\/\/kgerad.de\/#organization"},"alternateName":"MEIN RADLADEN","potentialAction":[{"@type":"SearchAction","target":{"@type":"EntryPoint","urlTemplate":"https:\/\/kgerad.de\/?s={search_term_string}"},"query-input":{"@type":"PropertyValueSpecification","valueRequired":true,"valueName":"search_term_string"}}],"inLanguage":"en-US"},{"@type":"Organization","@id":"https:\/\/kgerad.de\/#organization","name":"MEINRADLADEN","alternateName":"MEIN RADLADEN","url":"https:\/\/kgerad.de\/","logo":{"@type":"ImageObject","inLanguage":"en-US","@id":"https:\/\/kgerad.de\/#\/schema\/logo\/image\/","url":"https:\/\/kgerad.de\/wp-content\/uploads\/2025\/07\/logo-Whit.svg","contentUrl":"https:\/\/kgerad.de\/wp-content\/uploads\/2025\/07\/logo-Whit.svg","width":1640,"height":371,"caption":"MEINRADLADEN"},"image":{"@id":"https:\/\/kgerad.de\/#\/schema\/logo\/image\/"}}]}},"_links":{"self":[{"href":"https:\/\/kgerad.de\/en\/wp-json\/wp\/v2\/product\/43574","targetHints":{"allow":["GET"]}}],"collection":[{"href":"https:\/\/kgerad.de\/en\/wp-json\/wp\/v2\/product"}],"about":[{"href":"https:\/\/kgerad.de\/en\/wp-json\/wp\/v2\/types\/product"}],"replies":[{"embeddable":true,"href":"https:\/\/kgerad.de\/en\/wp-json\/wp\/v2\/comments?post=43574"}],"version-history":[{"count":1,"href":"https:\/\/kgerad.de\/en\/wp-json\/wp\/v2\/product\/43574\/revisions"}],"predecessor-version":[{"id":79160,"href":"https:\/\/kgerad.de\/en\/wp-json\/wp\/v2\/product\/43574\/revisions\/79160"}],"wp:featuredmedia":[{"embeddable":true,"href":"https:\/\/kgerad.de\/en\/wp-json\/wp\/v2\/media\/62923"}],"wp:attachment":[{"href":"https:\/\/kgerad.de\/en\/wp-json\/wp\/v2\/media?parent=43574"}],"wp:term":[{"taxonomy":"product_brand","embeddable":true,"href":"https:\/\/kgerad.de\/en\/wp-json\/wp\/v2\/product_brand?post=43574"},{"taxonomy":"product_cat","embeddable":true,"href":"https:\/\/kgerad.de\/en\/wp-json\/wp\/v2\/product_cat?post=43574"},{"taxonomy":"product_tag","embeddable":true,"href":"https:\/\/kgerad.de\/en\/wp-json\/wp\/v2\/product_tag?post=43574"}],"curies":[{"name":"wp","href":"https:\/\/api.w.org\/{rel}","templated":true}]}}