{"id":43530,"date":"2022-11-23T19:06:22","date_gmt":"2022-11-23T18:06:22","guid":{"rendered":"https:\/\/kgerad.de\/?post_type=product&#038;p=43530"},"modified":"2023-08-11T08:46:17","modified_gmt":"2023-08-11T06:46:17","slug":"garmin-rally-xc200-powermeter-pedale-fuer-shimano-spd","status":"publish","type":"product","link":"https:\/\/kgerad.de\/en\/product\/garmin-rally-xc200-powermeter-pedale-fuer-shimano-spd\/","title":{"rendered":"Garmin Rally\u2122 XC200 &#8211; Powermeter Pedale f\u00fcr Shimano SPD"},"content":{"rendered":"<h2 class=\"product--title\"><strong>Garmin<\/strong>\u00a0Rally\u2122 XC200 &#8211; Powermeter Pedale f\u00fcr Shimano SPD<\/h2>\n<p>Die Garmin Rally\u2122 XC200 Wattmess-Pedalsysteme werden wie ein herk\u00f6mmliches Fahrradpedal montiert und erm\u00f6glichen so einen schnellen und einfachen Wechsel zwischen verschiedenen Fahrr\u00e4dern und helfen dir, dank der erweiterten Cycling Dynamics, effizienter zu trainieren und dich weiter zu entwickeln. Alle Rally mit beidseitiger Wattmessung (RK200, RS200 und XC200) messen dabei die getretene Leistung, die Trittfrequenz, die Rechts- \/ Links-Verteilung und geben dir Feedback, in welchem Bereich des 360\u00b0 Tretzyklus du die meiste Leistung entwickelst.<\/p>\n<p>Dank der austauschbaren Pedalachse kann der Pedalk\u00f6rper ausgewechselt werden. Dies erm\u00f6glicht es dir, die Pedale in allen Facetten des Radsports zu nutzen, egal ob auf der Stra\u00dfe, der Bahn, auf dem Mountainbike, beim Graveln oder beim Cyclocross. So kannst du ganzj\u00e4hrig die Vorteile der Leistungsmessung erleben und dein Training noch effizienter gestalten.<\/p>\n<hr \/>\n<h3>Features &#8211; Garmin Rally\u2122 XC200 Pedal Wattmess-System | SHIMANO SPD<\/h3>\n<p><strong>FORMSCH\u00d6NER LEISTUNGSMESSER<\/strong><br \/>\nRally-Leistungsmesser wurden harten Tests unterzogen, um ihre Zuverl\u00e4ssigkeit sicherzustellen. Die formsch\u00f6nen Pedale haben ein ausgezeichnetes Design mit integrierten Sensoren, sodass sie sich wie jedes andere Pedal montieren lassen. Au\u00dferdem k\u00f6nnen sie schnell an anderen Fahrr\u00e4dern verwendet werden.<\/p>\n<p><strong>ERWEITERTE CYCLING DYNAMICS<\/strong><br \/>\nZus\u00e4tzlich zur Gesamtleistung und Trittfrequenz misst der Rally XC200 noch vieles mehr. Mithilfe der Messwerte kannst du dein Training auf bestimmte Schw\u00e4chen und St\u00e4rken ausrichten, um dich zu verbessern.<\/p>\n<p><strong>SCHUHPLATTEN-KOMPATIBILIT\u00c4T<\/strong><br \/>\nDamit deine Tour angenehm verl\u00e4uft, wurde bei der Entwicklung der Pedale darauf geachtet, dass du sie mit deinen SHIMANO SPD-Lieblingsschuhplatten verwenden kannst.<\/p>\n<p><strong>AUSTAUSCHBARE PEDALACHSE<\/strong><br \/>\nOb Stra\u00dfe oder Gel\u00e4nde, Cyclocross oder etwas anderes \u2013 du sollst das ganze Jahr lang Rad fahren k\u00f6nnen. Eine austauschbare Pedalachse kann in Wechselkits f\u00fcr Rally\u2122 RK Rennrad- oder Rally\u2122 RS Rennrad-Pedalk\u00f6rper (jeweils separat erh\u00e4ltlich) montiert werden.<\/p>\n<p><strong>LANGE AKKULAUFZEIT<\/strong><br \/>\nStelle mit einer Akkulaufzeit von bis zu 120 Stunden sicher, dass du auf lange Touren und Trainingseinheiten vorbereitet bist.<\/p>\n<p><strong>RECHTS- \/ LINKS-VERTEILUNG<\/strong><br \/>\nZeichne die vom rechten Bein erbrachte Leistung auf und vergleiche sie mit der vom linken Bein erbrachten Leistung. Dann kannst du sehen, wie symmetrisch du Kraft aufbringst.<\/p>\n<p><strong>SITZEND UND STEHEND VERBRACHTE ZEIT<\/strong><br \/>\nZeichne auf, wie viel Zeit du in der jeweiligen Position verbringst, und schlie\u00dfe R\u00fcckschl\u00fcsse auf die Effektivit\u00e4t der Positionen.<\/p>\n<p><strong>POWER PHASE<\/strong><br \/>\nSieh dir genau an, in welcher Phase der Pedalumdrehung du Leistung erbringst.<\/p>\n<p><strong>PLATFORM CENTER OFFSET<\/strong><br \/>\nZeichne auf, wo die Kraft am Pedal angewendet wird, damit du sicher sein kannst, dass die Schuhplatte richtig positioniert ist.<\/p>\n<p><strong>IMMER IN VERBINDUNG<\/strong><br \/>\nKopple den Rally XC200 mit kompatiblen Edge-Radcomputern und der Garmin Connect\u2122-App, um deine Werte hochzuladen und Software-Updates durchzuf\u00fchren. Nutze die Tacx\u00ae Trainings App f\u00fcr dein Indoor-Training.<\/p>\n<p><strong>MEHR TRAININGSM\u00d6GLICHKEITEN<\/strong><br \/>\nDer Rally XC200 liefert Leistungsdaten f\u00fcr Drittanbieter-Apps wie Strava, TrainingPeaks\u00ae TrainerRoad und mehr.<\/p>\n<hr \/>\n<h3>Produkteigenschaften<\/h3>\n<ul>\n<li><strong>Messgenauigkeit:<\/strong>\u00a0+\/- 1%<\/li>\n<li><strong>Batterielaufzeit:<\/strong>\u00a0Bis zu 120 Stunden<\/li>\n<li><strong>Batterietyp:<\/strong>\u00a0CR1\/3N (2x) | LR44\/ SR44 (4x)<\/li>\n<li><strong>ANT+\u00ae \/ BLUETOOTH\u00ae:<\/strong>\u00a0Ja<\/li>\n<li><strong>Schuhplattentyp:<\/strong>\u00a0Shimano SPD<\/li>\n<li><strong>Q-Faktor:<\/strong>\u00a053 mm (55mm mit Unterlagscheibe)<\/li>\n<li><strong>Standh\u00f6he:<\/strong>\u00a013,5 mm<\/li>\n<li><strong>Maximal zul\u00e4ssiges Fahrergewicht:<\/strong>\u00a0105 kg<\/li>\n<li><strong>Leistungsmessung:<\/strong>\u00a0Beidseitig<\/li>\n<li><strong>Trittfrequenz:<\/strong>\u00a0Ja<\/li>\n<li><strong>Cycling Dynamics:<\/strong>\u00a0Ja<\/li>\n<li><strong>Kalibrierung:\u00a0<\/strong>Ja<strong><br \/>\n<\/strong><\/li>\n<li><strong>Wasserdichtigkeit:<\/strong>\u00a0IXP7<\/li>\n<\/ul>\n<h3>Gewicht<\/h3>\n<ul>\n<li>444 g (Herstellerangabe)<\/li>\n<\/ul>\n<hr \/>\n<h3>Lieferumfang<\/h3>\n<ul>\n<li>1x Rally XC200 Wattmess-Pedalsystem<\/li>\n<li>1x Paar Schuhplatten inkl. Befestigungsschrauben<\/li>\n<li>1x Dokumentation<\/li>\n<li>2x Unterlegscheibe 2mm<\/li>\n<li>2x Ersatzdichtung f\u00fcr Batteriefachdeckel<\/li>\n<\/ul>","protected":false},"excerpt":{"rendered":"<p>Garmin\u00a0Rally\u2122 XC200 &#8211; Powermeter Pedale f\u00fcr Shimano SPD Die Garmin Rally\u2122 XC200 Wattmess-Pedalsysteme werden wie ein herk\u00f6mmliches Fahrradpedal montiert und<\/p>","protected":false},"featured_media":62900,"comment_status":"open","ping_status":"closed","template":"","meta":[],"product_brand":[],"product_cat":[424,423],"product_tag":[],"class_list":{"0":"post-43530","1":"product","2":"type-product","3":"status-publish","4":"has-post-thumbnail","6":"product_cat-mtb-teile","7":"product_cat-teile","8":"pa_marke-garmin","10":"first","11":"instock","12":"sale","13":"taxable","14":"shipping-taxable","15":"purchasable","16":"product-type-simple"},"yoast_head":"<!-- This site is optimized with the Yoast SEO Premium plugin v20.12 (Yoast SEO v27.1.1) - https:\/\/yoast.com\/product\/yoast-seo-premium-wordpress\/ -->\n<title>Garmin Rally\u2122 XC200 - Powermeter Pedale f\u00fcr Shimano SPD<\/title>\n<meta name=\"description\" content=\"Entdecken Sie unseren Online-Fahrradladen: Gro\u00dfe Auswahl an Modellen f\u00fcr alle Radsportbegeisterten. Von Rennr\u00e4dern bis zu Mountainbikes - finden Sie heute Ihren perfekten Wegbegleiter!\" \/>\n<meta name=\"robots\" content=\"index, follow, max-snippet:-1, max-image-preview:large, max-video-preview:-1\" \/>\n<link rel=\"canonical\" href=\"https:\/\/kgerad.de\/en\/product\/garmin-rally-xc200-powermeter-pedale-fuer-shimano-spd\/\" \/>\n<meta property=\"og:locale\" content=\"en_US\" \/>\n<meta property=\"og:type\" content=\"article\" \/>\n<meta property=\"og:title\" content=\"Garmin Rally\u2122 XC200 - Powermeter Pedale f\u00fcr Shimano SPD\" \/>\n<meta property=\"og:description\" content=\"Entdecken Sie unseren Online-Fahrradladen: Gro\u00dfe Auswahl an Modellen f\u00fcr alle Radsportbegeisterten. Von Rennr\u00e4dern bis zu Mountainbikes - finden Sie heute Ihren perfekten Wegbegleiter!\" \/>\n<meta property=\"og:url\" content=\"https:\/\/kgerad.de\/en\/product\/garmin-rally-xc200-powermeter-pedale-fuer-shimano-spd\/\" \/>\n<meta property=\"og:site_name\" content=\"kgerad.de\" \/>\n<meta property=\"article:modified_time\" content=\"2023-08-11T06:46:17+00:00\" \/>\n<meta property=\"og:image\" content=\"https:\/\/kgerad.de\/wp-content\/uploads\/2023\/06\/Fox-Racing-34-K-Float-29-Factory-Stepcast-FIT4-2Pos-Adj-Remote-Tapered-Kabold-Boost-910-30-778_b_800x800-0-1.jpg\" \/>\n\t<meta property=\"og:image:width\" content=\"207\" \/>\n\t<meta property=\"og:image:height\" content=\"800\" \/>\n\t<meta property=\"og:image:type\" content=\"image\/jpeg\" \/>\n<meta name=\"twitter:card\" content=\"summary_large_image\" \/>\n<meta name=\"twitter:label1\" content=\"Est. reading time\" \/>\n\t<meta name=\"twitter:data1\" content=\"3 minutes\" \/>\n<script type=\"application\/ld+json\" class=\"yoast-schema-graph\">{\"@context\":\"https:\/\/schema.org\",\"@graph\":[{\"@type\":\"WebPage\",\"@id\":\"https:\/\/kgerad.de\/produkt\/garmin-rally-xc200-powermeter-pedale-fuer-shimano-spd\/\",\"url\":\"https:\/\/kgerad.de\/produkt\/garmin-rally-xc200-powermeter-pedale-fuer-shimano-spd\/\",\"name\":\"Garmin Rally\u2122 XC200 - Powermeter Pedale f\u00fcr Shimano SPD\",\"isPartOf\":{\"@id\":\"https:\/\/kgerad.de\/#website\"},\"primaryImageOfPage\":{\"@id\":\"https:\/\/kgerad.de\/produkt\/garmin-rally-xc200-powermeter-pedale-fuer-shimano-spd\/#primaryimage\"},\"image\":{\"@id\":\"https:\/\/kgerad.de\/produkt\/garmin-rally-xc200-powermeter-pedale-fuer-shimano-spd\/#primaryimage\"},\"thumbnailUrl\":\"https:\/\/kgerad.de\/wp-content\/uploads\/2023\/06\/Fox-Racing-34-K-Float-29-Factory-Stepcast-FIT4-2Pos-Adj-Remote-Tapered-Kabold-Boost-910-30-778_b_800x800-0-1.jpg\",\"datePublished\":\"2022-11-23T18:06:22+00:00\",\"dateModified\":\"2023-08-11T06:46:17+00:00\",\"description\":\"Entdecken Sie unseren Online-Fahrradladen: Gro\u00dfe Auswahl an Modellen f\u00fcr alle Radsportbegeisterten. Von Rennr\u00e4dern bis zu Mountainbikes - finden Sie heute Ihren perfekten Wegbegleiter!\",\"breadcrumb\":{\"@id\":\"https:\/\/kgerad.de\/produkt\/garmin-rally-xc200-powermeter-pedale-fuer-shimano-spd\/#breadcrumb\"},\"inLanguage\":\"en-US\",\"potentialAction\":[{\"@type\":\"ReadAction\",\"target\":[\"https:\/\/kgerad.de\/produkt\/garmin-rally-xc200-powermeter-pedale-fuer-shimano-spd\/\"]}]},{\"@type\":\"ImageObject\",\"inLanguage\":\"en-US\",\"@id\":\"https:\/\/kgerad.de\/produkt\/garmin-rally-xc200-powermeter-pedale-fuer-shimano-spd\/#primaryimage\",\"url\":\"https:\/\/kgerad.de\/wp-content\/uploads\/2023\/06\/Fox-Racing-34-K-Float-29-Factory-Stepcast-FIT4-2Pos-Adj-Remote-Tapered-Kabold-Boost-910-30-778_b_800x800-0-1.jpg\",\"contentUrl\":\"https:\/\/kgerad.de\/wp-content\/uploads\/2023\/06\/Fox-Racing-34-K-Float-29-Factory-Stepcast-FIT4-2Pos-Adj-Remote-Tapered-Kabold-Boost-910-30-778_b_800x800-0-1.jpg\",\"width\":207,\"height\":800,\"caption\":\"Garmin Rally\u2122 XC200 - Powermeter Pedale f\u00fcr Shimano SPD\"},{\"@type\":\"BreadcrumbList\",\"@id\":\"https:\/\/kgerad.de\/produkt\/garmin-rally-xc200-powermeter-pedale-fuer-shimano-spd\/#breadcrumb\",\"itemListElement\":[{\"@type\":\"ListItem\",\"position\":1,\"name\":\"Startseite\",\"item\":\"https:\/\/kgerad.de\/\"},{\"@type\":\"ListItem\",\"position\":2,\"name\":\"LADEN\",\"item\":\"https:\/\/kgerad.de\/laden\/\"},{\"@type\":\"ListItem\",\"position\":3,\"name\":\"Garmin Rally\u2122 XC200 &#8211; Powermeter Pedale f\u00fcr Shimano SPD\"}]},{\"@type\":\"WebSite\",\"@id\":\"https:\/\/kgerad.de\/#website\",\"url\":\"https:\/\/kgerad.de\/\",\"name\":\"kgerad.de\",\"description\":\"Treten Sie mit uns ins Abenteuer!\",\"publisher\":{\"@id\":\"https:\/\/kgerad.de\/#organization\"},\"alternateName\":\"MEIN RADLADEN\",\"potentialAction\":[{\"@type\":\"SearchAction\",\"target\":{\"@type\":\"EntryPoint\",\"urlTemplate\":\"https:\/\/kgerad.de\/?s={search_term_string}\"},\"query-input\":{\"@type\":\"PropertyValueSpecification\",\"valueRequired\":true,\"valueName\":\"search_term_string\"}}],\"inLanguage\":\"en-US\"},{\"@type\":\"Organization\",\"@id\":\"https:\/\/kgerad.de\/#organization\",\"name\":\"MEINRADLADEN\",\"alternateName\":\"MEIN RADLADEN\",\"url\":\"https:\/\/kgerad.de\/\",\"logo\":{\"@type\":\"ImageObject\",\"inLanguage\":\"en-US\",\"@id\":\"https:\/\/kgerad.de\/#\/schema\/logo\/image\/\",\"url\":\"https:\/\/kgerad.de\/wp-content\/uploads\/2025\/07\/logo-Whit.svg\",\"contentUrl\":\"https:\/\/kgerad.de\/wp-content\/uploads\/2025\/07\/logo-Whit.svg\",\"width\":1640,\"height\":371,\"caption\":\"MEINRADLADEN\"},\"image\":{\"@id\":\"https:\/\/kgerad.de\/#\/schema\/logo\/image\/\"}}]}<\/script>\n<!-- \/ Yoast SEO Premium plugin. -->","yoast_head_json":{"title":"Garmin Rally\u2122 XC200 - Powermeter Pedale f\u00fcr Shimano SPD","description":"Entdecken Sie unseren Online-Fahrradladen: Gro\u00dfe Auswahl an Modellen f\u00fcr alle Radsportbegeisterten. Von Rennr\u00e4dern bis zu Mountainbikes - finden Sie heute Ihren perfekten Wegbegleiter!","robots":{"index":"index","follow":"follow","max-snippet":"max-snippet:-1","max-image-preview":"max-image-preview:large","max-video-preview":"max-video-preview:-1"},"canonical":"https:\/\/kgerad.de\/en\/product\/garmin-rally-xc200-powermeter-pedale-fuer-shimano-spd\/","og_locale":"en_US","og_type":"article","og_title":"Garmin Rally\u2122 XC200 - Powermeter Pedale f\u00fcr Shimano SPD","og_description":"Entdecken Sie unseren Online-Fahrradladen: Gro\u00dfe Auswahl an Modellen f\u00fcr alle Radsportbegeisterten. Von Rennr\u00e4dern bis zu Mountainbikes - finden Sie heute Ihren perfekten Wegbegleiter!","og_url":"https:\/\/kgerad.de\/en\/product\/garmin-rally-xc200-powermeter-pedale-fuer-shimano-spd\/","og_site_name":"kgerad.de","article_modified_time":"2023-08-11T06:46:17+00:00","og_image":[{"width":207,"height":800,"url":"https:\/\/kgerad.de\/wp-content\/uploads\/2023\/06\/Fox-Racing-34-K-Float-29-Factory-Stepcast-FIT4-2Pos-Adj-Remote-Tapered-Kabold-Boost-910-30-778_b_800x800-0-1.jpg","type":"image\/jpeg"}],"twitter_card":"summary_large_image","twitter_misc":{"Est. reading time":"3 minutes"},"schema":{"@context":"https:\/\/schema.org","@graph":[{"@type":"WebPage","@id":"https:\/\/kgerad.de\/produkt\/garmin-rally-xc200-powermeter-pedale-fuer-shimano-spd\/","url":"https:\/\/kgerad.de\/produkt\/garmin-rally-xc200-powermeter-pedale-fuer-shimano-spd\/","name":"Garmin Rally\u2122 XC200 - Powermeter Pedale f\u00fcr Shimano SPD","isPartOf":{"@id":"https:\/\/kgerad.de\/#website"},"primaryImageOfPage":{"@id":"https:\/\/kgerad.de\/produkt\/garmin-rally-xc200-powermeter-pedale-fuer-shimano-spd\/#primaryimage"},"image":{"@id":"https:\/\/kgerad.de\/produkt\/garmin-rally-xc200-powermeter-pedale-fuer-shimano-spd\/#primaryimage"},"thumbnailUrl":"https:\/\/kgerad.de\/wp-content\/uploads\/2023\/06\/Fox-Racing-34-K-Float-29-Factory-Stepcast-FIT4-2Pos-Adj-Remote-Tapered-Kabold-Boost-910-30-778_b_800x800-0-1.jpg","datePublished":"2022-11-23T18:06:22+00:00","dateModified":"2023-08-11T06:46:17+00:00","description":"Entdecken Sie unseren Online-Fahrradladen: Gro\u00dfe Auswahl an Modellen f\u00fcr alle Radsportbegeisterten. Von Rennr\u00e4dern bis zu Mountainbikes - finden Sie heute Ihren perfekten Wegbegleiter!","breadcrumb":{"@id":"https:\/\/kgerad.de\/produkt\/garmin-rally-xc200-powermeter-pedale-fuer-shimano-spd\/#breadcrumb"},"inLanguage":"en-US","potentialAction":[{"@type":"ReadAction","target":["https:\/\/kgerad.de\/produkt\/garmin-rally-xc200-powermeter-pedale-fuer-shimano-spd\/"]}]},{"@type":"ImageObject","inLanguage":"en-US","@id":"https:\/\/kgerad.de\/produkt\/garmin-rally-xc200-powermeter-pedale-fuer-shimano-spd\/#primaryimage","url":"https:\/\/kgerad.de\/wp-content\/uploads\/2023\/06\/Fox-Racing-34-K-Float-29-Factory-Stepcast-FIT4-2Pos-Adj-Remote-Tapered-Kabold-Boost-910-30-778_b_800x800-0-1.jpg","contentUrl":"https:\/\/kgerad.de\/wp-content\/uploads\/2023\/06\/Fox-Racing-34-K-Float-29-Factory-Stepcast-FIT4-2Pos-Adj-Remote-Tapered-Kabold-Boost-910-30-778_b_800x800-0-1.jpg","width":207,"height":800,"caption":"Garmin Rally\u2122 XC200 - Powermeter Pedale f\u00fcr Shimano SPD"},{"@type":"BreadcrumbList","@id":"https:\/\/kgerad.de\/produkt\/garmin-rally-xc200-powermeter-pedale-fuer-shimano-spd\/#breadcrumb","itemListElement":[{"@type":"ListItem","position":1,"name":"Startseite","item":"https:\/\/kgerad.de\/"},{"@type":"ListItem","position":2,"name":"LADEN","item":"https:\/\/kgerad.de\/laden\/"},{"@type":"ListItem","position":3,"name":"Garmin Rally\u2122 XC200 &#8211; Powermeter Pedale f\u00fcr Shimano SPD"}]},{"@type":"WebSite","@id":"https:\/\/kgerad.de\/#website","url":"https:\/\/kgerad.de\/","name":"kgerad.de","description":"Treten Sie mit uns ins Abenteuer!","publisher":{"@id":"https:\/\/kgerad.de\/#organization"},"alternateName":"MEIN RADLADEN","potentialAction":[{"@type":"SearchAction","target":{"@type":"EntryPoint","urlTemplate":"https:\/\/kgerad.de\/?s={search_term_string}"},"query-input":{"@type":"PropertyValueSpecification","valueRequired":true,"valueName":"search_term_string"}}],"inLanguage":"en-US"},{"@type":"Organization","@id":"https:\/\/kgerad.de\/#organization","name":"MEINRADLADEN","alternateName":"MEIN RADLADEN","url":"https:\/\/kgerad.de\/","logo":{"@type":"ImageObject","inLanguage":"en-US","@id":"https:\/\/kgerad.de\/#\/schema\/logo\/image\/","url":"https:\/\/kgerad.de\/wp-content\/uploads\/2025\/07\/logo-Whit.svg","contentUrl":"https:\/\/kgerad.de\/wp-content\/uploads\/2025\/07\/logo-Whit.svg","width":1640,"height":371,"caption":"MEINRADLADEN"},"image":{"@id":"https:\/\/kgerad.de\/#\/schema\/logo\/image\/"}}]}},"_links":{"self":[{"href":"https:\/\/kgerad.de\/en\/wp-json\/wp\/v2\/product\/43530","targetHints":{"allow":["GET"]}}],"collection":[{"href":"https:\/\/kgerad.de\/en\/wp-json\/wp\/v2\/product"}],"about":[{"href":"https:\/\/kgerad.de\/en\/wp-json\/wp\/v2\/types\/product"}],"replies":[{"embeddable":true,"href":"https:\/\/kgerad.de\/en\/wp-json\/wp\/v2\/comments?post=43530"}],"version-history":[{"count":1,"href":"https:\/\/kgerad.de\/en\/wp-json\/wp\/v2\/product\/43530\/revisions"}],"predecessor-version":[{"id":79168,"href":"https:\/\/kgerad.de\/en\/wp-json\/wp\/v2\/product\/43530\/revisions\/79168"}],"wp:featuredmedia":[{"embeddable":true,"href":"https:\/\/kgerad.de\/en\/wp-json\/wp\/v2\/media\/62900"}],"wp:attachment":[{"href":"https:\/\/kgerad.de\/en\/wp-json\/wp\/v2\/media?parent=43530"}],"wp:term":[{"taxonomy":"product_brand","embeddable":true,"href":"https:\/\/kgerad.de\/en\/wp-json\/wp\/v2\/product_brand?post=43530"},{"taxonomy":"product_cat","embeddable":true,"href":"https:\/\/kgerad.de\/en\/wp-json\/wp\/v2\/product_cat?post=43530"},{"taxonomy":"product_tag","embeddable":true,"href":"https:\/\/kgerad.de\/en\/wp-json\/wp\/v2\/product_tag?post=43530"}],"curies":[{"name":"wp","href":"https:\/\/api.w.org\/{rel}","templated":true}]}}