{"id":43502,"date":"2022-11-23T18:14:38","date_gmt":"2022-11-23T17:14:38","guid":{"rendered":"https:\/\/kgerad.de\/?post_type=product&#038;p=43502"},"modified":"2023-08-11T09:00:00","modified_gmt":"2023-08-11T07:00:00","slug":"kalkhoff-image-3-b-move-lb-wave-2","status":"publish","type":"product","link":"https:\/\/kgerad.de\/en\/product\/kalkhoff-image-3-b-move-lb-wave-2\/","title":{"rendered":"Kalkhoff Image 3.B Move LB Wave"},"content":{"rendered":"<h2 id=\"productTitle\" class=\"kmt-productmain-title\">Kalkhoff Image 3.B Move LB Wave<\/h2>\n<div class=\"kmt-tablist-content is-opened\">\n<div class=\"kmt-tablist-content-inner\">\n<div id=\"description\" class=\"kmt-textblockwithbuttonlist\">\n<div class=\"kmt-textblockwithbuttonlist-textblock kmt-textblock\">\n<p>Ein besonders komfortables und pflegeleichtes E-Bike f\u00fcr die Stadt: Das Kalkhoff Image 3.B Move LB.<\/p>\n<p>Die komfortable Alltagsnutzung des Image 3.B Move LB spiegelt sich in vielen kleinen Feinheiten wider. So bieten dir die Sattelst\u00fctze und die SR Suntour Gabel nicht nur eine Abfederung von Unebenheiten auf der Stra\u00dfe, sondern die Federgabel l\u00e4sst sich auch per Lockout-Funktion feststellen. Das ist besonders interessant, wenn du um Wiegetritt den Berg hoch, keine Energie an die Federgabel verschwenden m\u00f6chtest.<\/p>\n<p>Der verstellbare Lenkervorbau kann ganz deiner bevorzugten Fahrhaltung angepasst werden und in der Mitte des angenehm gebogenen Lenkers thront das gut ablesbare Intuvia Display des Bosch E-Antriebsystems. Dieses kombiniert Kalkhoff am Image 3.B Move LB mit dem angenehmen Active Line Plus Stadt-Motor und einem sch\u00f6n im Unterrohr integrierten 500 Wh Akku. Das Intuvia Display kannst du dabei per Fernbedienung nahe des Griffes ganz einfach bedienen, ohne die Hand vom Lenker nehmen zu m\u00fcssen.<\/p>\n<p>Die als besonders wartungsarm bekannte und beliebte Nabenschaltung von Shimano, bietet dir mit ihren 7 w\u00e4hlbaren Schaltstufen gen\u00fcgend \u00dcbersetzung um in der Stadt und auf entspannten Ausfl\u00fcgen energie- und kr\u00e4ftesparend zu reisen. Ebenfalls vom Marktf\u00fchrer Shimano, stammt die hydraulische Scheibenbremsanlage. Mit wenig Kraftaufwand l\u00e4sst sie dich gut dosierte Bremsman\u00f6ver durchf\u00fchren. Ideal bei den h\u00f6heren Geschwindigkeiten, die du mit diesem City E-Bike erreichen kannst.<\/p>\n<p>Ein hoher Komfortfaktor, eine elegante Erscheinung und ein top Preis-\/Leistungsverh\u00e4ltnis: Das Kalkhoff Image 3.B Move LB City-Pedelec.<\/p>\n<\/div>\n<div class=\"kmt-textblockwithbuttonlist-buttonlist kmt-buttonlist kmt-buttonlist--display-inline-right kmt-buttonlist--layout-column\"><button class=\"kmt-btn kmt-btn--size-xl kmt-btn--type-darkbg kmt-btn--align-left kmt-btn--hideborder kmt-sizechart-btn\" data-init=\"kmt-modal\" data-guid=\"3913a71b-d393-4b43-831b-66f64d29e7f0\"><i class=\"kmt-icon kmt-icon--groessenhelfer_beratung\"><\/i>Die richtige Gr\u00f6\u00dfe f\u00fcr dich<br \/>\n<small>Zum Rahmengr\u00f6\u00dfen-Rechner<\/small><\/button><button class=\"kmt-btn kmt-btn--size-xl kmt-btn--type-darkbg kmt-btn--align-left kmt-btn--hideborder\" data-init=\"kmt-modal\" data-guid=\"17b5d09c-60af-4607-a21f-77d1c69d59e6\"><i class=\"kmt-icon kmt-icon--pick-up-service\"><\/i>So kommt dein Fahrrad<br \/>\n<small>Mehr \u00fcber diesen Service<\/small><\/button><\/div>\n<\/div>\n<\/div>\n<\/div>\n<div class=\"kmt-tablist-content\">\n<h2>SPEZIFIKATION<\/h2>\n<div class=\"kmt-tablist-content-inner\">\n<div id=\"attributes\">\n<div class=\"kmt-stackedfeed kmt-attr-wrapper\">\n<div class=\"kmt-attr-column\">\n<div class=\"kmt-attrgrp\">\n<h4 class=\"kmt-attrgrp-title\">E-BIKE SYSTEM<\/h4>\n<table class=\"attributes table table-striped\">\n<tbody>\n<tr class=\"kmt-attrgrp-item\">\n<td class=\"kmt-attrgrp-itemtitle\">Akkutyp<\/td>\n<td class=\"kmt-attrgrp-value\" data-title=\"Akkutyp\">Bosch PowerTube 500<\/td>\n<\/tr>\n<tr class=\"kmt-attrgrp-item\">\n<td class=\"kmt-attrgrp-itemtitle\">Motor<\/td>\n<td class=\"kmt-attrgrp-value\" data-title=\"Motor\">Bosch Active Plus Line (Gen3)<\/td>\n<\/tr>\n<tr class=\"kmt-attrgrp-item\">\n<td class=\"kmt-attrgrp-itemtitle\">Akku-Leistung<\/td>\n<td class=\"kmt-attrgrp-value\" data-title=\"Akku-Leistung\">500 Wh<\/td>\n<\/tr>\n<tr class=\"kmt-attrgrp-item\">\n<td class=\"kmt-attrgrp-itemtitle\">Display<\/td>\n<td class=\"kmt-attrgrp-value\" data-title=\"Display\">Bosch Intuvia; gro\u00dfes Display; auch bei Sonnenlicht gut ablesbar; separate Bedieneinheit; Schaltempfehlung; USB-Anschluss; Schiebehilfe<\/td>\n<\/tr>\n<tr class=\"kmt-attrgrp-item\">\n<td class=\"kmt-attrgrp-itemtitle\">Ladeger\u00e4t<\/td>\n<td class=\"kmt-attrgrp-value\" data-title=\"Ladeger\u00e4t\">Bosch 2A<\/td>\n<\/tr>\n<\/tbody>\n<\/table>\n<\/div>\n<div class=\"kmt-attrgrp\">\n<h4 class=\"kmt-attrgrp-title\">SCHALTUNG<\/h4>\n<table class=\"attributes table table-striped\">\n<tbody>\n<tr class=\"kmt-attrgrp-item\">\n<td class=\"kmt-attrgrp-itemtitle\">Schaltungsart<\/td>\n<td class=\"kmt-attrgrp-value\" data-title=\"Schaltungsart\">Nabenschaltung Freilauf<\/td>\n<\/tr>\n<tr class=\"kmt-attrgrp-item\">\n<td class=\"kmt-attrgrp-itemtitle\">Ganganzahl<\/td>\n<td class=\"kmt-attrgrp-value\" data-title=\"Ganganzahl\">7<\/td>\n<\/tr>\n<tr class=\"kmt-attrgrp-item\">\n<td class=\"kmt-attrgrp-itemtitle\">Schalthebel<\/td>\n<td class=\"kmt-attrgrp-value\" data-title=\"Schalthebel\">Shimano Nexus<\/td>\n<\/tr>\n<tr class=\"kmt-attrgrp-item\">\n<td class=\"kmt-attrgrp-itemtitle\">Zahnkr\u00e4nze<\/td>\n<td class=\"kmt-attrgrp-value\" data-title=\"Zahnkr\u00e4nze\">Shimano<\/td>\n<\/tr>\n<\/tbody>\n<\/table>\n<\/div>\n<div class=\"kmt-attrgrp\">\n<h4 class=\"kmt-attrgrp-title\">BREMSANLAGE<\/h4>\n<table class=\"attributes table table-striped\">\n<tbody>\n<tr class=\"kmt-attrgrp-item\">\n<td class=\"kmt-attrgrp-itemtitle\">Bremstyp<\/td>\n<td class=\"kmt-attrgrp-value\" data-title=\"Bremstyp\">hydraulische Scheibenbremse<\/td>\n<\/tr>\n<tr class=\"kmt-attrgrp-item\">\n<td class=\"kmt-attrgrp-itemtitle\">Bremse<\/td>\n<td class=\"kmt-attrgrp-value\" data-title=\"Bremse\">Shimano MT200 hydr. Disc<\/td>\n<\/tr>\n<\/tbody>\n<\/table>\n<\/div>\n<div class=\"kmt-attrgrp\">\n<h4 class=\"kmt-attrgrp-title\">ANTRIEB<\/h4>\n<table class=\"attributes table table-striped\">\n<tbody>\n<tr class=\"kmt-attrgrp-item\">\n<td class=\"kmt-attrgrp-itemtitle\">Reifen<\/td>\n<td class=\"kmt-attrgrp-value\" data-title=\"Reifen\">Schwalbe Energizer Active Plus, 47-622<\/td>\n<\/tr>\n<tr class=\"kmt-attrgrp-item\">\n<td class=\"kmt-attrgrp-itemtitle\">Felgen<\/td>\n<td class=\"kmt-attrgrp-value\" data-title=\"Felgen\">Concept, with eyelets<\/td>\n<\/tr>\n<tr class=\"kmt-attrgrp-item\">\n<td class=\"kmt-attrgrp-itemtitle\">Nabe hinten<\/td>\n<td class=\"kmt-attrgrp-value\" data-title=\"Nabe hinten\">Shimano Nexus, 7-Speed<\/td>\n<\/tr>\n<tr class=\"kmt-attrgrp-item\">\n<td class=\"kmt-attrgrp-itemtitle\">Kurbelsatz<\/td>\n<td class=\"kmt-attrgrp-value\" data-title=\"Kurbelsatz\">aluminium<\/td>\n<\/tr>\n<tr class=\"kmt-attrgrp-item\">\n<td class=\"kmt-attrgrp-itemtitle\">Kette<\/td>\n<td class=\"kmt-attrgrp-value\" data-title=\"Kette\">KMC Z1 EPT, anti-rust coating<\/td>\n<\/tr>\n<\/tbody>\n<\/table>\n<\/div>\n<\/div>\n<div class=\"kmt-attr-column\">\n<div class=\"kmt-attrgrp\">\n<h4 class=\"kmt-attrgrp-title\">RAHMEN<\/h4>\n<table class=\"attributes table table-striped\">\n<tbody>\n<tr class=\"kmt-attrgrp-item\">\n<td class=\"kmt-attrgrp-itemtitle\">Rahmenform<\/td>\n<td class=\"kmt-attrgrp-value\" data-title=\"Rahmenform\">Tiefeinstieg \/ Wave<\/td>\n<\/tr>\n<tr class=\"kmt-attrgrp-item\">\n<td class=\"kmt-attrgrp-itemtitle\">Rahmenmaterial<\/td>\n<td class=\"kmt-attrgrp-value\" data-title=\"Rahmenmaterial\">Aluminium<\/td>\n<\/tr>\n<tr class=\"kmt-attrgrp-item\">\n<td class=\"kmt-attrgrp-itemtitle\">Gabel<\/td>\n<td class=\"kmt-attrgrp-value\" data-title=\"Gabel\">SR Suntour NEX HLO, lockout<\/td>\n<\/tr>\n<\/tbody>\n<\/table>\n<\/div>\n<div class=\"kmt-attrgrp\">\n<h4 class=\"kmt-attrgrp-title\">KONTAKTPUNKTE<\/h4>\n<table class=\"attributes table table-striped\">\n<tbody>\n<tr class=\"kmt-attrgrp-item\">\n<td class=\"kmt-attrgrp-itemtitle\">Lenker<\/td>\n<td class=\"kmt-attrgrp-value\" data-title=\"Lenker\">Tour, Aluminium<\/td>\n<\/tr>\n<tr class=\"kmt-attrgrp-item\">\n<td class=\"kmt-attrgrp-itemtitle\">Griffe<\/td>\n<td class=\"kmt-attrgrp-value\" data-title=\"Griffe\">Herrmans Click<\/td>\n<\/tr>\n<tr class=\"kmt-attrgrp-item\">\n<td class=\"kmt-attrgrp-itemtitle\">Vorbau<\/td>\n<td class=\"kmt-attrgrp-value\" data-title=\"Vorbau\">Concept SL, adjustable<\/td>\n<\/tr>\n<tr class=\"kmt-attrgrp-item\">\n<td class=\"kmt-attrgrp-itemtitle\">Sattel<\/td>\n<td class=\"kmt-attrgrp-value\" data-title=\"Sattel\">Selle Royal Nuvola Unitec<\/td>\n<\/tr>\n<tr class=\"kmt-attrgrp-item\">\n<td class=\"kmt-attrgrp-itemtitle\">Sattelst\u00fctze<\/td>\n<td class=\"kmt-attrgrp-value\" data-title=\"Sattelst\u00fctze\">Patent, suspension<\/td>\n<\/tr>\n<\/tbody>\n<\/table>\n<\/div>\n<div class=\"kmt-attrgrp\">\n<h4 class=\"kmt-attrgrp-title\">STRASSENAUSSTATTUN<\/h4>\n<table class=\"attributes table table-striped\">\n<tbody>\n<tr class=\"kmt-attrgrp-item\">\n<td class=\"kmt-attrgrp-itemtitle\">Stra\u00dfenausstattung<\/td>\n<td class=\"kmt-attrgrp-value\" data-title=\"Stra\u00dfenausstattung\">ja<\/td>\n<\/tr>\n<tr class=\"kmt-attrgrp-item\">\n<td class=\"kmt-attrgrp-itemtitle\">Scheinwerfer<\/td>\n<td class=\"kmt-attrgrp-value\" data-title=\"Scheinwerfer\">Herrmans H-Black MR4, LED<\/td>\n<\/tr>\n<tr class=\"kmt-attrgrp-item\">\n<td class=\"kmt-attrgrp-itemtitle\">R\u00fccklicht<\/td>\n<td class=\"kmt-attrgrp-value\" data-title=\"R\u00fccklicht\">Herrmans H-Trace, LED with stand light<\/td>\n<\/tr>\n<tr class=\"kmt-attrgrp-item\">\n<td class=\"kmt-attrgrp-itemtitle\">Gep\u00e4cktr\u00e4ger<\/td>\n<td class=\"kmt-attrgrp-value\" data-title=\"Gep\u00e4cktr\u00e4ger\">Tour, aluminium<\/td>\n<\/tr>\n<tr class=\"kmt-attrgrp-item\">\n<td class=\"kmt-attrgrp-itemtitle\">Schutzbleche<\/td>\n<td class=\"kmt-attrgrp-value\" data-title=\"Schutzbleche\">plastic, with edge protector<\/td>\n<\/tr>\n<\/tbody>\n<\/table>\n<\/div>\n<div class=\"kmt-attrgrp\">\n<h4 class=\"kmt-attrgrp-title\">SONSTIGE INFORMATIONEN<\/h4>\n<table class=\"attributes table table-striped\">\n<tbody>\n<tr class=\"kmt-attrgrp-item\">\n<td class=\"kmt-attrgrp-itemtitle\">Typ<\/td>\n<td class=\"kmt-attrgrp-value\" data-title=\"Typ\">unisex<\/td>\n<\/tr>\n<tr class=\"kmt-attrgrp-item\">\n<td class=\"kmt-attrgrp-itemtitle\">Gewicht<\/td>\n<td class=\"kmt-attrgrp-value\" data-title=\"Gewicht\">26,6<\/td>\n<\/tr>\n<\/tbody>\n<\/table>\n<\/div>\n<h4 class=\"kmt-attrgrp-title\">MARKE<\/h4>\n<div class=\"kmt-tablist-content-inner\">\n<div id=\"brand_details\" class=\"kmt-branddetail\">\n<div class=\"kmt-branddetail-text\">\n<p>Kalkhoff ist ein deutscher Fahrradhersteller aus Cloppenburg. Mit \u00fcber 90 Jahren Erfahrung in der Entwicklung von Fahrr\u00e4dern auf einem hohen Qualit\u00e4tsniveau.<\/p>\n<\/div>\n<\/div>\n<\/div>\n<\/div>\n<\/div>\n<\/div>\n<\/div>\n<\/div>","protected":false},"excerpt":{"rendered":"<p>Kalkhoff Image 3.B Move LB Wave Ein besonders komfortables und pflegeleichtes E-Bike f\u00fcr die Stadt: Das Kalkhoff Image 3.B Move<\/p>","protected":false},"featured_media":62886,"comment_status":"open","ping_status":"closed","template":"","meta":[],"product_brand":[],"product_cat":[33,34,35],"product_tag":[],"class_list":{"0":"post-43502","1":"product","2":"type-product","3":"status-publish","4":"has-post-thumbnail","6":"product_cat-e-bike","7":"product_cat-e-bike-city-urban","8":"product_cat-e-bikes-2022","9":"pa_marke-kalkhoff","11":"first","12":"instock","13":"sale","14":"taxable","15":"shipping-taxable","16":"purchasable","17":"product-type-variable"},"yoast_head":"<!-- This site is optimized with the Yoast SEO Premium plugin v20.12 (Yoast SEO v27.1.1) - https:\/\/yoast.com\/product\/yoast-seo-premium-wordpress\/ -->\n<title>Kalkhoff Image 3.B Move LB Wave<\/title>\n<meta name=\"description\" content=\"kgerad.de bietet Ihnen das Kalkhoff Image 3.B Move LB Wave zum besten Preis mit kostenlosem Versand in ganz EuropaKalkhoff Image 3.BKalkhoff Image 3.B\" \/>\n<meta name=\"robots\" content=\"index, follow, max-snippet:-1, max-image-preview:large, max-video-preview:-1\" \/>\n<link rel=\"canonical\" href=\"https:\/\/kgerad.de\/en\/product\/kalkhoff-image-3-b-move-lb-wave-2\/\" \/>\n<meta property=\"og:locale\" content=\"en_US\" \/>\n<meta property=\"og:type\" content=\"article\" \/>\n<meta property=\"og:title\" content=\"Kalkhoff Image 3.B Move LB Wave\" \/>\n<meta property=\"og:description\" content=\"Entdecken Sie unseren Online-Fahrradladen: Gro\u00dfe Auswahl an Modellen f\u00fcr alle Radsportbegeisterten. Von Rennr\u00e4dern bis zu Mountainbikes - finden Sie heute Ihren perfekten Wegbegleiter!\" \/>\n<meta property=\"og:url\" content=\"https:\/\/kgerad.de\/en\/product\/kalkhoff-image-3-b-move-lb-wave-2\/\" \/>\n<meta property=\"og:site_name\" content=\"kgerad.de\" \/>\n<meta property=\"article:modified_time\" content=\"2023-08-11T07:00:00+00:00\" \/>\n<meta property=\"og:image\" content=\"https:\/\/kgerad.de\/wp-content\/uploads\/2023\/06\/kalkhoff-endeavour-3punktb-move-lb-wave-diamondblack-matt-84539-01.webp\" \/>\n\t<meta property=\"og:image:width\" content=\"754\" \/>\n\t<meta property=\"og:image:height\" content=\"520\" \/>\n\t<meta property=\"og:image:type\" content=\"image\/webp\" \/>\n<meta name=\"twitter:card\" content=\"summary_large_image\" \/>\n<meta name=\"twitter:label1\" content=\"Est. reading time\" \/>\n\t<meta name=\"twitter:data1\" content=\"3 minutes\" \/>\n<script type=\"application\/ld+json\" class=\"yoast-schema-graph\">{\"@context\":\"https:\/\/schema.org\",\"@graph\":[{\"@type\":\"WebPage\",\"@id\":\"https:\/\/kgerad.de\/produkt\/kalkhoff-image-3-b-move-lb-wave-2\/\",\"url\":\"https:\/\/kgerad.de\/produkt\/kalkhoff-image-3-b-move-lb-wave-2\/\",\"name\":\"Kalkhoff Image 3.B Move LB Wave\",\"isPartOf\":{\"@id\":\"https:\/\/kgerad.de\/#website\"},\"primaryImageOfPage\":{\"@id\":\"https:\/\/kgerad.de\/produkt\/kalkhoff-image-3-b-move-lb-wave-2\/#primaryimage\"},\"image\":{\"@id\":\"https:\/\/kgerad.de\/produkt\/kalkhoff-image-3-b-move-lb-wave-2\/#primaryimage\"},\"thumbnailUrl\":\"https:\/\/kgerad.de\/wp-content\/uploads\/2023\/06\/kalkhoff-endeavour-3punktb-move-lb-wave-diamondblack-matt-84539-01.webp\",\"datePublished\":\"2022-11-23T17:14:38+00:00\",\"dateModified\":\"2023-08-11T07:00:00+00:00\",\"description\":\"kgerad.de bietet Ihnen das Kalkhoff Image 3.B Move LB Wave zum besten Preis mit kostenlosem Versand in ganz EuropaKalkhoff Image 3.BKalkhoff Image 3.B\",\"breadcrumb\":{\"@id\":\"https:\/\/kgerad.de\/produkt\/kalkhoff-image-3-b-move-lb-wave-2\/#breadcrumb\"},\"inLanguage\":\"en-US\",\"potentialAction\":[{\"@type\":\"ReadAction\",\"target\":[\"https:\/\/kgerad.de\/produkt\/kalkhoff-image-3-b-move-lb-wave-2\/\"]}]},{\"@type\":\"ImageObject\",\"inLanguage\":\"en-US\",\"@id\":\"https:\/\/kgerad.de\/produkt\/kalkhoff-image-3-b-move-lb-wave-2\/#primaryimage\",\"url\":\"https:\/\/kgerad.de\/wp-content\/uploads\/2023\/06\/kalkhoff-endeavour-3punktb-move-lb-wave-diamondblack-matt-84539-01.webp\",\"contentUrl\":\"https:\/\/kgerad.de\/wp-content\/uploads\/2023\/06\/kalkhoff-endeavour-3punktb-move-lb-wave-diamondblack-matt-84539-01.webp\",\"width\":754,\"height\":520,\"caption\":\"Kalkhoff Image 3.B Move LB Wave\"},{\"@type\":\"BreadcrumbList\",\"@id\":\"https:\/\/kgerad.de\/produkt\/kalkhoff-image-3-b-move-lb-wave-2\/#breadcrumb\",\"itemListElement\":[{\"@type\":\"ListItem\",\"position\":1,\"name\":\"Startseite\",\"item\":\"https:\/\/kgerad.de\/\"},{\"@type\":\"ListItem\",\"position\":2,\"name\":\"LADEN\",\"item\":\"https:\/\/kgerad.de\/laden\/\"},{\"@type\":\"ListItem\",\"position\":3,\"name\":\"Kalkhoff Image 3.B Move LB Wave\"}]},{\"@type\":\"WebSite\",\"@id\":\"https:\/\/kgerad.de\/#website\",\"url\":\"https:\/\/kgerad.de\/\",\"name\":\"kgerad.de\",\"description\":\"Treten Sie mit uns ins Abenteuer!\",\"publisher\":{\"@id\":\"https:\/\/kgerad.de\/#organization\"},\"alternateName\":\"MEIN RADLADEN\",\"potentialAction\":[{\"@type\":\"SearchAction\",\"target\":{\"@type\":\"EntryPoint\",\"urlTemplate\":\"https:\/\/kgerad.de\/?s={search_term_string}\"},\"query-input\":{\"@type\":\"PropertyValueSpecification\",\"valueRequired\":true,\"valueName\":\"search_term_string\"}}],\"inLanguage\":\"en-US\"},{\"@type\":\"Organization\",\"@id\":\"https:\/\/kgerad.de\/#organization\",\"name\":\"MEINRADLADEN\",\"alternateName\":\"MEIN RADLADEN\",\"url\":\"https:\/\/kgerad.de\/\",\"logo\":{\"@type\":\"ImageObject\",\"inLanguage\":\"en-US\",\"@id\":\"https:\/\/kgerad.de\/#\/schema\/logo\/image\/\",\"url\":\"https:\/\/kgerad.de\/wp-content\/uploads\/2025\/07\/logo-Whit.svg\",\"contentUrl\":\"https:\/\/kgerad.de\/wp-content\/uploads\/2025\/07\/logo-Whit.svg\",\"width\":1640,\"height\":371,\"caption\":\"MEINRADLADEN\"},\"image\":{\"@id\":\"https:\/\/kgerad.de\/#\/schema\/logo\/image\/\"}}]}<\/script>\n<!-- \/ Yoast SEO Premium plugin. -->","yoast_head_json":{"title":"Kalkhoff Image 3.B Move LB Wave","description":"kgerad.de bietet Ihnen das Kalkhoff Image 3.B Move LB Wave zum besten Preis mit kostenlosem Versand in ganz EuropaKalkhoff Image 3.BKalkhoff Image 3.B","robots":{"index":"index","follow":"follow","max-snippet":"max-snippet:-1","max-image-preview":"max-image-preview:large","max-video-preview":"max-video-preview:-1"},"canonical":"https:\/\/kgerad.de\/en\/product\/kalkhoff-image-3-b-move-lb-wave-2\/","og_locale":"en_US","og_type":"article","og_title":"Kalkhoff Image 3.B Move LB Wave","og_description":"Entdecken Sie unseren Online-Fahrradladen: Gro\u00dfe Auswahl an Modellen f\u00fcr alle Radsportbegeisterten. Von Rennr\u00e4dern bis zu Mountainbikes - finden Sie heute Ihren perfekten Wegbegleiter!","og_url":"https:\/\/kgerad.de\/en\/product\/kalkhoff-image-3-b-move-lb-wave-2\/","og_site_name":"kgerad.de","article_modified_time":"2023-08-11T07:00:00+00:00","og_image":[{"width":754,"height":520,"url":"https:\/\/kgerad.de\/wp-content\/uploads\/2023\/06\/kalkhoff-endeavour-3punktb-move-lb-wave-diamondblack-matt-84539-01.webp","type":"image\/webp"}],"twitter_card":"summary_large_image","twitter_misc":{"Est. reading time":"3 minutes"},"schema":{"@context":"https:\/\/schema.org","@graph":[{"@type":"WebPage","@id":"https:\/\/kgerad.de\/produkt\/kalkhoff-image-3-b-move-lb-wave-2\/","url":"https:\/\/kgerad.de\/produkt\/kalkhoff-image-3-b-move-lb-wave-2\/","name":"Kalkhoff Image 3.B Move LB Wave","isPartOf":{"@id":"https:\/\/kgerad.de\/#website"},"primaryImageOfPage":{"@id":"https:\/\/kgerad.de\/produkt\/kalkhoff-image-3-b-move-lb-wave-2\/#primaryimage"},"image":{"@id":"https:\/\/kgerad.de\/produkt\/kalkhoff-image-3-b-move-lb-wave-2\/#primaryimage"},"thumbnailUrl":"https:\/\/kgerad.de\/wp-content\/uploads\/2023\/06\/kalkhoff-endeavour-3punktb-move-lb-wave-diamondblack-matt-84539-01.webp","datePublished":"2022-11-23T17:14:38+00:00","dateModified":"2023-08-11T07:00:00+00:00","description":"kgerad.de bietet Ihnen das Kalkhoff Image 3.B Move LB Wave zum besten Preis mit kostenlosem Versand in ganz EuropaKalkhoff Image 3.BKalkhoff Image 3.B","breadcrumb":{"@id":"https:\/\/kgerad.de\/produkt\/kalkhoff-image-3-b-move-lb-wave-2\/#breadcrumb"},"inLanguage":"en-US","potentialAction":[{"@type":"ReadAction","target":["https:\/\/kgerad.de\/produkt\/kalkhoff-image-3-b-move-lb-wave-2\/"]}]},{"@type":"ImageObject","inLanguage":"en-US","@id":"https:\/\/kgerad.de\/produkt\/kalkhoff-image-3-b-move-lb-wave-2\/#primaryimage","url":"https:\/\/kgerad.de\/wp-content\/uploads\/2023\/06\/kalkhoff-endeavour-3punktb-move-lb-wave-diamondblack-matt-84539-01.webp","contentUrl":"https:\/\/kgerad.de\/wp-content\/uploads\/2023\/06\/kalkhoff-endeavour-3punktb-move-lb-wave-diamondblack-matt-84539-01.webp","width":754,"height":520,"caption":"Kalkhoff Image 3.B Move LB Wave"},{"@type":"BreadcrumbList","@id":"https:\/\/kgerad.de\/produkt\/kalkhoff-image-3-b-move-lb-wave-2\/#breadcrumb","itemListElement":[{"@type":"ListItem","position":1,"name":"Startseite","item":"https:\/\/kgerad.de\/"},{"@type":"ListItem","position":2,"name":"LADEN","item":"https:\/\/kgerad.de\/laden\/"},{"@type":"ListItem","position":3,"name":"Kalkhoff Image 3.B Move LB Wave"}]},{"@type":"WebSite","@id":"https:\/\/kgerad.de\/#website","url":"https:\/\/kgerad.de\/","name":"kgerad.de","description":"Treten Sie mit uns ins Abenteuer!","publisher":{"@id":"https:\/\/kgerad.de\/#organization"},"alternateName":"MEIN RADLADEN","potentialAction":[{"@type":"SearchAction","target":{"@type":"EntryPoint","urlTemplate":"https:\/\/kgerad.de\/?s={search_term_string}"},"query-input":{"@type":"PropertyValueSpecification","valueRequired":true,"valueName":"search_term_string"}}],"inLanguage":"en-US"},{"@type":"Organization","@id":"https:\/\/kgerad.de\/#organization","name":"MEINRADLADEN","alternateName":"MEIN RADLADEN","url":"https:\/\/kgerad.de\/","logo":{"@type":"ImageObject","inLanguage":"en-US","@id":"https:\/\/kgerad.de\/#\/schema\/logo\/image\/","url":"https:\/\/kgerad.de\/wp-content\/uploads\/2025\/07\/logo-Whit.svg","contentUrl":"https:\/\/kgerad.de\/wp-content\/uploads\/2025\/07\/logo-Whit.svg","width":1640,"height":371,"caption":"MEINRADLADEN"},"image":{"@id":"https:\/\/kgerad.de\/#\/schema\/logo\/image\/"}}]}},"_links":{"self":[{"href":"https:\/\/kgerad.de\/en\/wp-json\/wp\/v2\/product\/43502","targetHints":{"allow":["GET"]}}],"collection":[{"href":"https:\/\/kgerad.de\/en\/wp-json\/wp\/v2\/product"}],"about":[{"href":"https:\/\/kgerad.de\/en\/wp-json\/wp\/v2\/types\/product"}],"replies":[{"embeddable":true,"href":"https:\/\/kgerad.de\/en\/wp-json\/wp\/v2\/comments?post=43502"}],"version-history":[{"count":1,"href":"https:\/\/kgerad.de\/en\/wp-json\/wp\/v2\/product\/43502\/revisions"}],"predecessor-version":[{"id":79173,"href":"https:\/\/kgerad.de\/en\/wp-json\/wp\/v2\/product\/43502\/revisions\/79173"}],"wp:featuredmedia":[{"embeddable":true,"href":"https:\/\/kgerad.de\/en\/wp-json\/wp\/v2\/media\/62886"}],"wp:attachment":[{"href":"https:\/\/kgerad.de\/en\/wp-json\/wp\/v2\/media?parent=43502"}],"wp:term":[{"taxonomy":"product_brand","embeddable":true,"href":"https:\/\/kgerad.de\/en\/wp-json\/wp\/v2\/product_brand?post=43502"},{"taxonomy":"product_cat","embeddable":true,"href":"https:\/\/kgerad.de\/en\/wp-json\/wp\/v2\/product_cat?post=43502"},{"taxonomy":"product_tag","embeddable":true,"href":"https:\/\/kgerad.de\/en\/wp-json\/wp\/v2\/product_tag?post=43502"}],"curies":[{"name":"wp","href":"https:\/\/api.w.org\/{rel}","templated":true}]}}