{"id":43495,"date":"2022-11-23T18:44:33","date_gmt":"2022-11-23T17:44:33","guid":{"rendered":"https:\/\/kgerad.de\/?post_type=product&#038;p=43495"},"modified":"2023-08-11T08:47:19","modified_gmt":"2023-08-11T06:47:19","slug":"fox-racing-34-k-float-29-factory-stepcast-fit4-2-pos-adj","status":"publish","type":"product","link":"https:\/\/kgerad.de\/en\/product\/fox-racing-34-k-float-29-factory-stepcast-fit4-2-pos-adj\/","title":{"rendered":"Fox Racing 34 K Float 29&#8243; Factory Stepcast FIT4 2 Pos-Adj"},"content":{"rendered":"<div class=\"product--headername\">\n<h2 class=\"product--title\"><strong>Fox Racing<\/strong>\u00a034 K Float 29&#8243; Factory Stepcast FIT4 2 Pos-Adj Remote Tapered Kabold Boost<\/h2>\n<div class=\"product--rating-container\">\n<p>Die Fox Racing 34 K Float 29&#8243; Factory StepCast mit Kashima Coat-Beschichtung und FIT4 2 Positionen D\u00e4mpfer f\u00fcr verbesserte Kontrolle mit Lenker-Remote ist eine leichte Boost Federgabel mit Kabolt Steckachse &#8211; entwickelt f\u00fcr Trail Fahrer.<\/p>\n<h2>Superleichte Renngabel: die 34 K Float 29&#8243; Factory Stepcast FIT4 2Pos-Adj Remote Tapered Kabold Boost von Fox Racing<\/h2>\n<p>Mit einer neuen Generation von Renngabeln gl\u00e4nzt die 34 Step-Cast im BC Bike Race, bei Epic Rides und auf Marathonstrecken. Sie ist auch perfekt f\u00fcr Fahrer, die eine Allroundgabel suchen, die in einer Vielzahl von Einsatzbereichen gl\u00e4nzen kann: leicht genug f\u00fcr Steigungen und sehr gut geeignet f\u00fcr anspruchsvolles Gel\u00e4nde mit ausreichendem Federweg wenn der Trail rau wird. Gewichtseinsparungen werden durch Ausschnitte am , ein hohles Unterteil und verk\u00fcrzte Schaftl\u00e4ngen erzielt. Die spezielle Luftfeder- und D\u00e4mpferabstimmung ist mit einer leichteren Abstimmung bei mittleren und h\u00f6heren Geschwindigkeiten spezifisch f\u00fcr diesen Hubbereich.<\/p>\n<p>Die 34 Float Federgabel ist leichteste 34, die es je gab, die brandneue 34 Step-Cast wurde von Grund auf so konzipiert, dass sie eine kompromisslose XC-Race-Performance mit klassenbester Abstimmbarkeit, Chassissteifigkeit und Robustheit bietet. Das Bogen-Design ist so konzipiert, dass es perfekt auch zu modernen Trail-Bikes passt. Die Profile der Steuerrohre sind im Laufe der Zeit immer gr\u00f6\u00dfer und die Gabel Offsets immer k\u00fcrzer geworden. Die neue Bogenform tr\u00e4gt diesen Anforderungen Rechnung, indem sie nach vorne ragt, um bei voller Einfederung gen\u00fcgend Freiraum f\u00fcr das Steuerrohr zu bieten.<\/p>\n<hr \/>\n<h3>Features &#8211; Fox Racing 34 K Float 29&#8243; Factory Stepcast FIT4 2Pos-Adj Remote Tapered Kabold Boost<\/h3>\n<ul>\n<li>FIT4 2-Position Lenker-Remote mit Feinabstimmung<\/li>\n<li>FLOAT EVOL-Luftfeder sorgt f\u00fcr extra satte Federung<\/li>\n<li>Lock-Out f\u00fcr gesteigerte Effektivit\u00e4t<\/li>\n<li>Neue Luft-\/\u00d6lkan\u00e4le<\/li>\n<li>Neue Bogenform bietet verbessertes Steuerrohr mit k\u00fcrzerem Radstand<\/li>\n<li>Neue Gabelkrone mit 58 mm Durchmesser<\/li>\n<li>\u00dcberarbeitete EVOL-Luftfeder<\/li>\n<li>Kabolt Boost 110mm Steckachse<\/li>\n<\/ul>\n<h3>Produkteigenschaften<\/h3>\n<ul>\n<li><strong>Einsatzbereich:<\/strong>\u00a0All Mountain, Trail, Cross-Country<\/li>\n<li><strong>Laufradgr\u00f6\u00dfe:<\/strong>\u00a029&#8243;<\/li>\n<li><strong>Federung:<\/strong>\u00a0Luft<\/li>\n<li><strong>D\u00e4mpfung:<\/strong>\u00a0FIT4 2-Position Lenker-Remote mit Feinabstimmung<\/li>\n<li><strong>Einstellbarkeit:<\/strong>\u00a0Zugstufe, Federh\u00e4rte \u00fcber Luftdruck, FIT4 2-Positionen-Druckstufe mit Feinabstimmung \u00fcber Lenker-Remote PTL (Push to Lock)<\/li>\n<li><strong>Einstellbarkeit FIT 4 D\u00e4mpfung:<\/strong>\n<ul>\n<li><strong>Low-speed Druckstufe:<\/strong>\u00a022 klicks (Open)<\/li>\n<li><strong>Low-speed Zugstufe:<\/strong>\u00a010 klicks<\/li>\n<\/ul>\n<\/li>\n<li><strong>Gabelschaft:<\/strong>\u00a0Tapered 1.5&#8243; auf 1 1\/8&#8243; (konisch)<\/li>\n<li><strong>Gabelschaftl\u00e4nge:<\/strong>\u00a0264mm<\/li>\n<li><strong>Standrohre:<\/strong>\u00a034mm Step-Cast<\/li>\n<li><strong>Scheibenbremsaufnahme:\u00a0<\/strong>Post Mount (PM6 &#8211; Direct Mount 160mm)<\/li>\n<li><strong>H\u00f6chste empfohlene Bremsscheibengr\u00f6\u00dfe:<\/strong>\u00a0180mm<\/li>\n<li><strong>Ausfallenden:<\/strong>\u00a015x110mm Kabolt Boost Steckachse<\/li>\n<li><strong>Max. Reifendimension:\u00a0<\/strong>29 x 2,4&#8243;<\/li>\n<li><strong>Einbauh\u00f6he:<\/strong>\u00a0530mm<\/li>\n<\/ul>\n<h3>Federweg \/ Offset \/ Ausfallende<\/h3>\n<ul>\n<li>120mm \/ 44 Offset \/ Boost<\/li>\n<\/ul>\n<h3>Material<\/h3>\n<ul>\n<li><strong>Gabelschaft:<\/strong>\u00a0Aluminium<\/li>\n<li><strong>Gabelkrone:<\/strong>\u00a0Aluminium<\/li>\n<li><strong>Standrohre:<\/strong>\u00a0Magnesium<\/li>\n<li><strong>Tauchrohre:<\/strong>\u00a0Aluminium (Kashima Coat-Beschichtung)<\/li>\n<\/ul>\n<h3>Farbe<\/h3>\n<ul>\n<li>mattschwarz<\/li>\n<\/ul>\n<h3>Gewicht<\/h3>\n<ul>\n<li>ab 1496g (Herstellerangabe)<\/li>\n<\/ul>\n<hr \/>\n<h3>Lieferumfang<\/h3>\n<ul>\n<li>1 Fox Racing 34 K Float 29&#8243; Factory Stepcast FIT4 2Pos-Adj Remote Tapered Kabold Boost<\/li>\n<li>1 Fox Kabolt Boost Steckachse 15x110mm<\/li>\n<li>1 Leitungsf\u00fchrung<\/li>\n<li>1 Anleitung<\/li>\n<\/ul>\n<p><em><strong>Remote Hebel nicht im Lieferumfang enthalten!<\/strong><\/em><\/p>\n<hr \/>\n<h3>Technologien<\/h3>\n<p><strong>FIT4<\/strong><br \/>\nAlle 34 und 36 FIT4-Gabeln arbeiten mit neuer D\u00e4mpferabstimmung. Ein \u00fcberarbeiteter Shim-Stack garantiert feineres Ansprechverhalten und bietet bei beherztem, hartem Fahrstil gleichzeitig den erforderlichen Gegenhalt. Das FIT4-System der vierten Generation bietet \u00fcber die geschlossene D\u00e4mpferkartusche zwei unterwegs justierbare Einstellungen f\u00fcr die Druckstufend\u00e4mpfung. Diese erlauben die optimale Anpassung an wechselnde Trailbedingungen. Factory-Series-Gabeln zeichnen sich durch die zus\u00e4tzlich in 22 Klicks verstellbare Low-Speed-Druckstufe im Open-Modus aus. Sie erlaubt es dem Fahrer, die Gabel exakt seinen D\u00e4mpfungsvorlieben anzupassen.<br \/>\n<strong><br \/>\n<\/strong><\/p>\n<p><strong>EVOL<\/strong><br \/>\nEine linearere Federkurve verleiht EVOL-Gabeln und D\u00e4mpfern mehr sanftes Federverhalten im oberen Bereich, extra Unterst\u00fctzung im mittleren Federweg und eine besser abstimmbare Endprogression. Die EVOL Technologie hat ein erh\u00f6htes Negativ-Luftfeder Volumen. Speziell positioniert und dimensioniert mit optimaler Empfindlichkeit bei kleinen St\u00f6\u00dfen.<\/p>\n<p><strong>Air Volume Spacers\u00a0<\/strong><br \/>\nDie FLOAT-Luftfeder bei Fox Gabeln und Federbeinen kann durch den Einsatz von Volumenspacern fein eingestellt werden, um die Federelemente progressiver oder weniger progressiv abzustimmen. Das erlaubt dem Fahrer die Feinjustage der Federung exakt nach seinen Bed\u00fcrfnissen.<\/p>\n<p><strong>Kabolt (Boost)<\/strong><br \/>\nDiese superleichte, geschraubte 15x110mm Steckachse wurde im Zuge des Fox-RAD-Programms in Zusammenarbeit mit dem Rennfahrer Geoff Kabush entwickelt. Die Montage erfolgt mittels eines 6mm Innensechskantschl\u00fcssels.<\/p>\n<hr \/>\n<h3>FOX FLOAT Air Spring (Luftfeder)<\/h3>\n<p><iframe src=\"https:\/\/www.youtube-nocookie.com\/embed\/03pdywBkuNQ?rel=0&amp;showinfo=0\" width=\"640\" height=\"360\" frameborder=\"0\" allowfullscreen=\"allowfullscreen\"><\/iframe><\/p>\n<h3>Introducing the all-new 34 SC | FOX<\/h3>\n<p><iframe title=\"YouTube video player\" src=\"https:\/\/www.youtube-nocookie.com\/embed\/7ZtZfCpJVw4\" width=\"640\" height=\"360\" frameborder=\"0\" allowfullscreen=\"allowfullscreen\"><\/iframe><\/p>\n<\/div>\n<div class=\"product--badge badge--discount\"><\/div>\n<\/div>\n<div class=\"image-slider--container\"><\/div>","protected":false},"excerpt":{"rendered":"<p>Fox Racing\u00a034 K Float 29&#8243; Factory Stepcast FIT4 2 Pos-Adj Remote Tapered Kabold Boost Die Fox Racing 34 K Float<\/p>","protected":false},"featured_media":62880,"comment_status":"open","ping_status":"closed","template":"","meta":[],"product_brand":[],"product_cat":[424,423],"product_tag":[],"class_list":{"0":"post-43495","1":"product","2":"type-product","3":"status-publish","4":"has-post-thumbnail","6":"product_cat-mtb-teile","7":"product_cat-teile","8":"pa_marke-fox","10":"first","11":"instock","12":"sale","13":"taxable","14":"shipping-taxable","15":"purchasable","16":"product-type-simple"},"yoast_head":"<!-- This site is optimized with the Yoast SEO Premium plugin v20.12 (Yoast SEO v27.1.1) - https:\/\/yoast.com\/product\/yoast-seo-premium-wordpress\/ -->\n<title>Fox Racing 34 K Float 29&quot; Factory Stepcast FIT4 2 Pos-Adj<\/title>\n<meta name=\"description\" content=\"Entdecken Sie unseren Online-Fahrradladen: Gro\u00dfe Auswahl an Modellen f\u00fcr alle Radsportbegeisterten. Von Rennr\u00e4dern bis zu Mountainbikes - finden Sie heute Ihren perfekten Wegbegleiter!\" \/>\n<meta name=\"robots\" content=\"index, follow, max-snippet:-1, max-image-preview:large, max-video-preview:-1\" \/>\n<link rel=\"canonical\" href=\"https:\/\/kgerad.de\/en\/product\/fox-racing-34-k-float-29-factory-stepcast-fit4-2-pos-adj\/\" \/>\n<meta property=\"og:locale\" content=\"en_US\" \/>\n<meta property=\"og:type\" content=\"article\" \/>\n<meta property=\"og:title\" content=\"Fox Racing 34 K Float 29&quot; Factory Stepcast FIT4 2 Pos-Adj\" \/>\n<meta property=\"og:description\" content=\"Entdecken Sie unseren Online-Fahrradladen: Gro\u00dfe Auswahl an Modellen f\u00fcr alle Radsportbegeisterten. Von Rennr\u00e4dern bis zu Mountainbikes - finden Sie heute Ihren perfekten Wegbegleiter!\" \/>\n<meta property=\"og:url\" content=\"https:\/\/kgerad.de\/en\/product\/fox-racing-34-k-float-29-factory-stepcast-fit4-2-pos-adj\/\" \/>\n<meta property=\"og:site_name\" content=\"kgerad.de\" \/>\n<meta property=\"article:modified_time\" content=\"2023-08-11T06:47:19+00:00\" \/>\n<meta property=\"og:image\" content=\"https:\/\/kgerad.de\/wp-content\/uploads\/2023\/06\/Fox-Racing-34-K-Float-29-Factory-Stepcast-FIT4-2Pos-Adj-Remote-Tapered-Kabold-Boost-910-30-778_b_800x800-0.jpg\" \/>\n\t<meta property=\"og:image:width\" content=\"207\" \/>\n\t<meta property=\"og:image:height\" content=\"800\" \/>\n\t<meta property=\"og:image:type\" content=\"image\/jpeg\" \/>\n<meta name=\"twitter:card\" content=\"summary_large_image\" \/>\n<meta name=\"twitter:label1\" content=\"Est. reading time\" \/>\n\t<meta name=\"twitter:data1\" content=\"4 minutes\" \/>\n<script type=\"application\/ld+json\" class=\"yoast-schema-graph\">{\"@context\":\"https:\/\/schema.org\",\"@graph\":[{\"@type\":\"WebPage\",\"@id\":\"https:\/\/kgerad.de\/produkt\/fox-racing-34-k-float-29-factory-stepcast-fit4-2-pos-adj\/\",\"url\":\"https:\/\/kgerad.de\/produkt\/fox-racing-34-k-float-29-factory-stepcast-fit4-2-pos-adj\/\",\"name\":\"Fox Racing 34 K Float 29\\\" Factory Stepcast FIT4 2 Pos-Adj\",\"isPartOf\":{\"@id\":\"https:\/\/kgerad.de\/#website\"},\"primaryImageOfPage\":{\"@id\":\"https:\/\/kgerad.de\/produkt\/fox-racing-34-k-float-29-factory-stepcast-fit4-2-pos-adj\/#primaryimage\"},\"image\":{\"@id\":\"https:\/\/kgerad.de\/produkt\/fox-racing-34-k-float-29-factory-stepcast-fit4-2-pos-adj\/#primaryimage\"},\"thumbnailUrl\":\"https:\/\/kgerad.de\/wp-content\/uploads\/2023\/06\/Fox-Racing-34-K-Float-29-Factory-Stepcast-FIT4-2Pos-Adj-Remote-Tapered-Kabold-Boost-910-30-778_b_800x800-0.jpg\",\"datePublished\":\"2022-11-23T17:44:33+00:00\",\"dateModified\":\"2023-08-11T06:47:19+00:00\",\"description\":\"Entdecken Sie unseren Online-Fahrradladen: Gro\u00dfe Auswahl an Modellen f\u00fcr alle Radsportbegeisterten. Von Rennr\u00e4dern bis zu Mountainbikes - finden Sie heute Ihren perfekten Wegbegleiter!\",\"breadcrumb\":{\"@id\":\"https:\/\/kgerad.de\/produkt\/fox-racing-34-k-float-29-factory-stepcast-fit4-2-pos-adj\/#breadcrumb\"},\"inLanguage\":\"en-US\",\"potentialAction\":[{\"@type\":\"ReadAction\",\"target\":[\"https:\/\/kgerad.de\/produkt\/fox-racing-34-k-float-29-factory-stepcast-fit4-2-pos-adj\/\"]}]},{\"@type\":\"ImageObject\",\"inLanguage\":\"en-US\",\"@id\":\"https:\/\/kgerad.de\/produkt\/fox-racing-34-k-float-29-factory-stepcast-fit4-2-pos-adj\/#primaryimage\",\"url\":\"https:\/\/kgerad.de\/wp-content\/uploads\/2023\/06\/Fox-Racing-34-K-Float-29-Factory-Stepcast-FIT4-2Pos-Adj-Remote-Tapered-Kabold-Boost-910-30-778_b_800x800-0.jpg\",\"contentUrl\":\"https:\/\/kgerad.de\/wp-content\/uploads\/2023\/06\/Fox-Racing-34-K-Float-29-Factory-Stepcast-FIT4-2Pos-Adj-Remote-Tapered-Kabold-Boost-910-30-778_b_800x800-0.jpg\",\"width\":207,\"height\":800,\"caption\":\"Fox Racing 34 K Float 29 Factory Stepcast FIT4 2 Pos-Adj Remote Tapered Kabold Boost\"},{\"@type\":\"BreadcrumbList\",\"@id\":\"https:\/\/kgerad.de\/produkt\/fox-racing-34-k-float-29-factory-stepcast-fit4-2-pos-adj\/#breadcrumb\",\"itemListElement\":[{\"@type\":\"ListItem\",\"position\":1,\"name\":\"Startseite\",\"item\":\"https:\/\/kgerad.de\/\"},{\"@type\":\"ListItem\",\"position\":2,\"name\":\"LADEN\",\"item\":\"https:\/\/kgerad.de\/laden\/\"},{\"@type\":\"ListItem\",\"position\":3,\"name\":\"Fox Racing 34 K Float 29&#8243; Factory Stepcast FIT4 2 Pos-Adj\"}]},{\"@type\":\"WebSite\",\"@id\":\"https:\/\/kgerad.de\/#website\",\"url\":\"https:\/\/kgerad.de\/\",\"name\":\"kgerad.de\",\"description\":\"Treten Sie mit uns ins Abenteuer!\",\"publisher\":{\"@id\":\"https:\/\/kgerad.de\/#organization\"},\"alternateName\":\"MEIN RADLADEN\",\"potentialAction\":[{\"@type\":\"SearchAction\",\"target\":{\"@type\":\"EntryPoint\",\"urlTemplate\":\"https:\/\/kgerad.de\/?s={search_term_string}\"},\"query-input\":{\"@type\":\"PropertyValueSpecification\",\"valueRequired\":true,\"valueName\":\"search_term_string\"}}],\"inLanguage\":\"en-US\"},{\"@type\":\"Organization\",\"@id\":\"https:\/\/kgerad.de\/#organization\",\"name\":\"MEINRADLADEN\",\"alternateName\":\"MEIN RADLADEN\",\"url\":\"https:\/\/kgerad.de\/\",\"logo\":{\"@type\":\"ImageObject\",\"inLanguage\":\"en-US\",\"@id\":\"https:\/\/kgerad.de\/#\/schema\/logo\/image\/\",\"url\":\"https:\/\/kgerad.de\/wp-content\/uploads\/2025\/07\/logo-Whit.svg\",\"contentUrl\":\"https:\/\/kgerad.de\/wp-content\/uploads\/2025\/07\/logo-Whit.svg\",\"width\":1640,\"height\":371,\"caption\":\"MEINRADLADEN\"},\"image\":{\"@id\":\"https:\/\/kgerad.de\/#\/schema\/logo\/image\/\"}}]}<\/script>\n<!-- \/ Yoast SEO Premium plugin. -->","yoast_head_json":{"title":"Fox Racing 34 K Float 29\" Factory Stepcast FIT4 2 Pos-Adj","description":"Entdecken Sie unseren Online-Fahrradladen: Gro\u00dfe Auswahl an Modellen f\u00fcr alle Radsportbegeisterten. Von Rennr\u00e4dern bis zu Mountainbikes - finden Sie heute Ihren perfekten Wegbegleiter!","robots":{"index":"index","follow":"follow","max-snippet":"max-snippet:-1","max-image-preview":"max-image-preview:large","max-video-preview":"max-video-preview:-1"},"canonical":"https:\/\/kgerad.de\/en\/product\/fox-racing-34-k-float-29-factory-stepcast-fit4-2-pos-adj\/","og_locale":"en_US","og_type":"article","og_title":"Fox Racing 34 K Float 29\" Factory Stepcast FIT4 2 Pos-Adj","og_description":"Entdecken Sie unseren Online-Fahrradladen: Gro\u00dfe Auswahl an Modellen f\u00fcr alle Radsportbegeisterten. Von Rennr\u00e4dern bis zu Mountainbikes - finden Sie heute Ihren perfekten Wegbegleiter!","og_url":"https:\/\/kgerad.de\/en\/product\/fox-racing-34-k-float-29-factory-stepcast-fit4-2-pos-adj\/","og_site_name":"kgerad.de","article_modified_time":"2023-08-11T06:47:19+00:00","og_image":[{"width":207,"height":800,"url":"https:\/\/kgerad.de\/wp-content\/uploads\/2023\/06\/Fox-Racing-34-K-Float-29-Factory-Stepcast-FIT4-2Pos-Adj-Remote-Tapered-Kabold-Boost-910-30-778_b_800x800-0.jpg","type":"image\/jpeg"}],"twitter_card":"summary_large_image","twitter_misc":{"Est. reading time":"4 minutes"},"schema":{"@context":"https:\/\/schema.org","@graph":[{"@type":"WebPage","@id":"https:\/\/kgerad.de\/produkt\/fox-racing-34-k-float-29-factory-stepcast-fit4-2-pos-adj\/","url":"https:\/\/kgerad.de\/produkt\/fox-racing-34-k-float-29-factory-stepcast-fit4-2-pos-adj\/","name":"Fox Racing 34 K Float 29\" Factory Stepcast FIT4 2 Pos-Adj","isPartOf":{"@id":"https:\/\/kgerad.de\/#website"},"primaryImageOfPage":{"@id":"https:\/\/kgerad.de\/produkt\/fox-racing-34-k-float-29-factory-stepcast-fit4-2-pos-adj\/#primaryimage"},"image":{"@id":"https:\/\/kgerad.de\/produkt\/fox-racing-34-k-float-29-factory-stepcast-fit4-2-pos-adj\/#primaryimage"},"thumbnailUrl":"https:\/\/kgerad.de\/wp-content\/uploads\/2023\/06\/Fox-Racing-34-K-Float-29-Factory-Stepcast-FIT4-2Pos-Adj-Remote-Tapered-Kabold-Boost-910-30-778_b_800x800-0.jpg","datePublished":"2022-11-23T17:44:33+00:00","dateModified":"2023-08-11T06:47:19+00:00","description":"Entdecken Sie unseren Online-Fahrradladen: Gro\u00dfe Auswahl an Modellen f\u00fcr alle Radsportbegeisterten. Von Rennr\u00e4dern bis zu Mountainbikes - finden Sie heute Ihren perfekten Wegbegleiter!","breadcrumb":{"@id":"https:\/\/kgerad.de\/produkt\/fox-racing-34-k-float-29-factory-stepcast-fit4-2-pos-adj\/#breadcrumb"},"inLanguage":"en-US","potentialAction":[{"@type":"ReadAction","target":["https:\/\/kgerad.de\/produkt\/fox-racing-34-k-float-29-factory-stepcast-fit4-2-pos-adj\/"]}]},{"@type":"ImageObject","inLanguage":"en-US","@id":"https:\/\/kgerad.de\/produkt\/fox-racing-34-k-float-29-factory-stepcast-fit4-2-pos-adj\/#primaryimage","url":"https:\/\/kgerad.de\/wp-content\/uploads\/2023\/06\/Fox-Racing-34-K-Float-29-Factory-Stepcast-FIT4-2Pos-Adj-Remote-Tapered-Kabold-Boost-910-30-778_b_800x800-0.jpg","contentUrl":"https:\/\/kgerad.de\/wp-content\/uploads\/2023\/06\/Fox-Racing-34-K-Float-29-Factory-Stepcast-FIT4-2Pos-Adj-Remote-Tapered-Kabold-Boost-910-30-778_b_800x800-0.jpg","width":207,"height":800,"caption":"Fox Racing 34 K Float 29 Factory Stepcast FIT4 2 Pos-Adj Remote Tapered Kabold Boost"},{"@type":"BreadcrumbList","@id":"https:\/\/kgerad.de\/produkt\/fox-racing-34-k-float-29-factory-stepcast-fit4-2-pos-adj\/#breadcrumb","itemListElement":[{"@type":"ListItem","position":1,"name":"Startseite","item":"https:\/\/kgerad.de\/"},{"@type":"ListItem","position":2,"name":"LADEN","item":"https:\/\/kgerad.de\/laden\/"},{"@type":"ListItem","position":3,"name":"Fox Racing 34 K Float 29&#8243; Factory Stepcast FIT4 2 Pos-Adj"}]},{"@type":"WebSite","@id":"https:\/\/kgerad.de\/#website","url":"https:\/\/kgerad.de\/","name":"kgerad.de","description":"Treten Sie mit uns ins Abenteuer!","publisher":{"@id":"https:\/\/kgerad.de\/#organization"},"alternateName":"MEIN RADLADEN","potentialAction":[{"@type":"SearchAction","target":{"@type":"EntryPoint","urlTemplate":"https:\/\/kgerad.de\/?s={search_term_string}"},"query-input":{"@type":"PropertyValueSpecification","valueRequired":true,"valueName":"search_term_string"}}],"inLanguage":"en-US"},{"@type":"Organization","@id":"https:\/\/kgerad.de\/#organization","name":"MEINRADLADEN","alternateName":"MEIN RADLADEN","url":"https:\/\/kgerad.de\/","logo":{"@type":"ImageObject","inLanguage":"en-US","@id":"https:\/\/kgerad.de\/#\/schema\/logo\/image\/","url":"https:\/\/kgerad.de\/wp-content\/uploads\/2025\/07\/logo-Whit.svg","contentUrl":"https:\/\/kgerad.de\/wp-content\/uploads\/2025\/07\/logo-Whit.svg","width":1640,"height":371,"caption":"MEINRADLADEN"},"image":{"@id":"https:\/\/kgerad.de\/#\/schema\/logo\/image\/"}}]}},"_links":{"self":[{"href":"https:\/\/kgerad.de\/en\/wp-json\/wp\/v2\/product\/43495","targetHints":{"allow":["GET"]}}],"collection":[{"href":"https:\/\/kgerad.de\/en\/wp-json\/wp\/v2\/product"}],"about":[{"href":"https:\/\/kgerad.de\/en\/wp-json\/wp\/v2\/types\/product"}],"replies":[{"embeddable":true,"href":"https:\/\/kgerad.de\/en\/wp-json\/wp\/v2\/comments?post=43495"}],"version-history":[{"count":1,"href":"https:\/\/kgerad.de\/en\/wp-json\/wp\/v2\/product\/43495\/revisions"}],"predecessor-version":[{"id":79172,"href":"https:\/\/kgerad.de\/en\/wp-json\/wp\/v2\/product\/43495\/revisions\/79172"}],"wp:featuredmedia":[{"embeddable":true,"href":"https:\/\/kgerad.de\/en\/wp-json\/wp\/v2\/media\/62880"}],"wp:attachment":[{"href":"https:\/\/kgerad.de\/en\/wp-json\/wp\/v2\/media?parent=43495"}],"wp:term":[{"taxonomy":"product_brand","embeddable":true,"href":"https:\/\/kgerad.de\/en\/wp-json\/wp\/v2\/product_brand?post=43495"},{"taxonomy":"product_cat","embeddable":true,"href":"https:\/\/kgerad.de\/en\/wp-json\/wp\/v2\/product_cat?post=43495"},{"taxonomy":"product_tag","embeddable":true,"href":"https:\/\/kgerad.de\/en\/wp-json\/wp\/v2\/product_tag?post=43495"}],"curies":[{"name":"wp","href":"https:\/\/api.w.org\/{rel}","templated":true}]}}