{"id":43442,"date":"2022-11-23T17:08:22","date_gmt":"2022-11-23T16:08:22","guid":{"rendered":"https:\/\/kgerad.de\/?post_type=product&#038;p=43442"},"modified":"2023-08-11T09:02:22","modified_gmt":"2023-08-11T07:02:22","slug":"santa-cruz-bronson-c-s","status":"publish","type":"product","link":"https:\/\/kgerad.de\/en\/product\/santa-cruz-bronson-c-s\/","title":{"rendered":"Santa Cruz Bronson C S"},"content":{"rendered":"<h2 class=\"content--title\"><strong>Santa Cruz<\/strong>\u00a0Bronson C S<\/h2>\n<p class=\"product--description\">Das MTB, das im Gel\u00e4nde (fast) alles kann: das Santa Cruz Bronson . Egal ob Trail, Enduro oder Freeride, 27,5\u201c oder 29er, mit dem Bronson musst du dich nicht festlegen. Hochwertiger Carbonrahmen, verl\u00e4ssliche Parts und die von Santa Cruz bekannte Qualit\u00e4t sprechen bei diesem edlen Allrounder f\u00fcr sich \u2013 es ist ganz einfach gemacht, um Spa\u00df zu haben! Das Mountainbike der kalifornischen Highend-Marke kommt in den Gr\u00f6\u00dfen S bis XL als Mullet-Variante MX (Mixed) vorne mit 29&#8243; und hinten mit 27.5&#8243; Laufr\u00e4dern, in der Gr\u00f6\u00dfe XS mit 27.5&#8243;.<\/p>\n<hr \/>\n<h3>Das Santa Cruz Bronson C S MX im Detail<\/h3>\n<p>Die Wahl des passenden Santa Cruz-Modells kann erstaunlich einfach sein. Man muss sich nicht auf einen Fahrstil festlegen. Nicht auf einen spitzen Einsatzbereich. Nicht mal mehr auf eine Laufradgr\u00f6\u00dfe. F\u00fcr &#8222;Mountainbiker&#8220;, im wahrsten Sinne des Wortes, ist das Bronson der richtige Begleiter.<\/p>\n<p>Das Bronson kennt kein Zweifeln. Es w\u00e4hlt mit Leichtigkeit und Fahrvergn\u00fcgen den schnellen Weg des geringsten Widerstands. Das Bike mit 150mm Federweg macht gro\u00dfe Spr\u00fcnge und Spa\u00df auf jedem Trail. Und durch den feinen VPP-Hinterbau geht es entspannt wieder zur\u00fcck auf Los.<\/p>\n<p>F\u00fcr Speed mit Style und alle die Spa\u00df daran haben, sich schnell zu f\u00fchlen. Die MX-Laufr\u00e4der (29&#8243; vorne, 27,5&#8243; hinten) zeigen, dass die Wahl zwischen zwei Laufradgr\u00f6\u00dfen keine Einbahnstra\u00dfe ist und vor allem kein Widerspruch. Das gr\u00f6\u00dfere Vorderrad bietet Traktion und Stabilit\u00e4t, f\u00fcr volle Kontrolle in Kurven und auf der engsten Linie. Und mit dem 27,5&#8243; Hinterrad bleibt das Rad agil und lebendig. Es liebt den Manual und die schnellen Richtungswechsel. So wie Du!<\/p>\n<p>Ob mit Volllgas \u00fcber den Trail oder v\u00f6llig flach im Tabletop. Jede Generation von Bronson-Fahrern definiert die Erwartungen ans Mountainbiken neu.<\/p>\n<hr \/>\n<p><b>In der Rahmengr\u00f6\u00dfe XS vorne und hinten mit 27.5&#8243;, in den Rahmengr\u00f6\u00dfen S &#8211; XL vorne mit 29&#8243; und hinten mit 27.5&#8243;.<\/b><\/p>\n<hr \/>\n<h3>Lebenslange Rahmen-Garantie<\/h3>\n<p>Santa Cruz Bicycles repariert oder ersetzt nach eigenem Ermessen jeden Rahmen, der von Santa Cruz Bicycles hergestellt wurde und der einen Material- oder Verarbeitungsfehler aufweist. Die Garantie gilt f\u00fcr die Lebensdauer des Rahmens und steht ausschlie\u00dflich dem Erstbesitzer zur Verf\u00fcgung. Ungeachtet des Vorstehenden sind Rahmen, die vor dem 1. Mai 2015 gekauft wurden, f\u00fcr f\u00fcnf Jahre ab dem urspr\u00fcnglichen Kaufdatum durch die vorher bestehende Garantie abgedeckt. Im Falle einer Situation, in der die Garantie nicht gilt, bietet Santa Cruz Bicycles dem Erstbesitzer Ersatzteile zu einem reduzierten Preis f\u00fcr die oben beschriebene Garantiezeit an.*<\/p>\n<hr \/>\n<h3>A Trip on the Bronson<\/h3>\n<p class=\"product--description\"><iframe title=\"YouTube video player\" src=\"https:\/\/www.youtube-nocookie.com\/embed\/qhf_lfijfgA\" width=\"640\" height=\"360\" frameborder=\"0\" allowfullscreen=\"allowfullscreen\" data-mce-fragment=\"1\"><\/iframe><\/p>\n<hr \/>\n<h3>Technologie<\/h3>\n<p><strong>Der Santa Cruz Carbon-Rahmen<\/strong><br \/>\nDie Santa Cruz CC-Rahmen werden mit den besten Materialien und den fortschrittlichsten Produktionsprozessen hergestellt. Die C-Rahmen sind genauso steif und stabil und haben die gleichen Fahreigenschaften wie die CC-Rahmen. Sie tauschen etwas mehr Gewicht f\u00fcr einen etwas g\u00fcnstigeren Preis ein. Beide Versionen werden von Santa Cruz in ihrer eigenen Fabrik hergestellt und haben eine lebenslange Garantie.*<\/p>\n<p><strong>Laufrad-Mix<\/strong><br \/>\nDer Laufrad-Mix ist auch als &#8222;Mullet&#8220; bekannt. Hierbei wird ein 29&#8243;-Vorderrad und ein 27,5&#8243;-Hinterrad komniniert. Das f\u00fchrende 29&#8243;-Rad schafft eine gro\u00dfe Aufstandsfl\u00e4che, die viel Traktion erzeugt und das \u00dcberrollverhalten verbessert. Das Hinterrad mit kleinerem Durchmesser bietet mehr Bewegungsfreiheit und erm\u00f6glicht so ein agileres Handling. Das Ergebnis ist ein Bike, das sich noch immer wie ein 29er anf\u00fchlt, aber leichter und effizienter im Trail zu bewegen ist.<\/p>\n<p><strong>150mm VPP-Hinterbau<\/strong><br \/>\nDer VPP-Hinterbau von Santa Cruz ist eines der besten Federungssysteme, das je f\u00fcr Mountainbikes entwickelt wurden. Er arbeitet auch in hartem Gel\u00e4nde komfortabel und ist gleichzeitig extrem effizient.<\/p>\n<p>Santa Cruz arbeitet seit 2001 mit dem vielseitigen und extrem leistungsstarken VPP-Hinterbau-System. Anstatt immer komplexere und undurchsichtigere Federungsdesigns oder gar eigene D\u00e4mpfer zu bauen, nur damit sie etwas Neues zu erz\u00e4hlen haben. Sie wollen wirklich die besten Fullys f\u00fcr Euch bauen. Und nicht die sch\u00f6nsten Marketing-Luftschl\u00f6sser aufblasen.<\/p>\n<p>Die gegenl\u00e4ufigen Umlenkhebel sind kurz und stabil und sorgen f\u00fcr eine robuste und steife Rahmenkontruktion. Die Lagerpunkte sind langlebig konstruiert und leicht zu warten. Ein Abschmiernippel an der unteren Wippe sorgt au\u00dferdem f\u00fcr besondere Haltbarkeit. Und wenn doch mal ein gr\u00f6\u00dferer Service ansteht, liefert Santa Cruz dem Erstbesitzer kostenlos Ersatzlager. Ein E-Bike wird besonders stark beansprucht, daher ist Haltbarkeit und Servicebarkeit f\u00fcr langanhaltenden Fahrspa\u00df besonders wichtig. Und das wird von Santa Cruz garantiert.<\/p>\n<h2>Ausstattung<\/h2>\n<div class=\"product--properties panel has--border\">\n<table class=\"product--properties-table\">\n<tbody>\n<tr class=\"product--properties-row row1\">\n<td class=\"product--properties-label is--bold\">Rahmen:<\/td>\n<td class=\"product--properties-value\">Carbon C MX 150mm Travel VPP\u2122<\/td>\n<\/tr>\n<tr class=\"product--properties-row row2\">\n<td class=\"product--properties-label is--bold\">Rahmenmaterial:<\/td>\n<td class=\"product--properties-value\">Carbon<\/td>\n<\/tr>\n<tr class=\"product--properties-row row3\">\n<td class=\"product--properties-label is--bold\">Laufradgr\u00f6\u00dfe:<\/td>\n<td class=\"product--properties-value\">29&#8243; \/ 27.5&#8243; (S &#8211; XL) | 27,5&#8243; \/ 27,5&#8243; (XS)<\/td>\n<\/tr>\n<tr class=\"product--properties-row row4\">\n<td class=\"product--properties-label is--bold\">Farbe:<\/td>\n<td class=\"product--properties-value\">Gloss Moss<\/td>\n<\/tr>\n<tr class=\"product--properties-row row5\">\n<td class=\"product--properties-label is--bold\">Gabel:<\/td>\n<td class=\"product--properties-value\">FOX 36 Float Performance, 160mm<\/td>\n<\/tr>\n<tr class=\"product--properties-row row6\">\n<td class=\"product--properties-label is--bold\">D\u00e4mpfer:<\/td>\n<td class=\"product--properties-value\">RockShox Super Deluxe Select+<\/td>\n<\/tr>\n<tr class=\"product--properties-row row7\">\n<td class=\"product--properties-label is--bold\">Federweg:<\/td>\n<td class=\"product--properties-value\">160 mm \/ 150 mm<\/td>\n<\/tr>\n<tr class=\"product--properties-row row8\">\n<td class=\"product--properties-label is--bold\">Bremsen:<\/td>\n<td class=\"product--properties-value\">SRAM Code R<\/td>\n<\/tr>\n<tr class=\"product--properties-row row9\">\n<td class=\"product--properties-label is--bold\">Bremsscheiben:<\/td>\n<td class=\"product--properties-value\">Avid Centerline 200 mm \/ 180 mm<\/td>\n<\/tr>\n<tr class=\"product--properties-row row10\">\n<td class=\"product--properties-label is--bold\">Steuersatz:<\/td>\n<td class=\"product--properties-value\">Cane Creek 40 IS Integrated Headset<\/td>\n<\/tr>\n<tr class=\"product--properties-row row11\">\n<td class=\"product--properties-label is--bold\">Vorbau:<\/td>\n<td class=\"product--properties-value\">Burgtec Enduro MK3<\/td>\n<\/tr>\n<tr class=\"product--properties-row row12\">\n<td class=\"product--properties-label is--bold\">Lenker:<\/td>\n<td class=\"product--properties-value\">Burgtec Alloy Bar<\/td>\n<\/tr>\n<tr class=\"product--properties-row row13\">\n<td class=\"product--properties-label is--bold\">Griffe:<\/td>\n<td class=\"product--properties-value\">Santa Cruz House Grips or Burgtec Bartender Pro Grip Minnaar<\/td>\n<\/tr>\n<tr class=\"product--properties-row row14\">\n<td class=\"product--properties-label is--bold\">Sattel:<\/td>\n<td class=\"product--properties-value\">WTB Silverado Race Saddle or WTB Volt<\/td>\n<\/tr>\n<tr class=\"product--properties-row row15\">\n<td class=\"product--properties-label is--bold\">Sattelst\u00fctze:<\/td>\n<td class=\"product--properties-value\">RockShox Reverb Stealth, 31.6<\/td>\n<\/tr>\n<\/tbody>\n<\/table>\n<table class=\"product--properties-table\">\n<tbody>\n<tr class=\"product--properties-row row16\">\n<td class=\"product--properties-label is--bold\">Kurbel:<\/td>\n<td class=\"product--properties-value\">SRAM GX Eagle 148 DUB 32t<\/td>\n<\/tr>\n<tr class=\"product--properties-row row17\">\n<td class=\"product--properties-label is--bold\">Tretlager\/Innenlager:<\/td>\n<td class=\"product--properties-value\">SRAM DUB 68\/73mm Threaded BB<\/td>\n<\/tr>\n<tr class=\"product--properties-row row18\">\n<td class=\"product--properties-label is--bold\">Schaltwerk:<\/td>\n<td class=\"product--properties-value\">SRAM GX Eagle, 12spd<\/td>\n<\/tr>\n<tr class=\"product--properties-row row19\">\n<td class=\"product--properties-label is--bold\">Schalthebel:<\/td>\n<td class=\"product--properties-value\">SRAM GX Eagle, 12spd<\/td>\n<\/tr>\n<tr class=\"product--properties-row row20\">\n<td class=\"product--properties-label is--bold\">Kassette:<\/td>\n<td class=\"product--properties-value\">SRAM XG1275 Eagle, 12spd, 10-50t<\/td>\n<\/tr>\n<tr class=\"product--properties-row row21\">\n<td class=\"product--properties-label is--bold\">Kette:<\/td>\n<td class=\"product--properties-value\">SRAM GX Eagle, 12spd<\/td>\n<\/tr>\n<tr class=\"product--properties-row row22\">\n<td class=\"product--properties-label is--bold\">Reifen vorne:<\/td>\n<td class=\"product--properties-value\">Maxxis Minion DHF 29&#8243;x2.5, 3C, Maxx- Grip, EXO, TR (27.5\u201d tire on size XS)<\/td>\n<\/tr>\n<tr class=\"product--properties-row row23\">\n<td class=\"product--properties-label is--bold\">Reifen hinten:<\/td>\n<td class=\"product--properties-value\">Maxxis Minion DHR II 27.5&#8243;x2.4&#8243;, 3C, EXO, TR<\/td>\n<\/tr>\n<tr class=\"product--properties-row row24\">\n<td class=\"product--properties-label is--bold\">Nabe Vorderrad:<\/td>\n<td class=\"product--properties-value\">DT Swiss 370, 15&#215;110, 6 bolt, 28h<\/td>\n<\/tr>\n<tr class=\"product--properties-row row25\">\n<td class=\"product--properties-label is--bold\">Nabe Hinterrad:<\/td>\n<td class=\"product--properties-value\">DT Swiss 370, 12&#215;148, XD, 28h<\/td>\n<\/tr>\n<tr class=\"product--properties-row row26\">\n<td class=\"product--properties-label is--bold\">Speichen:<\/td>\n<td class=\"product--properties-value\">Sapim Race<\/td>\n<\/tr>\n<tr class=\"product--properties-row row27\">\n<td class=\"product--properties-label is--bold\">Felgen:<\/td>\n<td class=\"product--properties-value\">RaceFace AR Offset 30 Rims<\/td>\n<\/tr>\n<tr class=\"product--properties-row row28\">\n<td class=\"product--properties-label is--bold\">Pedale:<\/td>\n<td class=\"product--properties-value\">nicht im Lieferumfang enthalten<\/td>\n<\/tr>\n<tr class=\"product--properties-row row29\">\n<td class=\"product--properties-label is--bold\">Sonstiges:<\/td>\n<td class=\"product--properties-value\">Stan&#8217;s Sealant<\/td>\n<\/tr>\n<tr class=\"product--properties-row row30\">\n<td class=\"product--properties-label is--bold\">Zul\u00e4ssiges Gesamtgewicht:<\/td>\n<td class=\"product--properties-value\">136 kg (K\u00f6rpergewicht + Fahrrad + Ausr\u00fcstung)<\/td>\n<\/tr>\n<tr class=\"product--properties-row row31\">\n<td class=\"product--properties-label is--bold\">Gewicht Komplettrad:<\/td>\n<td class=\"product--properties-value\">14.68 kg<\/td>\n<\/tr>\n<\/tbody>\n<\/table>\n<\/div>","protected":false},"excerpt":{"rendered":"<div class=\"tab-menu--product js--tab-menu\">\n<div class=\"tab--container-list\">\n<div class=\"tab--container description has--content is--active\">\n<div class=\"tab--content box-description\">\n<div class=\"content--description\">\n<div class=\"ean-box\"><label>Modelljahr: <span style=\"font-size: 16px;\">2022<\/span><\/label><\/div>\n<\/div>\n<\/div>\n<\/div>\n<\/div>\n<\/div>\n<p><a class=\"rating-link-info--box\" name=\"product--publish-comment\"><\/a><\/p>\n<div id=\"detail--product-reviews\" class=\"content--product-reviews 123\"><\/div>","protected":false},"featured_media":62857,"comment_status":"open","ping_status":"closed","template":"","meta":[],"product_brand":[],"product_cat":[36,426,220],"product_tag":[],"class_list":{"0":"post-43442","1":"product","2":"type-product","3":"status-publish","4":"has-post-thumbnail","6":"product_cat-fahrrad","7":"product_cat-fullsuspension","8":"product_cat-mountainbike","9":"pa_marke-santa-cruz","11":"first","12":"instock","13":"sale","14":"taxable","15":"shipping-taxable","16":"purchasable","17":"product-type-variable"},"yoast_head":"<!-- This site is optimized with the Yoast SEO Premium plugin v20.12 (Yoast SEO v27.1.1) - https:\/\/yoast.com\/product\/yoast-seo-premium-wordpress\/ -->\n<title>Santa Cruz Bronson C S<\/title>\n<meta name=\"description\" content=\"kgerad.de bietet Ihnen das Santa Cruz Bronson C S zum besten Preis mit kostenlosem Versand in ganz EuropaSanta Cruz BronsonSanta Cruz Bronson\" \/>\n<meta name=\"robots\" content=\"index, follow, max-snippet:-1, max-image-preview:large, max-video-preview:-1\" \/>\n<link rel=\"canonical\" href=\"https:\/\/kgerad.de\/en\/product\/santa-cruz-bronson-c-s\/\" \/>\n<meta property=\"og:locale\" content=\"en_US\" \/>\n<meta property=\"og:type\" content=\"article\" \/>\n<meta property=\"og:title\" content=\"Santa Cruz Bronson C S\" \/>\n<meta property=\"og:description\" content=\"Entdecken Sie unseren Online-Fahrradladen: Gro\u00dfe Auswahl an Modellen f\u00fcr alle Radsportbegeisterten. Von Rennr\u00e4dern bis zu Mountainbikes - finden Sie heute Ihren perfekten Wegbegleiter!\" \/>\n<meta property=\"og:url\" content=\"https:\/\/kgerad.de\/en\/product\/santa-cruz-bronson-c-s\/\" \/>\n<meta property=\"og:site_name\" content=\"kgerad.de\" \/>\n<meta property=\"article:modified_time\" content=\"2023-08-11T07:02:22+00:00\" \/>\n<meta property=\"og:image\" content=\"https:\/\/kgerad.de\/wp-content\/uploads\/2023\/06\/Santa-Cruz-Bronson-C-S.jpg\" \/>\n\t<meta property=\"og:image:width\" content=\"800\" \/>\n\t<meta property=\"og:image:height\" content=\"466\" \/>\n\t<meta property=\"og:image:type\" content=\"image\/jpeg\" \/>\n<meta name=\"twitter:card\" content=\"summary_large_image\" \/>\n<meta name=\"twitter:label1\" content=\"Est. reading time\" \/>\n\t<meta name=\"twitter:data1\" content=\"5 minutes\" \/>\n<script type=\"application\/ld+json\" class=\"yoast-schema-graph\">{\"@context\":\"https:\/\/schema.org\",\"@graph\":[{\"@type\":\"WebPage\",\"@id\":\"https:\/\/kgerad.de\/produkt\/santa-cruz-bronson-c-s\/\",\"url\":\"https:\/\/kgerad.de\/produkt\/santa-cruz-bronson-c-s\/\",\"name\":\"Santa Cruz Bronson C S\",\"isPartOf\":{\"@id\":\"https:\/\/kgerad.de\/#website\"},\"primaryImageOfPage\":{\"@id\":\"https:\/\/kgerad.de\/produkt\/santa-cruz-bronson-c-s\/#primaryimage\"},\"image\":{\"@id\":\"https:\/\/kgerad.de\/produkt\/santa-cruz-bronson-c-s\/#primaryimage\"},\"thumbnailUrl\":\"https:\/\/kgerad.de\/wp-content\/uploads\/2023\/06\/Santa-Cruz-Bronson-C-S.jpg\",\"datePublished\":\"2022-11-23T16:08:22+00:00\",\"dateModified\":\"2023-08-11T07:02:22+00:00\",\"description\":\"kgerad.de bietet Ihnen das Santa Cruz Bronson C S zum besten Preis mit kostenlosem Versand in ganz EuropaSanta Cruz BronsonSanta Cruz Bronson\",\"breadcrumb\":{\"@id\":\"https:\/\/kgerad.de\/produkt\/santa-cruz-bronson-c-s\/#breadcrumb\"},\"inLanguage\":\"en-US\",\"potentialAction\":[{\"@type\":\"ReadAction\",\"target\":[\"https:\/\/kgerad.de\/produkt\/santa-cruz-bronson-c-s\/\"]}]},{\"@type\":\"ImageObject\",\"inLanguage\":\"en-US\",\"@id\":\"https:\/\/kgerad.de\/produkt\/santa-cruz-bronson-c-s\/#primaryimage\",\"url\":\"https:\/\/kgerad.de\/wp-content\/uploads\/2023\/06\/Santa-Cruz-Bronson-C-S.jpg\",\"contentUrl\":\"https:\/\/kgerad.de\/wp-content\/uploads\/2023\/06\/Santa-Cruz-Bronson-C-S.jpg\",\"width\":800,\"height\":466,\"caption\":\"Santa Cruz Bronson C S\"},{\"@type\":\"BreadcrumbList\",\"@id\":\"https:\/\/kgerad.de\/produkt\/santa-cruz-bronson-c-s\/#breadcrumb\",\"itemListElement\":[{\"@type\":\"ListItem\",\"position\":1,\"name\":\"Startseite\",\"item\":\"https:\/\/kgerad.de\/\"},{\"@type\":\"ListItem\",\"position\":2,\"name\":\"LADEN\",\"item\":\"https:\/\/kgerad.de\/laden\/\"},{\"@type\":\"ListItem\",\"position\":3,\"name\":\"Santa Cruz Bronson C S\"}]},{\"@type\":\"WebSite\",\"@id\":\"https:\/\/kgerad.de\/#website\",\"url\":\"https:\/\/kgerad.de\/\",\"name\":\"kgerad.de\",\"description\":\"Treten Sie mit uns ins Abenteuer!\",\"publisher\":{\"@id\":\"https:\/\/kgerad.de\/#organization\"},\"alternateName\":\"MEIN RADLADEN\",\"potentialAction\":[{\"@type\":\"SearchAction\",\"target\":{\"@type\":\"EntryPoint\",\"urlTemplate\":\"https:\/\/kgerad.de\/?s={search_term_string}\"},\"query-input\":{\"@type\":\"PropertyValueSpecification\",\"valueRequired\":true,\"valueName\":\"search_term_string\"}}],\"inLanguage\":\"en-US\"},{\"@type\":\"Organization\",\"@id\":\"https:\/\/kgerad.de\/#organization\",\"name\":\"MEINRADLADEN\",\"alternateName\":\"MEIN RADLADEN\",\"url\":\"https:\/\/kgerad.de\/\",\"logo\":{\"@type\":\"ImageObject\",\"inLanguage\":\"en-US\",\"@id\":\"https:\/\/kgerad.de\/#\/schema\/logo\/image\/\",\"url\":\"https:\/\/kgerad.de\/wp-content\/uploads\/2025\/07\/logo-Whit.svg\",\"contentUrl\":\"https:\/\/kgerad.de\/wp-content\/uploads\/2025\/07\/logo-Whit.svg\",\"width\":1640,\"height\":371,\"caption\":\"MEINRADLADEN\"},\"image\":{\"@id\":\"https:\/\/kgerad.de\/#\/schema\/logo\/image\/\"}}]}<\/script>\n<!-- \/ Yoast SEO Premium plugin. -->","yoast_head_json":{"title":"Santa Cruz Bronson C S","description":"kgerad.de bietet Ihnen das Santa Cruz Bronson C S zum besten Preis mit kostenlosem Versand in ganz EuropaSanta Cruz BronsonSanta Cruz Bronson","robots":{"index":"index","follow":"follow","max-snippet":"max-snippet:-1","max-image-preview":"max-image-preview:large","max-video-preview":"max-video-preview:-1"},"canonical":"https:\/\/kgerad.de\/en\/product\/santa-cruz-bronson-c-s\/","og_locale":"en_US","og_type":"article","og_title":"Santa Cruz Bronson C S","og_description":"Entdecken Sie unseren Online-Fahrradladen: Gro\u00dfe Auswahl an Modellen f\u00fcr alle Radsportbegeisterten. Von Rennr\u00e4dern bis zu Mountainbikes - finden Sie heute Ihren perfekten Wegbegleiter!","og_url":"https:\/\/kgerad.de\/en\/product\/santa-cruz-bronson-c-s\/","og_site_name":"kgerad.de","article_modified_time":"2023-08-11T07:02:22+00:00","og_image":[{"width":800,"height":466,"url":"https:\/\/kgerad.de\/wp-content\/uploads\/2023\/06\/Santa-Cruz-Bronson-C-S.jpg","type":"image\/jpeg"}],"twitter_card":"summary_large_image","twitter_misc":{"Est. reading time":"5 minutes"},"schema":{"@context":"https:\/\/schema.org","@graph":[{"@type":"WebPage","@id":"https:\/\/kgerad.de\/produkt\/santa-cruz-bronson-c-s\/","url":"https:\/\/kgerad.de\/produkt\/santa-cruz-bronson-c-s\/","name":"Santa Cruz Bronson C S","isPartOf":{"@id":"https:\/\/kgerad.de\/#website"},"primaryImageOfPage":{"@id":"https:\/\/kgerad.de\/produkt\/santa-cruz-bronson-c-s\/#primaryimage"},"image":{"@id":"https:\/\/kgerad.de\/produkt\/santa-cruz-bronson-c-s\/#primaryimage"},"thumbnailUrl":"https:\/\/kgerad.de\/wp-content\/uploads\/2023\/06\/Santa-Cruz-Bronson-C-S.jpg","datePublished":"2022-11-23T16:08:22+00:00","dateModified":"2023-08-11T07:02:22+00:00","description":"kgerad.de bietet Ihnen das Santa Cruz Bronson C S zum besten Preis mit kostenlosem Versand in ganz EuropaSanta Cruz BronsonSanta Cruz Bronson","breadcrumb":{"@id":"https:\/\/kgerad.de\/produkt\/santa-cruz-bronson-c-s\/#breadcrumb"},"inLanguage":"en-US","potentialAction":[{"@type":"ReadAction","target":["https:\/\/kgerad.de\/produkt\/santa-cruz-bronson-c-s\/"]}]},{"@type":"ImageObject","inLanguage":"en-US","@id":"https:\/\/kgerad.de\/produkt\/santa-cruz-bronson-c-s\/#primaryimage","url":"https:\/\/kgerad.de\/wp-content\/uploads\/2023\/06\/Santa-Cruz-Bronson-C-S.jpg","contentUrl":"https:\/\/kgerad.de\/wp-content\/uploads\/2023\/06\/Santa-Cruz-Bronson-C-S.jpg","width":800,"height":466,"caption":"Santa Cruz Bronson C S"},{"@type":"BreadcrumbList","@id":"https:\/\/kgerad.de\/produkt\/santa-cruz-bronson-c-s\/#breadcrumb","itemListElement":[{"@type":"ListItem","position":1,"name":"Startseite","item":"https:\/\/kgerad.de\/"},{"@type":"ListItem","position":2,"name":"LADEN","item":"https:\/\/kgerad.de\/laden\/"},{"@type":"ListItem","position":3,"name":"Santa Cruz Bronson C S"}]},{"@type":"WebSite","@id":"https:\/\/kgerad.de\/#website","url":"https:\/\/kgerad.de\/","name":"kgerad.de","description":"Treten Sie mit uns ins Abenteuer!","publisher":{"@id":"https:\/\/kgerad.de\/#organization"},"alternateName":"MEIN RADLADEN","potentialAction":[{"@type":"SearchAction","target":{"@type":"EntryPoint","urlTemplate":"https:\/\/kgerad.de\/?s={search_term_string}"},"query-input":{"@type":"PropertyValueSpecification","valueRequired":true,"valueName":"search_term_string"}}],"inLanguage":"en-US"},{"@type":"Organization","@id":"https:\/\/kgerad.de\/#organization","name":"MEINRADLADEN","alternateName":"MEIN RADLADEN","url":"https:\/\/kgerad.de\/","logo":{"@type":"ImageObject","inLanguage":"en-US","@id":"https:\/\/kgerad.de\/#\/schema\/logo\/image\/","url":"https:\/\/kgerad.de\/wp-content\/uploads\/2025\/07\/logo-Whit.svg","contentUrl":"https:\/\/kgerad.de\/wp-content\/uploads\/2025\/07\/logo-Whit.svg","width":1640,"height":371,"caption":"MEINRADLADEN"},"image":{"@id":"https:\/\/kgerad.de\/#\/schema\/logo\/image\/"}}]}},"_links":{"self":[{"href":"https:\/\/kgerad.de\/en\/wp-json\/wp\/v2\/product\/43442","targetHints":{"allow":["GET"]}}],"collection":[{"href":"https:\/\/kgerad.de\/en\/wp-json\/wp\/v2\/product"}],"about":[{"href":"https:\/\/kgerad.de\/en\/wp-json\/wp\/v2\/types\/product"}],"replies":[{"embeddable":true,"href":"https:\/\/kgerad.de\/en\/wp-json\/wp\/v2\/comments?post=43442"}],"version-history":[{"count":1,"href":"https:\/\/kgerad.de\/en\/wp-json\/wp\/v2\/product\/43442\/revisions"}],"predecessor-version":[{"id":79180,"href":"https:\/\/kgerad.de\/en\/wp-json\/wp\/v2\/product\/43442\/revisions\/79180"}],"wp:featuredmedia":[{"embeddable":true,"href":"https:\/\/kgerad.de\/en\/wp-json\/wp\/v2\/media\/62857"}],"wp:attachment":[{"href":"https:\/\/kgerad.de\/en\/wp-json\/wp\/v2\/media?parent=43442"}],"wp:term":[{"taxonomy":"product_brand","embeddable":true,"href":"https:\/\/kgerad.de\/en\/wp-json\/wp\/v2\/product_brand?post=43442"},{"taxonomy":"product_cat","embeddable":true,"href":"https:\/\/kgerad.de\/en\/wp-json\/wp\/v2\/product_cat?post=43442"},{"taxonomy":"product_tag","embeddable":true,"href":"https:\/\/kgerad.de\/en\/wp-json\/wp\/v2\/product_tag?post=43442"}],"curies":[{"name":"wp","href":"https:\/\/api.w.org\/{rel}","templated":true}]}}