{"id":43401,"date":"2022-11-23T16:30:51","date_gmt":"2022-11-23T15:30:51","guid":{"rendered":"https:\/\/kgerad.de\/?post_type=product&#038;p=43401"},"modified":"2023-08-11T09:03:49","modified_gmt":"2023-08-11T07:03:49","slug":"scott-sub-sport-eride-20-trapez-2022","status":"publish","type":"product","link":"https:\/\/kgerad.de\/en\/product\/scott-sub-sport-eride-20-trapez-2022\/","title":{"rendered":"Scott Sub Sport eRIDE 20 Trapez 2022"},"content":{"rendered":"<h2 id=\"productTitle\" class=\"kmt-productmain-title\">Scott Sub Sport eRIDE 20 Trapez 2022<\/h2>\n<div class=\"kmt-tablist-content is-opened\">\n<div class=\"kmt-tablist-content-inner\">\n<div id=\"description\" class=\"kmt-textblockwithbuttonlist\">\n<div class=\"kmt-textblockwithbuttonlist-textblock kmt-textblock\">\n<p>Das Trekking E-Bike, Sub Sport eRIDE 20, aus dem Hause Scott, bietet dir mit seinem Bosch CX Motor jede Menge Leistung f\u00fcr anspruchsvolle Pendlerstrecken.<\/p>\n<p>Die Kombination aus dem Performance Line CX Sportmotor und dem gro\u00dfen 625 Wh PowerTube Akku zeigt sich als leistungsstarkes Kraftpaket. Das E-Paket des Sub Sport eRIDE 20 wir abgerundet mit dem kleinen Bosch Purion Bedien-Display und dem kompakten A2 Ladeger\u00e4t. Dank der geringen Ma\u00dfe, kannst du es leicht in der Tasche mit zur Arbeit nehmen um den Akku zwischendurch aufzuladen.<\/p>\n<p>Wie es sich f\u00fcr einen sportiven Tourer geh\u00f6rt, basiert dieses Scott Trekking E-Bike auf einer komfortablen Rahmengeometrie. Der Lenker l\u00e4sst sich am Vorbau passend auf deine W\u00fcnsche feinjustieren und die angenehmen Griffe sorgen f\u00fcr ein erm\u00fcdungsfreies Tourenfeeling. An der Front d\u00e4mpft die 63 mm SR Suntour NEX Federgabel auf schlechten Wegen.<\/p>\n<p>Die gruppenreine 10-fach Deore Schaltung und die hydraulische Scheibenbremsanlage stammen beide vom Marktf\u00fchrer Shimano. Feine Schaltvorg\u00e4nge und gut kontrollierbare Bremsman\u00f6ver sind somit f\u00fcr das Scott Sub Sport eRIDE 20 selbstverst\u00e4ndlich.<\/p>\n<p>Schwalbe Energizer Plus Reifen auf stabilen Cross X17 Felgen, eine komplette LED Lichtanlage, ein Racktime Systemgep\u00e4cktr\u00e4ger und ein ab Werk montiertes Rahmenschloss lassen dich das Scott Touren E-Bike auch wunderbar im Alltag und im anspruchsvollen Pendlereinsatz verwenden.<\/p>\n<p>Eine optisch gelungene Vollintegration des kraftvollen Bosch E-Antriebssystems: Das Scott Sub Sport eRIDE 20 Trekking-Pedelec.<\/p>\n<\/div>\n<div class=\"kmt-textblockwithbuttonlist-buttonlist kmt-buttonlist kmt-buttonlist--display-inline-right kmt-buttonlist--layout-column\"><button class=\"kmt-btn kmt-btn--size-xl kmt-btn--type-darkbg kmt-btn--align-left kmt-btn--hideborder kmt-sizechart-btn kmt-bikesizing-second-trigger notactive\"><i class=\"kmt-icon kmt-icon--groessenhelfer_beratung\"><\/i>Die richtige Gr\u00f6\u00dfe f\u00fcr dich<br \/>\n<small>Zum Rahmengr\u00f6\u00dfen-Rechner<\/small><\/button><button class=\"kmt-btn kmt-btn--size-xl kmt-btn--type-darkbg kmt-btn--align-left kmt-btn--hideborder\" data-init=\"kmt-modal\" data-guid=\"339f288c-1f98-4747-b37c-7b6913dd7ae0\"><i class=\"kmt-icon kmt-icon--pick-up-service\"><\/i>So kommt dein Fahrrad<br \/>\n<small>Mehr \u00fcber diesen Service<\/small><\/button><\/div>\n<\/div>\n<\/div>\n<\/div>\n<div class=\"kmt-tablist-content\">\n<h2>SPEZIFIKATION<\/h2>\n<div class=\"kmt-tablist-content-inner\">\n<div id=\"attributes\">\n<div class=\"kmt-stackedfeed kmt-attr-wrapper\">\n<div class=\"kmt-attr-column\">\n<div class=\"kmt-attrgrp\">\n<h4 class=\"kmt-attrgrp-title\">E-BIKE SYSTEM<\/h4>\n<table class=\"attributes table table-striped\">\n<tbody>\n<tr class=\"kmt-attrgrp-item\">\n<td class=\"kmt-attrgrp-itemtitle\">Akkutyp<\/td>\n<td class=\"kmt-attrgrp-value\" data-title=\"Akkutyp\">PowerTube 625Wh<\/td>\n<\/tr>\n<tr class=\"kmt-attrgrp-item\">\n<td class=\"kmt-attrgrp-itemtitle\">Motor<\/td>\n<td class=\"kmt-attrgrp-value\" data-title=\"Motor\">Bosch Performance CX, EU: 25kmh\/US: 20mph<\/td>\n<\/tr>\n<tr class=\"kmt-attrgrp-item\">\n<td class=\"kmt-attrgrp-itemtitle\">Akku-Leistung<\/td>\n<td class=\"kmt-attrgrp-value\" data-title=\"Akku-Leistung\">625 Wh<\/td>\n<\/tr>\n<tr class=\"kmt-attrgrp-item\">\n<td class=\"kmt-attrgrp-itemtitle\">Display<\/td>\n<td class=\"kmt-attrgrp-value\" data-title=\"Display\">Bosch Purion; kompakt; beleuchtet; spiegelfrei; Anzeige von Ladezustand, Geschwindigkeit, Fahrmodus, Reichweite, Trip-Distanz und Gesamt-Distanz<\/td>\n<\/tr>\n<tr class=\"kmt-attrgrp-item\">\n<td class=\"kmt-attrgrp-itemtitle\">Ladeger\u00e4t<\/td>\n<td class=\"kmt-attrgrp-value\" data-title=\"Ladeger\u00e4t\">2A Charger<\/td>\n<\/tr>\n<\/tbody>\n<\/table>\n<\/div>\n<div class=\"kmt-attrgrp\">\n<h4 class=\"kmt-attrgrp-title\">SCHALTUNG<\/h4>\n<table class=\"attributes table table-striped\">\n<tbody>\n<tr class=\"kmt-attrgrp-item\">\n<td class=\"kmt-attrgrp-itemtitle\">Schaltungsart<\/td>\n<td class=\"kmt-attrgrp-value\" data-title=\"Schaltungsart\">Kettenschaltung<\/td>\n<\/tr>\n<tr class=\"kmt-attrgrp-item\">\n<td class=\"kmt-attrgrp-itemtitle\">Ganganzahl<\/td>\n<td class=\"kmt-attrgrp-value\" data-title=\"Ganganzahl\">10<\/td>\n<\/tr>\n<tr class=\"kmt-attrgrp-item\">\n<td class=\"kmt-attrgrp-itemtitle\">Schaltwerk<\/td>\n<td class=\"kmt-attrgrp-value\" data-title=\"Schaltwerk\">Shimano Deore 10 Speed<\/td>\n<\/tr>\n<tr class=\"kmt-attrgrp-item\">\n<td class=\"kmt-attrgrp-itemtitle\">Schalthebel<\/td>\n<td class=\"kmt-attrgrp-value\" data-title=\"Schalthebel\">Shimano Deore 10 Speed<\/td>\n<\/tr>\n<tr class=\"kmt-attrgrp-item\">\n<td class=\"kmt-attrgrp-itemtitle\">Zahnkr\u00e4nze<\/td>\n<td class=\"kmt-attrgrp-value\" data-title=\"Zahnkr\u00e4nze\">Shimano CSM4100 11-42T<\/td>\n<\/tr>\n<\/tbody>\n<\/table>\n<\/div>\n<div class=\"kmt-attrgrp\">\n<h4 class=\"kmt-attrgrp-title\">BREMSANLAGE<\/h4>\n<table class=\"attributes table table-striped\">\n<tbody>\n<tr class=\"kmt-attrgrp-item\">\n<td class=\"kmt-attrgrp-itemtitle\">Bremstyp<\/td>\n<td class=\"kmt-attrgrp-value\" data-title=\"Bremstyp\">hydraulische Scheibenbremse<\/td>\n<\/tr>\n<tr class=\"kmt-attrgrp-item\">\n<td class=\"kmt-attrgrp-itemtitle\">Bremse<\/td>\n<td class=\"kmt-attrgrp-value\" data-title=\"Bremse\">Shimano BR-M200 Disc<\/td>\n<\/tr>\n<\/tbody>\n<\/table>\n<\/div>\n<div class=\"kmt-attrgrp\">\n<h4 class=\"kmt-attrgrp-title\">ANTRIEB<\/h4>\n<table class=\"attributes table table-striped\">\n<tbody>\n<tr class=\"kmt-attrgrp-item\">\n<td class=\"kmt-attrgrp-itemtitle\">Reifen<\/td>\n<td class=\"kmt-attrgrp-value\" data-title=\"Reifen\">Schwalbe Energizer Active Plus 700x50c<\/td>\n<\/tr>\n<tr class=\"kmt-attrgrp-item\">\n<td class=\"kmt-attrgrp-itemtitle\">Felgen<\/td>\n<td class=\"kmt-attrgrp-value\" data-title=\"Felgen\">Cross X17 Disc 32h<\/td>\n<\/tr>\n<tr class=\"kmt-attrgrp-item\">\n<td class=\"kmt-attrgrp-itemtitle\">Kurbelsatz<\/td>\n<td class=\"kmt-attrgrp-value\" data-title=\"Kurbelsatz\">Miranda 172,5mm, 38T Chainflow\/Chainprotector<\/td>\n<\/tr>\n<tr class=\"kmt-attrgrp-item\">\n<td class=\"kmt-attrgrp-itemtitle\">Kette<\/td>\n<td class=\"kmt-attrgrp-value\" data-title=\"Kette\">KMC E10S<\/td>\n<\/tr>\n<\/tbody>\n<\/table>\n<\/div>\n<\/div>\n<div class=\"kmt-attr-column\">\n<div class=\"kmt-attrgrp\">\n<h4 class=\"kmt-attrgrp-title\">RAHMEN<\/h4>\n<table class=\"attributes table table-striped\">\n<tbody>\n<tr class=\"kmt-attrgrp-item\">\n<td class=\"kmt-attrgrp-itemtitle\">Rahmenform<\/td>\n<td class=\"kmt-attrgrp-value\" data-title=\"Rahmenform\">Trapez<\/td>\n<\/tr>\n<tr class=\"kmt-attrgrp-item\">\n<td class=\"kmt-attrgrp-itemtitle\">Rahmenmaterial<\/td>\n<td class=\"kmt-attrgrp-value\" data-title=\"Rahmenmaterial\">Aluminium<\/td>\n<\/tr>\n<tr class=\"kmt-attrgrp-item\">\n<td class=\"kmt-attrgrp-itemtitle\">Gabel<\/td>\n<td class=\"kmt-attrgrp-value\" data-title=\"Gabel\">SUNTOUR NEX-E25 DS QR 700C STEEL TAPERED\/63mm travel<\/td>\n<\/tr>\n<\/tbody>\n<\/table>\n<\/div>\n<div class=\"kmt-attrgrp\">\n<h4 class=\"kmt-attrgrp-title\">KONTAKTPUNKTE<\/h4>\n<table class=\"attributes table table-striped\">\n<tbody>\n<tr class=\"kmt-attrgrp-item\">\n<td class=\"kmt-attrgrp-itemtitle\">Lenker<\/td>\n<td class=\"kmt-attrgrp-value\" data-title=\"Lenker\">Syncros UC3.0 680mm\/Rise 12mm\/ backsweep 15Grad<\/td>\n<\/tr>\n<tr class=\"kmt-attrgrp-item\">\n<td class=\"kmt-attrgrp-itemtitle\">Vorbau<\/td>\n<td class=\"kmt-attrgrp-value\" data-title=\"Vorbau\">Syncros UC 3.0 adjustable<\/td>\n<\/tr>\n<tr class=\"kmt-attrgrp-item\">\n<td class=\"kmt-attrgrp-itemtitle\">Sattel<\/td>\n<td class=\"kmt-attrgrp-value\" data-title=\"Sattel\">Selle Royal Essenza w\/ Superfabric<\/td>\n<\/tr>\n<tr class=\"kmt-attrgrp-item\">\n<td class=\"kmt-attrgrp-itemtitle\">Sattelst\u00fctze<\/td>\n<td class=\"kmt-attrgrp-value\" data-title=\"Sattelst\u00fctze\">Syncros 3.0\/31.6mm\/350mm<\/td>\n<\/tr>\n<\/tbody>\n<\/table>\n<\/div>\n<div class=\"kmt-attrgrp\">\n<h4 class=\"kmt-attrgrp-title\">STRASSENAUSSTATTUN<\/h4>\n<table class=\"attributes table table-striped\">\n<tbody>\n<tr class=\"kmt-attrgrp-item\">\n<td class=\"kmt-attrgrp-itemtitle\">Stra\u00dfenausstattung<\/td>\n<td class=\"kmt-attrgrp-value\" data-title=\"Stra\u00dfenausstattung\">nein<\/td>\n<\/tr>\n<tr class=\"kmt-attrgrp-item\">\n<td class=\"kmt-attrgrp-itemtitle\">Gep\u00e4cktr\u00e4ger<\/td>\n<td class=\"kmt-attrgrp-value\" data-title=\"Gep\u00e4cktr\u00e4ger\">Racktime w\/ spring clamp<\/td>\n<\/tr>\n<\/tbody>\n<\/table>\n<\/div>\n<div class=\"kmt-attrgrp\">\n<h4 class=\"kmt-attrgrp-title\">SONSTIGE INFORMATIONEN<\/h4>\n<table class=\"attributes table table-striped\">\n<tbody>\n<tr class=\"kmt-attrgrp-item\">\n<td class=\"kmt-attrgrp-itemtitle\">Modelljahr<\/td>\n<td class=\"kmt-attrgrp-value\" data-title=\"Modelljahr\">2022<\/td>\n<\/tr>\n<tr class=\"kmt-attrgrp-item\">\n<td class=\"kmt-attrgrp-itemtitle\">Typ<\/td>\n<td class=\"kmt-attrgrp-value\" data-title=\"Typ\">unisex<\/td>\n<\/tr>\n<\/tbody>\n<\/table>\n<\/div>\n<h4 class=\"kmt-attrgrp-title\">MARKE<\/h4>\n<div class=\"kmt-tablist-content-inner\">\n<div id=\"brand_details\" class=\"kmt-branddetail\">\n<div class=\"kmt-branddetail-text\">\n<p>Scott Sports ist in der Schweiz (Givisiez) ans\u00e4ssig und produziert Lauf- und Radsport Artikel. 1978 wurde das europ\u00e4ische Headquarter in Givisiez in der N\u00e4he von Freiburg er\u00f6ffnet.<\/p>\n<\/div>\n<\/div>\n<\/div>\n<\/div>\n<\/div>\n<\/div>\n<\/div>\n<\/div>","protected":false},"excerpt":{"rendered":"<p>Scott Sub Sport eRIDE 20 Trapez 2022 Das Trekking E-Bike, Sub Sport eRIDE 20, aus dem Hause Scott, bietet dir<\/p>","protected":false},"featured_media":62847,"comment_status":"open","ping_status":"closed","template":"","meta":[],"product_brand":[],"product_cat":[33,34,247,35],"product_tag":[],"class_list":{"0":"post-43401","1":"product","2":"type-product","3":"status-publish","4":"has-post-thumbnail","6":"product_cat-e-bike","7":"product_cat-e-bike-city-urban","8":"product_cat-e-bike-trekking","9":"product_cat-e-bikes-2022","10":"pa_marke-scott","12":"first","13":"instock","14":"sale","15":"taxable","16":"shipping-taxable","17":"purchasable","18":"product-type-variable"},"yoast_head":"<!-- This site is optimized with the Yoast SEO Premium plugin v20.12 (Yoast SEO v27.1.1) - https:\/\/yoast.com\/product\/yoast-seo-premium-wordpress\/ -->\n<title>Scott Sub Sport eRIDE 20 Trapez 2022<\/title>\n<meta name=\"description\" content=\"kgerad.de bietet Ihnen das Scott Sub Sport eRIDE 20 Trapez 2022 zum besten Preis mit kostenlosem Versand in ganz EuropaSub Sport eRIDESub Sport eRIDE\" \/>\n<meta name=\"robots\" content=\"index, follow, max-snippet:-1, max-image-preview:large, max-video-preview:-1\" \/>\n<link rel=\"canonical\" href=\"https:\/\/kgerad.de\/en\/product\/scott-sub-sport-eride-20-trapez-2022\/\" \/>\n<meta property=\"og:locale\" content=\"en_US\" \/>\n<meta property=\"og:type\" content=\"article\" \/>\n<meta property=\"og:title\" content=\"Scott Sub Sport eRIDE 20 Trapez 2022\" \/>\n<meta property=\"og:description\" content=\"Entdecken Sie unseren Online-Fahrradladen: Gro\u00dfe Auswahl an Modellen f\u00fcr alle Radsportbegeisterten. Von Rennr\u00e4dern bis zu Mountainbikes - finden Sie heute Ihren perfekten Wegbegleiter!\" \/>\n<meta property=\"og:url\" content=\"https:\/\/kgerad.de\/en\/product\/scott-sub-sport-eride-20-trapez-2022\/\" \/>\n<meta property=\"og:site_name\" content=\"kgerad.de\" \/>\n<meta property=\"article:modified_time\" content=\"2023-08-11T07:03:49+00:00\" \/>\n<meta property=\"og:image\" content=\"https:\/\/kgerad.de\/wp-content\/uploads\/2023\/06\/scott-sub-sport-eride-20-trapez-dark-grey-gold-polished-black-83129-01.webp\" \/>\n\t<meta property=\"og:image:width\" content=\"754\" \/>\n\t<meta property=\"og:image:height\" content=\"520\" \/>\n\t<meta property=\"og:image:type\" content=\"image\/webp\" \/>\n<meta name=\"twitter:card\" content=\"summary_large_image\" \/>\n<meta name=\"twitter:label1\" content=\"Est. reading time\" \/>\n\t<meta name=\"twitter:data1\" content=\"3 minutes\" \/>\n<script type=\"application\/ld+json\" class=\"yoast-schema-graph\">{\"@context\":\"https:\/\/schema.org\",\"@graph\":[{\"@type\":\"WebPage\",\"@id\":\"https:\/\/kgerad.de\/produkt\/scott-sub-sport-eride-20-trapez-2022\/\",\"url\":\"https:\/\/kgerad.de\/produkt\/scott-sub-sport-eride-20-trapez-2022\/\",\"name\":\"Scott Sub Sport eRIDE 20 Trapez 2022\",\"isPartOf\":{\"@id\":\"https:\/\/kgerad.de\/#website\"},\"primaryImageOfPage\":{\"@id\":\"https:\/\/kgerad.de\/produkt\/scott-sub-sport-eride-20-trapez-2022\/#primaryimage\"},\"image\":{\"@id\":\"https:\/\/kgerad.de\/produkt\/scott-sub-sport-eride-20-trapez-2022\/#primaryimage\"},\"thumbnailUrl\":\"https:\/\/kgerad.de\/wp-content\/uploads\/2023\/06\/scott-sub-sport-eride-20-trapez-dark-grey-gold-polished-black-83129-01.webp\",\"datePublished\":\"2022-11-23T15:30:51+00:00\",\"dateModified\":\"2023-08-11T07:03:49+00:00\",\"description\":\"kgerad.de bietet Ihnen das Scott Sub Sport eRIDE 20 Trapez 2022 zum besten Preis mit kostenlosem Versand in ganz EuropaSub Sport eRIDESub Sport eRIDE\",\"breadcrumb\":{\"@id\":\"https:\/\/kgerad.de\/produkt\/scott-sub-sport-eride-20-trapez-2022\/#breadcrumb\"},\"inLanguage\":\"en-US\",\"potentialAction\":[{\"@type\":\"ReadAction\",\"target\":[\"https:\/\/kgerad.de\/produkt\/scott-sub-sport-eride-20-trapez-2022\/\"]}]},{\"@type\":\"ImageObject\",\"inLanguage\":\"en-US\",\"@id\":\"https:\/\/kgerad.de\/produkt\/scott-sub-sport-eride-20-trapez-2022\/#primaryimage\",\"url\":\"https:\/\/kgerad.de\/wp-content\/uploads\/2023\/06\/scott-sub-sport-eride-20-trapez-dark-grey-gold-polished-black-83129-01.webp\",\"contentUrl\":\"https:\/\/kgerad.de\/wp-content\/uploads\/2023\/06\/scott-sub-sport-eride-20-trapez-dark-grey-gold-polished-black-83129-01.webp\",\"width\":754,\"height\":520,\"caption\":\"Scott Sub Sport eRIDE 20 Trapez 2022\"},{\"@type\":\"BreadcrumbList\",\"@id\":\"https:\/\/kgerad.de\/produkt\/scott-sub-sport-eride-20-trapez-2022\/#breadcrumb\",\"itemListElement\":[{\"@type\":\"ListItem\",\"position\":1,\"name\":\"Startseite\",\"item\":\"https:\/\/kgerad.de\/\"},{\"@type\":\"ListItem\",\"position\":2,\"name\":\"LADEN\",\"item\":\"https:\/\/kgerad.de\/laden\/\"},{\"@type\":\"ListItem\",\"position\":3,\"name\":\"Scott Sub Sport eRIDE 20 Trapez 2022\"}]},{\"@type\":\"WebSite\",\"@id\":\"https:\/\/kgerad.de\/#website\",\"url\":\"https:\/\/kgerad.de\/\",\"name\":\"kgerad.de\",\"description\":\"Treten Sie mit uns ins Abenteuer!\",\"publisher\":{\"@id\":\"https:\/\/kgerad.de\/#organization\"},\"alternateName\":\"MEIN RADLADEN\",\"potentialAction\":[{\"@type\":\"SearchAction\",\"target\":{\"@type\":\"EntryPoint\",\"urlTemplate\":\"https:\/\/kgerad.de\/?s={search_term_string}\"},\"query-input\":{\"@type\":\"PropertyValueSpecification\",\"valueRequired\":true,\"valueName\":\"search_term_string\"}}],\"inLanguage\":\"en-US\"},{\"@type\":\"Organization\",\"@id\":\"https:\/\/kgerad.de\/#organization\",\"name\":\"MEINRADLADEN\",\"alternateName\":\"MEIN RADLADEN\",\"url\":\"https:\/\/kgerad.de\/\",\"logo\":{\"@type\":\"ImageObject\",\"inLanguage\":\"en-US\",\"@id\":\"https:\/\/kgerad.de\/#\/schema\/logo\/image\/\",\"url\":\"https:\/\/kgerad.de\/wp-content\/uploads\/2025\/07\/logo-Whit.svg\",\"contentUrl\":\"https:\/\/kgerad.de\/wp-content\/uploads\/2025\/07\/logo-Whit.svg\",\"width\":1640,\"height\":371,\"caption\":\"MEINRADLADEN\"},\"image\":{\"@id\":\"https:\/\/kgerad.de\/#\/schema\/logo\/image\/\"}}]}<\/script>\n<!-- \/ Yoast SEO Premium plugin. -->","yoast_head_json":{"title":"Scott Sub Sport eRIDE 20 Trapez 2022","description":"kgerad.de bietet Ihnen das Scott Sub Sport eRIDE 20 Trapez 2022 zum besten Preis mit kostenlosem Versand in ganz EuropaSub Sport eRIDESub Sport eRIDE","robots":{"index":"index","follow":"follow","max-snippet":"max-snippet:-1","max-image-preview":"max-image-preview:large","max-video-preview":"max-video-preview:-1"},"canonical":"https:\/\/kgerad.de\/en\/product\/scott-sub-sport-eride-20-trapez-2022\/","og_locale":"en_US","og_type":"article","og_title":"Scott Sub Sport eRIDE 20 Trapez 2022","og_description":"Entdecken Sie unseren Online-Fahrradladen: Gro\u00dfe Auswahl an Modellen f\u00fcr alle Radsportbegeisterten. Von Rennr\u00e4dern bis zu Mountainbikes - finden Sie heute Ihren perfekten Wegbegleiter!","og_url":"https:\/\/kgerad.de\/en\/product\/scott-sub-sport-eride-20-trapez-2022\/","og_site_name":"kgerad.de","article_modified_time":"2023-08-11T07:03:49+00:00","og_image":[{"width":754,"height":520,"url":"https:\/\/kgerad.de\/wp-content\/uploads\/2023\/06\/scott-sub-sport-eride-20-trapez-dark-grey-gold-polished-black-83129-01.webp","type":"image\/webp"}],"twitter_card":"summary_large_image","twitter_misc":{"Est. reading time":"3 minutes"},"schema":{"@context":"https:\/\/schema.org","@graph":[{"@type":"WebPage","@id":"https:\/\/kgerad.de\/produkt\/scott-sub-sport-eride-20-trapez-2022\/","url":"https:\/\/kgerad.de\/produkt\/scott-sub-sport-eride-20-trapez-2022\/","name":"Scott Sub Sport eRIDE 20 Trapez 2022","isPartOf":{"@id":"https:\/\/kgerad.de\/#website"},"primaryImageOfPage":{"@id":"https:\/\/kgerad.de\/produkt\/scott-sub-sport-eride-20-trapez-2022\/#primaryimage"},"image":{"@id":"https:\/\/kgerad.de\/produkt\/scott-sub-sport-eride-20-trapez-2022\/#primaryimage"},"thumbnailUrl":"https:\/\/kgerad.de\/wp-content\/uploads\/2023\/06\/scott-sub-sport-eride-20-trapez-dark-grey-gold-polished-black-83129-01.webp","datePublished":"2022-11-23T15:30:51+00:00","dateModified":"2023-08-11T07:03:49+00:00","description":"kgerad.de bietet Ihnen das Scott Sub Sport eRIDE 20 Trapez 2022 zum besten Preis mit kostenlosem Versand in ganz EuropaSub Sport eRIDESub Sport eRIDE","breadcrumb":{"@id":"https:\/\/kgerad.de\/produkt\/scott-sub-sport-eride-20-trapez-2022\/#breadcrumb"},"inLanguage":"en-US","potentialAction":[{"@type":"ReadAction","target":["https:\/\/kgerad.de\/produkt\/scott-sub-sport-eride-20-trapez-2022\/"]}]},{"@type":"ImageObject","inLanguage":"en-US","@id":"https:\/\/kgerad.de\/produkt\/scott-sub-sport-eride-20-trapez-2022\/#primaryimage","url":"https:\/\/kgerad.de\/wp-content\/uploads\/2023\/06\/scott-sub-sport-eride-20-trapez-dark-grey-gold-polished-black-83129-01.webp","contentUrl":"https:\/\/kgerad.de\/wp-content\/uploads\/2023\/06\/scott-sub-sport-eride-20-trapez-dark-grey-gold-polished-black-83129-01.webp","width":754,"height":520,"caption":"Scott Sub Sport eRIDE 20 Trapez 2022"},{"@type":"BreadcrumbList","@id":"https:\/\/kgerad.de\/produkt\/scott-sub-sport-eride-20-trapez-2022\/#breadcrumb","itemListElement":[{"@type":"ListItem","position":1,"name":"Startseite","item":"https:\/\/kgerad.de\/"},{"@type":"ListItem","position":2,"name":"LADEN","item":"https:\/\/kgerad.de\/laden\/"},{"@type":"ListItem","position":3,"name":"Scott Sub Sport eRIDE 20 Trapez 2022"}]},{"@type":"WebSite","@id":"https:\/\/kgerad.de\/#website","url":"https:\/\/kgerad.de\/","name":"kgerad.de","description":"Treten Sie mit uns ins Abenteuer!","publisher":{"@id":"https:\/\/kgerad.de\/#organization"},"alternateName":"MEIN RADLADEN","potentialAction":[{"@type":"SearchAction","target":{"@type":"EntryPoint","urlTemplate":"https:\/\/kgerad.de\/?s={search_term_string}"},"query-input":{"@type":"PropertyValueSpecification","valueRequired":true,"valueName":"search_term_string"}}],"inLanguage":"en-US"},{"@type":"Organization","@id":"https:\/\/kgerad.de\/#organization","name":"MEINRADLADEN","alternateName":"MEIN RADLADEN","url":"https:\/\/kgerad.de\/","logo":{"@type":"ImageObject","inLanguage":"en-US","@id":"https:\/\/kgerad.de\/#\/schema\/logo\/image\/","url":"https:\/\/kgerad.de\/wp-content\/uploads\/2025\/07\/logo-Whit.svg","contentUrl":"https:\/\/kgerad.de\/wp-content\/uploads\/2025\/07\/logo-Whit.svg","width":1640,"height":371,"caption":"MEINRADLADEN"},"image":{"@id":"https:\/\/kgerad.de\/#\/schema\/logo\/image\/"}}]}},"_links":{"self":[{"href":"https:\/\/kgerad.de\/en\/wp-json\/wp\/v2\/product\/43401","targetHints":{"allow":["GET"]}}],"collection":[{"href":"https:\/\/kgerad.de\/en\/wp-json\/wp\/v2\/product"}],"about":[{"href":"https:\/\/kgerad.de\/en\/wp-json\/wp\/v2\/types\/product"}],"replies":[{"embeddable":true,"href":"https:\/\/kgerad.de\/en\/wp-json\/wp\/v2\/comments?post=43401"}],"version-history":[{"count":1,"href":"https:\/\/kgerad.de\/en\/wp-json\/wp\/v2\/product\/43401\/revisions"}],"predecessor-version":[{"id":79186,"href":"https:\/\/kgerad.de\/en\/wp-json\/wp\/v2\/product\/43401\/revisions\/79186"}],"wp:featuredmedia":[{"embeddable":true,"href":"https:\/\/kgerad.de\/en\/wp-json\/wp\/v2\/media\/62847"}],"wp:attachment":[{"href":"https:\/\/kgerad.de\/en\/wp-json\/wp\/v2\/media?parent=43401"}],"wp:term":[{"taxonomy":"product_brand","embeddable":true,"href":"https:\/\/kgerad.de\/en\/wp-json\/wp\/v2\/product_brand?post=43401"},{"taxonomy":"product_cat","embeddable":true,"href":"https:\/\/kgerad.de\/en\/wp-json\/wp\/v2\/product_cat?post=43401"},{"taxonomy":"product_tag","embeddable":true,"href":"https:\/\/kgerad.de\/en\/wp-json\/wp\/v2\/product_tag?post=43401"}],"curies":[{"name":"wp","href":"https:\/\/api.w.org\/{rel}","templated":true}]}}