{"id":43375,"date":"2022-11-23T16:47:19","date_gmt":"2022-11-23T15:47:19","guid":{"rendered":"https:\/\/kgerad.de\/?post_type=product&#038;p=43375"},"modified":"2023-08-11T09:03:14","modified_gmt":"2023-08-11T07:03:14","slug":"sram-xx1-eagle-axs-upgrade-kit","status":"publish","type":"product","link":"https:\/\/kgerad.de\/en\/product\/sram-xx1-eagle-axs-upgrade-kit\/","title":{"rendered":"SRAM XX1 Eagle AXS Upgrade Kit"},"content":{"rendered":"<h2 class=\"product--title\"><strong>SRAM<\/strong>\u00a0XX1 Eagle AXS Upgrade Kit<\/h2>\n<p>XX1 Eagle AXS\u2122 nutzt die SRAM 1x\u2122 Technologie, gepaart mit den leichtesten Materialien, 520 % \u00dcbersetzungsbandbreite und dem f\u00fchrungssicheren und haltbaren X-SYNC\u21222 <a href=\"http:\/\/1-1\">Kettenblatt<\/a>. Der Leistungs-H\u00f6hepunkt, angetrieben durch die elektronischen Komponenten von Eagle AXS\u2122. Das ist der Start f\u00fcr die neue Generation von XC Super-Bikes.<\/p>\n<h2>Pionierarbeit auf einer bew\u00e4hrten Basis: das XX1 Eagle AXS Upgrade-Kit von SRAM<\/h2>\n<p>Eagle AXS\u2122 bringt die Vorteile der drahtlosen, elektronischen Schaltung an das Mountainbike. Sie bietet anspruchsvollen Fahrern eine beispiellose Einstellungsm\u00f6glichkeiten und Kontrolle ihres Antriebs. AXS\u2122 vertieft die Beziehung zwischen dem Fahrer und seinem MTB. Diese Erg\u00e4nzung des Eagle\u2122-Ecosystems bringt Leistung auf eine neue Ebene. Ein Fahrerlebnis wie nie zuvor.<\/p>\n<hr \/>\n<h3>Lieferumfang &#8211; XX1 Eagle AXS Upgrade Kit<\/h3>\n<ul>\n<li>XX1 Eagle AXS Schaltwerk<\/li>\n<li>Eagle AXS Schalthebel<\/li>\n<li>Akku<\/li>\n<li>Ladeger\u00e4t<\/li>\n<li>Chain Gap Tool<\/li>\n<\/ul>\n<hr \/>\n<p>Nebeneffekt.<\/p>\n<h3>Features<\/h3>\n<ul>\n<li>Ausgelegt f\u00fcr XC und Trail<\/li>\n<li>Schaltk\u00e4fig aus Carbon<\/li>\n<\/ul>\n<h3>Produkteigenschaften<\/h3>\n<ul>\n<li><strong>Einsatzbereich:\u00a0<\/strong>MTB<\/li>\n<\/ul>\n<h3>Material<\/h3>\n<ul>\n<li><strong>Schaltk\u00e4fig:<\/strong>\u00a0Carbon<\/li>\n<li><strong>Hardware:\u00a0<\/strong>Titan<\/li>\n<\/ul>\n<h3>Farbe<\/h3>\n<ul>\n<li>schwarz<\/li>\n<\/ul>\n<h3>Features<\/h3>\n<ul>\n<li>MatchMaker\u2122 X kompatibel<\/li>\n<li>Eagle\u2122-Technologie<\/li>\n<li>Schaltrichtung f\u00fcr jeden Hebel frei w\u00e4hlbar<\/li>\n<\/ul>\n<h3>Produkteigenschaften<\/h3>\n<ul>\n<li><strong>Einsatzbereich:<\/strong>\u00a0MTB<\/li>\n<\/ul>\n<h3>Farbe<\/h3>\n<ul>\n<li>schwarz<\/li>\n<\/ul>\n<hr \/>\n<h3>SRAM Eagle AXS<\/h3>\n<p><iframe src=\"https:\/\/www.youtube-nocookie.com\/embed\/43pIPoB-f2s\" width=\"640\" height=\"360\" frameborder=\"0\" allowfullscreen=\"allowfullscreen\" data-mce-fragment=\"1\"><\/iframe><\/p>\n<h3>SRAM Eagle AXS &#8211; Vorstellung im Detail<\/h3>\n<p><iframe src=\"https:\/\/www.youtube-nocookie.com\/embed\/PUGDxjDn1cs\" width=\"640\" height=\"360\" frameborder=\"0\" allowfullscreen=\"allowfullscreen\" data-mce-fragment=\"1\"><\/iframe><\/p>\n<h3>SRAM AXS\u2122<\/h3>\n<p><iframe src=\"https:\/\/www.youtube-nocookie.com\/embed\/LEbJRmNgD8E\" width=\"640\" height=\"360\" frameborder=\"0\" allowfullscreen=\"allowfullscreen\" data-mce-fragment=\"1\"><\/iframe><\/p>\n<h3>Sram Eagle<\/h3>\n<div><iframe src=\"https:\/\/www.youtube-nocookie.com\/embed\/pEjlJYblcao?rel=0&amp;showinfo=0\" width=\"640\" height=\"360\" frameborder=\"0\" allowfullscreen=\"allowfullscreen\" data-mce-fragment=\"1\"><\/iframe><\/div>","protected":false},"excerpt":{"rendered":"<p>SRAM\u00a0XX1 Eagle AXS Upgrade Kit XX1 Eagle AXS\u2122 nutzt die SRAM 1x\u2122 Technologie, gepaart mit den leichtesten Materialien, 520 %<\/p>","protected":false},"featured_media":62842,"comment_status":"open","ping_status":"closed","template":"","meta":[],"product_brand":[],"product_cat":[424,423],"product_tag":[],"class_list":{"0":"post-43375","1":"product","2":"type-product","3":"status-publish","4":"has-post-thumbnail","6":"product_cat-mtb-teile","7":"product_cat-teile","8":"pa_marke-sram","10":"first","11":"instock","12":"sale","13":"taxable","14":"shipping-taxable","15":"purchasable","16":"product-type-simple"},"yoast_head":"<!-- This site is optimized with the Yoast SEO Premium plugin v20.12 (Yoast SEO v27.1.1) - https:\/\/yoast.com\/product\/yoast-seo-premium-wordpress\/ -->\n<title>SRAM XX1 Eagle AXS Upgrade Kit<\/title>\n<meta name=\"description\" content=\"kgerad.de bietet Ihnen das SRAM XX1 Eagle AXS Upgrade Kit zum besten Preis mit kostenlosem Versand in ganz EuropaSRAM XX1 Eagle SRAM XX1 Eagle\" \/>\n<meta name=\"robots\" content=\"index, follow, max-snippet:-1, max-image-preview:large, max-video-preview:-1\" \/>\n<link rel=\"canonical\" href=\"https:\/\/kgerad.de\/en\/product\/sram-xx1-eagle-axs-upgrade-kit\/\" \/>\n<meta property=\"og:locale\" content=\"en_US\" \/>\n<meta property=\"og:type\" content=\"article\" \/>\n<meta property=\"og:title\" content=\"SRAM XX1 Eagle AXS Upgrade Kit\" \/>\n<meta property=\"og:description\" content=\"Entdecken Sie unseren Online-Fahrradladen: Gro\u00dfe Auswahl an Modellen f\u00fcr alle Radsportbegeisterten. Von Rennr\u00e4dern bis zu Mountainbikes - finden Sie heute Ihren perfekten Wegbegleiter!\" \/>\n<meta property=\"og:url\" content=\"https:\/\/kgerad.de\/en\/product\/sram-xx1-eagle-axs-upgrade-kit\/\" \/>\n<meta property=\"og:site_name\" content=\"kgerad.de\" \/>\n<meta property=\"article:modified_time\" content=\"2023-08-11T07:03:14+00:00\" \/>\n<meta property=\"og:image\" content=\"https:\/\/kgerad.de\/wp-content\/uploads\/2023\/06\/Sram-XX1-Eagle-AXS-Upgrade-Kit-00-7518-125-000-00-7018-397_800x800-0.jpg\" \/>\n\t<meta property=\"og:image:width\" content=\"800\" \/>\n\t<meta property=\"og:image:height\" content=\"619\" \/>\n\t<meta property=\"og:image:type\" content=\"image\/jpeg\" \/>\n<meta name=\"twitter:card\" content=\"summary_large_image\" \/>\n<meta name=\"twitter:label1\" content=\"Est. reading time\" \/>\n\t<meta name=\"twitter:data1\" content=\"1 minute\" \/>\n<script type=\"application\/ld+json\" class=\"yoast-schema-graph\">{\"@context\":\"https:\/\/schema.org\",\"@graph\":[{\"@type\":\"WebPage\",\"@id\":\"https:\/\/kgerad.de\/produkt\/sram-xx1-eagle-axs-upgrade-kit\/\",\"url\":\"https:\/\/kgerad.de\/produkt\/sram-xx1-eagle-axs-upgrade-kit\/\",\"name\":\"SRAM XX1 Eagle AXS Upgrade Kit\",\"isPartOf\":{\"@id\":\"https:\/\/kgerad.de\/#website\"},\"primaryImageOfPage\":{\"@id\":\"https:\/\/kgerad.de\/produkt\/sram-xx1-eagle-axs-upgrade-kit\/#primaryimage\"},\"image\":{\"@id\":\"https:\/\/kgerad.de\/produkt\/sram-xx1-eagle-axs-upgrade-kit\/#primaryimage\"},\"thumbnailUrl\":\"https:\/\/kgerad.de\/wp-content\/uploads\/2023\/06\/Sram-XX1-Eagle-AXS-Upgrade-Kit-00-7518-125-000-00-7018-397_800x800-0.jpg\",\"datePublished\":\"2022-11-23T15:47:19+00:00\",\"dateModified\":\"2023-08-11T07:03:14+00:00\",\"description\":\"kgerad.de bietet Ihnen das SRAM XX1 Eagle AXS Upgrade Kit zum besten Preis mit kostenlosem Versand in ganz EuropaSRAM XX1 Eagle SRAM XX1 Eagle\",\"breadcrumb\":{\"@id\":\"https:\/\/kgerad.de\/produkt\/sram-xx1-eagle-axs-upgrade-kit\/#breadcrumb\"},\"inLanguage\":\"en-US\",\"potentialAction\":[{\"@type\":\"ReadAction\",\"target\":[\"https:\/\/kgerad.de\/produkt\/sram-xx1-eagle-axs-upgrade-kit\/\"]}]},{\"@type\":\"ImageObject\",\"inLanguage\":\"en-US\",\"@id\":\"https:\/\/kgerad.de\/produkt\/sram-xx1-eagle-axs-upgrade-kit\/#primaryimage\",\"url\":\"https:\/\/kgerad.de\/wp-content\/uploads\/2023\/06\/Sram-XX1-Eagle-AXS-Upgrade-Kit-00-7518-125-000-00-7018-397_800x800-0.jpg\",\"contentUrl\":\"https:\/\/kgerad.de\/wp-content\/uploads\/2023\/06\/Sram-XX1-Eagle-AXS-Upgrade-Kit-00-7518-125-000-00-7018-397_800x800-0.jpg\",\"width\":800,\"height\":619,\"caption\":\"SRAM\u00a0XX1 Eagle AXS Upgrade Kit\"},{\"@type\":\"BreadcrumbList\",\"@id\":\"https:\/\/kgerad.de\/produkt\/sram-xx1-eagle-axs-upgrade-kit\/#breadcrumb\",\"itemListElement\":[{\"@type\":\"ListItem\",\"position\":1,\"name\":\"Startseite\",\"item\":\"https:\/\/kgerad.de\/\"},{\"@type\":\"ListItem\",\"position\":2,\"name\":\"LADEN\",\"item\":\"https:\/\/kgerad.de\/laden\/\"},{\"@type\":\"ListItem\",\"position\":3,\"name\":\"SRAM XX1 Eagle AXS Upgrade Kit\"}]},{\"@type\":\"WebSite\",\"@id\":\"https:\/\/kgerad.de\/#website\",\"url\":\"https:\/\/kgerad.de\/\",\"name\":\"kgerad.de\",\"description\":\"Treten Sie mit uns ins Abenteuer!\",\"publisher\":{\"@id\":\"https:\/\/kgerad.de\/#organization\"},\"alternateName\":\"MEIN RADLADEN\",\"potentialAction\":[{\"@type\":\"SearchAction\",\"target\":{\"@type\":\"EntryPoint\",\"urlTemplate\":\"https:\/\/kgerad.de\/?s={search_term_string}\"},\"query-input\":{\"@type\":\"PropertyValueSpecification\",\"valueRequired\":true,\"valueName\":\"search_term_string\"}}],\"inLanguage\":\"en-US\"},{\"@type\":\"Organization\",\"@id\":\"https:\/\/kgerad.de\/#organization\",\"name\":\"MEINRADLADEN\",\"alternateName\":\"MEIN RADLADEN\",\"url\":\"https:\/\/kgerad.de\/\",\"logo\":{\"@type\":\"ImageObject\",\"inLanguage\":\"en-US\",\"@id\":\"https:\/\/kgerad.de\/#\/schema\/logo\/image\/\",\"url\":\"https:\/\/kgerad.de\/wp-content\/uploads\/2025\/07\/logo-Whit.svg\",\"contentUrl\":\"https:\/\/kgerad.de\/wp-content\/uploads\/2025\/07\/logo-Whit.svg\",\"width\":1640,\"height\":371,\"caption\":\"MEINRADLADEN\"},\"image\":{\"@id\":\"https:\/\/kgerad.de\/#\/schema\/logo\/image\/\"}}]}<\/script>\n<!-- \/ Yoast SEO Premium plugin. -->","yoast_head_json":{"title":"SRAM XX1 Eagle AXS Upgrade Kit","description":"kgerad.de bietet Ihnen das SRAM XX1 Eagle AXS Upgrade Kit zum besten Preis mit kostenlosem Versand in ganz EuropaSRAM XX1 Eagle SRAM XX1 Eagle","robots":{"index":"index","follow":"follow","max-snippet":"max-snippet:-1","max-image-preview":"max-image-preview:large","max-video-preview":"max-video-preview:-1"},"canonical":"https:\/\/kgerad.de\/en\/product\/sram-xx1-eagle-axs-upgrade-kit\/","og_locale":"en_US","og_type":"article","og_title":"SRAM XX1 Eagle AXS Upgrade Kit","og_description":"Entdecken Sie unseren Online-Fahrradladen: Gro\u00dfe Auswahl an Modellen f\u00fcr alle Radsportbegeisterten. Von Rennr\u00e4dern bis zu Mountainbikes - finden Sie heute Ihren perfekten Wegbegleiter!","og_url":"https:\/\/kgerad.de\/en\/product\/sram-xx1-eagle-axs-upgrade-kit\/","og_site_name":"kgerad.de","article_modified_time":"2023-08-11T07:03:14+00:00","og_image":[{"width":800,"height":619,"url":"https:\/\/kgerad.de\/wp-content\/uploads\/2023\/06\/Sram-XX1-Eagle-AXS-Upgrade-Kit-00-7518-125-000-00-7018-397_800x800-0.jpg","type":"image\/jpeg"}],"twitter_card":"summary_large_image","twitter_misc":{"Est. reading time":"1 minute"},"schema":{"@context":"https:\/\/schema.org","@graph":[{"@type":"WebPage","@id":"https:\/\/kgerad.de\/produkt\/sram-xx1-eagle-axs-upgrade-kit\/","url":"https:\/\/kgerad.de\/produkt\/sram-xx1-eagle-axs-upgrade-kit\/","name":"SRAM XX1 Eagle AXS Upgrade Kit","isPartOf":{"@id":"https:\/\/kgerad.de\/#website"},"primaryImageOfPage":{"@id":"https:\/\/kgerad.de\/produkt\/sram-xx1-eagle-axs-upgrade-kit\/#primaryimage"},"image":{"@id":"https:\/\/kgerad.de\/produkt\/sram-xx1-eagle-axs-upgrade-kit\/#primaryimage"},"thumbnailUrl":"https:\/\/kgerad.de\/wp-content\/uploads\/2023\/06\/Sram-XX1-Eagle-AXS-Upgrade-Kit-00-7518-125-000-00-7018-397_800x800-0.jpg","datePublished":"2022-11-23T15:47:19+00:00","dateModified":"2023-08-11T07:03:14+00:00","description":"kgerad.de bietet Ihnen das SRAM XX1 Eagle AXS Upgrade Kit zum besten Preis mit kostenlosem Versand in ganz EuropaSRAM XX1 Eagle SRAM XX1 Eagle","breadcrumb":{"@id":"https:\/\/kgerad.de\/produkt\/sram-xx1-eagle-axs-upgrade-kit\/#breadcrumb"},"inLanguage":"en-US","potentialAction":[{"@type":"ReadAction","target":["https:\/\/kgerad.de\/produkt\/sram-xx1-eagle-axs-upgrade-kit\/"]}]},{"@type":"ImageObject","inLanguage":"en-US","@id":"https:\/\/kgerad.de\/produkt\/sram-xx1-eagle-axs-upgrade-kit\/#primaryimage","url":"https:\/\/kgerad.de\/wp-content\/uploads\/2023\/06\/Sram-XX1-Eagle-AXS-Upgrade-Kit-00-7518-125-000-00-7018-397_800x800-0.jpg","contentUrl":"https:\/\/kgerad.de\/wp-content\/uploads\/2023\/06\/Sram-XX1-Eagle-AXS-Upgrade-Kit-00-7518-125-000-00-7018-397_800x800-0.jpg","width":800,"height":619,"caption":"SRAM\u00a0XX1 Eagle AXS Upgrade Kit"},{"@type":"BreadcrumbList","@id":"https:\/\/kgerad.de\/produkt\/sram-xx1-eagle-axs-upgrade-kit\/#breadcrumb","itemListElement":[{"@type":"ListItem","position":1,"name":"Startseite","item":"https:\/\/kgerad.de\/"},{"@type":"ListItem","position":2,"name":"LADEN","item":"https:\/\/kgerad.de\/laden\/"},{"@type":"ListItem","position":3,"name":"SRAM XX1 Eagle AXS Upgrade Kit"}]},{"@type":"WebSite","@id":"https:\/\/kgerad.de\/#website","url":"https:\/\/kgerad.de\/","name":"kgerad.de","description":"Treten Sie mit uns ins Abenteuer!","publisher":{"@id":"https:\/\/kgerad.de\/#organization"},"alternateName":"MEIN RADLADEN","potentialAction":[{"@type":"SearchAction","target":{"@type":"EntryPoint","urlTemplate":"https:\/\/kgerad.de\/?s={search_term_string}"},"query-input":{"@type":"PropertyValueSpecification","valueRequired":true,"valueName":"search_term_string"}}],"inLanguage":"en-US"},{"@type":"Organization","@id":"https:\/\/kgerad.de\/#organization","name":"MEINRADLADEN","alternateName":"MEIN RADLADEN","url":"https:\/\/kgerad.de\/","logo":{"@type":"ImageObject","inLanguage":"en-US","@id":"https:\/\/kgerad.de\/#\/schema\/logo\/image\/","url":"https:\/\/kgerad.de\/wp-content\/uploads\/2025\/07\/logo-Whit.svg","contentUrl":"https:\/\/kgerad.de\/wp-content\/uploads\/2025\/07\/logo-Whit.svg","width":1640,"height":371,"caption":"MEINRADLADEN"},"image":{"@id":"https:\/\/kgerad.de\/#\/schema\/logo\/image\/"}}]}},"_links":{"self":[{"href":"https:\/\/kgerad.de\/en\/wp-json\/wp\/v2\/product\/43375","targetHints":{"allow":["GET"]}}],"collection":[{"href":"https:\/\/kgerad.de\/en\/wp-json\/wp\/v2\/product"}],"about":[{"href":"https:\/\/kgerad.de\/en\/wp-json\/wp\/v2\/types\/product"}],"replies":[{"embeddable":true,"href":"https:\/\/kgerad.de\/en\/wp-json\/wp\/v2\/comments?post=43375"}],"version-history":[{"count":1,"href":"https:\/\/kgerad.de\/en\/wp-json\/wp\/v2\/product\/43375\/revisions"}],"predecessor-version":[{"id":79184,"href":"https:\/\/kgerad.de\/en\/wp-json\/wp\/v2\/product\/43375\/revisions\/79184"}],"wp:featuredmedia":[{"embeddable":true,"href":"https:\/\/kgerad.de\/en\/wp-json\/wp\/v2\/media\/62842"}],"wp:attachment":[{"href":"https:\/\/kgerad.de\/en\/wp-json\/wp\/v2\/media?parent=43375"}],"wp:term":[{"taxonomy":"product_brand","embeddable":true,"href":"https:\/\/kgerad.de\/en\/wp-json\/wp\/v2\/product_brand?post=43375"},{"taxonomy":"product_cat","embeddable":true,"href":"https:\/\/kgerad.de\/en\/wp-json\/wp\/v2\/product_cat?post=43375"},{"taxonomy":"product_tag","embeddable":true,"href":"https:\/\/kgerad.de\/en\/wp-json\/wp\/v2\/product_tag?post=43375"}],"curies":[{"name":"wp","href":"https:\/\/api.w.org\/{rel}","templated":true}]}}