{"id":43345,"date":"2022-11-23T16:13:45","date_gmt":"2022-11-23T15:13:45","guid":{"rendered":"https:\/\/kgerad.de\/?post_type=product&#038;p=43345"},"modified":"2023-08-11T09:04:25","modified_gmt":"2023-08-11T07:04:25","slug":"fox-racing-34-float-29-performance-elite-130-fit4-3pos-adj","status":"publish","type":"product","link":"https:\/\/kgerad.de\/en\/product\/fox-racing-34-float-29-performance-elite-130-fit4-3pos-adj\/","title":{"rendered":"Fox Racing 34 Float 29&#8243; Performance Elite 130 FIT4 3Pos-Adj"},"content":{"rendered":"<h3 class=\"product--headername\"><\/h3>\n<h2 class=\"product--title\"><strong>Fox Racing<\/strong>\u00a034 Float 29&#8243; Performance Elite 130 FIT4 3Pos-Adj<\/h2>\n<p>Fox 34 A Float 29 &#8222;Performance Elite mit 3Pos-Adjust (Open,Medium,Firm) FIT4-D\u00e4mpfer ist eine leichte Boost <a href=\"http:\/\/1.1\">Federgabel<\/a> mit 130mm Federweg und Quick Release Steckachse &#8211; entwickelt f\u00fcr Trail und All-Mountain Fahrer.<\/p>\n<h3>Leichter, besser abstimmbar und geschmeidiger als je zuvor: Fox Racing 34 A Float 29&#8243; Performance Elite 130 FIT4 3Pos-Adj Tapered Boost<\/h3>\n<p>Die f\u00fcr aggressive Trails ausgelegte 34 Performance Elite Series verf\u00fcgt \u00fcber einen FIT4-D\u00e4mpfer, eine FLOAT-Luftfeder und ein superleichtes Chassis f\u00fcr maximale Zuverl\u00e4ssigkeit und Kontrolle. Die Performance Elite-Gabeln verf\u00fcgen \u00fcber die gleichen Einstellungen, Funktionen, D\u00e4mpfer, das gleiche Gewicht und Oberrohre aus 7000er Aluminium wie die Factory-Serie, haben aber schwarz eloxierte Standrohre anstelle der Kashima-Beschichtung.<\/p>\n<p>Die neue 34 zieht alle Register, spart jedes Gramm ein und stellt sicher, dass die Steifigkeits- und Festigkeitsanforderungen des modernen Trailfahrens nicht beeintr\u00e4chtigt werden. Moderne Rahmendesigns und Geometrietrends erfordern moderne Federungsdesignl\u00f6sungen. Das Bogendesign ist so konzipiert, dass es perfekt zu modernen Trail-Bikes passt. Die Steuerrohrprofile sind immer gr\u00f6\u00dfer geworden und die Gabel Offsets immer k\u00fcrzer. Die neue Bogenform tr\u00e4gt diesen Anforderungen Rechnung, indem sie nach vorne ragt, um bei voller Einfederung gen\u00fcgend Freiraum f\u00fcr das Steuerrohr zu bieten.<\/p>\n<h3>Features &#8211; Fox Racing 34 A Float 29&#8243; Performance Elite 130 FIT4 3Pos-Adj Tapered Boost<\/h3>\n<ul>\n<li>Modell &#8211; 2022 Performance Elite Series 34 FLOAT FIT4 3POS<\/li>\n<li>FLOAT EVOL-Luftfeder sorgt f\u00fcr extra satte Federung<\/li>\n<li>Neue Luft-\/\u00d6lkan\u00e4le<\/li>\n<li>Neuer FIT4 3-Positionen D\u00e4mpfer f\u00fcr verbesserte Kontrolle<\/li>\n<li>Neue Bogenform bietet verbessertes Steuerrohr mit k\u00fcrzerem Radstand<\/li>\n<li>Neue Gabelkrone mit 58 mm Durchmesser<\/li>\n<li>\u00dcberarbeitete EVOL-Luftfeder<\/li>\n<li>Boost 110mm QR Steckachse mit Schnellspannhebel<\/li>\n<\/ul>\n<h3>Produkteigenschaften<\/h3>\n<ul>\n<li><strong>Einsatzbereich:<\/strong>\u00a0All Mountain, Trail, Cross-Country<\/li>\n<li><strong>Laufradgr\u00f6\u00dfe:<\/strong>\u00a029&#8243;<\/li>\n<li><strong>Federweg:<\/strong>\u00a0130mm<\/li>\n<li><strong>Offset:<\/strong>\u00a044mm<\/li>\n<li><strong>Federung:<\/strong>\u00a0Luft<\/li>\n<li><strong>D\u00e4mpfung:<\/strong>\u00a0FIT4 -Position mit Feinabstimmung<\/li>\n<li><strong>Einstellbarkeit:<\/strong>\u00a0Zugstufe, Federh\u00e4rte \u00fcber Luftdruck, FIT4 3-Positionen-Druckstufe (Open\/Medium\/Firm) mit Feinabstimmung<\/li>\n<li><strong>Einstellbarkeit FIT 4 D\u00e4mpfung:<\/strong>\n<ul>\n<li><strong>Low-speed Druckstufe:<\/strong>\u00a022 klicks (Open)<\/li>\n<li><strong>Low-speed Zugstufe:<\/strong>\u00a010 klicks<\/li>\n<\/ul>\n<\/li>\n<li><strong>Gabelschaft:<\/strong>\u00a0Tapered 1.5&#8243; auf 1 1\/8&#8243; (konisch)<\/li>\n<li><strong>Gabelschaftl\u00e4nge:<\/strong>\u00a0264mm<\/li>\n<li><strong>Standrohre:<\/strong>\u00a034mm<\/li>\n<li><strong>Scheibenbremsaufnahme:\u00a0<\/strong>Post Mount (PM6 &#8211; Direct Mount 160mm)<\/li>\n<li><strong>H\u00f6chste empfohlene Bremsscheibengr\u00f6\u00dfe:<\/strong>\u00a0230mm<\/li>\n<li><strong>Ausfallenden:<\/strong>\u00a015x110mm Boost Steckachse QR<\/li>\n<li><strong>Max. Reifendimension:\u00a0<\/strong>29 x 2,6&#8243;<\/li>\n<li><strong>Einbauh\u00f6he:<\/strong>\u00a0554mm (Bei 140mm Federweg)<\/li>\n<\/ul>\n<h3>Material<\/h3>\n<ul>\n<li><strong>Gabelschaft:<\/strong>\u00a0Aluminium<\/li>\n<li><strong>Gabelkrone:<\/strong>\u00a0Aluminium<\/li>\n<li><strong>Standrohre:<\/strong>\u00a0Magnesium<\/li>\n<li><strong>Tauchrohre:<\/strong>\u00a0Aluminium (Black Ano)<br \/>\n<h2><em>Gabelpumpe nicht im Lieferumfang enthalten!<\/em><\/h2>\n<hr \/>\n<h3>Technologien<\/h3>\n<p><strong>FIT4<\/strong><br \/>\nAlle 34 und 36 FIT4-Gabeln arbeiten mit neuer D\u00e4mpferabstimmung. Ein \u00fcberarbeiteter Shim-Stack garantiert feineres Ansprechverhalten und bietet bei beherztem, hartem Fahrstil gleichzeitig den erforderlichen Gegenhalt. Das FIT4-System der vierten Generation bietet \u00fcber die geschlossene D\u00e4mpferkartusche drei unterwegs justierbare Einstellungen f\u00fcr die Druckstufend\u00e4mpfung \u2013 Open, Medium und Firm. Diese erlauben die optimale Anpassung an wechselnde Trailbedingungen. Factory-Series-Gabeln zeichnen sich durch die zus\u00e4tzlich in 22 Klicks verstellbare Low-Speed-Druckstufe im Open-Modus aus. Sie erlaubt es dem Fahrer, die Gabel exakt seinen D\u00e4mpfungsvorlieben anzupassen.<\/p>\n<ul>\n<li><strong>Der 15QR-Hebel<\/strong>\n<ul>\n<li>Die Aussparung im Hebel reduziert das Gewicht und vereinfacht die Bedienung<\/li>\n<li>Leichter, geschmiedeter Hebel<\/li>\n<li>Leichte, geschmiedete Achswelle<\/li>\n<\/ul>\n<\/li>\n<li><strong>Fest justierbare Gewindeposition<\/strong>\u00a0&#8211; Sie brauchen die Einstellmutter der QR-Schnellspannerachse nicht zu verstellen, um die optimale Spannung zu finden.<\/li>\n<li><strong>25 % h\u00f6here Steifigkeit gegen Scherkr\u00e4fte in Querrichtung<\/strong>\u00a0&#8211; Dank einer 25 % h\u00f6heren Steifigkeit gegen Scherkr\u00e4fte in Querrichtung funktionieren die Gabelbeine als synchrone Einheit. Das Ergebnis sind eine h\u00f6here Federleistung und Spurtreue des Vorderrades, wenn ungleichm\u00e4\u00dfige Seitenkr\u00e4fte auf das Rad einwirken.<\/li>\n<li><strong>15 % h\u00f6here Verwindungssteifigkeit<\/strong>\u00a0&#8211; Die legend\u00e4re Verwindungssteifigkeit unserer Gabel wurde noch einmal um 15% gesteigert, um das Fahrverhalten weiter zu verbessern.<\/li>\n<\/ul>\n<hr \/>\n<h3>FOX FLOAT Air Spring (Luftfeder)<\/h3>\n<p><iframe src=\"https:\/\/www.youtube-nocookie.com\/embed\/03pdywBkuNQ?rel=0\" width=\"640\" height=\"360\" frameborder=\"0\" allowfullscreen=\"allowfullscreen\"><\/iframe><\/li>\n<\/ul>\n<div class=\"product--rating-container\"><\/div>\n<div class=\"image-slider--container\"><\/div>","protected":false},"excerpt":{"rendered":"<p>Fox Racing\u00a034 Float 29&#8243; Performance Elite 130 FIT4 3Pos-Adj Fox 34 A Float 29 &#8222;Performance Elite mit 3Pos-Adjust (Open,Medium,Firm) FIT4-D\u00e4mpfer<\/p>","protected":false},"featured_media":62825,"comment_status":"open","ping_status":"closed","template":"","meta":[],"product_brand":[],"product_cat":[424,423],"product_tag":[],"class_list":{"0":"post-43345","1":"product","2":"type-product","3":"status-publish","4":"has-post-thumbnail","6":"product_cat-mtb-teile","7":"product_cat-teile","8":"pa_marke-fox","10":"first","11":"instock","12":"sale","13":"taxable","14":"shipping-taxable","15":"purchasable","16":"product-type-simple"},"yoast_head":"<!-- This site is optimized with the Yoast SEO Premium plugin v20.12 (Yoast SEO v27.1.1) - https:\/\/yoast.com\/product\/yoast-seo-premium-wordpress\/ -->\n<title>Fox Racing 34 Float 29&quot; Performance Elite 130 FIT4 3Pos-Adj<\/title>\n<meta name=\"description\" content=\"Entdecken Sie unseren Online-Fahrradladen: Gro\u00dfe Auswahl an Modellen f\u00fcr alle Radsportbegeisterten. Von Rennr\u00e4dern bis zu Mountainbikes - finden Sie heute Ihren perfekten Wegbegleiter!\" \/>\n<meta name=\"robots\" content=\"index, follow, max-snippet:-1, max-image-preview:large, max-video-preview:-1\" \/>\n<link rel=\"canonical\" href=\"https:\/\/kgerad.de\/en\/product\/fox-racing-34-float-29-performance-elite-130-fit4-3pos-adj\/\" \/>\n<meta property=\"og:locale\" content=\"en_US\" \/>\n<meta property=\"og:type\" content=\"article\" \/>\n<meta property=\"og:title\" content=\"Fox Racing 34 Float 29&quot; Performance Elite 130 FIT4 3Pos-Adj\" \/>\n<meta property=\"og:description\" content=\"Entdecken Sie unseren Online-Fahrradladen: Gro\u00dfe Auswahl an Modellen f\u00fcr alle Radsportbegeisterten. Von Rennr\u00e4dern bis zu Mountainbikes - finden Sie heute Ihren perfekten Wegbegleiter!\" \/>\n<meta property=\"og:url\" content=\"https:\/\/kgerad.de\/en\/product\/fox-racing-34-float-29-performance-elite-130-fit4-3pos-adj\/\" \/>\n<meta property=\"og:site_name\" content=\"kgerad.de\" \/>\n<meta property=\"article:modified_time\" content=\"2023-08-11T07:04:25+00:00\" \/>\n<meta property=\"og:image\" content=\"https:\/\/kgerad.de\/wp-content\/uploads\/2023\/06\/fox-racing-910-21-006-34-A-Float-29-Performance-Elite-130-FIT4-3Pos-Adj-Tapered-Boost-1_800x800-0.jpg\" \/>\n\t<meta property=\"og:image:width\" content=\"233\" \/>\n\t<meta property=\"og:image:height\" content=\"800\" \/>\n\t<meta property=\"og:image:type\" content=\"image\/jpeg\" \/>\n<meta name=\"twitter:card\" content=\"summary_large_image\" \/>\n<meta name=\"twitter:label1\" content=\"Est. reading time\" \/>\n\t<meta name=\"twitter:data1\" content=\"3 minutes\" \/>\n<script type=\"application\/ld+json\" class=\"yoast-schema-graph\">{\"@context\":\"https:\/\/schema.org\",\"@graph\":[{\"@type\":\"WebPage\",\"@id\":\"https:\/\/kgerad.de\/produkt\/fox-racing-34-float-29-performance-elite-130-fit4-3pos-adj\/\",\"url\":\"https:\/\/kgerad.de\/produkt\/fox-racing-34-float-29-performance-elite-130-fit4-3pos-adj\/\",\"name\":\"Fox Racing 34 Float 29\\\" Performance Elite 130 FIT4 3Pos-Adj\",\"isPartOf\":{\"@id\":\"https:\/\/kgerad.de\/#website\"},\"primaryImageOfPage\":{\"@id\":\"https:\/\/kgerad.de\/produkt\/fox-racing-34-float-29-performance-elite-130-fit4-3pos-adj\/#primaryimage\"},\"image\":{\"@id\":\"https:\/\/kgerad.de\/produkt\/fox-racing-34-float-29-performance-elite-130-fit4-3pos-adj\/#primaryimage\"},\"thumbnailUrl\":\"https:\/\/kgerad.de\/wp-content\/uploads\/2023\/06\/fox-racing-910-21-006-34-A-Float-29-Performance-Elite-130-FIT4-3Pos-Adj-Tapered-Boost-1_800x800-0.jpg\",\"datePublished\":\"2022-11-23T15:13:45+00:00\",\"dateModified\":\"2023-08-11T07:04:25+00:00\",\"description\":\"Entdecken Sie unseren Online-Fahrradladen: Gro\u00dfe Auswahl an Modellen f\u00fcr alle Radsportbegeisterten. Von Rennr\u00e4dern bis zu Mountainbikes - finden Sie heute Ihren perfekten Wegbegleiter!\",\"breadcrumb\":{\"@id\":\"https:\/\/kgerad.de\/produkt\/fox-racing-34-float-29-performance-elite-130-fit4-3pos-adj\/#breadcrumb\"},\"inLanguage\":\"en-US\",\"potentialAction\":[{\"@type\":\"ReadAction\",\"target\":[\"https:\/\/kgerad.de\/produkt\/fox-racing-34-float-29-performance-elite-130-fit4-3pos-adj\/\"]}]},{\"@type\":\"ImageObject\",\"inLanguage\":\"en-US\",\"@id\":\"https:\/\/kgerad.de\/produkt\/fox-racing-34-float-29-performance-elite-130-fit4-3pos-adj\/#primaryimage\",\"url\":\"https:\/\/kgerad.de\/wp-content\/uploads\/2023\/06\/fox-racing-910-21-006-34-A-Float-29-Performance-Elite-130-FIT4-3Pos-Adj-Tapered-Boost-1_800x800-0.jpg\",\"contentUrl\":\"https:\/\/kgerad.de\/wp-content\/uploads\/2023\/06\/fox-racing-910-21-006-34-A-Float-29-Performance-Elite-130-FIT4-3Pos-Adj-Tapered-Boost-1_800x800-0.jpg\",\"width\":233,\"height\":800,\"caption\":\"Fox Racing 34 Float 29\\\" Performance Elite 130 FIT4 3Pos-Adj\"},{\"@type\":\"BreadcrumbList\",\"@id\":\"https:\/\/kgerad.de\/produkt\/fox-racing-34-float-29-performance-elite-130-fit4-3pos-adj\/#breadcrumb\",\"itemListElement\":[{\"@type\":\"ListItem\",\"position\":1,\"name\":\"Startseite\",\"item\":\"https:\/\/kgerad.de\/\"},{\"@type\":\"ListItem\",\"position\":2,\"name\":\"LADEN\",\"item\":\"https:\/\/kgerad.de\/laden\/\"},{\"@type\":\"ListItem\",\"position\":3,\"name\":\"Fox Racing 34 Float 29&#8243; Performance Elite 130 FIT4 3Pos-Adj\"}]},{\"@type\":\"WebSite\",\"@id\":\"https:\/\/kgerad.de\/#website\",\"url\":\"https:\/\/kgerad.de\/\",\"name\":\"kgerad.de\",\"description\":\"Treten Sie mit uns ins Abenteuer!\",\"publisher\":{\"@id\":\"https:\/\/kgerad.de\/#organization\"},\"alternateName\":\"MEIN RADLADEN\",\"potentialAction\":[{\"@type\":\"SearchAction\",\"target\":{\"@type\":\"EntryPoint\",\"urlTemplate\":\"https:\/\/kgerad.de\/?s={search_term_string}\"},\"query-input\":{\"@type\":\"PropertyValueSpecification\",\"valueRequired\":true,\"valueName\":\"search_term_string\"}}],\"inLanguage\":\"en-US\"},{\"@type\":\"Organization\",\"@id\":\"https:\/\/kgerad.de\/#organization\",\"name\":\"MEINRADLADEN\",\"alternateName\":\"MEIN RADLADEN\",\"url\":\"https:\/\/kgerad.de\/\",\"logo\":{\"@type\":\"ImageObject\",\"inLanguage\":\"en-US\",\"@id\":\"https:\/\/kgerad.de\/#\/schema\/logo\/image\/\",\"url\":\"https:\/\/kgerad.de\/wp-content\/uploads\/2025\/07\/logo-Whit.svg\",\"contentUrl\":\"https:\/\/kgerad.de\/wp-content\/uploads\/2025\/07\/logo-Whit.svg\",\"width\":1640,\"height\":371,\"caption\":\"MEINRADLADEN\"},\"image\":{\"@id\":\"https:\/\/kgerad.de\/#\/schema\/logo\/image\/\"}}]}<\/script>\n<!-- \/ Yoast SEO Premium plugin. -->","yoast_head_json":{"title":"Fox Racing 34 Float 29\" Performance Elite 130 FIT4 3Pos-Adj","description":"Entdecken Sie unseren Online-Fahrradladen: Gro\u00dfe Auswahl an Modellen f\u00fcr alle Radsportbegeisterten. Von Rennr\u00e4dern bis zu Mountainbikes - finden Sie heute Ihren perfekten Wegbegleiter!","robots":{"index":"index","follow":"follow","max-snippet":"max-snippet:-1","max-image-preview":"max-image-preview:large","max-video-preview":"max-video-preview:-1"},"canonical":"https:\/\/kgerad.de\/en\/product\/fox-racing-34-float-29-performance-elite-130-fit4-3pos-adj\/","og_locale":"en_US","og_type":"article","og_title":"Fox Racing 34 Float 29\" Performance Elite 130 FIT4 3Pos-Adj","og_description":"Entdecken Sie unseren Online-Fahrradladen: Gro\u00dfe Auswahl an Modellen f\u00fcr alle Radsportbegeisterten. Von Rennr\u00e4dern bis zu Mountainbikes - finden Sie heute Ihren perfekten Wegbegleiter!","og_url":"https:\/\/kgerad.de\/en\/product\/fox-racing-34-float-29-performance-elite-130-fit4-3pos-adj\/","og_site_name":"kgerad.de","article_modified_time":"2023-08-11T07:04:25+00:00","og_image":[{"width":233,"height":800,"url":"https:\/\/kgerad.de\/wp-content\/uploads\/2023\/06\/fox-racing-910-21-006-34-A-Float-29-Performance-Elite-130-FIT4-3Pos-Adj-Tapered-Boost-1_800x800-0.jpg","type":"image\/jpeg"}],"twitter_card":"summary_large_image","twitter_misc":{"Est. reading time":"3 minutes"},"schema":{"@context":"https:\/\/schema.org","@graph":[{"@type":"WebPage","@id":"https:\/\/kgerad.de\/produkt\/fox-racing-34-float-29-performance-elite-130-fit4-3pos-adj\/","url":"https:\/\/kgerad.de\/produkt\/fox-racing-34-float-29-performance-elite-130-fit4-3pos-adj\/","name":"Fox Racing 34 Float 29\" Performance Elite 130 FIT4 3Pos-Adj","isPartOf":{"@id":"https:\/\/kgerad.de\/#website"},"primaryImageOfPage":{"@id":"https:\/\/kgerad.de\/produkt\/fox-racing-34-float-29-performance-elite-130-fit4-3pos-adj\/#primaryimage"},"image":{"@id":"https:\/\/kgerad.de\/produkt\/fox-racing-34-float-29-performance-elite-130-fit4-3pos-adj\/#primaryimage"},"thumbnailUrl":"https:\/\/kgerad.de\/wp-content\/uploads\/2023\/06\/fox-racing-910-21-006-34-A-Float-29-Performance-Elite-130-FIT4-3Pos-Adj-Tapered-Boost-1_800x800-0.jpg","datePublished":"2022-11-23T15:13:45+00:00","dateModified":"2023-08-11T07:04:25+00:00","description":"Entdecken Sie unseren Online-Fahrradladen: Gro\u00dfe Auswahl an Modellen f\u00fcr alle Radsportbegeisterten. Von Rennr\u00e4dern bis zu Mountainbikes - finden Sie heute Ihren perfekten Wegbegleiter!","breadcrumb":{"@id":"https:\/\/kgerad.de\/produkt\/fox-racing-34-float-29-performance-elite-130-fit4-3pos-adj\/#breadcrumb"},"inLanguage":"en-US","potentialAction":[{"@type":"ReadAction","target":["https:\/\/kgerad.de\/produkt\/fox-racing-34-float-29-performance-elite-130-fit4-3pos-adj\/"]}]},{"@type":"ImageObject","inLanguage":"en-US","@id":"https:\/\/kgerad.de\/produkt\/fox-racing-34-float-29-performance-elite-130-fit4-3pos-adj\/#primaryimage","url":"https:\/\/kgerad.de\/wp-content\/uploads\/2023\/06\/fox-racing-910-21-006-34-A-Float-29-Performance-Elite-130-FIT4-3Pos-Adj-Tapered-Boost-1_800x800-0.jpg","contentUrl":"https:\/\/kgerad.de\/wp-content\/uploads\/2023\/06\/fox-racing-910-21-006-34-A-Float-29-Performance-Elite-130-FIT4-3Pos-Adj-Tapered-Boost-1_800x800-0.jpg","width":233,"height":800,"caption":"Fox Racing 34 Float 29\" Performance Elite 130 FIT4 3Pos-Adj"},{"@type":"BreadcrumbList","@id":"https:\/\/kgerad.de\/produkt\/fox-racing-34-float-29-performance-elite-130-fit4-3pos-adj\/#breadcrumb","itemListElement":[{"@type":"ListItem","position":1,"name":"Startseite","item":"https:\/\/kgerad.de\/"},{"@type":"ListItem","position":2,"name":"LADEN","item":"https:\/\/kgerad.de\/laden\/"},{"@type":"ListItem","position":3,"name":"Fox Racing 34 Float 29&#8243; Performance Elite 130 FIT4 3Pos-Adj"}]},{"@type":"WebSite","@id":"https:\/\/kgerad.de\/#website","url":"https:\/\/kgerad.de\/","name":"kgerad.de","description":"Treten Sie mit uns ins Abenteuer!","publisher":{"@id":"https:\/\/kgerad.de\/#organization"},"alternateName":"MEIN RADLADEN","potentialAction":[{"@type":"SearchAction","target":{"@type":"EntryPoint","urlTemplate":"https:\/\/kgerad.de\/?s={search_term_string}"},"query-input":{"@type":"PropertyValueSpecification","valueRequired":true,"valueName":"search_term_string"}}],"inLanguage":"en-US"},{"@type":"Organization","@id":"https:\/\/kgerad.de\/#organization","name":"MEINRADLADEN","alternateName":"MEIN RADLADEN","url":"https:\/\/kgerad.de\/","logo":{"@type":"ImageObject","inLanguage":"en-US","@id":"https:\/\/kgerad.de\/#\/schema\/logo\/image\/","url":"https:\/\/kgerad.de\/wp-content\/uploads\/2025\/07\/logo-Whit.svg","contentUrl":"https:\/\/kgerad.de\/wp-content\/uploads\/2025\/07\/logo-Whit.svg","width":1640,"height":371,"caption":"MEINRADLADEN"},"image":{"@id":"https:\/\/kgerad.de\/#\/schema\/logo\/image\/"}}]}},"_links":{"self":[{"href":"https:\/\/kgerad.de\/en\/wp-json\/wp\/v2\/product\/43345","targetHints":{"allow":["GET"]}}],"collection":[{"href":"https:\/\/kgerad.de\/en\/wp-json\/wp\/v2\/product"}],"about":[{"href":"https:\/\/kgerad.de\/en\/wp-json\/wp\/v2\/types\/product"}],"replies":[{"embeddable":true,"href":"https:\/\/kgerad.de\/en\/wp-json\/wp\/v2\/comments?post=43345"}],"version-history":[{"count":1,"href":"https:\/\/kgerad.de\/en\/wp-json\/wp\/v2\/product\/43345\/revisions"}],"predecessor-version":[{"id":79189,"href":"https:\/\/kgerad.de\/en\/wp-json\/wp\/v2\/product\/43345\/revisions\/79189"}],"wp:featuredmedia":[{"embeddable":true,"href":"https:\/\/kgerad.de\/en\/wp-json\/wp\/v2\/media\/62825"}],"wp:attachment":[{"href":"https:\/\/kgerad.de\/en\/wp-json\/wp\/v2\/media?parent=43345"}],"wp:term":[{"taxonomy":"product_brand","embeddable":true,"href":"https:\/\/kgerad.de\/en\/wp-json\/wp\/v2\/product_brand?post=43345"},{"taxonomy":"product_cat","embeddable":true,"href":"https:\/\/kgerad.de\/en\/wp-json\/wp\/v2\/product_cat?post=43345"},{"taxonomy":"product_tag","embeddable":true,"href":"https:\/\/kgerad.de\/en\/wp-json\/wp\/v2\/product_tag?post=43345"}],"curies":[{"name":"wp","href":"https:\/\/api.w.org\/{rel}","templated":true}]}}