{"id":43295,"date":"2022-11-23T15:27:01","date_gmt":"2022-11-23T14:27:01","guid":{"rendered":"https:\/\/kgerad.de\/?post_type=product&#038;p=43295"},"modified":"2023-08-11T09:05:17","modified_gmt":"2023-08-11T07:05:17","slug":"dt-swiss-federgabel-f-232-one-29-100mm-tapered-boost","status":"publish","type":"product","link":"https:\/\/kgerad.de\/en\/product\/dt-swiss-federgabel-f-232-one-29-100mm-tapered-boost\/","title":{"rendered":"DT Swiss Federgabel F 232 One 29&#8243; 100mm Tapered Boost"},"content":{"rendered":"<h2 class=\"product--title\"><strong>DT Swiss<\/strong>\u00a0Federgabel F 232 One 29&#8243; 100mm Tapered Boost<\/h2>\n<p>Cross Country entwickelt sich stetig weiter DT Swiss Federgabel. Die Abfahrten werden steiler, die Gegenanstiege technischer und k\u00fcnstliche Hindernisse wie Rockgarden, Anlieger und Drops stellen deutlich h\u00f6here Anforderungen an Mensch und Material. Die F 232 ONE wurde genau f\u00fcr diese Herausforderungen entwickelt (ohne Originalverpackung).<\/p>\n<h2>Setzt neue Ma\u00dfst\u00e4be im Cross Country: die F 232 One Federgabel von DT Swiss<\/h2>\n<p>Ihre Topologie optimierte Bauweise setzt neue Massst\u00e4be im Verh\u00e4ltnis von Steifigkeit zu Gewicht. Auch das Innenleben wurde spezifisch f\u00fcr Cross Country entwickelt. Die LINEAIR Federkennlinie im Zusammenspiel mit der dreistufigen INCONTROL D\u00e4mpfung machen die F 232 ONE bereit f\u00fcr die Jagd \u2013 egal ob nach Titeln oder nach pers\u00f6nlichen Bestleistungen.<\/p>\n<hr \/>\n<h3>Produkteigenschaften &#8211; DT Swiss F 232 One Tapered Boost<\/h3>\n<ul>\n<li><strong>Einsatzbereich:<\/strong>\u00a0MTB, Cross Country<\/li>\n<li><strong>Felegendurchmesser:<\/strong>\u00a029&#8243;<\/li>\n<li><strong>Bedienung:<\/strong>\u00a0Lever<\/li>\n<li><strong>Federungstechonolgie:\u00a0<\/strong>Lineair APT<\/li>\n<li><strong>D\u00e4mpfungstechnologie:<\/strong>\u00a0Incontrol<\/li>\n<li><strong>Einstellbarkeit:<\/strong>\u00a0Zugstufe, Federh\u00e4rte \u00fcber Luftdruck, 3-Postition Adjust (Open, Drive, Lock) Druckstufe<\/li>\n<li><strong>Schaftrohrdurchmesser:<\/strong>\u00a0Tapered 1.5&#8243; auf 1 1\/8&#8243; (konisch)<\/li>\n<li><strong>Bremssattelaufnahme:\u00a0<\/strong>Post Mount (PM6 &#8211; Direct Mount 160 mm)<\/li>\n<li><strong>Max. Bremsscheibendurchmesser:<\/strong>\u00a0203 mm<\/li>\n<li><strong>Achssystem:<\/strong>\u00a015 mm Thru Axle<\/li>\n<li><strong>Einbaubreite:<\/strong>\u00a0110 mm Boost<\/li>\n<li><strong>Federweg:<\/strong>\u00a0100 mm<\/li>\n<li><strong>Standrohredurchmesser:<\/strong>\u00a032 mm<\/li>\n<li><strong>Gabelschaftl\u00e4nge:<\/strong>\u00a0230 mm<\/li>\n<li><strong>Einbaul\u00e4nge:<\/strong>\u00a0507 mm<\/li>\n<li><strong>Offset:<\/strong>\u00a051 mm<\/li>\n<li><strong>Max. Reifenbreite:<\/strong>\u00a073 mm<\/li>\n<li><strong>Max. Reifendurchmesser:<\/strong>\u00a0720 mm<\/li>\n<li><strong>ASTM Klassifizierung:<\/strong>\u00a03<\/li>\n<li><strong>Max. Systemgewicht:<\/strong>\u00a0130 kg<\/li>\n<\/ul>\n<h3>Material<\/h3>\n<ul>\n<li><strong>Gabelschaft:<\/strong>\u00a0Aluminium<\/li>\n<li><strong>Gabelkrone:<\/strong>\u00a0Aluminium<\/li>\n<li><strong>Tauchrohre:<\/strong>\u00a0Magnesium<\/li>\n<li><strong>Standrohre:<\/strong>\u00a0Aluminium<\/li>\n<\/ul>\n<h3>Gewicht<\/h3>\n<ul>\n<li>1480 g (Herstellerangabe)<\/li>\n<\/ul>\n<hr \/>\n<h3>Lieferumfang<\/h3>\n<ul>\n<li>1 x DT Swiss F 232 One Tapered Boost (ohne Originalverpackung)<\/li>\n<li>1 x Steckachse 15\/110 mm Boost<\/li>\n<li>2 x Bremskabelbefestigungen<\/li>\n<\/ul>\n<hr \/>\n<h3>Technologien<\/h3>\n<p><strong>APT<\/strong><br \/>\nDas APT (Adaptable Progression Tune) System erm\u00f6glicht es dem Fahrer, die Endprogression der Federkennlinie durch Hinzuf\u00fcgen oder Entfernen von Volumen-Distanzst\u00fccken in der Luftkammer der Gabel zu ver\u00e4ndern. So kann der Fahrer seine Federkennlinie an seinen Fahrstil und die Trails anpassen. Der Vorteil des Systems liegt darin, dass das Losbrechmoment der Gabel, unabh\u00e4ngig von der gew\u00e4hlten Einstellung, nicht beeintr\u00e4chtigt wird.<\/p>\n<p><strong>INCONTROL<\/strong><br \/>\nDie Druckstufend\u00e4mpfung wird durch die \u00d6lmenge definiert, welche durch die verschiedenen Kan\u00e4le flie\u00dfen kann. Je kleiner die Kan\u00e4le, desto h\u00f6her der Str\u00f6mungswiderstand und desto h\u00f6her die D\u00e4mpfung. Die INCONTROL-D\u00e4mpfung bietet drei w\u00e4hrend der Fahrt verstellbare D\u00e4mpfungseinstellungen, die durch \u00d6ffnen und Schliessen verschiedener Kan\u00e4le f\u00fcr jede Fahrsituation die perfekte Druckstufenabstimmung bietet.<\/p>\n<p><strong>LINEAIR<\/strong><br \/>\nLINEAIR ist ein Dual-Luftkammer-Federsystem. Durch die Gr\u00f6sse der Luftkammern und die Position des Bypasses wird die Charakteristik der Federkennlinie speziell auf die Bed\u00fcrfnisse der XC-Fahrer abgestimmt. Eine geringe Losbrechkraft f\u00fcr Traktion, ein linearer, aber flacher Mittelbereich, der es erlaubt, \u00fcber Wurzelteppiche zu schweben und eine Endprogression, um die h\u00f6here Kr\u00e4fte zu absorbieren.<\/p>\n<hr \/>\n<h3>232 ONE PLATFORM<\/h3>\n<p><iframe src=\"https:\/\/www.youtube-nocookie.com\/embed\/wI2qlL3eCwY\" width=\"640\" height=\"360\" frameborder=\"0\" allowfullscreen=\"allowfullscreen\" data-mce-fragment=\"1\"><\/iframe><\/p>","protected":false},"excerpt":{"rendered":"<p>DT Swiss\u00a0Federgabel F 232 One 29&#8243; 100mm Tapered Boost Cross Country entwickelt sich stetig weiter DT Swiss Federgabel. Die Abfahrten<\/p>","protected":false},"featured_media":62800,"comment_status":"open","ping_status":"closed","template":"","meta":[],"product_brand":[],"product_cat":[424,423],"product_tag":[],"class_list":{"0":"post-43295","1":"product","2":"type-product","3":"status-publish","4":"has-post-thumbnail","6":"product_cat-mtb-teile","7":"product_cat-teile","8":"pa_marke-dt-swiss","10":"first","11":"instock","12":"sale","13":"taxable","14":"shipping-taxable","15":"purchasable","16":"product-type-simple"},"yoast_head":"<!-- This site is optimized with the Yoast SEO Premium plugin v20.12 (Yoast SEO v27.1.1) - https:\/\/yoast.com\/product\/yoast-seo-premium-wordpress\/ -->\n<title>DT Swiss Federgabel F 232 One 29&quot; 100mm Tapered Boost<\/title>\n<meta name=\"description\" content=\"Entdecken Sie unseren Online-Fahrradladen: Gro\u00dfe Auswahl an Modellen f\u00fcr alle Radsportbegeisterten. Von Rennr\u00e4dern bis zu Mountainbikes - finden Sie heute Ihren perfekten Wegbegleiter!\" \/>\n<meta name=\"robots\" content=\"index, follow, max-snippet:-1, max-image-preview:large, max-video-preview:-1\" \/>\n<link rel=\"canonical\" href=\"https:\/\/kgerad.de\/en\/product\/dt-swiss-federgabel-f-232-one-29-100mm-tapered-boost\/\" \/>\n<meta property=\"og:locale\" content=\"en_US\" \/>\n<meta property=\"og:type\" content=\"article\" \/>\n<meta property=\"og:title\" content=\"DT Swiss Federgabel F 232 One 29&quot; 100mm Tapered Boost\" \/>\n<meta property=\"og:description\" content=\"Entdecken Sie unseren Online-Fahrradladen: Gro\u00dfe Auswahl an Modellen f\u00fcr alle Radsportbegeisterten. Von Rennr\u00e4dern bis zu Mountainbikes - finden Sie heute Ihren perfekten Wegbegleiter!\" \/>\n<meta property=\"og:url\" content=\"https:\/\/kgerad.de\/en\/product\/dt-swiss-federgabel-f-232-one-29-100mm-tapered-boost\/\" \/>\n<meta property=\"og:site_name\" content=\"kgerad.de\" \/>\n<meta property=\"article:modified_time\" content=\"2023-08-11T07:05:17+00:00\" \/>\n<meta property=\"og:image\" content=\"https:\/\/kgerad.de\/wp-content\/uploads\/2023\/06\/DT-Swiss-F-232-One-29-Tapered-Boost-F232OCHLOGAS26802S_800x800.jpg\" \/>\n\t<meta property=\"og:image:width\" content=\"800\" \/>\n\t<meta property=\"og:image:height\" content=\"800\" \/>\n\t<meta property=\"og:image:type\" content=\"image\/jpeg\" \/>\n<meta name=\"twitter:card\" content=\"summary_large_image\" \/>\n<meta name=\"twitter:label1\" content=\"Est. reading time\" \/>\n\t<meta name=\"twitter:data1\" content=\"3 minutes\" \/>\n<script type=\"application\/ld+json\" class=\"yoast-schema-graph\">{\"@context\":\"https:\/\/schema.org\",\"@graph\":[{\"@type\":\"WebPage\",\"@id\":\"https:\/\/kgerad.de\/produkt\/dt-swiss-federgabel-f-232-one-29-100mm-tapered-boost\/\",\"url\":\"https:\/\/kgerad.de\/produkt\/dt-swiss-federgabel-f-232-one-29-100mm-tapered-boost\/\",\"name\":\"DT Swiss Federgabel F 232 One 29\\\" 100mm Tapered Boost\",\"isPartOf\":{\"@id\":\"https:\/\/kgerad.de\/#website\"},\"primaryImageOfPage\":{\"@id\":\"https:\/\/kgerad.de\/produkt\/dt-swiss-federgabel-f-232-one-29-100mm-tapered-boost\/#primaryimage\"},\"image\":{\"@id\":\"https:\/\/kgerad.de\/produkt\/dt-swiss-federgabel-f-232-one-29-100mm-tapered-boost\/#primaryimage\"},\"thumbnailUrl\":\"https:\/\/kgerad.de\/wp-content\/uploads\/2023\/06\/DT-Swiss-F-232-One-29-Tapered-Boost-F232OCHLOGAS26802S_800x800.jpg\",\"datePublished\":\"2022-11-23T14:27:01+00:00\",\"dateModified\":\"2023-08-11T07:05:17+00:00\",\"description\":\"Entdecken Sie unseren Online-Fahrradladen: Gro\u00dfe Auswahl an Modellen f\u00fcr alle Radsportbegeisterten. Von Rennr\u00e4dern bis zu Mountainbikes - finden Sie heute Ihren perfekten Wegbegleiter!\",\"breadcrumb\":{\"@id\":\"https:\/\/kgerad.de\/produkt\/dt-swiss-federgabel-f-232-one-29-100mm-tapered-boost\/#breadcrumb\"},\"inLanguage\":\"en-US\",\"potentialAction\":[{\"@type\":\"ReadAction\",\"target\":[\"https:\/\/kgerad.de\/produkt\/dt-swiss-federgabel-f-232-one-29-100mm-tapered-boost\/\"]}]},{\"@type\":\"ImageObject\",\"inLanguage\":\"en-US\",\"@id\":\"https:\/\/kgerad.de\/produkt\/dt-swiss-federgabel-f-232-one-29-100mm-tapered-boost\/#primaryimage\",\"url\":\"https:\/\/kgerad.de\/wp-content\/uploads\/2023\/06\/DT-Swiss-F-232-One-29-Tapered-Boost-F232OCHLOGAS26802S_800x800.jpg\",\"contentUrl\":\"https:\/\/kgerad.de\/wp-content\/uploads\/2023\/06\/DT-Swiss-F-232-One-29-Tapered-Boost-F232OCHLOGAS26802S_800x800.jpg\",\"width\":800,\"height\":800},{\"@type\":\"BreadcrumbList\",\"@id\":\"https:\/\/kgerad.de\/produkt\/dt-swiss-federgabel-f-232-one-29-100mm-tapered-boost\/#breadcrumb\",\"itemListElement\":[{\"@type\":\"ListItem\",\"position\":1,\"name\":\"Startseite\",\"item\":\"https:\/\/kgerad.de\/\"},{\"@type\":\"ListItem\",\"position\":2,\"name\":\"LADEN\",\"item\":\"https:\/\/kgerad.de\/laden\/\"},{\"@type\":\"ListItem\",\"position\":3,\"name\":\"DT Swiss Federgabel F 232 One 29&#8243; 100mm Tapered Boost\"}]},{\"@type\":\"WebSite\",\"@id\":\"https:\/\/kgerad.de\/#website\",\"url\":\"https:\/\/kgerad.de\/\",\"name\":\"kgerad.de\",\"description\":\"Treten Sie mit uns ins Abenteuer!\",\"publisher\":{\"@id\":\"https:\/\/kgerad.de\/#organization\"},\"alternateName\":\"MEIN RADLADEN\",\"potentialAction\":[{\"@type\":\"SearchAction\",\"target\":{\"@type\":\"EntryPoint\",\"urlTemplate\":\"https:\/\/kgerad.de\/?s={search_term_string}\"},\"query-input\":{\"@type\":\"PropertyValueSpecification\",\"valueRequired\":true,\"valueName\":\"search_term_string\"}}],\"inLanguage\":\"en-US\"},{\"@type\":\"Organization\",\"@id\":\"https:\/\/kgerad.de\/#organization\",\"name\":\"MEINRADLADEN\",\"alternateName\":\"MEIN RADLADEN\",\"url\":\"https:\/\/kgerad.de\/\",\"logo\":{\"@type\":\"ImageObject\",\"inLanguage\":\"en-US\",\"@id\":\"https:\/\/kgerad.de\/#\/schema\/logo\/image\/\",\"url\":\"https:\/\/kgerad.de\/wp-content\/uploads\/2025\/07\/logo-Whit.svg\",\"contentUrl\":\"https:\/\/kgerad.de\/wp-content\/uploads\/2025\/07\/logo-Whit.svg\",\"width\":1640,\"height\":371,\"caption\":\"MEINRADLADEN\"},\"image\":{\"@id\":\"https:\/\/kgerad.de\/#\/schema\/logo\/image\/\"}}]}<\/script>\n<!-- \/ Yoast SEO Premium plugin. -->","yoast_head_json":{"title":"DT Swiss Federgabel F 232 One 29\" 100mm Tapered Boost","description":"Entdecken Sie unseren Online-Fahrradladen: Gro\u00dfe Auswahl an Modellen f\u00fcr alle Radsportbegeisterten. Von Rennr\u00e4dern bis zu Mountainbikes - finden Sie heute Ihren perfekten Wegbegleiter!","robots":{"index":"index","follow":"follow","max-snippet":"max-snippet:-1","max-image-preview":"max-image-preview:large","max-video-preview":"max-video-preview:-1"},"canonical":"https:\/\/kgerad.de\/en\/product\/dt-swiss-federgabel-f-232-one-29-100mm-tapered-boost\/","og_locale":"en_US","og_type":"article","og_title":"DT Swiss Federgabel F 232 One 29\" 100mm Tapered Boost","og_description":"Entdecken Sie unseren Online-Fahrradladen: Gro\u00dfe Auswahl an Modellen f\u00fcr alle Radsportbegeisterten. Von Rennr\u00e4dern bis zu Mountainbikes - finden Sie heute Ihren perfekten Wegbegleiter!","og_url":"https:\/\/kgerad.de\/en\/product\/dt-swiss-federgabel-f-232-one-29-100mm-tapered-boost\/","og_site_name":"kgerad.de","article_modified_time":"2023-08-11T07:05:17+00:00","og_image":[{"width":800,"height":800,"url":"https:\/\/kgerad.de\/wp-content\/uploads\/2023\/06\/DT-Swiss-F-232-One-29-Tapered-Boost-F232OCHLOGAS26802S_800x800.jpg","type":"image\/jpeg"}],"twitter_card":"summary_large_image","twitter_misc":{"Est. reading time":"3 minutes"},"schema":{"@context":"https:\/\/schema.org","@graph":[{"@type":"WebPage","@id":"https:\/\/kgerad.de\/produkt\/dt-swiss-federgabel-f-232-one-29-100mm-tapered-boost\/","url":"https:\/\/kgerad.de\/produkt\/dt-swiss-federgabel-f-232-one-29-100mm-tapered-boost\/","name":"DT Swiss Federgabel F 232 One 29\" 100mm Tapered Boost","isPartOf":{"@id":"https:\/\/kgerad.de\/#website"},"primaryImageOfPage":{"@id":"https:\/\/kgerad.de\/produkt\/dt-swiss-federgabel-f-232-one-29-100mm-tapered-boost\/#primaryimage"},"image":{"@id":"https:\/\/kgerad.de\/produkt\/dt-swiss-federgabel-f-232-one-29-100mm-tapered-boost\/#primaryimage"},"thumbnailUrl":"https:\/\/kgerad.de\/wp-content\/uploads\/2023\/06\/DT-Swiss-F-232-One-29-Tapered-Boost-F232OCHLOGAS26802S_800x800.jpg","datePublished":"2022-11-23T14:27:01+00:00","dateModified":"2023-08-11T07:05:17+00:00","description":"Entdecken Sie unseren Online-Fahrradladen: Gro\u00dfe Auswahl an Modellen f\u00fcr alle Radsportbegeisterten. Von Rennr\u00e4dern bis zu Mountainbikes - finden Sie heute Ihren perfekten Wegbegleiter!","breadcrumb":{"@id":"https:\/\/kgerad.de\/produkt\/dt-swiss-federgabel-f-232-one-29-100mm-tapered-boost\/#breadcrumb"},"inLanguage":"en-US","potentialAction":[{"@type":"ReadAction","target":["https:\/\/kgerad.de\/produkt\/dt-swiss-federgabel-f-232-one-29-100mm-tapered-boost\/"]}]},{"@type":"ImageObject","inLanguage":"en-US","@id":"https:\/\/kgerad.de\/produkt\/dt-swiss-federgabel-f-232-one-29-100mm-tapered-boost\/#primaryimage","url":"https:\/\/kgerad.de\/wp-content\/uploads\/2023\/06\/DT-Swiss-F-232-One-29-Tapered-Boost-F232OCHLOGAS26802S_800x800.jpg","contentUrl":"https:\/\/kgerad.de\/wp-content\/uploads\/2023\/06\/DT-Swiss-F-232-One-29-Tapered-Boost-F232OCHLOGAS26802S_800x800.jpg","width":800,"height":800},{"@type":"BreadcrumbList","@id":"https:\/\/kgerad.de\/produkt\/dt-swiss-federgabel-f-232-one-29-100mm-tapered-boost\/#breadcrumb","itemListElement":[{"@type":"ListItem","position":1,"name":"Startseite","item":"https:\/\/kgerad.de\/"},{"@type":"ListItem","position":2,"name":"LADEN","item":"https:\/\/kgerad.de\/laden\/"},{"@type":"ListItem","position":3,"name":"DT Swiss Federgabel F 232 One 29&#8243; 100mm Tapered Boost"}]},{"@type":"WebSite","@id":"https:\/\/kgerad.de\/#website","url":"https:\/\/kgerad.de\/","name":"kgerad.de","description":"Treten Sie mit uns ins Abenteuer!","publisher":{"@id":"https:\/\/kgerad.de\/#organization"},"alternateName":"MEIN RADLADEN","potentialAction":[{"@type":"SearchAction","target":{"@type":"EntryPoint","urlTemplate":"https:\/\/kgerad.de\/?s={search_term_string}"},"query-input":{"@type":"PropertyValueSpecification","valueRequired":true,"valueName":"search_term_string"}}],"inLanguage":"en-US"},{"@type":"Organization","@id":"https:\/\/kgerad.de\/#organization","name":"MEINRADLADEN","alternateName":"MEIN RADLADEN","url":"https:\/\/kgerad.de\/","logo":{"@type":"ImageObject","inLanguage":"en-US","@id":"https:\/\/kgerad.de\/#\/schema\/logo\/image\/","url":"https:\/\/kgerad.de\/wp-content\/uploads\/2025\/07\/logo-Whit.svg","contentUrl":"https:\/\/kgerad.de\/wp-content\/uploads\/2025\/07\/logo-Whit.svg","width":1640,"height":371,"caption":"MEINRADLADEN"},"image":{"@id":"https:\/\/kgerad.de\/#\/schema\/logo\/image\/"}}]}},"_links":{"self":[{"href":"https:\/\/kgerad.de\/en\/wp-json\/wp\/v2\/product\/43295","targetHints":{"allow":["GET"]}}],"collection":[{"href":"https:\/\/kgerad.de\/en\/wp-json\/wp\/v2\/product"}],"about":[{"href":"https:\/\/kgerad.de\/en\/wp-json\/wp\/v2\/types\/product"}],"replies":[{"embeddable":true,"href":"https:\/\/kgerad.de\/en\/wp-json\/wp\/v2\/comments?post=43295"}],"version-history":[{"count":1,"href":"https:\/\/kgerad.de\/en\/wp-json\/wp\/v2\/product\/43295\/revisions"}],"predecessor-version":[{"id":79192,"href":"https:\/\/kgerad.de\/en\/wp-json\/wp\/v2\/product\/43295\/revisions\/79192"}],"wp:featuredmedia":[{"embeddable":true,"href":"https:\/\/kgerad.de\/en\/wp-json\/wp\/v2\/media\/62800"}],"wp:attachment":[{"href":"https:\/\/kgerad.de\/en\/wp-json\/wp\/v2\/media?parent=43295"}],"wp:term":[{"taxonomy":"product_brand","embeddable":true,"href":"https:\/\/kgerad.de\/en\/wp-json\/wp\/v2\/product_brand?post=43295"},{"taxonomy":"product_cat","embeddable":true,"href":"https:\/\/kgerad.de\/en\/wp-json\/wp\/v2\/product_cat?post=43295"},{"taxonomy":"product_tag","embeddable":true,"href":"https:\/\/kgerad.de\/en\/wp-json\/wp\/v2\/product_tag?post=43295"}],"curies":[{"name":"wp","href":"https:\/\/api.w.org\/{rel}","templated":true}]}}