{"id":43282,"date":"2022-11-23T14:56:18","date_gmt":"2022-11-23T13:56:18","guid":{"rendered":"https:\/\/kgerad.de\/?post_type=product&#038;p=43282"},"modified":"2025-02-18T09:46:31","modified_gmt":"2025-02-18T08:46:31","slug":"2r-manufaktur-elx-9-56-cm-grey-matt-black-blue-28-zoll","status":"publish","type":"product","link":"https:\/\/kgerad.de\/en\/product\/2r-manufaktur-elx-9-56-cm-grey-matt-black-blue-28-zoll\/","title":{"rendered":"2R Manufaktur ELX 9 | 56 cm | grey matt\/black\/blue | 28 Zoll"},"content":{"rendered":"<h2 id=\"productTitle\" class=\"kmt-productmain-title\">2R Manufaktur ELX 9 | 56 cm | grey matt\/black\/blue | 28 Zoll<\/h2>\n<div class=\"kmt-tablist-content is-opened\">\n<div class=\"kmt-tablist-content-inner\">\n<div id=\"description\" class=\"kmt-textblockwithbuttonlist\">\n<div class=\"kmt-textblockwithbuttonlist-textblock kmt-textblock\">\n<p>Ein besonders leistungsstarkes Trekking E-Bike f\u00fcr den Einsatz bei starkem Gef\u00e4lle: Das 2R Manufaktur ELX 9 mit Bosch Performance Line Motor.<\/p>\n<p>Die 2R Manufaktur setzt bei ihrem ELX 9 auf ein Bosch Antriebspaket welches nicht nur in der Stadt mit besonders viel Leistung aufwartet. Mit bis zu 65 Nm unterst\u00fctzt dich der Bosch Performance Line Motor in deiner Tretkraft. Dazu wartet das ELX 9 mit dem gro\u00dfen Intuvia Touren-Display und einem abgedeckten, teilintegrierten 500 Wh Akku auf. Eine ansprechende Kombination aus Understatement und Praktikabilit\u00e4t.<\/p>\n<p>Um Energie zu sparen und angepasst zu pedalieren, ist eine komplette Alivio Schaltanlage mit 9 w\u00e4hlbaren Gangstufen und sportivem Fingerschalthebel verbaut. Ebenso wie diese, stammt die Scheibenbremsanlage ebenfalls vom Marktf\u00fchrer Shimano. Bei der kraftvollen Motorunterst\u00fctzung und bei einem Einsatz in h\u00fcgeligeren Gegenden, ist diese standfeste Bremse eine gute Wahl.<\/p>\n<p>Aber auch der Komfort kommt bei diesem Modell der 2R Manufaktur nicht zu kurz: Die SR Suntour Federgabel gl\u00e4ttet unebene Strecken und l\u00e4sst sich bei Bedarf per Lockoutfunktion feststellen. Auch der stabile, verstellbare Satori Lenkervorbau und die Schwalbe Energizer Plus Bereifung lassen dich lange Touren mit dem ELX 9 Trekking E-Bike angenehm erleben.<\/p>\n<p>Sportiv, komfortabel, leistungsstark und dazu noch zu einem exzellenten Preis-\/Leistungsverh\u00e4ltnis: Das 2R Manufaktur ELX 9.<\/p>\n<\/div>\n<div class=\"kmt-textblockwithbuttonlist-buttonlist kmt-buttonlist kmt-buttonlist--display-inline-right kmt-buttonlist--layout-column\"><button class=\"kmt-btn kmt-btn--size-xl kmt-btn--type-darkbg kmt-btn--align-left kmt-btn--hideborder kmt-sizechart-btn\" data-init=\"kmt-modal\" data-guid=\"cdc647f6-f7d7-4dce-b2eb-e8d75822aa46\"><i class=\"kmt-icon kmt-icon--groessenhelfer_beratung\"><\/i>Die richtige Gr\u00f6\u00dfe f\u00fcr dich<br \/>\n<small>Zum Rahmengr\u00f6\u00dfen-Rechner<\/small><\/button><button class=\"kmt-btn kmt-btn--size-xl kmt-btn--type-darkbg kmt-btn--align-left kmt-btn--hideborder\" data-init=\"kmt-modal\" data-guid=\"8c6e7d46-8669-42de-8134-2b368ec584ab\"><i class=\"kmt-icon kmt-icon--pick-up-service\"><\/i>So kommt dein Fahrrad<br \/>\n<small>Mehr \u00fcber diesen Service<\/small><\/button><\/div>\n<\/div>\n<\/div>\n<\/div>\n<div class=\"kmt-tablist-content\">\n<h2>SPEZIFIKATION<\/h2>\n<div class=\"kmt-tablist-content-inner\">\n<div id=\"attributes\">\n<div class=\"kmt-stackedfeed kmt-attr-wrapper\">\n<div class=\"kmt-attr-column\">\n<div class=\"kmt-attrgrp\">\n<h4 class=\"kmt-attrgrp-title\">ANTRIEB<\/h4>\n<table class=\"attributes table table-striped\">\n<tbody>\n<tr class=\"kmt-attrgrp-item\">\n<td class=\"kmt-attrgrp-itemtitle\">Laufradgr\u00f6\u00dfe<\/td>\n<td class=\"kmt-attrgrp-value\" data-title=\"Laufradgr\u00f6\u00dfe\">28 Zoll<\/td>\n<\/tr>\n<tr class=\"kmt-attrgrp-item\">\n<td class=\"kmt-attrgrp-itemtitle\">Reifen<\/td>\n<td class=\"kmt-attrgrp-value\" data-title=\"Reifen\">Schwalbe Energizer PLUS Perf, GreenGuard,TwinSkin 50-622<\/td>\n<\/tr>\n<tr class=\"kmt-attrgrp-item\">\n<td class=\"kmt-attrgrp-itemtitle\">Felgen<\/td>\n<td class=\"kmt-attrgrp-value\" data-title=\"Felgen\">Remerx Top Disc, 622&#215;19, double wall<\/td>\n<\/tr>\n<tr class=\"kmt-attrgrp-item\">\n<td class=\"kmt-attrgrp-itemtitle\">Nabe hinten<\/td>\n<td class=\"kmt-attrgrp-value\" data-title=\"Nabe hinten\">Shimano FH-TX505 Centerlock<\/td>\n<\/tr>\n<tr class=\"kmt-attrgrp-item\">\n<td class=\"kmt-attrgrp-itemtitle\">Kurbelsatz<\/td>\n<td class=\"kmt-attrgrp-value\" data-title=\"Kurbelsatz\">FSA Bosch G3 38T<\/td>\n<\/tr>\n<tr class=\"kmt-attrgrp-item\">\n<td class=\"kmt-attrgrp-itemtitle\">Kette<\/td>\n<td class=\"kmt-attrgrp-value\" data-title=\"Kette\">Shimano CN-E6070<\/td>\n<\/tr>\n<\/tbody>\n<\/table>\n<\/div>\n<div class=\"kmt-attrgrp\">\n<h4 class=\"kmt-attrgrp-title\">E-BIKE SYSTEM<\/h4>\n<table class=\"attributes table table-striped\">\n<tbody>\n<tr class=\"kmt-attrgrp-item\">\n<td class=\"kmt-attrgrp-itemtitle\">Akkutyp<\/td>\n<td class=\"kmt-attrgrp-value\" data-title=\"Akkutyp\">Bosch Powerpack 500<\/td>\n<\/tr>\n<tr class=\"kmt-attrgrp-item\">\n<td class=\"kmt-attrgrp-itemtitle\">Motor<\/td>\n<td class=\"kmt-attrgrp-value\" data-title=\"Motor\">Bosch Performance Line<\/td>\n<\/tr>\n<tr class=\"kmt-attrgrp-item\">\n<td class=\"kmt-attrgrp-itemtitle\">Akku-Leistung<\/td>\n<td class=\"kmt-attrgrp-value\" data-title=\"Akku-Leistung\">500 Wh<\/td>\n<\/tr>\n<tr class=\"kmt-attrgrp-item\">\n<td class=\"kmt-attrgrp-itemtitle\">Display<\/td>\n<td class=\"kmt-attrgrp-value\" data-title=\"Display\">Bosch Intuvia; gro\u00dfes Display; auch bei Sonnenlicht gut ablesbar; separate Bedieneinheit; Schaltempfehlung; USB-Anschluss; Schiebehilfe<\/td>\n<\/tr>\n<tr class=\"kmt-attrgrp-item\">\n<td class=\"kmt-attrgrp-itemtitle\">Ladeger\u00e4t<\/td>\n<td class=\"kmt-attrgrp-value\" data-title=\"Ladeger\u00e4t\">Bosch Charger 2A<\/td>\n<\/tr>\n<\/tbody>\n<\/table>\n<\/div>\n<div class=\"kmt-attrgrp\">\n<h4 class=\"kmt-attrgrp-title\">SCHALTUNG<\/h4>\n<table class=\"attributes table table-striped\">\n<tbody>\n<tr class=\"kmt-attrgrp-item\">\n<td class=\"kmt-attrgrp-itemtitle\">Schaltungsart<\/td>\n<td class=\"kmt-attrgrp-value\" data-title=\"Schaltungsart\">Kettenschaltung<\/td>\n<\/tr>\n<tr class=\"kmt-attrgrp-item\">\n<td class=\"kmt-attrgrp-itemtitle\">Ganganzahl<\/td>\n<td class=\"kmt-attrgrp-value\" data-title=\"Ganganzahl\">9<\/td>\n<\/tr>\n<tr class=\"kmt-attrgrp-item\">\n<td class=\"kmt-attrgrp-itemtitle\">Schaltwerk<\/td>\n<td class=\"kmt-attrgrp-value\" data-title=\"Schaltwerk\">Shimano Alivio RD-M3100 Shadow<\/td>\n<\/tr>\n<tr class=\"kmt-attrgrp-item\">\n<td class=\"kmt-attrgrp-itemtitle\">Schalthebel<\/td>\n<td class=\"kmt-attrgrp-value\" data-title=\"Schalthebel\">Shimano Alivio SL-M3100<\/td>\n<\/tr>\n<tr class=\"kmt-attrgrp-item\">\n<td class=\"kmt-attrgrp-itemtitle\">Zahnkr\u00e4nze<\/td>\n<td class=\"kmt-attrgrp-value\" data-title=\"Zahnkr\u00e4nze\">Shimano CS-HG201<\/td>\n<\/tr>\n<\/tbody>\n<\/table>\n<\/div>\n<div class=\"kmt-attrgrp\">\n<h4 class=\"kmt-attrgrp-title\">BREMSANLAGE<\/h4>\n<table class=\"attributes table table-striped\">\n<tbody>\n<tr class=\"kmt-attrgrp-item\">\n<td class=\"kmt-attrgrp-itemtitle\">Bremstyp<\/td>\n<td class=\"kmt-attrgrp-value\" data-title=\"Bremstyp\">hydraulische Scheibenbremse<\/td>\n<\/tr>\n<tr class=\"kmt-attrgrp-item\">\n<td class=\"kmt-attrgrp-itemtitle\">Bremse<\/td>\n<td class=\"kmt-attrgrp-value\" data-title=\"Bremse\">Shimano MT200 180\/160 mm<\/td>\n<\/tr>\n<\/tbody>\n<\/table>\n<\/div>\n<\/div>\n<div class=\"kmt-attr-column\">\n<div class=\"kmt-attrgrp\">\n<h4 class=\"kmt-attrgrp-title\">RAHMEN<\/h4>\n<table class=\"attributes table table-striped\">\n<tbody>\n<tr class=\"kmt-attrgrp-item\">\n<td class=\"kmt-attrgrp-itemtitle\">Rahmenform<\/td>\n<td class=\"kmt-attrgrp-value\" data-title=\"Rahmenform\">Diamant<\/td>\n<\/tr>\n<tr class=\"kmt-attrgrp-item\">\n<td class=\"kmt-attrgrp-itemtitle\">Rahmenmaterial<\/td>\n<td class=\"kmt-attrgrp-value\" data-title=\"Rahmenmaterial\">Aluminium<\/td>\n<\/tr>\n<tr class=\"kmt-attrgrp-item\">\n<td class=\"kmt-attrgrp-itemtitle\">Gabel<\/td>\n<td class=\"kmt-attrgrp-value\" data-title=\"Gabel\">SR Suntour NEX E25 HLO DS<\/td>\n<\/tr>\n<\/tbody>\n<\/table>\n<\/div>\n<div class=\"kmt-attrgrp\">\n<h4 class=\"kmt-attrgrp-title\">KONTAKTPUNKTE<\/h4>\n<table class=\"attributes table table-striped\">\n<tbody>\n<tr class=\"kmt-attrgrp-item\">\n<td class=\"kmt-attrgrp-itemtitle\">Lenker<\/td>\n<td class=\"kmt-attrgrp-value\" data-title=\"Lenker\">Satori Noirette, AL 630 mm<\/td>\n<\/tr>\n<tr class=\"kmt-attrgrp-item\">\n<td class=\"kmt-attrgrp-itemtitle\">Griffe<\/td>\n<td class=\"kmt-attrgrp-value\" data-title=\"Griffe\">Velo<\/td>\n<\/tr>\n<tr class=\"kmt-attrgrp-item\">\n<td class=\"kmt-attrgrp-itemtitle\">Vorbau<\/td>\n<td class=\"kmt-attrgrp-value\" data-title=\"Vorbau\">Satori-UP3 AHS adj.<\/td>\n<\/tr>\n<tr class=\"kmt-attrgrp-item\">\n<td class=\"kmt-attrgrp-itemtitle\">Steuersatz<\/td>\n<td class=\"kmt-attrgrp-value\" data-title=\"Steuersatz\">FSA NO.57EP, AL 1-1\/8\/1.5<\/td>\n<\/tr>\n<tr class=\"kmt-attrgrp-item\">\n<td class=\"kmt-attrgrp-itemtitle\">Sattel<\/td>\n<td class=\"kmt-attrgrp-value\" data-title=\"Sattel\">Selle Royal Essenza<\/td>\n<\/tr>\n<tr class=\"kmt-attrgrp-item\">\n<td class=\"kmt-attrgrp-itemtitle\">Sattelst\u00fctze<\/td>\n<td class=\"kmt-attrgrp-value\" data-title=\"Sattelst\u00fctze\">Axess SP-612N<\/td>\n<\/tr>\n<\/tbody>\n<\/table>\n<\/div>\n<div class=\"kmt-attrgrp\">\n<h4 class=\"kmt-attrgrp-title\">STRASSENAUSSTATTUN<\/h4>\n<table class=\"attributes table table-striped\">\n<tbody>\n<tr class=\"kmt-attrgrp-item\">\n<td class=\"kmt-attrgrp-itemtitle\">Stra\u00dfenausstattung<\/td>\n<td class=\"kmt-attrgrp-value\" data-title=\"Stra\u00dfenausstattung\">ja<\/td>\n<\/tr>\n<tr class=\"kmt-attrgrp-item\">\n<td class=\"kmt-attrgrp-itemtitle\">Scheinwerfer<\/td>\n<td class=\"kmt-attrgrp-value\" data-title=\"Scheinwerfer\">HERRMANS H-Black MR4 e-bike 40 Lux<\/td>\n<\/tr>\n<tr class=\"kmt-attrgrp-item\">\n<td class=\"kmt-attrgrp-itemtitle\">R\u00fccklicht<\/td>\n<td class=\"kmt-attrgrp-value\" data-title=\"R\u00fccklicht\">HERRMANS H-TRACE e-bike<\/td>\n<\/tr>\n<tr class=\"kmt-attrgrp-item\">\n<td class=\"kmt-attrgrp-itemtitle\">St\u00e4nder<\/td>\n<td class=\"kmt-attrgrp-value\" data-title=\"St\u00e4nder\">U-LIX, adjustable<\/td>\n<\/tr>\n<tr class=\"kmt-attrgrp-item\">\n<td class=\"kmt-attrgrp-itemtitle\">Gep\u00e4cktr\u00e4ger<\/td>\n<td class=\"kmt-attrgrp-value\" data-title=\"Gep\u00e4cktr\u00e4ger\">Standwell SW-KM058S<\/td>\n<\/tr>\n<tr class=\"kmt-attrgrp-item\">\n<td class=\"kmt-attrgrp-itemtitle\">Schutzbleche<\/td>\n<td class=\"kmt-attrgrp-value\" data-title=\"Schutzbleche\">SKS<\/td>\n<\/tr>\n<tr class=\"kmt-attrgrp-item\">\n<td class=\"kmt-attrgrp-itemtitle\">Kettenschutz<\/td>\n<td class=\"kmt-attrgrp-value\" data-title=\"Kettenschutz\">SKS Chainblade<\/td>\n<\/tr>\n<\/tbody>\n<\/table>\n<\/div>\n<div class=\"kmt-attrgrp\">\n<h4 class=\"kmt-attrgrp-title\">SONSTIGE INFORMATIONEN<\/h4>\n<table class=\"attributes table table-striped\">\n<tbody>\n<tr class=\"kmt-attrgrp-item\">\n<td class=\"kmt-attrgrp-itemtitle\">Modelljahr<\/td>\n<td class=\"kmt-attrgrp-value\" data-title=\"Modelljahr\">2021<\/td>\n<\/tr>\n<tr class=\"kmt-attrgrp-item\">\n<td class=\"kmt-attrgrp-itemtitle\">Typ<\/td>\n<td class=\"kmt-attrgrp-value\" data-title=\"Typ\">unisex<\/td>\n<\/tr>\n<tr class=\"kmt-attrgrp-item\">\n<td class=\"kmt-attrgrp-itemtitle\">Gewicht<\/td>\n<td class=\"kmt-attrgrp-value\" data-title=\"Gewicht\">24,9<\/td>\n<\/tr>\n<\/tbody>\n<\/table>\n<\/div>\n<h4 class=\"kmt-attrgrp-title\">MARKE<\/h4>\n<div class=\"kmt-tablist-content-inner\">\n<div id=\"brand_details\" class=\"kmt-branddetail\">\n<div class=\"kmt-branddetail-text\">\n<p>Die Fahrr\u00e4der der 2R Manufaktur sind aus unserer \u00fcber 20-j\u00e4hrige Erfahrung im Fahrradgesch\u00e4ft entstanden. So k\u00f6nnen wir die W\u00fcnsche unserer Kunden perfekt umzusetzen. Gemeinsam mit starken Partnern (zum Beispiel Derby Cycle und Cycle Union) entwickeln wir City- und Trekkingfahrr\u00e4der, die in allen belangen \u00fcberzeugen. Grundlage jedes Fahrrads der 2R Manufaktur ist ein solider sowie leichter Rahmen, best\u00fcckt mit einer hochwertigen und funktionellen Zusammenstellung an Komponenten.<\/p>\n<\/div>\n<\/div>\n<\/div>\n<\/div>\n<\/div>\n<\/div>\n<\/div>\n<\/div>","protected":false},"excerpt":{"rendered":"<p>2R Manufaktur ELX 9 | 56 cm | grey matt\/black\/blue | 28 Zoll Ein besonders leistungsstarkes Trekking E-Bike f\u00fcr den<\/p>","protected":false},"featured_media":62798,"comment_status":"open","ping_status":"closed","template":"","meta":[],"product_brand":[],"product_cat":[33,247,35],"product_tag":[],"class_list":{"0":"post-43282","1":"product","2":"type-product","3":"status-publish","4":"has-post-thumbnail","6":"product_cat-e-bike","7":"product_cat-e-bike-trekking","8":"product_cat-e-bikes-2022","9":"pa_marke-2r-manufaktur","11":"first","12":"instock","13":"sale","14":"taxable","15":"shipping-taxable","16":"purchasable","17":"product-type-variable"},"yoast_head":"<!-- This site is optimized with the Yoast SEO Premium plugin v20.12 (Yoast SEO v27.1.1) - https:\/\/yoast.com\/product\/yoast-seo-premium-wordpress\/ -->\n<title>2R Manufaktur ELX 9 | 56 cm | grey matt\/black\/blue | 28 Zoll<\/title>\n<meta name=\"description\" content=\"Entdecken Sie unseren Online-Fahrradladen: Gro\u00dfe Auswahl an Modellen f\u00fcr alle Radsportbegeisterten. Von Rennr\u00e4dern bis zu Mountainbikes - finden Sie heute Ihren perfekten Wegbegleiter!\" \/>\n<meta name=\"robots\" content=\"index, follow, max-snippet:-1, max-image-preview:large, max-video-preview:-1\" \/>\n<link rel=\"canonical\" href=\"https:\/\/kgerad.de\/en\/product\/2r-manufaktur-elx-9-56-cm-grey-matt-black-blue-28-zoll\/\" \/>\n<meta property=\"og:locale\" content=\"en_US\" \/>\n<meta property=\"og:type\" content=\"article\" \/>\n<meta property=\"og:title\" content=\"2R Manufaktur ELX 9 | 56 cm | grey matt\/black\/blue | 28 Zoll\" \/>\n<meta property=\"og:description\" content=\"Entdecken Sie unseren Online-Fahrradladen: Gro\u00dfe Auswahl an Modellen f\u00fcr alle Radsportbegeisterten. Von Rennr\u00e4dern bis zu Mountainbikes - finden Sie heute Ihren perfekten Wegbegleiter!\" \/>\n<meta property=\"og:url\" content=\"https:\/\/kgerad.de\/en\/product\/2r-manufaktur-elx-9-56-cm-grey-matt-black-blue-28-zoll\/\" \/>\n<meta property=\"og:site_name\" content=\"kgerad.de\" \/>\n<meta property=\"article:modified_time\" content=\"2025-02-18T08:46:31+00:00\" \/>\n<meta property=\"og:image\" content=\"https:\/\/kgerad.de\/wp-content\/uploads\/2023\/06\/2r-manufaktur-elx-9-grey-matt-black-blue-83709-01.webp\" \/>\n\t<meta property=\"og:image:width\" content=\"754\" \/>\n\t<meta property=\"og:image:height\" content=\"520\" \/>\n\t<meta property=\"og:image:type\" content=\"image\/webp\" \/>\n<meta name=\"twitter:card\" content=\"summary_large_image\" \/>\n<meta name=\"twitter:label1\" content=\"Est. reading time\" \/>\n\t<meta name=\"twitter:data1\" content=\"3 minutes\" \/>\n<script type=\"application\/ld+json\" class=\"yoast-schema-graph\">{\"@context\":\"https:\/\/schema.org\",\"@graph\":[{\"@type\":\"WebPage\",\"@id\":\"https:\/\/kgerad.de\/produkt\/2r-manufaktur-elx-9-56-cm-grey-matt-black-blue-28-zoll\/\",\"url\":\"https:\/\/kgerad.de\/produkt\/2r-manufaktur-elx-9-56-cm-grey-matt-black-blue-28-zoll\/\",\"name\":\"2R Manufaktur ELX 9 | 56 cm | grey matt\/black\/blue | 28 Zoll\",\"isPartOf\":{\"@id\":\"https:\/\/kgerad.de\/#website\"},\"primaryImageOfPage\":{\"@id\":\"https:\/\/kgerad.de\/produkt\/2r-manufaktur-elx-9-56-cm-grey-matt-black-blue-28-zoll\/#primaryimage\"},\"image\":{\"@id\":\"https:\/\/kgerad.de\/produkt\/2r-manufaktur-elx-9-56-cm-grey-matt-black-blue-28-zoll\/#primaryimage\"},\"thumbnailUrl\":\"https:\/\/kgerad.de\/wp-content\/uploads\/2023\/06\/2r-manufaktur-elx-9-grey-matt-black-blue-83709-01.webp\",\"datePublished\":\"2022-11-23T13:56:18+00:00\",\"dateModified\":\"2025-02-18T08:46:31+00:00\",\"description\":\"Entdecken Sie unseren Online-Fahrradladen: Gro\u00dfe Auswahl an Modellen f\u00fcr alle Radsportbegeisterten. Von Rennr\u00e4dern bis zu Mountainbikes - finden Sie heute Ihren perfekten Wegbegleiter!\",\"breadcrumb\":{\"@id\":\"https:\/\/kgerad.de\/produkt\/2r-manufaktur-elx-9-56-cm-grey-matt-black-blue-28-zoll\/#breadcrumb\"},\"inLanguage\":\"en-US\",\"potentialAction\":[{\"@type\":\"ReadAction\",\"target\":[\"https:\/\/kgerad.de\/produkt\/2r-manufaktur-elx-9-56-cm-grey-matt-black-blue-28-zoll\/\"]}]},{\"@type\":\"ImageObject\",\"inLanguage\":\"en-US\",\"@id\":\"https:\/\/kgerad.de\/produkt\/2r-manufaktur-elx-9-56-cm-grey-matt-black-blue-28-zoll\/#primaryimage\",\"url\":\"https:\/\/kgerad.de\/wp-content\/uploads\/2023\/06\/2r-manufaktur-elx-9-grey-matt-black-blue-83709-01.webp\",\"contentUrl\":\"https:\/\/kgerad.de\/wp-content\/uploads\/2023\/06\/2r-manufaktur-elx-9-grey-matt-black-blue-83709-01.webp\",\"width\":754,\"height\":520,\"caption\":\"2R Manufaktur ELX 9\"},{\"@type\":\"BreadcrumbList\",\"@id\":\"https:\/\/kgerad.de\/produkt\/2r-manufaktur-elx-9-56-cm-grey-matt-black-blue-28-zoll\/#breadcrumb\",\"itemListElement\":[{\"@type\":\"ListItem\",\"position\":1,\"name\":\"Startseite\",\"item\":\"https:\/\/kgerad.de\/\"},{\"@type\":\"ListItem\",\"position\":2,\"name\":\"LADEN\",\"item\":\"https:\/\/kgerad.de\/laden\/\"},{\"@type\":\"ListItem\",\"position\":3,\"name\":\"2R Manufaktur ELX 9 | 56 cm | grey matt\/black\/blue | 28 Zoll\"}]},{\"@type\":\"WebSite\",\"@id\":\"https:\/\/kgerad.de\/#website\",\"url\":\"https:\/\/kgerad.de\/\",\"name\":\"kgerad.de\",\"description\":\"Treten Sie mit uns ins Abenteuer!\",\"publisher\":{\"@id\":\"https:\/\/kgerad.de\/#organization\"},\"alternateName\":\"MEIN RADLADEN\",\"potentialAction\":[{\"@type\":\"SearchAction\",\"target\":{\"@type\":\"EntryPoint\",\"urlTemplate\":\"https:\/\/kgerad.de\/?s={search_term_string}\"},\"query-input\":{\"@type\":\"PropertyValueSpecification\",\"valueRequired\":true,\"valueName\":\"search_term_string\"}}],\"inLanguage\":\"en-US\"},{\"@type\":\"Organization\",\"@id\":\"https:\/\/kgerad.de\/#organization\",\"name\":\"MEINRADLADEN\",\"alternateName\":\"MEIN RADLADEN\",\"url\":\"https:\/\/kgerad.de\/\",\"logo\":{\"@type\":\"ImageObject\",\"inLanguage\":\"en-US\",\"@id\":\"https:\/\/kgerad.de\/#\/schema\/logo\/image\/\",\"url\":\"https:\/\/kgerad.de\/wp-content\/uploads\/2025\/07\/logo-Whit.svg\",\"contentUrl\":\"https:\/\/kgerad.de\/wp-content\/uploads\/2025\/07\/logo-Whit.svg\",\"width\":1640,\"height\":371,\"caption\":\"MEINRADLADEN\"},\"image\":{\"@id\":\"https:\/\/kgerad.de\/#\/schema\/logo\/image\/\"}}]}<\/script>\n<!-- \/ Yoast SEO Premium plugin. -->","yoast_head_json":{"title":"2R Manufaktur ELX 9 | 56 cm | grey matt\/black\/blue | 28 Zoll","description":"Entdecken Sie unseren Online-Fahrradladen: Gro\u00dfe Auswahl an Modellen f\u00fcr alle Radsportbegeisterten. Von Rennr\u00e4dern bis zu Mountainbikes - finden Sie heute Ihren perfekten Wegbegleiter!","robots":{"index":"index","follow":"follow","max-snippet":"max-snippet:-1","max-image-preview":"max-image-preview:large","max-video-preview":"max-video-preview:-1"},"canonical":"https:\/\/kgerad.de\/en\/product\/2r-manufaktur-elx-9-56-cm-grey-matt-black-blue-28-zoll\/","og_locale":"en_US","og_type":"article","og_title":"2R Manufaktur ELX 9 | 56 cm | grey matt\/black\/blue | 28 Zoll","og_description":"Entdecken Sie unseren Online-Fahrradladen: Gro\u00dfe Auswahl an Modellen f\u00fcr alle Radsportbegeisterten. Von Rennr\u00e4dern bis zu Mountainbikes - finden Sie heute Ihren perfekten Wegbegleiter!","og_url":"https:\/\/kgerad.de\/en\/product\/2r-manufaktur-elx-9-56-cm-grey-matt-black-blue-28-zoll\/","og_site_name":"kgerad.de","article_modified_time":"2025-02-18T08:46:31+00:00","og_image":[{"width":754,"height":520,"url":"https:\/\/kgerad.de\/wp-content\/uploads\/2023\/06\/2r-manufaktur-elx-9-grey-matt-black-blue-83709-01.webp","type":"image\/webp"}],"twitter_card":"summary_large_image","twitter_misc":{"Est. reading time":"3 minutes"},"schema":{"@context":"https:\/\/schema.org","@graph":[{"@type":"WebPage","@id":"https:\/\/kgerad.de\/produkt\/2r-manufaktur-elx-9-56-cm-grey-matt-black-blue-28-zoll\/","url":"https:\/\/kgerad.de\/produkt\/2r-manufaktur-elx-9-56-cm-grey-matt-black-blue-28-zoll\/","name":"2R Manufaktur ELX 9 | 56 cm | grey matt\/black\/blue | 28 Zoll","isPartOf":{"@id":"https:\/\/kgerad.de\/#website"},"primaryImageOfPage":{"@id":"https:\/\/kgerad.de\/produkt\/2r-manufaktur-elx-9-56-cm-grey-matt-black-blue-28-zoll\/#primaryimage"},"image":{"@id":"https:\/\/kgerad.de\/produkt\/2r-manufaktur-elx-9-56-cm-grey-matt-black-blue-28-zoll\/#primaryimage"},"thumbnailUrl":"https:\/\/kgerad.de\/wp-content\/uploads\/2023\/06\/2r-manufaktur-elx-9-grey-matt-black-blue-83709-01.webp","datePublished":"2022-11-23T13:56:18+00:00","dateModified":"2025-02-18T08:46:31+00:00","description":"Entdecken Sie unseren Online-Fahrradladen: Gro\u00dfe Auswahl an Modellen f\u00fcr alle Radsportbegeisterten. Von Rennr\u00e4dern bis zu Mountainbikes - finden Sie heute Ihren perfekten Wegbegleiter!","breadcrumb":{"@id":"https:\/\/kgerad.de\/produkt\/2r-manufaktur-elx-9-56-cm-grey-matt-black-blue-28-zoll\/#breadcrumb"},"inLanguage":"en-US","potentialAction":[{"@type":"ReadAction","target":["https:\/\/kgerad.de\/produkt\/2r-manufaktur-elx-9-56-cm-grey-matt-black-blue-28-zoll\/"]}]},{"@type":"ImageObject","inLanguage":"en-US","@id":"https:\/\/kgerad.de\/produkt\/2r-manufaktur-elx-9-56-cm-grey-matt-black-blue-28-zoll\/#primaryimage","url":"https:\/\/kgerad.de\/wp-content\/uploads\/2023\/06\/2r-manufaktur-elx-9-grey-matt-black-blue-83709-01.webp","contentUrl":"https:\/\/kgerad.de\/wp-content\/uploads\/2023\/06\/2r-manufaktur-elx-9-grey-matt-black-blue-83709-01.webp","width":754,"height":520,"caption":"2R Manufaktur ELX 9"},{"@type":"BreadcrumbList","@id":"https:\/\/kgerad.de\/produkt\/2r-manufaktur-elx-9-56-cm-grey-matt-black-blue-28-zoll\/#breadcrumb","itemListElement":[{"@type":"ListItem","position":1,"name":"Startseite","item":"https:\/\/kgerad.de\/"},{"@type":"ListItem","position":2,"name":"LADEN","item":"https:\/\/kgerad.de\/laden\/"},{"@type":"ListItem","position":3,"name":"2R Manufaktur ELX 9 | 56 cm | grey matt\/black\/blue | 28 Zoll"}]},{"@type":"WebSite","@id":"https:\/\/kgerad.de\/#website","url":"https:\/\/kgerad.de\/","name":"kgerad.de","description":"Treten Sie mit uns ins Abenteuer!","publisher":{"@id":"https:\/\/kgerad.de\/#organization"},"alternateName":"MEIN RADLADEN","potentialAction":[{"@type":"SearchAction","target":{"@type":"EntryPoint","urlTemplate":"https:\/\/kgerad.de\/?s={search_term_string}"},"query-input":{"@type":"PropertyValueSpecification","valueRequired":true,"valueName":"search_term_string"}}],"inLanguage":"en-US"},{"@type":"Organization","@id":"https:\/\/kgerad.de\/#organization","name":"MEINRADLADEN","alternateName":"MEIN RADLADEN","url":"https:\/\/kgerad.de\/","logo":{"@type":"ImageObject","inLanguage":"en-US","@id":"https:\/\/kgerad.de\/#\/schema\/logo\/image\/","url":"https:\/\/kgerad.de\/wp-content\/uploads\/2025\/07\/logo-Whit.svg","contentUrl":"https:\/\/kgerad.de\/wp-content\/uploads\/2025\/07\/logo-Whit.svg","width":1640,"height":371,"caption":"MEINRADLADEN"},"image":{"@id":"https:\/\/kgerad.de\/#\/schema\/logo\/image\/"}}]}},"_links":{"self":[{"href":"https:\/\/kgerad.de\/en\/wp-json\/wp\/v2\/product\/43282","targetHints":{"allow":["GET"]}}],"collection":[{"href":"https:\/\/kgerad.de\/en\/wp-json\/wp\/v2\/product"}],"about":[{"href":"https:\/\/kgerad.de\/en\/wp-json\/wp\/v2\/types\/product"}],"replies":[{"embeddable":true,"href":"https:\/\/kgerad.de\/en\/wp-json\/wp\/v2\/comments?post=43282"}],"version-history":[{"count":1,"href":"https:\/\/kgerad.de\/en\/wp-json\/wp\/v2\/product\/43282\/revisions"}],"predecessor-version":[{"id":79205,"href":"https:\/\/kgerad.de\/en\/wp-json\/wp\/v2\/product\/43282\/revisions\/79205"}],"wp:featuredmedia":[{"embeddable":true,"href":"https:\/\/kgerad.de\/en\/wp-json\/wp\/v2\/media\/62798"}],"wp:attachment":[{"href":"https:\/\/kgerad.de\/en\/wp-json\/wp\/v2\/media?parent=43282"}],"wp:term":[{"taxonomy":"product_brand","embeddable":true,"href":"https:\/\/kgerad.de\/en\/wp-json\/wp\/v2\/product_brand?post=43282"},{"taxonomy":"product_cat","embeddable":true,"href":"https:\/\/kgerad.de\/en\/wp-json\/wp\/v2\/product_cat?post=43282"},{"taxonomy":"product_tag","embeddable":true,"href":"https:\/\/kgerad.de\/en\/wp-json\/wp\/v2\/product_tag?post=43282"}],"curies":[{"name":"wp","href":"https:\/\/api.w.org\/{rel}","templated":true}]}}