{"id":43206,"date":"2022-11-23T12:39:37","date_gmt":"2022-11-23T11:39:37","guid":{"rendered":"https:\/\/kgerad.de\/?post_type=product&#038;p=43206"},"modified":"2023-08-11T09:18:56","modified_gmt":"2023-08-11T07:18:56","slug":"scott-contessa-speedster-gravel-35-2022","status":"publish","type":"product","link":"https:\/\/kgerad.de\/en\/product\/scott-contessa-speedster-gravel-35-2022\/","title":{"rendered":"Scott Contessa Speedster Gravel 35 2022"},"content":{"rendered":"<div class=\"kmt-tablist-content is-opened act\">\n<h2 class=\"opened-mobile\">Scott Contessa Speedster Gravel 35 2022<\/h2>\n<div class=\"kmt-tablist-content-inner\">\n<div id=\"description\" class=\"kmt-textblockwithbuttonlist\">\n<div class=\"kmt-textblockwithbuttonlist-textblock kmt-textblock\">\n<p>Dieses wendige Gravel Bike mach mit jeder Fahrerin eine gute Figur. Perfekt zu beschleunigen ist das Scott Contessa Speedster Gravel 35 und damit ein flotter Traningspartner. Der hochwertig geschwei\u00dfte 6061 Aluminium-Rohrsatz samt Aluminiumgabel spart Gewicht. Ausreichend robust f\u00fcr flotte Antritte, auch abseits vom Asphalt und dennoch filigran samt aufger\u00e4umter Linienf\u00fchrung pr\u00e4sentiert sich das Scott Contessa Speedster Gravel 35.<\/p>\n<p>Das Scott Contessa Speedster Gravel 35 folgt der speziellen Scott Endurance Geometrie und bietet eine komfortable langstreckenoptimierte Sitzposition f\u00fcr diverse Routen. Die Shimano Claris Kettenschaltung besitzt 16 G\u00e4nge in einer \u00dcbersetzungsbandbreite von 50 bis 34 Z\u00e4hnen an der Kettenradgarnitur. Die Kassette stellt 8 G\u00e4nge von 11-34 Z\u00e4hnen bereit, mit der selbst Passtrassen locker abgespult werden. Geht dann die Abfahrt in die entscheidende Phase, verz\u00f6gern die mechanisch angesteuerten Tektro Scheibenbremsen samt 160 Millimeter gro\u00dfen Scheiben ganz gelassen.<\/p>\n<p>Der gewichtsoptimierte Laufradsatz mit minimierter Speichenanzahl von 28 St\u00fcck je Laufrad sowie 24 Millimeter Syncros Felgen passt perfekt in das Konzept dieses Allround-Renners. Die \u00fcbrige Syncros Aluminium Komponentenauswahl macht das Handling umso besser. Seine Gravel Gene bekommt das Scott Contessa Speedster Gravel 35 durch bew\u00e4hrte Schwalbe G-One Reifen mit \u00fcppigen 700 x 40 Millimetern breite. Das raue Diamantprofil und die Dimension bieten Komfort auf Off-Road Abschnitten bei gutem Rollwiederstand.<\/p>\n<h2>SPEZIFIKATION<\/h2>\n<div class=\"kmt-tablist-content-inner\">\n<div id=\"attributes\">\n<div class=\"kmt-stackedfeed kmt-attr-wrapper\">\n<div class=\"kmt-attr-column\">\n<div class=\"kmt-attrgrp\">\n<h4 class=\"kmt-attrgrp-title\">SCHALTUNG<\/h4>\n<table class=\"attributes table table-striped\">\n<tbody>\n<tr class=\"kmt-attrgrp-item\">\n<td class=\"kmt-attrgrp-itemtitle\">Schaltungsart<\/td>\n<td class=\"kmt-attrgrp-value\" data-title=\"Schaltungsart\">Kettenschaltung<\/td>\n<\/tr>\n<tr class=\"kmt-attrgrp-item\">\n<td class=\"kmt-attrgrp-itemtitle\">Ganganzahl<\/td>\n<td class=\"kmt-attrgrp-value\" data-title=\"Ganganzahl\">16<\/td>\n<\/tr>\n<tr class=\"kmt-attrgrp-item\">\n<td class=\"kmt-attrgrp-itemtitle\">Schaltwerk<\/td>\n<td class=\"kmt-attrgrp-value\" data-title=\"Schaltwerk\">Shimano Claris RD-R2000-GS, 16 Speed<\/td>\n<\/tr>\n<tr class=\"kmt-attrgrp-item\">\n<td class=\"kmt-attrgrp-itemtitle\">Schalthebel<\/td>\n<td class=\"kmt-attrgrp-value\" data-title=\"Schalthebel\">Shimano Claris ST-R2000, Dual control 16 Speed<\/td>\n<\/tr>\n<tr class=\"kmt-attrgrp-item\">\n<td class=\"kmt-attrgrp-itemtitle\">Umwerfer<\/td>\n<td class=\"kmt-attrgrp-value\" data-title=\"Umwerfer\">Shimano Claris FD-R2000<\/td>\n<\/tr>\n<tr class=\"kmt-attrgrp-item\">\n<td class=\"kmt-attrgrp-itemtitle\">Zahnkr\u00e4nze<\/td>\n<td class=\"kmt-attrgrp-value\" data-title=\"Zahnkr\u00e4nze\">Shimano CS-HG50, 8 Speed 11-34T<\/td>\n<\/tr>\n<\/tbody>\n<\/table>\n<\/div>\n<div class=\"kmt-attrgrp\">\n<h4 class=\"kmt-attrgrp-title\">BREMSANLAGE<\/h4>\n<table class=\"attributes table table-striped\">\n<tbody>\n<tr class=\"kmt-attrgrp-item\">\n<td class=\"kmt-attrgrp-itemtitle\">Bremstyp<\/td>\n<td class=\"kmt-attrgrp-value\" data-title=\"Bremstyp\">mechanische Scheibenbremse<\/td>\n<\/tr>\n<tr class=\"kmt-attrgrp-item\">\n<td class=\"kmt-attrgrp-itemtitle\">Bremse<\/td>\n<td class=\"kmt-attrgrp-value\" data-title=\"Bremse\">Tektro MD-C511 Mech.Disc<\/td>\n<\/tr>\n<\/tbody>\n<\/table>\n<\/div>\n<div class=\"kmt-attrgrp\">\n<h4 class=\"kmt-attrgrp-title\">ANTRIEB<\/h4>\n<table class=\"attributes table table-striped\">\n<tbody>\n<tr class=\"kmt-attrgrp-item\">\n<td class=\"kmt-attrgrp-itemtitle\">Reifen<\/td>\n<td class=\"kmt-attrgrp-value\" data-title=\"Reifen\">Schwalbe G-ONE Bite Performance, 700x40C<\/td>\n<\/tr>\n<tr class=\"kmt-attrgrp-item\">\n<td class=\"kmt-attrgrp-itemtitle\">Felgen<\/td>\n<td class=\"kmt-attrgrp-value\" data-title=\"Felgen\">Syncros Race 24 Disc, 28 Front\/28 Rear<\/td>\n<\/tr>\n<tr class=\"kmt-attrgrp-item\">\n<td class=\"kmt-attrgrp-itemtitle\">Kurbelsatz<\/td>\n<td class=\"kmt-attrgrp-value\" data-title=\"Kurbelsatz\">Shimano Claris FC-RS200, 50x34T<\/td>\n<\/tr>\n<tr class=\"kmt-attrgrp-item\">\n<td class=\"kmt-attrgrp-itemtitle\">Innenlager<\/td>\n<td class=\"kmt-attrgrp-value\" data-title=\"Innenlager\">Shimano BB-UN300<\/td>\n<\/tr>\n<\/tbody>\n<\/table>\n<\/div>\n<div class=\"kmt-attrgrp\">\n<h4 class=\"kmt-attrgrp-title\">RAHMEN<\/h4>\n<table class=\"attributes table table-striped\">\n<tbody>\n<tr class=\"kmt-attrgrp-item\">\n<td class=\"kmt-attrgrp-itemtitle\">Rahmenform<\/td>\n<td class=\"kmt-attrgrp-value\" data-title=\"Rahmenform\">Diamant<\/td>\n<\/tr>\n<tr class=\"kmt-attrgrp-item\">\n<td class=\"kmt-attrgrp-itemtitle\">Rahmenmaterial<\/td>\n<td class=\"kmt-attrgrp-value\" data-title=\"Rahmenmaterial\">Aluminium<\/td>\n<\/tr>\n<tr class=\"kmt-attrgrp-item\">\n<td class=\"kmt-attrgrp-itemtitle\">Gabel<\/td>\n<td class=\"kmt-attrgrp-value\" data-title=\"Gabel\">Speedster Gravel Alloy Flatmount Disc, 1 1\/4-1 1\/2 Eccentric Alloy steerer<\/td>\n<\/tr>\n<\/tbody>\n<\/table>\n<\/div>\n<\/div>\n<div class=\"kmt-attr-column\">\n<div class=\"kmt-attrgrp\">\n<h4 class=\"kmt-attrgrp-title\">KONTAKTPUNKTE<\/h4>\n<table class=\"attributes table table-striped\">\n<tbody>\n<tr class=\"kmt-attrgrp-item\">\n<td class=\"kmt-attrgrp-itemtitle\">Lenker<\/td>\n<td class=\"kmt-attrgrp-value\" data-title=\"Lenker\">Syncros Creston 2.0 X, Alloy 31.8mm<\/td>\n<\/tr>\n<tr class=\"kmt-attrgrp-item\">\n<td class=\"kmt-attrgrp-itemtitle\">Vorbau<\/td>\n<td class=\"kmt-attrgrp-value\" data-title=\"Vorbau\">Syncros RR2.5 1 1\/4\/four Bolt 31.8mm<\/td>\n<\/tr>\n<tr class=\"kmt-attrgrp-item\">\n<td class=\"kmt-attrgrp-itemtitle\">Steuersatz<\/td>\n<td class=\"kmt-attrgrp-value\" data-title=\"Steuersatz\">Acros AIF-1113<\/td>\n<\/tr>\n<tr class=\"kmt-attrgrp-item\">\n<td class=\"kmt-attrgrp-itemtitle\">Sattel<\/td>\n<td class=\"kmt-attrgrp-value\" data-title=\"Sattel\">Syncros Savona 2.5 (V-Concept) Channel<\/td>\n<\/tr>\n<tr class=\"kmt-attrgrp-item\">\n<td class=\"kmt-attrgrp-itemtitle\">Sattelst\u00fctze<\/td>\n<td class=\"kmt-attrgrp-value\" data-title=\"Sattelst\u00fctze\">Syncros RR2.5 27.2\/350mm<\/td>\n<\/tr>\n<\/tbody>\n<\/table>\n<\/div>\n<div class=\"kmt-attrgrp\">\n<h4 class=\"kmt-attrgrp-title\">STRASSENAUSSTATTUN<\/h4>\n<table class=\"attributes table table-striped\">\n<tbody>\n<tr class=\"kmt-attrgrp-item\">\n<td class=\"kmt-attrgrp-itemtitle\">Stra\u00dfenausstattung<\/td>\n<td class=\"kmt-attrgrp-value\" data-title=\"Stra\u00dfenausstattung\">nein<\/td>\n<\/tr>\n<\/tbody>\n<\/table>\n<\/div>\n<div class=\"kmt-attrgrp\">\n<h4 class=\"kmt-attrgrp-title\">SONSTIGE INFORMATIONEN<\/h4>\n<table class=\"attributes table table-striped\">\n<tbody>\n<tr class=\"kmt-attrgrp-item\">\n<td class=\"kmt-attrgrp-itemtitle\">Modelljahr<\/td>\n<td class=\"kmt-attrgrp-value\" data-title=\"Modelljahr\">2022<\/td>\n<\/tr>\n<tr class=\"kmt-attrgrp-item\">\n<td class=\"kmt-attrgrp-itemtitle\">Typ<\/td>\n<td class=\"kmt-attrgrp-value\" data-title=\"Typ\">Damen<\/td>\n<\/tr>\n<tr class=\"kmt-attrgrp-item\">\n<td class=\"kmt-attrgrp-itemtitle\">Gewicht<\/td>\n<td class=\"kmt-attrgrp-value\" data-title=\"Gewicht\">11,48<\/td>\n<\/tr>\n<\/tbody>\n<\/table>\n<\/div>\n<h4 class=\"kmt-attrgrp-title\">MARKE<\/h4>\n<div class=\"kmt-tablist-content-inner\">\n<div id=\"brand_details\" class=\"kmt-branddetail\">\n<div class=\"kmt-branddetail-text\">\n<p>Scott Sports ist in der Schweiz (Givisiez) ans\u00e4ssig und produziert Lauf- und Radsport Artikel. 1978 wurde das europ\u00e4ische Headquarter in Givisiez in der N\u00e4he von Freiburg er\u00f6ffnet.<\/p>\n<\/div>\n<\/div>\n<\/div>\n<\/div>\n<\/div>\n<\/div>\n<\/div>\n<\/div>\n<\/div>\n<\/div>\n<\/div>","protected":false},"excerpt":{"rendered":"<p>Scott Contessa Speedster Gravel 35 2022 Dieses wendige Gravel Bike mach mit jeder Fahrerin eine gute Figur. Perfekt zu beschleunigen<\/p>","protected":false},"featured_media":62770,"comment_status":"open","ping_status":"closed","template":"","meta":[],"product_brand":[],"product_cat":[36,37,129],"product_tag":[],"class_list":{"0":"post-43206","1":"product","2":"type-product","3":"status-publish","4":"has-post-thumbnail","6":"product_cat-fahrrad","7":"product_cat-gravel-bikes","8":"product_cat-rennrad","9":"pa_marke-scott","11":"first","12":"instock","13":"sale","14":"taxable","15":"shipping-taxable","16":"purchasable","17":"product-type-variable"},"yoast_head":"<!-- This site is optimized with the Yoast SEO Premium plugin v20.12 (Yoast SEO v27.1.1) - https:\/\/yoast.com\/product\/yoast-seo-premium-wordpress\/ -->\n<title>Scott Contessa Speedster Gravel 35 2022<\/title>\n<meta name=\"description\" content=\"Entdecken Sie unseren Online-Fahrradladen: Gro\u00dfe Auswahl an Modellen f\u00fcr alle Radsportbegeisterten. Von Rennr\u00e4dern bis zu Mountainbikes - finden Sie heute Ihren perfekten Wegbegleiter!\" \/>\n<meta name=\"robots\" content=\"index, follow, max-snippet:-1, max-image-preview:large, max-video-preview:-1\" \/>\n<link rel=\"canonical\" href=\"https:\/\/kgerad.de\/en\/product\/scott-contessa-speedster-gravel-35-2022\/\" \/>\n<meta property=\"og:locale\" content=\"en_US\" \/>\n<meta property=\"og:type\" content=\"article\" \/>\n<meta property=\"og:title\" content=\"Scott Contessa Speedster Gravel 35 2022\" \/>\n<meta property=\"og:description\" content=\"Entdecken Sie unseren Online-Fahrradladen: Gro\u00dfe Auswahl an Modellen f\u00fcr alle Radsportbegeisterten. Von Rennr\u00e4dern bis zu Mountainbikes - finden Sie heute Ihren perfekten Wegbegleiter!\" \/>\n<meta property=\"og:url\" content=\"https:\/\/kgerad.de\/en\/product\/scott-contessa-speedster-gravel-35-2022\/\" \/>\n<meta property=\"og:site_name\" content=\"kgerad.de\" \/>\n<meta property=\"article:modified_time\" content=\"2023-08-11T07:18:56+00:00\" \/>\n<meta property=\"og:image\" content=\"https:\/\/kgerad.de\/wp-content\/uploads\/2023\/06\/Scott-Contessa-Speedster-Gravel-35-2022.webp\" \/>\n\t<meta property=\"og:image:width\" content=\"754\" \/>\n\t<meta property=\"og:image:height\" content=\"520\" \/>\n\t<meta property=\"og:image:type\" content=\"image\/webp\" \/>\n<meta name=\"twitter:card\" content=\"summary_large_image\" \/>\n<meta name=\"twitter:label1\" content=\"Est. reading time\" \/>\n\t<meta name=\"twitter:data1\" content=\"2 minutes\" \/>\n<script type=\"application\/ld+json\" class=\"yoast-schema-graph\">{\"@context\":\"https:\/\/schema.org\",\"@graph\":[{\"@type\":\"WebPage\",\"@id\":\"https:\/\/kgerad.de\/produkt\/scott-contessa-speedster-gravel-35-2022\/\",\"url\":\"https:\/\/kgerad.de\/produkt\/scott-contessa-speedster-gravel-35-2022\/\",\"name\":\"Scott Contessa Speedster Gravel 35 2022\",\"isPartOf\":{\"@id\":\"https:\/\/kgerad.de\/#website\"},\"primaryImageOfPage\":{\"@id\":\"https:\/\/kgerad.de\/produkt\/scott-contessa-speedster-gravel-35-2022\/#primaryimage\"},\"image\":{\"@id\":\"https:\/\/kgerad.de\/produkt\/scott-contessa-speedster-gravel-35-2022\/#primaryimage\"},\"thumbnailUrl\":\"https:\/\/kgerad.de\/wp-content\/uploads\/2023\/06\/Scott-Contessa-Speedster-Gravel-35-2022.webp\",\"datePublished\":\"2022-11-23T11:39:37+00:00\",\"dateModified\":\"2023-08-11T07:18:56+00:00\",\"description\":\"Entdecken Sie unseren Online-Fahrradladen: Gro\u00dfe Auswahl an Modellen f\u00fcr alle Radsportbegeisterten. Von Rennr\u00e4dern bis zu Mountainbikes - finden Sie heute Ihren perfekten Wegbegleiter!\",\"breadcrumb\":{\"@id\":\"https:\/\/kgerad.de\/produkt\/scott-contessa-speedster-gravel-35-2022\/#breadcrumb\"},\"inLanguage\":\"en-US\",\"potentialAction\":[{\"@type\":\"ReadAction\",\"target\":[\"https:\/\/kgerad.de\/produkt\/scott-contessa-speedster-gravel-35-2022\/\"]}]},{\"@type\":\"ImageObject\",\"inLanguage\":\"en-US\",\"@id\":\"https:\/\/kgerad.de\/produkt\/scott-contessa-speedster-gravel-35-2022\/#primaryimage\",\"url\":\"https:\/\/kgerad.de\/wp-content\/uploads\/2023\/06\/Scott-Contessa-Speedster-Gravel-35-2022.webp\",\"contentUrl\":\"https:\/\/kgerad.de\/wp-content\/uploads\/2023\/06\/Scott-Contessa-Speedster-Gravel-35-2022.webp\",\"width\":754,\"height\":520,\"caption\":\"Scott Contessa Speedster Gravel 35 2022\"},{\"@type\":\"BreadcrumbList\",\"@id\":\"https:\/\/kgerad.de\/produkt\/scott-contessa-speedster-gravel-35-2022\/#breadcrumb\",\"itemListElement\":[{\"@type\":\"ListItem\",\"position\":1,\"name\":\"Startseite\",\"item\":\"https:\/\/kgerad.de\/\"},{\"@type\":\"ListItem\",\"position\":2,\"name\":\"LADEN\",\"item\":\"https:\/\/kgerad.de\/laden\/\"},{\"@type\":\"ListItem\",\"position\":3,\"name\":\"Scott Contessa Speedster Gravel 35 2022\"}]},{\"@type\":\"WebSite\",\"@id\":\"https:\/\/kgerad.de\/#website\",\"url\":\"https:\/\/kgerad.de\/\",\"name\":\"kgerad.de\",\"description\":\"Treten Sie mit uns ins Abenteuer!\",\"publisher\":{\"@id\":\"https:\/\/kgerad.de\/#organization\"},\"alternateName\":\"MEIN RADLADEN\",\"potentialAction\":[{\"@type\":\"SearchAction\",\"target\":{\"@type\":\"EntryPoint\",\"urlTemplate\":\"https:\/\/kgerad.de\/?s={search_term_string}\"},\"query-input\":{\"@type\":\"PropertyValueSpecification\",\"valueRequired\":true,\"valueName\":\"search_term_string\"}}],\"inLanguage\":\"en-US\"},{\"@type\":\"Organization\",\"@id\":\"https:\/\/kgerad.de\/#organization\",\"name\":\"MEINRADLADEN\",\"alternateName\":\"MEIN RADLADEN\",\"url\":\"https:\/\/kgerad.de\/\",\"logo\":{\"@type\":\"ImageObject\",\"inLanguage\":\"en-US\",\"@id\":\"https:\/\/kgerad.de\/#\/schema\/logo\/image\/\",\"url\":\"https:\/\/kgerad.de\/wp-content\/uploads\/2025\/07\/logo-Whit.svg\",\"contentUrl\":\"https:\/\/kgerad.de\/wp-content\/uploads\/2025\/07\/logo-Whit.svg\",\"width\":1640,\"height\":371,\"caption\":\"MEINRADLADEN\"},\"image\":{\"@id\":\"https:\/\/kgerad.de\/#\/schema\/logo\/image\/\"}}]}<\/script>\n<!-- \/ Yoast SEO Premium plugin. -->","yoast_head_json":{"title":"Scott Contessa Speedster Gravel 35 2022","description":"Entdecken Sie unseren Online-Fahrradladen: Gro\u00dfe Auswahl an Modellen f\u00fcr alle Radsportbegeisterten. Von Rennr\u00e4dern bis zu Mountainbikes - finden Sie heute Ihren perfekten Wegbegleiter!","robots":{"index":"index","follow":"follow","max-snippet":"max-snippet:-1","max-image-preview":"max-image-preview:large","max-video-preview":"max-video-preview:-1"},"canonical":"https:\/\/kgerad.de\/en\/product\/scott-contessa-speedster-gravel-35-2022\/","og_locale":"en_US","og_type":"article","og_title":"Scott Contessa Speedster Gravel 35 2022","og_description":"Entdecken Sie unseren Online-Fahrradladen: Gro\u00dfe Auswahl an Modellen f\u00fcr alle Radsportbegeisterten. Von Rennr\u00e4dern bis zu Mountainbikes - finden Sie heute Ihren perfekten Wegbegleiter!","og_url":"https:\/\/kgerad.de\/en\/product\/scott-contessa-speedster-gravel-35-2022\/","og_site_name":"kgerad.de","article_modified_time":"2023-08-11T07:18:56+00:00","og_image":[{"width":754,"height":520,"url":"https:\/\/kgerad.de\/wp-content\/uploads\/2023\/06\/Scott-Contessa-Speedster-Gravel-35-2022.webp","type":"image\/webp"}],"twitter_card":"summary_large_image","twitter_misc":{"Est. reading time":"2 minutes"},"schema":{"@context":"https:\/\/schema.org","@graph":[{"@type":"WebPage","@id":"https:\/\/kgerad.de\/produkt\/scott-contessa-speedster-gravel-35-2022\/","url":"https:\/\/kgerad.de\/produkt\/scott-contessa-speedster-gravel-35-2022\/","name":"Scott Contessa Speedster Gravel 35 2022","isPartOf":{"@id":"https:\/\/kgerad.de\/#website"},"primaryImageOfPage":{"@id":"https:\/\/kgerad.de\/produkt\/scott-contessa-speedster-gravel-35-2022\/#primaryimage"},"image":{"@id":"https:\/\/kgerad.de\/produkt\/scott-contessa-speedster-gravel-35-2022\/#primaryimage"},"thumbnailUrl":"https:\/\/kgerad.de\/wp-content\/uploads\/2023\/06\/Scott-Contessa-Speedster-Gravel-35-2022.webp","datePublished":"2022-11-23T11:39:37+00:00","dateModified":"2023-08-11T07:18:56+00:00","description":"Entdecken Sie unseren Online-Fahrradladen: Gro\u00dfe Auswahl an Modellen f\u00fcr alle Radsportbegeisterten. Von Rennr\u00e4dern bis zu Mountainbikes - finden Sie heute Ihren perfekten Wegbegleiter!","breadcrumb":{"@id":"https:\/\/kgerad.de\/produkt\/scott-contessa-speedster-gravel-35-2022\/#breadcrumb"},"inLanguage":"en-US","potentialAction":[{"@type":"ReadAction","target":["https:\/\/kgerad.de\/produkt\/scott-contessa-speedster-gravel-35-2022\/"]}]},{"@type":"ImageObject","inLanguage":"en-US","@id":"https:\/\/kgerad.de\/produkt\/scott-contessa-speedster-gravel-35-2022\/#primaryimage","url":"https:\/\/kgerad.de\/wp-content\/uploads\/2023\/06\/Scott-Contessa-Speedster-Gravel-35-2022.webp","contentUrl":"https:\/\/kgerad.de\/wp-content\/uploads\/2023\/06\/Scott-Contessa-Speedster-Gravel-35-2022.webp","width":754,"height":520,"caption":"Scott Contessa Speedster Gravel 35 2022"},{"@type":"BreadcrumbList","@id":"https:\/\/kgerad.de\/produkt\/scott-contessa-speedster-gravel-35-2022\/#breadcrumb","itemListElement":[{"@type":"ListItem","position":1,"name":"Startseite","item":"https:\/\/kgerad.de\/"},{"@type":"ListItem","position":2,"name":"LADEN","item":"https:\/\/kgerad.de\/laden\/"},{"@type":"ListItem","position":3,"name":"Scott Contessa Speedster Gravel 35 2022"}]},{"@type":"WebSite","@id":"https:\/\/kgerad.de\/#website","url":"https:\/\/kgerad.de\/","name":"kgerad.de","description":"Treten Sie mit uns ins Abenteuer!","publisher":{"@id":"https:\/\/kgerad.de\/#organization"},"alternateName":"MEIN RADLADEN","potentialAction":[{"@type":"SearchAction","target":{"@type":"EntryPoint","urlTemplate":"https:\/\/kgerad.de\/?s={search_term_string}"},"query-input":{"@type":"PropertyValueSpecification","valueRequired":true,"valueName":"search_term_string"}}],"inLanguage":"en-US"},{"@type":"Organization","@id":"https:\/\/kgerad.de\/#organization","name":"MEINRADLADEN","alternateName":"MEIN RADLADEN","url":"https:\/\/kgerad.de\/","logo":{"@type":"ImageObject","inLanguage":"en-US","@id":"https:\/\/kgerad.de\/#\/schema\/logo\/image\/","url":"https:\/\/kgerad.de\/wp-content\/uploads\/2025\/07\/logo-Whit.svg","contentUrl":"https:\/\/kgerad.de\/wp-content\/uploads\/2025\/07\/logo-Whit.svg","width":1640,"height":371,"caption":"MEINRADLADEN"},"image":{"@id":"https:\/\/kgerad.de\/#\/schema\/logo\/image\/"}}]}},"_links":{"self":[{"href":"https:\/\/kgerad.de\/en\/wp-json\/wp\/v2\/product\/43206","targetHints":{"allow":["GET"]}}],"collection":[{"href":"https:\/\/kgerad.de\/en\/wp-json\/wp\/v2\/product"}],"about":[{"href":"https:\/\/kgerad.de\/en\/wp-json\/wp\/v2\/types\/product"}],"replies":[{"embeddable":true,"href":"https:\/\/kgerad.de\/en\/wp-json\/wp\/v2\/comments?post=43206"}],"version-history":[{"count":1,"href":"https:\/\/kgerad.de\/en\/wp-json\/wp\/v2\/product\/43206\/revisions"}],"predecessor-version":[{"id":79216,"href":"https:\/\/kgerad.de\/en\/wp-json\/wp\/v2\/product\/43206\/revisions\/79216"}],"wp:featuredmedia":[{"embeddable":true,"href":"https:\/\/kgerad.de\/en\/wp-json\/wp\/v2\/media\/62770"}],"wp:attachment":[{"href":"https:\/\/kgerad.de\/en\/wp-json\/wp\/v2\/media?parent=43206"}],"wp:term":[{"taxonomy":"product_brand","embeddable":true,"href":"https:\/\/kgerad.de\/en\/wp-json\/wp\/v2\/product_brand?post=43206"},{"taxonomy":"product_cat","embeddable":true,"href":"https:\/\/kgerad.de\/en\/wp-json\/wp\/v2\/product_cat?post=43206"},{"taxonomy":"product_tag","embeddable":true,"href":"https:\/\/kgerad.de\/en\/wp-json\/wp\/v2\/product_tag?post=43206"}],"curies":[{"name":"wp","href":"https:\/\/api.w.org\/{rel}","templated":true}]}}