{"id":43172,"date":"2022-11-23T12:09:44","date_gmt":"2022-11-23T11:09:44","guid":{"rendered":"https:\/\/kgerad.de\/?post_type=product&#038;p=43172"},"modified":"2025-04-20T22:23:14","modified_gmt":"2025-04-20T20:23:14","slug":"mondraker-grommy-12","status":"publish","type":"product","link":"https:\/\/kgerad.de\/en\/product\/mondraker-grommy-12\/","title":{"rendered":"Mondraker GROMMY 12"},"content":{"rendered":"<h2 class=\"product--title\"><strong>Mondraker<\/strong>\u00a0GROMMY 12<\/h2>\n<p>&#8222;Du fragst: ein E-Bike f\u00fcr Dreij\u00e4hrige? Mondraker antwortet: Warum nicht! Das Mondraker GROMMY 12 ist ein E-Bike f\u00fcr die kleinsten Draufg\u00e4nger, damit sie Selbstvertrauen gewinnen und lernen k\u00f6nnen, auf ihm zu balancieren. Das GROMMY 12 ist mit seinem 6061 Aluminiumrahmen, 7,5 kg Gewicht und einer Sattelh\u00f6he zwischen 37cm und 47cm ideal f\u00fcr Kinder von 3 bis 5 Jahren und bietet bis zu einer Stunde Reichweite mit voll kontrollierbarer Kraftentfaltung. Das ist das erste und einzige E-Balance-Bike mit echter Mountainbike DNA. Jetzt w\u00e4rst du gerne wieder klein, damit du auch so eins haben k\u00f6nntest, nicht wahr?&#8220;<\/p>\n<hr \/>\n<h3>Features &#8211; Mondraker GROMMY 12<\/h3>\n<p>Mondraker hat die Kinderfahrr\u00e4der schon immer als einen wichtigen Teil ihrer Produktpalette gesehen, welchen sie in der Entwicklung und Produktion die gleiche Aufmerksamkeit widmen wie den Grownups. Das GROMMY Bike kommen mit einem super leichten Stealth Aluminiumrahmen und exklusiven Mondraker Motor, der die Kids in drei Unterst\u00fctzungsstufen vorw\u00e4rts schiebt! Scheibenbremsen f\u00fcr rasante Bremsvorg\u00e4nge und innen verlegte Z\u00fcge geh\u00f6ren genauso zum Standard, wie Schutzbleche f\u00fcr die Sicherheit der Kleinsten.<\/p>\n<p>Innenverlegte Z\u00fcge geh\u00f6ren beim GROMMY 12 nat\u00fcrlich zum Standard, genauso wie die Mondraker-typischen Technologien wie \u201eStealth Alloy\u201c und die ber\u00fchmte Mondraker \u201eForward Geometrie\u201c. Diese sorgt f\u00fcr einen l\u00e4ngeren Reach, der durch das verl\u00e4ngerte Oberrohr entsteht, und erm\u00f6glicht so einen l\u00e4ngeren Radstand, was zu mehr Kontrolle und Souver\u00e4nit\u00e4t f\u00fchrt. Der Fahrer r\u00fcckt weiter vom Vorderrad weg, weshalb der Vorbau sehr kurz ausf\u00e4llt.<\/p>\n<p>Geometrie und Ausstattung des GROMMY 12 wurde an die Bed\u00fcrfnisse der Nachwuchs-Fahrer angepasst und bringt viel Spa\u00df im Gel\u00e4nde. Hydraulische Tektro kids Scheibenbremsen mit 140 mm Durchmesser vorne wie hinten sorgen f\u00fcr perfekte Verz\u00f6gerung. Die breiten Vee Crown Gem Reifen bieten optimalen Grip auf Stra\u00dfe und Trail. Aufsteigen, losfahren, Spa\u00df haben \u2013 denn der ist mit diesem Kinder-E-Mountainbike garaniert!<\/p>\n<hr \/>\n<h3>Technologien<\/h3>\n<p><strong>FORWARD GEOMETRY<\/strong><br \/>\nMondrakers propriet\u00e4re Forward Geometry ist bis heute technologisch einzigartig und f\u00fchrend. Sie hat bewiesen, dass sie die Geometriereferenz f\u00fcr heutige High-End-Performance Mountainbikes ist.<\/p>\n<p>Die entscheidenden Vorteile der Forward Geometry sind eine erh\u00f6hte Sicherheit und ein gr\u00f6\u00dferes Zutrauen beim Fahren von steilen Abfahrten \u2013 auch bei hohen Geschwindigkeiten; ein reaktiveres, pr\u00e4ziseres und direkteres Handling; h\u00f6here Uphill-Pr\u00e4zision und mehr Stabilit\u00e4t auf technischen und rauen Terrains dank besserem Grip und insgesamt verbesserter Kontrolle.<\/p>\n<p><strong>STEALTH ALLOY<\/strong><br \/>\nStealth Alloy umfasst alle Prozesse der Rahmenentwicklung, von der Konstruktion bis zur spezifischen Fertigung jedes einzelnen Rohres mit der Berechnung der pr\u00e4zisesten Details. Jedes Rohr und Bauteil wird sorgf\u00e4ltig konstruiert, damit es eine spezifische Funktion erf\u00fcllt, und dabei wird das geringstm\u00f6gliche Gewicht angestrebt. Die Stealth-Technologie wird Jahr f\u00fcr Jahr durch optimierte Formen und interne Neuerungen weiterentwickelt, um das beste Fahrerlebnis mit den Mondraker-Aluminiumrahmen zu bieten.<\/p>\n<h2>Ausstattung<\/h2>\n<div class=\"product--properties panel has--border\">\n<table class=\"product--properties-table\">\n<tbody>\n<tr class=\"product--properties-row row1\">\n<td class=\"product--properties-label is--bold\">Rahmen:<\/td>\n<td class=\"product--properties-value\">Grommy 12 6061 Alloy Stealth Evo, HHG internal cable routing, Resin footrest, Resin motor cover, Resin chain protector, Post mount disc brake mount.<\/td>\n<\/tr>\n<tr class=\"product--properties-row row2\">\n<td class=\"product--properties-label is--bold\">Rahmenmaterial:<\/td>\n<td class=\"product--properties-value\">Aluminium<\/td>\n<\/tr>\n<tr class=\"product--properties-row row3\">\n<td class=\"product--properties-label is--bold\">Laufradgr\u00f6\u00dfe:<\/td>\n<td class=\"product--properties-value\">12&#8243;<\/td>\n<\/tr>\n<tr class=\"product--properties-row row4\">\n<td class=\"product--properties-label is--bold\">Farbe:<\/td>\n<td class=\"product--properties-value\">black<\/td>\n<\/tr>\n<tr class=\"product--properties-row row5\">\n<td class=\"product--properties-label is--bold\">Gabel:<\/td>\n<td class=\"product--properties-value\">MDK 12 Kid, Rigid alloy Stealth stanchions<\/td>\n<\/tr>\n<tr class=\"product--properties-row row6\">\n<td class=\"product--properties-label is--bold\">Bremsen:<\/td>\n<td class=\"product--properties-value\">Tektro MD-510 Mechanical hydraulic, flat mount caliper, 140mm IS 6 bolts rotor<\/td>\n<\/tr>\n<tr class=\"product--properties-row row7\">\n<td class=\"product--properties-label is--bold\">Bremsscheiben:<\/td>\n<td class=\"product--properties-value\">140mm \/ 140mm<\/td>\n<\/tr>\n<tr class=\"product--properties-row row8\">\n<td class=\"product--properties-label is--bold\">Bremshebel:<\/td>\n<td class=\"product--properties-value\">Tektro JL-350RS kids specific alloy 4 fingers<\/td>\n<\/tr>\n<tr class=\"product--properties-row row9\">\n<td class=\"product--properties-label is--bold\">Steuersatz:<\/td>\n<td class=\"product--properties-value\">FPD CHEX-1089, Internal ZS, 44\/50 upper and lower cup<\/td>\n<\/tr>\n<tr class=\"product--properties-row row10\">\n<td class=\"product--properties-label is--bold\">Vorbau:<\/td>\n<td class=\"product--properties-value\">MDK, 6061 melt forged alloy, 25.4mm barbore, rise: 0\u00ba, length: 30mm<\/td>\n<\/tr>\n<tr class=\"product--properties-row row11\">\n<td class=\"product--properties-label is--bold\">Lenker:<\/td>\n<td class=\"product--properties-value\">MDK 1.0, 6061 alloy, rise: 25mm, width: 500mm, 9\u00ba backsweep, 5\u00ba upsweep, 25.4mm barbore<\/td>\n<\/tr>\n<tr class=\"product--properties-row row12\">\n<td class=\"product--properties-label is--bold\">Griffe:<\/td>\n<td class=\"product--properties-value\">Kids<\/td>\n<\/tr>\n<tr class=\"product--properties-row row13\">\n<td class=\"product--properties-label is--bold\">Sattel:<\/td>\n<td class=\"product--properties-value\">MDK Kids series<\/td>\n<\/tr>\n<tr class=\"product--properties-row row14\">\n<td class=\"product--properties-label is--bold\">Sattelst\u00fctze:<\/td>\n<td class=\"product--properties-value\">One piece Push<\/td>\n<\/tr>\n<tr class=\"product--properties-row row15\">\n<td class=\"product--properties-label is--bold\">Kurbel:<\/td>\n<td class=\"product--properties-value\">10T, steel<\/td>\n<\/tr>\n<\/tbody>\n<\/table>\n<table class=\"product--properties-table\">\n<tbody>\n<tr class=\"product--properties-row row16\">\n<td class=\"product--properties-label is--bold\">Kassette:<\/td>\n<td class=\"product--properties-value\">DNP freewheel 16T<\/td>\n<\/tr>\n<tr class=\"product--properties-row row17\">\n<td class=\"product--properties-label is--bold\">Kette:<\/td>\n<td class=\"product--properties-value\">KMC Z33 Half Link, 1 speed<\/td>\n<\/tr>\n<tr class=\"product--properties-row row18\">\n<td class=\"product--properties-label is--bold\">Reifen:<\/td>\n<td class=\"product--properties-value\">Vee Tire Crown Gem 12&#215;2.25 27TPI Wired Bead<\/td>\n<\/tr>\n<tr class=\"product--properties-row row19\">\n<td class=\"product--properties-label is--bold\">Nabe Vorderrad:<\/td>\n<td class=\"product--properties-value\">KT K88F 9x100mm cup&amp;cone ball bearings<\/td>\n<\/tr>\n<tr class=\"product--properties-row row20\">\n<td class=\"product--properties-label is--bold\">Nabe Hinterrad:<\/td>\n<td class=\"product--properties-value\">KT TV-3R 9x110mm cup&amp;cone ball bearings<\/td>\n<\/tr>\n<tr class=\"product--properties-row row21\">\n<td class=\"product--properties-label is--bold\">Speichen:<\/td>\n<td class=\"product--properties-value\">CN round stainless steel<\/td>\n<\/tr>\n<tr class=\"product--properties-row row22\">\n<td class=\"product--properties-label is--bold\">Felgen:<\/td>\n<td class=\"product--properties-value\">MDK-Push 12, alloy 21mm internal width, 28 spokes<\/td>\n<\/tr>\n<tr class=\"product--properties-row row23\">\n<td class=\"product--properties-label is--bold\">Display:<\/td>\n<td class=\"product--properties-value\">MDK LED Throttle 3speed position, battery range.<\/td>\n<\/tr>\n<tr class=\"product--properties-row row24\">\n<td class=\"product--properties-label is--bold\">Akku:<\/td>\n<td class=\"product--properties-value\">MDK 4Ah 80Wh<\/td>\n<\/tr>\n<tr class=\"product--properties-row row25\">\n<td class=\"product--properties-label is--bold\">Motor:<\/td>\n<td class=\"product--properties-value\">MDK brushless 250w Output<\/td>\n<\/tr>\n<tr class=\"product--properties-row row26\">\n<td class=\"product--properties-label is--bold\">Pedale:<\/td>\n<td class=\"product--properties-value\">nicht im Lieferumfang enthalten<\/td>\n<\/tr>\n<tr class=\"product--properties-row row27\">\n<td class=\"product--properties-label is--bold\">Gewicht Komplettrad:<\/td>\n<td class=\"product--properties-value\">7.5 kg<\/td>\n<\/tr>\n<\/tbody>\n<\/table>\n<\/div>","protected":false},"excerpt":{"rendered":"<p>Mondraker\u00a0GROMMY 12 &#8222;Du fragst: ein E-Bike f\u00fcr Dreij\u00e4hrige? Mondraker antwortet: Warum nicht! Das Mondraker GROMMY 12 ist ein E-Bike f\u00fcr<\/p>","protected":false},"featured_media":62760,"comment_status":"open","ping_status":"closed","template":"","meta":[],"product_brand":[],"product_cat":[33,34,414,270],"product_tag":[],"class_list":{"0":"post-43172","1":"product","2":"type-product","3":"status-publish","4":"has-post-thumbnail","6":"product_cat-e-bike","7":"product_cat-e-bike-city-urban","8":"product_cat-e-bike-kids","9":"product_cat-e-bikes-2023","10":"pa_marke-mondraker","12":"first","13":"instock","14":"taxable","15":"shipping-taxable","16":"purchasable","17":"product-type-variable"},"yoast_head":"<!-- This site is optimized with the Yoast SEO Premium plugin v20.12 (Yoast SEO v27.1.1) - https:\/\/yoast.com\/product\/yoast-seo-premium-wordpress\/ -->\n<title>Mondraker GROMMY 12<\/title>\n<meta name=\"description\" content=\"kgerad.de bietet Ihnen das Mondraker GROMMY 12 zum besten Preis mit kostenlosem Versand in ganz EuropaMondraker GROMMY 12Mondraker GROMMY 12\" \/>\n<meta name=\"robots\" content=\"index, follow, max-snippet:-1, max-image-preview:large, max-video-preview:-1\" \/>\n<link rel=\"canonical\" href=\"https:\/\/kgerad.de\/en\/product\/mondraker-grommy-12\/\" \/>\n<meta property=\"og:locale\" content=\"en_US\" \/>\n<meta property=\"og:type\" content=\"article\" \/>\n<meta property=\"og:title\" content=\"Mondraker GROMMY 12\" \/>\n<meta property=\"og:description\" content=\"Entdecken Sie unseren Online-Fahrradladen: Gro\u00dfe Auswahl an Modellen f\u00fcr alle Radsportbegeisterten. Von Rennr\u00e4dern bis zu Mountainbikes - finden Sie heute Ihren perfekten Wegbegleiter!\" \/>\n<meta property=\"og:url\" content=\"https:\/\/kgerad.de\/en\/product\/mondraker-grommy-12\/\" \/>\n<meta property=\"og:site_name\" content=\"kgerad.de\" \/>\n<meta property=\"article:modified_time\" content=\"2025-04-20T20:23:14+00:00\" \/>\n<meta property=\"og:image\" content=\"https:\/\/kgerad.de\/wp-content\/uploads\/2023\/06\/Mondraker-010-22000-20122741-GROMMY-12_800x800.jpg\" \/>\n\t<meta property=\"og:image:width\" content=\"800\" \/>\n\t<meta property=\"og:image:height\" content=\"447\" \/>\n\t<meta property=\"og:image:type\" content=\"image\/jpeg\" \/>\n<meta name=\"twitter:card\" content=\"summary_large_image\" \/>\n<meta name=\"twitter:label1\" content=\"Est. reading time\" \/>\n\t<meta name=\"twitter:data1\" content=\"4 minutes\" \/>\n<script type=\"application\/ld+json\" class=\"yoast-schema-graph\">{\"@context\":\"https:\/\/schema.org\",\"@graph\":[{\"@type\":\"WebPage\",\"@id\":\"https:\/\/kgerad.de\/produkt\/mondraker-grommy-12\/\",\"url\":\"https:\/\/kgerad.de\/produkt\/mondraker-grommy-12\/\",\"name\":\"Mondraker GROMMY 12\",\"isPartOf\":{\"@id\":\"https:\/\/kgerad.de\/#website\"},\"primaryImageOfPage\":{\"@id\":\"https:\/\/kgerad.de\/produkt\/mondraker-grommy-12\/#primaryimage\"},\"image\":{\"@id\":\"https:\/\/kgerad.de\/produkt\/mondraker-grommy-12\/#primaryimage\"},\"thumbnailUrl\":\"https:\/\/kgerad.de\/wp-content\/uploads\/2023\/06\/Mondraker-010-22000-20122741-GROMMY-12_800x800.jpg\",\"datePublished\":\"2022-11-23T11:09:44+00:00\",\"dateModified\":\"2025-04-20T20:23:14+00:00\",\"description\":\"kgerad.de bietet Ihnen das Mondraker GROMMY 12 zum besten Preis mit kostenlosem Versand in ganz EuropaMondraker GROMMY 12Mondraker GROMMY 12\",\"breadcrumb\":{\"@id\":\"https:\/\/kgerad.de\/produkt\/mondraker-grommy-12\/#breadcrumb\"},\"inLanguage\":\"en-US\",\"potentialAction\":[{\"@type\":\"ReadAction\",\"target\":[\"https:\/\/kgerad.de\/produkt\/mondraker-grommy-12\/\"]}]},{\"@type\":\"ImageObject\",\"inLanguage\":\"en-US\",\"@id\":\"https:\/\/kgerad.de\/produkt\/mondraker-grommy-12\/#primaryimage\",\"url\":\"https:\/\/kgerad.de\/wp-content\/uploads\/2023\/06\/Mondraker-010-22000-20122741-GROMMY-12_800x800.jpg\",\"contentUrl\":\"https:\/\/kgerad.de\/wp-content\/uploads\/2023\/06\/Mondraker-010-22000-20122741-GROMMY-12_800x800.jpg\",\"width\":800,\"height\":447,\"caption\":\"Mondraker GROMMY 12\"},{\"@type\":\"BreadcrumbList\",\"@id\":\"https:\/\/kgerad.de\/produkt\/mondraker-grommy-12\/#breadcrumb\",\"itemListElement\":[{\"@type\":\"ListItem\",\"position\":1,\"name\":\"Startseite\",\"item\":\"https:\/\/kgerad.de\/\"},{\"@type\":\"ListItem\",\"position\":2,\"name\":\"LADEN\",\"item\":\"https:\/\/kgerad.de\/laden\/\"},{\"@type\":\"ListItem\",\"position\":3,\"name\":\"Mondraker GROMMY 12\"}]},{\"@type\":\"WebSite\",\"@id\":\"https:\/\/kgerad.de\/#website\",\"url\":\"https:\/\/kgerad.de\/\",\"name\":\"kgerad.de\",\"description\":\"Treten Sie mit uns ins Abenteuer!\",\"publisher\":{\"@id\":\"https:\/\/kgerad.de\/#organization\"},\"alternateName\":\"MEIN RADLADEN\",\"potentialAction\":[{\"@type\":\"SearchAction\",\"target\":{\"@type\":\"EntryPoint\",\"urlTemplate\":\"https:\/\/kgerad.de\/?s={search_term_string}\"},\"query-input\":{\"@type\":\"PropertyValueSpecification\",\"valueRequired\":true,\"valueName\":\"search_term_string\"}}],\"inLanguage\":\"en-US\"},{\"@type\":\"Organization\",\"@id\":\"https:\/\/kgerad.de\/#organization\",\"name\":\"MEINRADLADEN\",\"alternateName\":\"MEIN RADLADEN\",\"url\":\"https:\/\/kgerad.de\/\",\"logo\":{\"@type\":\"ImageObject\",\"inLanguage\":\"en-US\",\"@id\":\"https:\/\/kgerad.de\/#\/schema\/logo\/image\/\",\"url\":\"https:\/\/kgerad.de\/wp-content\/uploads\/2025\/07\/logo-Whit.svg\",\"contentUrl\":\"https:\/\/kgerad.de\/wp-content\/uploads\/2025\/07\/logo-Whit.svg\",\"width\":1640,\"height\":371,\"caption\":\"MEINRADLADEN\"},\"image\":{\"@id\":\"https:\/\/kgerad.de\/#\/schema\/logo\/image\/\"}}]}<\/script>\n<!-- \/ Yoast SEO Premium plugin. -->","yoast_head_json":{"title":"Mondraker GROMMY 12","description":"kgerad.de bietet Ihnen das Mondraker GROMMY 12 zum besten Preis mit kostenlosem Versand in ganz EuropaMondraker GROMMY 12Mondraker GROMMY 12","robots":{"index":"index","follow":"follow","max-snippet":"max-snippet:-1","max-image-preview":"max-image-preview:large","max-video-preview":"max-video-preview:-1"},"canonical":"https:\/\/kgerad.de\/en\/product\/mondraker-grommy-12\/","og_locale":"en_US","og_type":"article","og_title":"Mondraker GROMMY 12","og_description":"Entdecken Sie unseren Online-Fahrradladen: Gro\u00dfe Auswahl an Modellen f\u00fcr alle Radsportbegeisterten. Von Rennr\u00e4dern bis zu Mountainbikes - finden Sie heute Ihren perfekten Wegbegleiter!","og_url":"https:\/\/kgerad.de\/en\/product\/mondraker-grommy-12\/","og_site_name":"kgerad.de","article_modified_time":"2025-04-20T20:23:14+00:00","og_image":[{"width":800,"height":447,"url":"https:\/\/kgerad.de\/wp-content\/uploads\/2023\/06\/Mondraker-010-22000-20122741-GROMMY-12_800x800.jpg","type":"image\/jpeg"}],"twitter_card":"summary_large_image","twitter_misc":{"Est. reading time":"4 minutes"},"schema":{"@context":"https:\/\/schema.org","@graph":[{"@type":"WebPage","@id":"https:\/\/kgerad.de\/produkt\/mondraker-grommy-12\/","url":"https:\/\/kgerad.de\/produkt\/mondraker-grommy-12\/","name":"Mondraker GROMMY 12","isPartOf":{"@id":"https:\/\/kgerad.de\/#website"},"primaryImageOfPage":{"@id":"https:\/\/kgerad.de\/produkt\/mondraker-grommy-12\/#primaryimage"},"image":{"@id":"https:\/\/kgerad.de\/produkt\/mondraker-grommy-12\/#primaryimage"},"thumbnailUrl":"https:\/\/kgerad.de\/wp-content\/uploads\/2023\/06\/Mondraker-010-22000-20122741-GROMMY-12_800x800.jpg","datePublished":"2022-11-23T11:09:44+00:00","dateModified":"2025-04-20T20:23:14+00:00","description":"kgerad.de bietet Ihnen das Mondraker GROMMY 12 zum besten Preis mit kostenlosem Versand in ganz EuropaMondraker GROMMY 12Mondraker GROMMY 12","breadcrumb":{"@id":"https:\/\/kgerad.de\/produkt\/mondraker-grommy-12\/#breadcrumb"},"inLanguage":"en-US","potentialAction":[{"@type":"ReadAction","target":["https:\/\/kgerad.de\/produkt\/mondraker-grommy-12\/"]}]},{"@type":"ImageObject","inLanguage":"en-US","@id":"https:\/\/kgerad.de\/produkt\/mondraker-grommy-12\/#primaryimage","url":"https:\/\/kgerad.de\/wp-content\/uploads\/2023\/06\/Mondraker-010-22000-20122741-GROMMY-12_800x800.jpg","contentUrl":"https:\/\/kgerad.de\/wp-content\/uploads\/2023\/06\/Mondraker-010-22000-20122741-GROMMY-12_800x800.jpg","width":800,"height":447,"caption":"Mondraker GROMMY 12"},{"@type":"BreadcrumbList","@id":"https:\/\/kgerad.de\/produkt\/mondraker-grommy-12\/#breadcrumb","itemListElement":[{"@type":"ListItem","position":1,"name":"Startseite","item":"https:\/\/kgerad.de\/"},{"@type":"ListItem","position":2,"name":"LADEN","item":"https:\/\/kgerad.de\/laden\/"},{"@type":"ListItem","position":3,"name":"Mondraker GROMMY 12"}]},{"@type":"WebSite","@id":"https:\/\/kgerad.de\/#website","url":"https:\/\/kgerad.de\/","name":"kgerad.de","description":"Treten Sie mit uns ins Abenteuer!","publisher":{"@id":"https:\/\/kgerad.de\/#organization"},"alternateName":"MEIN RADLADEN","potentialAction":[{"@type":"SearchAction","target":{"@type":"EntryPoint","urlTemplate":"https:\/\/kgerad.de\/?s={search_term_string}"},"query-input":{"@type":"PropertyValueSpecification","valueRequired":true,"valueName":"search_term_string"}}],"inLanguage":"en-US"},{"@type":"Organization","@id":"https:\/\/kgerad.de\/#organization","name":"MEINRADLADEN","alternateName":"MEIN RADLADEN","url":"https:\/\/kgerad.de\/","logo":{"@type":"ImageObject","inLanguage":"en-US","@id":"https:\/\/kgerad.de\/#\/schema\/logo\/image\/","url":"https:\/\/kgerad.de\/wp-content\/uploads\/2025\/07\/logo-Whit.svg","contentUrl":"https:\/\/kgerad.de\/wp-content\/uploads\/2025\/07\/logo-Whit.svg","width":1640,"height":371,"caption":"MEINRADLADEN"},"image":{"@id":"https:\/\/kgerad.de\/#\/schema\/logo\/image\/"}}]}},"_links":{"self":[{"href":"https:\/\/kgerad.de\/en\/wp-json\/wp\/v2\/product\/43172","targetHints":{"allow":["GET"]}}],"collection":[{"href":"https:\/\/kgerad.de\/en\/wp-json\/wp\/v2\/product"}],"about":[{"href":"https:\/\/kgerad.de\/en\/wp-json\/wp\/v2\/types\/product"}],"replies":[{"embeddable":true,"href":"https:\/\/kgerad.de\/en\/wp-json\/wp\/v2\/comments?post=43172"}],"version-history":[{"count":1,"href":"https:\/\/kgerad.de\/en\/wp-json\/wp\/v2\/product\/43172\/revisions"}],"predecessor-version":[{"id":79224,"href":"https:\/\/kgerad.de\/en\/wp-json\/wp\/v2\/product\/43172\/revisions\/79224"}],"wp:featuredmedia":[{"embeddable":true,"href":"https:\/\/kgerad.de\/en\/wp-json\/wp\/v2\/media\/62760"}],"wp:attachment":[{"href":"https:\/\/kgerad.de\/en\/wp-json\/wp\/v2\/media?parent=43172"}],"wp:term":[{"taxonomy":"product_brand","embeddable":true,"href":"https:\/\/kgerad.de\/en\/wp-json\/wp\/v2\/product_brand?post=43172"},{"taxonomy":"product_cat","embeddable":true,"href":"https:\/\/kgerad.de\/en\/wp-json\/wp\/v2\/product_cat?post=43172"},{"taxonomy":"product_tag","embeddable":true,"href":"https:\/\/kgerad.de\/en\/wp-json\/wp\/v2\/product_tag?post=43172"}],"curies":[{"name":"wp","href":"https:\/\/api.w.org\/{rel}","templated":true}]}}