{"id":43161,"date":"2022-11-23T12:00:17","date_gmt":"2022-11-23T11:00:17","guid":{"rendered":"https:\/\/kgerad.de\/?post_type=product&#038;p=43161"},"modified":"2023-08-11T09:19:58","modified_gmt":"2023-08-11T07:19:58","slug":"mondraker-f-play-24","status":"publish","type":"product","link":"https:\/\/kgerad.de\/en\/product\/mondraker-f-play-24\/","title":{"rendered":"Mondraker F-PLAY 24 Elektrisches Fahrrad"},"content":{"rendered":"<h2 class=\"product--title\"><strong>Mondraker<\/strong>\u00a0F-PLAY 24<\/h2>\n<p>Mit dem PLAY 24 kommt auch der Nachwuchs in den Genuss eines echten vollgefederten Mondraker eMTBs. Der Mahle E-Bikemotor macht ordentlich Dampf und l\u00e4sst den Nachwuchs auf Augenh\u00f6he der Erwachsenen fahren. Dank des schicken Designs ist das Kinder-E-Fully auf Anhieb als ein Spr\u00f6ssling der spanischen High-End Marke erkennbar.<\/p>\n<hr \/>\n<h3>Features &#8211; Mondraker F-PLAY 24<\/h3>\n<p>Mondraker F-PLAY 24 Innenverlegte Z\u00fcge geh\u00f6ren beim F-Play nat\u00fcrlich zum Standard, genauso wie die Mondraker-typischen Technologien wie &#8222;Zero Suspension System&#8220;, &#8222;Stealth Alloy&#8220; und die ber\u00fchmte Mondraker &#8222;Forward Geometrie&#8220;. Diese sorgt f\u00fcr einen l\u00e4ngeren Reach, der durch das verl\u00e4ngerte Oberrohr entsteht, und erm\u00f6glicht so einen l\u00e4ngeren Radstand, was zu mehr Kontrolle und Souver\u00e4nit\u00e4t f\u00fchrt. Der Fahrer r\u00fcckt weiter vom Vorderrad weg, weshalb der Vorbau sehr kurz ausf\u00e4llt.<\/p>\n<p>Geometrie und Ausstattung des Kinder E-Bikes F-Play 24 wurde an die Bed\u00fcrfnisse der Nachwuchs-Fahrer angepasst und bringt viel Spa\u00df im Gel\u00e4nde. Das Fahrwerk, bestehend aus der Federgabel X-Fusion Velvet sowie dem D\u00e4mpfer X-Fusion O2PRO R, bringt Sicherheit und Komfort auch auf ruppigen Trails. Der 10-fach SRAM Antrieb sorgt mit dem Mahle Ebikemotion-Motor daf\u00fcr, dass auch steile Rampen bezwungen werden k\u00f6nnen. Hydraulische SRAM Level Scheibenbremsen mit 160 mm Durchmesser vorne wie hinten sorgen f\u00fcr perfekte Verz\u00f6gerung. Die breiten Kenda Booster Reifen bieten optimalen Grip auf Stra\u00dfe und Trail. Aufsteigen, losfahren, Spa\u00df haben \u2013 denn der ist mit diesem Kinder-E-Mountainbike garaniert!<\/p>\n<hr \/>\n<h3>Mondraker PLAY Familie<\/h3>\n<p>In 2021 f\u00fchrte Mondraker eine neue Kids Reihe ein, die \u00fcber Mahle e-Bikemotion X35 Nabenmotoren verf\u00fcgt. 20\u201d bis 26\u201d Hardtail und 24\u201d bzw. 26\u201d Full Suspension der neuen Play und F-Play Serien werden bis 25Km\/h von bis zu 40Nm maximalem Drehmoment und einem 250Wh Akku unterst\u00fctzt. Dank der Mahle e-Bikemotion App und der ma\u00dfgeschneiderten Kid\u2019s Software von Mondraker ist es so einfach wie nie zuvor, die verschiedenen Parameter des Motors an die W\u00fcnsche unserer Kinder anzupassen \u2013 einfach und intuitiv und sogar mit offline Navigation! Alle Play und F-Play Akkus sind herausnehmbar, k\u00f6nnen aber nicht untereinander getauscht werden. Am 20\u201d Play sind Drehmoment und Geschwindigkeit begrenzt.<\/p>\n<p><strong>Vorteile der Play E-Bikes<\/strong><\/p>\n<ul>\n<li>Voll integriertes e-MTB f\u00fcr Kinder<\/li>\n<li>Mahle e-Bikemotion X35 Nabenmotor f\u00fcr die richtige Leistung<\/li>\n<li>Wartungsfreies, kompaktes Design<\/li>\n<li>Ausdauernde 250Wh Kapazit\u00e4t f\u00fcr ein Kids Bike<\/li>\n<\/ul>\n<hr \/>\n<h3>Technologien<\/h3>\n<p><strong>FORWARD GEOMETRY<\/strong><br \/>\nMondrakers propriet\u00e4re Forward Geometry ist bis heute technologisch einzigartig und f\u00fchrend. Sie hat bewiesen, dass sie die Geometriereferenz f\u00fcr heutige High-End-Performance Mountainbikes ist.<\/p>\n<p>Die entscheidenden Vorteile der Forward Geometry sind eine erh\u00f6hte Sicherheit und ein gr\u00f6\u00dferes Zutrauen beim Fahren von steilen Abfahrten \u2013 auch bei hohen Geschwindigkeiten; ein reaktiveres, pr\u00e4ziseres und direkteres Handling; h\u00f6here Uphill-Pr\u00e4zision und mehr Stabilit\u00e4t auf technischen und rauen Terrains dank besserem Grip und insgesamt verbesserter Kontrolle. In dieser Saison bieten wir dir die gr\u00f6\u00dfte Auswahl an FG-Modellen.<\/p>\n<p>Basierend auf einer Geometrie mit l\u00e4ngerem Reach und l\u00e4ngeren Oberrohren, ist die Sitzposition mit FG30-Vorbau (30 mm) perfekt ausbalanciert f\u00fcr jedes Bike-Modell und jeden Einsatzzweck. Die Extra-Verl\u00e4ngerung des Oberrohrs wird bei allen FG-Modellen und jeder Rahmengr\u00f6\u00dfe mit unserem patentierten FG30-Vorbau ausgeglichen. Der Front-Mitte-Abstand vergr\u00f6\u00dfert sich und bewirkt ein verl\u00e4ssliches Fahrverhalten, das dich schneller und leichter fahren l\u00e4sst und noch mehr Fahrspa\u00df bietet.<\/p>\n<p><strong>STEALTH ALLOY<\/strong><br \/>\nStealth Alloy umfasst alle Prozesse der Rahmenentwicklung, von der Konstruktion bis zur spezifischen Fertigung jedes einzelnen Rohres mit der Berechnung der pr\u00e4zisesten Details. Jedes Rohr und Bauteil wird sorgf\u00e4ltig konstruiert, damit es eine spezifische Funktion erf\u00fcllt, und dabei wird das geringstm\u00f6gliche Gewicht angestrebt. Die Stealth-Technologie wird Jahr f\u00fcr Jahr durch optimierte Formen und interne Neuerungen weiterentwickelt, um das beste Fahrerlebnis mit den Mondraker-Aluminiumrahmen zu bieten.<\/p>\n<h2>Ausstattung<\/h2>\n<div class=\"product--properties panel has--border\">\n<table class=\"product--properties-table\">\n<tbody>\n<tr class=\"product--properties-row row1\">\n<td class=\"product--properties-label is--bold\">Rahmen:<\/td>\n<td class=\"product--properties-value\">F-Play 24 6061 Alloy Stealth evo, hydroformed tubing, Zero Suspension System, 120mm travel, one piece bolt-on upper link, integrated internal non-removable battery, Tapered head tube, HHG internal cable routing, BSA bottom bracket, QR 9mm rear axle, 1x dr<\/td>\n<\/tr>\n<tr class=\"product--properties-row row2\">\n<td class=\"product--properties-label is--bold\">Rahmenmaterial:<\/td>\n<td class=\"product--properties-value\">Aluminium<\/td>\n<\/tr>\n<tr class=\"product--properties-row row3\">\n<td class=\"product--properties-label is--bold\">Laufradgr\u00f6\u00dfe:<\/td>\n<td class=\"product--properties-value\">26&#8243;<\/td>\n<\/tr>\n<tr class=\"product--properties-row row4\">\n<td class=\"product--properties-label is--bold\">Farbe:<\/td>\n<td class=\"product--properties-value\">Orange &#8211; Black<\/td>\n<\/tr>\n<tr class=\"product--properties-row row5\">\n<td class=\"product--properties-label is--bold\">Gabel:<\/td>\n<td class=\"product--properties-value\">X-Fusion Velvet RL 24, 100mm, air spring, tapered steerer tube, 9x100mm axle, 32mm aluminum stanchions, 41mm offset. Settings: lockout, rebound, air preload<\/td>\n<\/tr>\n<tr class=\"product--properties-row row6\">\n<td class=\"product--properties-label is--bold\">D\u00e4mpfer:<\/td>\n<td class=\"product--properties-value\">X-Fusion 02PRO R, 210&#215;47.5mm. Settings: low-speed rebound, air preload. 45x8mm top and bottom bushings<\/td>\n<\/tr>\n<tr class=\"product--properties-row row7\">\n<td class=\"product--properties-label is--bold\">Federweg:<\/td>\n<td class=\"product--properties-value\">100mm<\/td>\n<\/tr>\n<tr class=\"product--properties-row row8\">\n<td class=\"product--properties-label is--bold\">Bremsen:<\/td>\n<td class=\"product--properties-value\">Sram Level, 2 piece caliper, Centerline 160mm IS 6 bolts one-piece rotor, steel-backed organic pad<\/td>\n<\/tr>\n<tr class=\"product--properties-row row9\">\n<td class=\"product--properties-label is--bold\">Bremsscheiben:<\/td>\n<td class=\"product--properties-value\">160mm \/ 160mm<\/td>\n<\/tr>\n<tr class=\"product--properties-row row10\">\n<td class=\"product--properties-label is--bold\">Bremshebel:<\/td>\n<td class=\"product--properties-value\">Sram Level, tooled reach adjust, lever pivot bushings<\/td>\n<\/tr>\n<tr class=\"product--properties-row row11\">\n<td class=\"product--properties-label is--bold\">Steuersatz:<\/td>\n<td class=\"product--properties-value\">Onoff Saturn tapered for 1-1\/8\u201d to 1-1\/2\u201d head tube, ACB sealed bearings, top 41&#215;30.2x7x45\u00bax45\u00ba, bottom 51.9x40x8x45\u00bax45\u00ba<\/td>\n<\/tr>\n<tr class=\"product--properties-row row12\">\n<td class=\"product--properties-label is--bold\">Vorbau:<\/td>\n<td class=\"product--properties-value\">Onoff Sulfur FG 30mm 0\u00ba, 6061 forged alloy, 31.8mm barbore<\/td>\n<\/tr>\n<tr class=\"product--properties-row row13\">\n<td class=\"product--properties-label is--bold\">Lenker:<\/td>\n<td class=\"product--properties-value\">MDK XC 1.0, 6061 alloy, rise: 25mm, width: 680mm, 9\u00ba backsweep, 5\u00ba upsweep, 31.8mm barbore<\/td>\n<\/tr>\n<tr class=\"product--properties-row row14\">\n<td class=\"product--properties-label is--bold\">Griffe:<\/td>\n<td class=\"product--properties-value\">Onoff Twin, 1lock-on<\/td>\n<\/tr>\n<tr class=\"product--properties-row row15\">\n<td class=\"product--properties-label is--bold\">Sattel:<\/td>\n<td class=\"product--properties-value\">SDG Fly JR<\/td>\n<\/tr>\n<\/tbody>\n<\/table>\n<table class=\"product--properties-table\">\n<tbody>\n<tr class=\"product--properties-row row16\">\n<td class=\"product--properties-label is--bold\">Sattelst\u00fctze:<\/td>\n<td class=\"product--properties-value\">MDK XC 0-R, 6061 T6 Alloy, diameter 31.6mm, length 300mm<\/td>\n<\/tr>\n<tr class=\"product--properties-row row17\">\n<td class=\"product--properties-label is--bold\">Kurbel:<\/td>\n<td class=\"product--properties-value\">Samox DM 30T steel, 152mm<\/td>\n<\/tr>\n<tr class=\"product--properties-row row18\">\n<td class=\"product--properties-label is--bold\">Tretlager\/Innenlager:<\/td>\n<td class=\"product--properties-value\">BSA, 73mm<\/td>\n<\/tr>\n<tr class=\"product--properties-row row19\">\n<td class=\"product--properties-label is--bold\">Schaltwerk:<\/td>\n<td class=\"product--properties-value\">Sram GX, 10s, short cage, X-actuation 1:1<\/td>\n<\/tr>\n<tr class=\"product--properties-row row20\">\n<td class=\"product--properties-label is--bold\">Schalthebel:<\/td>\n<td class=\"product--properties-value\">Sram trigger GX 10s, X-actuation 1:1<\/td>\n<\/tr>\n<tr class=\"product--properties-row row21\">\n<td class=\"product--properties-label is--bold\">Kassette:<\/td>\n<td class=\"product--properties-value\">Sram PG 1020 11-36T, 10s<\/td>\n<\/tr>\n<tr class=\"product--properties-row row22\">\n<td class=\"product--properties-label is--bold\">Kette:<\/td>\n<td class=\"product--properties-value\">Sram PC1031 10s, Powerlock<\/td>\n<\/tr>\n<tr class=\"product--properties-row row23\">\n<td class=\"product--properties-label is--bold\">Reifen:<\/td>\n<td class=\"product--properties-value\">Kenda Booster 24&#215;2.4 single compound 30TPI, wire bead<\/td>\n<\/tr>\n<tr class=\"product--properties-row row24\">\n<td class=\"product--properties-label is--bold\">Nabe Vorderrad:<\/td>\n<td class=\"product--properties-value\">Formula DC20LW, 9x100mm, cup &amp; cone ball bearings, IS 6 bolts<\/td>\n<\/tr>\n<tr class=\"product--properties-row row25\">\n<td class=\"product--properties-label is--bold\">Nabe Hinterrad:<\/td>\n<td class=\"product--properties-value\">Mahle-Ebikemotion X-35<\/td>\n<\/tr>\n<tr class=\"product--properties-row row26\">\n<td class=\"product--properties-label is--bold\">Speichen:<\/td>\n<td class=\"product--properties-value\">CN round stainless steel<\/td>\n<\/tr>\n<tr class=\"product--properties-row row27\">\n<td class=\"product--properties-label is--bold\">Felgen:<\/td>\n<td class=\"product--properties-value\">MDK-XP1 24 TLR, 25mm internal width, tubeless ready, 32 spokes<\/td>\n<\/tr>\n<tr class=\"product--properties-row row28\">\n<td class=\"product--properties-label is--bold\">Display:<\/td>\n<td class=\"product--properties-value\">Mahle-Ebikemotion<\/td>\n<\/tr>\n<tr class=\"product--properties-row row29\">\n<td class=\"product--properties-label is--bold\">Akku:<\/td>\n<td class=\"product--properties-value\">Mahle-Ebikemotion Internal 250Wh<\/td>\n<\/tr>\n<tr class=\"product--properties-row row30\">\n<td class=\"product--properties-label is--bold\">Motor:<\/td>\n<td class=\"product--properties-value\">Mahle-Ebikemotion X-35, 40 Nm<\/td>\n<\/tr>\n<tr class=\"product--properties-row row31\">\n<td class=\"product--properties-label is--bold\">Pedale:<\/td>\n<td class=\"product--properties-value\">nicht im Lieferumfang enthalten<\/td>\n<\/tr>\n<tr class=\"product--properties-row row32\">\n<td class=\"product--properties-label is--bold\">Sonstiges:<\/td>\n<td class=\"product--properties-value\">Derailleur hanger: Mondraker M073<\/td>\n<\/tr>\n<tr class=\"product--properties-row row33\">\n<td class=\"product--properties-label is--bold\">Gewicht Komplettrad:<\/td>\n<td class=\"product--properties-value\">16.2 kg<\/td>\n<\/tr>\n<\/tbody>\n<\/table>\n<\/div>","protected":false},"excerpt":{"rendered":"<p>Mondraker\u00a0F-PLAY 24 Mit dem PLAY 24 kommt auch der Nachwuchs in den Genuss eines echten vollgefederten Mondraker eMTBs. Der Mahle<\/p>","protected":false},"featured_media":62757,"comment_status":"open","ping_status":"closed","template":"","meta":[],"product_brand":[],"product_cat":[33,34,414,270],"product_tag":[],"class_list":{"0":"post-43161","1":"product","2":"type-product","3":"status-publish","4":"has-post-thumbnail","6":"product_cat-e-bike","7":"product_cat-e-bike-city-urban","8":"product_cat-e-bike-kids","9":"product_cat-e-bikes-2023","10":"pa_marke-mondraker","12":"first","13":"instock","14":"sale","15":"taxable","16":"shipping-taxable","17":"purchasable","18":"product-type-variable"},"yoast_head":"<!-- This site is optimized with the Yoast SEO Premium plugin v20.12 (Yoast SEO v27.1.1) - https:\/\/yoast.com\/product\/yoast-seo-premium-wordpress\/ -->\n<title>Mondraker F-PLAY 24 Elektrisches Fahrrad<\/title>\n<meta name=\"description\" content=\"Entdecken Sie unseren Online-Fahrradladen: Gro\u00dfe Auswahl an Modellen f\u00fcr alle Radsportbegeisterten. Von Rennr\u00e4dern bis zu Mountainbikes - finden Sie heute Ihren perfekten Wegbegleiter!\" \/>\n<meta name=\"robots\" content=\"index, follow, max-snippet:-1, max-image-preview:large, max-video-preview:-1\" \/>\n<link rel=\"canonical\" href=\"https:\/\/kgerad.de\/en\/product\/mondraker-f-play-24\/\" \/>\n<meta property=\"og:locale\" content=\"en_US\" \/>\n<meta property=\"og:type\" content=\"article\" \/>\n<meta property=\"og:title\" content=\"Mondraker F-PLAY 24 Elektrisches Fahrrad\" \/>\n<meta property=\"og:description\" content=\"Entdecken Sie unseren Online-Fahrradladen: Gro\u00dfe Auswahl an Modellen f\u00fcr alle Radsportbegeisterten. Von Rennr\u00e4dern bis zu Mountainbikes - finden Sie heute Ihren perfekten Wegbegleiter!\" \/>\n<meta property=\"og:url\" content=\"https:\/\/kgerad.de\/en\/product\/mondraker-f-play-24\/\" \/>\n<meta property=\"og:site_name\" content=\"kgerad.de\" \/>\n<meta property=\"article:modified_time\" content=\"2023-08-11T07:19:58+00:00\" \/>\n<meta property=\"og:image\" content=\"https:\/\/kgerad.de\/wp-content\/uploads\/2023\/06\/010-23210_800x800.jpg\" \/>\n\t<meta property=\"og:image:width\" content=\"800\" \/>\n\t<meta property=\"og:image:height\" content=\"443\" \/>\n\t<meta property=\"og:image:type\" content=\"image\/jpeg\" \/>\n<meta name=\"twitter:card\" content=\"summary_large_image\" \/>\n<meta name=\"twitter:label1\" content=\"Est. reading time\" \/>\n\t<meta name=\"twitter:data1\" content=\"5 minutes\" \/>\n<script type=\"application\/ld+json\" class=\"yoast-schema-graph\">{\"@context\":\"https:\/\/schema.org\",\"@graph\":[{\"@type\":\"WebPage\",\"@id\":\"https:\/\/kgerad.de\/produkt\/mondraker-f-play-24\/\",\"url\":\"https:\/\/kgerad.de\/produkt\/mondraker-f-play-24\/\",\"name\":\"Mondraker F-PLAY 24 Elektrisches Fahrrad\",\"isPartOf\":{\"@id\":\"https:\/\/kgerad.de\/#website\"},\"primaryImageOfPage\":{\"@id\":\"https:\/\/kgerad.de\/produkt\/mondraker-f-play-24\/#primaryimage\"},\"image\":{\"@id\":\"https:\/\/kgerad.de\/produkt\/mondraker-f-play-24\/#primaryimage\"},\"thumbnailUrl\":\"https:\/\/kgerad.de\/wp-content\/uploads\/2023\/06\/010-23210_800x800.jpg\",\"datePublished\":\"2022-11-23T11:00:17+00:00\",\"dateModified\":\"2023-08-11T07:19:58+00:00\",\"description\":\"Entdecken Sie unseren Online-Fahrradladen: Gro\u00dfe Auswahl an Modellen f\u00fcr alle Radsportbegeisterten. Von Rennr\u00e4dern bis zu Mountainbikes - finden Sie heute Ihren perfekten Wegbegleiter!\",\"breadcrumb\":{\"@id\":\"https:\/\/kgerad.de\/produkt\/mondraker-f-play-24\/#breadcrumb\"},\"inLanguage\":\"en-US\",\"potentialAction\":[{\"@type\":\"ReadAction\",\"target\":[\"https:\/\/kgerad.de\/produkt\/mondraker-f-play-24\/\"]}]},{\"@type\":\"ImageObject\",\"inLanguage\":\"en-US\",\"@id\":\"https:\/\/kgerad.de\/produkt\/mondraker-f-play-24\/#primaryimage\",\"url\":\"https:\/\/kgerad.de\/wp-content\/uploads\/2023\/06\/010-23210_800x800.jpg\",\"contentUrl\":\"https:\/\/kgerad.de\/wp-content\/uploads\/2023\/06\/010-23210_800x800.jpg\",\"width\":800,\"height\":443,\"caption\":\"Mondraker F-PLAY 24\"},{\"@type\":\"BreadcrumbList\",\"@id\":\"https:\/\/kgerad.de\/produkt\/mondraker-f-play-24\/#breadcrumb\",\"itemListElement\":[{\"@type\":\"ListItem\",\"position\":1,\"name\":\"Startseite\",\"item\":\"https:\/\/kgerad.de\/\"},{\"@type\":\"ListItem\",\"position\":2,\"name\":\"LADEN\",\"item\":\"https:\/\/kgerad.de\/laden\/\"},{\"@type\":\"ListItem\",\"position\":3,\"name\":\"Mondraker F-PLAY 24 Elektrisches Fahrrad\"}]},{\"@type\":\"WebSite\",\"@id\":\"https:\/\/kgerad.de\/#website\",\"url\":\"https:\/\/kgerad.de\/\",\"name\":\"kgerad.de\",\"description\":\"Treten Sie mit uns ins Abenteuer!\",\"publisher\":{\"@id\":\"https:\/\/kgerad.de\/#organization\"},\"alternateName\":\"MEIN RADLADEN\",\"potentialAction\":[{\"@type\":\"SearchAction\",\"target\":{\"@type\":\"EntryPoint\",\"urlTemplate\":\"https:\/\/kgerad.de\/?s={search_term_string}\"},\"query-input\":{\"@type\":\"PropertyValueSpecification\",\"valueRequired\":true,\"valueName\":\"search_term_string\"}}],\"inLanguage\":\"en-US\"},{\"@type\":\"Organization\",\"@id\":\"https:\/\/kgerad.de\/#organization\",\"name\":\"MEINRADLADEN\",\"alternateName\":\"MEIN RADLADEN\",\"url\":\"https:\/\/kgerad.de\/\",\"logo\":{\"@type\":\"ImageObject\",\"inLanguage\":\"en-US\",\"@id\":\"https:\/\/kgerad.de\/#\/schema\/logo\/image\/\",\"url\":\"https:\/\/kgerad.de\/wp-content\/uploads\/2025\/07\/logo-Whit.svg\",\"contentUrl\":\"https:\/\/kgerad.de\/wp-content\/uploads\/2025\/07\/logo-Whit.svg\",\"width\":1640,\"height\":371,\"caption\":\"MEINRADLADEN\"},\"image\":{\"@id\":\"https:\/\/kgerad.de\/#\/schema\/logo\/image\/\"}}]}<\/script>\n<!-- \/ Yoast SEO Premium plugin. -->","yoast_head_json":{"title":"Mondraker F-PLAY 24 Elektrisches Fahrrad","description":"Entdecken Sie unseren Online-Fahrradladen: Gro\u00dfe Auswahl an Modellen f\u00fcr alle Radsportbegeisterten. Von Rennr\u00e4dern bis zu Mountainbikes - finden Sie heute Ihren perfekten Wegbegleiter!","robots":{"index":"index","follow":"follow","max-snippet":"max-snippet:-1","max-image-preview":"max-image-preview:large","max-video-preview":"max-video-preview:-1"},"canonical":"https:\/\/kgerad.de\/en\/product\/mondraker-f-play-24\/","og_locale":"en_US","og_type":"article","og_title":"Mondraker F-PLAY 24 Elektrisches Fahrrad","og_description":"Entdecken Sie unseren Online-Fahrradladen: Gro\u00dfe Auswahl an Modellen f\u00fcr alle Radsportbegeisterten. Von Rennr\u00e4dern bis zu Mountainbikes - finden Sie heute Ihren perfekten Wegbegleiter!","og_url":"https:\/\/kgerad.de\/en\/product\/mondraker-f-play-24\/","og_site_name":"kgerad.de","article_modified_time":"2023-08-11T07:19:58+00:00","og_image":[{"width":800,"height":443,"url":"https:\/\/kgerad.de\/wp-content\/uploads\/2023\/06\/010-23210_800x800.jpg","type":"image\/jpeg"}],"twitter_card":"summary_large_image","twitter_misc":{"Est. reading time":"5 minutes"},"schema":{"@context":"https:\/\/schema.org","@graph":[{"@type":"WebPage","@id":"https:\/\/kgerad.de\/produkt\/mondraker-f-play-24\/","url":"https:\/\/kgerad.de\/produkt\/mondraker-f-play-24\/","name":"Mondraker F-PLAY 24 Elektrisches Fahrrad","isPartOf":{"@id":"https:\/\/kgerad.de\/#website"},"primaryImageOfPage":{"@id":"https:\/\/kgerad.de\/produkt\/mondraker-f-play-24\/#primaryimage"},"image":{"@id":"https:\/\/kgerad.de\/produkt\/mondraker-f-play-24\/#primaryimage"},"thumbnailUrl":"https:\/\/kgerad.de\/wp-content\/uploads\/2023\/06\/010-23210_800x800.jpg","datePublished":"2022-11-23T11:00:17+00:00","dateModified":"2023-08-11T07:19:58+00:00","description":"Entdecken Sie unseren Online-Fahrradladen: Gro\u00dfe Auswahl an Modellen f\u00fcr alle Radsportbegeisterten. Von Rennr\u00e4dern bis zu Mountainbikes - finden Sie heute Ihren perfekten Wegbegleiter!","breadcrumb":{"@id":"https:\/\/kgerad.de\/produkt\/mondraker-f-play-24\/#breadcrumb"},"inLanguage":"en-US","potentialAction":[{"@type":"ReadAction","target":["https:\/\/kgerad.de\/produkt\/mondraker-f-play-24\/"]}]},{"@type":"ImageObject","inLanguage":"en-US","@id":"https:\/\/kgerad.de\/produkt\/mondraker-f-play-24\/#primaryimage","url":"https:\/\/kgerad.de\/wp-content\/uploads\/2023\/06\/010-23210_800x800.jpg","contentUrl":"https:\/\/kgerad.de\/wp-content\/uploads\/2023\/06\/010-23210_800x800.jpg","width":800,"height":443,"caption":"Mondraker F-PLAY 24"},{"@type":"BreadcrumbList","@id":"https:\/\/kgerad.de\/produkt\/mondraker-f-play-24\/#breadcrumb","itemListElement":[{"@type":"ListItem","position":1,"name":"Startseite","item":"https:\/\/kgerad.de\/"},{"@type":"ListItem","position":2,"name":"LADEN","item":"https:\/\/kgerad.de\/laden\/"},{"@type":"ListItem","position":3,"name":"Mondraker F-PLAY 24 Elektrisches Fahrrad"}]},{"@type":"WebSite","@id":"https:\/\/kgerad.de\/#website","url":"https:\/\/kgerad.de\/","name":"kgerad.de","description":"Treten Sie mit uns ins Abenteuer!","publisher":{"@id":"https:\/\/kgerad.de\/#organization"},"alternateName":"MEIN RADLADEN","potentialAction":[{"@type":"SearchAction","target":{"@type":"EntryPoint","urlTemplate":"https:\/\/kgerad.de\/?s={search_term_string}"},"query-input":{"@type":"PropertyValueSpecification","valueRequired":true,"valueName":"search_term_string"}}],"inLanguage":"en-US"},{"@type":"Organization","@id":"https:\/\/kgerad.de\/#organization","name":"MEINRADLADEN","alternateName":"MEIN RADLADEN","url":"https:\/\/kgerad.de\/","logo":{"@type":"ImageObject","inLanguage":"en-US","@id":"https:\/\/kgerad.de\/#\/schema\/logo\/image\/","url":"https:\/\/kgerad.de\/wp-content\/uploads\/2025\/07\/logo-Whit.svg","contentUrl":"https:\/\/kgerad.de\/wp-content\/uploads\/2025\/07\/logo-Whit.svg","width":1640,"height":371,"caption":"MEINRADLADEN"},"image":{"@id":"https:\/\/kgerad.de\/#\/schema\/logo\/image\/"}}]}},"_links":{"self":[{"href":"https:\/\/kgerad.de\/en\/wp-json\/wp\/v2\/product\/43161","targetHints":{"allow":["GET"]}}],"collection":[{"href":"https:\/\/kgerad.de\/en\/wp-json\/wp\/v2\/product"}],"about":[{"href":"https:\/\/kgerad.de\/en\/wp-json\/wp\/v2\/types\/product"}],"replies":[{"embeddable":true,"href":"https:\/\/kgerad.de\/en\/wp-json\/wp\/v2\/comments?post=43161"}],"version-history":[{"count":2,"href":"https:\/\/kgerad.de\/en\/wp-json\/wp\/v2\/product\/43161\/revisions"}],"predecessor-version":[{"id":79229,"href":"https:\/\/kgerad.de\/en\/wp-json\/wp\/v2\/product\/43161\/revisions\/79229"}],"wp:featuredmedia":[{"embeddable":true,"href":"https:\/\/kgerad.de\/en\/wp-json\/wp\/v2\/media\/62757"}],"wp:attachment":[{"href":"https:\/\/kgerad.de\/en\/wp-json\/wp\/v2\/media?parent=43161"}],"wp:term":[{"taxonomy":"product_brand","embeddable":true,"href":"https:\/\/kgerad.de\/en\/wp-json\/wp\/v2\/product_brand?post=43161"},{"taxonomy":"product_cat","embeddable":true,"href":"https:\/\/kgerad.de\/en\/wp-json\/wp\/v2\/product_cat?post=43161"},{"taxonomy":"product_tag","embeddable":true,"href":"https:\/\/kgerad.de\/en\/wp-json\/wp\/v2\/product_tag?post=43161"}],"curies":[{"name":"wp","href":"https:\/\/api.w.org\/{rel}","templated":true}]}}