{"id":43042,"date":"2022-11-22T21:43:37","date_gmt":"2022-11-22T20:43:37","guid":{"rendered":"https:\/\/kgerad.de\/?post_type=product&#038;p=43042"},"modified":"2023-08-11T09:26:38","modified_gmt":"2023-08-11T07:26:38","slug":"rondo-ruut-al-1-2x-navy-black-2022","status":"publish","type":"product","link":"https:\/\/kgerad.de\/en\/product\/rondo-ruut-al-1-2x-navy-black-2022\/","title":{"rendered":"Rondo Ruut AL 1 2X navy\/black 2022"},"content":{"rendered":"<h3>Rondo Ruut AL 1 2X navy\/black 2022<\/h3>\n<p>Das Rondo Ruut AL 1 2X basiert auf dem wundersch\u00f6nen Ruut AL 2.0 Aluminiumrahmen mit vielen besonderen Funktionen. Mit dem Ruut AL1 2X bist du f\u00fcr jedes Gravelabenteuer genau richtig ausgestattet. Von sportlichen schnellen Touren bis langen Ausfahrten \u00fcber holpriges Gel\u00e4nde oder auf der Stra\u00dfe. In 2021 gibt es die Ruut AL Modelle erstmals auch in Gr\u00f6\u00dfe XS (mit 650B Reifen)!<\/p>\n<p>Mit der 2-fach Variante des Ruut AL2 sind Gravel-Fans die auch gerne auf der Stra\u00dfe unterwegs sind und eine feine \u00dcbersetzung nicht missen wollen, bestens bedient. In Kombination mit den schnellen, schmaleren Reifen perfekt f\u00fcr Waldwege und Stra\u00dfen!<\/p>\n<h3>Details<\/h3>\n<ul>\n<li>Shimano GRX 2&#215;10 Antriebskomponente<\/li>\n<li>TwinTip 2.0: leichter, horizontal steifer und vertikal nachgiebiger mit \u00d6sen zur Befestigung von Racks und Flaschenhaltern<\/li>\n<li>Road Plus Ready: TwinTip Gabel und herabgesetzte Kettenstreben bieten Platz f\u00fcr 650B Plus Reifen mit bis zu 47mm<\/li>\n<li>Halo Clearance: mehr Reifenfreiheit f\u00fcr Gravelreifen: 700 x 40c oder 27.5&#8243;x2.1&#8243;<\/li>\n<li>Verstellbarer Lenkwinkel und Nachlauf<\/li>\n<li>Leichter Alu-Rahmen und Carbongabel<\/li>\n<li>Steckachse an Rahmen und Gabel<\/li>\n<li>Im Rahmen verlaufende Kabelf\u00fchrung<\/li>\n<\/ul>\n<div class=\"tw-text-center\" data-v-2a2d1a6f=\"\">\n<h2 class=\"tw-text-2xl tw-font-extrabold tw-tracking-tight tw-text-gray-900\" data-v-2a2d1a6f=\"\">Zusatzinformation<\/h2>\n<\/div>\n<div class=\"tw-my-6 tw-mx-auto tw-max-w-prose\" data-v-2a2d1a6f=\"\">\n<table data-v-2a2d1a6f=\"\">\n<colgroup data-v-2a2d1a6f=\"\">\n<col width=\"28%\" data-v-2a2d1a6f=\"\" \/>\n<col data-v-2a2d1a6f=\"\" \/><\/colgroup>\n<tbody data-v-2a2d1a6f=\"\">\n<tr class=\"tw-border-b tw-border-gray-200\" data-v-2a2d1a6f=\"\">\n<th class=\"tw-text-left tw-text-base tw-font-bold tw-pt-3 sm:tw-py-3 tw-block tw-px-0 sm:tw-table-cell\">Fahrradtyp<\/th>\n<td class=\"tw-pt-1 tw-pb-3 tw-px-0 sm:tw-py-3 sm:tw-pl-6 tw-block sm:tw-table-cell\">Gravelbike<\/td>\n<\/tr>\n<tr class=\"tw-border-b tw-border-gray-200\" data-v-2a2d1a6f=\"\">\n<th class=\"tw-text-left tw-text-base tw-font-bold tw-pt-3 sm:tw-py-3 tw-block tw-px-0 sm:tw-table-cell\">EAN<\/th>\n<td class=\"tw-pt-1 tw-pb-3 tw-px-0 sm:tw-py-3 sm:tw-pl-6 tw-block sm:tw-table-cell\">2019090007668<\/td>\n<\/tr>\n<tr class=\"tw-border-b tw-border-gray-200\" data-v-2a2d1a6f=\"\">\n<th class=\"tw-text-left tw-text-base tw-font-bold tw-pt-3 sm:tw-py-3 tw-block tw-px-0 sm:tw-table-cell\">Hersteller<\/th>\n<td class=\"tw-pt-1 tw-pb-3 tw-px-0 sm:tw-py-3 sm:tw-pl-6 tw-block sm:tw-table-cell\">Rondo<\/td>\n<\/tr>\n<tr class=\"tw-border-b tw-border-gray-200\" data-v-2a2d1a6f=\"\">\n<th class=\"tw-text-left tw-text-base tw-font-bold tw-pt-3 sm:tw-py-3 tw-block tw-px-0 sm:tw-table-cell\">Farbe<\/th>\n<td class=\"tw-pt-1 tw-pb-3 tw-px-0 sm:tw-py-3 sm:tw-pl-6 tw-block sm:tw-table-cell\">navy\/black<\/td>\n<\/tr>\n<tr class=\"tw-border-b tw-border-gray-200\" data-v-2a2d1a6f=\"\">\n<th class=\"tw-text-left tw-text-base tw-font-bold tw-pt-3 sm:tw-py-3 tw-block tw-px-0 sm:tw-table-cell\">Modelljahr<\/th>\n<td class=\"tw-pt-1 tw-pb-3 tw-px-0 sm:tw-py-3 sm:tw-pl-6 tw-block sm:tw-table-cell\">2022<\/td>\n<\/tr>\n<tr class=\"tw-border-b tw-border-gray-200\" data-v-2a2d1a6f=\"\">\n<th class=\"tw-text-left tw-text-base tw-font-bold tw-pt-3 sm:tw-py-3 tw-block tw-px-0 sm:tw-table-cell\">Gewicht<\/th>\n<td class=\"tw-pt-1 tw-pb-3 tw-px-0 sm:tw-py-3 sm:tw-pl-6 tw-block sm:tw-table-cell\">10,3 Kg<\/td>\n<\/tr>\n<tr class=\"tw-border-b tw-border-gray-200\" data-v-2a2d1a6f=\"\">\n<th class=\"tw-text-left tw-text-base tw-font-bold tw-pt-3 sm:tw-py-3 tw-block tw-px-0 sm:tw-table-cell\">Reifengr\u00f6\u00dfe<\/th>\n<td class=\"tw-pt-1 tw-pb-3 tw-px-0 sm:tw-py-3 sm:tw-pl-6 tw-block sm:tw-table-cell\">28&#8220;<\/td>\n<\/tr>\n<tr class=\"tw-border-b tw-border-gray-200\" data-v-2a2d1a6f=\"\">\n<th class=\"tw-text-left tw-text-base tw-font-bold tw-pt-3 sm:tw-py-3 tw-block tw-px-0 sm:tw-table-cell\">Rahmen<\/th>\n<td class=\"tw-pt-1 tw-pb-3 tw-px-0 sm:tw-py-3 sm:tw-pl-6 tw-block sm:tw-table-cell\">Rondo RUUT 2.0 Custom Formed AL6061-T6<\/td>\n<\/tr>\n<tr class=\"tw-border-b tw-border-gray-200\" data-v-2a2d1a6f=\"\">\n<th class=\"tw-text-left tw-text-base tw-font-bold tw-pt-3 sm:tw-py-3 tw-block tw-px-0 sm:tw-table-cell\">Gabel<\/th>\n<td class=\"tw-pt-1 tw-pb-3 tw-px-0 sm:tw-py-3 sm:tw-pl-6 tw-block sm:tw-table-cell\">Rondo TwinTip 2.0 Carbon<\/td>\n<\/tr>\n<tr class=\"tw-border-b tw-border-gray-200\" data-v-2a2d1a6f=\"\">\n<th class=\"tw-text-left tw-text-base tw-font-bold tw-pt-3 sm:tw-py-3 tw-block tw-px-0 sm:tw-table-cell\">Anpassung &#8211; nur in Filiale<\/th>\n<td class=\"tw-pt-1 tw-pb-3 tw-px-0 sm:tw-py-3 sm:tw-pl-6 tw-block sm:tw-table-cell\">Anpassen der optimalen Sitzposition entsprechend deiner Anatomie<\/td>\n<\/tr>\n<tr class=\"tw-border-b tw-border-gray-200\" data-v-2a2d1a6f=\"\">\n<th class=\"tw-text-left tw-text-base tw-font-bold tw-pt-3 sm:tw-py-3 tw-block tw-px-0 sm:tw-table-cell\">Felgen<\/th>\n<td class=\"tw-pt-1 tw-pb-3 tw-px-0 sm:tw-py-3 sm:tw-pl-6 tw-block sm:tw-table-cell\">Rondo Aluminium 622-23\/584-23 (XS)<\/td>\n<\/tr>\n<tr class=\"tw-border-b tw-border-gray-200\" data-v-2a2d1a6f=\"\">\n<th class=\"tw-text-left tw-text-base tw-font-bold tw-pt-3 sm:tw-py-3 tw-block tw-px-0 sm:tw-table-cell\">Naben<\/th>\n<td class=\"tw-pt-1 tw-pb-3 tw-px-0 sm:tw-py-3 sm:tw-pl-6 tw-block sm:tw-table-cell\">Rondo Superlight Sealed Bearings<\/td>\n<\/tr>\n<tr class=\"tw-border-b tw-border-gray-200\" data-v-2a2d1a6f=\"\">\n<th class=\"tw-text-left tw-text-base tw-font-bold tw-pt-3 sm:tw-py-3 tw-block tw-px-0 sm:tw-table-cell\">Reifen<\/th>\n<td class=\"tw-pt-1 tw-pb-3 tw-px-0 sm:tw-py-3 sm:tw-pl-6 tw-block sm:tw-table-cell\">WTB Riddler 700c x 37 \/ Schwalbe G-One Bite 650b x 40 (XS)<\/td>\n<\/tr>\n<tr class=\"tw-border-b tw-border-gray-200\" data-v-2a2d1a6f=\"\">\n<th class=\"tw-text-left tw-text-base tw-font-bold tw-pt-3 sm:tw-py-3 tw-block tw-px-0 sm:tw-table-cell\">Schalthebel<\/th>\n<td class=\"tw-pt-1 tw-pb-3 tw-px-0 sm:tw-py-3 sm:tw-pl-6 tw-block sm:tw-table-cell\">Shimano GRX RX400<\/td>\n<\/tr>\n<tr class=\"tw-border-b tw-border-gray-200\" data-v-2a2d1a6f=\"\">\n<th class=\"tw-text-left tw-text-base tw-font-bold tw-pt-3 sm:tw-py-3 tw-block tw-px-0 sm:tw-table-cell\">Umwerfer<\/th>\n<td class=\"tw-pt-1 tw-pb-3 tw-px-0 sm:tw-py-3 sm:tw-pl-6 tw-block sm:tw-table-cell\">Shimano GRX RX400<\/td>\n<\/tr>\n<tr class=\"tw-border-b tw-border-gray-200\" data-v-2a2d1a6f=\"\">\n<th class=\"tw-text-left tw-text-base tw-font-bold tw-pt-3 sm:tw-py-3 tw-block tw-px-0 sm:tw-table-cell\">Schaltwerk<\/th>\n<td class=\"tw-pt-1 tw-pb-3 tw-px-0 sm:tw-py-3 sm:tw-pl-6 tw-block sm:tw-table-cell\">Shimano GRX RX400<\/td>\n<\/tr>\n<tr class=\"tw-border-b tw-border-gray-200\" data-v-2a2d1a6f=\"\">\n<th class=\"tw-text-left tw-text-base tw-font-bold tw-pt-3 sm:tw-py-3 tw-block tw-px-0 sm:tw-table-cell\">Kurbel<\/th>\n<td class=\"tw-pt-1 tw-pb-3 tw-px-0 sm:tw-py-3 sm:tw-pl-6 tw-block sm:tw-table-cell\">Rondo 46\/30, 165mm (XS), 170mm (S), 172.5mm (M,L), 175mm (XL)<\/td>\n<\/tr>\n<tr class=\"tw-border-b tw-border-gray-200\" data-v-2a2d1a6f=\"\">\n<th class=\"tw-text-left tw-text-base tw-font-bold tw-pt-3 sm:tw-py-3 tw-block tw-px-0 sm:tw-table-cell\">Kassette<\/th>\n<td class=\"tw-pt-1 tw-pb-3 tw-px-0 sm:tw-py-3 sm:tw-pl-6 tw-block sm:tw-table-cell\">Shimano HG-50-10 11-36 10 spd<\/td>\n<\/tr>\n<tr class=\"tw-border-b tw-border-gray-200\" data-v-2a2d1a6f=\"\">\n<th class=\"tw-text-left tw-text-base tw-font-bold tw-pt-3 sm:tw-py-3 tw-block tw-px-0 sm:tw-table-cell\">Kettenbl\u00e4tter<\/th>\n<td class=\"tw-pt-1 tw-pb-3 tw-px-0 sm:tw-py-3 sm:tw-pl-6 tw-block sm:tw-table-cell\">46\/30T<\/td>\n<\/tr>\n<tr class=\"tw-border-b tw-border-gray-200\" data-v-2a2d1a6f=\"\">\n<th class=\"tw-text-left tw-text-base tw-font-bold tw-pt-3 sm:tw-py-3 tw-block tw-px-0 sm:tw-table-cell\">Kette<\/th>\n<td class=\"tw-pt-1 tw-pb-3 tw-px-0 sm:tw-py-3 sm:tw-pl-6 tw-block sm:tw-table-cell\">Shimano KCN4601<\/td>\n<\/tr>\n<tr class=\"tw-border-b tw-border-gray-200\" data-v-2a2d1a6f=\"\">\n<th class=\"tw-text-left tw-text-base tw-font-bold tw-pt-3 sm:tw-py-3 tw-block tw-px-0 sm:tw-table-cell\">Bremse<\/th>\n<td class=\"tw-pt-1 tw-pb-3 tw-px-0 sm:tw-py-3 sm:tw-pl-6 tw-block sm:tw-table-cell\">Shimano GRX RX400<\/td>\n<\/tr>\n<tr class=\"tw-border-b tw-border-gray-200\" data-v-2a2d1a6f=\"\">\n<th class=\"tw-text-left tw-text-base tw-font-bold tw-pt-3 sm:tw-py-3 tw-block tw-px-0 sm:tw-table-cell\">Lenker<\/th>\n<td class=\"tw-pt-1 tw-pb-3 tw-px-0 sm:tw-py-3 sm:tw-pl-6 tw-block sm:tw-table-cell\">Rondo Flare 400mm(XS), 420mm (S), 440mm (M,L), 460mm (XL)<\/td>\n<\/tr>\n<tr class=\"tw-border-b tw-border-gray-200\" data-v-2a2d1a6f=\"\">\n<th class=\"tw-text-left tw-text-base tw-font-bold tw-pt-3 sm:tw-py-3 tw-block tw-px-0 sm:tw-table-cell\">Griffe<\/th>\n<td class=\"tw-pt-1 tw-pb-3 tw-px-0 sm:tw-py-3 sm:tw-pl-6 tw-block sm:tw-table-cell\">Velo Comfort Tape<\/td>\n<\/tr>\n<tr class=\"tw-border-b tw-border-gray-200\" data-v-2a2d1a6f=\"\">\n<th class=\"tw-text-left tw-text-base tw-font-bold tw-pt-3 sm:tw-py-3 tw-block tw-px-0 sm:tw-table-cell\">Vorbau<\/th>\n<td class=\"tw-pt-1 tw-pb-3 tw-px-0 sm:tw-py-3 sm:tw-pl-6 tw-block sm:tw-table-cell\">Rondo, 80mm (XS, S), 90mm (M), 110mm (L,XL)<\/td>\n<\/tr>\n<tr class=\"tw-border-b tw-border-gray-200\" data-v-2a2d1a6f=\"\">\n<th class=\"tw-text-left tw-text-base tw-font-bold tw-pt-3 sm:tw-py-3 tw-block tw-px-0 sm:tw-table-cell\">Sattel<\/th>\n<td class=\"tw-pt-1 tw-pb-3 tw-px-0 sm:tw-py-3 sm:tw-pl-6 tw-block sm:tw-table-cell\">Fabric Scoop Flat<\/td>\n<\/tr>\n<tr class=\"tw-border-b tw-border-gray-200\" data-v-2a2d1a6f=\"\">\n<th class=\"tw-text-left tw-text-base tw-font-bold tw-pt-3 sm:tw-py-3 tw-block tw-px-0 sm:tw-table-cell\">Sattelst\u00fctze<\/th>\n<td class=\"tw-pt-1 tw-pb-3 tw-px-0 sm:tw-py-3 sm:tw-pl-6 tw-block sm:tw-table-cell\">Rondo Carbon 350 x 27.2<\/td>\n<\/tr>\n<tr class=\"tw-border-b tw-border-gray-200\" data-v-2a2d1a6f=\"\">\n<th class=\"tw-text-left tw-text-base tw-font-bold tw-pt-3 sm:tw-py-3 tw-block tw-px-0 sm:tw-table-cell\">Anmerkung<\/th>\n<td class=\"tw-pt-1 tw-pb-3 tw-px-0 sm:tw-py-3 sm:tw-pl-6 tw-block sm:tw-table-cell\">Die Abbildung kann abweichen. Der Hersteller beh\u00e4lt es sich vor, bestimmte Komponenten durch qualitativ gleichwertige zu ersetzen.<\/td>\n<\/tr>\n<\/tbody>\n<\/table>\n<\/div>","protected":false},"excerpt":{"rendered":"<p>Rondo Ruut AL 1 2X navy\/black 2022 Das Rondo Ruut AL 1 2X basiert auf dem wundersch\u00f6nen Ruut AL 2.0<\/p>","protected":false},"featured_media":62719,"comment_status":"open","ping_status":"closed","template":"","meta":[],"product_brand":[],"product_cat":[36,37,129],"product_tag":[],"class_list":{"0":"post-43042","1":"product","2":"type-product","3":"status-publish","4":"has-post-thumbnail","6":"product_cat-fahrrad","7":"product_cat-gravel-bikes","8":"product_cat-rennrad","9":"pa_marke-rondo","11":"first","12":"instock","13":"sale","14":"taxable","15":"shipping-taxable","16":"purchasable","17":"product-type-variable"},"yoast_head":"<!-- This site is optimized with the Yoast SEO Premium plugin v20.12 (Yoast SEO v27.1.1) - https:\/\/yoast.com\/product\/yoast-seo-premium-wordpress\/ -->\n<title>Rondo Ruut AL 1 2X navy\/black 2022<\/title>\n<meta name=\"description\" content=\"kgerad.de bietet Ihnen das Rondo Ruut AL 1 2X navy\/black 2022 zum besten Preis mit kostenlosem Versand in ganz EuropaRondo Ruut AL 1 2X\" \/>\n<meta name=\"robots\" content=\"index, follow, max-snippet:-1, max-image-preview:large, max-video-preview:-1\" \/>\n<link rel=\"canonical\" href=\"https:\/\/kgerad.de\/en\/product\/rondo-ruut-al-1-2x-navy-black-2022\/\" \/>\n<meta property=\"og:locale\" content=\"en_US\" \/>\n<meta property=\"og:type\" content=\"article\" \/>\n<meta property=\"og:title\" content=\"Rondo Ruut AL 1 2X navy\/black 2022\" \/>\n<meta property=\"og:description\" content=\"Entdecken Sie unseren Online-Fahrradladen: Gro\u00dfe Auswahl an Modellen f\u00fcr alle Radsportbegeisterten. Von Rennr\u00e4dern bis zu Mountainbikes - finden Sie heute Ihren perfekten Wegbegleiter!\" \/>\n<meta property=\"og:url\" content=\"https:\/\/kgerad.de\/en\/product\/rondo-ruut-al-1-2x-navy-black-2022\/\" \/>\n<meta property=\"og:site_name\" content=\"kgerad.de\" \/>\n<meta property=\"article:modified_time\" content=\"2023-08-11T07:26:38+00:00\" \/>\n<meta property=\"og:image\" content=\"https:\/\/kgerad.de\/wp-content\/uploads\/2023\/06\/Rondo-Ruut-AL-1-2X-navyblack-2022.jpg\" \/>\n\t<meta property=\"og:image:width\" content=\"900\" \/>\n\t<meta property=\"og:image:height\" content=\"600\" \/>\n\t<meta property=\"og:image:type\" content=\"image\/jpeg\" \/>\n<meta name=\"twitter:card\" content=\"summary_large_image\" \/>\n<meta name=\"twitter:label1\" content=\"Est. reading time\" \/>\n\t<meta name=\"twitter:data1\" content=\"2 minutes\" \/>\n<script type=\"application\/ld+json\" class=\"yoast-schema-graph\">{\"@context\":\"https:\/\/schema.org\",\"@graph\":[{\"@type\":\"WebPage\",\"@id\":\"https:\/\/kgerad.de\/produkt\/rondo-ruut-al-1-2x-navy-black-2022\/\",\"url\":\"https:\/\/kgerad.de\/produkt\/rondo-ruut-al-1-2x-navy-black-2022\/\",\"name\":\"Rondo Ruut AL 1 2X navy\/black 2022\",\"isPartOf\":{\"@id\":\"https:\/\/kgerad.de\/#website\"},\"primaryImageOfPage\":{\"@id\":\"https:\/\/kgerad.de\/produkt\/rondo-ruut-al-1-2x-navy-black-2022\/#primaryimage\"},\"image\":{\"@id\":\"https:\/\/kgerad.de\/produkt\/rondo-ruut-al-1-2x-navy-black-2022\/#primaryimage\"},\"thumbnailUrl\":\"https:\/\/kgerad.de\/wp-content\/uploads\/2023\/06\/Rondo-Ruut-AL-1-2X-navyblack-2022.jpg\",\"datePublished\":\"2022-11-22T20:43:37+00:00\",\"dateModified\":\"2023-08-11T07:26:38+00:00\",\"description\":\"kgerad.de bietet Ihnen das Rondo Ruut AL 1 2X navy\/black 2022 zum besten Preis mit kostenlosem Versand in ganz EuropaRondo Ruut AL 1 2X\",\"breadcrumb\":{\"@id\":\"https:\/\/kgerad.de\/produkt\/rondo-ruut-al-1-2x-navy-black-2022\/#breadcrumb\"},\"inLanguage\":\"en-US\",\"potentialAction\":[{\"@type\":\"ReadAction\",\"target\":[\"https:\/\/kgerad.de\/produkt\/rondo-ruut-al-1-2x-navy-black-2022\/\"]}]},{\"@type\":\"ImageObject\",\"inLanguage\":\"en-US\",\"@id\":\"https:\/\/kgerad.de\/produkt\/rondo-ruut-al-1-2x-navy-black-2022\/#primaryimage\",\"url\":\"https:\/\/kgerad.de\/wp-content\/uploads\/2023\/06\/Rondo-Ruut-AL-1-2X-navyblack-2022.jpg\",\"contentUrl\":\"https:\/\/kgerad.de\/wp-content\/uploads\/2023\/06\/Rondo-Ruut-AL-1-2X-navyblack-2022.jpg\",\"width\":900,\"height\":600,\"caption\":\"Rondo Ruut AL\"},{\"@type\":\"BreadcrumbList\",\"@id\":\"https:\/\/kgerad.de\/produkt\/rondo-ruut-al-1-2x-navy-black-2022\/#breadcrumb\",\"itemListElement\":[{\"@type\":\"ListItem\",\"position\":1,\"name\":\"Startseite\",\"item\":\"https:\/\/kgerad.de\/\"},{\"@type\":\"ListItem\",\"position\":2,\"name\":\"LADEN\",\"item\":\"https:\/\/kgerad.de\/laden\/\"},{\"@type\":\"ListItem\",\"position\":3,\"name\":\"Rondo Ruut AL 1 2X navy\/black 2022\"}]},{\"@type\":\"WebSite\",\"@id\":\"https:\/\/kgerad.de\/#website\",\"url\":\"https:\/\/kgerad.de\/\",\"name\":\"kgerad.de\",\"description\":\"Treten Sie mit uns ins Abenteuer!\",\"publisher\":{\"@id\":\"https:\/\/kgerad.de\/#organization\"},\"alternateName\":\"MEIN RADLADEN\",\"potentialAction\":[{\"@type\":\"SearchAction\",\"target\":{\"@type\":\"EntryPoint\",\"urlTemplate\":\"https:\/\/kgerad.de\/?s={search_term_string}\"},\"query-input\":{\"@type\":\"PropertyValueSpecification\",\"valueRequired\":true,\"valueName\":\"search_term_string\"}}],\"inLanguage\":\"en-US\"},{\"@type\":\"Organization\",\"@id\":\"https:\/\/kgerad.de\/#organization\",\"name\":\"MEINRADLADEN\",\"alternateName\":\"MEIN RADLADEN\",\"url\":\"https:\/\/kgerad.de\/\",\"logo\":{\"@type\":\"ImageObject\",\"inLanguage\":\"en-US\",\"@id\":\"https:\/\/kgerad.de\/#\/schema\/logo\/image\/\",\"url\":\"https:\/\/kgerad.de\/wp-content\/uploads\/2025\/07\/logo-Whit.svg\",\"contentUrl\":\"https:\/\/kgerad.de\/wp-content\/uploads\/2025\/07\/logo-Whit.svg\",\"width\":1640,\"height\":371,\"caption\":\"MEINRADLADEN\"},\"image\":{\"@id\":\"https:\/\/kgerad.de\/#\/schema\/logo\/image\/\"}}]}<\/script>\n<!-- \/ Yoast SEO Premium plugin. -->","yoast_head_json":{"title":"Rondo Ruut AL 1 2X navy\/black 2022","description":"kgerad.de bietet Ihnen das Rondo Ruut AL 1 2X navy\/black 2022 zum besten Preis mit kostenlosem Versand in ganz EuropaRondo Ruut AL 1 2X","robots":{"index":"index","follow":"follow","max-snippet":"max-snippet:-1","max-image-preview":"max-image-preview:large","max-video-preview":"max-video-preview:-1"},"canonical":"https:\/\/kgerad.de\/en\/product\/rondo-ruut-al-1-2x-navy-black-2022\/","og_locale":"en_US","og_type":"article","og_title":"Rondo Ruut AL 1 2X navy\/black 2022","og_description":"Entdecken Sie unseren Online-Fahrradladen: Gro\u00dfe Auswahl an Modellen f\u00fcr alle Radsportbegeisterten. Von Rennr\u00e4dern bis zu Mountainbikes - finden Sie heute Ihren perfekten Wegbegleiter!","og_url":"https:\/\/kgerad.de\/en\/product\/rondo-ruut-al-1-2x-navy-black-2022\/","og_site_name":"kgerad.de","article_modified_time":"2023-08-11T07:26:38+00:00","og_image":[{"width":900,"height":600,"url":"https:\/\/kgerad.de\/wp-content\/uploads\/2023\/06\/Rondo-Ruut-AL-1-2X-navyblack-2022.jpg","type":"image\/jpeg"}],"twitter_card":"summary_large_image","twitter_misc":{"Est. reading time":"2 minutes"},"schema":{"@context":"https:\/\/schema.org","@graph":[{"@type":"WebPage","@id":"https:\/\/kgerad.de\/produkt\/rondo-ruut-al-1-2x-navy-black-2022\/","url":"https:\/\/kgerad.de\/produkt\/rondo-ruut-al-1-2x-navy-black-2022\/","name":"Rondo Ruut AL 1 2X navy\/black 2022","isPartOf":{"@id":"https:\/\/kgerad.de\/#website"},"primaryImageOfPage":{"@id":"https:\/\/kgerad.de\/produkt\/rondo-ruut-al-1-2x-navy-black-2022\/#primaryimage"},"image":{"@id":"https:\/\/kgerad.de\/produkt\/rondo-ruut-al-1-2x-navy-black-2022\/#primaryimage"},"thumbnailUrl":"https:\/\/kgerad.de\/wp-content\/uploads\/2023\/06\/Rondo-Ruut-AL-1-2X-navyblack-2022.jpg","datePublished":"2022-11-22T20:43:37+00:00","dateModified":"2023-08-11T07:26:38+00:00","description":"kgerad.de bietet Ihnen das Rondo Ruut AL 1 2X navy\/black 2022 zum besten Preis mit kostenlosem Versand in ganz EuropaRondo Ruut AL 1 2X","breadcrumb":{"@id":"https:\/\/kgerad.de\/produkt\/rondo-ruut-al-1-2x-navy-black-2022\/#breadcrumb"},"inLanguage":"en-US","potentialAction":[{"@type":"ReadAction","target":["https:\/\/kgerad.de\/produkt\/rondo-ruut-al-1-2x-navy-black-2022\/"]}]},{"@type":"ImageObject","inLanguage":"en-US","@id":"https:\/\/kgerad.de\/produkt\/rondo-ruut-al-1-2x-navy-black-2022\/#primaryimage","url":"https:\/\/kgerad.de\/wp-content\/uploads\/2023\/06\/Rondo-Ruut-AL-1-2X-navyblack-2022.jpg","contentUrl":"https:\/\/kgerad.de\/wp-content\/uploads\/2023\/06\/Rondo-Ruut-AL-1-2X-navyblack-2022.jpg","width":900,"height":600,"caption":"Rondo Ruut AL"},{"@type":"BreadcrumbList","@id":"https:\/\/kgerad.de\/produkt\/rondo-ruut-al-1-2x-navy-black-2022\/#breadcrumb","itemListElement":[{"@type":"ListItem","position":1,"name":"Startseite","item":"https:\/\/kgerad.de\/"},{"@type":"ListItem","position":2,"name":"LADEN","item":"https:\/\/kgerad.de\/laden\/"},{"@type":"ListItem","position":3,"name":"Rondo Ruut AL 1 2X navy\/black 2022"}]},{"@type":"WebSite","@id":"https:\/\/kgerad.de\/#website","url":"https:\/\/kgerad.de\/","name":"kgerad.de","description":"Treten Sie mit uns ins Abenteuer!","publisher":{"@id":"https:\/\/kgerad.de\/#organization"},"alternateName":"MEIN RADLADEN","potentialAction":[{"@type":"SearchAction","target":{"@type":"EntryPoint","urlTemplate":"https:\/\/kgerad.de\/?s={search_term_string}"},"query-input":{"@type":"PropertyValueSpecification","valueRequired":true,"valueName":"search_term_string"}}],"inLanguage":"en-US"},{"@type":"Organization","@id":"https:\/\/kgerad.de\/#organization","name":"MEINRADLADEN","alternateName":"MEIN RADLADEN","url":"https:\/\/kgerad.de\/","logo":{"@type":"ImageObject","inLanguage":"en-US","@id":"https:\/\/kgerad.de\/#\/schema\/logo\/image\/","url":"https:\/\/kgerad.de\/wp-content\/uploads\/2025\/07\/logo-Whit.svg","contentUrl":"https:\/\/kgerad.de\/wp-content\/uploads\/2025\/07\/logo-Whit.svg","width":1640,"height":371,"caption":"MEINRADLADEN"},"image":{"@id":"https:\/\/kgerad.de\/#\/schema\/logo\/image\/"}}]}},"_links":{"self":[{"href":"https:\/\/kgerad.de\/en\/wp-json\/wp\/v2\/product\/43042","targetHints":{"allow":["GET"]}}],"collection":[{"href":"https:\/\/kgerad.de\/en\/wp-json\/wp\/v2\/product"}],"about":[{"href":"https:\/\/kgerad.de\/en\/wp-json\/wp\/v2\/types\/product"}],"replies":[{"embeddable":true,"href":"https:\/\/kgerad.de\/en\/wp-json\/wp\/v2\/comments?post=43042"}],"version-history":[{"count":1,"href":"https:\/\/kgerad.de\/en\/wp-json\/wp\/v2\/product\/43042\/revisions"}],"predecessor-version":[{"id":79245,"href":"https:\/\/kgerad.de\/en\/wp-json\/wp\/v2\/product\/43042\/revisions\/79245"}],"wp:featuredmedia":[{"embeddable":true,"href":"https:\/\/kgerad.de\/en\/wp-json\/wp\/v2\/media\/62719"}],"wp:attachment":[{"href":"https:\/\/kgerad.de\/en\/wp-json\/wp\/v2\/media?parent=43042"}],"wp:term":[{"taxonomy":"product_brand","embeddable":true,"href":"https:\/\/kgerad.de\/en\/wp-json\/wp\/v2\/product_brand?post=43042"},{"taxonomy":"product_cat","embeddable":true,"href":"https:\/\/kgerad.de\/en\/wp-json\/wp\/v2\/product_cat?post=43042"},{"taxonomy":"product_tag","embeddable":true,"href":"https:\/\/kgerad.de\/en\/wp-json\/wp\/v2\/product_tag?post=43042"}],"curies":[{"name":"wp","href":"https:\/\/api.w.org\/{rel}","templated":true}]}}