{"id":43036,"date":"2022-11-22T21:08:11","date_gmt":"2022-11-22T20:08:11","guid":{"rendered":"https:\/\/kgerad.de\/?post_type=product&#038;p=43036"},"modified":"2023-06-05T09:51:10","modified_gmt":"2023-06-05T07:51:10","slug":"cortina-e-u4-transport-damenrad","status":"publish","type":"product","link":"https:\/\/kgerad.de\/en\/product\/cortina-e-u4-transport-damenrad\/","title":{"rendered":"CORTINA E-U4 TRANSPORT DAMENRAD"},"content":{"rendered":"<h2 class=\"head head-display mb-0\">CORTINA E-U4 TRANSPORT DAMENRAD<\/h2>\n<p>Das Rad, mit dem Cortina einst bekannt geworden ist: aber jetzt elektrisch! Das CORTINA E-U4 TRANSPORT DAMENRAD Transport kombiniert die Optik des bekannten <a href=\"http:\/\/1-1\">Transportfahrrads<\/a> mit dem <a href=\"http:\/\/1-1\">Komfort<\/a> eines leistungsstarken Frontmotors. Ein Gewinn <a href=\"http:\/\/cortinafahrrad.d\">f\u00fcr<\/a> beide Seiten!<\/p>\n<div class=\"h3 twt-product-properties-description-title\"><strong>Eigenschaften &#8222;Cortina E-U4 Transport E Bike Hollandrad Damen 28 Zoll Rot 300Wh 57&#8220;<\/strong><\/div>\n<div><\/div>\n<div><\/div>\n<div class=\"twt-product-detail-properties-text\">\n<div class=\"product-detail-properties\">\n<div class=\"row product-detail-properties-container\">\n<div class=\"col-md-10 col-lg-6\">\n<table class=\"table table-striped product-detail-properties-table\">\n<tbody>\n<tr class=\"properties-row\">\n<th class=\"properties-label\">Fahrradtyp:<\/th>\n<td class=\"properties-value\">E Bike Damen, Urban E Bike<\/td>\n<\/tr>\n<tr class=\"properties-row\">\n<th class=\"properties-label\">Farbe:<\/th>\n<td class=\"properties-value\">Rot<\/td>\n<\/tr>\n<tr class=\"properties-row\">\n<th class=\"properties-label\">Radgr\u00f6\u00dfe:<\/th>\n<td class=\"properties-value\">28 Zoll<\/td>\n<\/tr>\n<tr class=\"properties-row\">\n<th class=\"properties-label\">Rahmen:<\/th>\n<td class=\"properties-value\">Trapezrahmen<\/td>\n<\/tr>\n<tr class=\"properties-row\">\n<th class=\"properties-label\">Rahmengr\u00f6\u00dfe:<\/th>\n<td class=\"properties-value\">22.5&#8243;\/57 cm<\/td>\n<\/tr>\n<tr class=\"properties-row\">\n<th class=\"properties-label\">Motorplatzierung:<\/th>\n<td class=\"properties-value\">Vorderradmotor<\/td>\n<\/tr>\n<tr class=\"properties-row\">\n<th class=\"properties-label\">Batterieplatzierung:<\/th>\n<td class=\"properties-value\">Gep\u00e4cktr\u00e4ger<\/td>\n<\/tr>\n<tr class=\"properties-row\">\n<th class=\"properties-label\">Motorleistung (Watt):<\/th>\n<td class=\"properties-value\">250 W<\/td>\n<\/tr>\n<tr class=\"properties-row\">\n<th class=\"properties-label\">Batterie:<\/th>\n<td class=\"properties-value\">300Wh<\/td>\n<\/tr>\n<tr class=\"properties-row\">\n<th class=\"properties-label\">Rahmenmaterial:<\/th>\n<td class=\"properties-value\">Aluminium<\/td>\n<\/tr>\n<tr class=\"properties-row\">\n<th class=\"properties-label\">Gewicht:<\/th>\n<td class=\"properties-value\">28kg<\/td>\n<\/tr>\n<tr class=\"properties-row\">\n<th class=\"properties-label\">Akku Abnehmbar?:<\/th>\n<td class=\"properties-value\">Ja<\/td>\n<\/tr>\n<tr class=\"properties-row\">\n<th class=\"properties-label\">Drehmoment:<\/th>\n<td class=\"properties-value\">30Nm<\/td>\n<\/tr>\n<tr class=\"properties-row\">\n<th class=\"properties-label\">G\u00e4nge:<\/th>\n<td class=\"properties-value\">7<\/td>\n<\/tr>\n<tr class=\"properties-row\">\n<th class=\"properties-label\">Federung:<\/th>\n<td class=\"properties-value\">Ohne<\/td>\n<\/tr>\n<tr class=\"properties-row\">\n<th class=\"properties-label\">Bremssystem:<\/th>\n<td class=\"properties-value\">Roller brake<\/td>\n<\/tr>\n<tr class=\"properties-row\">\n<th class=\"properties-label\">Max. Geschwindigkeit:<\/th>\n<td class=\"properties-value\">25km\/h<\/td>\n<\/tr>\n<tr class=\"properties-row\">\n<th class=\"properties-label\">Antriebsstrang:<\/th>\n<td class=\"properties-value\">Kettenantrieb<\/td>\n<\/tr>\n<tr class=\"properties-row\">\n<th class=\"properties-label\">Gangschaltung:<\/th>\n<td class=\"properties-value\">Nabenschaltung<\/td>\n<\/tr>\n<tr class=\"properties-row\">\n<th class=\"properties-label\">Nabenschaltung:<\/th>\n<td class=\"properties-value\">Shimano Nexus 7<\/td>\n<\/tr>\n<tr class=\"properties-row\">\n<th class=\"properties-label\">Garantie:<\/th>\n<td class=\"properties-value\">2 Jahre<\/td>\n<\/tr>\n<\/tbody>\n<\/table>\n<\/div>\n<\/div>\n<\/div>\n<\/div>","protected":false},"excerpt":{"rendered":"<p>CORTINA E-U4 TRANSPORT DAMENRAD Das Rad, mit dem Cortina einst bekannt geworden ist: aber jetzt elektrisch! Das CORTINA E-U4 TRANSPORT<\/p>","protected":false},"featured_media":62711,"comment_status":"open","ping_status":"closed","template":"","meta":[],"product_brand":[],"product_cat":[33,34,400],"product_tag":[],"class_list":{"0":"post-43036","1":"product","2":"type-product","3":"status-publish","4":"has-post-thumbnail","6":"product_cat-e-bike","7":"product_cat-e-bike-city-urban","8":"product_cat-e-bike-hollandrad","9":"pa_marke-cortina","11":"first","12":"instock","13":"taxable","14":"shipping-taxable","15":"purchasable","16":"product-type-variable"},"yoast_head":"<!-- This site is optimized with the Yoast SEO Premium plugin v20.12 (Yoast SEO v27.1.1) - https:\/\/yoast.com\/product\/yoast-seo-premium-wordpress\/ -->\n<title>CORTINA E-U4 TRANSPORT DAMENRAD<\/title>\n<meta name=\"description\" content=\"kgerad.de bietet Ihnen das CORTINA E-U4 TRANSPORT DAMENRAD zum besten Preis mit kostenlosem Versand in ganz EuropacORTINA E-U4CORTINA E-U4\" \/>\n<meta name=\"robots\" content=\"index, follow, max-snippet:-1, max-image-preview:large, max-video-preview:-1\" \/>\n<link rel=\"canonical\" href=\"https:\/\/kgerad.de\/en\/product\/cortina-e-u4-transport-damenrad\/\" \/>\n<meta property=\"og:locale\" content=\"en_US\" \/>\n<meta property=\"og:type\" content=\"article\" \/>\n<meta property=\"og:title\" content=\"CORTINA E-U4 TRANSPORT DAMENRAD\" \/>\n<meta property=\"og:description\" content=\"Entdecken Sie unseren Online-Fahrradladen: Gro\u00dfe Auswahl an Modellen f\u00fcr alle Radsportbegeisterten. Von Rennr\u00e4dern bis zu Mountainbikes - finden Sie heute Ihren perfekten Wegbegleiter!\" \/>\n<meta property=\"og:url\" content=\"https:\/\/kgerad.de\/en\/product\/cortina-e-u4-transport-damenrad\/\" \/>\n<meta property=\"og:site_name\" content=\"kgerad.de\" \/>\n<meta property=\"article:modified_time\" content=\"2023-06-05T07:51:10+00:00\" \/>\n<meta property=\"og:image\" content=\"https:\/\/kgerad.de\/wp-content\/uploads\/2023\/06\/CET7EFMD57RASMx767.jpg\" \/>\n\t<meta property=\"og:image:width\" content=\"767\" \/>\n\t<meta property=\"og:image:height\" content=\"767\" \/>\n\t<meta property=\"og:image:type\" content=\"image\/jpeg\" \/>\n<meta name=\"twitter:card\" content=\"summary_large_image\" \/>\n<meta name=\"twitter:label1\" content=\"Est. reading time\" \/>\n\t<meta name=\"twitter:data1\" content=\"1 minute\" \/>\n<script type=\"application\/ld+json\" class=\"yoast-schema-graph\">{\"@context\":\"https:\/\/schema.org\",\"@graph\":[{\"@type\":\"WebPage\",\"@id\":\"https:\/\/kgerad.de\/produkt\/cortina-e-u4-transport-damenrad\/\",\"url\":\"https:\/\/kgerad.de\/produkt\/cortina-e-u4-transport-damenrad\/\",\"name\":\"CORTINA E-U4 TRANSPORT DAMENRAD\",\"isPartOf\":{\"@id\":\"https:\/\/kgerad.de\/#website\"},\"primaryImageOfPage\":{\"@id\":\"https:\/\/kgerad.de\/produkt\/cortina-e-u4-transport-damenrad\/#primaryimage\"},\"image\":{\"@id\":\"https:\/\/kgerad.de\/produkt\/cortina-e-u4-transport-damenrad\/#primaryimage\"},\"thumbnailUrl\":\"https:\/\/kgerad.de\/wp-content\/uploads\/2023\/06\/CET7EFMD57RASMx767.jpg\",\"datePublished\":\"2022-11-22T20:08:11+00:00\",\"dateModified\":\"2023-06-05T07:51:10+00:00\",\"description\":\"kgerad.de bietet Ihnen das CORTINA E-U4 TRANSPORT DAMENRAD zum besten Preis mit kostenlosem Versand in ganz EuropacORTINA E-U4CORTINA E-U4\",\"breadcrumb\":{\"@id\":\"https:\/\/kgerad.de\/produkt\/cortina-e-u4-transport-damenrad\/#breadcrumb\"},\"inLanguage\":\"en-US\",\"potentialAction\":[{\"@type\":\"ReadAction\",\"target\":[\"https:\/\/kgerad.de\/produkt\/cortina-e-u4-transport-damenrad\/\"]}]},{\"@type\":\"ImageObject\",\"inLanguage\":\"en-US\",\"@id\":\"https:\/\/kgerad.de\/produkt\/cortina-e-u4-transport-damenrad\/#primaryimage\",\"url\":\"https:\/\/kgerad.de\/wp-content\/uploads\/2023\/06\/CET7EFMD57RASMx767.jpg\",\"contentUrl\":\"https:\/\/kgerad.de\/wp-content\/uploads\/2023\/06\/CET7EFMD57RASMx767.jpg\",\"width\":767,\"height\":767,\"caption\":\"CORTINA E-U4 TRANSPORT DAMENRAD\"},{\"@type\":\"BreadcrumbList\",\"@id\":\"https:\/\/kgerad.de\/produkt\/cortina-e-u4-transport-damenrad\/#breadcrumb\",\"itemListElement\":[{\"@type\":\"ListItem\",\"position\":1,\"name\":\"Startseite\",\"item\":\"https:\/\/kgerad.de\/\"},{\"@type\":\"ListItem\",\"position\":2,\"name\":\"LADEN\",\"item\":\"https:\/\/kgerad.de\/laden\/\"},{\"@type\":\"ListItem\",\"position\":3,\"name\":\"CORTINA E-U4 TRANSPORT DAMENRAD\"}]},{\"@type\":\"WebSite\",\"@id\":\"https:\/\/kgerad.de\/#website\",\"url\":\"https:\/\/kgerad.de\/\",\"name\":\"kgerad.de\",\"description\":\"Treten Sie mit uns ins Abenteuer!\",\"publisher\":{\"@id\":\"https:\/\/kgerad.de\/#organization\"},\"alternateName\":\"MEIN RADLADEN\",\"potentialAction\":[{\"@type\":\"SearchAction\",\"target\":{\"@type\":\"EntryPoint\",\"urlTemplate\":\"https:\/\/kgerad.de\/?s={search_term_string}\"},\"query-input\":{\"@type\":\"PropertyValueSpecification\",\"valueRequired\":true,\"valueName\":\"search_term_string\"}}],\"inLanguage\":\"en-US\"},{\"@type\":\"Organization\",\"@id\":\"https:\/\/kgerad.de\/#organization\",\"name\":\"MEINRADLADEN\",\"alternateName\":\"MEIN RADLADEN\",\"url\":\"https:\/\/kgerad.de\/\",\"logo\":{\"@type\":\"ImageObject\",\"inLanguage\":\"en-US\",\"@id\":\"https:\/\/kgerad.de\/#\/schema\/logo\/image\/\",\"url\":\"https:\/\/kgerad.de\/wp-content\/uploads\/2025\/07\/logo-Whit.svg\",\"contentUrl\":\"https:\/\/kgerad.de\/wp-content\/uploads\/2025\/07\/logo-Whit.svg\",\"width\":1640,\"height\":371,\"caption\":\"MEINRADLADEN\"},\"image\":{\"@id\":\"https:\/\/kgerad.de\/#\/schema\/logo\/image\/\"}}]}<\/script>\n<!-- \/ Yoast SEO Premium plugin. -->","yoast_head_json":{"title":"CORTINA E-U4 TRANSPORT DAMENRAD","description":"kgerad.de bietet Ihnen das CORTINA E-U4 TRANSPORT DAMENRAD zum besten Preis mit kostenlosem Versand in ganz EuropacORTINA E-U4CORTINA E-U4","robots":{"index":"index","follow":"follow","max-snippet":"max-snippet:-1","max-image-preview":"max-image-preview:large","max-video-preview":"max-video-preview:-1"},"canonical":"https:\/\/kgerad.de\/en\/product\/cortina-e-u4-transport-damenrad\/","og_locale":"en_US","og_type":"article","og_title":"CORTINA E-U4 TRANSPORT DAMENRAD","og_description":"Entdecken Sie unseren Online-Fahrradladen: Gro\u00dfe Auswahl an Modellen f\u00fcr alle Radsportbegeisterten. Von Rennr\u00e4dern bis zu Mountainbikes - finden Sie heute Ihren perfekten Wegbegleiter!","og_url":"https:\/\/kgerad.de\/en\/product\/cortina-e-u4-transport-damenrad\/","og_site_name":"kgerad.de","article_modified_time":"2023-06-05T07:51:10+00:00","og_image":[{"width":767,"height":767,"url":"https:\/\/kgerad.de\/wp-content\/uploads\/2023\/06\/CET7EFMD57RASMx767.jpg","type":"image\/jpeg"}],"twitter_card":"summary_large_image","twitter_misc":{"Est. reading time":"1 minute"},"schema":{"@context":"https:\/\/schema.org","@graph":[{"@type":"WebPage","@id":"https:\/\/kgerad.de\/produkt\/cortina-e-u4-transport-damenrad\/","url":"https:\/\/kgerad.de\/produkt\/cortina-e-u4-transport-damenrad\/","name":"CORTINA E-U4 TRANSPORT DAMENRAD","isPartOf":{"@id":"https:\/\/kgerad.de\/#website"},"primaryImageOfPage":{"@id":"https:\/\/kgerad.de\/produkt\/cortina-e-u4-transport-damenrad\/#primaryimage"},"image":{"@id":"https:\/\/kgerad.de\/produkt\/cortina-e-u4-transport-damenrad\/#primaryimage"},"thumbnailUrl":"https:\/\/kgerad.de\/wp-content\/uploads\/2023\/06\/CET7EFMD57RASMx767.jpg","datePublished":"2022-11-22T20:08:11+00:00","dateModified":"2023-06-05T07:51:10+00:00","description":"kgerad.de bietet Ihnen das CORTINA E-U4 TRANSPORT DAMENRAD zum besten Preis mit kostenlosem Versand in ganz EuropacORTINA E-U4CORTINA E-U4","breadcrumb":{"@id":"https:\/\/kgerad.de\/produkt\/cortina-e-u4-transport-damenrad\/#breadcrumb"},"inLanguage":"en-US","potentialAction":[{"@type":"ReadAction","target":["https:\/\/kgerad.de\/produkt\/cortina-e-u4-transport-damenrad\/"]}]},{"@type":"ImageObject","inLanguage":"en-US","@id":"https:\/\/kgerad.de\/produkt\/cortina-e-u4-transport-damenrad\/#primaryimage","url":"https:\/\/kgerad.de\/wp-content\/uploads\/2023\/06\/CET7EFMD57RASMx767.jpg","contentUrl":"https:\/\/kgerad.de\/wp-content\/uploads\/2023\/06\/CET7EFMD57RASMx767.jpg","width":767,"height":767,"caption":"CORTINA E-U4 TRANSPORT DAMENRAD"},{"@type":"BreadcrumbList","@id":"https:\/\/kgerad.de\/produkt\/cortina-e-u4-transport-damenrad\/#breadcrumb","itemListElement":[{"@type":"ListItem","position":1,"name":"Startseite","item":"https:\/\/kgerad.de\/"},{"@type":"ListItem","position":2,"name":"LADEN","item":"https:\/\/kgerad.de\/laden\/"},{"@type":"ListItem","position":3,"name":"CORTINA E-U4 TRANSPORT DAMENRAD"}]},{"@type":"WebSite","@id":"https:\/\/kgerad.de\/#website","url":"https:\/\/kgerad.de\/","name":"kgerad.de","description":"Treten Sie mit uns ins Abenteuer!","publisher":{"@id":"https:\/\/kgerad.de\/#organization"},"alternateName":"MEIN RADLADEN","potentialAction":[{"@type":"SearchAction","target":{"@type":"EntryPoint","urlTemplate":"https:\/\/kgerad.de\/?s={search_term_string}"},"query-input":{"@type":"PropertyValueSpecification","valueRequired":true,"valueName":"search_term_string"}}],"inLanguage":"en-US"},{"@type":"Organization","@id":"https:\/\/kgerad.de\/#organization","name":"MEINRADLADEN","alternateName":"MEIN RADLADEN","url":"https:\/\/kgerad.de\/","logo":{"@type":"ImageObject","inLanguage":"en-US","@id":"https:\/\/kgerad.de\/#\/schema\/logo\/image\/","url":"https:\/\/kgerad.de\/wp-content\/uploads\/2025\/07\/logo-Whit.svg","contentUrl":"https:\/\/kgerad.de\/wp-content\/uploads\/2025\/07\/logo-Whit.svg","width":1640,"height":371,"caption":"MEINRADLADEN"},"image":{"@id":"https:\/\/kgerad.de\/#\/schema\/logo\/image\/"}}]}},"_links":{"self":[{"href":"https:\/\/kgerad.de\/en\/wp-json\/wp\/v2\/product\/43036","targetHints":{"allow":["GET"]}}],"collection":[{"href":"https:\/\/kgerad.de\/en\/wp-json\/wp\/v2\/product"}],"about":[{"href":"https:\/\/kgerad.de\/en\/wp-json\/wp\/v2\/types\/product"}],"replies":[{"embeddable":true,"href":"https:\/\/kgerad.de\/en\/wp-json\/wp\/v2\/comments?post=43036"}],"version-history":[{"count":0,"href":"https:\/\/kgerad.de\/en\/wp-json\/wp\/v2\/product\/43036\/revisions"}],"wp:featuredmedia":[{"embeddable":true,"href":"https:\/\/kgerad.de\/en\/wp-json\/wp\/v2\/media\/62711"}],"wp:attachment":[{"href":"https:\/\/kgerad.de\/en\/wp-json\/wp\/v2\/media?parent=43036"}],"wp:term":[{"taxonomy":"product_brand","embeddable":true,"href":"https:\/\/kgerad.de\/en\/wp-json\/wp\/v2\/product_brand?post=43036"},{"taxonomy":"product_cat","embeddable":true,"href":"https:\/\/kgerad.de\/en\/wp-json\/wp\/v2\/product_cat?post=43036"},{"taxonomy":"product_tag","embeddable":true,"href":"https:\/\/kgerad.de\/en\/wp-json\/wp\/v2\/product_tag?post=43036"}],"curies":[{"name":"wp","href":"https:\/\/api.w.org\/{rel}","templated":true}]}}