{"id":43024,"date":"2022-11-22T20:49:42","date_gmt":"2022-11-22T19:49:42","guid":{"rendered":"https:\/\/kgerad.de\/?post_type=product&#038;p=43024"},"modified":"2023-08-11T09:26:52","modified_gmt":"2023-08-11T07:26:52","slug":"cortina-e-common-damenrad","status":"publish","type":"product","link":"https:\/\/kgerad.de\/en\/product\/cortina-e-common-damenrad\/","title":{"rendered":"CORTINA E-COMMON DAMENRAD"},"content":{"rendered":"<h2 class=\"head head-display mb-0\">CORTINA E-COMMON DAMENRAD<\/h2>\n<p>Das Fahrrad des Jahres, aber in der E-Bike Variante! Das Cortina E-Common ist kein gew\u00f6hnliches Fahrrad! Dieses trendige Fahrrad besitzt einen einzigartigen Rahmen in auffallenden Farben, speziell f\u00fcr Cortina entworfene Reifen und einen ganz besonderen Front- und Gep\u00e4cktr\u00e4ger! Die Tr\u00e4ger sind n\u00e4mlich mit dem integrierten AtranVelo System (AVS) ausgestattet &#8211; damit kannst du ganz einfach einen Korb an deinem Rad befestigen und auch wieder abnehmen. F\u00e4hrst du kurz zum Supermarkt, klick den Korb einfach los und nimm ihn mit ins Gesch\u00e4ft.<\/p>\n<p>Nach erledigtem Einkauf klickst du den gef\u00fcllten Korb ganz einfach wieder vorne oder hinten auf dem Rad fest. Oder stellst du dein Fahrrad regelm\u00e4\u00dfig an einer unbewachten Stelle ab? Auch dann kannst du deinen Korb einfach schnell mitnehmen. Das Cortina E-Common ist in verschiedenen Ausf\u00fchrungen erh\u00e4ltlich, von denen sich die schwarzen Details wie Front- und Gep\u00e4cktr\u00e4ger, Kettenschutz und Schutzbleche sehr sch\u00f6n abheben. Dieses Cortina E-Common ist mit einem Bafang Frontmotor ausgestattet und mit dem Akku deiner Wahl kannst du jede gew\u00fcnschte Distanz zur\u00fccklegen.<\/p>\n<div class=\"h3 twt-product-properties-description-title\"><strong>Eigenschaften &#8222;Cortina E Bike Hollandrad Damen Tiefeinsteiger 28 Zoll E-Common Schwarz 450 L&#8220;<\/strong><\/div>\n<div><\/div>\n<div><\/div>\n<div class=\"twt-product-detail-properties-text\">\n<div class=\"product-detail-properties\">\n<div class=\"row product-detail-properties-container\">\n<div class=\"col-md-10 col-lg-6\">\n<table class=\"table table-striped product-detail-properties-table\">\n<tbody>\n<tr class=\"properties-row\">\n<th class=\"properties-label\">Fahrradtyp:<\/th>\n<td class=\"properties-value\">E Bike Damen, E Bike Mittelmotor, Urban E Bike<\/td>\n<\/tr>\n<tr class=\"properties-row\">\n<th class=\"properties-label\">Motor Hersteller:<\/th>\n<td class=\"properties-value\">Bafang<\/td>\n<\/tr>\n<tr class=\"properties-row\">\n<th class=\"properties-label\">Farbe:<\/th>\n<td class=\"properties-value\">Schwarz<\/td>\n<\/tr>\n<tr class=\"properties-row\">\n<th class=\"properties-label\">Radgr\u00f6\u00dfe:<\/th>\n<td class=\"properties-value\">28 Zoll<\/td>\n<\/tr>\n<tr class=\"properties-row\">\n<th class=\"properties-label\">Rahmen:<\/th>\n<td class=\"properties-value\">Schwanenhalsrahmen<\/td>\n<\/tr>\n<tr class=\"properties-row\">\n<th class=\"properties-label\">Rahmengr\u00f6\u00dfe:<\/th>\n<td class=\"properties-value\">22.5&#8243;\/57 cm<\/td>\n<\/tr>\n<tr class=\"properties-row\">\n<th class=\"properties-label\">Motorplatzierung:<\/th>\n<td class=\"properties-value\">Mittelmotor<\/td>\n<\/tr>\n<tr class=\"properties-row\">\n<th class=\"properties-label\">Batterieplatzierung:<\/th>\n<td class=\"properties-value\">Gep\u00e4cktr\u00e4ger<\/td>\n<\/tr>\n<tr class=\"properties-row\">\n<th class=\"properties-label\">Motorleistung (Watt):<\/th>\n<td class=\"properties-value\">250 W<\/td>\n<\/tr>\n<tr class=\"properties-row\">\n<th class=\"properties-label\">Batterie:<\/th>\n<td class=\"properties-value\">450Wh<\/td>\n<\/tr>\n<tr class=\"properties-row\">\n<th class=\"properties-label\">Rahmenmaterial:<\/th>\n<td class=\"properties-value\">Aluminium<\/td>\n<\/tr>\n<tr class=\"properties-row\">\n<th class=\"properties-label\">Gewicht:<\/th>\n<td class=\"properties-value\">28kg<\/td>\n<\/tr>\n<tr class=\"properties-row\">\n<th class=\"properties-label\">Akku Abnehmbar?:<\/th>\n<td class=\"properties-value\">Ja<\/td>\n<\/tr>\n<tr class=\"properties-row\">\n<th class=\"properties-label\">Drehmoment:<\/th>\n<td class=\"properties-value\">80Nm<\/td>\n<\/tr>\n<tr class=\"properties-row\">\n<th class=\"properties-label\">G\u00e4nge:<\/th>\n<td class=\"properties-value\">8<\/td>\n<\/tr>\n<tr class=\"properties-row\">\n<th class=\"properties-label\">Federung:<\/th>\n<td class=\"properties-value\">Ohne<\/td>\n<\/tr>\n<tr class=\"properties-row\">\n<th class=\"properties-label\">Bremssystem:<\/th>\n<td class=\"properties-value\">Felgenbremse<\/td>\n<\/tr>\n<tr class=\"properties-row\">\n<th class=\"properties-label\">Max. Geschwindigkeit:<\/th>\n<td class=\"properties-value\">25km\/h<\/td>\n<\/tr>\n<tr class=\"properties-row\">\n<th class=\"properties-label\">Antriebsstrang:<\/th>\n<td class=\"properties-value\">Kettenantrieb<\/td>\n<\/tr>\n<tr class=\"properties-row\">\n<th class=\"properties-label\">Gangschaltung:<\/th>\n<td class=\"properties-value\">Nabenschaltung<\/td>\n<\/tr>\n<tr class=\"properties-row\">\n<th class=\"properties-label\">Nabenschaltung:<\/th>\n<td class=\"properties-value\">Shimano Nexus 8<\/td>\n<\/tr>\n<tr class=\"properties-row\">\n<th class=\"properties-label\">Garantie:<\/th>\n<td class=\"properties-value\">2 Jahre<\/td>\n<\/tr>\n<\/tbody>\n<\/table>\n<\/div>\n<\/div>\n<\/div>\n<\/div>\n<div class=\"twt-product-detail-properties-text\">\n<div class=\"product-detail-properties\">\n<div class=\"row product-detail-properties-container\"><\/div>\n<\/div>\n<\/div>","protected":false},"excerpt":{"rendered":"<p>CORTINA E-COMMON DAMENRAD Das Fahrrad des Jahres, aber in der E-Bike Variante! Das Cortina E-Common ist kein gew\u00f6hnliches Fahrrad! Dieses<\/p>","protected":false},"featured_media":62710,"comment_status":"open","ping_status":"closed","template":"","meta":[],"product_brand":[],"product_cat":[33,34,400],"product_tag":[],"class_list":{"0":"post-43024","1":"product","2":"type-product","3":"status-publish","4":"has-post-thumbnail","6":"product_cat-e-bike","7":"product_cat-e-bike-city-urban","8":"product_cat-e-bike-hollandrad","9":"pa_marke-cortina","11":"first","12":"instock","13":"sale","14":"taxable","15":"shipping-taxable","16":"purchasable","17":"product-type-variable"},"yoast_head":"<!-- This site is optimized with the Yoast SEO Premium plugin v20.12 (Yoast SEO v27.1.1) - https:\/\/yoast.com\/product\/yoast-seo-premium-wordpress\/ -->\n<title>CORTINA E-COMMON DAMENRAD<\/title>\n<meta name=\"description\" content=\"kgerad.de bietet Ihnen das CORTINA E-COMMON DAMENRAD zum besten Preis mit kostenlosem Versand in ganz EuropaCortina E-CommonCortina E-Common\" \/>\n<meta name=\"robots\" content=\"index, follow, max-snippet:-1, max-image-preview:large, max-video-preview:-1\" \/>\n<link rel=\"canonical\" href=\"https:\/\/kgerad.de\/en\/product\/cortina-e-common-damenrad\/\" \/>\n<meta property=\"og:locale\" content=\"en_US\" \/>\n<meta property=\"og:type\" content=\"article\" \/>\n<meta property=\"og:title\" content=\"CORTINA E-COMMON DAMENRAD\" \/>\n<meta property=\"og:description\" content=\"Entdecken Sie unseren Online-Fahrradladen: Gro\u00dfe Auswahl an Modellen f\u00fcr alle Radsportbegeisterten. Von Rennr\u00e4dern bis zu Mountainbikes - finden Sie heute Ihren perfekten Wegbegleiter!\" \/>\n<meta property=\"og:url\" content=\"https:\/\/kgerad.de\/en\/product\/cortina-e-common-damenrad\/\" \/>\n<meta property=\"og:site_name\" content=\"kgerad.de\" \/>\n<meta property=\"article:modified_time\" content=\"2023-08-11T07:26:52+00:00\" \/>\n<meta property=\"og:image\" content=\"https:\/\/kgerad.de\/wp-content\/uploads\/2023\/06\/Hollandrad-E-Bike-Damen-Mittelmotor-28-Zoll-Cortina-E-C-Schwarz-Fahrrad-600x409-1.webp\" \/>\n\t<meta property=\"og:image:width\" content=\"600\" \/>\n\t<meta property=\"og:image:height\" content=\"409\" \/>\n\t<meta property=\"og:image:type\" content=\"image\/webp\" \/>\n<meta name=\"twitter:card\" content=\"summary_large_image\" \/>\n<meta name=\"twitter:label1\" content=\"Est. reading time\" \/>\n\t<meta name=\"twitter:data1\" content=\"2 minutes\" \/>\n<script type=\"application\/ld+json\" class=\"yoast-schema-graph\">{\"@context\":\"https:\/\/schema.org\",\"@graph\":[{\"@type\":\"WebPage\",\"@id\":\"https:\/\/kgerad.de\/produkt\/cortina-e-common-damenrad\/\",\"url\":\"https:\/\/kgerad.de\/produkt\/cortina-e-common-damenrad\/\",\"name\":\"CORTINA E-COMMON DAMENRAD\",\"isPartOf\":{\"@id\":\"https:\/\/kgerad.de\/#website\"},\"primaryImageOfPage\":{\"@id\":\"https:\/\/kgerad.de\/produkt\/cortina-e-common-damenrad\/#primaryimage\"},\"image\":{\"@id\":\"https:\/\/kgerad.de\/produkt\/cortina-e-common-damenrad\/#primaryimage\"},\"thumbnailUrl\":\"https:\/\/kgerad.de\/wp-content\/uploads\/2023\/06\/Hollandrad-E-Bike-Damen-Mittelmotor-28-Zoll-Cortina-E-C-Schwarz-Fahrrad-600x409-1.webp\",\"datePublished\":\"2022-11-22T19:49:42+00:00\",\"dateModified\":\"2023-08-11T07:26:52+00:00\",\"description\":\"kgerad.de bietet Ihnen das CORTINA E-COMMON DAMENRAD zum besten Preis mit kostenlosem Versand in ganz EuropaCortina E-CommonCortina E-Common\",\"breadcrumb\":{\"@id\":\"https:\/\/kgerad.de\/produkt\/cortina-e-common-damenrad\/#breadcrumb\"},\"inLanguage\":\"en-US\",\"potentialAction\":[{\"@type\":\"ReadAction\",\"target\":[\"https:\/\/kgerad.de\/produkt\/cortina-e-common-damenrad\/\"]}]},{\"@type\":\"ImageObject\",\"inLanguage\":\"en-US\",\"@id\":\"https:\/\/kgerad.de\/produkt\/cortina-e-common-damenrad\/#primaryimage\",\"url\":\"https:\/\/kgerad.de\/wp-content\/uploads\/2023\/06\/Hollandrad-E-Bike-Damen-Mittelmotor-28-Zoll-Cortina-E-C-Schwarz-Fahrrad-600x409-1.webp\",\"contentUrl\":\"https:\/\/kgerad.de\/wp-content\/uploads\/2023\/06\/Hollandrad-E-Bike-Damen-Mittelmotor-28-Zoll-Cortina-E-C-Schwarz-Fahrrad-600x409-1.webp\",\"width\":600,\"height\":409,\"caption\":\"CORTINA E-COMMON DAMENRAD\"},{\"@type\":\"BreadcrumbList\",\"@id\":\"https:\/\/kgerad.de\/produkt\/cortina-e-common-damenrad\/#breadcrumb\",\"itemListElement\":[{\"@type\":\"ListItem\",\"position\":1,\"name\":\"Startseite\",\"item\":\"https:\/\/kgerad.de\/\"},{\"@type\":\"ListItem\",\"position\":2,\"name\":\"LADEN\",\"item\":\"https:\/\/kgerad.de\/laden\/\"},{\"@type\":\"ListItem\",\"position\":3,\"name\":\"CORTINA E-COMMON DAMENRAD\"}]},{\"@type\":\"WebSite\",\"@id\":\"https:\/\/kgerad.de\/#website\",\"url\":\"https:\/\/kgerad.de\/\",\"name\":\"kgerad.de\",\"description\":\"Treten Sie mit uns ins Abenteuer!\",\"publisher\":{\"@id\":\"https:\/\/kgerad.de\/#organization\"},\"alternateName\":\"MEIN RADLADEN\",\"potentialAction\":[{\"@type\":\"SearchAction\",\"target\":{\"@type\":\"EntryPoint\",\"urlTemplate\":\"https:\/\/kgerad.de\/?s={search_term_string}\"},\"query-input\":{\"@type\":\"PropertyValueSpecification\",\"valueRequired\":true,\"valueName\":\"search_term_string\"}}],\"inLanguage\":\"en-US\"},{\"@type\":\"Organization\",\"@id\":\"https:\/\/kgerad.de\/#organization\",\"name\":\"MEINRADLADEN\",\"alternateName\":\"MEIN RADLADEN\",\"url\":\"https:\/\/kgerad.de\/\",\"logo\":{\"@type\":\"ImageObject\",\"inLanguage\":\"en-US\",\"@id\":\"https:\/\/kgerad.de\/#\/schema\/logo\/image\/\",\"url\":\"https:\/\/kgerad.de\/wp-content\/uploads\/2025\/07\/logo-Whit.svg\",\"contentUrl\":\"https:\/\/kgerad.de\/wp-content\/uploads\/2025\/07\/logo-Whit.svg\",\"width\":1640,\"height\":371,\"caption\":\"MEINRADLADEN\"},\"image\":{\"@id\":\"https:\/\/kgerad.de\/#\/schema\/logo\/image\/\"}}]}<\/script>\n<!-- \/ Yoast SEO Premium plugin. -->","yoast_head_json":{"title":"CORTINA E-COMMON DAMENRAD","description":"kgerad.de bietet Ihnen das CORTINA E-COMMON DAMENRAD zum besten Preis mit kostenlosem Versand in ganz EuropaCortina E-CommonCortina E-Common","robots":{"index":"index","follow":"follow","max-snippet":"max-snippet:-1","max-image-preview":"max-image-preview:large","max-video-preview":"max-video-preview:-1"},"canonical":"https:\/\/kgerad.de\/en\/product\/cortina-e-common-damenrad\/","og_locale":"en_US","og_type":"article","og_title":"CORTINA E-COMMON DAMENRAD","og_description":"Entdecken Sie unseren Online-Fahrradladen: Gro\u00dfe Auswahl an Modellen f\u00fcr alle Radsportbegeisterten. Von Rennr\u00e4dern bis zu Mountainbikes - finden Sie heute Ihren perfekten Wegbegleiter!","og_url":"https:\/\/kgerad.de\/en\/product\/cortina-e-common-damenrad\/","og_site_name":"kgerad.de","article_modified_time":"2023-08-11T07:26:52+00:00","og_image":[{"width":600,"height":409,"url":"https:\/\/kgerad.de\/wp-content\/uploads\/2023\/06\/Hollandrad-E-Bike-Damen-Mittelmotor-28-Zoll-Cortina-E-C-Schwarz-Fahrrad-600x409-1.webp","type":"image\/webp"}],"twitter_card":"summary_large_image","twitter_misc":{"Est. reading time":"2 minutes"},"schema":{"@context":"https:\/\/schema.org","@graph":[{"@type":"WebPage","@id":"https:\/\/kgerad.de\/produkt\/cortina-e-common-damenrad\/","url":"https:\/\/kgerad.de\/produkt\/cortina-e-common-damenrad\/","name":"CORTINA E-COMMON DAMENRAD","isPartOf":{"@id":"https:\/\/kgerad.de\/#website"},"primaryImageOfPage":{"@id":"https:\/\/kgerad.de\/produkt\/cortina-e-common-damenrad\/#primaryimage"},"image":{"@id":"https:\/\/kgerad.de\/produkt\/cortina-e-common-damenrad\/#primaryimage"},"thumbnailUrl":"https:\/\/kgerad.de\/wp-content\/uploads\/2023\/06\/Hollandrad-E-Bike-Damen-Mittelmotor-28-Zoll-Cortina-E-C-Schwarz-Fahrrad-600x409-1.webp","datePublished":"2022-11-22T19:49:42+00:00","dateModified":"2023-08-11T07:26:52+00:00","description":"kgerad.de bietet Ihnen das CORTINA E-COMMON DAMENRAD zum besten Preis mit kostenlosem Versand in ganz EuropaCortina E-CommonCortina E-Common","breadcrumb":{"@id":"https:\/\/kgerad.de\/produkt\/cortina-e-common-damenrad\/#breadcrumb"},"inLanguage":"en-US","potentialAction":[{"@type":"ReadAction","target":["https:\/\/kgerad.de\/produkt\/cortina-e-common-damenrad\/"]}]},{"@type":"ImageObject","inLanguage":"en-US","@id":"https:\/\/kgerad.de\/produkt\/cortina-e-common-damenrad\/#primaryimage","url":"https:\/\/kgerad.de\/wp-content\/uploads\/2023\/06\/Hollandrad-E-Bike-Damen-Mittelmotor-28-Zoll-Cortina-E-C-Schwarz-Fahrrad-600x409-1.webp","contentUrl":"https:\/\/kgerad.de\/wp-content\/uploads\/2023\/06\/Hollandrad-E-Bike-Damen-Mittelmotor-28-Zoll-Cortina-E-C-Schwarz-Fahrrad-600x409-1.webp","width":600,"height":409,"caption":"CORTINA E-COMMON DAMENRAD"},{"@type":"BreadcrumbList","@id":"https:\/\/kgerad.de\/produkt\/cortina-e-common-damenrad\/#breadcrumb","itemListElement":[{"@type":"ListItem","position":1,"name":"Startseite","item":"https:\/\/kgerad.de\/"},{"@type":"ListItem","position":2,"name":"LADEN","item":"https:\/\/kgerad.de\/laden\/"},{"@type":"ListItem","position":3,"name":"CORTINA E-COMMON DAMENRAD"}]},{"@type":"WebSite","@id":"https:\/\/kgerad.de\/#website","url":"https:\/\/kgerad.de\/","name":"kgerad.de","description":"Treten Sie mit uns ins Abenteuer!","publisher":{"@id":"https:\/\/kgerad.de\/#organization"},"alternateName":"MEIN RADLADEN","potentialAction":[{"@type":"SearchAction","target":{"@type":"EntryPoint","urlTemplate":"https:\/\/kgerad.de\/?s={search_term_string}"},"query-input":{"@type":"PropertyValueSpecification","valueRequired":true,"valueName":"search_term_string"}}],"inLanguage":"en-US"},{"@type":"Organization","@id":"https:\/\/kgerad.de\/#organization","name":"MEINRADLADEN","alternateName":"MEIN RADLADEN","url":"https:\/\/kgerad.de\/","logo":{"@type":"ImageObject","inLanguage":"en-US","@id":"https:\/\/kgerad.de\/#\/schema\/logo\/image\/","url":"https:\/\/kgerad.de\/wp-content\/uploads\/2025\/07\/logo-Whit.svg","contentUrl":"https:\/\/kgerad.de\/wp-content\/uploads\/2025\/07\/logo-Whit.svg","width":1640,"height":371,"caption":"MEINRADLADEN"},"image":{"@id":"https:\/\/kgerad.de\/#\/schema\/logo\/image\/"}}]}},"_links":{"self":[{"href":"https:\/\/kgerad.de\/en\/wp-json\/wp\/v2\/product\/43024","targetHints":{"allow":["GET"]}}],"collection":[{"href":"https:\/\/kgerad.de\/en\/wp-json\/wp\/v2\/product"}],"about":[{"href":"https:\/\/kgerad.de\/en\/wp-json\/wp\/v2\/types\/product"}],"replies":[{"embeddable":true,"href":"https:\/\/kgerad.de\/en\/wp-json\/wp\/v2\/comments?post=43024"}],"version-history":[{"count":1,"href":"https:\/\/kgerad.de\/en\/wp-json\/wp\/v2\/product\/43024\/revisions"}],"predecessor-version":[{"id":79246,"href":"https:\/\/kgerad.de\/en\/wp-json\/wp\/v2\/product\/43024\/revisions\/79246"}],"wp:featuredmedia":[{"embeddable":true,"href":"https:\/\/kgerad.de\/en\/wp-json\/wp\/v2\/media\/62710"}],"wp:attachment":[{"href":"https:\/\/kgerad.de\/en\/wp-json\/wp\/v2\/media?parent=43024"}],"wp:term":[{"taxonomy":"product_brand","embeddable":true,"href":"https:\/\/kgerad.de\/en\/wp-json\/wp\/v2\/product_brand?post=43024"},{"taxonomy":"product_cat","embeddable":true,"href":"https:\/\/kgerad.de\/en\/wp-json\/wp\/v2\/product_cat?post=43024"},{"taxonomy":"product_tag","embeddable":true,"href":"https:\/\/kgerad.de\/en\/wp-json\/wp\/v2\/product_tag?post=43024"}],"curies":[{"name":"wp","href":"https:\/\/api.w.org\/{rel}","templated":true}]}}