{"id":42997,"date":"2022-11-22T20:21:28","date_gmt":"2022-11-22T19:21:28","guid":{"rendered":"https:\/\/kgerad.de\/?post_type=product&#038;p=42997"},"modified":"2023-08-11T09:27:04","modified_gmt":"2023-08-11T07:27:04","slug":"cortina-e-u4-transport-solid-herrenrad","status":"publish","type":"product","link":"https:\/\/kgerad.de\/en\/product\/cortina-e-u4-transport-solid-herrenrad\/","title":{"rendered":"CORTINA E-U4 TRANSPORT SOLID HERRENRAD"},"content":{"rendered":"<h2>CORTINA E-U4 TRANSPORT SOLID HERRENRAD<\/h2>\n<p>Die Cortina E-U4 Transport-Modelle mit dem Bafang M300-System sind f\u00fcr unterschiedliche Gel\u00e4nde geeignet, ob du nun kurze oder l\u00e4ngere Entfernungen auf dem Rad zur\u00fccklegst! Die Unterst\u00fctzung des <a href=\"http:\/\/1-1\">Bafang<\/a> M300 ist sehr deutlich sp\u00fcrbar, dadurch ist die Fahrt mit diesem System besonders bequem. Diese Modelle haben &#8211; ebenso wie E-Bikes mit einem Frontmotor &#8211; nur einen Rotationssensor. Das Cortina Transport ist nicht nur eine technische Meisterleistung, sondern auch eine stilvolle Erscheinung dank der sch\u00f6nen Details auf dem Rahmen, den kontrastierenden Reifen und <a href=\"http:\/\/1.1\">dem<\/a> coolen Fronttr\u00e4ger.<\/p>\n<div class=\"h3 twt-product-properties-description-title\"><strong>Eigenschaften &#8222;Cortina E-U4 T Hollandrad E Bike Herren 28 Zoll Mittelmotor Schwarz 750&#8220;<\/strong><\/div>\n<div><\/div>\n<div class=\"twt-product-detail-properties-text\">\n<div class=\"product-detail-properties\">\n<div class=\"row product-detail-properties-container\">\n<div class=\"col-md-10 col-lg-6\">\n<table class=\"table table-striped product-detail-properties-table\">\n<tbody>\n<tr class=\"properties-row\">\n<th class=\"properties-label\">Fahrradtyp:<\/th>\n<td class=\"properties-value\">E Bike Herren, E Bike Mittelmotor, Retro E Bike, Urban E Bike<\/td>\n<\/tr>\n<tr class=\"properties-row\">\n<th class=\"properties-label\">Motor Hersteller:<\/th>\n<td class=\"properties-value\">Bafang<\/td>\n<\/tr>\n<tr class=\"properties-row\">\n<th class=\"properties-label\">Farbe:<\/th>\n<td class=\"properties-value\">Schwarz<\/td>\n<\/tr>\n<tr class=\"properties-row\">\n<th class=\"properties-label\">Radgr\u00f6\u00dfe:<\/th>\n<td class=\"properties-value\">28 Zoll<\/td>\n<\/tr>\n<tr class=\"properties-row\">\n<th class=\"properties-label\">Rahmen:<\/th>\n<td class=\"properties-value\">Diamantrahmen<\/td>\n<\/tr>\n<tr class=\"properties-row\">\n<th class=\"properties-label\">Rahmengr\u00f6\u00dfe:<\/th>\n<td class=\"properties-value\">21&#8243;\/53 cm<\/td>\n<\/tr>\n<tr class=\"properties-row\">\n<th class=\"properties-label\">Motorplatzierung:<\/th>\n<td class=\"properties-value\">Mittelmotor<\/td>\n<\/tr>\n<tr class=\"properties-row\">\n<th class=\"properties-label\">Batterieplatzierung:<\/th>\n<td class=\"properties-value\">Gep\u00e4cktr\u00e4ger<\/td>\n<\/tr>\n<tr class=\"properties-row\">\n<th class=\"properties-label\">Motorleistung (Watt):<\/th>\n<td class=\"properties-value\">250 W<\/td>\n<\/tr>\n<tr class=\"properties-row\">\n<th class=\"properties-label\">Batterie:<\/th>\n<td class=\"properties-value\">750Wh<\/td>\n<\/tr>\n<tr class=\"properties-row\">\n<th class=\"properties-label\">Rahmenmaterial:<\/th>\n<td class=\"properties-value\">Aluminium<\/td>\n<\/tr>\n<tr class=\"properties-row\">\n<th class=\"properties-label\">Gewicht:<\/th>\n<td class=\"properties-value\">29kg<\/td>\n<\/tr>\n<tr class=\"properties-row\">\n<th class=\"properties-label\">Akku Abnehmbar?:<\/th>\n<td class=\"properties-value\">Ja<\/td>\n<\/tr>\n<tr class=\"properties-row\">\n<th class=\"properties-label\">Drehmoment:<\/th>\n<td class=\"properties-value\">80Nm<\/td>\n<\/tr>\n<tr class=\"properties-row\">\n<th class=\"properties-label\">G\u00e4nge:<\/th>\n<td class=\"properties-value\">8<\/td>\n<\/tr>\n<tr class=\"properties-row\">\n<th class=\"properties-label\">Federung:<\/th>\n<td class=\"properties-value\">Ohne<\/td>\n<\/tr>\n<tr class=\"properties-row\">\n<th class=\"properties-label\">Bremssystem:<\/th>\n<td class=\"properties-value\">Roller brake<\/td>\n<\/tr>\n<tr class=\"properties-row\">\n<th class=\"properties-label\">Max. Geschwindigkeit:<\/th>\n<td class=\"properties-value\">25km\/h<\/td>\n<\/tr>\n<tr class=\"properties-row\">\n<th class=\"properties-label\">Antriebsstrang:<\/th>\n<td class=\"properties-value\">Kettenantrieb<\/td>\n<\/tr>\n<tr class=\"properties-row\">\n<th class=\"properties-label\">Gangschaltung:<\/th>\n<td class=\"properties-value\">Nabenschaltung<\/td>\n<\/tr>\n<tr class=\"properties-row\">\n<th class=\"properties-label\">Nabenschaltung:<\/th>\n<td class=\"properties-value\">Shimano Nexus 8<\/td>\n<\/tr>\n<tr class=\"properties-row\">\n<th class=\"properties-label\">Garantie:<\/th>\n<td class=\"properties-value\">2 Jahre<\/td>\n<\/tr>\n<\/tbody>\n<\/table>\n<\/div>\n<\/div>\n<\/div>\n<\/div>","protected":false},"excerpt":{"rendered":"<p>CORTINA E-U4 TRANSPORT SOLID HERRENRAD Die Cortina E-U4 Transport-Modelle mit dem Bafang M300-System sind f\u00fcr unterschiedliche Gel\u00e4nde geeignet, ob du<\/p>","protected":false},"featured_media":62708,"comment_status":"open","ping_status":"closed","template":"","meta":[],"product_brand":[],"product_cat":[33,34,400],"product_tag":[],"class_list":{"0":"post-42997","1":"product","2":"type-product","3":"status-publish","4":"has-post-thumbnail","6":"product_cat-e-bike","7":"product_cat-e-bike-city-urban","8":"product_cat-e-bike-hollandrad","9":"pa_marke-cortina","11":"first","12":"instock","13":"sale","14":"taxable","15":"shipping-taxable","16":"purchasable","17":"product-type-variable"},"yoast_head":"<!-- This site is optimized with the Yoast SEO Premium plugin v20.12 (Yoast SEO v27.1.1) - https:\/\/yoast.com\/product\/yoast-seo-premium-wordpress\/ -->\n<title>CORTINA E-U4 TRANSPORT SOLID HERRENRAD<\/title>\n<meta name=\"description\" content=\"kgerad.de bietet Ihnen das CORTINA E-U4 TRANSPORT SOLID HERRENRAD zum besten Preis mit kostenlosem Versand in ganz EuropaCortina E-U4 Transport\" \/>\n<meta name=\"robots\" content=\"index, follow, max-snippet:-1, max-image-preview:large, max-video-preview:-1\" \/>\n<link rel=\"canonical\" href=\"https:\/\/kgerad.de\/en\/product\/cortina-e-u4-transport-solid-herrenrad\/\" \/>\n<meta property=\"og:locale\" content=\"en_US\" \/>\n<meta property=\"og:type\" content=\"article\" \/>\n<meta property=\"og:title\" content=\"CORTINA E-U4 TRANSPORT SOLID HERRENRAD\" \/>\n<meta property=\"og:description\" content=\"Entdecken Sie unseren Online-Fahrradladen: Gro\u00dfe Auswahl an Modellen f\u00fcr alle Radsportbegeisterten. Von Rennr\u00e4dern bis zu Mountainbikes - finden Sie heute Ihren perfekten Wegbegleiter!\" \/>\n<meta property=\"og:url\" content=\"https:\/\/kgerad.de\/en\/product\/cortina-e-u4-transport-solid-herrenrad\/\" \/>\n<meta property=\"og:site_name\" content=\"kgerad.de\" \/>\n<meta property=\"article:modified_time\" content=\"2023-08-11T07:27:04+00:00\" \/>\n<meta property=\"og:image\" content=\"https:\/\/kgerad.de\/wp-content\/uploads\/2023\/06\/CET7BMMH53QGMx767.jpg\" \/>\n\t<meta property=\"og:image:width\" content=\"767\" \/>\n\t<meta property=\"og:image:height\" content=\"767\" \/>\n\t<meta property=\"og:image:type\" content=\"image\/jpeg\" \/>\n<meta name=\"twitter:card\" content=\"summary_large_image\" \/>\n<meta name=\"twitter:label1\" content=\"Est. reading time\" \/>\n\t<meta name=\"twitter:data1\" content=\"1 minute\" \/>\n<script type=\"application\/ld+json\" class=\"yoast-schema-graph\">{\"@context\":\"https:\/\/schema.org\",\"@graph\":[{\"@type\":\"WebPage\",\"@id\":\"https:\/\/kgerad.de\/produkt\/cortina-e-u4-transport-solid-herrenrad\/\",\"url\":\"https:\/\/kgerad.de\/produkt\/cortina-e-u4-transport-solid-herrenrad\/\",\"name\":\"CORTINA E-U4 TRANSPORT SOLID HERRENRAD\",\"isPartOf\":{\"@id\":\"https:\/\/kgerad.de\/#website\"},\"primaryImageOfPage\":{\"@id\":\"https:\/\/kgerad.de\/produkt\/cortina-e-u4-transport-solid-herrenrad\/#primaryimage\"},\"image\":{\"@id\":\"https:\/\/kgerad.de\/produkt\/cortina-e-u4-transport-solid-herrenrad\/#primaryimage\"},\"thumbnailUrl\":\"https:\/\/kgerad.de\/wp-content\/uploads\/2023\/06\/CET7BMMH53QGMx767.jpg\",\"datePublished\":\"2022-11-22T19:21:28+00:00\",\"dateModified\":\"2023-08-11T07:27:04+00:00\",\"description\":\"kgerad.de bietet Ihnen das CORTINA E-U4 TRANSPORT SOLID HERRENRAD zum besten Preis mit kostenlosem Versand in ganz EuropaCortina E-U4 Transport\",\"breadcrumb\":{\"@id\":\"https:\/\/kgerad.de\/produkt\/cortina-e-u4-transport-solid-herrenrad\/#breadcrumb\"},\"inLanguage\":\"en-US\",\"potentialAction\":[{\"@type\":\"ReadAction\",\"target\":[\"https:\/\/kgerad.de\/produkt\/cortina-e-u4-transport-solid-herrenrad\/\"]}]},{\"@type\":\"ImageObject\",\"inLanguage\":\"en-US\",\"@id\":\"https:\/\/kgerad.de\/produkt\/cortina-e-u4-transport-solid-herrenrad\/#primaryimage\",\"url\":\"https:\/\/kgerad.de\/wp-content\/uploads\/2023\/06\/CET7BMMH53QGMx767.jpg\",\"contentUrl\":\"https:\/\/kgerad.de\/wp-content\/uploads\/2023\/06\/CET7BMMH53QGMx767.jpg\",\"width\":767,\"height\":767,\"caption\":\"CORTINA E-U4 TRANSPORT SOLID HERRENRAD\"},{\"@type\":\"BreadcrumbList\",\"@id\":\"https:\/\/kgerad.de\/produkt\/cortina-e-u4-transport-solid-herrenrad\/#breadcrumb\",\"itemListElement\":[{\"@type\":\"ListItem\",\"position\":1,\"name\":\"Startseite\",\"item\":\"https:\/\/kgerad.de\/\"},{\"@type\":\"ListItem\",\"position\":2,\"name\":\"LADEN\",\"item\":\"https:\/\/kgerad.de\/laden\/\"},{\"@type\":\"ListItem\",\"position\":3,\"name\":\"CORTINA E-U4 TRANSPORT SOLID HERRENRAD\"}]},{\"@type\":\"WebSite\",\"@id\":\"https:\/\/kgerad.de\/#website\",\"url\":\"https:\/\/kgerad.de\/\",\"name\":\"kgerad.de\",\"description\":\"Treten Sie mit uns ins Abenteuer!\",\"publisher\":{\"@id\":\"https:\/\/kgerad.de\/#organization\"},\"alternateName\":\"MEIN RADLADEN\",\"potentialAction\":[{\"@type\":\"SearchAction\",\"target\":{\"@type\":\"EntryPoint\",\"urlTemplate\":\"https:\/\/kgerad.de\/?s={search_term_string}\"},\"query-input\":{\"@type\":\"PropertyValueSpecification\",\"valueRequired\":true,\"valueName\":\"search_term_string\"}}],\"inLanguage\":\"en-US\"},{\"@type\":\"Organization\",\"@id\":\"https:\/\/kgerad.de\/#organization\",\"name\":\"MEINRADLADEN\",\"alternateName\":\"MEIN RADLADEN\",\"url\":\"https:\/\/kgerad.de\/\",\"logo\":{\"@type\":\"ImageObject\",\"inLanguage\":\"en-US\",\"@id\":\"https:\/\/kgerad.de\/#\/schema\/logo\/image\/\",\"url\":\"https:\/\/kgerad.de\/wp-content\/uploads\/2025\/07\/logo-Whit.svg\",\"contentUrl\":\"https:\/\/kgerad.de\/wp-content\/uploads\/2025\/07\/logo-Whit.svg\",\"width\":1640,\"height\":371,\"caption\":\"MEINRADLADEN\"},\"image\":{\"@id\":\"https:\/\/kgerad.de\/#\/schema\/logo\/image\/\"}}]}<\/script>\n<!-- \/ Yoast SEO Premium plugin. -->","yoast_head_json":{"title":"CORTINA E-U4 TRANSPORT SOLID HERRENRAD","description":"kgerad.de bietet Ihnen das CORTINA E-U4 TRANSPORT SOLID HERRENRAD zum besten Preis mit kostenlosem Versand in ganz EuropaCortina E-U4 Transport","robots":{"index":"index","follow":"follow","max-snippet":"max-snippet:-1","max-image-preview":"max-image-preview:large","max-video-preview":"max-video-preview:-1"},"canonical":"https:\/\/kgerad.de\/en\/product\/cortina-e-u4-transport-solid-herrenrad\/","og_locale":"en_US","og_type":"article","og_title":"CORTINA E-U4 TRANSPORT SOLID HERRENRAD","og_description":"Entdecken Sie unseren Online-Fahrradladen: Gro\u00dfe Auswahl an Modellen f\u00fcr alle Radsportbegeisterten. Von Rennr\u00e4dern bis zu Mountainbikes - finden Sie heute Ihren perfekten Wegbegleiter!","og_url":"https:\/\/kgerad.de\/en\/product\/cortina-e-u4-transport-solid-herrenrad\/","og_site_name":"kgerad.de","article_modified_time":"2023-08-11T07:27:04+00:00","og_image":[{"width":767,"height":767,"url":"https:\/\/kgerad.de\/wp-content\/uploads\/2023\/06\/CET7BMMH53QGMx767.jpg","type":"image\/jpeg"}],"twitter_card":"summary_large_image","twitter_misc":{"Est. reading time":"1 minute"},"schema":{"@context":"https:\/\/schema.org","@graph":[{"@type":"WebPage","@id":"https:\/\/kgerad.de\/produkt\/cortina-e-u4-transport-solid-herrenrad\/","url":"https:\/\/kgerad.de\/produkt\/cortina-e-u4-transport-solid-herrenrad\/","name":"CORTINA E-U4 TRANSPORT SOLID HERRENRAD","isPartOf":{"@id":"https:\/\/kgerad.de\/#website"},"primaryImageOfPage":{"@id":"https:\/\/kgerad.de\/produkt\/cortina-e-u4-transport-solid-herrenrad\/#primaryimage"},"image":{"@id":"https:\/\/kgerad.de\/produkt\/cortina-e-u4-transport-solid-herrenrad\/#primaryimage"},"thumbnailUrl":"https:\/\/kgerad.de\/wp-content\/uploads\/2023\/06\/CET7BMMH53QGMx767.jpg","datePublished":"2022-11-22T19:21:28+00:00","dateModified":"2023-08-11T07:27:04+00:00","description":"kgerad.de bietet Ihnen das CORTINA E-U4 TRANSPORT SOLID HERRENRAD zum besten Preis mit kostenlosem Versand in ganz EuropaCortina E-U4 Transport","breadcrumb":{"@id":"https:\/\/kgerad.de\/produkt\/cortina-e-u4-transport-solid-herrenrad\/#breadcrumb"},"inLanguage":"en-US","potentialAction":[{"@type":"ReadAction","target":["https:\/\/kgerad.de\/produkt\/cortina-e-u4-transport-solid-herrenrad\/"]}]},{"@type":"ImageObject","inLanguage":"en-US","@id":"https:\/\/kgerad.de\/produkt\/cortina-e-u4-transport-solid-herrenrad\/#primaryimage","url":"https:\/\/kgerad.de\/wp-content\/uploads\/2023\/06\/CET7BMMH53QGMx767.jpg","contentUrl":"https:\/\/kgerad.de\/wp-content\/uploads\/2023\/06\/CET7BMMH53QGMx767.jpg","width":767,"height":767,"caption":"CORTINA E-U4 TRANSPORT SOLID HERRENRAD"},{"@type":"BreadcrumbList","@id":"https:\/\/kgerad.de\/produkt\/cortina-e-u4-transport-solid-herrenrad\/#breadcrumb","itemListElement":[{"@type":"ListItem","position":1,"name":"Startseite","item":"https:\/\/kgerad.de\/"},{"@type":"ListItem","position":2,"name":"LADEN","item":"https:\/\/kgerad.de\/laden\/"},{"@type":"ListItem","position":3,"name":"CORTINA E-U4 TRANSPORT SOLID HERRENRAD"}]},{"@type":"WebSite","@id":"https:\/\/kgerad.de\/#website","url":"https:\/\/kgerad.de\/","name":"kgerad.de","description":"Treten Sie mit uns ins Abenteuer!","publisher":{"@id":"https:\/\/kgerad.de\/#organization"},"alternateName":"MEIN RADLADEN","potentialAction":[{"@type":"SearchAction","target":{"@type":"EntryPoint","urlTemplate":"https:\/\/kgerad.de\/?s={search_term_string}"},"query-input":{"@type":"PropertyValueSpecification","valueRequired":true,"valueName":"search_term_string"}}],"inLanguage":"en-US"},{"@type":"Organization","@id":"https:\/\/kgerad.de\/#organization","name":"MEINRADLADEN","alternateName":"MEIN RADLADEN","url":"https:\/\/kgerad.de\/","logo":{"@type":"ImageObject","inLanguage":"en-US","@id":"https:\/\/kgerad.de\/#\/schema\/logo\/image\/","url":"https:\/\/kgerad.de\/wp-content\/uploads\/2025\/07\/logo-Whit.svg","contentUrl":"https:\/\/kgerad.de\/wp-content\/uploads\/2025\/07\/logo-Whit.svg","width":1640,"height":371,"caption":"MEINRADLADEN"},"image":{"@id":"https:\/\/kgerad.de\/#\/schema\/logo\/image\/"}}]}},"_links":{"self":[{"href":"https:\/\/kgerad.de\/en\/wp-json\/wp\/v2\/product\/42997","targetHints":{"allow":["GET"]}}],"collection":[{"href":"https:\/\/kgerad.de\/en\/wp-json\/wp\/v2\/product"}],"about":[{"href":"https:\/\/kgerad.de\/en\/wp-json\/wp\/v2\/types\/product"}],"replies":[{"embeddable":true,"href":"https:\/\/kgerad.de\/en\/wp-json\/wp\/v2\/comments?post=42997"}],"version-history":[{"count":1,"href":"https:\/\/kgerad.de\/en\/wp-json\/wp\/v2\/product\/42997\/revisions"}],"predecessor-version":[{"id":79247,"href":"https:\/\/kgerad.de\/en\/wp-json\/wp\/v2\/product\/42997\/revisions\/79247"}],"wp:featuredmedia":[{"embeddable":true,"href":"https:\/\/kgerad.de\/en\/wp-json\/wp\/v2\/media\/62708"}],"wp:attachment":[{"href":"https:\/\/kgerad.de\/en\/wp-json\/wp\/v2\/media?parent=42997"}],"wp:term":[{"taxonomy":"product_brand","embeddable":true,"href":"https:\/\/kgerad.de\/en\/wp-json\/wp\/v2\/product_brand?post=42997"},{"taxonomy":"product_cat","embeddable":true,"href":"https:\/\/kgerad.de\/en\/wp-json\/wp\/v2\/product_cat?post=42997"},{"taxonomy":"product_tag","embeddable":true,"href":"https:\/\/kgerad.de\/en\/wp-json\/wp\/v2\/product_tag?post=42997"}],"curies":[{"name":"wp","href":"https:\/\/api.w.org\/{rel}","templated":true}]}}