{"id":42974,"date":"2022-11-22T20:12:50","date_gmt":"2022-11-22T19:12:50","guid":{"rendered":"https:\/\/kgerad.de\/?post_type=product&#038;p=42974"},"modified":"2023-08-11T09:27:16","modified_gmt":"2023-08-11T07:27:16","slug":"cortina-e-foss-damenrad","status":"publish","type":"product","link":"https:\/\/kgerad.de\/en\/product\/cortina-e-foss-damenrad\/","title":{"rendered":"Elektrisches Fahrrad CORTINA E-FOSS DAMENRAD"},"content":{"rendered":"<h2 class=\"head head-display mb-0\">CORTINA E-FOSS DAMENRAD<\/h2>\n<div class=\"product-detail-description-text\">\n<div class=\"b0_12 b3_12\">\n<div class=\"details-ter\">\n<div class=\"details-ter-content mb-3x mb-b3-0\" data-hascontent=\"true\">\n<div class=\"cf\">\n<div class=\"pr-b3-3x\">Du suchst ein sch\u00f6nes, leistungsstarkes und erschwingliches E-Bike? Dann ist das Cortina E-Foss bestimmt etwas f\u00fcr dich! Dieses grundsolide City Bike ist mit dem M300-System von Bafang ausgestattet: dem europ\u00e4ischen Marktf\u00fchrer f\u00fcr E-Bike-Motoren. Das E-Foss hat einen leistungsstarken Mittelmotor, das ideale Allround-Fahrrad f\u00fcr die t\u00e4gliche Fahrt zur Schule oder zur Arbeit! Das Fahrrad ist mit einem Axa <a href=\"https:\/\/www.cortinafahrrad.de\/\">Victory<\/a> Schloss, Shimano Nexus 8-Gang-Schaltung und hydraulischen Scheibenbremsen ausgestattet.<\/div>\n<\/div>\n<\/div>\n<\/div>\n<\/div>\n<\/div>\n<div><\/div>\n<div>\n<div class=\"h3 twt-product-properties-description-title\"><\/div>\n<div class=\"twt-product-detail-properties-text\">\n<div class=\"product-detail-properties\">\n<div class=\"row product-detail-properties-container\">\n<div class=\"col-md-10 col-lg-6\">\n<table class=\"table table-striped product-detail-properties-table\">\n<tbody>\n<tr class=\"properties-row\">\n<th class=\"properties-label\">\n<h4>Fahrradtyp:<\/h4>\n<\/th>\n<td class=\"properties-value\">E Bike Damen, E Bike Mittelmotor, Urban E Bike<\/td>\n<\/tr>\n<tr class=\"properties-row\">\n<th class=\"properties-label\">Motor Hersteller:<\/th>\n<td class=\"properties-value\">Bafang<\/td>\n<\/tr>\n<tr class=\"properties-row\">\n<th class=\"properties-label\">Farbe:<\/th>\n<td class=\"properties-value\">Braun<\/td>\n<\/tr>\n<tr class=\"properties-row\">\n<th class=\"properties-label\">Radgr\u00f6\u00dfe:<\/th>\n<td class=\"properties-value\">28 Zoll<\/td>\n<\/tr>\n<tr class=\"properties-row\">\n<th class=\"properties-label\">Rahmen:<\/th>\n<td class=\"properties-value\">Trapezrahmen<\/td>\n<\/tr>\n<tr class=\"properties-row\">\n<th class=\"properties-label\">Rahmengr\u00f6\u00dfe:<\/th>\n<td class=\"properties-value\">22.5&#8243;\/57 cm<\/td>\n<\/tr>\n<tr class=\"properties-row\">\n<th class=\"properties-label\">Motorplatzierung:<\/th>\n<td class=\"properties-value\">Mittelmotor<\/td>\n<\/tr>\n<tr class=\"properties-row\">\n<th class=\"properties-label\">Batterieplatzierung:<\/th>\n<td class=\"properties-value\">Gep\u00e4cktr\u00e4ger<\/td>\n<\/tr>\n<tr class=\"properties-row\">\n<th class=\"properties-label\">Motorleistung (Watt):<\/th>\n<td class=\"properties-value\">250 W<\/td>\n<\/tr>\n<tr class=\"properties-row\">\n<th class=\"properties-label\">\n<h5>Batterie:<\/h5>\n<\/th>\n<td class=\"properties-value\">594Wh<\/td>\n<\/tr>\n<tr class=\"properties-row\">\n<th class=\"properties-label\">Rahmenmaterial:<\/th>\n<td class=\"properties-value\">Aluminium<\/td>\n<\/tr>\n<tr class=\"properties-row\">\n<th class=\"properties-label\">Gewicht:<\/th>\n<td class=\"properties-value\">22kg<\/td>\n<\/tr>\n<tr class=\"properties-row\">\n<th class=\"properties-label\">Akku Abnehmbar?:<\/th>\n<td class=\"properties-value\">Ja<\/td>\n<\/tr>\n<tr class=\"properties-row\">\n<th class=\"properties-label\">Drehmoment:<\/th>\n<td class=\"properties-value\">80Nm<\/td>\n<\/tr>\n<tr class=\"properties-row\">\n<th class=\"properties-label\">G\u00e4nge:<\/th>\n<td class=\"properties-value\">8<\/td>\n<\/tr>\n<tr class=\"properties-row\">\n<th class=\"properties-label\">Federung:<\/th>\n<td class=\"properties-value\">Ohne<\/td>\n<\/tr>\n<tr class=\"properties-row\">\n<th class=\"properties-label\">Bremssystem:<\/th>\n<td class=\"properties-value\">Hydraulische Scheibenbremse<\/td>\n<\/tr>\n<tr class=\"properties-row\">\n<th class=\"properties-label\">Max. Geschwindigkeit:<\/th>\n<td class=\"properties-value\">25km\/h<\/td>\n<\/tr>\n<tr class=\"properties-row\">\n<th class=\"properties-label\">Antriebsstrang:<\/th>\n<td class=\"properties-value\">Kettenantrieb<\/td>\n<\/tr>\n<tr class=\"properties-row\">\n<th class=\"properties-label\">Gangschaltung:<\/th>\n<td class=\"properties-value\">Nabenschaltung<\/td>\n<\/tr>\n<tr class=\"properties-row\">\n<th class=\"properties-label\">Nabenschaltung:<\/th>\n<td class=\"properties-value\">Shimano Nexus 8<\/td>\n<\/tr>\n<tr class=\"properties-row\">\n<th class=\"properties-label\">Garantie:<\/th>\n<td class=\"properties-value\">2 Jahre<\/td>\n<\/tr>\n<\/tbody>\n<\/table>\n<p>&nbsp;<\/p>\n<\/div>\n<\/div>\n<\/div>\n<\/div>\n<\/div>\n<p>&nbsp;<\/p>","protected":false},"excerpt":{"rendered":"<p>CORTINA E-FOSS DAMENRAD Du suchst ein sch\u00f6nes, leistungsstarkes und erschwingliches E-Bike? Dann ist das Cortina E-Foss bestimmt etwas f\u00fcr dich!<\/p>","protected":false},"featured_media":62703,"comment_status":"open","ping_status":"closed","template":"","meta":[],"product_brand":[],"product_cat":[33,34,400],"product_tag":[],"class_list":{"0":"post-42974","1":"product","2":"type-product","3":"status-publish","4":"has-post-thumbnail","6":"product_cat-e-bike","7":"product_cat-e-bike-city-urban","8":"product_cat-e-bike-hollandrad","9":"pa_marke-cortina","11":"first","12":"instock","13":"sale","14":"taxable","15":"shipping-taxable","16":"purchasable","17":"product-type-variable"},"yoast_head":"<!-- This site is optimized with the Yoast SEO Premium plugin v20.12 (Yoast SEO v27.1.1) - https:\/\/yoast.com\/product\/yoast-seo-premium-wordpress\/ -->\n<title>Elektrisches Fahrrad CORTINA E-FOSS DAMENRAD<\/title>\n<meta name=\"description\" content=\"Entdecken Sie unseren Online-Fahrradladen: Gro\u00dfe Auswahl an Modellen f\u00fcr alle Radsportbegeisterten. Von Rennr\u00e4dern bis zu Mountainbikes - finden Sie heute Ihren perfekten Wegbegleiter!\" \/>\n<meta name=\"robots\" content=\"index, follow, max-snippet:-1, max-image-preview:large, max-video-preview:-1\" \/>\n<link rel=\"canonical\" href=\"https:\/\/kgerad.de\/en\/product\/cortina-e-foss-damenrad\/\" \/>\n<meta property=\"og:locale\" content=\"en_US\" \/>\n<meta property=\"og:type\" content=\"article\" \/>\n<meta property=\"og:title\" content=\"Elektrisches Fahrrad CORTINA E-FOSS DAMENRAD\" \/>\n<meta property=\"og:description\" content=\"Entdecken Sie unseren Online-Fahrradladen: Gro\u00dfe Auswahl an Modellen f\u00fcr alle Radsportbegeisterten. Von Rennr\u00e4dern bis zu Mountainbikes - finden Sie heute Ihren perfekten Wegbegleiter!\" \/>\n<meta property=\"og:url\" content=\"https:\/\/kgerad.de\/en\/product\/cortina-e-foss-damenrad\/\" \/>\n<meta property=\"og:site_name\" content=\"kgerad.de\" \/>\n<meta property=\"article:modified_time\" content=\"2023-08-11T07:27:16+00:00\" \/>\n<meta property=\"og:image\" content=\"https:\/\/kgerad.de\/wp-content\/uploads\/2023\/06\/City-E-Bike-Damen-Mittelmotor-28-Zoll-Cortina-E-Foss-450Wh-Braun-Fahrrad-1.webp\" \/>\n\t<meta property=\"og:image:width\" content=\"2400\" \/>\n\t<meta property=\"og:image:height\" content=\"1638\" \/>\n\t<meta property=\"og:image:type\" content=\"image\/webp\" \/>\n<meta name=\"twitter:card\" content=\"summary_large_image\" \/>\n<meta name=\"twitter:label1\" content=\"Est. reading time\" \/>\n\t<meta name=\"twitter:data1\" content=\"1 minute\" \/>\n<script type=\"application\/ld+json\" class=\"yoast-schema-graph\">{\"@context\":\"https:\/\/schema.org\",\"@graph\":[{\"@type\":\"WebPage\",\"@id\":\"https:\/\/kgerad.de\/produkt\/cortina-e-foss-damenrad\/\",\"url\":\"https:\/\/kgerad.de\/produkt\/cortina-e-foss-damenrad\/\",\"name\":\"Elektrisches Fahrrad CORTINA E-FOSS DAMENRAD\",\"isPartOf\":{\"@id\":\"https:\/\/kgerad.de\/#website\"},\"primaryImageOfPage\":{\"@id\":\"https:\/\/kgerad.de\/produkt\/cortina-e-foss-damenrad\/#primaryimage\"},\"image\":{\"@id\":\"https:\/\/kgerad.de\/produkt\/cortina-e-foss-damenrad\/#primaryimage\"},\"thumbnailUrl\":\"https:\/\/kgerad.de\/wp-content\/uploads\/2023\/06\/City-E-Bike-Damen-Mittelmotor-28-Zoll-Cortina-E-Foss-450Wh-Braun-Fahrrad-1.webp\",\"datePublished\":\"2022-11-22T19:12:50+00:00\",\"dateModified\":\"2023-08-11T07:27:16+00:00\",\"description\":\"Entdecken Sie unseren Online-Fahrradladen: Gro\u00dfe Auswahl an Modellen f\u00fcr alle Radsportbegeisterten. Von Rennr\u00e4dern bis zu Mountainbikes - finden Sie heute Ihren perfekten Wegbegleiter!\",\"breadcrumb\":{\"@id\":\"https:\/\/kgerad.de\/produkt\/cortina-e-foss-damenrad\/#breadcrumb\"},\"inLanguage\":\"en-US\",\"potentialAction\":[{\"@type\":\"ReadAction\",\"target\":[\"https:\/\/kgerad.de\/produkt\/cortina-e-foss-damenrad\/\"]}]},{\"@type\":\"ImageObject\",\"inLanguage\":\"en-US\",\"@id\":\"https:\/\/kgerad.de\/produkt\/cortina-e-foss-damenrad\/#primaryimage\",\"url\":\"https:\/\/kgerad.de\/wp-content\/uploads\/2023\/06\/City-E-Bike-Damen-Mittelmotor-28-Zoll-Cortina-E-Foss-450Wh-Braun-Fahrrad-1.webp\",\"contentUrl\":\"https:\/\/kgerad.de\/wp-content\/uploads\/2023\/06\/City-E-Bike-Damen-Mittelmotor-28-Zoll-Cortina-E-Foss-450Wh-Braun-Fahrrad-1.webp\",\"width\":2400,\"height\":1638,\"caption\":\"Elektrisches Fahrrad CORTINA E-FOSS DAMENRAD\"},{\"@type\":\"BreadcrumbList\",\"@id\":\"https:\/\/kgerad.de\/produkt\/cortina-e-foss-damenrad\/#breadcrumb\",\"itemListElement\":[{\"@type\":\"ListItem\",\"position\":1,\"name\":\"Startseite\",\"item\":\"https:\/\/kgerad.de\/\"},{\"@type\":\"ListItem\",\"position\":2,\"name\":\"LADEN\",\"item\":\"https:\/\/kgerad.de\/laden\/\"},{\"@type\":\"ListItem\",\"position\":3,\"name\":\"Elektrisches Fahrrad CORTINA E-FOSS DAMENRAD\"}]},{\"@type\":\"WebSite\",\"@id\":\"https:\/\/kgerad.de\/#website\",\"url\":\"https:\/\/kgerad.de\/\",\"name\":\"kgerad.de\",\"description\":\"Treten Sie mit uns ins Abenteuer!\",\"publisher\":{\"@id\":\"https:\/\/kgerad.de\/#organization\"},\"alternateName\":\"MEIN RADLADEN\",\"potentialAction\":[{\"@type\":\"SearchAction\",\"target\":{\"@type\":\"EntryPoint\",\"urlTemplate\":\"https:\/\/kgerad.de\/?s={search_term_string}\"},\"query-input\":{\"@type\":\"PropertyValueSpecification\",\"valueRequired\":true,\"valueName\":\"search_term_string\"}}],\"inLanguage\":\"en-US\"},{\"@type\":\"Organization\",\"@id\":\"https:\/\/kgerad.de\/#organization\",\"name\":\"MEINRADLADEN\",\"alternateName\":\"MEIN RADLADEN\",\"url\":\"https:\/\/kgerad.de\/\",\"logo\":{\"@type\":\"ImageObject\",\"inLanguage\":\"en-US\",\"@id\":\"https:\/\/kgerad.de\/#\/schema\/logo\/image\/\",\"url\":\"https:\/\/kgerad.de\/wp-content\/uploads\/2025\/07\/logo-Whit.svg\",\"contentUrl\":\"https:\/\/kgerad.de\/wp-content\/uploads\/2025\/07\/logo-Whit.svg\",\"width\":1640,\"height\":371,\"caption\":\"MEINRADLADEN\"},\"image\":{\"@id\":\"https:\/\/kgerad.de\/#\/schema\/logo\/image\/\"}}]}<\/script>\n<!-- \/ Yoast SEO Premium plugin. -->","yoast_head_json":{"title":"Elektrisches Fahrrad CORTINA E-FOSS DAMENRAD","description":"Entdecken Sie unseren Online-Fahrradladen: Gro\u00dfe Auswahl an Modellen f\u00fcr alle Radsportbegeisterten. Von Rennr\u00e4dern bis zu Mountainbikes - finden Sie heute Ihren perfekten Wegbegleiter!","robots":{"index":"index","follow":"follow","max-snippet":"max-snippet:-1","max-image-preview":"max-image-preview:large","max-video-preview":"max-video-preview:-1"},"canonical":"https:\/\/kgerad.de\/en\/product\/cortina-e-foss-damenrad\/","og_locale":"en_US","og_type":"article","og_title":"Elektrisches Fahrrad CORTINA E-FOSS DAMENRAD","og_description":"Entdecken Sie unseren Online-Fahrradladen: Gro\u00dfe Auswahl an Modellen f\u00fcr alle Radsportbegeisterten. Von Rennr\u00e4dern bis zu Mountainbikes - finden Sie heute Ihren perfekten Wegbegleiter!","og_url":"https:\/\/kgerad.de\/en\/product\/cortina-e-foss-damenrad\/","og_site_name":"kgerad.de","article_modified_time":"2023-08-11T07:27:16+00:00","og_image":[{"width":2400,"height":1638,"url":"https:\/\/kgerad.de\/wp-content\/uploads\/2023\/06\/City-E-Bike-Damen-Mittelmotor-28-Zoll-Cortina-E-Foss-450Wh-Braun-Fahrrad-1.webp","type":"image\/webp"}],"twitter_card":"summary_large_image","twitter_misc":{"Est. reading time":"1 minute"},"schema":{"@context":"https:\/\/schema.org","@graph":[{"@type":"WebPage","@id":"https:\/\/kgerad.de\/produkt\/cortina-e-foss-damenrad\/","url":"https:\/\/kgerad.de\/produkt\/cortina-e-foss-damenrad\/","name":"Elektrisches Fahrrad CORTINA E-FOSS DAMENRAD","isPartOf":{"@id":"https:\/\/kgerad.de\/#website"},"primaryImageOfPage":{"@id":"https:\/\/kgerad.de\/produkt\/cortina-e-foss-damenrad\/#primaryimage"},"image":{"@id":"https:\/\/kgerad.de\/produkt\/cortina-e-foss-damenrad\/#primaryimage"},"thumbnailUrl":"https:\/\/kgerad.de\/wp-content\/uploads\/2023\/06\/City-E-Bike-Damen-Mittelmotor-28-Zoll-Cortina-E-Foss-450Wh-Braun-Fahrrad-1.webp","datePublished":"2022-11-22T19:12:50+00:00","dateModified":"2023-08-11T07:27:16+00:00","description":"Entdecken Sie unseren Online-Fahrradladen: Gro\u00dfe Auswahl an Modellen f\u00fcr alle Radsportbegeisterten. Von Rennr\u00e4dern bis zu Mountainbikes - finden Sie heute Ihren perfekten Wegbegleiter!","breadcrumb":{"@id":"https:\/\/kgerad.de\/produkt\/cortina-e-foss-damenrad\/#breadcrumb"},"inLanguage":"en-US","potentialAction":[{"@type":"ReadAction","target":["https:\/\/kgerad.de\/produkt\/cortina-e-foss-damenrad\/"]}]},{"@type":"ImageObject","inLanguage":"en-US","@id":"https:\/\/kgerad.de\/produkt\/cortina-e-foss-damenrad\/#primaryimage","url":"https:\/\/kgerad.de\/wp-content\/uploads\/2023\/06\/City-E-Bike-Damen-Mittelmotor-28-Zoll-Cortina-E-Foss-450Wh-Braun-Fahrrad-1.webp","contentUrl":"https:\/\/kgerad.de\/wp-content\/uploads\/2023\/06\/City-E-Bike-Damen-Mittelmotor-28-Zoll-Cortina-E-Foss-450Wh-Braun-Fahrrad-1.webp","width":2400,"height":1638,"caption":"Elektrisches Fahrrad CORTINA E-FOSS DAMENRAD"},{"@type":"BreadcrumbList","@id":"https:\/\/kgerad.de\/produkt\/cortina-e-foss-damenrad\/#breadcrumb","itemListElement":[{"@type":"ListItem","position":1,"name":"Startseite","item":"https:\/\/kgerad.de\/"},{"@type":"ListItem","position":2,"name":"LADEN","item":"https:\/\/kgerad.de\/laden\/"},{"@type":"ListItem","position":3,"name":"Elektrisches Fahrrad CORTINA E-FOSS DAMENRAD"}]},{"@type":"WebSite","@id":"https:\/\/kgerad.de\/#website","url":"https:\/\/kgerad.de\/","name":"kgerad.de","description":"Treten Sie mit uns ins Abenteuer!","publisher":{"@id":"https:\/\/kgerad.de\/#organization"},"alternateName":"MEIN RADLADEN","potentialAction":[{"@type":"SearchAction","target":{"@type":"EntryPoint","urlTemplate":"https:\/\/kgerad.de\/?s={search_term_string}"},"query-input":{"@type":"PropertyValueSpecification","valueRequired":true,"valueName":"search_term_string"}}],"inLanguage":"en-US"},{"@type":"Organization","@id":"https:\/\/kgerad.de\/#organization","name":"MEINRADLADEN","alternateName":"MEIN RADLADEN","url":"https:\/\/kgerad.de\/","logo":{"@type":"ImageObject","inLanguage":"en-US","@id":"https:\/\/kgerad.de\/#\/schema\/logo\/image\/","url":"https:\/\/kgerad.de\/wp-content\/uploads\/2025\/07\/logo-Whit.svg","contentUrl":"https:\/\/kgerad.de\/wp-content\/uploads\/2025\/07\/logo-Whit.svg","width":1640,"height":371,"caption":"MEINRADLADEN"},"image":{"@id":"https:\/\/kgerad.de\/#\/schema\/logo\/image\/"}}]}},"_links":{"self":[{"href":"https:\/\/kgerad.de\/en\/wp-json\/wp\/v2\/product\/42974","targetHints":{"allow":["GET"]}}],"collection":[{"href":"https:\/\/kgerad.de\/en\/wp-json\/wp\/v2\/product"}],"about":[{"href":"https:\/\/kgerad.de\/en\/wp-json\/wp\/v2\/types\/product"}],"replies":[{"embeddable":true,"href":"https:\/\/kgerad.de\/en\/wp-json\/wp\/v2\/comments?post=42974"}],"version-history":[{"count":1,"href":"https:\/\/kgerad.de\/en\/wp-json\/wp\/v2\/product\/42974\/revisions"}],"predecessor-version":[{"id":79248,"href":"https:\/\/kgerad.de\/en\/wp-json\/wp\/v2\/product\/42974\/revisions\/79248"}],"wp:featuredmedia":[{"embeddable":true,"href":"https:\/\/kgerad.de\/en\/wp-json\/wp\/v2\/media\/62703"}],"wp:attachment":[{"href":"https:\/\/kgerad.de\/en\/wp-json\/wp\/v2\/media?parent=42974"}],"wp:term":[{"taxonomy":"product_brand","embeddable":true,"href":"https:\/\/kgerad.de\/en\/wp-json\/wp\/v2\/product_brand?post=42974"},{"taxonomy":"product_cat","embeddable":true,"href":"https:\/\/kgerad.de\/en\/wp-json\/wp\/v2\/product_cat?post=42974"},{"taxonomy":"product_tag","embeddable":true,"href":"https:\/\/kgerad.de\/en\/wp-json\/wp\/v2\/product_tag?post=42974"}],"curies":[{"name":"wp","href":"https:\/\/api.w.org\/{rel}","templated":true}]}}