{"id":42940,"date":"2022-11-22T17:32:05","date_gmt":"2022-11-22T16:32:05","guid":{"rendered":"https:\/\/kgerad.de\/?post_type=product&#038;p=42940"},"modified":"2023-08-11T09:28:45","modified_gmt":"2023-08-11T07:28:45","slug":"city-e-bike-damen-hollandrad-altec-kratos-nexus-3-28-zoll","status":"publish","type":"product","link":"https:\/\/kgerad.de\/en\/product\/city-e-bike-damen-hollandrad-altec-kratos-nexus-3-28-zoll\/","title":{"rendered":"City E Bike Damen Hollandrad Altec Kratos Nexus 3 28 Zoll"},"content":{"rendered":"<h2 class=\"product-detail-name\">City E Bike Damen Hollandrad Altec Kratos Nexus 28 Zoll<\/h2>\n<p>Damen Hollandrad Altec Sind Sie auf der Suche nach einem praktischen und stilvollen Elektrofahrrad? Dann ist dieses Altec Transportrad Nexus 3 eine perfekte und g\u00fcnstige L\u00f6sung. Dieses elektrische Damenfahrrad ist perfekt f\u00fcr Fahrten durch die Stadt. Um diese Strecken zu einem echten Fahrerlebnis zu machen, stehen Ihnen 5 Unterst\u00fctzungsmodi zur Verf\u00fcgung. Bei diesem Elektrofahrrad k\u00f6nnen Sie zwischen dem vorderen Gep\u00e4cktr\u00e4ger, dem hinteren Gep\u00e4cktr\u00e4ger, oder beidem w\u00e4hlen.<\/p>\n<p>Das gibt Ihnen die M\u00f6glichkeit, all Ihre Eink\u00e4ufe, Waren und Schulmaterialien einfach zu transportieren. Um all dies sicher zu transportieren, ist das Altec Transportrad mit robusten Handbremsen und einer Shimano-Rollenbremse hinten ausgestattet.<\/p>\n<p><strong><u>Sprint durch die Merkmale<\/u><\/strong><\/p>\n<ul>\n<li>Eingebautes AXA solid PLUS, zertifiziertes Ringschloss<\/li>\n<li>Ergonomisch gebogener und verstellbarer Lenker und Lenkerschloss f\u00fcr zus\u00e4tzliche Stabilit\u00e4t<\/li>\n<li>Kettenschutz, damit Sie immer makellos bleiben<\/li>\n<li>Doppelter Gep\u00e4cktr\u00e4ger, ideal f\u00fcr Eink\u00e4ufe oder Schulsachen<\/li>\n<\/ul>\n<p><strong><u>Komponente<\/u><\/strong><\/p>\n<p><strong>Akku<\/strong><\/p>\n<p>Der leicht herausnehmbare Philion-Akku mit 37v 14 Ah hat eine Reichweite von 60 bis 100 km. Das sorgt f\u00fcr lange und angenehme Strecken.<\/p>\n<p><strong>Motor<\/strong><\/p>\n<p>Der 250-W-Vorderradmotor gibt Ihnen das angenehme Gef\u00fchl, auf dem Elektrofahrrad gezogen zu werden. Mit den 5 verschiedenen Fahrmodi haben Sie die volle Kontrolle \u00fcber Ihre Geschwindigkeit.<\/p>\n<p><strong>Rahmen\u00a0<\/strong><\/p>\n<p>Das Elektrofahrrad hat einen leicht zug\u00e4nglichen Einstiegsrahmen, bei dem Sie sich nicht zu sehr anstrengen m\u00fcssen. Der Rahmen und die doppelwandigen Felgen sind aus Aluminium gefertigt, einem robusten, leichten und rostfreien Material.<\/p>\n<p>Auch das Design des Fahrrads ist ein echter Pluspunkt, es gibt eine perfekte Balance zwischen dem hinteren und dem vorderen Gep\u00e4cktr\u00e4ger.\u00a0 Das l\u00e4sst das Fahrrad harmonisch und elegant aussehen.<\/p>\n<p><strong>Nabenschaltung<\/strong><\/p>\n<p>Die saubere Verarbeitung ist nicht nur \u00e4sthetisch ansprechend, sondern auch leicht zu pflegen. Die Shimano Nexus 3-Gang-Schaltung ist ein angenehmer Partner f\u00fcr lange Strecken. Mit dem Kettenschutz k\u00f6nnen Sie sicher sein, dass Sie ohne Flecken am Ziel ankommen.<\/p>\n<div class=\"h3 twt-product-properties-description-title\">Eigenschaften &#8222;City E Bike Damen 28 Zoll Hollandrad Altec Kratos Nexus 3 Gruen&#8220;<\/div>\n<div class=\"twt-product-detail-properties-text\">\n<div class=\"product-detail-properties\">\n<div class=\"row product-detail-properties-container\">\n<div class=\"col-md-10 col-lg-6\">\n<table class=\"table table-striped product-detail-properties-table\" style=\"height: 557px;\" width=\"802\">\n<tbody>\n<tr class=\"properties-row\">\n<th class=\"properties-label\">Fahrradtyp:<\/th>\n<td class=\"properties-value\">E Bike Damen, Urban E Bike<\/td>\n<\/tr>\n<tr class=\"properties-row\">\n<th class=\"properties-label\">Farbe:<\/th>\n<td class=\"properties-value\">Gr\u00fcn<\/td>\n<\/tr>\n<tr class=\"properties-row\">\n<th class=\"properties-label\">Radgr\u00f6\u00dfe:<\/th>\n<td class=\"properties-value\">28 Zoll<\/td>\n<\/tr>\n<tr class=\"properties-row\">\n<th class=\"properties-label\">Rahmen:<\/th>\n<td class=\"properties-value\">Trapezrahmen<\/td>\n<\/tr>\n<tr class=\"properties-row\">\n<th class=\"properties-label\">Rahmengr\u00f6\u00dfe:<\/th>\n<td class=\"properties-value\">21&#8243;\/53 cm<\/td>\n<\/tr>\n<tr class=\"properties-row\">\n<th class=\"properties-label\">Motorplatzierung:<\/th>\n<td class=\"properties-value\">Vorderradmotor<\/td>\n<\/tr>\n<tr class=\"properties-row\">\n<th class=\"properties-label\">Batterieplatzierung:<\/th>\n<td class=\"properties-value\">Gep\u00e4cktr\u00e4ger<\/td>\n<\/tr>\n<tr class=\"properties-row\">\n<th class=\"properties-label\">Motorleistung (Watt):<\/th>\n<td class=\"properties-value\">250 W<\/td>\n<\/tr>\n<tr class=\"properties-row\">\n<th class=\"properties-label\">Batterie:<\/th>\n<td class=\"properties-value\">520Wh<\/td>\n<\/tr>\n<tr class=\"properties-row\">\n<th class=\"properties-label\">Rahmenmaterial:<\/th>\n<td class=\"properties-value\">Aluminium<\/td>\n<\/tr>\n<tr class=\"properties-row\">\n<th class=\"properties-label\">Akku Abnehmbar?:<\/th>\n<td class=\"properties-value\">Ja<\/td>\n<\/tr>\n<tr class=\"properties-row\">\n<th class=\"properties-label\">G\u00e4nge:<\/th>\n<td class=\"properties-value\">3<\/td>\n<\/tr>\n<tr class=\"properties-row\">\n<th class=\"properties-label\">Federung:<\/th>\n<td class=\"properties-value\">Ohne<\/td>\n<\/tr>\n<tr class=\"properties-row\">\n<th class=\"properties-label\">Bremssystem:<\/th>\n<td class=\"properties-value\">Felgenbremse<\/td>\n<\/tr>\n<tr class=\"properties-row\">\n<th class=\"properties-label\">Max. Geschwindigkeit:<\/th>\n<td class=\"properties-value\">25km\/h<\/td>\n<\/tr>\n<tr class=\"properties-row\">\n<th class=\"properties-label\">Antriebsstrang:<\/th>\n<td class=\"properties-value\">Kettenantrieb<\/td>\n<\/tr>\n<tr class=\"properties-row\">\n<th class=\"properties-label\">Gangschaltung:<\/th>\n<td class=\"properties-value\">Nabenschaltung<\/td>\n<\/tr>\n<tr class=\"properties-row\">\n<th class=\"properties-label\">Nabenschaltung:<\/th>\n<td class=\"properties-value\">Shimano Nexus 3<\/td>\n<\/tr>\n<tr class=\"properties-row\">\n<th class=\"properties-label\">Garantie:<\/th>\n<td class=\"properties-value\">2 Jahre<\/td>\n<\/tr>\n<\/tbody>\n<\/table>\n<\/div>\n<\/div>\n<\/div>\n<\/div>","protected":false},"excerpt":{"rendered":"<p>City E Bike Damen Hollandrad Altec Kratos Nexus 28 Zoll Damen Hollandrad Altec Sind Sie auf der Suche nach einem<\/p>","protected":false},"featured_media":62701,"comment_status":"open","ping_status":"closed","template":"","meta":[],"product_brand":[],"product_cat":[33,400],"product_tag":[],"class_list":{"0":"post-42940","1":"product","2":"type-product","3":"status-publish","4":"has-post-thumbnail","6":"product_cat-e-bike","7":"product_cat-e-bike-hollandrad","8":"pa_marke-altec","10":"first","11":"instock","12":"sale","13":"taxable","14":"shipping-taxable","15":"purchasable","16":"product-type-variable"},"yoast_head":"<!-- This site is optimized with the Yoast SEO Premium plugin v20.12 (Yoast SEO v27.1.1) - https:\/\/yoast.com\/product\/yoast-seo-premium-wordpress\/ -->\n<title>City E Bike Damen Hollandrad Altec Kratos Nexus 3 28 Zoll<\/title>\n<meta name=\"description\" content=\"Entdecken Sie unseren Online-Fahrradladen: Gro\u00dfe Auswahl an Modellen f\u00fcr alle Radsportbegeisterten. Von Rennr\u00e4dern bis zu Mountainbikes - finden Sie heute Ihren perfekten Wegbegleiter!\" \/>\n<meta name=\"robots\" content=\"index, follow, max-snippet:-1, max-image-preview:large, max-video-preview:-1\" \/>\n<link rel=\"canonical\" href=\"https:\/\/kgerad.de\/en\/product\/city-e-bike-damen-hollandrad-altec-kratos-nexus-3-28-zoll\/\" \/>\n<meta property=\"og:locale\" content=\"en_US\" \/>\n<meta property=\"og:type\" content=\"article\" \/>\n<meta property=\"og:title\" content=\"City E Bike Damen Hollandrad Altec Kratos Nexus 3 28 Zoll\" \/>\n<meta property=\"og:description\" content=\"Entdecken Sie unseren Online-Fahrradladen: Gro\u00dfe Auswahl an Modellen f\u00fcr alle Radsportbegeisterten. Von Rennr\u00e4dern bis zu Mountainbikes - finden Sie heute Ihren perfekten Wegbegleiter!\" \/>\n<meta property=\"og:url\" content=\"https:\/\/kgerad.de\/en\/product\/city-e-bike-damen-hollandrad-altec-kratos-nexus-3-28-zoll\/\" \/>\n<meta property=\"og:site_name\" content=\"kgerad.de\" \/>\n<meta property=\"article:modified_time\" content=\"2023-08-11T07:28:45+00:00\" \/>\n<meta property=\"og:image\" content=\"https:\/\/kgerad.de\/wp-content\/uploads\/2023\/06\/City-E-Bike-Damen-28-Zoll-Hollandrad-Altec-Kratos-Nexus-3-Gruen-Fahrrad-1-600x404-1.webp\" \/>\n\t<meta property=\"og:image:width\" content=\"600\" \/>\n\t<meta property=\"og:image:height\" content=\"404\" \/>\n\t<meta property=\"og:image:type\" content=\"image\/webp\" \/>\n<meta name=\"twitter:card\" content=\"summary_large_image\" \/>\n<meta name=\"twitter:label1\" content=\"Est. reading time\" \/>\n\t<meta name=\"twitter:data1\" content=\"3 minutes\" \/>\n<script type=\"application\/ld+json\" class=\"yoast-schema-graph\">{\"@context\":\"https:\/\/schema.org\",\"@graph\":[{\"@type\":\"WebPage\",\"@id\":\"https:\/\/kgerad.de\/produkt\/city-e-bike-damen-hollandrad-altec-kratos-nexus-3-28-zoll\/\",\"url\":\"https:\/\/kgerad.de\/produkt\/city-e-bike-damen-hollandrad-altec-kratos-nexus-3-28-zoll\/\",\"name\":\"City E Bike Damen Hollandrad Altec Kratos Nexus 3 28 Zoll\",\"isPartOf\":{\"@id\":\"https:\/\/kgerad.de\/#website\"},\"primaryImageOfPage\":{\"@id\":\"https:\/\/kgerad.de\/produkt\/city-e-bike-damen-hollandrad-altec-kratos-nexus-3-28-zoll\/#primaryimage\"},\"image\":{\"@id\":\"https:\/\/kgerad.de\/produkt\/city-e-bike-damen-hollandrad-altec-kratos-nexus-3-28-zoll\/#primaryimage\"},\"thumbnailUrl\":\"https:\/\/kgerad.de\/wp-content\/uploads\/2023\/06\/City-E-Bike-Damen-28-Zoll-Hollandrad-Altec-Kratos-Nexus-3-Gruen-Fahrrad-1-600x404-1.webp\",\"datePublished\":\"2022-11-22T16:32:05+00:00\",\"dateModified\":\"2023-08-11T07:28:45+00:00\",\"description\":\"Entdecken Sie unseren Online-Fahrradladen: Gro\u00dfe Auswahl an Modellen f\u00fcr alle Radsportbegeisterten. Von Rennr\u00e4dern bis zu Mountainbikes - finden Sie heute Ihren perfekten Wegbegleiter!\",\"breadcrumb\":{\"@id\":\"https:\/\/kgerad.de\/produkt\/city-e-bike-damen-hollandrad-altec-kratos-nexus-3-28-zoll\/#breadcrumb\"},\"inLanguage\":\"en-US\",\"potentialAction\":[{\"@type\":\"ReadAction\",\"target\":[\"https:\/\/kgerad.de\/produkt\/city-e-bike-damen-hollandrad-altec-kratos-nexus-3-28-zoll\/\"]}]},{\"@type\":\"ImageObject\",\"inLanguage\":\"en-US\",\"@id\":\"https:\/\/kgerad.de\/produkt\/city-e-bike-damen-hollandrad-altec-kratos-nexus-3-28-zoll\/#primaryimage\",\"url\":\"https:\/\/kgerad.de\/wp-content\/uploads\/2023\/06\/City-E-Bike-Damen-28-Zoll-Hollandrad-Altec-Kratos-Nexus-3-Gruen-Fahrrad-1-600x404-1.webp\",\"contentUrl\":\"https:\/\/kgerad.de\/wp-content\/uploads\/2023\/06\/City-E-Bike-Damen-28-Zoll-Hollandrad-Altec-Kratos-Nexus-3-Gruen-Fahrrad-1-600x404-1.webp\",\"width\":600,\"height\":404,\"caption\":\"City E Bike Damen Hollandrad Altec Kratos Nexus 3 28 Zoll\"},{\"@type\":\"BreadcrumbList\",\"@id\":\"https:\/\/kgerad.de\/produkt\/city-e-bike-damen-hollandrad-altec-kratos-nexus-3-28-zoll\/#breadcrumb\",\"itemListElement\":[{\"@type\":\"ListItem\",\"position\":1,\"name\":\"Startseite\",\"item\":\"https:\/\/kgerad.de\/\"},{\"@type\":\"ListItem\",\"position\":2,\"name\":\"LADEN\",\"item\":\"https:\/\/kgerad.de\/laden\/\"},{\"@type\":\"ListItem\",\"position\":3,\"name\":\"City E Bike Damen Hollandrad Altec Kratos Nexus 3 28 Zoll\"}]},{\"@type\":\"WebSite\",\"@id\":\"https:\/\/kgerad.de\/#website\",\"url\":\"https:\/\/kgerad.de\/\",\"name\":\"kgerad.de\",\"description\":\"Treten Sie mit uns ins Abenteuer!\",\"publisher\":{\"@id\":\"https:\/\/kgerad.de\/#organization\"},\"alternateName\":\"MEIN RADLADEN\",\"potentialAction\":[{\"@type\":\"SearchAction\",\"target\":{\"@type\":\"EntryPoint\",\"urlTemplate\":\"https:\/\/kgerad.de\/?s={search_term_string}\"},\"query-input\":{\"@type\":\"PropertyValueSpecification\",\"valueRequired\":true,\"valueName\":\"search_term_string\"}}],\"inLanguage\":\"en-US\"},{\"@type\":\"Organization\",\"@id\":\"https:\/\/kgerad.de\/#organization\",\"name\":\"MEINRADLADEN\",\"alternateName\":\"MEIN RADLADEN\",\"url\":\"https:\/\/kgerad.de\/\",\"logo\":{\"@type\":\"ImageObject\",\"inLanguage\":\"en-US\",\"@id\":\"https:\/\/kgerad.de\/#\/schema\/logo\/image\/\",\"url\":\"https:\/\/kgerad.de\/wp-content\/uploads\/2025\/07\/logo-Whit.svg\",\"contentUrl\":\"https:\/\/kgerad.de\/wp-content\/uploads\/2025\/07\/logo-Whit.svg\",\"width\":1640,\"height\":371,\"caption\":\"MEINRADLADEN\"},\"image\":{\"@id\":\"https:\/\/kgerad.de\/#\/schema\/logo\/image\/\"}}]}<\/script>\n<!-- \/ Yoast SEO Premium plugin. -->","yoast_head_json":{"title":"City E Bike Damen Hollandrad Altec Kratos Nexus 3 28 Zoll","description":"Entdecken Sie unseren Online-Fahrradladen: Gro\u00dfe Auswahl an Modellen f\u00fcr alle Radsportbegeisterten. Von Rennr\u00e4dern bis zu Mountainbikes - finden Sie heute Ihren perfekten Wegbegleiter!","robots":{"index":"index","follow":"follow","max-snippet":"max-snippet:-1","max-image-preview":"max-image-preview:large","max-video-preview":"max-video-preview:-1"},"canonical":"https:\/\/kgerad.de\/en\/product\/city-e-bike-damen-hollandrad-altec-kratos-nexus-3-28-zoll\/","og_locale":"en_US","og_type":"article","og_title":"City E Bike Damen Hollandrad Altec Kratos Nexus 3 28 Zoll","og_description":"Entdecken Sie unseren Online-Fahrradladen: Gro\u00dfe Auswahl an Modellen f\u00fcr alle Radsportbegeisterten. Von Rennr\u00e4dern bis zu Mountainbikes - finden Sie heute Ihren perfekten Wegbegleiter!","og_url":"https:\/\/kgerad.de\/en\/product\/city-e-bike-damen-hollandrad-altec-kratos-nexus-3-28-zoll\/","og_site_name":"kgerad.de","article_modified_time":"2023-08-11T07:28:45+00:00","og_image":[{"width":600,"height":404,"url":"https:\/\/kgerad.de\/wp-content\/uploads\/2023\/06\/City-E-Bike-Damen-28-Zoll-Hollandrad-Altec-Kratos-Nexus-3-Gruen-Fahrrad-1-600x404-1.webp","type":"image\/webp"}],"twitter_card":"summary_large_image","twitter_misc":{"Est. reading time":"3 minutes"},"schema":{"@context":"https:\/\/schema.org","@graph":[{"@type":"WebPage","@id":"https:\/\/kgerad.de\/produkt\/city-e-bike-damen-hollandrad-altec-kratos-nexus-3-28-zoll\/","url":"https:\/\/kgerad.de\/produkt\/city-e-bike-damen-hollandrad-altec-kratos-nexus-3-28-zoll\/","name":"City E Bike Damen Hollandrad Altec Kratos Nexus 3 28 Zoll","isPartOf":{"@id":"https:\/\/kgerad.de\/#website"},"primaryImageOfPage":{"@id":"https:\/\/kgerad.de\/produkt\/city-e-bike-damen-hollandrad-altec-kratos-nexus-3-28-zoll\/#primaryimage"},"image":{"@id":"https:\/\/kgerad.de\/produkt\/city-e-bike-damen-hollandrad-altec-kratos-nexus-3-28-zoll\/#primaryimage"},"thumbnailUrl":"https:\/\/kgerad.de\/wp-content\/uploads\/2023\/06\/City-E-Bike-Damen-28-Zoll-Hollandrad-Altec-Kratos-Nexus-3-Gruen-Fahrrad-1-600x404-1.webp","datePublished":"2022-11-22T16:32:05+00:00","dateModified":"2023-08-11T07:28:45+00:00","description":"Entdecken Sie unseren Online-Fahrradladen: Gro\u00dfe Auswahl an Modellen f\u00fcr alle Radsportbegeisterten. Von Rennr\u00e4dern bis zu Mountainbikes - finden Sie heute Ihren perfekten Wegbegleiter!","breadcrumb":{"@id":"https:\/\/kgerad.de\/produkt\/city-e-bike-damen-hollandrad-altec-kratos-nexus-3-28-zoll\/#breadcrumb"},"inLanguage":"en-US","potentialAction":[{"@type":"ReadAction","target":["https:\/\/kgerad.de\/produkt\/city-e-bike-damen-hollandrad-altec-kratos-nexus-3-28-zoll\/"]}]},{"@type":"ImageObject","inLanguage":"en-US","@id":"https:\/\/kgerad.de\/produkt\/city-e-bike-damen-hollandrad-altec-kratos-nexus-3-28-zoll\/#primaryimage","url":"https:\/\/kgerad.de\/wp-content\/uploads\/2023\/06\/City-E-Bike-Damen-28-Zoll-Hollandrad-Altec-Kratos-Nexus-3-Gruen-Fahrrad-1-600x404-1.webp","contentUrl":"https:\/\/kgerad.de\/wp-content\/uploads\/2023\/06\/City-E-Bike-Damen-28-Zoll-Hollandrad-Altec-Kratos-Nexus-3-Gruen-Fahrrad-1-600x404-1.webp","width":600,"height":404,"caption":"City E Bike Damen Hollandrad Altec Kratos Nexus 3 28 Zoll"},{"@type":"BreadcrumbList","@id":"https:\/\/kgerad.de\/produkt\/city-e-bike-damen-hollandrad-altec-kratos-nexus-3-28-zoll\/#breadcrumb","itemListElement":[{"@type":"ListItem","position":1,"name":"Startseite","item":"https:\/\/kgerad.de\/"},{"@type":"ListItem","position":2,"name":"LADEN","item":"https:\/\/kgerad.de\/laden\/"},{"@type":"ListItem","position":3,"name":"City E Bike Damen Hollandrad Altec Kratos Nexus 3 28 Zoll"}]},{"@type":"WebSite","@id":"https:\/\/kgerad.de\/#website","url":"https:\/\/kgerad.de\/","name":"kgerad.de","description":"Treten Sie mit uns ins Abenteuer!","publisher":{"@id":"https:\/\/kgerad.de\/#organization"},"alternateName":"MEIN RADLADEN","potentialAction":[{"@type":"SearchAction","target":{"@type":"EntryPoint","urlTemplate":"https:\/\/kgerad.de\/?s={search_term_string}"},"query-input":{"@type":"PropertyValueSpecification","valueRequired":true,"valueName":"search_term_string"}}],"inLanguage":"en-US"},{"@type":"Organization","@id":"https:\/\/kgerad.de\/#organization","name":"MEINRADLADEN","alternateName":"MEIN RADLADEN","url":"https:\/\/kgerad.de\/","logo":{"@type":"ImageObject","inLanguage":"en-US","@id":"https:\/\/kgerad.de\/#\/schema\/logo\/image\/","url":"https:\/\/kgerad.de\/wp-content\/uploads\/2025\/07\/logo-Whit.svg","contentUrl":"https:\/\/kgerad.de\/wp-content\/uploads\/2025\/07\/logo-Whit.svg","width":1640,"height":371,"caption":"MEINRADLADEN"},"image":{"@id":"https:\/\/kgerad.de\/#\/schema\/logo\/image\/"}}]}},"_links":{"self":[{"href":"https:\/\/kgerad.de\/en\/wp-json\/wp\/v2\/product\/42940","targetHints":{"allow":["GET"]}}],"collection":[{"href":"https:\/\/kgerad.de\/en\/wp-json\/wp\/v2\/product"}],"about":[{"href":"https:\/\/kgerad.de\/en\/wp-json\/wp\/v2\/types\/product"}],"replies":[{"embeddable":true,"href":"https:\/\/kgerad.de\/en\/wp-json\/wp\/v2\/comments?post=42940"}],"version-history":[{"count":1,"href":"https:\/\/kgerad.de\/en\/wp-json\/wp\/v2\/product\/42940\/revisions"}],"predecessor-version":[{"id":79253,"href":"https:\/\/kgerad.de\/en\/wp-json\/wp\/v2\/product\/42940\/revisions\/79253"}],"wp:featuredmedia":[{"embeddable":true,"href":"https:\/\/kgerad.de\/en\/wp-json\/wp\/v2\/media\/62701"}],"wp:attachment":[{"href":"https:\/\/kgerad.de\/en\/wp-json\/wp\/v2\/media?parent=42940"}],"wp:term":[{"taxonomy":"product_brand","embeddable":true,"href":"https:\/\/kgerad.de\/en\/wp-json\/wp\/v2\/product_brand?post=42940"},{"taxonomy":"product_cat","embeddable":true,"href":"https:\/\/kgerad.de\/en\/wp-json\/wp\/v2\/product_cat?post=42940"},{"taxonomy":"product_tag","embeddable":true,"href":"https:\/\/kgerad.de\/en\/wp-json\/wp\/v2\/product_tag?post=42940"}],"curies":[{"name":"wp","href":"https:\/\/api.w.org\/{rel}","templated":true}]}}