{"id":42899,"date":"2022-11-22T15:02:27","date_gmt":"2022-11-22T14:02:27","guid":{"rendered":"https:\/\/kgerad.de\/?post_type=product&#038;p=42899"},"modified":"2023-08-11T09:33:52","modified_gmt":"2023-08-11T07:33:52","slug":"cube-cargo-sport-dual-hybrid-1000-flashgreynblack","status":"publish","type":"product","link":"https:\/\/kgerad.de\/en\/product\/cube-cargo-sport-dual-hybrid-1000-flashgreynblack\/","title":{"rendered":"Cube Cargo Sport Dual Hybrid 1000 flashgrey\u00b4n\u00b4black"},"content":{"rendered":"<div class=\"product--headername\">\n<h2 class=\"product--title\"><strong>Cube<\/strong>\u00a0Cargo Sport Dual Hybrid 1000 flashgrey\u00b4n\u00b4black<\/h2>\n<p>Wer Lasten durch die Stadt fahren m\u00f6chte, bekommt mit dem Cargo Sport Dual Hybrid den perfekten Partner an die Seite. Mit zwei 500 Wh starken Akkus in Kombination mit dem leistungsstarken Bosch Antrieb der vierten Generation und der geschmeidig und zuverl\u00e4ssig arbeitenden 10-Gang Deore Schaltung von Shimano wird jede Transportfahrt zum Klacks.<\/p>\n<hr \/>\n<p><a href=\"https:\/\/www.cube.eu\/360\/589350\" target=\"_blank\" rel=\"nofollow noopener\"><img decoding=\"async\" title=\"360\u00b0\" src=\"https:\/\/cd.bike-discount.de\/media\/image\/3a\/ee\/83\/360.png\" alt=\"\" width=\"40\" height=\"39\" data-mid=\"729769\" data-src=\"media\/image\/360.png\" \/>360\u00b0-Ansicht \u00f6ffnen<\/a><\/p>\n<hr \/>\n<p>Top Wetterschutz bietet das optional erh\u00e4ltliche Regenverdeck &#8211; und der optionale Kindersitz nimmt auch Kinder sicher und stylish mit durch die City. Und dann die gro\u00dfe Transportbox: Darin findet fast jede Art von Ladung Platz. Verantwortlich f\u00fcr h\u00f6chste Sicherheit und Kontrolle \u00fcber Ladung und Stra\u00dfe sind die starken hydraulischen Scheibenbremsen von Magura, die griffigen Schwalbe Reifen und die integrierten Schutzbleche. Den angenehmen Fahrkomfort hat das E-Bike der Federgabel zu verdanken. Und durch die LED-Vorder- und R\u00fccklichter hei\u00dft es zu jeder Zeit: Sehen und gesehen werden. Kurz gesagt: Dieser Lasten-Allrounder liefert immer und \u00fcberall top Support.<\/p>\n<hr \/>\n<h3>RAHMEN Cube Cargo Sport Dual Hybrid 1000<\/h3>\n<p>Die meisten Bikes sind darauf ausgelegt, dich und vielleicht ein bisschen Gep\u00e4ck von A nach B zu bringen. Der Cargo Hybrid Rahmen kann allerdings viel mehr &#8211; n\u00e4mlich den sicheren und komfortablen Transport von weitaus gr\u00f6\u00dferer und schwererer Last bis insgesamt 220 kg. Im optionalen Kindersitz fahren sogar bis zu zwei Kinder mit. Zugleich legt das Chassis selbst bei voller Beladung ein stabiles, unkompliziertes Handling an den Tag, das seine Qualit\u00e4ten vor allem im Stadtverkehr voll ausspielt. Der kraftvolle, Lasten-spezifische Bosch Motor wurde unauff\u00e4llig unten am Sattelrohr positioniert und es gibt Platz f\u00fcr bis zu zwei Akkus, die sich in der N\u00e4he des Rahmenschwerpunkts befinden.<\/p>\n<hr \/>\n<h3>ONE SIZE CONCEPT<\/h3>\n<p>Durch das flexible ONE SIZE CONCEPT k\u00f6nnen mehrere Menschen dasselbe Bike nutzen. Eine aufrechte Sitzposition und ein tiefer Einstieg erm\u00f6glichen eine komfortable Fahrt f\u00fcr alle &#8211; unabh\u00e4ngig von der jeweiligen K\u00f6rpergr\u00f6\u00dfe. Sattel und Vorbau k\u00f6nnen mit wenigen Handgriffen in der H\u00f6he angepasst werden. So ist das Bike f\u00fcr unterschiedliche K\u00f6rpergr\u00f6\u00dfen von 1,60 m bis 1,90 m nutzbar. Das ONE SIZE Concept bietet das universelle Bike f\u00fcr die ganze Familie, Partner, Freunde, Nachbarn, Kollegen oder auch \u201enur\u201c f\u00fcr dich und alle zuk\u00fcnftigen Eventualit\u00e4ten. Ein Fahrrad flexibel f\u00fcr alle!<\/p>\n<h2>Ausstattung<\/h2>\n<div class=\"product--properties panel has--border\">\n<table class=\"product--properties-table\">\n<tbody>\n<tr class=\"product--properties-row row1\">\n<td class=\"product--properties-label is--bold\">Rahmen:<\/td>\n<td class=\"product--properties-value\">Cube Cargo, One Size<\/td>\n<\/tr>\n<tr class=\"product--properties-row row2\">\n<td class=\"product--properties-label is--bold\">Rahmenmaterial:<\/td>\n<td class=\"product--properties-value\">Aluminium<\/td>\n<\/tr>\n<tr class=\"product--properties-row row3\">\n<td class=\"product--properties-label is--bold\">Laufradgr\u00f6\u00dfe:<\/td>\n<td class=\"product--properties-value\">20&#8243; \/ 27,5&#8243;<\/td>\n<\/tr>\n<tr class=\"product--properties-row row4\">\n<td class=\"product--properties-label is--bold\">Farbe:<\/td>\n<td class=\"product--properties-value\">flashgrey\u00b4n\u00b4black<\/td>\n<\/tr>\n<tr class=\"product--properties-row row5\">\n<td class=\"product--properties-label is--bold\">Gabel:<\/td>\n<td class=\"product--properties-value\">SR Suntour MOBIE CARGO<\/td>\n<\/tr>\n<tr class=\"product--properties-row row6\">\n<td class=\"product--properties-label is--bold\">Federweg:<\/td>\n<td class=\"product--properties-value\">80 mm<\/td>\n<\/tr>\n<tr class=\"product--properties-row row7\">\n<td class=\"product--properties-label is--bold\">Bremsen:<\/td>\n<td class=\"product--properties-value\">Magura CMe, Hydr. Disc Brake (180\/203)<\/td>\n<\/tr>\n<tr class=\"product--properties-row row8\">\n<td class=\"product--properties-label is--bold\">Steuersatz:<\/td>\n<td class=\"product--properties-value\">Cube H835D3, semi-integrated with sealed bearings and Cane Creek Viscoset<\/td>\n<\/tr>\n<tr class=\"product--properties-row row9\">\n<td class=\"product--properties-label is--bold\">Vorbau:<\/td>\n<td class=\"product--properties-value\">BySchulz Speedlifter Classic<\/td>\n<\/tr>\n<tr class=\"product--properties-row row10\">\n<td class=\"product--properties-label is--bold\">Lenker:<\/td>\n<td class=\"product--properties-value\">CUBE Comfort Trail Bar, 680mm<\/td>\n<\/tr>\n<tr class=\"product--properties-row row11\">\n<td class=\"product--properties-label is--bold\">Griffe:<\/td>\n<td class=\"product--properties-value\">Natural Fit Comfort<\/td>\n<\/tr>\n<tr class=\"product--properties-row row12\">\n<td class=\"product--properties-label is--bold\">Sattel:<\/td>\n<td class=\"product--properties-value\">Natural Fit Sequence+ Comfort<\/td>\n<\/tr>\n<tr class=\"product--properties-row row13\">\n<td class=\"product--properties-label is--bold\">Sattelst\u00fctze:<\/td>\n<td class=\"product--properties-value\">Newmen Evolution, 30.9mm<\/td>\n<\/tr>\n<tr class=\"product--properties-row row14\">\n<td class=\"product--properties-label is--bold\">Sattelklemme:<\/td>\n<td class=\"product--properties-value\">CUBE Varioclose, 34.9mm<\/td>\n<\/tr>\n<tr class=\"product--properties-row row15\">\n<td class=\"product--properties-label is--bold\">Kurbel:<\/td>\n<td class=\"product--properties-value\">ACID E-Crank, 170mm, 38T<\/td>\n<\/tr>\n<\/tbody>\n<\/table>\n<table class=\"product--properties-table\">\n<tbody>\n<tr class=\"product--properties-row row16\">\n<td class=\"product--properties-label is--bold\">Schaltwerk:<\/td>\n<td class=\"product--properties-value\">Shimano Deore RD-M5120-SGS, 10-Speed<\/td>\n<\/tr>\n<tr class=\"product--properties-row row17\">\n<td class=\"product--properties-label is--bold\">Schalthebel:<\/td>\n<td class=\"product--properties-value\">Shimano Deore SL-M4100<\/td>\n<\/tr>\n<tr class=\"product--properties-row row18\">\n<td class=\"product--properties-label is--bold\">Kassette:<\/td>\n<td class=\"product--properties-value\">Shimano Deore CS-M4100, 11-46T<\/td>\n<\/tr>\n<tr class=\"product--properties-row row19\">\n<td class=\"product--properties-label is--bold\">Kette:<\/td>\n<td class=\"product--properties-value\">KMC X10<\/td>\n<\/tr>\n<tr class=\"product--properties-row row20\">\n<td class=\"product--properties-label is--bold\">Reifen vorne:<\/td>\n<td class=\"product--properties-value\">Schwalbe Pick-Up, Super Defense, 60-406<\/td>\n<\/tr>\n<tr class=\"product--properties-row row21\">\n<td class=\"product--properties-label is--bold\">Reifen hinten:<\/td>\n<td class=\"product--properties-value\">Schwalbe Pick-Up, Super Defense, 65-584<\/td>\n<\/tr>\n<tr class=\"product--properties-row row22\">\n<td class=\"product--properties-label is--bold\">Nabe Vorderrad:<\/td>\n<td class=\"product--properties-value\">Shimano HB-MT400, 15x100mm , Centerlock<\/td>\n<\/tr>\n<tr class=\"product--properties-row row23\">\n<td class=\"product--properties-label is--bold\">Nabe Hinterrad:<\/td>\n<td class=\"product--properties-value\">Shimano Deore FH-M6000, QR, Centerlock<\/td>\n<\/tr>\n<tr class=\"product--properties-row row24\">\n<td class=\"product--properties-label is--bold\">Felgen:<\/td>\n<td class=\"product--properties-value\">CUBE EX30, 32H, Disc, Tubeless Ready<\/td>\n<\/tr>\n<tr class=\"product--properties-row row25\">\n<td class=\"product--properties-label is--bold\">Display:<\/td>\n<td class=\"product--properties-value\">Bosch Intuvia<\/td>\n<\/tr>\n<tr class=\"product--properties-row row26\">\n<td class=\"product--properties-label is--bold\">Akku:<\/td>\n<td class=\"product--properties-value\">2 x Bosch PowerPack 500<\/td>\n<\/tr>\n<tr class=\"product--properties-row row27\">\n<td class=\"product--properties-label is--bold\">Ladeger\u00e4t:<\/td>\n<td class=\"product--properties-value\">Bosch 4A<\/td>\n<\/tr>\n<tr class=\"product--properties-row row28\">\n<td class=\"product--properties-label is--bold\">Motor:<\/td>\n<td class=\"product--properties-value\">Bosch Drive Unit Cargo Line Generation 4 (85Nm) Cruise (250Watt)<\/td>\n<\/tr>\n<tr class=\"product--properties-row row29\">\n<td class=\"product--properties-label is--bold\">Scheinwerfer:<\/td>\n<td class=\"product--properties-value\">ACID Front Light PRO-E 110, 5-16V, DC<\/td>\n<\/tr>\n<tr class=\"product--properties-row row30\">\n<td class=\"product--properties-label is--bold\">R\u00fccklicht:<\/td>\n<td class=\"product--properties-value\">ACID Mudguard Rear Light PRO-E, 12V, DC<\/td>\n<\/tr>\n<tr class=\"product--properties-row row31\">\n<td class=\"product--properties-label is--bold\">Pedale:<\/td>\n<td class=\"product--properties-value\">CUBE PP MTB<\/td>\n<\/tr>\n<tr class=\"product--properties-row row32\">\n<td class=\"product--properties-label is--bold\">Sonstiges:<\/td>\n<td class=\"product--properties-value\">Schutzblech, St\u00e4nder, Glocke<\/td>\n<\/tr>\n<tr class=\"product--properties-row row33\">\n<td class=\"product--properties-label is--bold\">Zul\u00e4ssiges Gesamtgewicht:<\/td>\n<td class=\"product--properties-value\">220 kg (K\u00f6rpergewicht + Fahrrad + Ausr\u00fcstung)<\/td>\n<\/tr>\n<tr class=\"product--properties-row row34\">\n<td class=\"product--properties-label is--bold\">Gewicht Komplettrad:<\/td>\n<td class=\"product--properties-value\">49,5 kg<\/td>\n<\/tr>\n<\/tbody>\n<\/table>\n<\/div>\n<\/div>","protected":false},"excerpt":{"rendered":"<p>Cube\u00a0Cargo Sport Dual Hybrid 1000 flashgrey\u00b4n\u00b4black Wer Lasten durch die Stadt fahren m\u00f6chte, bekommt mit dem Cargo Sport Dual Hybrid<\/p>","protected":false},"featured_media":62689,"comment_status":"open","ping_status":"closed","template":"","meta":[],"product_brand":[],"product_cat":[33,34,35,395],"product_tag":[],"class_list":{"0":"post-42899","1":"product","2":"type-product","3":"status-publish","4":"has-post-thumbnail","6":"product_cat-e-bike","7":"product_cat-e-bike-city-urban","8":"product_cat-e-bikes-2022","9":"product_cat-e-lastenraeder","10":"pa_marke-cube","12":"first","13":"instock","14":"sale","15":"taxable","16":"shipping-taxable","17":"purchasable","18":"product-type-variable"},"yoast_head":"<!-- This site is optimized with the Yoast SEO Premium plugin v20.12 (Yoast SEO v27.1.1) - https:\/\/yoast.com\/product\/yoast-seo-premium-wordpress\/ -->\n<title>Cube Cargo Sport Dual Hybrid 1000 flashgrey\u00b4n\u00b4black<\/title>\n<meta name=\"description\" content=\"Entdecken Sie unseren Online-Fahrradladen: Gro\u00dfe Auswahl an Modellen f\u00fcr alle Radsportbegeisterten. Von Rennr\u00e4dern bis zu Mountainbikes - finden Sie heute Ihren perfekten Wegbegleiter!\" \/>\n<meta name=\"robots\" content=\"index, follow, max-snippet:-1, max-image-preview:large, max-video-preview:-1\" \/>\n<link rel=\"canonical\" href=\"https:\/\/kgerad.de\/en\/product\/cube-cargo-sport-dual-hybrid-1000-flashgreynblack\/\" \/>\n<meta property=\"og:locale\" content=\"en_US\" \/>\n<meta property=\"og:type\" content=\"article\" \/>\n<meta property=\"og:title\" content=\"Cube Cargo Sport Dual Hybrid 1000 flashgrey\u00b4n\u00b4black\" \/>\n<meta property=\"og:description\" content=\"Entdecken Sie unseren Online-Fahrradladen: Gro\u00dfe Auswahl an Modellen f\u00fcr alle Radsportbegeisterten. Von Rennr\u00e4dern bis zu Mountainbikes - finden Sie heute Ihren perfekten Wegbegleiter!\" \/>\n<meta property=\"og:url\" content=\"https:\/\/kgerad.de\/en\/product\/cube-cargo-sport-dual-hybrid-1000-flashgreynblack\/\" \/>\n<meta property=\"og:site_name\" content=\"kgerad.de\" \/>\n<meta property=\"article:modified_time\" content=\"2023-08-11T07:33:52+00:00\" \/>\n<meta property=\"og:image\" content=\"https:\/\/kgerad.de\/wp-content\/uploads\/2023\/06\/589350_light_zoom.jpg\" \/>\n\t<meta property=\"og:image:width\" content=\"1000\" \/>\n\t<meta property=\"og:image:height\" content=\"467\" \/>\n\t<meta property=\"og:image:type\" content=\"image\/jpeg\" \/>\n<meta name=\"twitter:card\" content=\"summary_large_image\" \/>\n<meta name=\"twitter:label1\" content=\"Est. reading time\" \/>\n\t<meta name=\"twitter:data1\" content=\"4 minutes\" \/>\n<script type=\"application\/ld+json\" class=\"yoast-schema-graph\">{\"@context\":\"https:\/\/schema.org\",\"@graph\":[{\"@type\":\"WebPage\",\"@id\":\"https:\/\/kgerad.de\/produkt\/cube-cargo-sport-dual-hybrid-1000-flashgreynblack\/\",\"url\":\"https:\/\/kgerad.de\/produkt\/cube-cargo-sport-dual-hybrid-1000-flashgreynblack\/\",\"name\":\"Cube Cargo Sport Dual Hybrid 1000 flashgrey\u00b4n\u00b4black\",\"isPartOf\":{\"@id\":\"https:\/\/kgerad.de\/#website\"},\"primaryImageOfPage\":{\"@id\":\"https:\/\/kgerad.de\/produkt\/cube-cargo-sport-dual-hybrid-1000-flashgreynblack\/#primaryimage\"},\"image\":{\"@id\":\"https:\/\/kgerad.de\/produkt\/cube-cargo-sport-dual-hybrid-1000-flashgreynblack\/#primaryimage\"},\"thumbnailUrl\":\"https:\/\/kgerad.de\/wp-content\/uploads\/2023\/06\/589350_light_zoom.jpg\",\"datePublished\":\"2022-11-22T14:02:27+00:00\",\"dateModified\":\"2023-08-11T07:33:52+00:00\",\"description\":\"Entdecken Sie unseren Online-Fahrradladen: Gro\u00dfe Auswahl an Modellen f\u00fcr alle Radsportbegeisterten. Von Rennr\u00e4dern bis zu Mountainbikes - finden Sie heute Ihren perfekten Wegbegleiter!\",\"breadcrumb\":{\"@id\":\"https:\/\/kgerad.de\/produkt\/cube-cargo-sport-dual-hybrid-1000-flashgreynblack\/#breadcrumb\"},\"inLanguage\":\"en-US\",\"potentialAction\":[{\"@type\":\"ReadAction\",\"target\":[\"https:\/\/kgerad.de\/produkt\/cube-cargo-sport-dual-hybrid-1000-flashgreynblack\/\"]}]},{\"@type\":\"ImageObject\",\"inLanguage\":\"en-US\",\"@id\":\"https:\/\/kgerad.de\/produkt\/cube-cargo-sport-dual-hybrid-1000-flashgreynblack\/#primaryimage\",\"url\":\"https:\/\/kgerad.de\/wp-content\/uploads\/2023\/06\/589350_light_zoom.jpg\",\"contentUrl\":\"https:\/\/kgerad.de\/wp-content\/uploads\/2023\/06\/589350_light_zoom.jpg\",\"width\":1000,\"height\":467,\"caption\":\"Cube Cargo Sport Dual Hybrid 1000 flashgrey\u00b4n\u00b4black\"},{\"@type\":\"BreadcrumbList\",\"@id\":\"https:\/\/kgerad.de\/produkt\/cube-cargo-sport-dual-hybrid-1000-flashgreynblack\/#breadcrumb\",\"itemListElement\":[{\"@type\":\"ListItem\",\"position\":1,\"name\":\"Startseite\",\"item\":\"https:\/\/kgerad.de\/\"},{\"@type\":\"ListItem\",\"position\":2,\"name\":\"LADEN\",\"item\":\"https:\/\/kgerad.de\/laden\/\"},{\"@type\":\"ListItem\",\"position\":3,\"name\":\"Cube Cargo Sport Dual Hybrid 1000 flashgrey\u00b4n\u00b4black\"}]},{\"@type\":\"WebSite\",\"@id\":\"https:\/\/kgerad.de\/#website\",\"url\":\"https:\/\/kgerad.de\/\",\"name\":\"kgerad.de\",\"description\":\"Treten Sie mit uns ins Abenteuer!\",\"publisher\":{\"@id\":\"https:\/\/kgerad.de\/#organization\"},\"alternateName\":\"MEIN RADLADEN\",\"potentialAction\":[{\"@type\":\"SearchAction\",\"target\":{\"@type\":\"EntryPoint\",\"urlTemplate\":\"https:\/\/kgerad.de\/?s={search_term_string}\"},\"query-input\":{\"@type\":\"PropertyValueSpecification\",\"valueRequired\":true,\"valueName\":\"search_term_string\"}}],\"inLanguage\":\"en-US\"},{\"@type\":\"Organization\",\"@id\":\"https:\/\/kgerad.de\/#organization\",\"name\":\"MEINRADLADEN\",\"alternateName\":\"MEIN RADLADEN\",\"url\":\"https:\/\/kgerad.de\/\",\"logo\":{\"@type\":\"ImageObject\",\"inLanguage\":\"en-US\",\"@id\":\"https:\/\/kgerad.de\/#\/schema\/logo\/image\/\",\"url\":\"https:\/\/kgerad.de\/wp-content\/uploads\/2025\/07\/logo-Whit.svg\",\"contentUrl\":\"https:\/\/kgerad.de\/wp-content\/uploads\/2025\/07\/logo-Whit.svg\",\"width\":1640,\"height\":371,\"caption\":\"MEINRADLADEN\"},\"image\":{\"@id\":\"https:\/\/kgerad.de\/#\/schema\/logo\/image\/\"}}]}<\/script>\n<!-- \/ Yoast SEO Premium plugin. -->","yoast_head_json":{"title":"Cube Cargo Sport Dual Hybrid 1000 flashgrey\u00b4n\u00b4black","description":"Entdecken Sie unseren Online-Fahrradladen: Gro\u00dfe Auswahl an Modellen f\u00fcr alle Radsportbegeisterten. Von Rennr\u00e4dern bis zu Mountainbikes - finden Sie heute Ihren perfekten Wegbegleiter!","robots":{"index":"index","follow":"follow","max-snippet":"max-snippet:-1","max-image-preview":"max-image-preview:large","max-video-preview":"max-video-preview:-1"},"canonical":"https:\/\/kgerad.de\/en\/product\/cube-cargo-sport-dual-hybrid-1000-flashgreynblack\/","og_locale":"en_US","og_type":"article","og_title":"Cube Cargo Sport Dual Hybrid 1000 flashgrey\u00b4n\u00b4black","og_description":"Entdecken Sie unseren Online-Fahrradladen: Gro\u00dfe Auswahl an Modellen f\u00fcr alle Radsportbegeisterten. Von Rennr\u00e4dern bis zu Mountainbikes - finden Sie heute Ihren perfekten Wegbegleiter!","og_url":"https:\/\/kgerad.de\/en\/product\/cube-cargo-sport-dual-hybrid-1000-flashgreynblack\/","og_site_name":"kgerad.de","article_modified_time":"2023-08-11T07:33:52+00:00","og_image":[{"width":1000,"height":467,"url":"https:\/\/kgerad.de\/wp-content\/uploads\/2023\/06\/589350_light_zoom.jpg","type":"image\/jpeg"}],"twitter_card":"summary_large_image","twitter_misc":{"Est. reading time":"4 minutes"},"schema":{"@context":"https:\/\/schema.org","@graph":[{"@type":"WebPage","@id":"https:\/\/kgerad.de\/produkt\/cube-cargo-sport-dual-hybrid-1000-flashgreynblack\/","url":"https:\/\/kgerad.de\/produkt\/cube-cargo-sport-dual-hybrid-1000-flashgreynblack\/","name":"Cube Cargo Sport Dual Hybrid 1000 flashgrey\u00b4n\u00b4black","isPartOf":{"@id":"https:\/\/kgerad.de\/#website"},"primaryImageOfPage":{"@id":"https:\/\/kgerad.de\/produkt\/cube-cargo-sport-dual-hybrid-1000-flashgreynblack\/#primaryimage"},"image":{"@id":"https:\/\/kgerad.de\/produkt\/cube-cargo-sport-dual-hybrid-1000-flashgreynblack\/#primaryimage"},"thumbnailUrl":"https:\/\/kgerad.de\/wp-content\/uploads\/2023\/06\/589350_light_zoom.jpg","datePublished":"2022-11-22T14:02:27+00:00","dateModified":"2023-08-11T07:33:52+00:00","description":"Entdecken Sie unseren Online-Fahrradladen: Gro\u00dfe Auswahl an Modellen f\u00fcr alle Radsportbegeisterten. Von Rennr\u00e4dern bis zu Mountainbikes - finden Sie heute Ihren perfekten Wegbegleiter!","breadcrumb":{"@id":"https:\/\/kgerad.de\/produkt\/cube-cargo-sport-dual-hybrid-1000-flashgreynblack\/#breadcrumb"},"inLanguage":"en-US","potentialAction":[{"@type":"ReadAction","target":["https:\/\/kgerad.de\/produkt\/cube-cargo-sport-dual-hybrid-1000-flashgreynblack\/"]}]},{"@type":"ImageObject","inLanguage":"en-US","@id":"https:\/\/kgerad.de\/produkt\/cube-cargo-sport-dual-hybrid-1000-flashgreynblack\/#primaryimage","url":"https:\/\/kgerad.de\/wp-content\/uploads\/2023\/06\/589350_light_zoom.jpg","contentUrl":"https:\/\/kgerad.de\/wp-content\/uploads\/2023\/06\/589350_light_zoom.jpg","width":1000,"height":467,"caption":"Cube Cargo Sport Dual Hybrid 1000 flashgrey\u00b4n\u00b4black"},{"@type":"BreadcrumbList","@id":"https:\/\/kgerad.de\/produkt\/cube-cargo-sport-dual-hybrid-1000-flashgreynblack\/#breadcrumb","itemListElement":[{"@type":"ListItem","position":1,"name":"Startseite","item":"https:\/\/kgerad.de\/"},{"@type":"ListItem","position":2,"name":"LADEN","item":"https:\/\/kgerad.de\/laden\/"},{"@type":"ListItem","position":3,"name":"Cube Cargo Sport Dual Hybrid 1000 flashgrey\u00b4n\u00b4black"}]},{"@type":"WebSite","@id":"https:\/\/kgerad.de\/#website","url":"https:\/\/kgerad.de\/","name":"kgerad.de","description":"Treten Sie mit uns ins Abenteuer!","publisher":{"@id":"https:\/\/kgerad.de\/#organization"},"alternateName":"MEIN RADLADEN","potentialAction":[{"@type":"SearchAction","target":{"@type":"EntryPoint","urlTemplate":"https:\/\/kgerad.de\/?s={search_term_string}"},"query-input":{"@type":"PropertyValueSpecification","valueRequired":true,"valueName":"search_term_string"}}],"inLanguage":"en-US"},{"@type":"Organization","@id":"https:\/\/kgerad.de\/#organization","name":"MEINRADLADEN","alternateName":"MEIN RADLADEN","url":"https:\/\/kgerad.de\/","logo":{"@type":"ImageObject","inLanguage":"en-US","@id":"https:\/\/kgerad.de\/#\/schema\/logo\/image\/","url":"https:\/\/kgerad.de\/wp-content\/uploads\/2025\/07\/logo-Whit.svg","contentUrl":"https:\/\/kgerad.de\/wp-content\/uploads\/2025\/07\/logo-Whit.svg","width":1640,"height":371,"caption":"MEINRADLADEN"},"image":{"@id":"https:\/\/kgerad.de\/#\/schema\/logo\/image\/"}}]}},"_links":{"self":[{"href":"https:\/\/kgerad.de\/en\/wp-json\/wp\/v2\/product\/42899","targetHints":{"allow":["GET"]}}],"collection":[{"href":"https:\/\/kgerad.de\/en\/wp-json\/wp\/v2\/product"}],"about":[{"href":"https:\/\/kgerad.de\/en\/wp-json\/wp\/v2\/types\/product"}],"replies":[{"embeddable":true,"href":"https:\/\/kgerad.de\/en\/wp-json\/wp\/v2\/comments?post=42899"}],"version-history":[{"count":2,"href":"https:\/\/kgerad.de\/en\/wp-json\/wp\/v2\/product\/42899\/revisions"}],"predecessor-version":[{"id":79269,"href":"https:\/\/kgerad.de\/en\/wp-json\/wp\/v2\/product\/42899\/revisions\/79269"}],"wp:featuredmedia":[{"embeddable":true,"href":"https:\/\/kgerad.de\/en\/wp-json\/wp\/v2\/media\/62689"}],"wp:attachment":[{"href":"https:\/\/kgerad.de\/en\/wp-json\/wp\/v2\/media?parent=42899"}],"wp:term":[{"taxonomy":"product_brand","embeddable":true,"href":"https:\/\/kgerad.de\/en\/wp-json\/wp\/v2\/product_brand?post=42899"},{"taxonomy":"product_cat","embeddable":true,"href":"https:\/\/kgerad.de\/en\/wp-json\/wp\/v2\/product_cat?post=42899"},{"taxonomy":"product_tag","embeddable":true,"href":"https:\/\/kgerad.de\/en\/wp-json\/wp\/v2\/product_tag?post=42899"}],"curies":[{"name":"wp","href":"https:\/\/api.w.org\/{rel}","templated":true}]}}