{"id":42849,"date":"2022-11-22T14:06:49","date_gmt":"2022-11-22T13:06:49","guid":{"rendered":"https:\/\/kgerad.de\/?post_type=product&#038;p=42849"},"modified":"2023-08-11T09:36:46","modified_gmt":"2023-08-11T07:36:46","slug":"tern-hsd-p9","status":"publish","type":"product","link":"https:\/\/kgerad.de\/en\/product\/tern-hsd-p9\/","title":{"rendered":"Elektrisches Fahrrad tern HSD P9"},"content":{"rendered":"<h2 class=\"product--title\"><strong>tern<\/strong>\u00a0HSD P9<\/h2>\n<div class=\"product--rating-container\">\n<p>Das E-Lastenfahrrad Tern HSD P9 ist mit starkem Bosch-Antrieb ausgestattet. Dazu ist es einfach zu handhaben, dank schneller Gr\u00f6\u00dfenverstellung leicht mit anderen zu teilen, extrem bequem zu fahren und tr\u00e4gt eine Menge Fracht &#8211; das alles in einem kompakten Design, das k\u00fcrzer ist als ein normales Fahrrad.Egal ob du es f\u00e4hrst, abstellst oder anderweitig man\u00f6vrieren musst, der Umgang mit dem HSD ist ein Kinderspiel. Es ist k\u00fcrzer als ein normales Fahrrad und wiegt genauso <a href=\"http:\/\/1.1\">viel<\/a> wie ein herk\u00f6mmliches E-Bike. In 15 Sekunden verwandelt sich das HSD in ein flaches Paket, das perfekt in die Gep\u00e4ckabteile von SUVs, Kombis oder Bussen passt. Das HSD l\u00e4sst sich auch senkrecht aufstellen, um ein bequemes vertikales Parken zu erm\u00f6glichen. Nimm es im Aufzug mit und parke es zuhause oder am Arbeitsplatz &#8211; es braucht nur eine minimale Stellfl\u00e4che.<\/p>\n<p>Mit seinem l\u00e4ngeren Radstand und dem besonders niedrigen Schwerpunkt ist das HSD agiler und stabiler als herk\u00f6mmliche E-Bikes. Das Easy-Step-Rahmendesign in Kombination mit den weiten Verstellbereichen von Vorbau und Sattelst\u00fctze bietet eine angenehm aufrechte Sitzposition f\u00fcr gr\u00f6\u00dfere und kleinere Fahrer:innen. Und dank Federgabel und &#8222;Ballonreifen&#8220; k\u00f6nnen selbst die schlechtesten Kopfsteinpflasterstra\u00dfen Ihrem Fahrvergn\u00fcgen nichts anhaben.<\/p>\n<p>Die besten Dinge im Leben sollte man teilen &#8211; und das HSD ist eines von ihnen. Es l\u00e4sst sich mit wenigen Handgriffen f\u00fcr Fahrer:innen von 150 bis 195 cm anpassen, damit die ganze Familie &#8211; vom Teenager bis zu den Gro\u00dfeltern \u2013 die Fahrt genie\u00dfen kann. Das Easy-Step-Rahmendesign ist formsch\u00f6n und zudem angenehm niedrig, f\u00fcr einfaches Auf- und Absteigen.<\/p>\n<hr \/>\n<h3>Produkteigenschaften &#8211; Tern HSD P9<\/h3>\n<ul>\n<li>Bosch\u00ae Active Line Plus Motor mit Purion Display<\/li>\n<li>500 Wh Akku f\u00fcr gro\u00dfe Reichweite<\/li>\n<li>Custom Suntour Federgabel<\/li>\n<li>9-Gang Shimano\u00ae Alivio Shadow Schaltwerk<\/li>\n<li>Hydraulische Shimano Bremsen<\/li>\n<li>Abus\u00ae gleichschlie\u00dfendes Rahmenschloss<\/li>\n<li>Kompatibel mit einem Thule\u00ae Yepp Maxi-, Yepp Nexxt Maxi- oder Bobike\u00ae GO Maxi-Kindersitz \u2014 ohne Adapter<\/li>\n<li><b>Gr\u00f6\u00dfe zusamengefaltet:<\/b>\u00a0163 x 40.5 x 86 cm<\/li>\n<li><b>Maximales Fahrergewicht:<\/b>\u00a0120 kg<\/li>\n<li><b>Maximales Gesamtgewicht:<\/b>\u00a0170 kg (Fahrrad + Fahrer + Gep\u00e4ck)<\/li>\n<li><b>Empfohlene K\u00f6rpergr\u00f6\u00dfe:<\/b>\u00a0150 &#8211; 195 cm<\/li>\n<\/ul>\n<hr \/>\n<h3>Features<\/h3>\n<p><strong>Bosch Antrieb<\/strong><br \/>\nMit herausragender Leistung und dem umfangreichsten Servicenetzwerk bietet die neueste Generation von Bosch-Motoren nicht nur eine reibungslose Fahrt, sondern auch ein Plus an Sicherheit.<\/p>\n<p><strong>Easy-Step-Rahmendesign<\/strong><br \/>\nDas neue Easy-Step-Rahmendesign bietet eine bequeme aufrechte Sitzposition f\u00fcr gro\u00dfe und kleine Fahrer sowie ein einfaches Auf- und Absteigen.<\/p>\n<p><strong>Einstellbares Cockpit<\/strong><br \/>\nDer einstellbare Andros Vorbau, der Sweep-Lenker und die pr\u00e4zise konstruierten Ergon-Griffe sorgen f\u00fcr ein ph\u00e4nomenal angenehmes Fahrgef\u00fchl.<\/p>\n<p><strong>Federgabel<\/strong><br \/>\nEine ma\u00dfgefertigte Suntour-Federgabel, die alle St\u00f6\u00dfe auf der t\u00e4glichen Fahrt aufnimmt &#8211; und die Last von 170 kg bew\u00e4ltigt, f\u00fcr die das HSD ausgelegt ist.<\/p>\n<p><strong>Atlas H Rack<\/strong><br \/>\nDas extra lange und extra starke Atlas H Rack fasst bis zu 60 kg Fracht, sodass du dein Kind und deine Lebensmittel transportieren oder eine Woche lang mit dem Fahrrad campen kannst.<\/p>\n<p><strong>Atlas H Ausfallenden<\/strong><br \/>\nSpeziell geschmiedet und mit zahlreichen Funktionen ausgestattet, darunter massiv \u00fcberdimensionierte Ausfallenden, ein Gurtzugangsschlitz, ein propriet\u00e4res neues Rackmontage-Design und sogar eine spezielle Anh\u00e4ngerhalterung.<\/p>\n<h3>The Tern HSD<\/h3>\n<p><iframe src=\"https:\/\/www.youtube-nocookie.com\/embed\/bmwDbjar8ac\" width=\"640\" height=\"360\" frameborder=\"0\" allowfullscreen=\"allowfullscreen\" data-mce-fragment=\"1\"><\/iframe><\/p>\n<h3>Tern HSD | Owner Briefing<\/h3>\n<p><iframe title=\"YouTube video player\" src=\"https:\/\/www.youtube-nocookie.com\/embed\/tCWfnVpymG0\" width=\"640\" height=\"360\" frameborder=\"0\" allowfullscreen=\"allowfullscreen\" data-mce-fragment=\"1\"><\/iframe><\/p>\n<h2>Ausstattung<\/h2>\n<div class=\"product--properties panel has--border\">\n<table class=\"product--properties-table\">\n<tbody>\n<tr class=\"product--properties-row row1\">\n<td class=\"product--properties-label is--bold\">Rahmen:<\/td>\n<td class=\"product--properties-value\">Tern HSD, 6061-AL, patented design, Tern sliding dropouts, EFBE Tri-Test approved: 170 kg<\/td>\n<\/tr>\n<tr class=\"product--properties-row row2\">\n<td class=\"product--properties-label is--bold\">Rahmenmaterial:<\/td>\n<td class=\"product--properties-value\">Aluminium<\/td>\n<\/tr>\n<tr class=\"product--properties-row row3\">\n<td class=\"product--properties-label is--bold\">Laufradgr\u00f6\u00dfe:<\/td>\n<td class=\"product--properties-value\">20&#8243;<\/td>\n<\/tr>\n<tr class=\"product--properties-row row4\">\n<td class=\"product--properties-label is--bold\">Farbe:<\/td>\n<td class=\"product--properties-value\">Tarragon<\/td>\n<\/tr>\n<tr class=\"product--properties-row row5\">\n<td class=\"product--properties-label is--bold\">Gabel:<\/td>\n<td class=\"product--properties-value\">Suntour custom for Tern, Chromoly steerer, 32 mm stanchions, Thru-axle, EFBE tested for 170 kg<\/td>\n<\/tr>\n<tr class=\"product--properties-row row6\">\n<td class=\"product--properties-label is--bold\">Bremsen:<\/td>\n<td class=\"product--properties-value\">Shimano, hydraulic disc, 180 mm \/ 160 mm<\/td>\n<\/tr>\n<tr class=\"product--properties-row row7\">\n<td class=\"product--properties-label is--bold\">Bremshebel:<\/td>\n<td class=\"product--properties-value\">Shimano, hydraulic disc<\/td>\n<\/tr>\n<tr class=\"product--properties-row row8\">\n<td class=\"product--properties-label is--bold\">Steuersatz:<\/td>\n<td class=\"product--properties-value\">Tern Flux, cartridge bearings, Physis integrated<\/td>\n<\/tr>\n<tr class=\"product--properties-row row9\">\n<td class=\"product--properties-label is--bold\">Vorbau:<\/td>\n<td class=\"product--properties-value\">Tern Andros (G2), adjustable, forged construction, patented technology<\/td>\n<\/tr>\n<tr class=\"product--properties-row row10\">\n<td class=\"product--properties-label is--bold\">Lenker:<\/td>\n<td class=\"product--properties-value\">Tern Sweep, 6061-AL, Tern Andros adapted, Tern Physis 3D (G2), 3D forged, 5 patented technologies, 12\u00b0, 290 mm<\/td>\n<\/tr>\n<tr class=\"product--properties-row row11\">\n<td class=\"product--properties-label is--bold\">Griffe:<\/td>\n<td class=\"product--properties-value\">Ergon<\/td>\n<\/tr>\n<tr class=\"product--properties-row row12\">\n<td class=\"product--properties-label is--bold\">Sattel:<\/td>\n<td class=\"product--properties-value\">Tern HSD<\/td>\n<\/tr>\n<tr class=\"product--properties-row row13\">\n<td class=\"product--properties-label is--bold\">Sattelst\u00fctze:<\/td>\n<td class=\"product--properties-value\">Tern Telescope, 34.9\/30.9 mm, 2014-AL<\/td>\n<\/tr>\n<tr class=\"product--properties-row row14\">\n<td class=\"product--properties-label is--bold\">Sattelklemme:<\/td>\n<td class=\"product--properties-value\">Tern Collar, 6061-AL, 2pc<\/td>\n<\/tr>\n<tr class=\"product--properties-row row15\">\n<td class=\"product--properties-label is--bold\">Kurbel:<\/td>\n<td class=\"product--properties-value\">Tern HSD custom<\/td>\n<\/tr>\n<\/tbody>\n<\/table>\n<table class=\"product--properties-table\">\n<tbody>\n<tr class=\"product--properties-row row16\">\n<td class=\"product--properties-label is--bold\">Tretlager\/Innenlager:<\/td>\n<td class=\"product--properties-value\">Motor integrated<\/td>\n<\/tr>\n<tr class=\"product--properties-row row17\">\n<td class=\"product--properties-label is--bold\">Schaltwerk:<\/td>\n<td class=\"product--properties-value\">Shimano Alivio Shadow<\/td>\n<\/tr>\n<tr class=\"product--properties-row row18\">\n<td class=\"product--properties-label is--bold\">Schalthebel:<\/td>\n<td class=\"product--properties-value\">Shimano Alivio, 1 x 9 spd, trigger<\/td>\n<\/tr>\n<tr class=\"product--properties-row row19\">\n<td class=\"product--properties-label is--bold\">Kassette:<\/td>\n<td class=\"product--properties-value\">Shimano 11-32T, 9 spd<\/td>\n<\/tr>\n<tr class=\"product--properties-row row20\">\n<td class=\"product--properties-label is--bold\">Kette:<\/td>\n<td class=\"product--properties-value\">9 spd, DHT for eBike, GST corrosion resistant coating<\/td>\n<\/tr>\n<tr class=\"product--properties-row row21\">\n<td class=\"product--properties-label is--bold\">Reifen:<\/td>\n<td class=\"product--properties-value\">Schwalbe Big Apple, 55-406, puncture protection, Reflex<\/td>\n<\/tr>\n<tr class=\"product--properties-row row22\">\n<td class=\"product--properties-label is--bold\">Nabe Vorderrad:<\/td>\n<td class=\"product--properties-value\">Novatec, Thru-axle, sealed bearings<\/td>\n<\/tr>\n<tr class=\"product--properties-row row23\">\n<td class=\"product--properties-label is--bold\">Nabe Hinterrad:<\/td>\n<td class=\"product--properties-value\">Shimano disc<\/td>\n<\/tr>\n<tr class=\"product--properties-row row24\">\n<td class=\"product--properties-label is--bold\">Speichen:<\/td>\n<td class=\"product--properties-value\">Stainless steel<\/td>\n<\/tr>\n<tr class=\"product--properties-row row25\">\n<td class=\"product--properties-label is--bold\">Felgen:<\/td>\n<td class=\"product--properties-value\">Tern Atlas H, wide 35 mm<\/td>\n<\/tr>\n<tr class=\"product--properties-row row26\">\n<td class=\"product--properties-label is--bold\">Display:<\/td>\n<td class=\"product--properties-value\">Bosch Purion, 4 mode selectable, walk assist<\/td>\n<\/tr>\n<tr class=\"product--properties-row row27\">\n<td class=\"product--properties-label is--bold\">Akku:<\/td>\n<td class=\"product--properties-value\">Bosch PowerPack 500 Wh<\/td>\n<\/tr>\n<tr class=\"product--properties-row row28\">\n<td class=\"product--properties-label is--bold\">Ladeger\u00e4t:<\/td>\n<td class=\"product--properties-value\">Bosch Compact Charger<\/td>\n<\/tr>\n<tr class=\"product--properties-row row29\">\n<td class=\"product--properties-label is--bold\">Motor:<\/td>\n<td class=\"product--properties-value\">Bosch Active Line Plus (Gen 3), max speed 25 km\/h<\/td>\n<\/tr>\n<tr class=\"product--properties-row row30\">\n<td class=\"product--properties-label is--bold\">Scheinwerfer:<\/td>\n<td class=\"product--properties-value\">Tern Valo Direct, 45 lux\/190 lumens<\/td>\n<\/tr>\n<tr class=\"product--properties-row row31\">\n<td class=\"product--properties-label is--bold\">R\u00fccklicht:<\/td>\n<td class=\"product--properties-value\">Herrmans H-Trace, for eBike<\/td>\n<\/tr>\n<tr class=\"product--properties-row row32\">\n<td class=\"product--properties-label is--bold\">Gep\u00e4cktr\u00e4ger:<\/td>\n<td class=\"product--properties-value\">Atlas H Rack\u2122, Atlas Rack Mount, 6 point mounting; Max load weight: 60 kg<\/td>\n<\/tr>\n<tr class=\"product--properties-row row33\">\n<td class=\"product--properties-label is--bold\">Pedale:<\/td>\n<td class=\"product--properties-value\">Urban with non-slip surface<\/td>\n<\/tr>\n<tr class=\"product--properties-row row34\">\n<td class=\"product--properties-label is--bold\">Sonstiges:<\/td>\n<td class=\"product--properties-value\">Schutzblech, Kettenschutz, St\u00e4nder, Glocke, Schloss<\/td>\n<\/tr>\n<tr class=\"product--properties-row row35\">\n<td class=\"product--properties-label is--bold\">Zul\u00e4ssiges Gesamtgewicht:<\/td>\n<td class=\"product--properties-value\">170 kg (K\u00f6rpergewicht + Fahrrad + Ausr\u00fcstung)<\/td>\n<\/tr>\n<tr class=\"product--properties-row row36\">\n<td class=\"product--properties-label is--bold\">Gewicht Komplettrad:<\/td>\n<td class=\"product--properties-value\">25,7 kg<\/td>\n<\/tr>\n<\/tbody>\n<\/table>\n<\/div>\n<\/div>","protected":false},"excerpt":{"rendered":"<p>tern\u00a0HSD P9 Das E-Lastenfahrrad Tern HSD P9 ist mit starkem Bosch-Antrieb ausgestattet. Dazu ist es einfach zu handhaben, dank schneller<\/p>","protected":false},"featured_media":62668,"comment_status":"open","ping_status":"closed","template":"","meta":[],"product_brand":[],"product_cat":[33,310,35],"product_tag":[],"class_list":{"0":"post-42849","1":"product","2":"type-product","3":"status-publish","4":"has-post-thumbnail","6":"product_cat-e-bike","7":"product_cat-e-bike-faltrad","8":"product_cat-e-bikes-2022","9":"pa_marke-tern","11":"first","12":"instock","13":"sale","14":"taxable","15":"shipping-taxable","16":"purchasable","17":"product-type-variable"},"yoast_head":"<!-- This site is optimized with the Yoast SEO Premium plugin v20.12 (Yoast SEO v27.1.1) - https:\/\/yoast.com\/product\/yoast-seo-premium-wordpress\/ -->\n<title>Elektrisches Fahrrad tern HSD P9<\/title>\n<meta name=\"description\" content=\"kgerad.de bietet Ihnen das Elektrisches Fahrrad tern HSD P9 zum besten Preis mit kostenlosem Versand in ganz EuropaTern HSD P9Tern HSD P9\" \/>\n<meta name=\"robots\" content=\"index, follow, max-snippet:-1, max-image-preview:large, max-video-preview:-1\" \/>\n<link rel=\"canonical\" href=\"https:\/\/kgerad.de\/en\/product\/tern-hsd-p9\/\" \/>\n<meta property=\"og:locale\" content=\"en_US\" \/>\n<meta property=\"og:type\" content=\"article\" \/>\n<meta property=\"og:title\" content=\"Elektrisches Fahrrad tern HSD P9\" \/>\n<meta property=\"og:description\" content=\"Entdecken Sie unseren Online-Fahrradladen: Gro\u00dfe Auswahl an Modellen f\u00fcr alle Radsportbegeisterten. Von Rennr\u00e4dern bis zu Mountainbikes - finden Sie heute Ihren perfekten Wegbegleiter!\" \/>\n<meta property=\"og:url\" content=\"https:\/\/kgerad.de\/en\/product\/tern-hsd-p9\/\" \/>\n<meta property=\"og:site_name\" content=\"kgerad.de\" \/>\n<meta property=\"article:modified_time\" content=\"2023-08-11T07:36:46+00:00\" \/>\n<meta property=\"og:image\" content=\"https:\/\/kgerad.de\/wp-content\/uploads\/2023\/06\/tern-hsd_p9-tarragon.jpg\" \/>\n\t<meta property=\"og:image:width\" content=\"1000\" \/>\n\t<meta property=\"og:image:height\" content=\"659\" \/>\n\t<meta property=\"og:image:type\" content=\"image\/jpeg\" \/>\n<meta name=\"twitter:card\" content=\"summary_large_image\" \/>\n<meta name=\"twitter:label1\" content=\"Est. reading time\" \/>\n\t<meta name=\"twitter:data1\" content=\"4 minutes\" \/>\n<script type=\"application\/ld+json\" class=\"yoast-schema-graph\">{\"@context\":\"https:\/\/schema.org\",\"@graph\":[{\"@type\":\"WebPage\",\"@id\":\"https:\/\/kgerad.de\/produkt\/tern-hsd-p9\/\",\"url\":\"https:\/\/kgerad.de\/produkt\/tern-hsd-p9\/\",\"name\":\"Elektrisches Fahrrad tern HSD P9\",\"isPartOf\":{\"@id\":\"https:\/\/kgerad.de\/#website\"},\"primaryImageOfPage\":{\"@id\":\"https:\/\/kgerad.de\/produkt\/tern-hsd-p9\/#primaryimage\"},\"image\":{\"@id\":\"https:\/\/kgerad.de\/produkt\/tern-hsd-p9\/#primaryimage\"},\"thumbnailUrl\":\"https:\/\/kgerad.de\/wp-content\/uploads\/2023\/06\/tern-hsd_p9-tarragon.jpg\",\"datePublished\":\"2022-11-22T13:06:49+00:00\",\"dateModified\":\"2023-08-11T07:36:46+00:00\",\"description\":\"kgerad.de bietet Ihnen das Elektrisches Fahrrad tern HSD P9 zum besten Preis mit kostenlosem Versand in ganz EuropaTern HSD P9Tern HSD P9\",\"breadcrumb\":{\"@id\":\"https:\/\/kgerad.de\/produkt\/tern-hsd-p9\/#breadcrumb\"},\"inLanguage\":\"en-US\",\"potentialAction\":[{\"@type\":\"ReadAction\",\"target\":[\"https:\/\/kgerad.de\/produkt\/tern-hsd-p9\/\"]}]},{\"@type\":\"ImageObject\",\"inLanguage\":\"en-US\",\"@id\":\"https:\/\/kgerad.de\/produkt\/tern-hsd-p9\/#primaryimage\",\"url\":\"https:\/\/kgerad.de\/wp-content\/uploads\/2023\/06\/tern-hsd_p9-tarragon.jpg\",\"contentUrl\":\"https:\/\/kgerad.de\/wp-content\/uploads\/2023\/06\/tern-hsd_p9-tarragon.jpg\",\"width\":1000,\"height\":659,\"caption\":\"tern HSD P9\"},{\"@type\":\"BreadcrumbList\",\"@id\":\"https:\/\/kgerad.de\/produkt\/tern-hsd-p9\/#breadcrumb\",\"itemListElement\":[{\"@type\":\"ListItem\",\"position\":1,\"name\":\"Startseite\",\"item\":\"https:\/\/kgerad.de\/\"},{\"@type\":\"ListItem\",\"position\":2,\"name\":\"LADEN\",\"item\":\"https:\/\/kgerad.de\/laden\/\"},{\"@type\":\"ListItem\",\"position\":3,\"name\":\"Elektrisches Fahrrad tern HSD P9\"}]},{\"@type\":\"WebSite\",\"@id\":\"https:\/\/kgerad.de\/#website\",\"url\":\"https:\/\/kgerad.de\/\",\"name\":\"kgerad.de\",\"description\":\"Treten Sie mit uns ins Abenteuer!\",\"publisher\":{\"@id\":\"https:\/\/kgerad.de\/#organization\"},\"alternateName\":\"MEIN RADLADEN\",\"potentialAction\":[{\"@type\":\"SearchAction\",\"target\":{\"@type\":\"EntryPoint\",\"urlTemplate\":\"https:\/\/kgerad.de\/?s={search_term_string}\"},\"query-input\":{\"@type\":\"PropertyValueSpecification\",\"valueRequired\":true,\"valueName\":\"search_term_string\"}}],\"inLanguage\":\"en-US\"},{\"@type\":\"Organization\",\"@id\":\"https:\/\/kgerad.de\/#organization\",\"name\":\"MEINRADLADEN\",\"alternateName\":\"MEIN RADLADEN\",\"url\":\"https:\/\/kgerad.de\/\",\"logo\":{\"@type\":\"ImageObject\",\"inLanguage\":\"en-US\",\"@id\":\"https:\/\/kgerad.de\/#\/schema\/logo\/image\/\",\"url\":\"https:\/\/kgerad.de\/wp-content\/uploads\/2025\/07\/logo-Whit.svg\",\"contentUrl\":\"https:\/\/kgerad.de\/wp-content\/uploads\/2025\/07\/logo-Whit.svg\",\"width\":1640,\"height\":371,\"caption\":\"MEINRADLADEN\"},\"image\":{\"@id\":\"https:\/\/kgerad.de\/#\/schema\/logo\/image\/\"}}]}<\/script>\n<!-- \/ Yoast SEO Premium plugin. -->","yoast_head_json":{"title":"Elektrisches Fahrrad tern HSD P9","description":"kgerad.de bietet Ihnen das Elektrisches Fahrrad tern HSD P9 zum besten Preis mit kostenlosem Versand in ganz EuropaTern HSD P9Tern HSD P9","robots":{"index":"index","follow":"follow","max-snippet":"max-snippet:-1","max-image-preview":"max-image-preview:large","max-video-preview":"max-video-preview:-1"},"canonical":"https:\/\/kgerad.de\/en\/product\/tern-hsd-p9\/","og_locale":"en_US","og_type":"article","og_title":"Elektrisches Fahrrad tern HSD P9","og_description":"Entdecken Sie unseren Online-Fahrradladen: Gro\u00dfe Auswahl an Modellen f\u00fcr alle Radsportbegeisterten. Von Rennr\u00e4dern bis zu Mountainbikes - finden Sie heute Ihren perfekten Wegbegleiter!","og_url":"https:\/\/kgerad.de\/en\/product\/tern-hsd-p9\/","og_site_name":"kgerad.de","article_modified_time":"2023-08-11T07:36:46+00:00","og_image":[{"width":1000,"height":659,"url":"https:\/\/kgerad.de\/wp-content\/uploads\/2023\/06\/tern-hsd_p9-tarragon.jpg","type":"image\/jpeg"}],"twitter_card":"summary_large_image","twitter_misc":{"Est. reading time":"4 minutes"},"schema":{"@context":"https:\/\/schema.org","@graph":[{"@type":"WebPage","@id":"https:\/\/kgerad.de\/produkt\/tern-hsd-p9\/","url":"https:\/\/kgerad.de\/produkt\/tern-hsd-p9\/","name":"Elektrisches Fahrrad tern HSD P9","isPartOf":{"@id":"https:\/\/kgerad.de\/#website"},"primaryImageOfPage":{"@id":"https:\/\/kgerad.de\/produkt\/tern-hsd-p9\/#primaryimage"},"image":{"@id":"https:\/\/kgerad.de\/produkt\/tern-hsd-p9\/#primaryimage"},"thumbnailUrl":"https:\/\/kgerad.de\/wp-content\/uploads\/2023\/06\/tern-hsd_p9-tarragon.jpg","datePublished":"2022-11-22T13:06:49+00:00","dateModified":"2023-08-11T07:36:46+00:00","description":"kgerad.de bietet Ihnen das Elektrisches Fahrrad tern HSD P9 zum besten Preis mit kostenlosem Versand in ganz EuropaTern HSD P9Tern HSD P9","breadcrumb":{"@id":"https:\/\/kgerad.de\/produkt\/tern-hsd-p9\/#breadcrumb"},"inLanguage":"en-US","potentialAction":[{"@type":"ReadAction","target":["https:\/\/kgerad.de\/produkt\/tern-hsd-p9\/"]}]},{"@type":"ImageObject","inLanguage":"en-US","@id":"https:\/\/kgerad.de\/produkt\/tern-hsd-p9\/#primaryimage","url":"https:\/\/kgerad.de\/wp-content\/uploads\/2023\/06\/tern-hsd_p9-tarragon.jpg","contentUrl":"https:\/\/kgerad.de\/wp-content\/uploads\/2023\/06\/tern-hsd_p9-tarragon.jpg","width":1000,"height":659,"caption":"tern HSD P9"},{"@type":"BreadcrumbList","@id":"https:\/\/kgerad.de\/produkt\/tern-hsd-p9\/#breadcrumb","itemListElement":[{"@type":"ListItem","position":1,"name":"Startseite","item":"https:\/\/kgerad.de\/"},{"@type":"ListItem","position":2,"name":"LADEN","item":"https:\/\/kgerad.de\/laden\/"},{"@type":"ListItem","position":3,"name":"Elektrisches Fahrrad tern HSD P9"}]},{"@type":"WebSite","@id":"https:\/\/kgerad.de\/#website","url":"https:\/\/kgerad.de\/","name":"kgerad.de","description":"Treten Sie mit uns ins Abenteuer!","publisher":{"@id":"https:\/\/kgerad.de\/#organization"},"alternateName":"MEIN RADLADEN","potentialAction":[{"@type":"SearchAction","target":{"@type":"EntryPoint","urlTemplate":"https:\/\/kgerad.de\/?s={search_term_string}"},"query-input":{"@type":"PropertyValueSpecification","valueRequired":true,"valueName":"search_term_string"}}],"inLanguage":"en-US"},{"@type":"Organization","@id":"https:\/\/kgerad.de\/#organization","name":"MEINRADLADEN","alternateName":"MEIN RADLADEN","url":"https:\/\/kgerad.de\/","logo":{"@type":"ImageObject","inLanguage":"en-US","@id":"https:\/\/kgerad.de\/#\/schema\/logo\/image\/","url":"https:\/\/kgerad.de\/wp-content\/uploads\/2025\/07\/logo-Whit.svg","contentUrl":"https:\/\/kgerad.de\/wp-content\/uploads\/2025\/07\/logo-Whit.svg","width":1640,"height":371,"caption":"MEINRADLADEN"},"image":{"@id":"https:\/\/kgerad.de\/#\/schema\/logo\/image\/"}}]}},"_links":{"self":[{"href":"https:\/\/kgerad.de\/en\/wp-json\/wp\/v2\/product\/42849","targetHints":{"allow":["GET"]}}],"collection":[{"href":"https:\/\/kgerad.de\/en\/wp-json\/wp\/v2\/product"}],"about":[{"href":"https:\/\/kgerad.de\/en\/wp-json\/wp\/v2\/types\/product"}],"replies":[{"embeddable":true,"href":"https:\/\/kgerad.de\/en\/wp-json\/wp\/v2\/comments?post=42849"}],"version-history":[{"count":1,"href":"https:\/\/kgerad.de\/en\/wp-json\/wp\/v2\/product\/42849\/revisions"}],"predecessor-version":[{"id":79279,"href":"https:\/\/kgerad.de\/en\/wp-json\/wp\/v2\/product\/42849\/revisions\/79279"}],"wp:featuredmedia":[{"embeddable":true,"href":"https:\/\/kgerad.de\/en\/wp-json\/wp\/v2\/media\/62668"}],"wp:attachment":[{"href":"https:\/\/kgerad.de\/en\/wp-json\/wp\/v2\/media?parent=42849"}],"wp:term":[{"taxonomy":"product_brand","embeddable":true,"href":"https:\/\/kgerad.de\/en\/wp-json\/wp\/v2\/product_brand?post=42849"},{"taxonomy":"product_cat","embeddable":true,"href":"https:\/\/kgerad.de\/en\/wp-json\/wp\/v2\/product_cat?post=42849"},{"taxonomy":"product_tag","embeddable":true,"href":"https:\/\/kgerad.de\/en\/wp-json\/wp\/v2\/product_tag?post=42849"}],"curies":[{"name":"wp","href":"https:\/\/api.w.org\/{rel}","templated":true}]}}