{"id":42807,"date":"2022-11-22T12:17:06","date_gmt":"2022-11-22T11:17:06","guid":{"rendered":"https:\/\/kgerad.de\/?post_type=product&#038;p=42807"},"modified":"2023-08-11T09:37:55","modified_gmt":"2023-08-11T07:37:55","slug":"cube-fold-hybrid-500-teaknblack","status":"publish","type":"product","link":"https:\/\/kgerad.de\/en\/product\/cube-fold-hybrid-500-teaknblack\/","title":{"rendered":"Cube Fold Hybrid 500 teak\u00b4n\u00b4black"},"content":{"rendered":"<h2 class=\"product--title\">Cube Fold Hybrid 500 teak\u00b4n\u00b4black<\/h2>\n<p>Ein tolles Bike, das sich dem (bewegten) Lifestyle seines Fahrers flexibel anpasst &#8211; so lautete Cubes Devise bei der Entwicklung des brandneuen Fold Hybrid 500. Also treffen hier ein leistungsstarker Bosch Performance Antrieb und ein 500 Wh starker Akku auf einen praktischen und leicht zu bedienenden Faltmechanismus.<\/p>\n<hr \/>\n<p><a href=\"https:\/\/www.cube.eu\/360\/589500\" target=\"_blank\" rel=\"nofollow noopener\"><img decoding=\"async\" title=\"360\u00b0\" src=\"https:\/\/cd.bike-discount.de\/media\/image\/3a\/ee\/83\/360.png\" alt=\"\" width=\"40\" height=\"39\" data-mid=\"729769\" data-src=\"media\/image\/360.png\" \/>360\u00b0-Ansicht \u00f6ffnen<\/a><\/p>\n<hr \/>\n<p>Der Vorteil: tatkr\u00e4ftige Unterst\u00fctzung in Bewegung plus kompaktes Design zum platzsparenden Lagern oder Transportieren. Die schlichte, robuste und so gut wie wartungsfreie Shimano Nexus 5-Gang Nabenschaltung in Verbindung mit dem robusten Gates CDX Riemenantrieb hat immer den richtigen Gang im Programm. Auf dem Gep\u00e4cktr\u00e4ger (ein Front-Gep\u00e4cktr\u00e4ger ist nachr\u00fcstbar) reist alles, was man braucht, von A nach B. Was noch? Schutzbleche, ein stabiler Doppelbeinst\u00e4nder zum Abstellen und ein robuster Tragegriff. Alles da &#8211; was will man mehr?<\/p>\n<hr \/>\n<h3>RAHMEN Cube Fold Hybrid 500 teak\u00b4n\u00b4black<\/h3>\n<p>Neue Ma\u00dfst\u00e4be in puncto Flexiblit\u00e4t, Mobilit\u00e4t und Funktionalit\u00e4t setzt unser neues faltbares E-Bike mit Bosch Antrieb, das Fold Hybrid 500. Und dass es auch noch genial aussieht, ist kein Zufall, denn wie so oft folgt hier die Form der Funktion. Dank seinem cleveren Faltmechanismus und integrierten Tragegriff l\u00e4sst sich das Rad auf platzsparende Ma\u00dfe zusammenklappen und dadurch effizient und einfach lagern oder transportieren.<\/p>\n<p>Und dank solider Verstellm\u00f6glichkeiten am Sattel und am faltbaren Vorbau kann man das Bike ganz leicht auf fast alle K\u00f6rpergr\u00f6\u00dfen anpassen. Doch damit nicht genug: Wir haben auch an Schutzbleche, einen superstabilen Seitenst\u00e4nder und einen robusten Gep\u00e4cktr\u00e4ger gedacht, der durch einen optimalen Front-Gep\u00e4cktr\u00e4ger erg\u00e4nzt werden kann. Auch lassen sich Taschen und K\u00f6rbe ganz leicht und schnell mit innovativen Mechanismen am Bike befestigen. So ist immer alles dabei, was mit muss. Bleibt die Frage, wie man je ohne diesen faltbaren Begleiter ausgekommen ist!<\/p>\n<hr \/>\n<h3>ONE SIZE CONCEPT<\/h3>\n<p>Durch das flexible ONE SIZE CONCEPT k\u00f6nnen mehrere Menschen dasselbe Bike nutzen. Eine aufrechte Sitzposition und ein tiefer Einstieg erm\u00f6glichen eine komfortable Fahrt f\u00fcr alle &#8211; unabh\u00e4ngig von der jeweiligen K\u00f6rpergr\u00f6\u00dfe. Sattel und Vorbau k\u00f6nnen mit wenigen Handgriffen in der H\u00f6he angepasst werden. So ist das Bike f\u00fcr unterschiedliche K\u00f6rpergr\u00f6\u00dfen von 1,60 m bis 1,90 m nutzbar. Das ONE SIZE Concept bietet das universelle Bike f\u00fcr die ganze Familie, Partner, Freunde, Nachbarn, Kollegen oder auch \u201enur\u201c f\u00fcr dich und alle zuk\u00fcnftigen Eventualit\u00e4ten. Ein Fahrrad flexibel f\u00fcr alle!<\/p>\n<hr \/>\n<h3>Fold Hybrid 2022 &#8211; CUBE Bikes Official<\/h3>\n<p><iframe title=\"YouTube video player\" src=\"https:\/\/www.youtube-nocookie.com\/embed\/cV7HRbJ93Ww\" width=\"640\" height=\"360\" frameborder=\"0\" allowfullscreen=\"allowfullscreen\" data-mce-fragment=\"1\"><\/iframe><\/p>\n<h2>Ausstattung<\/h2>\n<div class=\"product--properties panel has--border\">\n<table class=\"product--properties-table\">\n<tbody>\n<tr class=\"product--properties-row row1\">\n<td class=\"product--properties-label is--bold\">Rahmen:<\/td>\n<td class=\"product--properties-value\">Aluminium Superlite, Comfort Ride Geometry, Semi-Integrated Carrier, Front-Carrier Ready, Slider Dropout, Integrated Folding Technology, Carrying Handlebar<\/td>\n<\/tr>\n<tr class=\"product--properties-row row2\">\n<td class=\"product--properties-label is--bold\">Rahmenmaterial:<\/td>\n<td class=\"product--properties-value\">Aluminium<\/td>\n<\/tr>\n<tr class=\"product--properties-row row3\">\n<td class=\"product--properties-label is--bold\">Laufradgr\u00f6\u00dfe:<\/td>\n<td class=\"product--properties-value\">20&#8243;<\/td>\n<\/tr>\n<tr class=\"product--properties-row row4\">\n<td class=\"product--properties-label is--bold\">Farbe:<\/td>\n<td class=\"product--properties-value\">teak\u00b4n\u00b4black<\/td>\n<\/tr>\n<tr class=\"product--properties-row row5\">\n<td class=\"product--properties-label is--bold\">Gabel:<\/td>\n<td class=\"product--properties-value\">Aluminium 20&#8243;<\/td>\n<\/tr>\n<tr class=\"product--properties-row row6\">\n<td class=\"product--properties-label is--bold\">Bremsen:<\/td>\n<td class=\"product--properties-value\">Shimano BR-MT200, Hydr. Disc Brake (180\/180)<\/td>\n<\/tr>\n<tr class=\"product--properties-row row7\">\n<td class=\"product--properties-label is--bold\">Steuersatz:<\/td>\n<td class=\"product--properties-value\">ACROS AZX-1030, Top Zero-Stack 1 1\/2&#8243; (ZS 56mm), Bottom Zero-Stack 1 1\/2&#8243; (ZS 56mm)<\/td>\n<\/tr>\n<tr class=\"product--properties-row row8\">\n<td class=\"product--properties-label is--bold\">Vorbau:<\/td>\n<td class=\"product--properties-value\">Cube Folding Stem, Adjustable Length, 25,4mm Clamp<\/td>\n<\/tr>\n<tr class=\"product--properties-row row9\">\n<td class=\"product--properties-label is--bold\">Lenker:<\/td>\n<td class=\"product--properties-value\">CUBE Comfort Trail Bar, 680mm<\/td>\n<\/tr>\n<tr class=\"product--properties-row row10\">\n<td class=\"product--properties-label is--bold\">Griffe:<\/td>\n<td class=\"product--properties-value\">RFR Comfort<\/td>\n<\/tr>\n<tr class=\"product--properties-row row11\">\n<td class=\"product--properties-label is--bold\">Sattel:<\/td>\n<td class=\"product--properties-value\">Natural Fit Sequence<\/td>\n<\/tr>\n<tr class=\"product--properties-row row12\">\n<td class=\"product--properties-label is--bold\">Sattelst\u00fctze:<\/td>\n<td class=\"product--properties-value\">Satori Sorata 34,9mm, 280mm -440mm telescoping seatpost<\/td>\n<\/tr>\n<tr class=\"product--properties-row row13\">\n<td class=\"product--properties-label is--bold\">Sattelklemme:<\/td>\n<td class=\"product--properties-value\">CUBE Varioclose, 40mm<\/td>\n<\/tr>\n<tr class=\"product--properties-row row14\">\n<td class=\"product--properties-label is--bold\">Kurbel:<\/td>\n<td class=\"product--properties-value\">ACID E-Crank, 165mm, Gates CDX, 50T with Beltguard<\/td>\n<\/tr>\n<tr class=\"product--properties-row row15\">\n<td class=\"product--properties-label is--bold\">Schalthebel:<\/td>\n<td class=\"product--properties-value\">Shimano Nexus SL-C7000-5<\/td>\n<\/tr>\n<\/tbody>\n<\/table>\n<\/div>","protected":false},"excerpt":{"rendered":"<p>Cube Fold Hybrid 500 teak\u00b4n\u00b4black Ein tolles Bike, das sich dem (bewegten) Lifestyle seines Fahrers flexibel anpasst &#8211; so lautete<\/p>","protected":false},"featured_media":62651,"comment_status":"open","ping_status":"closed","template":"","meta":[],"product_brand":[],"product_cat":[33,310,35],"product_tag":[],"class_list":{"0":"post-42807","1":"product","2":"type-product","3":"status-publish","4":"has-post-thumbnail","6":"product_cat-e-bike","7":"product_cat-e-bike-faltrad","8":"product_cat-e-bikes-2022","9":"pa_marke-cube","11":"first","12":"instock","13":"sale","14":"taxable","15":"shipping-taxable","16":"purchasable","17":"product-type-variable"},"yoast_head":"<!-- This site is optimized with the Yoast SEO Premium plugin v20.12 (Yoast SEO v27.1.1) - https:\/\/yoast.com\/product\/yoast-seo-premium-wordpress\/ -->\n<title>Cube Fold Hybrid 500 teak\u00b4n\u00b4black<\/title>\n<meta name=\"description\" content=\"kgerad.de bietet Ihnen das Cube Fold Hybrid 500 teak\u00b4n\u00b4black zum besten Preis mit kostenlosem Versand in ganz EuropaFold Hybrid 500Fold Hybrid 500\" \/>\n<meta name=\"robots\" content=\"index, follow, max-snippet:-1, max-image-preview:large, max-video-preview:-1\" \/>\n<link rel=\"canonical\" href=\"https:\/\/kgerad.de\/en\/product\/cube-fold-hybrid-500-teaknblack\/\" \/>\n<meta property=\"og:locale\" content=\"en_US\" \/>\n<meta property=\"og:type\" content=\"article\" \/>\n<meta property=\"og:title\" content=\"Cube Fold Hybrid 500 teak\u00b4n\u00b4black\" \/>\n<meta property=\"og:description\" content=\"Entdecken Sie unseren Online-Fahrradladen: Gro\u00dfe Auswahl an Modellen f\u00fcr alle Radsportbegeisterten. Von Rennr\u00e4dern bis zu Mountainbikes - finden Sie heute Ihren perfekten Wegbegleiter!\" \/>\n<meta property=\"og:url\" content=\"https:\/\/kgerad.de\/en\/product\/cube-fold-hybrid-500-teaknblack\/\" \/>\n<meta property=\"og:site_name\" content=\"kgerad.de\" \/>\n<meta property=\"article:modified_time\" content=\"2023-08-11T07:37:55+00:00\" \/>\n<meta property=\"og:image\" content=\"https:\/\/kgerad.de\/wp-content\/uploads\/2023\/06\/589500-1.jpg\" \/>\n\t<meta property=\"og:image:width\" content=\"1000\" \/>\n\t<meta property=\"og:image:height\" content=\"695\" \/>\n\t<meta property=\"og:image:type\" content=\"image\/jpeg\" \/>\n<meta name=\"twitter:card\" content=\"summary_large_image\" \/>\n<meta name=\"twitter:label1\" content=\"Est. reading time\" \/>\n\t<meta name=\"twitter:data1\" content=\"3 minutes\" \/>\n<script type=\"application\/ld+json\" class=\"yoast-schema-graph\">{\"@context\":\"https:\/\/schema.org\",\"@graph\":[{\"@type\":\"WebPage\",\"@id\":\"https:\/\/kgerad.de\/produkt\/cube-fold-hybrid-500-teaknblack\/\",\"url\":\"https:\/\/kgerad.de\/produkt\/cube-fold-hybrid-500-teaknblack\/\",\"name\":\"Cube Fold Hybrid 500 teak\u00b4n\u00b4black\",\"isPartOf\":{\"@id\":\"https:\/\/kgerad.de\/#website\"},\"primaryImageOfPage\":{\"@id\":\"https:\/\/kgerad.de\/produkt\/cube-fold-hybrid-500-teaknblack\/#primaryimage\"},\"image\":{\"@id\":\"https:\/\/kgerad.de\/produkt\/cube-fold-hybrid-500-teaknblack\/#primaryimage\"},\"thumbnailUrl\":\"https:\/\/kgerad.de\/wp-content\/uploads\/2023\/06\/589500-1.jpg\",\"datePublished\":\"2022-11-22T11:17:06+00:00\",\"dateModified\":\"2023-08-11T07:37:55+00:00\",\"description\":\"kgerad.de bietet Ihnen das Cube Fold Hybrid 500 teak\u00b4n\u00b4black zum besten Preis mit kostenlosem Versand in ganz EuropaFold Hybrid 500Fold Hybrid 500\",\"breadcrumb\":{\"@id\":\"https:\/\/kgerad.de\/produkt\/cube-fold-hybrid-500-teaknblack\/#breadcrumb\"},\"inLanguage\":\"en-US\",\"potentialAction\":[{\"@type\":\"ReadAction\",\"target\":[\"https:\/\/kgerad.de\/produkt\/cube-fold-hybrid-500-teaknblack\/\"]}]},{\"@type\":\"ImageObject\",\"inLanguage\":\"en-US\",\"@id\":\"https:\/\/kgerad.de\/produkt\/cube-fold-hybrid-500-teaknblack\/#primaryimage\",\"url\":\"https:\/\/kgerad.de\/wp-content\/uploads\/2023\/06\/589500-1.jpg\",\"contentUrl\":\"https:\/\/kgerad.de\/wp-content\/uploads\/2023\/06\/589500-1.jpg\",\"width\":1000,\"height\":695,\"caption\":\"Cube Fold Hybrid 500 teak\u00b4n\u00b4black\"},{\"@type\":\"BreadcrumbList\",\"@id\":\"https:\/\/kgerad.de\/produkt\/cube-fold-hybrid-500-teaknblack\/#breadcrumb\",\"itemListElement\":[{\"@type\":\"ListItem\",\"position\":1,\"name\":\"Startseite\",\"item\":\"https:\/\/kgerad.de\/\"},{\"@type\":\"ListItem\",\"position\":2,\"name\":\"LADEN\",\"item\":\"https:\/\/kgerad.de\/laden\/\"},{\"@type\":\"ListItem\",\"position\":3,\"name\":\"Cube Fold Hybrid 500 teak\u00b4n\u00b4black\"}]},{\"@type\":\"WebSite\",\"@id\":\"https:\/\/kgerad.de\/#website\",\"url\":\"https:\/\/kgerad.de\/\",\"name\":\"kgerad.de\",\"description\":\"Treten Sie mit uns ins Abenteuer!\",\"publisher\":{\"@id\":\"https:\/\/kgerad.de\/#organization\"},\"alternateName\":\"MEIN RADLADEN\",\"potentialAction\":[{\"@type\":\"SearchAction\",\"target\":{\"@type\":\"EntryPoint\",\"urlTemplate\":\"https:\/\/kgerad.de\/?s={search_term_string}\"},\"query-input\":{\"@type\":\"PropertyValueSpecification\",\"valueRequired\":true,\"valueName\":\"search_term_string\"}}],\"inLanguage\":\"en-US\"},{\"@type\":\"Organization\",\"@id\":\"https:\/\/kgerad.de\/#organization\",\"name\":\"MEINRADLADEN\",\"alternateName\":\"MEIN RADLADEN\",\"url\":\"https:\/\/kgerad.de\/\",\"logo\":{\"@type\":\"ImageObject\",\"inLanguage\":\"en-US\",\"@id\":\"https:\/\/kgerad.de\/#\/schema\/logo\/image\/\",\"url\":\"https:\/\/kgerad.de\/wp-content\/uploads\/2025\/07\/logo-Whit.svg\",\"contentUrl\":\"https:\/\/kgerad.de\/wp-content\/uploads\/2025\/07\/logo-Whit.svg\",\"width\":1640,\"height\":371,\"caption\":\"MEINRADLADEN\"},\"image\":{\"@id\":\"https:\/\/kgerad.de\/#\/schema\/logo\/image\/\"}}]}<\/script>\n<!-- \/ Yoast SEO Premium plugin. -->","yoast_head_json":{"title":"Cube Fold Hybrid 500 teak\u00b4n\u00b4black","description":"kgerad.de bietet Ihnen das Cube Fold Hybrid 500 teak\u00b4n\u00b4black zum besten Preis mit kostenlosem Versand in ganz EuropaFold Hybrid 500Fold Hybrid 500","robots":{"index":"index","follow":"follow","max-snippet":"max-snippet:-1","max-image-preview":"max-image-preview:large","max-video-preview":"max-video-preview:-1"},"canonical":"https:\/\/kgerad.de\/en\/product\/cube-fold-hybrid-500-teaknblack\/","og_locale":"en_US","og_type":"article","og_title":"Cube Fold Hybrid 500 teak\u00b4n\u00b4black","og_description":"Entdecken Sie unseren Online-Fahrradladen: Gro\u00dfe Auswahl an Modellen f\u00fcr alle Radsportbegeisterten. Von Rennr\u00e4dern bis zu Mountainbikes - finden Sie heute Ihren perfekten Wegbegleiter!","og_url":"https:\/\/kgerad.de\/en\/product\/cube-fold-hybrid-500-teaknblack\/","og_site_name":"kgerad.de","article_modified_time":"2023-08-11T07:37:55+00:00","og_image":[{"width":1000,"height":695,"url":"https:\/\/kgerad.de\/wp-content\/uploads\/2023\/06\/589500-1.jpg","type":"image\/jpeg"}],"twitter_card":"summary_large_image","twitter_misc":{"Est. reading time":"3 minutes"},"schema":{"@context":"https:\/\/schema.org","@graph":[{"@type":"WebPage","@id":"https:\/\/kgerad.de\/produkt\/cube-fold-hybrid-500-teaknblack\/","url":"https:\/\/kgerad.de\/produkt\/cube-fold-hybrid-500-teaknblack\/","name":"Cube Fold Hybrid 500 teak\u00b4n\u00b4black","isPartOf":{"@id":"https:\/\/kgerad.de\/#website"},"primaryImageOfPage":{"@id":"https:\/\/kgerad.de\/produkt\/cube-fold-hybrid-500-teaknblack\/#primaryimage"},"image":{"@id":"https:\/\/kgerad.de\/produkt\/cube-fold-hybrid-500-teaknblack\/#primaryimage"},"thumbnailUrl":"https:\/\/kgerad.de\/wp-content\/uploads\/2023\/06\/589500-1.jpg","datePublished":"2022-11-22T11:17:06+00:00","dateModified":"2023-08-11T07:37:55+00:00","description":"kgerad.de bietet Ihnen das Cube Fold Hybrid 500 teak\u00b4n\u00b4black zum besten Preis mit kostenlosem Versand in ganz EuropaFold Hybrid 500Fold Hybrid 500","breadcrumb":{"@id":"https:\/\/kgerad.de\/produkt\/cube-fold-hybrid-500-teaknblack\/#breadcrumb"},"inLanguage":"en-US","potentialAction":[{"@type":"ReadAction","target":["https:\/\/kgerad.de\/produkt\/cube-fold-hybrid-500-teaknblack\/"]}]},{"@type":"ImageObject","inLanguage":"en-US","@id":"https:\/\/kgerad.de\/produkt\/cube-fold-hybrid-500-teaknblack\/#primaryimage","url":"https:\/\/kgerad.de\/wp-content\/uploads\/2023\/06\/589500-1.jpg","contentUrl":"https:\/\/kgerad.de\/wp-content\/uploads\/2023\/06\/589500-1.jpg","width":1000,"height":695,"caption":"Cube Fold Hybrid 500 teak\u00b4n\u00b4black"},{"@type":"BreadcrumbList","@id":"https:\/\/kgerad.de\/produkt\/cube-fold-hybrid-500-teaknblack\/#breadcrumb","itemListElement":[{"@type":"ListItem","position":1,"name":"Startseite","item":"https:\/\/kgerad.de\/"},{"@type":"ListItem","position":2,"name":"LADEN","item":"https:\/\/kgerad.de\/laden\/"},{"@type":"ListItem","position":3,"name":"Cube Fold Hybrid 500 teak\u00b4n\u00b4black"}]},{"@type":"WebSite","@id":"https:\/\/kgerad.de\/#website","url":"https:\/\/kgerad.de\/","name":"kgerad.de","description":"Treten Sie mit uns ins Abenteuer!","publisher":{"@id":"https:\/\/kgerad.de\/#organization"},"alternateName":"MEIN RADLADEN","potentialAction":[{"@type":"SearchAction","target":{"@type":"EntryPoint","urlTemplate":"https:\/\/kgerad.de\/?s={search_term_string}"},"query-input":{"@type":"PropertyValueSpecification","valueRequired":true,"valueName":"search_term_string"}}],"inLanguage":"en-US"},{"@type":"Organization","@id":"https:\/\/kgerad.de\/#organization","name":"MEINRADLADEN","alternateName":"MEIN RADLADEN","url":"https:\/\/kgerad.de\/","logo":{"@type":"ImageObject","inLanguage":"en-US","@id":"https:\/\/kgerad.de\/#\/schema\/logo\/image\/","url":"https:\/\/kgerad.de\/wp-content\/uploads\/2025\/07\/logo-Whit.svg","contentUrl":"https:\/\/kgerad.de\/wp-content\/uploads\/2025\/07\/logo-Whit.svg","width":1640,"height":371,"caption":"MEINRADLADEN"},"image":{"@id":"https:\/\/kgerad.de\/#\/schema\/logo\/image\/"}}]}},"_links":{"self":[{"href":"https:\/\/kgerad.de\/en\/wp-json\/wp\/v2\/product\/42807","targetHints":{"allow":["GET"]}}],"collection":[{"href":"https:\/\/kgerad.de\/en\/wp-json\/wp\/v2\/product"}],"about":[{"href":"https:\/\/kgerad.de\/en\/wp-json\/wp\/v2\/types\/product"}],"replies":[{"embeddable":true,"href":"https:\/\/kgerad.de\/en\/wp-json\/wp\/v2\/comments?post=42807"}],"version-history":[{"count":1,"href":"https:\/\/kgerad.de\/en\/wp-json\/wp\/v2\/product\/42807\/revisions"}],"predecessor-version":[{"id":79284,"href":"https:\/\/kgerad.de\/en\/wp-json\/wp\/v2\/product\/42807\/revisions\/79284"}],"wp:featuredmedia":[{"embeddable":true,"href":"https:\/\/kgerad.de\/en\/wp-json\/wp\/v2\/media\/62651"}],"wp:attachment":[{"href":"https:\/\/kgerad.de\/en\/wp-json\/wp\/v2\/media?parent=42807"}],"wp:term":[{"taxonomy":"product_brand","embeddable":true,"href":"https:\/\/kgerad.de\/en\/wp-json\/wp\/v2\/product_brand?post=42807"},{"taxonomy":"product_cat","embeddable":true,"href":"https:\/\/kgerad.de\/en\/wp-json\/wp\/v2\/product_cat?post=42807"},{"taxonomy":"product_tag","embeddable":true,"href":"https:\/\/kgerad.de\/en\/wp-json\/wp\/v2\/product_tag?post=42807"}],"curies":[{"name":"wp","href":"https:\/\/api.w.org\/{rel}","templated":true}]}}