{"id":42640,"date":"2022-11-21T13:30:48","date_gmt":"2022-11-21T12:30:48","guid":{"rendered":"https:\/\/kgerad.de\/?post_type=product&#038;p=42640"},"modified":"2023-08-11T09:46:18","modified_gmt":"2023-08-11T07:46:18","slug":"flyer-upstreet5-3-12-630-wh-2022-29-zoll-diamant","status":"publish","type":"product","link":"https:\/\/kgerad.de\/en\/product\/flyer-upstreet5-3-12-630-wh-2022-29-zoll-diamant\/","title":{"rendered":"Flyer Upstreet5 3.12 \u2013 630 Wh \u2013 2022 \u2013 29 Zoll \u2013 Diamant"},"content":{"rendered":"<h2>Flyer Upstreet5 3.12 &#8211; 630 Wh &#8211; 2022 &#8211; 29 Zoll &#8211; Damen Sport<\/h2>\n<p>Die mehrfach preisgekr\u00f6nte (siehe unten) Bestseller-Serie \u00fcberzeugt, ob auf rasantem Stadtweg oder Abstecher auf Landstra\u00dfen: Das leistungsstarke Flyer Upstreet5 l\u00e4sst sich mit seinen vielf\u00e4ltigen Konfigurationsm\u00f6glichkeiten seine eigenen E-Bike-Abenteuer gestalten.<\/p>\n<h3 class=\"h3 product-detail-description-title\">Produktinformationen &#8222;Flyer Upstreet5 3.12 &#8211; 630 Wh &#8211; 2022 &#8211; 29 Zoll &#8211; Diamant&#8220;<\/h3>\n<div class=\"product-detail-description-text\">\n<hr \/>\n<h3>Details<\/h3>\n<div>\n<table>\n<tbody>\n<tr>\n<td>Zul\u00e4ssiges Gewicht inkl. Fahrer und Zuladung<\/td>\n<td>150 kg<\/td>\n<\/tr>\n<tr>\n<td>Gewicht in kg<\/td>\n<td>29<\/td>\n<\/tr>\n<tr>\n<td>Motor<\/td>\n<td>Panasonic GX Power Plus Mittelmotor 36V 250 Watt<\/td>\n<\/tr>\n<tr>\n<td>Drehmoment in Nm<\/td>\n<td>75 Nm<\/td>\n<\/tr>\n<tr>\n<td>Display<\/td>\n<td>FIT D0 (2&#8243; Color Display)<\/td>\n<\/tr>\n<tr>\n<td>Motorposition<\/td>\n<td>Mittelmotor<\/td>\n<\/tr>\n<tr>\n<td>Kassette<\/td>\n<td>Shimano Alivio CS-HG400, 9-fach, 11-36 Z\u00e4hne<\/td>\n<\/tr>\n<tr>\n<td>Schaltwerk<\/td>\n<td>Shimano Alivio RD-M3100-SGS, 10 speed<\/td>\n<\/tr>\n<tr>\n<td>Schalthebel<\/td>\n<td>Shimano Alivio SL-M3100, 9-fach<\/td>\n<\/tr>\n<tr>\n<td>Kette<\/td>\n<td>Shimano CN-E6070<\/td>\n<\/tr>\n<tr>\n<td>Kurbelgarnitur<\/td>\n<td>Samox EC40, 165mm Kurbelarml\u00e4nge<\/td>\n<\/tr>\n<tr>\n<td>Schaltung<\/td>\n<td>09-Gang Kettenschaltung<\/td>\n<\/tr>\n<tr>\n<td>Schaltungscode<\/td>\n<td>09-Gang Kette<\/td>\n<\/tr>\n<tr>\n<td>Bremsen vorne<\/td>\n<td>Shimano BR-MT200, hydraulische Scheibenbremse<\/td>\n<\/tr>\n<tr>\n<td>Bremsen hinten<\/td>\n<td>Shimano BR-MT200, hydraulische Scheibenbremse<\/td>\n<\/tr>\n<tr>\n<td>Gabel<\/td>\n<td>SR Suntour Mobie-A32 Coil, 75mm Federweg, 15x100mm axle<\/td>\n<\/tr>\n<tr>\n<td>Sattelklemme<\/td>\n<td>Castello SPF3 bk 35.0\/30.9 mm<\/td>\n<\/tr>\n<tr>\n<td>Rahmen<\/td>\n<td>Aluminium<\/td>\n<\/tr>\n<tr>\n<td>Rahmenform<\/td>\n<td>Diamant<\/td>\n<\/tr>\n<tr>\n<td>Griffe<\/td>\n<td>Flyer Comfort<\/td>\n<\/tr>\n<tr>\n<td>Lenker<\/td>\n<td>Kalloy HB-TR2, 25\u00b0, 640mm Lenkerbreite<\/td>\n<\/tr>\n<tr>\n<td>Sattel<\/td>\n<td>Selle Royal Nuvola<\/td>\n<\/tr>\n<tr>\n<td>Vorbau<\/td>\n<td>Satori Up2+, 31.8 x 90 mm, adjustable angle<\/td>\n<\/tr>\n<tr>\n<td>Sattelst\u00fctze<\/td>\n<td>Flyer Alloy, 30.9 x 300 mm<\/td>\n<\/tr>\n<tr>\n<td>Reifen (vorne)<\/td>\n<td>Schwalbe Smart Sam Classic Skin 29 x 2.25 (57-622)<\/td>\n<\/tr>\n<tr>\n<td>Reifen (hinten)<\/td>\n<td>Schwalbe Smart Sam Classic Skin 29 x 2.25 (57-622)<\/td>\n<\/tr>\n<tr>\n<td>Speichen<\/td>\n<td>DT Swiss Champion 2.0 x 296\/294 mm<\/td>\n<\/tr>\n<tr>\n<td>Nabe vorne<\/td>\n<td>Shimano Alivio HB-MT400, 32h<\/td>\n<\/tr>\n<tr>\n<td>Nabe hinten<\/td>\n<td>Shimano Alivio FH-M4050, 32h<\/td>\n<\/tr>\n<tr>\n<td>Felgen<\/td>\n<td>Flyer Disc ;Flyer Disc<\/td>\n<\/tr>\n<tr>\n<td>H\u00f6chstgeschwindigkeit<\/td>\n<td>25<\/td>\n<\/tr>\n<tr>\n<td>Ma\u00dfeinheit<\/td>\n<td>km\/h<\/td>\n<\/tr>\n<tr>\n<td>Akku<\/td>\n<td>Flyer SIB-630 (630 Wh \/ 16.75 Ah \/ 36 V)<\/td>\n<\/tr>\n<tr>\n<td>Schloss<\/td>\n<td>Abus Shield 5650L; battery lock with YourPlus one key system<\/td>\n<\/tr>\n<tr>\n<td>St\u00e4nder<\/td>\n<td>Pletscher Comp 40 Flex<\/td>\n<\/tr>\n<tr>\n<td>Gep\u00e4cktr\u00e4ger<\/td>\n<td>Flyer Racktime, integrated spring flap<\/td>\n<\/tr>\n<tr>\n<td>Beleuchtung vorn<\/td>\n<td>Busch &amp; M\u00fcller IQ-Myc<\/td>\n<\/tr>\n<tr>\n<td>Beleuchtung hinten<\/td>\n<td>Busch &amp; M\u00fcller 2C<\/td>\n<\/tr>\n<tr>\n<td>Pedale<\/td>\n<td>VP VPE-891<\/td>\n<\/tr>\n<tr>\n<td>Steuersatz<\/td>\n<td>VP Ahead VP-J214DC<\/td>\n<\/tr>\n<tr>\n<td>Schutzbleche<\/td>\n<td>SunnyWheel 65mm<\/td>\n<\/tr>\n<tr>\n<td>Ladeger\u00e4t<\/td>\n<td>Flyer Charger 4A 36V<\/td>\n<\/tr>\n<tr>\n<td>Schl\u00e4uche<\/td>\n<td>Schwalbe AV19B 40\/62-622<\/td>\n<\/tr>\n<tr>\n<td>Felge hinten<\/td>\n<td>Flyer Disc<\/td>\n<\/tr>\n<tr>\n<td>E-Bike Motor Hersteller<\/td>\n<td>Panasonic<\/td>\n<\/tr>\n<tr>\n<td>E-Bike Zulassungspflichtig<\/td>\n<td>Nein<\/td>\n<\/tr>\n<tr>\n<td>Farbe<\/td>\n<td>Grau<\/td>\n<\/tr>\n<tr>\n<td>G\u00e4nge<\/td>\n<td>09 &#8211; G\u00e4nge<\/td>\n<\/tr>\n<tr>\n<td>Geschlecht<\/td>\n<td>Herren<\/td>\n<\/tr>\n<tr>\n<td>Marke<\/td>\n<td>Flyer<\/td>\n<\/tr>\n<tr>\n<td>Radgr\u00f6\u00dfe<\/td>\n<td>29 Zoll<\/td>\n<\/tr>\n<tr>\n<td>Rahmenmaterial<\/td>\n<td>Aluminium<\/td>\n<\/tr>\n<tr>\n<td>Saison<\/td>\n<td>2022<\/td>\n<\/tr>\n<tr>\n<td>Schaltart<\/td>\n<td>Kettenschaltung<\/td>\n<\/tr>\n<\/tbody>\n<\/table>\n<\/div>\n<\/div>","protected":false},"excerpt":{"rendered":"<p>Flyer Upstreet5 3.12 &#8211; 630 Wh &#8211; 2022 &#8211; 29 Zoll &#8211; Damen Sport Die mehrfach preisgekr\u00f6nte (siehe unten) Bestseller-Serie<\/p>","protected":false},"featured_media":62625,"comment_status":"open","ping_status":"closed","template":"","meta":[],"product_brand":[],"product_cat":[33,247,35],"product_tag":[],"class_list":{"0":"post-42640","1":"product","2":"type-product","3":"status-publish","4":"has-post-thumbnail","6":"product_cat-e-bike","7":"product_cat-e-bike-trekking","8":"product_cat-e-bikes-2022","9":"pa_marke-flyer","11":"first","12":"instock","13":"sale","14":"taxable","15":"shipping-taxable","16":"purchasable","17":"product-type-variable"},"yoast_head":"<!-- This site is optimized with the Yoast SEO Premium plugin v20.12 (Yoast SEO v27.1.1) - https:\/\/yoast.com\/product\/yoast-seo-premium-wordpress\/ -->\n<title>Flyer Upstreet5 3.12 \u2013 630 Wh \u2013 2022 \u2013 29 Zoll \u2013 Diamant<\/title>\n<meta name=\"description\" content=\"Entdecken Sie unseren Online-Fahrradladen: Gro\u00dfe Auswahl an Modellen f\u00fcr alle Radsportbegeisterten. Von Rennr\u00e4dern bis zu Mountainbikes - finden Sie heute Ihren perfekten Wegbegleiter!\" \/>\n<meta name=\"robots\" content=\"index, follow, max-snippet:-1, max-image-preview:large, max-video-preview:-1\" \/>\n<link rel=\"canonical\" href=\"https:\/\/kgerad.de\/en\/product\/flyer-upstreet5-3-12-630-wh-2022-29-zoll-diamant\/\" \/>\n<meta property=\"og:locale\" content=\"en_US\" \/>\n<meta property=\"og:type\" content=\"article\" \/>\n<meta property=\"og:title\" content=\"Flyer Upstreet5 3.12 \u2013 630 Wh \u2013 2022 \u2013 29 Zoll \u2013 Diamant\" \/>\n<meta property=\"og:description\" content=\"Entdecken Sie unseren Online-Fahrradladen: Gro\u00dfe Auswahl an Modellen f\u00fcr alle Radsportbegeisterten. Von Rennr\u00e4dern bis zu Mountainbikes - finden Sie heute Ihren perfekten Wegbegleiter!\" \/>\n<meta property=\"og:url\" content=\"https:\/\/kgerad.de\/en\/product\/flyer-upstreet5-3-12-630-wh-2022-29-zoll-diamant\/\" \/>\n<meta property=\"og:site_name\" content=\"kgerad.de\" \/>\n<meta property=\"article:modified_time\" content=\"2023-08-11T07:46:18+00:00\" \/>\n<meta property=\"og:image\" content=\"https:\/\/kgerad.de\/wp-content\/uploads\/2023\/06\/dae2ac766e1c47e7a8cc911410fbc27b.jpg\" \/>\n\t<meta property=\"og:image:width\" content=\"1920\" \/>\n\t<meta property=\"og:image:height\" content=\"1280\" \/>\n\t<meta property=\"og:image:type\" content=\"image\/jpeg\" \/>\n<meta name=\"twitter:card\" content=\"summary_large_image\" \/>\n<meta name=\"twitter:label1\" content=\"Est. reading time\" \/>\n\t<meta name=\"twitter:data1\" content=\"2 minutes\" \/>\n<script type=\"application\/ld+json\" class=\"yoast-schema-graph\">{\"@context\":\"https:\/\/schema.org\",\"@graph\":[{\"@type\":\"WebPage\",\"@id\":\"https:\/\/kgerad.de\/produkt\/flyer-upstreet5-3-12-630-wh-2022-29-zoll-diamant\/\",\"url\":\"https:\/\/kgerad.de\/produkt\/flyer-upstreet5-3-12-630-wh-2022-29-zoll-diamant\/\",\"name\":\"Flyer Upstreet5 3.12 \u2013 630 Wh \u2013 2022 \u2013 29 Zoll \u2013 Diamant\",\"isPartOf\":{\"@id\":\"https:\/\/kgerad.de\/#website\"},\"primaryImageOfPage\":{\"@id\":\"https:\/\/kgerad.de\/produkt\/flyer-upstreet5-3-12-630-wh-2022-29-zoll-diamant\/#primaryimage\"},\"image\":{\"@id\":\"https:\/\/kgerad.de\/produkt\/flyer-upstreet5-3-12-630-wh-2022-29-zoll-diamant\/#primaryimage\"},\"thumbnailUrl\":\"https:\/\/kgerad.de\/wp-content\/uploads\/2023\/06\/dae2ac766e1c47e7a8cc911410fbc27b.jpg\",\"datePublished\":\"2022-11-21T12:30:48+00:00\",\"dateModified\":\"2023-08-11T07:46:18+00:00\",\"description\":\"Entdecken Sie unseren Online-Fahrradladen: Gro\u00dfe Auswahl an Modellen f\u00fcr alle Radsportbegeisterten. Von Rennr\u00e4dern bis zu Mountainbikes - finden Sie heute Ihren perfekten Wegbegleiter!\",\"breadcrumb\":{\"@id\":\"https:\/\/kgerad.de\/produkt\/flyer-upstreet5-3-12-630-wh-2022-29-zoll-diamant\/#breadcrumb\"},\"inLanguage\":\"en-US\",\"potentialAction\":[{\"@type\":\"ReadAction\",\"target\":[\"https:\/\/kgerad.de\/produkt\/flyer-upstreet5-3-12-630-wh-2022-29-zoll-diamant\/\"]}]},{\"@type\":\"ImageObject\",\"inLanguage\":\"en-US\",\"@id\":\"https:\/\/kgerad.de\/produkt\/flyer-upstreet5-3-12-630-wh-2022-29-zoll-diamant\/#primaryimage\",\"url\":\"https:\/\/kgerad.de\/wp-content\/uploads\/2023\/06\/dae2ac766e1c47e7a8cc911410fbc27b.jpg\",\"contentUrl\":\"https:\/\/kgerad.de\/wp-content\/uploads\/2023\/06\/dae2ac766e1c47e7a8cc911410fbc27b.jpg\",\"width\":1920,\"height\":1280,\"caption\":\"Flyer Upstreet5 3.12 - 630 Wh - 2022 - 29 Zoll - Damen Sport\"},{\"@type\":\"BreadcrumbList\",\"@id\":\"https:\/\/kgerad.de\/produkt\/flyer-upstreet5-3-12-630-wh-2022-29-zoll-diamant\/#breadcrumb\",\"itemListElement\":[{\"@type\":\"ListItem\",\"position\":1,\"name\":\"Startseite\",\"item\":\"https:\/\/kgerad.de\/\"},{\"@type\":\"ListItem\",\"position\":2,\"name\":\"LADEN\",\"item\":\"https:\/\/kgerad.de\/laden\/\"},{\"@type\":\"ListItem\",\"position\":3,\"name\":\"Flyer Upstreet5 3.12 \u2013 630 Wh \u2013 2022 \u2013 29 Zoll \u2013 Diamant\"}]},{\"@type\":\"WebSite\",\"@id\":\"https:\/\/kgerad.de\/#website\",\"url\":\"https:\/\/kgerad.de\/\",\"name\":\"kgerad.de\",\"description\":\"Treten Sie mit uns ins Abenteuer!\",\"publisher\":{\"@id\":\"https:\/\/kgerad.de\/#organization\"},\"alternateName\":\"MEIN RADLADEN\",\"potentialAction\":[{\"@type\":\"SearchAction\",\"target\":{\"@type\":\"EntryPoint\",\"urlTemplate\":\"https:\/\/kgerad.de\/?s={search_term_string}\"},\"query-input\":{\"@type\":\"PropertyValueSpecification\",\"valueRequired\":true,\"valueName\":\"search_term_string\"}}],\"inLanguage\":\"en-US\"},{\"@type\":\"Organization\",\"@id\":\"https:\/\/kgerad.de\/#organization\",\"name\":\"MEINRADLADEN\",\"alternateName\":\"MEIN RADLADEN\",\"url\":\"https:\/\/kgerad.de\/\",\"logo\":{\"@type\":\"ImageObject\",\"inLanguage\":\"en-US\",\"@id\":\"https:\/\/kgerad.de\/#\/schema\/logo\/image\/\",\"url\":\"https:\/\/kgerad.de\/wp-content\/uploads\/2025\/07\/logo-Whit.svg\",\"contentUrl\":\"https:\/\/kgerad.de\/wp-content\/uploads\/2025\/07\/logo-Whit.svg\",\"width\":1640,\"height\":371,\"caption\":\"MEINRADLADEN\"},\"image\":{\"@id\":\"https:\/\/kgerad.de\/#\/schema\/logo\/image\/\"}}]}<\/script>\n<!-- \/ Yoast SEO Premium plugin. -->","yoast_head_json":{"title":"Flyer Upstreet5 3.12 \u2013 630 Wh \u2013 2022 \u2013 29 Zoll \u2013 Diamant","description":"Entdecken Sie unseren Online-Fahrradladen: Gro\u00dfe Auswahl an Modellen f\u00fcr alle Radsportbegeisterten. Von Rennr\u00e4dern bis zu Mountainbikes - finden Sie heute Ihren perfekten Wegbegleiter!","robots":{"index":"index","follow":"follow","max-snippet":"max-snippet:-1","max-image-preview":"max-image-preview:large","max-video-preview":"max-video-preview:-1"},"canonical":"https:\/\/kgerad.de\/en\/product\/flyer-upstreet5-3-12-630-wh-2022-29-zoll-diamant\/","og_locale":"en_US","og_type":"article","og_title":"Flyer Upstreet5 3.12 \u2013 630 Wh \u2013 2022 \u2013 29 Zoll \u2013 Diamant","og_description":"Entdecken Sie unseren Online-Fahrradladen: Gro\u00dfe Auswahl an Modellen f\u00fcr alle Radsportbegeisterten. Von Rennr\u00e4dern bis zu Mountainbikes - finden Sie heute Ihren perfekten Wegbegleiter!","og_url":"https:\/\/kgerad.de\/en\/product\/flyer-upstreet5-3-12-630-wh-2022-29-zoll-diamant\/","og_site_name":"kgerad.de","article_modified_time":"2023-08-11T07:46:18+00:00","og_image":[{"width":1920,"height":1280,"url":"https:\/\/kgerad.de\/wp-content\/uploads\/2023\/06\/dae2ac766e1c47e7a8cc911410fbc27b.jpg","type":"image\/jpeg"}],"twitter_card":"summary_large_image","twitter_misc":{"Est. reading time":"2 minutes"},"schema":{"@context":"https:\/\/schema.org","@graph":[{"@type":"WebPage","@id":"https:\/\/kgerad.de\/produkt\/flyer-upstreet5-3-12-630-wh-2022-29-zoll-diamant\/","url":"https:\/\/kgerad.de\/produkt\/flyer-upstreet5-3-12-630-wh-2022-29-zoll-diamant\/","name":"Flyer Upstreet5 3.12 \u2013 630 Wh \u2013 2022 \u2013 29 Zoll \u2013 Diamant","isPartOf":{"@id":"https:\/\/kgerad.de\/#website"},"primaryImageOfPage":{"@id":"https:\/\/kgerad.de\/produkt\/flyer-upstreet5-3-12-630-wh-2022-29-zoll-diamant\/#primaryimage"},"image":{"@id":"https:\/\/kgerad.de\/produkt\/flyer-upstreet5-3-12-630-wh-2022-29-zoll-diamant\/#primaryimage"},"thumbnailUrl":"https:\/\/kgerad.de\/wp-content\/uploads\/2023\/06\/dae2ac766e1c47e7a8cc911410fbc27b.jpg","datePublished":"2022-11-21T12:30:48+00:00","dateModified":"2023-08-11T07:46:18+00:00","description":"Entdecken Sie unseren Online-Fahrradladen: Gro\u00dfe Auswahl an Modellen f\u00fcr alle Radsportbegeisterten. Von Rennr\u00e4dern bis zu Mountainbikes - finden Sie heute Ihren perfekten Wegbegleiter!","breadcrumb":{"@id":"https:\/\/kgerad.de\/produkt\/flyer-upstreet5-3-12-630-wh-2022-29-zoll-diamant\/#breadcrumb"},"inLanguage":"en-US","potentialAction":[{"@type":"ReadAction","target":["https:\/\/kgerad.de\/produkt\/flyer-upstreet5-3-12-630-wh-2022-29-zoll-diamant\/"]}]},{"@type":"ImageObject","inLanguage":"en-US","@id":"https:\/\/kgerad.de\/produkt\/flyer-upstreet5-3-12-630-wh-2022-29-zoll-diamant\/#primaryimage","url":"https:\/\/kgerad.de\/wp-content\/uploads\/2023\/06\/dae2ac766e1c47e7a8cc911410fbc27b.jpg","contentUrl":"https:\/\/kgerad.de\/wp-content\/uploads\/2023\/06\/dae2ac766e1c47e7a8cc911410fbc27b.jpg","width":1920,"height":1280,"caption":"Flyer Upstreet5 3.12 - 630 Wh - 2022 - 29 Zoll - Damen Sport"},{"@type":"BreadcrumbList","@id":"https:\/\/kgerad.de\/produkt\/flyer-upstreet5-3-12-630-wh-2022-29-zoll-diamant\/#breadcrumb","itemListElement":[{"@type":"ListItem","position":1,"name":"Startseite","item":"https:\/\/kgerad.de\/"},{"@type":"ListItem","position":2,"name":"LADEN","item":"https:\/\/kgerad.de\/laden\/"},{"@type":"ListItem","position":3,"name":"Flyer Upstreet5 3.12 \u2013 630 Wh \u2013 2022 \u2013 29 Zoll \u2013 Diamant"}]},{"@type":"WebSite","@id":"https:\/\/kgerad.de\/#website","url":"https:\/\/kgerad.de\/","name":"kgerad.de","description":"Treten Sie mit uns ins Abenteuer!","publisher":{"@id":"https:\/\/kgerad.de\/#organization"},"alternateName":"MEIN RADLADEN","potentialAction":[{"@type":"SearchAction","target":{"@type":"EntryPoint","urlTemplate":"https:\/\/kgerad.de\/?s={search_term_string}"},"query-input":{"@type":"PropertyValueSpecification","valueRequired":true,"valueName":"search_term_string"}}],"inLanguage":"en-US"},{"@type":"Organization","@id":"https:\/\/kgerad.de\/#organization","name":"MEINRADLADEN","alternateName":"MEIN RADLADEN","url":"https:\/\/kgerad.de\/","logo":{"@type":"ImageObject","inLanguage":"en-US","@id":"https:\/\/kgerad.de\/#\/schema\/logo\/image\/","url":"https:\/\/kgerad.de\/wp-content\/uploads\/2025\/07\/logo-Whit.svg","contentUrl":"https:\/\/kgerad.de\/wp-content\/uploads\/2025\/07\/logo-Whit.svg","width":1640,"height":371,"caption":"MEINRADLADEN"},"image":{"@id":"https:\/\/kgerad.de\/#\/schema\/logo\/image\/"}}]}},"_links":{"self":[{"href":"https:\/\/kgerad.de\/en\/wp-json\/wp\/v2\/product\/42640","targetHints":{"allow":["GET"]}}],"collection":[{"href":"https:\/\/kgerad.de\/en\/wp-json\/wp\/v2\/product"}],"about":[{"href":"https:\/\/kgerad.de\/en\/wp-json\/wp\/v2\/types\/product"}],"replies":[{"embeddable":true,"href":"https:\/\/kgerad.de\/en\/wp-json\/wp\/v2\/comments?post=42640"}],"version-history":[{"count":1,"href":"https:\/\/kgerad.de\/en\/wp-json\/wp\/v2\/product\/42640\/revisions"}],"predecessor-version":[{"id":79310,"href":"https:\/\/kgerad.de\/en\/wp-json\/wp\/v2\/product\/42640\/revisions\/79310"}],"wp:featuredmedia":[{"embeddable":true,"href":"https:\/\/kgerad.de\/en\/wp-json\/wp\/v2\/media\/62625"}],"wp:attachment":[{"href":"https:\/\/kgerad.de\/en\/wp-json\/wp\/v2\/media?parent=42640"}],"wp:term":[{"taxonomy":"product_brand","embeddable":true,"href":"https:\/\/kgerad.de\/en\/wp-json\/wp\/v2\/product_brand?post=42640"},{"taxonomy":"product_cat","embeddable":true,"href":"https:\/\/kgerad.de\/en\/wp-json\/wp\/v2\/product_cat?post=42640"},{"taxonomy":"product_tag","embeddable":true,"href":"https:\/\/kgerad.de\/en\/wp-json\/wp\/v2\/product_tag?post=42640"}],"curies":[{"name":"wp","href":"https:\/\/api.w.org\/{rel}","templated":true}]}}