{"id":42621,"date":"2022-11-19T13:09:29","date_gmt":"2022-11-19T12:09:29","guid":{"rendered":"https:\/\/kgerad.de\/?post_type=product&#038;p=42621"},"modified":"2023-08-11T09:46:47","modified_gmt":"2023-08-11T07:46:47","slug":"bergamont-grandurance-6-2022-28-zoll-diamant","status":"publish","type":"product","link":"https:\/\/kgerad.de\/en\/product\/bergamont-grandurance-6-2022-28-zoll-diamant\/","title":{"rendered":"Bergamont Grandurance 6 &#8211; 2022 &#8211; 28 Zoll &#8211; Diamant"},"content":{"rendered":"<div>\n<div class=\"col product-detail-name-container\">\n<h2 class=\"product-detail-name\">Bergamont Grandurance 6 &#8211; 2022 &#8211; 28 Zoll &#8211; Diamant<\/h2>\n<\/div>\n<\/div>\n<div class=\"h3 product-detail-description-title\">Produktinformationen &#8222;Bergamont Grandurance 6 &#8211; 2022 &#8211; 28 Zoll &#8211; Diamant&#8220;<\/div>\n<div class=\"product-detail-description-text\">\n<hr \/>\n<h3>Details<\/h3>\n<div>\n<table>\n<tbody>\n<tr>\n<td>Zul\u00e4ssiges Gewicht inkl. Fahrer und Zuladung<\/td>\n<td>115 kg<\/td>\n<\/tr>\n<tr>\n<td>Gewicht in kg<\/td>\n<td>10.8<\/td>\n<\/tr>\n<tr>\n<td>Kette<\/td>\n<td>KMC X10<\/td>\n<\/tr>\n<tr>\n<td>Kassette<\/td>\n<td>Shimano CS-HG50, 11-36 Z\u00e4hne<\/td>\n<\/tr>\n<tr>\n<td>Schalthebel<\/td>\n<td>Shimano GRX, ST-RX400, 2&#215;10-fach, Rennrad STI-Schalthebel<\/td>\n<\/tr>\n<tr>\n<td>Kurbelgarnitur<\/td>\n<td>Shimano GRX, FC-RX600, 46\/30 Z\u00e4hne<\/td>\n<\/tr>\n<tr>\n<td>Schaltwerk<\/td>\n<td>Shimano GRX, RD-RX400, Shadow Plus<\/td>\n<\/tr>\n<tr>\n<td>Umwerfer<\/td>\n<td>Shimano GRX, FD-RX400<\/td>\n<\/tr>\n<tr>\n<td>Schaltung<\/td>\n<td>20-Gang Kettenschaltung<\/td>\n<\/tr>\n<tr>\n<td>Schaltungscode<\/td>\n<td>20-Gang Kette<\/td>\n<\/tr>\n<tr>\n<td>Bremshebel<\/td>\n<td>Shimano GRX, ST-RX400<\/td>\n<\/tr>\n<tr>\n<td>Bremsen vorne<\/td>\n<td>Shimano GRX, BR-RX400, hydraulische Scheibenbremse<\/td>\n<\/tr>\n<tr>\n<td>Bremsscheibe<\/td>\n<td>Shimano SM-RT64, 160 mm;160mm \/ 160mm<\/td>\n<\/tr>\n<tr>\n<td>Bremsen hinten<\/td>\n<td>Shimano GRX, BR-RX400, hydraulische Scheibenbremse<\/td>\n<\/tr>\n<tr>\n<td>Gabel<\/td>\n<td>Grandurance Aluminium, 12x100mm Achse, Schutzblechaufnahme<\/td>\n<\/tr>\n<tr>\n<td>Rahmen<\/td>\n<td>28&#8243;, ultra lite AL-6061 Rohrsatz<\/td>\n<\/tr>\n<tr>\n<td>Rahmenform<\/td>\n<td>Diamant<\/td>\n<\/tr>\n<tr>\n<td>Rahmenh\u00f6he<\/td>\n<td>49 cm<\/td>\n<\/tr>\n<tr>\n<td>Felgen<\/td>\n<td>Shining DB-T260, Disc<\/td>\n<\/tr>\n<tr>\n<td>Speichen<\/td>\n<td>Edelstahl, schwarz<\/td>\n<\/tr>\n<tr>\n<td>Nabe vorne<\/td>\n<td>BGM Allroad, Centerlock, Disc, 12x100mm Achse<\/td>\n<\/tr>\n<tr>\n<td>Nabe hinten<\/td>\n<td>BGM Allroad, Centerlock, Disc, 12x142mm Achse<\/td>\n<\/tr>\n<tr>\n<td>Reifen (vorne)<\/td>\n<td>Schwalbe G-One Bite, Faltreifen, Tubeless-Easy, Raceguard, 45-622<\/td>\n<\/tr>\n<tr>\n<td>Reifen (hinten)<\/td>\n<td>Schwalbe G-One Bite, Faltreifen, Tubeless-Easy, Raceguard, 45-622<\/td>\n<\/tr>\n<tr>\n<td>Griffe<\/td>\n<td>BGM Race Grip-Tape, Antislip<\/td>\n<\/tr>\n<tr>\n<td>Lenker<\/td>\n<td>Satori X-Race, Flare: 16\u00b0<\/td>\n<\/tr>\n<tr>\n<td>Sattel<\/td>\n<td>Syncros Tofino 2.5<\/td>\n<\/tr>\n<tr>\n<td>Vorbau<\/td>\n<td>Syncros RR2.5, +\/- 6\u00b0<\/td>\n<\/tr>\n<tr>\n<td>Sattelst\u00fctze<\/td>\n<td>Syncros 2.5<\/td>\n<\/tr>\n<tr>\n<td>Pedale<\/td>\n<td>ohne<\/td>\n<\/tr>\n<tr>\n<td>Tretlager<\/td>\n<td>Shimano Hollowtech II, BSA<\/td>\n<\/tr>\n<tr>\n<td>Steuersatz<\/td>\n<td>Acros ZS56, A-Headset, semi-integriert, Tapered<\/td>\n<\/tr>\n<tr>\n<td>Farbe<\/td>\n<td>Gold<\/td>\n<\/tr>\n<tr>\n<td>G\u00e4nge<\/td>\n<td>20 &#8211; G\u00e4nge<\/td>\n<\/tr>\n<tr>\n<td>Geschlecht<\/td>\n<td>Herren<\/td>\n<\/tr>\n<tr>\n<td>Marke<\/td>\n<td>Bergamont<\/td>\n<\/tr>\n<tr>\n<td>Radgr\u00f6\u00dfe<\/td>\n<td>28 Zoll<\/td>\n<\/tr>\n<tr>\n<td>Rahmenmaterial<\/td>\n<td>Aluminium<\/td>\n<\/tr>\n<tr>\n<td>Saison<\/td>\n<td>2022<\/td>\n<\/tr>\n<tr>\n<td>Schaltart<\/td>\n<td>Kettenschaltung<\/td>\n<\/tr>\n<\/tbody>\n<\/table>\n<\/div>\n<\/div>\n<div class=\"product-detail-properties\">\n<div class=\"row product-detail-properties-container\">\n<div class=\"col-md-10 col-lg-6\">\n<table class=\"table table-striped product-detail-properties-table\">\n<tbody>\n<tr class=\"properties-row\">\n<th class=\"properties-label\">\n<h4>Bremsen hinten :<\/h4>\n<\/th>\n<td class=\"properties-value\">Shimano GRX, BR-RX400, hydraulische Scheibenbremse<\/td>\n<\/tr>\n<tr class=\"properties-row\">\n<th class=\"properties-label\">Bremsen vorne :<\/th>\n<td class=\"properties-value\">Shimano GRX, BR-RX400, hydraulische Scheibenbremse<\/td>\n<\/tr>\n<tr class=\"properties-row\">\n<th class=\"properties-label\">Bremshebel :<\/th>\n<td class=\"properties-value\">Shimano GRX, ST-RX400<\/td>\n<\/tr>\n<tr class=\"properties-row\">\n<th class=\"properties-label\">Bremsscheibe :<\/th>\n<td class=\"properties-value\">Shimano SM-RT64, 160 mm;160mm \/ 160mm<\/td>\n<\/tr>\n<tr class=\"properties-row\">\n<th class=\"properties-label\">Farbe :<\/th>\n<td class=\"properties-value\">Gold<\/td>\n<\/tr>\n<tr class=\"properties-row\">\n<th class=\"properties-label\">Felgen :<\/th>\n<td class=\"properties-value\">Shining DB-T260, Disc<\/td>\n<\/tr>\n<tr class=\"properties-row\">\n<th class=\"properties-label\">Gabel :<\/th>\n<td class=\"properties-value\">Grandurance Aluminium, 12x100mm Achse, Schutzblechaufnahme<\/td>\n<\/tr>\n<tr class=\"properties-row\">\n<th class=\"properties-label\">Geschlecht :<\/th>\n<td class=\"properties-value\">Herren<\/td>\n<\/tr>\n<tr class=\"properties-row\">\n<th class=\"properties-label\">Gewicht in kg :<\/th>\n<td class=\"properties-value\">10.8<\/td>\n<\/tr>\n<tr class=\"properties-row\">\n<th class=\"properties-label\">Griffe :<\/th>\n<td class=\"properties-value\">BGM Race Grip-Tape, Antislip<\/td>\n<\/tr>\n<tr class=\"properties-row\">\n<th class=\"properties-label\">G\u00e4nge :<\/th>\n<td class=\"properties-value\">20 &#8211; G\u00e4nge<\/td>\n<\/tr>\n<tr class=\"properties-row\">\n<th class=\"properties-label\">Kassette :<\/th>\n<td class=\"properties-value\">Shimano CS-HG50, 11-36 Z\u00e4hne<\/td>\n<\/tr>\n<tr class=\"properties-row\">\n<th class=\"properties-label\">Kette :<\/th>\n<td class=\"properties-value\">KMC X10<\/td>\n<\/tr>\n<tr class=\"properties-row\">\n<th class=\"properties-label\">Kurbelgarnitur :<\/th>\n<td class=\"properties-value\">Shimano GRX, FC-RX600, 46\/30 Z\u00e4hne<\/td>\n<\/tr>\n<tr class=\"properties-row\">\n<th class=\"properties-label\">Lenker :<\/th>\n<td class=\"properties-value\">Satori X-Race, Flare: 16\u00b0<\/td>\n<\/tr>\n<tr class=\"properties-row\">\n<th class=\"properties-label\">Marke :<\/th>\n<td class=\"properties-value\">Bergamont<\/td>\n<\/tr>\n<tr class=\"properties-row\">\n<th class=\"properties-label\">Nabe hinten :<\/th>\n<td class=\"properties-value\">BGM Allroad, Centerlock, Disc, 12x142mm Achse<\/td>\n<\/tr>\n<tr class=\"properties-row\">\n<th class=\"properties-label\">Nabe vorne :<\/th>\n<td class=\"properties-value\">BGM Allroad, Centerlock, Disc, 12x100mm Achse<\/td>\n<\/tr>\n<tr class=\"properties-row\">\n<th class=\"properties-label\">Pedale :<\/th>\n<td class=\"properties-value\">ohne<\/td>\n<\/tr>\n<tr class=\"properties-row\">\n<th class=\"properties-label\">Radgr\u00f6\u00dfe :<\/th>\n<td class=\"properties-value\">28 Zoll<\/td>\n<\/tr>\n<tr class=\"properties-row\">\n<th class=\"properties-label\">Rahmen :<\/th>\n<td class=\"properties-value\">28&#8243;, ultra lite AL-6061 Rohrsatz<\/td>\n<\/tr>\n<tr class=\"properties-row\">\n<th class=\"properties-label\">Rahmenform :<\/th>\n<td class=\"properties-value\">Diamant<\/td>\n<\/tr>\n<tr class=\"properties-row\">\n<th class=\"properties-label\">Rahmenh\u00f6he :<\/th>\n<td class=\"properties-value\">49 cm<\/td>\n<\/tr>\n<tr class=\"properties-row\">\n<th class=\"properties-label\">Rahmenmaterial :<\/th>\n<td class=\"properties-value\">Aluminium<\/td>\n<\/tr>\n<tr class=\"properties-row\">\n<th class=\"properties-label\">Reifen (hinten) :<\/th>\n<td class=\"properties-value\">Schwalbe G-One Bite, Faltreifen, Tubeless-Easy, Raceguard, 45-622<\/td>\n<\/tr>\n<tr class=\"properties-row\">\n<th class=\"properties-label\">Reifen (vorne) :<\/th>\n<td class=\"properties-value\">Schwalbe G-One Bite, Faltreifen, Tubeless-Easy, Raceguard, 45-622<\/td>\n<\/tr>\n<tr class=\"properties-row\">\n<th class=\"properties-label\">Saison :<\/th>\n<td class=\"properties-value\">2022<\/td>\n<\/tr>\n<tr class=\"properties-row\">\n<th class=\"properties-label\">Sattel :<\/th>\n<td class=\"properties-value\">Syncros Tofino 2.5<\/td>\n<\/tr>\n<tr class=\"properties-row\">\n<th class=\"properties-label\">Sattelst\u00fctze :<\/th>\n<td class=\"properties-value\">Syncros 2.5<\/td>\n<\/tr>\n<tr class=\"properties-row\">\n<th class=\"properties-label\">Schaltart :<\/th>\n<td class=\"properties-value\">Kettenschaltung<\/td>\n<\/tr>\n<tr class=\"properties-row\">\n<th class=\"properties-label\">Schalthebel :<\/th>\n<td class=\"properties-value\">Shimano GRX, ST-RX400, 2&#215;10-fach, Rennrad STI-Schalthebel<\/td>\n<\/tr>\n<tr class=\"properties-row\">\n<th class=\"properties-label\">Schaltung :<\/th>\n<td class=\"properties-value\">20-Gang Kettenschaltung<\/td>\n<\/tr>\n<tr class=\"properties-row\">\n<th class=\"properties-label\">Schaltungscode :<\/th>\n<td class=\"properties-value\">20-Gang Kette<\/td>\n<\/tr>\n<tr class=\"properties-row\">\n<th class=\"properties-label\">Schaltwerk :<\/th>\n<td class=\"properties-value\">Shimano GRX, RD-RX400, Shadow Plus<\/td>\n<\/tr>\n<tr class=\"properties-row\">\n<th class=\"properties-label\">Speichen :<\/th>\n<td class=\"properties-value\">Edelstahl, schwarz<\/td>\n<\/tr>\n<tr class=\"properties-row\">\n<th class=\"properties-label\">Steuersatz :<\/th>\n<td class=\"properties-value\">Acros ZS56, A-Headset, semi-integriert, Tapered<\/td>\n<\/tr>\n<tr class=\"properties-row\">\n<th class=\"properties-label\">Tretlager :<\/th>\n<td class=\"properties-value\">Shimano Hollowtech II, BSA<\/td>\n<\/tr>\n<tr class=\"properties-row\">\n<th class=\"properties-label\">Umwerfer :<\/th>\n<td class=\"properties-value\">Shimano GRX, FD-RX400<\/td>\n<\/tr>\n<tr class=\"properties-row\">\n<th class=\"properties-label\">Vorbau :<\/th>\n<td class=\"properties-value\">Syncros RR2.5, +\/- 6\u00b0<\/td>\n<\/tr>\n<tr class=\"properties-row\">\n<th class=\"properties-label\">Zul\u00e4ssiges Gewicht inkl. Fahrer und Zuladung :<\/th>\n<td class=\"properties-value\">115 kg<\/td>\n<\/tr>\n<\/tbody>\n<\/table>\n<\/div>\n<\/div>\n<\/div>","protected":false},"excerpt":{"rendered":"<p>Bergamont Grandurance 6 &#8211; 2022 &#8211; 28 Zoll &#8211; Diamant Produktinformationen &#8222;Bergamont Grandurance 6 &#8211; 2022 &#8211; 28 Zoll &#8211;<\/p>","protected":false},"featured_media":62621,"comment_status":"open","ping_status":"closed","template":"","meta":[],"product_brand":[],"product_cat":[36,37,129],"product_tag":[],"class_list":{"0":"post-42621","1":"product","2":"type-product","3":"status-publish","4":"has-post-thumbnail","6":"product_cat-fahrrad","7":"product_cat-gravel-bikes","8":"product_cat-rennrad","9":"pa_marke-bergamont","11":"first","12":"instock","13":"sale","14":"taxable","15":"shipping-taxable","16":"purchasable","17":"product-type-variable"},"yoast_head":"<!-- This site is optimized with the Yoast SEO Premium plugin v20.12 (Yoast SEO v27.1.1) - https:\/\/yoast.com\/product\/yoast-seo-premium-wordpress\/ -->\n<title>Bergamont Grandurance 6 - 2022 - 28 Zoll - Diamant<\/title>\n<meta name=\"description\" content=\"Entdecken Sie unseren Online-Fahrradladen: Gro\u00dfe Auswahl an Modellen f\u00fcr alle Radsportbegeisterten. Von Rennr\u00e4dern bis zu Mountainbikes - finden Sie heute Ihren perfekten Wegbegleiter!\" \/>\n<meta name=\"robots\" content=\"index, follow, max-snippet:-1, max-image-preview:large, max-video-preview:-1\" \/>\n<link rel=\"canonical\" href=\"https:\/\/kgerad.de\/en\/product\/bergamont-grandurance-6-2022-28-zoll-diamant\/\" \/>\n<meta property=\"og:locale\" content=\"en_US\" \/>\n<meta property=\"og:type\" content=\"article\" \/>\n<meta property=\"og:title\" content=\"Bergamont Grandurance 6 - 2022 - 28 Zoll - Diamant\" \/>\n<meta property=\"og:description\" content=\"Entdecken Sie unseren Online-Fahrradladen: Gro\u00dfe Auswahl an Modellen f\u00fcr alle Radsportbegeisterten. Von Rennr\u00e4dern bis zu Mountainbikes - finden Sie heute Ihren perfekten Wegbegleiter!\" \/>\n<meta property=\"og:url\" content=\"https:\/\/kgerad.de\/en\/product\/bergamont-grandurance-6-2022-28-zoll-diamant\/\" \/>\n<meta property=\"og:site_name\" content=\"kgerad.de\" \/>\n<meta property=\"article:modified_time\" content=\"2023-08-11T07:46:47+00:00\" \/>\n<meta property=\"og:image\" content=\"https:\/\/kgerad.de\/wp-content\/uploads\/2023\/06\/Bergamont-Grandurance-6-2022-28-Zoll-Diamant.jpg\" \/>\n\t<meta property=\"og:image:width\" content=\"1920\" \/>\n\t<meta property=\"og:image:height\" content=\"1280\" \/>\n\t<meta property=\"og:image:type\" content=\"image\/jpeg\" \/>\n<meta name=\"twitter:card\" content=\"summary_large_image\" \/>\n<meta name=\"twitter:label1\" content=\"Est. reading time\" \/>\n\t<meta name=\"twitter:data1\" content=\"3 minutes\" \/>\n<script type=\"application\/ld+json\" class=\"yoast-schema-graph\">{\"@context\":\"https:\/\/schema.org\",\"@graph\":[{\"@type\":\"WebPage\",\"@id\":\"https:\/\/kgerad.de\/produkt\/bergamont-grandurance-6-2022-28-zoll-diamant\/\",\"url\":\"https:\/\/kgerad.de\/produkt\/bergamont-grandurance-6-2022-28-zoll-diamant\/\",\"name\":\"Bergamont Grandurance 6 - 2022 - 28 Zoll - Diamant\",\"isPartOf\":{\"@id\":\"https:\/\/kgerad.de\/#website\"},\"primaryImageOfPage\":{\"@id\":\"https:\/\/kgerad.de\/produkt\/bergamont-grandurance-6-2022-28-zoll-diamant\/#primaryimage\"},\"image\":{\"@id\":\"https:\/\/kgerad.de\/produkt\/bergamont-grandurance-6-2022-28-zoll-diamant\/#primaryimage\"},\"thumbnailUrl\":\"https:\/\/kgerad.de\/wp-content\/uploads\/2023\/06\/Bergamont-Grandurance-6-2022-28-Zoll-Diamant.jpg\",\"datePublished\":\"2022-11-19T12:09:29+00:00\",\"dateModified\":\"2023-08-11T07:46:47+00:00\",\"description\":\"Entdecken Sie unseren Online-Fahrradladen: Gro\u00dfe Auswahl an Modellen f\u00fcr alle Radsportbegeisterten. Von Rennr\u00e4dern bis zu Mountainbikes - finden Sie heute Ihren perfekten Wegbegleiter!\",\"breadcrumb\":{\"@id\":\"https:\/\/kgerad.de\/produkt\/bergamont-grandurance-6-2022-28-zoll-diamant\/#breadcrumb\"},\"inLanguage\":\"en-US\",\"potentialAction\":[{\"@type\":\"ReadAction\",\"target\":[\"https:\/\/kgerad.de\/produkt\/bergamont-grandurance-6-2022-28-zoll-diamant\/\"]}]},{\"@type\":\"ImageObject\",\"inLanguage\":\"en-US\",\"@id\":\"https:\/\/kgerad.de\/produkt\/bergamont-grandurance-6-2022-28-zoll-diamant\/#primaryimage\",\"url\":\"https:\/\/kgerad.de\/wp-content\/uploads\/2023\/06\/Bergamont-Grandurance-6-2022-28-Zoll-Diamant.jpg\",\"contentUrl\":\"https:\/\/kgerad.de\/wp-content\/uploads\/2023\/06\/Bergamont-Grandurance-6-2022-28-Zoll-Diamant.jpg\",\"width\":1920,\"height\":1280,\"caption\":\"Bergamont Grandurance 6 - 2022 - 28 Zoll - Diamant\"},{\"@type\":\"BreadcrumbList\",\"@id\":\"https:\/\/kgerad.de\/produkt\/bergamont-grandurance-6-2022-28-zoll-diamant\/#breadcrumb\",\"itemListElement\":[{\"@type\":\"ListItem\",\"position\":1,\"name\":\"Startseite\",\"item\":\"https:\/\/kgerad.de\/\"},{\"@type\":\"ListItem\",\"position\":2,\"name\":\"LADEN\",\"item\":\"https:\/\/kgerad.de\/laden\/\"},{\"@type\":\"ListItem\",\"position\":3,\"name\":\"Bergamont Grandurance 6 &#8211; 2022 &#8211; 28 Zoll &#8211; Diamant\"}]},{\"@type\":\"WebSite\",\"@id\":\"https:\/\/kgerad.de\/#website\",\"url\":\"https:\/\/kgerad.de\/\",\"name\":\"kgerad.de\",\"description\":\"Treten Sie mit uns ins Abenteuer!\",\"publisher\":{\"@id\":\"https:\/\/kgerad.de\/#organization\"},\"alternateName\":\"MEIN RADLADEN\",\"potentialAction\":[{\"@type\":\"SearchAction\",\"target\":{\"@type\":\"EntryPoint\",\"urlTemplate\":\"https:\/\/kgerad.de\/?s={search_term_string}\"},\"query-input\":{\"@type\":\"PropertyValueSpecification\",\"valueRequired\":true,\"valueName\":\"search_term_string\"}}],\"inLanguage\":\"en-US\"},{\"@type\":\"Organization\",\"@id\":\"https:\/\/kgerad.de\/#organization\",\"name\":\"MEINRADLADEN\",\"alternateName\":\"MEIN RADLADEN\",\"url\":\"https:\/\/kgerad.de\/\",\"logo\":{\"@type\":\"ImageObject\",\"inLanguage\":\"en-US\",\"@id\":\"https:\/\/kgerad.de\/#\/schema\/logo\/image\/\",\"url\":\"https:\/\/kgerad.de\/wp-content\/uploads\/2025\/07\/logo-Whit.svg\",\"contentUrl\":\"https:\/\/kgerad.de\/wp-content\/uploads\/2025\/07\/logo-Whit.svg\",\"width\":1640,\"height\":371,\"caption\":\"MEINRADLADEN\"},\"image\":{\"@id\":\"https:\/\/kgerad.de\/#\/schema\/logo\/image\/\"}}]}<\/script>\n<!-- \/ Yoast SEO Premium plugin. -->","yoast_head_json":{"title":"Bergamont Grandurance 6 - 2022 - 28 Zoll - Diamant","description":"Entdecken Sie unseren Online-Fahrradladen: Gro\u00dfe Auswahl an Modellen f\u00fcr alle Radsportbegeisterten. Von Rennr\u00e4dern bis zu Mountainbikes - finden Sie heute Ihren perfekten Wegbegleiter!","robots":{"index":"index","follow":"follow","max-snippet":"max-snippet:-1","max-image-preview":"max-image-preview:large","max-video-preview":"max-video-preview:-1"},"canonical":"https:\/\/kgerad.de\/en\/product\/bergamont-grandurance-6-2022-28-zoll-diamant\/","og_locale":"en_US","og_type":"article","og_title":"Bergamont Grandurance 6 - 2022 - 28 Zoll - Diamant","og_description":"Entdecken Sie unseren Online-Fahrradladen: Gro\u00dfe Auswahl an Modellen f\u00fcr alle Radsportbegeisterten. Von Rennr\u00e4dern bis zu Mountainbikes - finden Sie heute Ihren perfekten Wegbegleiter!","og_url":"https:\/\/kgerad.de\/en\/product\/bergamont-grandurance-6-2022-28-zoll-diamant\/","og_site_name":"kgerad.de","article_modified_time":"2023-08-11T07:46:47+00:00","og_image":[{"width":1920,"height":1280,"url":"https:\/\/kgerad.de\/wp-content\/uploads\/2023\/06\/Bergamont-Grandurance-6-2022-28-Zoll-Diamant.jpg","type":"image\/jpeg"}],"twitter_card":"summary_large_image","twitter_misc":{"Est. reading time":"3 minutes"},"schema":{"@context":"https:\/\/schema.org","@graph":[{"@type":"WebPage","@id":"https:\/\/kgerad.de\/produkt\/bergamont-grandurance-6-2022-28-zoll-diamant\/","url":"https:\/\/kgerad.de\/produkt\/bergamont-grandurance-6-2022-28-zoll-diamant\/","name":"Bergamont Grandurance 6 - 2022 - 28 Zoll - Diamant","isPartOf":{"@id":"https:\/\/kgerad.de\/#website"},"primaryImageOfPage":{"@id":"https:\/\/kgerad.de\/produkt\/bergamont-grandurance-6-2022-28-zoll-diamant\/#primaryimage"},"image":{"@id":"https:\/\/kgerad.de\/produkt\/bergamont-grandurance-6-2022-28-zoll-diamant\/#primaryimage"},"thumbnailUrl":"https:\/\/kgerad.de\/wp-content\/uploads\/2023\/06\/Bergamont-Grandurance-6-2022-28-Zoll-Diamant.jpg","datePublished":"2022-11-19T12:09:29+00:00","dateModified":"2023-08-11T07:46:47+00:00","description":"Entdecken Sie unseren Online-Fahrradladen: Gro\u00dfe Auswahl an Modellen f\u00fcr alle Radsportbegeisterten. Von Rennr\u00e4dern bis zu Mountainbikes - finden Sie heute Ihren perfekten Wegbegleiter!","breadcrumb":{"@id":"https:\/\/kgerad.de\/produkt\/bergamont-grandurance-6-2022-28-zoll-diamant\/#breadcrumb"},"inLanguage":"en-US","potentialAction":[{"@type":"ReadAction","target":["https:\/\/kgerad.de\/produkt\/bergamont-grandurance-6-2022-28-zoll-diamant\/"]}]},{"@type":"ImageObject","inLanguage":"en-US","@id":"https:\/\/kgerad.de\/produkt\/bergamont-grandurance-6-2022-28-zoll-diamant\/#primaryimage","url":"https:\/\/kgerad.de\/wp-content\/uploads\/2023\/06\/Bergamont-Grandurance-6-2022-28-Zoll-Diamant.jpg","contentUrl":"https:\/\/kgerad.de\/wp-content\/uploads\/2023\/06\/Bergamont-Grandurance-6-2022-28-Zoll-Diamant.jpg","width":1920,"height":1280,"caption":"Bergamont Grandurance 6 - 2022 - 28 Zoll - Diamant"},{"@type":"BreadcrumbList","@id":"https:\/\/kgerad.de\/produkt\/bergamont-grandurance-6-2022-28-zoll-diamant\/#breadcrumb","itemListElement":[{"@type":"ListItem","position":1,"name":"Startseite","item":"https:\/\/kgerad.de\/"},{"@type":"ListItem","position":2,"name":"LADEN","item":"https:\/\/kgerad.de\/laden\/"},{"@type":"ListItem","position":3,"name":"Bergamont Grandurance 6 &#8211; 2022 &#8211; 28 Zoll &#8211; Diamant"}]},{"@type":"WebSite","@id":"https:\/\/kgerad.de\/#website","url":"https:\/\/kgerad.de\/","name":"kgerad.de","description":"Treten Sie mit uns ins Abenteuer!","publisher":{"@id":"https:\/\/kgerad.de\/#organization"},"alternateName":"MEIN RADLADEN","potentialAction":[{"@type":"SearchAction","target":{"@type":"EntryPoint","urlTemplate":"https:\/\/kgerad.de\/?s={search_term_string}"},"query-input":{"@type":"PropertyValueSpecification","valueRequired":true,"valueName":"search_term_string"}}],"inLanguage":"en-US"},{"@type":"Organization","@id":"https:\/\/kgerad.de\/#organization","name":"MEINRADLADEN","alternateName":"MEIN RADLADEN","url":"https:\/\/kgerad.de\/","logo":{"@type":"ImageObject","inLanguage":"en-US","@id":"https:\/\/kgerad.de\/#\/schema\/logo\/image\/","url":"https:\/\/kgerad.de\/wp-content\/uploads\/2025\/07\/logo-Whit.svg","contentUrl":"https:\/\/kgerad.de\/wp-content\/uploads\/2025\/07\/logo-Whit.svg","width":1640,"height":371,"caption":"MEINRADLADEN"},"image":{"@id":"https:\/\/kgerad.de\/#\/schema\/logo\/image\/"}}]}},"_links":{"self":[{"href":"https:\/\/kgerad.de\/en\/wp-json\/wp\/v2\/product\/42621","targetHints":{"allow":["GET"]}}],"collection":[{"href":"https:\/\/kgerad.de\/en\/wp-json\/wp\/v2\/product"}],"about":[{"href":"https:\/\/kgerad.de\/en\/wp-json\/wp\/v2\/types\/product"}],"replies":[{"embeddable":true,"href":"https:\/\/kgerad.de\/en\/wp-json\/wp\/v2\/comments?post=42621"}],"version-history":[{"count":1,"href":"https:\/\/kgerad.de\/en\/wp-json\/wp\/v2\/product\/42621\/revisions"}],"predecessor-version":[{"id":79312,"href":"https:\/\/kgerad.de\/en\/wp-json\/wp\/v2\/product\/42621\/revisions\/79312"}],"wp:featuredmedia":[{"embeddable":true,"href":"https:\/\/kgerad.de\/en\/wp-json\/wp\/v2\/media\/62621"}],"wp:attachment":[{"href":"https:\/\/kgerad.de\/en\/wp-json\/wp\/v2\/media?parent=42621"}],"wp:term":[{"taxonomy":"product_brand","embeddable":true,"href":"https:\/\/kgerad.de\/en\/wp-json\/wp\/v2\/product_brand?post=42621"},{"taxonomy":"product_cat","embeddable":true,"href":"https:\/\/kgerad.de\/en\/wp-json\/wp\/v2\/product_cat?post=42621"},{"taxonomy":"product_tag","embeddable":true,"href":"https:\/\/kgerad.de\/en\/wp-json\/wp\/v2\/product_tag?post=42621"}],"curies":[{"name":"wp","href":"https:\/\/api.w.org\/{rel}","templated":true}]}}