{"id":42476,"date":"2022-11-19T10:59:33","date_gmt":"2022-11-19T09:59:33","guid":{"rendered":"https:\/\/kgerad.de\/?post_type=product&#038;p=42476"},"modified":"2023-08-11T09:54:20","modified_gmt":"2023-08-11T07:54:20","slug":"cervelo-caledonia-105","status":"publish","type":"product","link":"https:\/\/kgerad.de\/en\/product\/cervelo-caledonia-105\/","title":{"rendered":"Cerv\u00e9lo Caledonia 105"},"content":{"rendered":"<h2 class=\"content--title\"><strong>Cerv\u00e9lo<\/strong>\u00a0Caledonia 105<\/h2>\n<p>Das Caledonia von Cerv\u00e9lo ist das Rennrad f\u00fcr die richtig langen Ausfahrten. Beim hochwertigen und leichten Carbonrahmen wurde Wert auf Aerodynamik, Komfort und Haltbarkeit gelegt. Das Cerv\u00e9lo Caledonia 105 ist mit Shimanos 105er Gruppe best\u00fcckt und somit bereit f\u00fcr jede Menge Spa\u00df. Irgendwo zwischen R-Serie und \u00c1spero angesiedelt ist es nicht nur f\u00fcr Strecken mit perfektem Belag ausgelegt, sondern f\u00e4hrt sich auch auf schlechten Wegen deutlich besser als ein herk\u00f6mmliches Rennrad.<\/p>\n<h2>Das moderne Rennrad f\u00fcr lange Ausfahrten und schlechte Wege: das Caledonia von Cerv\u00e9lo<\/h2>\n<p>Inspiriert wurde das Caledonia vom Cerv\u00e9lo R3 Mud, einem reinen Profirennrad, mit dem Johan Van Summeren beim Roubaix 2011 zum Sieg fuhr. Allerdings wurde es auf den modernen Rennradfahrer angepasst. Das Ergebnis ist ein schnelles und vielseitiges Bike, welches das gewisse Etwas bietet. Dazu der Platz f\u00fcr f\u00fcr 34 mm Reifen, die versteckten Schutzblechhalterungen und die f\u00fcr Roubaix ma\u00dfgeschneiderte Geometrie ergeben ein Rennrad, das schnell ist, Spa\u00df macht und f\u00fcr jede noch so lange Fahrt bereit ist, die du dir vorstellen kannst.<\/p>\n<hr \/>\n<h3>Features &#8211; Cerv\u00e9lo Caledonia 105<\/h3>\n<p><strong>Rennsport-Gene<\/strong>Wenn Cerv\u00e9lo ein Fahrrad entwirft, beginnen sie mit ihrer Bibliothek von Rohrformen. Diese Formen wurden bei anderen Modellen verwendet und weisen verschiedene Eigenschaften auf: aerodynamisch, steif, ultraleicht usw. So gelangen die Entwickler schneller zur Feinabstimmung des Rennrads. Im Fall des Caledonia sollte Haltbarkeit, geringes Gewicht und Aerodynamik im Gleichgewicht gehalten werden und so wurde ein Paket gew\u00e4hlt, welches die Leistungsanforderungen an diese Art von Rennrad erf\u00fcllt.<\/p>\n<p><strong>Inspirierend und raffiniert<\/strong><\/p>\n<p>Das Caledonia nutzt einen runden Standard-Lenker, -Vorbau und -Sattelst\u00fctze, so dass du die M\u00f6glichkeit hast, das Rennrad auf deine Bed\u00fcrfnisse ohne Kompromisse zu modifizieren. Integrierte Zubeh\u00f6raufnahmen und versteckte Schutzblechhalterungen sorgen f\u00fcr eine elegante Linienf\u00fchrung des Fahrrads, so dass du auch bei str\u00f6mendem Regen mit Licht und Fahrradcomputer fahren und immer noch gut aussehen kannst. Denn wir alle wissen, wenn es schnell aussieht, ist es das wahrscheinlich auch.<\/p>\n<p><strong>Stabil, unbeschwert und souver\u00e4n<\/strong><\/p>\n<p>Moderne Rennradfahrer suchen Fahrr\u00e4der f\u00fcr lange Strecken und hohe Geschwindigkeiten, nach Rennr\u00e4dern, die keine Grenzen kennen und maximalen Spa\u00df bieten. Durch Platzierung von Niedermodul-Carbon in Schl\u00fcsselbereichen wird die Spr\u00f6digkeit der Hochmodulfaser kompensiert und der Ramen dadurch besonders unanf\u00e4llig. Das Caledonia ist f\u00fcr die Art und Weise gemacht, wie wir es lieben zu fahren, und bietet genug Platz f\u00fcr 34-mm-Reifen oder 31-mm-Reifen mit Schutzblechen.<\/p>\n<p><strong>Abnehmbare Umwerferbefestigung<\/strong><\/p>\n<p>Die anschraubbare Umwerferbefestigung wird aus h\u00f6chstfester Aluminiumlegierung hergestellt und mit zwei Senkschrauben am Rahmen befestigt. Dies erm\u00f6glicht das einfache Ersetzen bei Besch\u00e4digung und auch die Anpassung an zuk\u00fcnftige Standards. Der Umwerferbefestiger kann auch komplett entfernt werden, wenn du mit einem 1-fach-System fahren m\u00f6chtest.<\/p>\n<p><strong>Integrierte Zubeh\u00f6rhalterungen<\/strong><\/p>\n<p>Integrierte Halterungen erm\u00f6glichen die Verwendung von Schutzblechen, Leuchten und Computern, ohne die Aerodynamik oder Struktur des Fahrrads zu beeintr\u00e4chtigen. Die eingebauten Halterungssysteme bieten eine einfache und sauber aussehende L\u00f6sung.<\/p>\n<h2>Ausstattung<\/h2>\n<div class=\"product--properties panel has--border\">\n<table class=\"product--properties-table\">\n<tbody>\n<tr class=\"product--properties-row row1\">\n<td class=\"product--properties-label is--bold\">Rahmen:<\/td>\n<td class=\"product--properties-value\">Cerv\u00e9lo Caledonia<\/td>\n<\/tr>\n<tr class=\"product--properties-row row2\">\n<td class=\"product--properties-label is--bold\">Rahmenmaterial:<\/td>\n<td class=\"product--properties-value\">Carbon<\/td>\n<\/tr>\n<tr class=\"product--properties-row row3\">\n<td class=\"product--properties-label is--bold\">Laufradgr\u00f6\u00dfe:<\/td>\n<td class=\"product--properties-value\">28&#8243;<\/td>\n<\/tr>\n<tr class=\"product--properties-row row4\">\n<td class=\"product--properties-label is--bold\">Farbe:<\/td>\n<td class=\"product--properties-value\">Gloss Black<\/td>\n<\/tr>\n<tr class=\"product--properties-row row5\">\n<td class=\"product--properties-label is--bold\">Gabel:<\/td>\n<td class=\"product--properties-value\">Cerv\u00e9lo All-Carbon, Tapered Caledonia Fork<\/td>\n<\/tr>\n<tr class=\"product--properties-row row6\">\n<td class=\"product--properties-label is--bold\">Bremsen:<\/td>\n<td class=\"product--properties-value\">Shimano 105 7020 Hydraulic Disc<\/td>\n<\/tr>\n<tr class=\"product--properties-row row7\">\n<td class=\"product--properties-label is--bold\">Bremsscheiben:<\/td>\n<td class=\"product--properties-value\">Shimano SM-RT66, 160 mm \/ 160 mm<\/td>\n<\/tr>\n<tr class=\"product--properties-row row8\">\n<td class=\"product--properties-label is--bold\">Steuersatz:<\/td>\n<td class=\"product--properties-value\">FSA IS2 1-1\/8 x 1-1\/2<\/td>\n<\/tr>\n<tr class=\"product--properties-row row9\">\n<td class=\"product--properties-label is--bold\">Vorbau:<\/td>\n<td class=\"product--properties-value\">Cervelo Alloy<\/td>\n<\/tr>\n<tr class=\"product--properties-row row10\">\n<td class=\"product--properties-label is--bold\">Lenker:<\/td>\n<td class=\"product--properties-value\">Cervelo Alloy<\/td>\n<\/tr>\n<tr class=\"product--properties-row row11\">\n<td class=\"product--properties-label is--bold\">Sattel:<\/td>\n<td class=\"product--properties-value\">Cerv\u00e9lo Road Saddle<\/td>\n<\/tr>\n<tr class=\"product--properties-row row12\">\n<td class=\"product--properties-label is--bold\">Sattelst\u00fctze:<\/td>\n<td class=\"product--properties-value\">Cervelo 27.2 Alloy<\/td>\n<\/tr>\n<tr class=\"product--properties-row row13\">\n<td class=\"product--properties-label is--bold\">Kurbel:<\/td>\n<td class=\"product--properties-value\">Shimano 105 R7000 52\/36<\/td>\n<\/tr>\n<tr class=\"product--properties-row row14\">\n<td class=\"product--properties-label is--bold\">Tretlager\/Innenlager:<\/td>\n<td class=\"product--properties-value\">JY-BB 24<\/td>\n<\/tr>\n<tr class=\"product--properties-row row15\">\n<td class=\"product--properties-label is--bold\">Schaltwerk:<\/td>\n<td class=\"product--properties-value\">Shimano 105 R7000, 11 spd<\/td>\n<\/tr>\n<\/tbody>\n<\/table>\n<table class=\"product--properties-table\">\n<tbody>\n<tr class=\"product--properties-row row16\">\n<td class=\"product--properties-label is--bold\">Schalthebel:<\/td>\n<td class=\"product--properties-value\">Shimano 105 R7020, 11 spd<\/td>\n<\/tr>\n<tr class=\"product--properties-row row17\">\n<td class=\"product--properties-label is--bold\">Umwerfer:<\/td>\n<td class=\"product--properties-value\">Shimano 105 R7000, 11 spd<\/td>\n<\/tr>\n<tr class=\"product--properties-row row18\">\n<td class=\"product--properties-label is--bold\">Kassette:<\/td>\n<td class=\"product--properties-value\">Shimano 105 R7000, 11 spd, 11-34<\/td>\n<\/tr>\n<tr class=\"product--properties-row row19\">\n<td class=\"product--properties-label is--bold\">Kette:<\/td>\n<td class=\"product--properties-value\">Shimano CN-HG601, 11 spd<\/td>\n<\/tr>\n<tr class=\"product--properties-row row20\">\n<td class=\"product--properties-label is--bold\">Reifen:<\/td>\n<td class=\"product--properties-value\">Vittoria Zaffiro Pro V Folding G2.0 30c<\/td>\n<\/tr>\n<tr class=\"product--properties-row row21\">\n<td class=\"product--properties-label is--bold\">Laufradsatz:<\/td>\n<td class=\"product--properties-value\">Alexrims Boondocks-5D, 28h (F), 28h (R), 21mm IW, 6-Bolt, Tubeless Ready<\/td>\n<\/tr>\n<tr class=\"product--properties-row row22\">\n<td class=\"product--properties-label is--bold\">Pedale:<\/td>\n<td class=\"product--properties-value\">nicht im Lieferumfang enthalten<\/td>\n<\/tr>\n<tr class=\"product--properties-row row23\">\n<td class=\"product--properties-label is--bold\">Sonstiges:<\/td>\n<td class=\"product--properties-value\">Cervelo Faceplate Front Computer\/Accessory Mount, Removeable Fender Mounts<\/td>\n<\/tr>\n<tr class=\"product--properties-row row24\">\n<td class=\"product--properties-label is--bold\">Zul\u00e4ssiges Gesamtgewicht:<\/td>\n<td class=\"product--properties-value\">100 kg (K\u00f6rpergewicht + Fahrrad + Ausr\u00fcstung)<\/td>\n<\/tr>\n<\/tbody>\n<\/table>\n<\/div>\n<hr \/>\n<h3>Caledonia | For Your Big, Stupid Rides<\/h3>\n<p><iframe src=\"https:\/\/www.youtube-nocookie.com\/embed\/Ab9V5f8mnqc\" width=\"640\" height=\"360\" frameborder=\"0\" allowfullscreen=\"allowfullscreen\" data-mce-fragment=\"1\"><\/iframe><\/p>","protected":false},"excerpt":{"rendered":"<div class=\"tab-menu--product js--tab-menu\">\n<div class=\"tab--container-list\">\n<div class=\"tab--container description has--content is--active\">\n<div class=\"tab--content box-description\">\n<div class=\"content--description\">\n<div class=\"ean-box\"><label>Modelljahr: <span style=\"font-size: 16px;\">2022<\/span><\/label><\/div>\n<\/div>\n<\/div>\n<\/div>\n<\/div>\n<\/div>\n<p><a class=\"rating-link-info--box\" name=\"product--publish-comment\"><\/a><\/p>\n<div id=\"detail--product-reviews\" class=\"content--product-reviews 123\"><\/div>","protected":false},"featured_media":62578,"comment_status":"open","ping_status":"closed","template":"","meta":[],"product_brand":[],"product_cat":[36,37],"product_tag":[],"class_list":{"0":"post-42476","1":"product","2":"type-product","3":"status-publish","4":"has-post-thumbnail","6":"product_cat-fahrrad","7":"product_cat-gravel-bikes","8":"pa_marke-cervelo","10":"first","11":"instock","12":"sale","13":"taxable","14":"shipping-taxable","15":"purchasable","16":"product-type-variable"},"yoast_head":"<!-- This site is optimized with the Yoast SEO Premium plugin v20.12 (Yoast SEO v27.1.1) - https:\/\/yoast.com\/product\/yoast-seo-premium-wordpress\/ -->\n<title>Cerv\u00e9lo Caledonia 105<\/title>\n<meta name=\"description\" content=\"kgerad.de bietet Ihnen das Cerv\u00e9lo Caledonia 105 zum besten Preis mit kostenlosem Versand in ganz EuropaCerv\u00e9lo Caledonia 105Cerv\u00e9lo Caledonia 105\" \/>\n<meta name=\"robots\" content=\"index, follow, max-snippet:-1, max-image-preview:large, max-video-preview:-1\" \/>\n<link rel=\"canonical\" href=\"https:\/\/kgerad.de\/en\/product\/cervelo-caledonia-105\/\" \/>\n<meta property=\"og:locale\" content=\"en_US\" \/>\n<meta property=\"og:type\" content=\"article\" \/>\n<meta property=\"og:title\" content=\"Cerv\u00e9lo Caledonia 105\" \/>\n<meta property=\"og:description\" content=\"Entdecken Sie unseren Online-Fahrradladen: Gro\u00dfe Auswahl an Modellen f\u00fcr alle Radsportbegeisterten. Von Rennr\u00e4dern bis zu Mountainbikes - finden Sie heute Ihren perfekten Wegbegleiter!\" \/>\n<meta property=\"og:url\" content=\"https:\/\/kgerad.de\/en\/product\/cervelo-caledonia-105\/\" \/>\n<meta property=\"og:site_name\" content=\"kgerad.de\" \/>\n<meta property=\"article:modified_time\" content=\"2023-08-11T07:54:20+00:00\" \/>\n<meta property=\"og:image\" content=\"https:\/\/kgerad.de\/wp-content\/uploads\/2023\/06\/Cervelo-Caledonia-105.jpg\" \/>\n\t<meta property=\"og:image:width\" content=\"800\" \/>\n\t<meta property=\"og:image:height\" content=\"474\" \/>\n\t<meta property=\"og:image:type\" content=\"image\/jpeg\" \/>\n<meta name=\"twitter:card\" content=\"summary_large_image\" \/>\n<meta name=\"twitter:label1\" content=\"Est. reading time\" \/>\n\t<meta name=\"twitter:data1\" content=\"4 minutes\" \/>\n<script type=\"application\/ld+json\" class=\"yoast-schema-graph\">{\"@context\":\"https:\/\/schema.org\",\"@graph\":[{\"@type\":\"WebPage\",\"@id\":\"https:\/\/kgerad.de\/produkt\/cervelo-caledonia-105\/\",\"url\":\"https:\/\/kgerad.de\/produkt\/cervelo-caledonia-105\/\",\"name\":\"Cerv\u00e9lo Caledonia 105\",\"isPartOf\":{\"@id\":\"https:\/\/kgerad.de\/#website\"},\"primaryImageOfPage\":{\"@id\":\"https:\/\/kgerad.de\/produkt\/cervelo-caledonia-105\/#primaryimage\"},\"image\":{\"@id\":\"https:\/\/kgerad.de\/produkt\/cervelo-caledonia-105\/#primaryimage\"},\"thumbnailUrl\":\"https:\/\/kgerad.de\/wp-content\/uploads\/2023\/06\/Cervelo-Caledonia-105.jpg\",\"datePublished\":\"2022-11-19T09:59:33+00:00\",\"dateModified\":\"2023-08-11T07:54:20+00:00\",\"description\":\"kgerad.de bietet Ihnen das Cerv\u00e9lo Caledonia 105 zum besten Preis mit kostenlosem Versand in ganz EuropaCerv\u00e9lo Caledonia 105Cerv\u00e9lo Caledonia 105\",\"breadcrumb\":{\"@id\":\"https:\/\/kgerad.de\/produkt\/cervelo-caledonia-105\/#breadcrumb\"},\"inLanguage\":\"en-US\",\"potentialAction\":[{\"@type\":\"ReadAction\",\"target\":[\"https:\/\/kgerad.de\/produkt\/cervelo-caledonia-105\/\"]}]},{\"@type\":\"ImageObject\",\"inLanguage\":\"en-US\",\"@id\":\"https:\/\/kgerad.de\/produkt\/cervelo-caledonia-105\/#primaryimage\",\"url\":\"https:\/\/kgerad.de\/wp-content\/uploads\/2023\/06\/Cervelo-Caledonia-105.jpg\",\"contentUrl\":\"https:\/\/kgerad.de\/wp-content\/uploads\/2023\/06\/Cervelo-Caledonia-105.jpg\",\"width\":800,\"height\":474,\"caption\":\"Cerv\u00e9lo Caledonia 105\"},{\"@type\":\"BreadcrumbList\",\"@id\":\"https:\/\/kgerad.de\/produkt\/cervelo-caledonia-105\/#breadcrumb\",\"itemListElement\":[{\"@type\":\"ListItem\",\"position\":1,\"name\":\"Startseite\",\"item\":\"https:\/\/kgerad.de\/\"},{\"@type\":\"ListItem\",\"position\":2,\"name\":\"LADEN\",\"item\":\"https:\/\/kgerad.de\/laden\/\"},{\"@type\":\"ListItem\",\"position\":3,\"name\":\"Cerv\u00e9lo Caledonia 105\"}]},{\"@type\":\"WebSite\",\"@id\":\"https:\/\/kgerad.de\/#website\",\"url\":\"https:\/\/kgerad.de\/\",\"name\":\"kgerad.de\",\"description\":\"Treten Sie mit uns ins Abenteuer!\",\"publisher\":{\"@id\":\"https:\/\/kgerad.de\/#organization\"},\"alternateName\":\"MEIN RADLADEN\",\"potentialAction\":[{\"@type\":\"SearchAction\",\"target\":{\"@type\":\"EntryPoint\",\"urlTemplate\":\"https:\/\/kgerad.de\/?s={search_term_string}\"},\"query-input\":{\"@type\":\"PropertyValueSpecification\",\"valueRequired\":true,\"valueName\":\"search_term_string\"}}],\"inLanguage\":\"en-US\"},{\"@type\":\"Organization\",\"@id\":\"https:\/\/kgerad.de\/#organization\",\"name\":\"MEINRADLADEN\",\"alternateName\":\"MEIN RADLADEN\",\"url\":\"https:\/\/kgerad.de\/\",\"logo\":{\"@type\":\"ImageObject\",\"inLanguage\":\"en-US\",\"@id\":\"https:\/\/kgerad.de\/#\/schema\/logo\/image\/\",\"url\":\"https:\/\/kgerad.de\/wp-content\/uploads\/2025\/07\/logo-Whit.svg\",\"contentUrl\":\"https:\/\/kgerad.de\/wp-content\/uploads\/2025\/07\/logo-Whit.svg\",\"width\":1640,\"height\":371,\"caption\":\"MEINRADLADEN\"},\"image\":{\"@id\":\"https:\/\/kgerad.de\/#\/schema\/logo\/image\/\"}}]}<\/script>\n<!-- \/ Yoast SEO Premium plugin. -->","yoast_head_json":{"title":"Cerv\u00e9lo Caledonia 105","description":"kgerad.de bietet Ihnen das Cerv\u00e9lo Caledonia 105 zum besten Preis mit kostenlosem Versand in ganz EuropaCerv\u00e9lo Caledonia 105Cerv\u00e9lo Caledonia 105","robots":{"index":"index","follow":"follow","max-snippet":"max-snippet:-1","max-image-preview":"max-image-preview:large","max-video-preview":"max-video-preview:-1"},"canonical":"https:\/\/kgerad.de\/en\/product\/cervelo-caledonia-105\/","og_locale":"en_US","og_type":"article","og_title":"Cerv\u00e9lo Caledonia 105","og_description":"Entdecken Sie unseren Online-Fahrradladen: Gro\u00dfe Auswahl an Modellen f\u00fcr alle Radsportbegeisterten. Von Rennr\u00e4dern bis zu Mountainbikes - finden Sie heute Ihren perfekten Wegbegleiter!","og_url":"https:\/\/kgerad.de\/en\/product\/cervelo-caledonia-105\/","og_site_name":"kgerad.de","article_modified_time":"2023-08-11T07:54:20+00:00","og_image":[{"width":800,"height":474,"url":"https:\/\/kgerad.de\/wp-content\/uploads\/2023\/06\/Cervelo-Caledonia-105.jpg","type":"image\/jpeg"}],"twitter_card":"summary_large_image","twitter_misc":{"Est. reading time":"4 minutes"},"schema":{"@context":"https:\/\/schema.org","@graph":[{"@type":"WebPage","@id":"https:\/\/kgerad.de\/produkt\/cervelo-caledonia-105\/","url":"https:\/\/kgerad.de\/produkt\/cervelo-caledonia-105\/","name":"Cerv\u00e9lo Caledonia 105","isPartOf":{"@id":"https:\/\/kgerad.de\/#website"},"primaryImageOfPage":{"@id":"https:\/\/kgerad.de\/produkt\/cervelo-caledonia-105\/#primaryimage"},"image":{"@id":"https:\/\/kgerad.de\/produkt\/cervelo-caledonia-105\/#primaryimage"},"thumbnailUrl":"https:\/\/kgerad.de\/wp-content\/uploads\/2023\/06\/Cervelo-Caledonia-105.jpg","datePublished":"2022-11-19T09:59:33+00:00","dateModified":"2023-08-11T07:54:20+00:00","description":"kgerad.de bietet Ihnen das Cerv\u00e9lo Caledonia 105 zum besten Preis mit kostenlosem Versand in ganz EuropaCerv\u00e9lo Caledonia 105Cerv\u00e9lo Caledonia 105","breadcrumb":{"@id":"https:\/\/kgerad.de\/produkt\/cervelo-caledonia-105\/#breadcrumb"},"inLanguage":"en-US","potentialAction":[{"@type":"ReadAction","target":["https:\/\/kgerad.de\/produkt\/cervelo-caledonia-105\/"]}]},{"@type":"ImageObject","inLanguage":"en-US","@id":"https:\/\/kgerad.de\/produkt\/cervelo-caledonia-105\/#primaryimage","url":"https:\/\/kgerad.de\/wp-content\/uploads\/2023\/06\/Cervelo-Caledonia-105.jpg","contentUrl":"https:\/\/kgerad.de\/wp-content\/uploads\/2023\/06\/Cervelo-Caledonia-105.jpg","width":800,"height":474,"caption":"Cerv\u00e9lo Caledonia 105"},{"@type":"BreadcrumbList","@id":"https:\/\/kgerad.de\/produkt\/cervelo-caledonia-105\/#breadcrumb","itemListElement":[{"@type":"ListItem","position":1,"name":"Startseite","item":"https:\/\/kgerad.de\/"},{"@type":"ListItem","position":2,"name":"LADEN","item":"https:\/\/kgerad.de\/laden\/"},{"@type":"ListItem","position":3,"name":"Cerv\u00e9lo Caledonia 105"}]},{"@type":"WebSite","@id":"https:\/\/kgerad.de\/#website","url":"https:\/\/kgerad.de\/","name":"kgerad.de","description":"Treten Sie mit uns ins Abenteuer!","publisher":{"@id":"https:\/\/kgerad.de\/#organization"},"alternateName":"MEIN RADLADEN","potentialAction":[{"@type":"SearchAction","target":{"@type":"EntryPoint","urlTemplate":"https:\/\/kgerad.de\/?s={search_term_string}"},"query-input":{"@type":"PropertyValueSpecification","valueRequired":true,"valueName":"search_term_string"}}],"inLanguage":"en-US"},{"@type":"Organization","@id":"https:\/\/kgerad.de\/#organization","name":"MEINRADLADEN","alternateName":"MEIN RADLADEN","url":"https:\/\/kgerad.de\/","logo":{"@type":"ImageObject","inLanguage":"en-US","@id":"https:\/\/kgerad.de\/#\/schema\/logo\/image\/","url":"https:\/\/kgerad.de\/wp-content\/uploads\/2025\/07\/logo-Whit.svg","contentUrl":"https:\/\/kgerad.de\/wp-content\/uploads\/2025\/07\/logo-Whit.svg","width":1640,"height":371,"caption":"MEINRADLADEN"},"image":{"@id":"https:\/\/kgerad.de\/#\/schema\/logo\/image\/"}}]}},"_links":{"self":[{"href":"https:\/\/kgerad.de\/en\/wp-json\/wp\/v2\/product\/42476","targetHints":{"allow":["GET"]}}],"collection":[{"href":"https:\/\/kgerad.de\/en\/wp-json\/wp\/v2\/product"}],"about":[{"href":"https:\/\/kgerad.de\/en\/wp-json\/wp\/v2\/types\/product"}],"replies":[{"embeddable":true,"href":"https:\/\/kgerad.de\/en\/wp-json\/wp\/v2\/comments?post=42476"}],"version-history":[{"count":1,"href":"https:\/\/kgerad.de\/en\/wp-json\/wp\/v2\/product\/42476\/revisions"}],"predecessor-version":[{"id":79339,"href":"https:\/\/kgerad.de\/en\/wp-json\/wp\/v2\/product\/42476\/revisions\/79339"}],"wp:featuredmedia":[{"embeddable":true,"href":"https:\/\/kgerad.de\/en\/wp-json\/wp\/v2\/media\/62578"}],"wp:attachment":[{"href":"https:\/\/kgerad.de\/en\/wp-json\/wp\/v2\/media?parent=42476"}],"wp:term":[{"taxonomy":"product_brand","embeddable":true,"href":"https:\/\/kgerad.de\/en\/wp-json\/wp\/v2\/product_brand?post=42476"},{"taxonomy":"product_cat","embeddable":true,"href":"https:\/\/kgerad.de\/en\/wp-json\/wp\/v2\/product_cat?post=42476"},{"taxonomy":"product_tag","embeddable":true,"href":"https:\/\/kgerad.de\/en\/wp-json\/wp\/v2\/product_tag?post=42476"}],"curies":[{"name":"wp","href":"https:\/\/api.w.org\/{rel}","templated":true}]}}