{"id":42466,"date":"2022-11-19T10:39:03","date_gmt":"2022-11-19T09:39:03","guid":{"rendered":"https:\/\/kgerad.de\/?post_type=product&#038;p=42466"},"modified":"2023-08-11T09:54:37","modified_gmt":"2023-08-11T07:54:37","slug":"cervelo-r5-ultegra-di2","status":"publish","type":"product","link":"https:\/\/kgerad.de\/en\/product\/cervelo-r5-ultegra-di2\/","title":{"rendered":"Cerv\u00e9lo R5 Ultegra Di2"},"content":{"rendered":"<h2 class=\"content--title\"><strong>Cerv\u00e9lo<\/strong>\u00a0R5 Ultegra Di2<\/h2>\n<p class=\"product--description\">Das f\u00fcr das Modelljahr 2022 komplett neu \u00fcberarbeitete\u00a0 Cerv\u00e9lo R5 giert nach Geschwindigkeit \u2013 mehr als je zuvor! Der neue Rahmen hat 130 g abgespeckt und bringt dich noch schneller den Berg rauf. In Verbindung mit dem Shimano Ultegra Di2 Antrieb, machen nicht nur H\u00f6henmeter, sondern auch die pfeilschnellen Abfahrten extrem viel Spa\u00df!<\/p>\n<h2>Schneller Kletterer mit Abfahrtsqualit\u00e4ten \u2013 das R5 von Cerv\u00e9lo<\/h2>\n<p>Das R5 ist f\u00fcr eine Aufgabe konzipiert \u2013 schnell den Gipfel zu erklimmen. Doch bei all dem Ruhm und geschwenkten Fahnen, den ein Gipfelfinish mit sich bringt, bleibt es selten bei nur einem einzigen Anstieg am Tag. Und auch wenn ein Rennen normalerweise nicht bei einer Abfahrt gewonnen wird, kann der Sieg durchaus genau da aus der Hand gegeben werden. Ein Rad, das super schnell klettert, in der Abfahrt bei einer Haarnadelkurve aber Geschwindigkeit einb\u00fc\u00dfen muss &#8211; das ist ein bisschen wie ein koffeinfreier Kaffee \u2026<\/p>\n<h3><strong>Was wurde beim neuen Cerv\u00e9lo R5 verbessert?<\/strong><\/h3>\n<p>Wenn man beim Vorg\u00e4nger einen Kritikpunkt finden wollte, dann war es seine Steifigkeit. Seine Bergziegen-\u00e4hnlichen Kletterskills forderten ihren Tribut in den Knochen. Auch wenn das f\u00fcr die meisten kein Problem ist, haben Cerv\u00e9los World Tour Teams das Gef\u00fchl gehabt, dass dieses Rad mit jeder Woche einer langen Tour unbequemer wurde. Also &#8211; Steifigkeit reduzieren? Bei einem Rad, das f\u00fcrs Klettern gemacht ist? H\u00f6rte sich erstmal verr\u00fcckt an, aber Cerv\u00e9lo legte los. Ihre Ingenieure hatten bereits fr\u00fcher herausgefunden, dass ein bestimmtes Verh\u00e4ltnis zwischen Steuerrohr- und Tretlagersteifigkeit die magische Formel bietet, Fahrqualit\u00e4t zu steigern \u2013 sie hatten dies aber bisher nicht beim R5 angewendet, galt es hier doch, ein m\u00f6glichst steifes Rad zu bauen.<\/p>\n<p>Cerv\u00e9lo hat an verschiedenen Layups gearbeitet, sie selbst ausprobiert und nat\u00fcrlich auch an das Team Jumbo Visma zum Test geschickt. Tom Dumoulin, der schon beim Team Sunweb ein R5 gefahren und geliebt hatte, war der beste Kandidat in der fr\u00fchen Phase der Tests. Das Ergebnis? Ohne jegliche Einschr\u00e4nkung positiv. Dumoulin meinte, er k\u00f6nne ebenso effizient mit diesem Bike die Anstiege bezwingen und dass die hinzugef\u00fcgte &#8222;Konformit\u00e4t&#8220; zu weniger M\u00fcdigkeit beitr\u00e4gt und eine schnellere Erholung erm\u00f6glichen w\u00fcrde. Das Team Jumbo-Visma hat das verifiziert \u2013 und dann ging auch schon die Rennsaison los.<\/p>\n<hr \/>\n<h3>Features &#8211; Cerv\u00e9lo R5 Ultegra Di2<\/h3>\n<p><strong>DER R5-RAHMEN<\/strong><br \/>\nDer neue Rahmen des R5 ist 130g leichter als sein Vorg\u00e4nger \u2013 das bedeutet eine 16%ige Gewichtseinsparung von einem Rahmen, der eh schon ein Leichtgewicht war. Der neue Rahmen wiegt 703g, die neue Gabel 329g, wodurch Rahmen und Gabel nur einen Hauch \u00fcber der Ein-Kilogramm-Marke liegt. Auch bei einigen Komponenten konnte Cerv\u00e9lo noch etwas Gewicht einsparen &#8211; Lenker und Vorbau sind jeweils 12g leichter und die Sattelst\u00fctze sogar 20g. Auch wenn die Aerodynamik bei diesem Rad nicht denselben Fokus hat wie bei einem S5 oder P5, hat die Integration der Kabel nach innen dazu gef\u00fchrt, dass beim Rahmen 25g Luftwiderstand eingespart wurden. Das neue R5 ist in jeder Hinsicht schneller!<\/p>\n<h3><strong>Reserve Carbon-Laufr\u00e4der<\/strong><\/h3>\n<p>Hochwertige Reserve Carbon-Laufr\u00e4der gibt es schon seit ein paar Jahren von Santa Cruz, bisher exklusiv f\u00fcr MTBs. Die Laufr\u00e4der mit dem hervorragenden Ruf finden jetzt auch den Weg ans Rennrad: Zusammen mit der Konzernschwester Cerv\u00e9lo haben die Kalifornier einen Laufradsatz entwickelt, der die bekannte Robustheit mit Aerodynamik paart. Die Reserve Laufr\u00e4der stehen am Start, wenn es richtig abgehen soll. Das Profil wurde in Zusammenarbeit mit den Aero-Spezialisten von Cerv\u00e9lo entwickelt, damit die optimale Mischung aus Gewichtsreduzierung und Windschl\u00fcpfrigkeit gew\u00e4hrleistet ist.<\/p>\n<h3><strong>FAHRQUALIT\u00c4T<\/strong><\/h3>\n<p>Ein leistungsstarkes Fahrrad, dem du vertrauen kannst. Steifigkeit und Geometrie sorgen gemeinsam f\u00fcr maximale Pedalwirkung und stabiles Handling. Die breiteren Reifen und eine einzigartige Nachgiebigkeit des Rahmens bieten ein komfortableres Fahrgef\u00fchl, dank dem du langsamer erm\u00fcdest. Scheibenbremsen sorgen f\u00fcr kontrolliertes Bremsen unter allen Bedingungen.<\/p>\n<h3><strong>GESCHWINDIGKEIT<\/strong><\/h3>\n<p>Cerv\u00e9lo hat an den Schl\u00fcsselstellen des R5 f\u00fcr hohe Steifheit gesorgt, w\u00e4hrend gleichzeitig das Rahmengewicht superleicht blieb. Die sorgf\u00e4ltige Ausbalancierung von Steifigkeit und Gewicht des R5 resultiert in einem Fahrrad, das schnell beschleunigt, aber bei hohen Geschwindigkeiten stabil und berechenbar ist.<\/p>\n<h3><strong>BBRIGHT\u2122<\/strong><\/h3>\n<p>Cerv\u00e9lo hat BBright\u2122 entwickelt, um die Tatsache zu nutzen, dass \u00fcberdimensionierte Rahmenrohre steifer und leichter sind. Mit dem BBright\u2122-System werden f\u00fcr Sitzrohr, Unterrohr und linke Kettenstrebe Oversized-Rohre verwendet. Der Vorteil besteht in einer erh\u00f6hten Steifigkeit und Tretleistung bei einem gleichzeitig leichteren Rahmen. BBright\u2122 ist mit allen g\u00e4ngigen Tretlagerstandards kompatibel.<\/p>\n<p><strong>Pro Road Fit<\/strong><br \/>\nPro Fit von Cerv\u00e9lo bietet niedrigste Rahmen-Stackh\u00f6hen, um eine aerodynamische Fahrposition zu erm\u00f6glichen. Fit ist das direkte Ergebnis der Anregungen von Cerv\u00e9los Profi-Rennfahrer, die ihren Lenker so niedrig wie m\u00f6glich haben wollten, um einen maximalen aerodynamischen Vorteil zu erzielen.<\/p>\n<p><strong>Squoval\u2122 Max<\/strong><br \/>\nSquoval \u2122 Max sind Rohrformen, die die Eigenschaften eines Quadrats mit einem Oval kombinieren, jedoch mit einer aerodynamischeren Vorderseite. Cerv\u00e9lo verwendet diese einzigartigen Formen, um bei gleichzeitiger Reduzierung des Luftwiderstands die ideale Kombination von Steifigkeit und Gewicht in bestimmten Bereichen eines Rahmens zu erhalten.<\/p>\n<hr \/>\n<h2>Ausstattung<\/h2>\n<div class=\"product--properties panel has--border\">\n<table class=\"product--properties-table\">\n<tbody>\n<tr class=\"product--properties-row row1\">\n<td class=\"product--properties-label is--bold\">Rahmen:<\/td>\n<td class=\"product--properties-value\">Cervelo R5<\/td>\n<\/tr>\n<tr class=\"product--properties-row row2\">\n<td class=\"product--properties-label is--bold\">Rahmenmaterial:<\/td>\n<td class=\"product--properties-value\">Carbon<\/td>\n<\/tr>\n<tr class=\"product--properties-row row3\">\n<td class=\"product--properties-label is--bold\">Laufradgr\u00f6\u00dfe:<\/td>\n<td class=\"product--properties-value\">28&#8243;<\/td>\n<\/tr>\n<tr class=\"product--properties-row row4\">\n<td class=\"product--properties-label is--bold\">Farbe:<\/td>\n<td class=\"product--properties-value\">Five Black<\/td>\n<\/tr>\n<tr class=\"product--properties-row row5\">\n<td class=\"product--properties-label is--bold\">Gabel:<\/td>\n<td class=\"product--properties-value\">Cerv\u00e9lo All-Carbon, Tapered R5 Fork<\/td>\n<\/tr>\n<tr class=\"product--properties-row row6\">\n<td class=\"product--properties-label is--bold\">Bremsen:<\/td>\n<td class=\"product--properties-value\">Shimano Ultegra 8170 Hydraulic Disc<\/td>\n<\/tr>\n<tr class=\"product--properties-row row7\">\n<td class=\"product--properties-label is--bold\">Bremsscheiben:<\/td>\n<td class=\"product--properties-value\">Shimano RT-MT800, 160mm<\/td>\n<\/tr>\n<tr class=\"product--properties-row row8\">\n<td class=\"product--properties-label is--bold\">Steuersatz:<\/td>\n<td class=\"product--properties-value\">FSA IS2 1-1\/4 x 1-1\/2<\/td>\n<\/tr>\n<tr class=\"product--properties-row row9\">\n<td class=\"product--properties-label is--bold\">Vorbau:<\/td>\n<td class=\"product--properties-value\">Cerv\u00e9lo ST31 Carbon<\/td>\n<\/tr>\n<tr class=\"product--properties-row row10\">\n<td class=\"product--properties-label is--bold\">Lenker:<\/td>\n<td class=\"product--properties-value\">Cerv\u00e9lo HB13 Carbon<\/td>\n<\/tr>\n<tr class=\"product--properties-row row11\">\n<td class=\"product--properties-label is--bold\">Sattel:<\/td>\n<td class=\"product--properties-value\">Prologo Scratch M5 PAS TiRox<\/td>\n<\/tr>\n<tr class=\"product--properties-row row12\">\n<td class=\"product--properties-label is--bold\">Sattelst\u00fctze:<\/td>\n<td class=\"product--properties-value\">Cerv\u00e9lo SP20 Carbon Aero Post<\/td>\n<\/tr>\n<tr class=\"product--properties-row row13\">\n<td class=\"product--properties-label is--bold\">Kurbel:<\/td>\n<td class=\"product--properties-value\">Shimano Ultegra 8100 52\/36<\/td>\n<\/tr>\n<tr class=\"product--properties-row row14\">\n<td class=\"product--properties-label is--bold\">Tretlager\/Innenlager:<\/td>\n<td class=\"product--properties-value\">JY-BB 24<\/td>\n<\/tr>\n<tr class=\"product--properties-row row15\">\n<td class=\"product--properties-label is--bold\">Schaltwerk:<\/td>\n<td class=\"product--properties-value\">Shimano Ultegra Di2 8150, 12 spd<\/td>\n<\/tr>\n<\/tbody>\n<\/table>\n<table class=\"product--properties-table\">\n<tbody>\n<tr class=\"product--properties-row row16\">\n<td class=\"product--properties-label is--bold\">Schalthebel:<\/td>\n<td class=\"product--properties-value\">Shimano Ultegra Di2 8170, 12 spd<\/td>\n<\/tr>\n<tr class=\"product--properties-row row17\">\n<td class=\"product--properties-label is--bold\">Umwerfer:<\/td>\n<td class=\"product--properties-value\">Shimano Ultegra Di2 8150, 12 spd<\/td>\n<\/tr>\n<tr class=\"product--properties-row row18\">\n<td class=\"product--properties-label is--bold\">Kassette:<\/td>\n<td class=\"product--properties-value\">Shimano Ultegra CS-R8100, 12 spd, 11-30<\/td>\n<\/tr>\n<tr class=\"product--properties-row row19\">\n<td class=\"product--properties-label is--bold\">Kette:<\/td>\n<td class=\"product--properties-value\">Shimano CN-M8100, 12 spd<\/td>\n<\/tr>\n<tr class=\"product--properties-row row20\">\n<td class=\"product--properties-label is--bold\">Reifen:<\/td>\n<td class=\"product--properties-value\">Vittoria Corsa TLR G2.0 25c<\/td>\n<\/tr>\n<tr class=\"product--properties-row row21\">\n<td class=\"product--properties-label is--bold\">Laufradsatz:<\/td>\n<td class=\"product--properties-value\">New Reserve 34\/37mm DT370, 20h (F), 24h (R), 22.6mm IW (F), 21.6mm IW (R), Center-Lock, Tubeless Ready, Cervelo Aero Thru-Axles, 12&#215;100\/142, Removable Handle<\/td>\n<\/tr>\n<tr class=\"product--properties-row row22\">\n<td class=\"product--properties-label is--bold\">Pedale:<\/td>\n<td class=\"product--properties-value\">nicht im Lieferumfang enthalten<\/td>\n<\/tr>\n<tr class=\"product--properties-row row23\">\n<td class=\"product--properties-label is--bold\">Sonstiges:<\/td>\n<td class=\"product--properties-value\">Cervelo Faceplate Front Computer\/Accessory Mount, Cervelo Rear Accessory Mount<\/td>\n<\/tr>\n<tr class=\"product--properties-row row24\">\n<td class=\"product--properties-label is--bold\">Zul\u00e4ssiges Gesamtgewicht:<\/td>\n<td class=\"product--properties-value\">100 kg (K\u00f6rpergewicht + Fahrrad + Ausr\u00fcstung)<\/td>\n<\/tr>\n<\/tbody>\n<\/table>\n<\/div>\n<hr \/>\n<h3>R5 | What Goes Up Must Come Down<\/h3>\n<p class=\"product--description\"><iframe title=\"YouTube video player\" src=\"https:\/\/www.youtube-nocookie.com\/embed\/f-2fdzESFVI\" width=\"640\" height=\"360\" frameborder=\"0\" allowfullscreen=\"allowfullscreen\" data-mce-fragment=\"1\"><\/iframe><\/p>","protected":false},"excerpt":{"rendered":"<div class=\"tab-menu--product js--tab-menu\">\n<div class=\"tab--container-list\">\n<div class=\"tab--container description has--content is--active\">\n<div class=\"tab--content box-description\">\n<div class=\"content--description\">\n<div class=\"ean-box\"><label>Modelljahr: <span style=\"font-size: 16px;\">2022<\/span><\/label><\/div>\n<\/div>\n<\/div>\n<\/div>\n<\/div>\n<\/div>\n<p><a class=\"rating-link-info--box\" name=\"product--publish-comment\"><\/a><\/p>\n<div id=\"detail--product-reviews\" class=\"content--product-reviews 123\"><\/div>","protected":false},"featured_media":62577,"comment_status":"open","ping_status":"closed","template":"","meta":[],"product_brand":[],"product_cat":[36,37],"product_tag":[],"class_list":{"0":"post-42466","1":"product","2":"type-product","3":"status-publish","4":"has-post-thumbnail","6":"product_cat-fahrrad","7":"product_cat-gravel-bikes","8":"pa_marke-cervelo","10":"first","11":"instock","12":"sale","13":"taxable","14":"shipping-taxable","15":"purchasable","16":"product-type-variable"},"yoast_head":"<!-- This site is optimized with the Yoast SEO Premium plugin v20.12 (Yoast SEO v27.1.1) - https:\/\/yoast.com\/product\/yoast-seo-premium-wordpress\/ -->\n<title>Cerv\u00e9lo R5 Ultegra Di2<\/title>\n<meta name=\"description\" content=\"Entdecken Sie unseren Online-Fahrradladen: Gro\u00dfe Auswahl an Modellen f\u00fcr alle Radsportbegeisterten. Von Rennr\u00e4dern bis zu Mountainbikes - finden Sie heute Ihren perfekten Wegbegleiter!\" \/>\n<meta name=\"robots\" content=\"index, follow, max-snippet:-1, max-image-preview:large, max-video-preview:-1\" \/>\n<link rel=\"canonical\" href=\"https:\/\/kgerad.de\/en\/product\/cervelo-r5-ultegra-di2\/\" \/>\n<meta property=\"og:locale\" content=\"en_US\" \/>\n<meta property=\"og:type\" content=\"article\" \/>\n<meta property=\"og:title\" content=\"Cerv\u00e9lo R5 Ultegra Di2\" \/>\n<meta property=\"og:description\" content=\"Entdecken Sie unseren Online-Fahrradladen: Gro\u00dfe Auswahl an Modellen f\u00fcr alle Radsportbegeisterten. Von Rennr\u00e4dern bis zu Mountainbikes - finden Sie heute Ihren perfekten Wegbegleiter!\" \/>\n<meta property=\"og:url\" content=\"https:\/\/kgerad.de\/en\/product\/cervelo-r5-ultegra-di2\/\" \/>\n<meta property=\"og:site_name\" content=\"kgerad.de\" \/>\n<meta property=\"article:modified_time\" content=\"2023-08-11T07:54:37+00:00\" \/>\n<meta property=\"og:image\" content=\"https:\/\/kgerad.de\/wp-content\/uploads\/2023\/06\/Cervelo-R5-Ultegra-Di2.jpg\" \/>\n\t<meta property=\"og:image:width\" content=\"800\" \/>\n\t<meta property=\"og:image:height\" content=\"487\" \/>\n\t<meta property=\"og:image:type\" content=\"image\/jpeg\" \/>\n<meta name=\"twitter:card\" content=\"summary_large_image\" \/>\n<meta name=\"twitter:label1\" content=\"Est. reading time\" \/>\n\t<meta name=\"twitter:data1\" content=\"6 minutes\" \/>\n<script type=\"application\/ld+json\" class=\"yoast-schema-graph\">{\"@context\":\"https:\/\/schema.org\",\"@graph\":[{\"@type\":\"WebPage\",\"@id\":\"https:\/\/kgerad.de\/produkt\/cervelo-r5-ultegra-di2\/\",\"url\":\"https:\/\/kgerad.de\/produkt\/cervelo-r5-ultegra-di2\/\",\"name\":\"Cerv\u00e9lo R5 Ultegra Di2\",\"isPartOf\":{\"@id\":\"https:\/\/kgerad.de\/#website\"},\"primaryImageOfPage\":{\"@id\":\"https:\/\/kgerad.de\/produkt\/cervelo-r5-ultegra-di2\/#primaryimage\"},\"image\":{\"@id\":\"https:\/\/kgerad.de\/produkt\/cervelo-r5-ultegra-di2\/#primaryimage\"},\"thumbnailUrl\":\"https:\/\/kgerad.de\/wp-content\/uploads\/2023\/06\/Cervelo-R5-Ultegra-Di2.jpg\",\"datePublished\":\"2022-11-19T09:39:03+00:00\",\"dateModified\":\"2023-08-11T07:54:37+00:00\",\"description\":\"Entdecken Sie unseren Online-Fahrradladen: Gro\u00dfe Auswahl an Modellen f\u00fcr alle Radsportbegeisterten. Von Rennr\u00e4dern bis zu Mountainbikes - finden Sie heute Ihren perfekten Wegbegleiter!\",\"breadcrumb\":{\"@id\":\"https:\/\/kgerad.de\/produkt\/cervelo-r5-ultegra-di2\/#breadcrumb\"},\"inLanguage\":\"en-US\",\"potentialAction\":[{\"@type\":\"ReadAction\",\"target\":[\"https:\/\/kgerad.de\/produkt\/cervelo-r5-ultegra-di2\/\"]}]},{\"@type\":\"ImageObject\",\"inLanguage\":\"en-US\",\"@id\":\"https:\/\/kgerad.de\/produkt\/cervelo-r5-ultegra-di2\/#primaryimage\",\"url\":\"https:\/\/kgerad.de\/wp-content\/uploads\/2023\/06\/Cervelo-R5-Ultegra-Di2.jpg\",\"contentUrl\":\"https:\/\/kgerad.de\/wp-content\/uploads\/2023\/06\/Cervelo-R5-Ultegra-Di2.jpg\",\"width\":800,\"height\":487,\"caption\":\"Cerv\u00e9lo R5 Ultegra Di2\"},{\"@type\":\"BreadcrumbList\",\"@id\":\"https:\/\/kgerad.de\/produkt\/cervelo-r5-ultegra-di2\/#breadcrumb\",\"itemListElement\":[{\"@type\":\"ListItem\",\"position\":1,\"name\":\"Startseite\",\"item\":\"https:\/\/kgerad.de\/\"},{\"@type\":\"ListItem\",\"position\":2,\"name\":\"LADEN\",\"item\":\"https:\/\/kgerad.de\/laden\/\"},{\"@type\":\"ListItem\",\"position\":3,\"name\":\"Cerv\u00e9lo R5 Ultegra Di2\"}]},{\"@type\":\"WebSite\",\"@id\":\"https:\/\/kgerad.de\/#website\",\"url\":\"https:\/\/kgerad.de\/\",\"name\":\"kgerad.de\",\"description\":\"Treten Sie mit uns ins Abenteuer!\",\"publisher\":{\"@id\":\"https:\/\/kgerad.de\/#organization\"},\"alternateName\":\"MEIN RADLADEN\",\"potentialAction\":[{\"@type\":\"SearchAction\",\"target\":{\"@type\":\"EntryPoint\",\"urlTemplate\":\"https:\/\/kgerad.de\/?s={search_term_string}\"},\"query-input\":{\"@type\":\"PropertyValueSpecification\",\"valueRequired\":true,\"valueName\":\"search_term_string\"}}],\"inLanguage\":\"en-US\"},{\"@type\":\"Organization\",\"@id\":\"https:\/\/kgerad.de\/#organization\",\"name\":\"MEINRADLADEN\",\"alternateName\":\"MEIN RADLADEN\",\"url\":\"https:\/\/kgerad.de\/\",\"logo\":{\"@type\":\"ImageObject\",\"inLanguage\":\"en-US\",\"@id\":\"https:\/\/kgerad.de\/#\/schema\/logo\/image\/\",\"url\":\"https:\/\/kgerad.de\/wp-content\/uploads\/2025\/07\/logo-Whit.svg\",\"contentUrl\":\"https:\/\/kgerad.de\/wp-content\/uploads\/2025\/07\/logo-Whit.svg\",\"width\":1640,\"height\":371,\"caption\":\"MEINRADLADEN\"},\"image\":{\"@id\":\"https:\/\/kgerad.de\/#\/schema\/logo\/image\/\"}}]}<\/script>\n<!-- \/ Yoast SEO Premium plugin. -->","yoast_head_json":{"title":"Cerv\u00e9lo R5 Ultegra Di2","description":"Entdecken Sie unseren Online-Fahrradladen: Gro\u00dfe Auswahl an Modellen f\u00fcr alle Radsportbegeisterten. Von Rennr\u00e4dern bis zu Mountainbikes - finden Sie heute Ihren perfekten Wegbegleiter!","robots":{"index":"index","follow":"follow","max-snippet":"max-snippet:-1","max-image-preview":"max-image-preview:large","max-video-preview":"max-video-preview:-1"},"canonical":"https:\/\/kgerad.de\/en\/product\/cervelo-r5-ultegra-di2\/","og_locale":"en_US","og_type":"article","og_title":"Cerv\u00e9lo R5 Ultegra Di2","og_description":"Entdecken Sie unseren Online-Fahrradladen: Gro\u00dfe Auswahl an Modellen f\u00fcr alle Radsportbegeisterten. Von Rennr\u00e4dern bis zu Mountainbikes - finden Sie heute Ihren perfekten Wegbegleiter!","og_url":"https:\/\/kgerad.de\/en\/product\/cervelo-r5-ultegra-di2\/","og_site_name":"kgerad.de","article_modified_time":"2023-08-11T07:54:37+00:00","og_image":[{"width":800,"height":487,"url":"https:\/\/kgerad.de\/wp-content\/uploads\/2023\/06\/Cervelo-R5-Ultegra-Di2.jpg","type":"image\/jpeg"}],"twitter_card":"summary_large_image","twitter_misc":{"Est. reading time":"6 minutes"},"schema":{"@context":"https:\/\/schema.org","@graph":[{"@type":"WebPage","@id":"https:\/\/kgerad.de\/produkt\/cervelo-r5-ultegra-di2\/","url":"https:\/\/kgerad.de\/produkt\/cervelo-r5-ultegra-di2\/","name":"Cerv\u00e9lo R5 Ultegra Di2","isPartOf":{"@id":"https:\/\/kgerad.de\/#website"},"primaryImageOfPage":{"@id":"https:\/\/kgerad.de\/produkt\/cervelo-r5-ultegra-di2\/#primaryimage"},"image":{"@id":"https:\/\/kgerad.de\/produkt\/cervelo-r5-ultegra-di2\/#primaryimage"},"thumbnailUrl":"https:\/\/kgerad.de\/wp-content\/uploads\/2023\/06\/Cervelo-R5-Ultegra-Di2.jpg","datePublished":"2022-11-19T09:39:03+00:00","dateModified":"2023-08-11T07:54:37+00:00","description":"Entdecken Sie unseren Online-Fahrradladen: Gro\u00dfe Auswahl an Modellen f\u00fcr alle Radsportbegeisterten. Von Rennr\u00e4dern bis zu Mountainbikes - finden Sie heute Ihren perfekten Wegbegleiter!","breadcrumb":{"@id":"https:\/\/kgerad.de\/produkt\/cervelo-r5-ultegra-di2\/#breadcrumb"},"inLanguage":"en-US","potentialAction":[{"@type":"ReadAction","target":["https:\/\/kgerad.de\/produkt\/cervelo-r5-ultegra-di2\/"]}]},{"@type":"ImageObject","inLanguage":"en-US","@id":"https:\/\/kgerad.de\/produkt\/cervelo-r5-ultegra-di2\/#primaryimage","url":"https:\/\/kgerad.de\/wp-content\/uploads\/2023\/06\/Cervelo-R5-Ultegra-Di2.jpg","contentUrl":"https:\/\/kgerad.de\/wp-content\/uploads\/2023\/06\/Cervelo-R5-Ultegra-Di2.jpg","width":800,"height":487,"caption":"Cerv\u00e9lo R5 Ultegra Di2"},{"@type":"BreadcrumbList","@id":"https:\/\/kgerad.de\/produkt\/cervelo-r5-ultegra-di2\/#breadcrumb","itemListElement":[{"@type":"ListItem","position":1,"name":"Startseite","item":"https:\/\/kgerad.de\/"},{"@type":"ListItem","position":2,"name":"LADEN","item":"https:\/\/kgerad.de\/laden\/"},{"@type":"ListItem","position":3,"name":"Cerv\u00e9lo R5 Ultegra Di2"}]},{"@type":"WebSite","@id":"https:\/\/kgerad.de\/#website","url":"https:\/\/kgerad.de\/","name":"kgerad.de","description":"Treten Sie mit uns ins Abenteuer!","publisher":{"@id":"https:\/\/kgerad.de\/#organization"},"alternateName":"MEIN RADLADEN","potentialAction":[{"@type":"SearchAction","target":{"@type":"EntryPoint","urlTemplate":"https:\/\/kgerad.de\/?s={search_term_string}"},"query-input":{"@type":"PropertyValueSpecification","valueRequired":true,"valueName":"search_term_string"}}],"inLanguage":"en-US"},{"@type":"Organization","@id":"https:\/\/kgerad.de\/#organization","name":"MEINRADLADEN","alternateName":"MEIN RADLADEN","url":"https:\/\/kgerad.de\/","logo":{"@type":"ImageObject","inLanguage":"en-US","@id":"https:\/\/kgerad.de\/#\/schema\/logo\/image\/","url":"https:\/\/kgerad.de\/wp-content\/uploads\/2025\/07\/logo-Whit.svg","contentUrl":"https:\/\/kgerad.de\/wp-content\/uploads\/2025\/07\/logo-Whit.svg","width":1640,"height":371,"caption":"MEINRADLADEN"},"image":{"@id":"https:\/\/kgerad.de\/#\/schema\/logo\/image\/"}}]}},"_links":{"self":[{"href":"https:\/\/kgerad.de\/en\/wp-json\/wp\/v2\/product\/42466","targetHints":{"allow":["GET"]}}],"collection":[{"href":"https:\/\/kgerad.de\/en\/wp-json\/wp\/v2\/product"}],"about":[{"href":"https:\/\/kgerad.de\/en\/wp-json\/wp\/v2\/types\/product"}],"replies":[{"embeddable":true,"href":"https:\/\/kgerad.de\/en\/wp-json\/wp\/v2\/comments?post=42466"}],"version-history":[{"count":1,"href":"https:\/\/kgerad.de\/en\/wp-json\/wp\/v2\/product\/42466\/revisions"}],"predecessor-version":[{"id":79341,"href":"https:\/\/kgerad.de\/en\/wp-json\/wp\/v2\/product\/42466\/revisions\/79341"}],"wp:featuredmedia":[{"embeddable":true,"href":"https:\/\/kgerad.de\/en\/wp-json\/wp\/v2\/media\/62577"}],"wp:attachment":[{"href":"https:\/\/kgerad.de\/en\/wp-json\/wp\/v2\/media?parent=42466"}],"wp:term":[{"taxonomy":"product_brand","embeddable":true,"href":"https:\/\/kgerad.de\/en\/wp-json\/wp\/v2\/product_brand?post=42466"},{"taxonomy":"product_cat","embeddable":true,"href":"https:\/\/kgerad.de\/en\/wp-json\/wp\/v2\/product_cat?post=42466"},{"taxonomy":"product_tag","embeddable":true,"href":"https:\/\/kgerad.de\/en\/wp-json\/wp\/v2\/product_tag?post=42466"}],"curies":[{"name":"wp","href":"https:\/\/api.w.org\/{rel}","templated":true}]}}