{"id":42388,"date":"2022-11-18T22:14:16","date_gmt":"2022-11-18T21:14:16","guid":{"rendered":"https:\/\/kgerad.de\/?post_type=product&#038;p=42388"},"modified":"2023-08-11T09:55:39","modified_gmt":"2023-08-11T07:55:39","slug":"cube-litening-aero-c68x-slx-goblinnyellow","status":"publish","type":"product","link":"https:\/\/kgerad.de\/en\/product\/cube-litening-aero-c68x-slx-goblinnyellow\/","title":{"rendered":"Cube Litening AERO C:68X SLX goblin\u00b4n\u00b4yellow"},"content":{"rendered":"<h2 class=\"content--title\"><strong>Cube<\/strong>\u00a0Litening AERO C:68X SLX goblin\u00b4n\u00b4yellow<\/h2>\n<div class=\"product--description\">\n<p>T\u00fcfteln ist die Passion von CUBE \u2013 und beim CUBE Litening AERO C:68X SLX haben sie diese Leidenschaft voll ausgelebt. Das Bike wurde mithilfe komplexer CFD-Analysen und Windkanaltests entwickelt, soll hei\u00dfen: Der ausgekl\u00fcgelte, UCI-konforme Rahmen und die innovativen Komponenten sind auf extreme Geschwindigkeit ausgelegt. F\u00fcr diese eine entscheidende Hundertstelsekunde Vorsprung!<\/p>\n<hr \/>\n<p><a href=\"https:\/\/www.cube.eu\/360\/679300\" target=\"_blank\" rel=\"noopener\"><img decoding=\"async\" title=\"360\u00b0\" src=\"https:\/\/cd.bike-discount.de\/media\/image\/3a\/ee\/83\/360.png\" alt=\"\" width=\"40\" height=\"39\" data-mid=\"729769\" data-src=\"media\/image\/360.png\" \/>360\u00b0-Ansicht \u00f6ffnen<\/a><\/p>\n<hr \/>\n<h2>Federleichtes und UCI-konformes Carbon Rennrad: das CUBE Litening AERO C:68X SLX<\/h2>\n<p>Nicht alle Race-Bikes sind gleich konstruiert. Die Qualit\u00e4t des Litening C:68X SLX beispielsweise definiert sich \u00fcber eine meisterhafte Kombination aus geringem Gewicht, hervorragendem Fahrkomfort auf langen Strecken und unvergleichlicher Aerodynamik. Fast schon unfair, aber eben doch UCI-konform. Sein Mavic Cosmic SLR 45 Carbon Laufradsatz bringt enorm windeffizientes Design und federleichten Komfort auf einen Nenner.<\/p>\n<p>Dank der funkgesteuerten Sram Red 2&#215;12-fach AXS Schalt-\/Bremseinheit profitieren Speed-Fans von einem breiten \u00dcbersetzungsbereich und maximaler Verz\u00f6gerungskraft per Fingerzeig vom Lenker aus. Der Komfort von Carbon, ein Rahmen mit 30 Prozent weniger Luftwiderstand und CUBE&#8217;s fast schon exzessiver Liebe zum Detail &#8211; ideale Voraussetzungen daf\u00fcr, sich mit maximaler Power aus dem Fahrerfeld zu l\u00f6sen!<\/p>\n<hr \/>\n<h3>RAHMEN CUBE Litening C:68X SLX<\/h3>\n<p>Regeln sind Regeln &#8211; und sie sind nicht immer dazu gedacht, gebrochen zu werden, denn ein Rennrad muss gewissen Kriterien entsprechen, um zu einem UCI-Rennen zugelassen zu werden. Aber wie macht man einen Carbonrahmen wie den des Litening C:68X ma\u00dfgeblich aerodynamischer, ohne gegen die Regeln zu versto\u00dfen? Die Antwort: mithilfe des hochwertigen C:68X\u00ae Materials, komplexer CFD-Analysen und Windkanaltests unter realen Bedingungen. Das Ergebnis sind 30 Prozent weniger Luftwiderstand in Gestalt eines komplett UCI-konformen Chassis&#8216;, das mit Gabel, Vorbau, Lenker und Sattelst\u00fctze ein voll integriertes Set-up ergibt. Au\u00dferdem f\u00e4hrt es sich superkomfortabel, bietet eine Reifenfreiheit f\u00fcr Pneus bis 28 mm Breite und die M\u00f6glichkeit, es mit allen aktuellen Wattmesssystemen zu verwenden. Doch sein Spezialgebiet ist und bleibt: absolute H\u00f6chstgeschwindigkeit!<\/p>\n<h2>Ausstattung<\/h2>\n<div class=\"product--properties panel has--border\">\n<table class=\"product--properties-table\">\n<tbody>\n<tr class=\"product--properties-row row1\">\n<td class=\"product--properties-label is--bold\">Rahmen:<\/td>\n<td class=\"product--properties-value\">Litening C:68X\u00ae Aero Monocoque Advanced Twin Mold Technology, Aero Optimized Tubes, Full Internal Cable Routing, Flat Mount Disc<\/td>\n<\/tr>\n<tr class=\"product--properties-row row2\">\n<td class=\"product--properties-label is--bold\">Rahmenmaterial:<\/td>\n<td class=\"product--properties-value\">Carbon<\/td>\n<\/tr>\n<tr class=\"product--properties-row row3\">\n<td class=\"product--properties-label is--bold\">Laufradgr\u00f6\u00dfe:<\/td>\n<td class=\"product--properties-value\">28&#8243;<\/td>\n<\/tr>\n<tr class=\"product--properties-row row4\">\n<td class=\"product--properties-label is--bold\">Farbe:<\/td>\n<td class=\"product--properties-value\">goblin\u00b4n\u00b4yellow<\/td>\n<\/tr>\n<tr class=\"product--properties-row row5\">\n<td class=\"product--properties-label is--bold\">Gabel:<\/td>\n<td class=\"product--properties-value\">Litening C:68X\u00ae Aero, Integrated Cable Routing, Flat Mount Disc<\/td>\n<\/tr>\n<tr class=\"product--properties-row row6\">\n<td class=\"product--properties-label is--bold\">Bremsen:<\/td>\n<td class=\"product--properties-value\">Sram Red eTap AXS\u2122<\/td>\n<\/tr>\n<tr class=\"product--properties-row row7\">\n<td class=\"product--properties-label is--bold\">Bremsscheiben:<\/td>\n<td class=\"product--properties-value\">160\/160 mm<\/td>\n<\/tr>\n<tr class=\"product--properties-row row8\">\n<td class=\"product--properties-label is--bold\">Steuersatz:<\/td>\n<td class=\"product--properties-value\">ACROS, Top Integrated 1 1\/8&#8243;, Bottom Integrated 1 1\/4&#8243;<\/td>\n<\/tr>\n<tr class=\"product--properties-row row9\">\n<td class=\"product--properties-label is--bold\">Lenker:<\/td>\n<td class=\"product--properties-value\">ICR Aero Cockpit System, Integrated Cable Routing, Aero Spacer System, Garmin\/Wahoo Mount Interface (50cm, 52cm: 400mm\/90mm; 54cm, 56cm: 420mm\/100mm; 58cm: 440mm\/110mm; 60cm: 440mm\/120mm)<\/td>\n<\/tr>\n<tr class=\"product--properties-row row10\">\n<td class=\"product--properties-label is--bold\">Griffe:<\/td>\n<td class=\"product--properties-value\">ACID Bartape RD<\/td>\n<\/tr>\n<tr class=\"product--properties-row row11\">\n<td class=\"product--properties-label is--bold\">Sattel:<\/td>\n<td class=\"product--properties-value\">Natural Fit Nuance SLT Road Carbon<\/td>\n<\/tr>\n<tr class=\"product--properties-row row12\">\n<td class=\"product--properties-label is--bold\">Sattelst\u00fctze:<\/td>\n<td class=\"product--properties-value\">Litening C:68X\u00ae Aero, Comfort Flex<\/td>\n<\/tr>\n<tr class=\"product--properties-row row13\">\n<td class=\"product--properties-label is--bold\">Sattelklemme:<\/td>\n<td class=\"product--properties-value\">CUBE Full Integrated Aero Clamp<\/td>\n<\/tr>\n<tr class=\"product--properties-row row14\">\n<td class=\"product--properties-label is--bold\">Kurbel:<\/td>\n<td class=\"product--properties-value\">Sram Red Carbon, 48x35T<\/td>\n<\/tr>\n<tr class=\"product--properties-row row15\">\n<td class=\"product--properties-label is--bold\">Schaltwerk:<\/td>\n<td class=\"product--properties-value\">Sram Red eTap AXS\u2122, 12-Speed<\/td>\n<\/tr>\n<\/tbody>\n<\/table>\n<table class=\"product--properties-table\">\n<tbody>\n<tr class=\"product--properties-row row16\">\n<td class=\"product--properties-label is--bold\">Schalthebel:<\/td>\n<td class=\"product--properties-value\">Sram Red eTap AXS\u2122<\/td>\n<\/tr>\n<tr class=\"product--properties-row row17\">\n<td class=\"product--properties-label is--bold\">Umwerfer:<\/td>\n<td class=\"product--properties-value\">Sram Red eTap AXS\u2122<\/td>\n<\/tr>\n<tr class=\"product--properties-row row18\">\n<td class=\"product--properties-label is--bold\">Kassette:<\/td>\n<td class=\"product--properties-value\">Sram Red XG-1290, 10-33T<\/td>\n<\/tr>\n<tr class=\"product--properties-row row19\">\n<td class=\"product--properties-label is--bold\">Kette:<\/td>\n<td class=\"product--properties-value\">Sram Red D1<\/td>\n<\/tr>\n<tr class=\"product--properties-row row20\">\n<td class=\"product--properties-label is--bold\">Reifen:<\/td>\n<td class=\"product--properties-value\">Schwalbe Pro One, Tubeless Easy, 28-622<\/td>\n<\/tr>\n<tr class=\"product--properties-row row21\">\n<td class=\"product--properties-label is--bold\">Laufradsatz:<\/td>\n<td class=\"product--properties-value\">Mavic Cosmic SLR 45 Carbon<\/td>\n<\/tr>\n<tr class=\"product--properties-row row22\">\n<td class=\"product--properties-label is--bold\">Pedale:<\/td>\n<td class=\"product--properties-value\">nicht im Lieferumfang enthalten<\/td>\n<\/tr>\n<tr class=\"product--properties-row row23\">\n<td class=\"product--properties-label is--bold\">Zul\u00e4ssiges Gesamtgewicht:<\/td>\n<td class=\"product--properties-value\">115 kg (K\u00f6rpergewicht + Fahrrad + Ausr\u00fcstung)<\/td>\n<\/tr>\n<tr class=\"product--properties-row row24\">\n<td class=\"product--properties-label is--bold\">Gewicht Komplettrad:<\/td>\n<td class=\"product--properties-value\">ab 7,6 kg<\/td>\n<\/tr>\n<\/tbody>\n<\/table>\n<\/div>\n<\/div>","protected":false},"excerpt":{"rendered":"<div class=\"tab-menu--product js--tab-menu\">\n<div class=\"tab--container-list\">\n<div class=\"tab--container description has--content is--active\">\n<div class=\"tab--content box-description\">\n<div class=\"content--description\">\n<div class=\"ean-box\"><label>Modelljahr: <span style=\"font-size: 16px;\">2023<\/span><\/label><\/div>\n<\/div>\n<\/div>\n<\/div>\n<\/div>\n<\/div>\n<div id=\"detail--product-reviews\" class=\"content--product-reviews 123\"><\/div>","protected":false},"featured_media":62554,"comment_status":"open","ping_status":"closed","template":"","meta":[],"product_brand":[],"product_cat":[36,129],"product_tag":[],"class_list":{"0":"post-42388","1":"product","2":"type-product","3":"status-publish","4":"has-post-thumbnail","6":"product_cat-fahrrad","7":"product_cat-rennrad","8":"pa_marke-cube","10":"first","11":"instock","12":"sale","13":"taxable","14":"shipping-taxable","15":"purchasable","16":"product-type-variable"},"yoast_head":"<!-- This site is optimized with the Yoast SEO Premium plugin v20.12 (Yoast SEO v27.1.1) - https:\/\/yoast.com\/product\/yoast-seo-premium-wordpress\/ -->\n<title>Cube Litening AERO C:68X SLX goblin\u00b4n\u00b4yellow<\/title>\n<meta name=\"description\" content=\"Entdecken Sie unseren Online-Fahrradladen: Gro\u00dfe Auswahl an Modellen f\u00fcr alle Radsportbegeisterten. Von Rennr\u00e4dern bis zu Mountainbikes - finden Sie heute Ihren perfekten Wegbegleiter!\" \/>\n<meta name=\"robots\" content=\"index, follow, max-snippet:-1, max-image-preview:large, max-video-preview:-1\" \/>\n<link rel=\"canonical\" href=\"https:\/\/kgerad.de\/en\/product\/cube-litening-aero-c68x-slx-goblinnyellow\/\" \/>\n<meta property=\"og:locale\" content=\"en_US\" \/>\n<meta property=\"og:type\" content=\"article\" \/>\n<meta property=\"og:title\" content=\"Cube Litening AERO C:68X SLX goblin\u00b4n\u00b4yellow\" \/>\n<meta property=\"og:description\" content=\"Entdecken Sie unseren Online-Fahrradladen: Gro\u00dfe Auswahl an Modellen f\u00fcr alle Radsportbegeisterten. Von Rennr\u00e4dern bis zu Mountainbikes - finden Sie heute Ihren perfekten Wegbegleiter!\" \/>\n<meta property=\"og:url\" content=\"https:\/\/kgerad.de\/en\/product\/cube-litening-aero-c68x-slx-goblinnyellow\/\" \/>\n<meta property=\"og:site_name\" content=\"kgerad.de\" \/>\n<meta property=\"article:modified_time\" content=\"2023-08-11T07:55:39+00:00\" \/>\n<meta property=\"og:image\" content=\"https:\/\/kgerad.de\/wp-content\/uploads\/2023\/06\/Cube-Litening-AERO-C68X-SLX-goblin\u00b4n\u00b4yellow.jpg\" \/>\n\t<meta property=\"og:image:width\" content=\"800\" \/>\n\t<meta property=\"og:image:height\" content=\"486\" \/>\n\t<meta property=\"og:image:type\" content=\"image\/jpeg\" \/>\n<meta name=\"twitter:card\" content=\"summary_large_image\" \/>\n<meta name=\"twitter:label1\" content=\"Est. reading time\" \/>\n\t<meta name=\"twitter:data1\" content=\"3 minutes\" \/>\n<script type=\"application\/ld+json\" class=\"yoast-schema-graph\">{\"@context\":\"https:\/\/schema.org\",\"@graph\":[{\"@type\":\"WebPage\",\"@id\":\"https:\/\/kgerad.de\/produkt\/cube-litening-aero-c68x-slx-goblinnyellow\/\",\"url\":\"https:\/\/kgerad.de\/produkt\/cube-litening-aero-c68x-slx-goblinnyellow\/\",\"name\":\"Cube Litening AERO C:68X SLX goblin\u00b4n\u00b4yellow\",\"isPartOf\":{\"@id\":\"https:\/\/kgerad.de\/#website\"},\"primaryImageOfPage\":{\"@id\":\"https:\/\/kgerad.de\/produkt\/cube-litening-aero-c68x-slx-goblinnyellow\/#primaryimage\"},\"image\":{\"@id\":\"https:\/\/kgerad.de\/produkt\/cube-litening-aero-c68x-slx-goblinnyellow\/#primaryimage\"},\"thumbnailUrl\":\"https:\/\/kgerad.de\/wp-content\/uploads\/2023\/06\/Cube-Litening-AERO-C68X-SLX-goblin\u00b4n\u00b4yellow.jpg\",\"datePublished\":\"2022-11-18T21:14:16+00:00\",\"dateModified\":\"2023-08-11T07:55:39+00:00\",\"description\":\"Entdecken Sie unseren Online-Fahrradladen: Gro\u00dfe Auswahl an Modellen f\u00fcr alle Radsportbegeisterten. Von Rennr\u00e4dern bis zu Mountainbikes - finden Sie heute Ihren perfekten Wegbegleiter!\",\"breadcrumb\":{\"@id\":\"https:\/\/kgerad.de\/produkt\/cube-litening-aero-c68x-slx-goblinnyellow\/#breadcrumb\"},\"inLanguage\":\"en-US\",\"potentialAction\":[{\"@type\":\"ReadAction\",\"target\":[\"https:\/\/kgerad.de\/produkt\/cube-litening-aero-c68x-slx-goblinnyellow\/\"]}]},{\"@type\":\"ImageObject\",\"inLanguage\":\"en-US\",\"@id\":\"https:\/\/kgerad.de\/produkt\/cube-litening-aero-c68x-slx-goblinnyellow\/#primaryimage\",\"url\":\"https:\/\/kgerad.de\/wp-content\/uploads\/2023\/06\/Cube-Litening-AERO-C68X-SLX-goblin\u00b4n\u00b4yellow.jpg\",\"contentUrl\":\"https:\/\/kgerad.de\/wp-content\/uploads\/2023\/06\/Cube-Litening-AERO-C68X-SLX-goblin\u00b4n\u00b4yellow.jpg\",\"width\":800,\"height\":486,\"caption\":\"Cube Litening AERO C68X SLX goblin\u00b4n\u00b4yellow\"},{\"@type\":\"BreadcrumbList\",\"@id\":\"https:\/\/kgerad.de\/produkt\/cube-litening-aero-c68x-slx-goblinnyellow\/#breadcrumb\",\"itemListElement\":[{\"@type\":\"ListItem\",\"position\":1,\"name\":\"Startseite\",\"item\":\"https:\/\/kgerad.de\/\"},{\"@type\":\"ListItem\",\"position\":2,\"name\":\"LADEN\",\"item\":\"https:\/\/kgerad.de\/laden\/\"},{\"@type\":\"ListItem\",\"position\":3,\"name\":\"Cube Litening AERO C:68X SLX goblin\u00b4n\u00b4yellow\"}]},{\"@type\":\"WebSite\",\"@id\":\"https:\/\/kgerad.de\/#website\",\"url\":\"https:\/\/kgerad.de\/\",\"name\":\"kgerad.de\",\"description\":\"Treten Sie mit uns ins Abenteuer!\",\"publisher\":{\"@id\":\"https:\/\/kgerad.de\/#organization\"},\"alternateName\":\"MEIN RADLADEN\",\"potentialAction\":[{\"@type\":\"SearchAction\",\"target\":{\"@type\":\"EntryPoint\",\"urlTemplate\":\"https:\/\/kgerad.de\/?s={search_term_string}\"},\"query-input\":{\"@type\":\"PropertyValueSpecification\",\"valueRequired\":true,\"valueName\":\"search_term_string\"}}],\"inLanguage\":\"en-US\"},{\"@type\":\"Organization\",\"@id\":\"https:\/\/kgerad.de\/#organization\",\"name\":\"MEINRADLADEN\",\"alternateName\":\"MEIN RADLADEN\",\"url\":\"https:\/\/kgerad.de\/\",\"logo\":{\"@type\":\"ImageObject\",\"inLanguage\":\"en-US\",\"@id\":\"https:\/\/kgerad.de\/#\/schema\/logo\/image\/\",\"url\":\"https:\/\/kgerad.de\/wp-content\/uploads\/2025\/07\/logo-Whit.svg\",\"contentUrl\":\"https:\/\/kgerad.de\/wp-content\/uploads\/2025\/07\/logo-Whit.svg\",\"width\":1640,\"height\":371,\"caption\":\"MEINRADLADEN\"},\"image\":{\"@id\":\"https:\/\/kgerad.de\/#\/schema\/logo\/image\/\"}}]}<\/script>\n<!-- \/ Yoast SEO Premium plugin. -->","yoast_head_json":{"title":"Cube Litening AERO C:68X SLX goblin\u00b4n\u00b4yellow","description":"Entdecken Sie unseren Online-Fahrradladen: Gro\u00dfe Auswahl an Modellen f\u00fcr alle Radsportbegeisterten. Von Rennr\u00e4dern bis zu Mountainbikes - finden Sie heute Ihren perfekten Wegbegleiter!","robots":{"index":"index","follow":"follow","max-snippet":"max-snippet:-1","max-image-preview":"max-image-preview:large","max-video-preview":"max-video-preview:-1"},"canonical":"https:\/\/kgerad.de\/en\/product\/cube-litening-aero-c68x-slx-goblinnyellow\/","og_locale":"en_US","og_type":"article","og_title":"Cube Litening AERO C:68X SLX goblin\u00b4n\u00b4yellow","og_description":"Entdecken Sie unseren Online-Fahrradladen: Gro\u00dfe Auswahl an Modellen f\u00fcr alle Radsportbegeisterten. Von Rennr\u00e4dern bis zu Mountainbikes - finden Sie heute Ihren perfekten Wegbegleiter!","og_url":"https:\/\/kgerad.de\/en\/product\/cube-litening-aero-c68x-slx-goblinnyellow\/","og_site_name":"kgerad.de","article_modified_time":"2023-08-11T07:55:39+00:00","og_image":[{"width":800,"height":486,"url":"https:\/\/kgerad.de\/wp-content\/uploads\/2023\/06\/Cube-Litening-AERO-C68X-SLX-goblin\u00b4n\u00b4yellow.jpg","type":"image\/jpeg"}],"twitter_card":"summary_large_image","twitter_misc":{"Est. reading time":"3 minutes"},"schema":{"@context":"https:\/\/schema.org","@graph":[{"@type":"WebPage","@id":"https:\/\/kgerad.de\/produkt\/cube-litening-aero-c68x-slx-goblinnyellow\/","url":"https:\/\/kgerad.de\/produkt\/cube-litening-aero-c68x-slx-goblinnyellow\/","name":"Cube Litening AERO C:68X SLX goblin\u00b4n\u00b4yellow","isPartOf":{"@id":"https:\/\/kgerad.de\/#website"},"primaryImageOfPage":{"@id":"https:\/\/kgerad.de\/produkt\/cube-litening-aero-c68x-slx-goblinnyellow\/#primaryimage"},"image":{"@id":"https:\/\/kgerad.de\/produkt\/cube-litening-aero-c68x-slx-goblinnyellow\/#primaryimage"},"thumbnailUrl":"https:\/\/kgerad.de\/wp-content\/uploads\/2023\/06\/Cube-Litening-AERO-C68X-SLX-goblin\u00b4n\u00b4yellow.jpg","datePublished":"2022-11-18T21:14:16+00:00","dateModified":"2023-08-11T07:55:39+00:00","description":"Entdecken Sie unseren Online-Fahrradladen: Gro\u00dfe Auswahl an Modellen f\u00fcr alle Radsportbegeisterten. Von Rennr\u00e4dern bis zu Mountainbikes - finden Sie heute Ihren perfekten Wegbegleiter!","breadcrumb":{"@id":"https:\/\/kgerad.de\/produkt\/cube-litening-aero-c68x-slx-goblinnyellow\/#breadcrumb"},"inLanguage":"en-US","potentialAction":[{"@type":"ReadAction","target":["https:\/\/kgerad.de\/produkt\/cube-litening-aero-c68x-slx-goblinnyellow\/"]}]},{"@type":"ImageObject","inLanguage":"en-US","@id":"https:\/\/kgerad.de\/produkt\/cube-litening-aero-c68x-slx-goblinnyellow\/#primaryimage","url":"https:\/\/kgerad.de\/wp-content\/uploads\/2023\/06\/Cube-Litening-AERO-C68X-SLX-goblin\u00b4n\u00b4yellow.jpg","contentUrl":"https:\/\/kgerad.de\/wp-content\/uploads\/2023\/06\/Cube-Litening-AERO-C68X-SLX-goblin\u00b4n\u00b4yellow.jpg","width":800,"height":486,"caption":"Cube Litening AERO C68X SLX goblin\u00b4n\u00b4yellow"},{"@type":"BreadcrumbList","@id":"https:\/\/kgerad.de\/produkt\/cube-litening-aero-c68x-slx-goblinnyellow\/#breadcrumb","itemListElement":[{"@type":"ListItem","position":1,"name":"Startseite","item":"https:\/\/kgerad.de\/"},{"@type":"ListItem","position":2,"name":"LADEN","item":"https:\/\/kgerad.de\/laden\/"},{"@type":"ListItem","position":3,"name":"Cube Litening AERO C:68X SLX goblin\u00b4n\u00b4yellow"}]},{"@type":"WebSite","@id":"https:\/\/kgerad.de\/#website","url":"https:\/\/kgerad.de\/","name":"kgerad.de","description":"Treten Sie mit uns ins Abenteuer!","publisher":{"@id":"https:\/\/kgerad.de\/#organization"},"alternateName":"MEIN RADLADEN","potentialAction":[{"@type":"SearchAction","target":{"@type":"EntryPoint","urlTemplate":"https:\/\/kgerad.de\/?s={search_term_string}"},"query-input":{"@type":"PropertyValueSpecification","valueRequired":true,"valueName":"search_term_string"}}],"inLanguage":"en-US"},{"@type":"Organization","@id":"https:\/\/kgerad.de\/#organization","name":"MEINRADLADEN","alternateName":"MEIN RADLADEN","url":"https:\/\/kgerad.de\/","logo":{"@type":"ImageObject","inLanguage":"en-US","@id":"https:\/\/kgerad.de\/#\/schema\/logo\/image\/","url":"https:\/\/kgerad.de\/wp-content\/uploads\/2025\/07\/logo-Whit.svg","contentUrl":"https:\/\/kgerad.de\/wp-content\/uploads\/2025\/07\/logo-Whit.svg","width":1640,"height":371,"caption":"MEINRADLADEN"},"image":{"@id":"https:\/\/kgerad.de\/#\/schema\/logo\/image\/"}}]}},"_links":{"self":[{"href":"https:\/\/kgerad.de\/en\/wp-json\/wp\/v2\/product\/42388","targetHints":{"allow":["GET"]}}],"collection":[{"href":"https:\/\/kgerad.de\/en\/wp-json\/wp\/v2\/product"}],"about":[{"href":"https:\/\/kgerad.de\/en\/wp-json\/wp\/v2\/types\/product"}],"replies":[{"embeddable":true,"href":"https:\/\/kgerad.de\/en\/wp-json\/wp\/v2\/comments?post=42388"}],"version-history":[{"count":1,"href":"https:\/\/kgerad.de\/en\/wp-json\/wp\/v2\/product\/42388\/revisions"}],"predecessor-version":[{"id":79346,"href":"https:\/\/kgerad.de\/en\/wp-json\/wp\/v2\/product\/42388\/revisions\/79346"}],"wp:featuredmedia":[{"embeddable":true,"href":"https:\/\/kgerad.de\/en\/wp-json\/wp\/v2\/media\/62554"}],"wp:attachment":[{"href":"https:\/\/kgerad.de\/en\/wp-json\/wp\/v2\/media?parent=42388"}],"wp:term":[{"taxonomy":"product_brand","embeddable":true,"href":"https:\/\/kgerad.de\/en\/wp-json\/wp\/v2\/product_brand?post=42388"},{"taxonomy":"product_cat","embeddable":true,"href":"https:\/\/kgerad.de\/en\/wp-json\/wp\/v2\/product_cat?post=42388"},{"taxonomy":"product_tag","embeddable":true,"href":"https:\/\/kgerad.de\/en\/wp-json\/wp\/v2\/product_tag?post=42388"}],"curies":[{"name":"wp","href":"https:\/\/api.w.org\/{rel}","templated":true}]}}