{"id":42370,"date":"2022-11-18T21:54:52","date_gmt":"2022-11-18T20:54:52","guid":{"rendered":"https:\/\/kgerad.de\/?post_type=product&#038;p=42370"},"modified":"2023-08-11T09:55:54","modified_gmt":"2023-08-11T07:55:54","slug":"cube-cross-race-c68x-te-liquidbluenflashyellow","status":"publish","type":"product","link":"https:\/\/kgerad.de\/en\/product\/cube-cross-race-c68x-te-liquidbluenflashyellow\/","title":{"rendered":"Cube Cross Race C:68X TE liquidblue\u00b4n\u00b4flashyellow"},"content":{"rendered":"<h2 class=\"content--title\"><strong>Cube<\/strong>\u00a0Cross Race C:68X TE liquidblue\u00b4n\u00b4flashyellow<\/h2>\n<p>Keine Ablenkung, h\u00f6chste Konzentration \u2013 so lautet die Devise f\u00fcr Racer, die hart trainiert und am Tag X nur eins im Sinn haben: den Sieg! F\u00fcr dich hat CUBE\u00a0 Cross Race C:68X TE entwickelt. Dank C:68X\u00ae Carbonkonstruktion und hochwertigen Komponenten ist es unfassbar leicht. Und auch sonst hat dieses Bike nur ein Ziel: Triumphieren, wenn du damit als Erstes \u00fcber die Ziellinie bretterst!<\/p>\n<hr \/>\n<p><a href=\"https:\/\/www.cube.eu\/360\/688700\" target=\"_blank\" rel=\"noopener\"><img decoding=\"async\" title=\"360\u00b0\" src=\"https:\/\/cd.bike-discount.de\/media\/image\/3a\/ee\/83\/360.png\" alt=\"\" width=\"40\" height=\"39\" data-mid=\"729769\" data-src=\"media\/image\/360.png\" \/>360\u00b0-Ansicht \u00f6ffnen<\/a><\/p>\n<hr \/>\n<p>Was Profirennfahrer brauchen, ist ein Bike mit absolutem Siegeswillen \u2013 das perfekte Race-Bike sozusagen. Genau hier kommt das Cross Race C:68X TE ins Spiel. Sein Chassis aus hochwertigem C:68X\u00ae Carbon, Newmen Advanced SL X.R.36 Carbonlaufr\u00e4der, der integrierte Wing Bar Carbonlenker und die Vollcarbongabel sind f\u00fcr sein enorm geringes Gewicht und die effiziente Kraft\u00fcbertragung verantwortlich, ohne die f\u00fcr anspruchsvolle Cyclocrosser gar nichts geht. Ebenso essenziell ist eine erstklassige \u00dcbersetzung und volle Kontrolle auf dem Rennkurs, also hat CUBE dem Bike die legend\u00e4re Ultegra Di2 2&#215;12-Gang Schaltung and hydraulische Scheibenbremsen von Shimano spendiert. Antreten, Vollgas geben, gewinnen!<\/p>\n<hr \/>\n<h3>RAHMEN Cube Cross Race C:68X TE<\/h3>\n<p>Innovation und Fortschritt kennen bei CUBE keine Grenzen \u2013 und der Cross Race C:68X Rahmen ist daf\u00fcr der beste Beweis. Er wurde in Zusammenarbeit mit dem Wanty Cyclocross-Team entwickelt und orientiert sich an CUBE&#8217;s High-End-Carbon-Rennr\u00e4dern. Das Ergebnis ist eine pr\u00e4zise abgestimmte Konstruktion aus dem hochwertigen C:68X\u00ae Carbonmaterial, wodurch das Chassis unter 900 g auf die Waage bringt \u2013 200 g weniger als zuvor. Zugleich ist dieses Fliegengewicht extrem robust und steif und l\u00e4sst sich ganz einfach packen und schultern. Die integrierte Sattelklemmung, die optionale Di2 Kabelf\u00fchrung und der integrierte Vorbau, bei dem die Z\u00fcge sauber durch den Steuersatz verlaufen, geben diesem Cyclocross-Kraftpaket den letzten Schliff. Damit ist dir der oberste Platz auf dem Podium so gut wie sicher!<\/p>\n<h2>Ausstattung<\/h2>\n<div class=\"product--properties panel has--border\">\n<table class=\"product--properties-table\">\n<tbody>\n<tr class=\"product--properties-row row1\">\n<td class=\"product--properties-label is--bold\">Rahmen:<\/td>\n<td class=\"product--properties-value\">C:68X\u00ae Monocoque Advanced Twin Mold Technology, Full Internal Cable Routing, Flat Mount Disc, 12x142mm, AXH<\/td>\n<\/tr>\n<tr class=\"product--properties-row row2\">\n<td class=\"product--properties-label is--bold\">Rahmenmaterial:<\/td>\n<td class=\"product--properties-value\">Carbon<\/td>\n<\/tr>\n<tr class=\"product--properties-row row3\">\n<td class=\"product--properties-label is--bold\">Laufradgr\u00f6\u00dfe:<\/td>\n<td class=\"product--properties-value\">28&#8243;<\/td>\n<\/tr>\n<tr class=\"product--properties-row row4\">\n<td class=\"product--properties-label is--bold\">Farbe:<\/td>\n<td class=\"product--properties-value\">liquidblue\u00b4n\u00b4flashyellow<\/td>\n<\/tr>\n<tr class=\"product--properties-row row5\">\n<td class=\"product--properties-label is--bold\">Gabel:<\/td>\n<td class=\"product--properties-value\">CUBE Cross Race Disc C:68X\u00ae Technology, Integrated Cable Touring, Flat Mount Disc<\/td>\n<\/tr>\n<tr class=\"product--properties-row row6\">\n<td class=\"product--properties-label is--bold\">Bremsen:<\/td>\n<td class=\"product--properties-value\">Shimano Ultegra BR-R8170, Hydr. Disc Brake, Flat Mount<\/td>\n<\/tr>\n<tr class=\"product--properties-row row7\">\n<td class=\"product--properties-label is--bold\">Bremsscheiben:<\/td>\n<td class=\"product--properties-value\">160\/160 mm<\/td>\n<\/tr>\n<tr class=\"product--properties-row row8\">\n<td class=\"product--properties-label is--bold\">Bremshebel:<\/td>\n<td class=\"product--properties-value\">Shimano Ultegra Di2 ST-R8170<\/td>\n<\/tr>\n<tr class=\"product--properties-row row9\">\n<td class=\"product--properties-label is--bold\">Steuersatz:<\/td>\n<td class=\"product--properties-value\">ACROS, Top Integrated 1 1\/2&#8243; w\/ Integrated Cable Routing, Bottom Integrated 1 1\/4&#8243;<\/td>\n<\/tr>\n<tr class=\"product--properties-row row10\">\n<td class=\"product--properties-label is--bold\">Vorbau:<\/td>\n<td class=\"product--properties-value\">ICR Cockpit System, Integrated Cable Routing, Aero Spacer System, Garmin Mount Interface (50cm: 400mm\/90mm; 53cm: 420\/90mm; 56cm: 420mm\/100mm; 58cm: 440mm\/100mm; 60cm: 440mm\/110mm; 62cm: 440mm\/120mm)<\/td>\n<\/tr>\n<tr class=\"product--properties-row row11\">\n<td class=\"product--properties-label is--bold\">Lenker:<\/td>\n<td class=\"product--properties-value\">ICR Cockpit System, Integrated Cable Routing, Aero Spacer System, Garmin Mount Interface (50cm: 400mm\/90mm; 53cm: 420\/90mm; 56cm: 420mm\/100mm; 58cm: 440mm\/100mm; 60cm: 440mm\/110mm; 62cm: 440mm\/120mm)<\/td>\n<\/tr>\n<tr class=\"product--properties-row row12\">\n<td class=\"product--properties-label is--bold\">Griffe:<\/td>\n<td class=\"product--properties-value\">ACID Bartape CX<\/td>\n<\/tr>\n<tr class=\"product--properties-row row13\">\n<td class=\"product--properties-label is--bold\">Sattel:<\/td>\n<td class=\"product--properties-value\">Natural Fit Nuance SLT Road Carbon<\/td>\n<\/tr>\n<tr class=\"product--properties-row row14\">\n<td class=\"product--properties-label is--bold\">Sattelst\u00fctze:<\/td>\n<td class=\"product--properties-value\">Newmen Advanced, Carbon, 27.2mm<\/td>\n<\/tr>\n<tr class=\"product--properties-row row15\">\n<td class=\"product--properties-label is--bold\">Sattelklemme:<\/td>\n<td class=\"product--properties-value\">CUBE Full Integrated Aero Clamp<\/td>\n<\/tr>\n<\/tbody>\n<\/table>\n<table class=\"product--properties-table\">\n<tbody>\n<tr class=\"product--properties-row row16\">\n<td class=\"product--properties-label is--bold\">Kurbel:<\/td>\n<td class=\"product--properties-value\">Shimano Ultegra FC-R8100, Hollowtech II, 50x34T<\/td>\n<\/tr>\n<tr class=\"product--properties-row row17\">\n<td class=\"product--properties-label is--bold\">Tretlager\/Innenlager:<\/td>\n<td class=\"product--properties-value\">Shimano SM-BB71-41B, 86mm Pressfit<\/td>\n<\/tr>\n<tr class=\"product--properties-row row18\">\n<td class=\"product--properties-label is--bold\">Schaltwerk:<\/td>\n<td class=\"product--properties-value\">Shimano Ultegra Di2 RD-R8150-DGS. 12-Speed<\/td>\n<\/tr>\n<tr class=\"product--properties-row row19\">\n<td class=\"product--properties-label is--bold\">Schalthebel:<\/td>\n<td class=\"product--properties-value\">Shimano Ultegra Di2 ST-R8170<\/td>\n<\/tr>\n<tr class=\"product--properties-row row20\">\n<td class=\"product--properties-label is--bold\">Kassette:<\/td>\n<td class=\"product--properties-value\">Shimano Ultegra CS-R8100-12, 11-30T<\/td>\n<\/tr>\n<tr class=\"product--properties-row row21\">\n<td class=\"product--properties-label is--bold\">Kette:<\/td>\n<td class=\"product--properties-value\">Shimano CN-M8100<\/td>\n<\/tr>\n<tr class=\"product--properties-row row22\">\n<td class=\"product--properties-label is--bold\">Reifen:<\/td>\n<td class=\"product--properties-value\">Challenge Grifo Pro, Kevlar, 33-622<\/td>\n<\/tr>\n<tr class=\"product--properties-row row23\">\n<td class=\"product--properties-label is--bold\">Laufradsatz:<\/td>\n<td class=\"product--properties-value\">Newmen Advanced SL X.R. 36, Carbon<\/td>\n<\/tr>\n<tr class=\"product--properties-row row24\">\n<td class=\"product--properties-label is--bold\">Pedale:<\/td>\n<td class=\"product--properties-value\">nicht im Lieferumfang enthalten<\/td>\n<\/tr>\n<tr class=\"product--properties-row row25\">\n<td class=\"product--properties-label is--bold\">Zul\u00e4ssiges Gesamtgewicht:<\/td>\n<td class=\"product--properties-value\">115 kg (K\u00f6rpergewicht + Fahrrad + Ausr\u00fcstung)<\/td>\n<\/tr>\n<tr class=\"product--properties-row row26\">\n<td class=\"product--properties-label is--bold\">Gewicht Komplettrad:<\/td>\n<td class=\"product--properties-value\">ab 7,4 kg<\/td>\n<\/tr>\n<\/tbody>\n<\/table>\n<\/div>","protected":false},"excerpt":{"rendered":"<div class=\"tab-menu--product js--tab-menu\">\n<div class=\"tab--container-list\">\n<div class=\"tab--container description has--content is--active\">\n<div class=\"tab--content box-description\">\n<div class=\"content--description\">\n<div class=\"ean-box\"><label>Modelljahr: <span style=\"font-size: 16px;\">2023<\/span><\/label><\/div>\n<\/div>\n<\/div>\n<\/div>\n<\/div>\n<\/div>\n<div id=\"detail--product-reviews\" class=\"content--product-reviews 123\"><\/div>","protected":false},"featured_media":62544,"comment_status":"open","ping_status":"closed","template":"","meta":[],"product_brand":[],"product_cat":[36,129],"product_tag":[],"class_list":{"0":"post-42370","1":"product","2":"type-product","3":"status-publish","4":"has-post-thumbnail","6":"product_cat-fahrrad","7":"product_cat-rennrad","8":"pa_marke-cube","10":"first","11":"instock","12":"sale","13":"taxable","14":"shipping-taxable","15":"purchasable","16":"product-type-variable"},"yoast_head":"<!-- This site is optimized with the Yoast SEO Premium plugin v20.12 (Yoast SEO v27.1.1) - https:\/\/yoast.com\/product\/yoast-seo-premium-wordpress\/ -->\n<title>Cube Cross Race C:68X TE liquidblue\u00b4n\u00b4flashyellow<\/title>\n<meta name=\"description\" content=\"Entdecken Sie unseren Online-Fahrradladen: Gro\u00dfe Auswahl an Modellen f\u00fcr alle Radsportbegeisterten. Von Rennr\u00e4dern bis zu Mountainbikes - finden Sie heute Ihren perfekten Wegbegleiter!\" \/>\n<meta name=\"robots\" content=\"index, follow, max-snippet:-1, max-image-preview:large, max-video-preview:-1\" \/>\n<link rel=\"canonical\" href=\"https:\/\/kgerad.de\/en\/product\/cube-cross-race-c68x-te-liquidbluenflashyellow\/\" \/>\n<meta property=\"og:locale\" content=\"en_US\" \/>\n<meta property=\"og:type\" content=\"article\" \/>\n<meta property=\"og:title\" content=\"Cube Cross Race C:68X TE liquidblue\u00b4n\u00b4flashyellow\" \/>\n<meta property=\"og:description\" content=\"Entdecken Sie unseren Online-Fahrradladen: Gro\u00dfe Auswahl an Modellen f\u00fcr alle Radsportbegeisterten. Von Rennr\u00e4dern bis zu Mountainbikes - finden Sie heute Ihren perfekten Wegbegleiter!\" \/>\n<meta property=\"og:url\" content=\"https:\/\/kgerad.de\/en\/product\/cube-cross-race-c68x-te-liquidbluenflashyellow\/\" \/>\n<meta property=\"og:site_name\" content=\"kgerad.de\" \/>\n<meta property=\"article:modified_time\" content=\"2023-08-11T07:55:54+00:00\" \/>\n<meta property=\"og:image\" content=\"https:\/\/kgerad.de\/wp-content\/uploads\/2023\/06\/Cube-Cross-Race-C68X-TE-liquidblue\u00b4n\u00b4flashyellow.jpg\" \/>\n\t<meta property=\"og:image:width\" content=\"800\" \/>\n\t<meta property=\"og:image:height\" content=\"478\" \/>\n\t<meta property=\"og:image:type\" content=\"image\/jpeg\" \/>\n<meta name=\"twitter:card\" content=\"summary_large_image\" \/>\n<meta name=\"twitter:label1\" content=\"Est. reading time\" \/>\n\t<meta name=\"twitter:data1\" content=\"3 minutes\" \/>\n<script type=\"application\/ld+json\" class=\"yoast-schema-graph\">{\"@context\":\"https:\/\/schema.org\",\"@graph\":[{\"@type\":\"WebPage\",\"@id\":\"https:\/\/kgerad.de\/produkt\/cube-cross-race-c68x-te-liquidbluenflashyellow\/\",\"url\":\"https:\/\/kgerad.de\/produkt\/cube-cross-race-c68x-te-liquidbluenflashyellow\/\",\"name\":\"Cube Cross Race C:68X TE liquidblue\u00b4n\u00b4flashyellow\",\"isPartOf\":{\"@id\":\"https:\/\/kgerad.de\/#website\"},\"primaryImageOfPage\":{\"@id\":\"https:\/\/kgerad.de\/produkt\/cube-cross-race-c68x-te-liquidbluenflashyellow\/#primaryimage\"},\"image\":{\"@id\":\"https:\/\/kgerad.de\/produkt\/cube-cross-race-c68x-te-liquidbluenflashyellow\/#primaryimage\"},\"thumbnailUrl\":\"https:\/\/kgerad.de\/wp-content\/uploads\/2023\/06\/Cube-Cross-Race-C68X-TE-liquidblue\u00b4n\u00b4flashyellow.jpg\",\"datePublished\":\"2022-11-18T20:54:52+00:00\",\"dateModified\":\"2023-08-11T07:55:54+00:00\",\"description\":\"Entdecken Sie unseren Online-Fahrradladen: Gro\u00dfe Auswahl an Modellen f\u00fcr alle Radsportbegeisterten. Von Rennr\u00e4dern bis zu Mountainbikes - finden Sie heute Ihren perfekten Wegbegleiter!\",\"breadcrumb\":{\"@id\":\"https:\/\/kgerad.de\/produkt\/cube-cross-race-c68x-te-liquidbluenflashyellow\/#breadcrumb\"},\"inLanguage\":\"en-US\",\"potentialAction\":[{\"@type\":\"ReadAction\",\"target\":[\"https:\/\/kgerad.de\/produkt\/cube-cross-race-c68x-te-liquidbluenflashyellow\/\"]}]},{\"@type\":\"ImageObject\",\"inLanguage\":\"en-US\",\"@id\":\"https:\/\/kgerad.de\/produkt\/cube-cross-race-c68x-te-liquidbluenflashyellow\/#primaryimage\",\"url\":\"https:\/\/kgerad.de\/wp-content\/uploads\/2023\/06\/Cube-Cross-Race-C68X-TE-liquidblue\u00b4n\u00b4flashyellow.jpg\",\"contentUrl\":\"https:\/\/kgerad.de\/wp-content\/uploads\/2023\/06\/Cube-Cross-Race-C68X-TE-liquidblue\u00b4n\u00b4flashyellow.jpg\",\"width\":800,\"height\":478,\"caption\":\"Cube Cross Race C68X TE liquidblue\u00b4n\u00b4flashyellow\"},{\"@type\":\"BreadcrumbList\",\"@id\":\"https:\/\/kgerad.de\/produkt\/cube-cross-race-c68x-te-liquidbluenflashyellow\/#breadcrumb\",\"itemListElement\":[{\"@type\":\"ListItem\",\"position\":1,\"name\":\"Startseite\",\"item\":\"https:\/\/kgerad.de\/\"},{\"@type\":\"ListItem\",\"position\":2,\"name\":\"LADEN\",\"item\":\"https:\/\/kgerad.de\/laden\/\"},{\"@type\":\"ListItem\",\"position\":3,\"name\":\"Cube Cross Race C:68X TE liquidblue\u00b4n\u00b4flashyellow\"}]},{\"@type\":\"WebSite\",\"@id\":\"https:\/\/kgerad.de\/#website\",\"url\":\"https:\/\/kgerad.de\/\",\"name\":\"kgerad.de\",\"description\":\"Treten Sie mit uns ins Abenteuer!\",\"publisher\":{\"@id\":\"https:\/\/kgerad.de\/#organization\"},\"alternateName\":\"MEIN RADLADEN\",\"potentialAction\":[{\"@type\":\"SearchAction\",\"target\":{\"@type\":\"EntryPoint\",\"urlTemplate\":\"https:\/\/kgerad.de\/?s={search_term_string}\"},\"query-input\":{\"@type\":\"PropertyValueSpecification\",\"valueRequired\":true,\"valueName\":\"search_term_string\"}}],\"inLanguage\":\"en-US\"},{\"@type\":\"Organization\",\"@id\":\"https:\/\/kgerad.de\/#organization\",\"name\":\"MEINRADLADEN\",\"alternateName\":\"MEIN RADLADEN\",\"url\":\"https:\/\/kgerad.de\/\",\"logo\":{\"@type\":\"ImageObject\",\"inLanguage\":\"en-US\",\"@id\":\"https:\/\/kgerad.de\/#\/schema\/logo\/image\/\",\"url\":\"https:\/\/kgerad.de\/wp-content\/uploads\/2025\/07\/logo-Whit.svg\",\"contentUrl\":\"https:\/\/kgerad.de\/wp-content\/uploads\/2025\/07\/logo-Whit.svg\",\"width\":1640,\"height\":371,\"caption\":\"MEINRADLADEN\"},\"image\":{\"@id\":\"https:\/\/kgerad.de\/#\/schema\/logo\/image\/\"}}]}<\/script>\n<!-- \/ Yoast SEO Premium plugin. -->","yoast_head_json":{"title":"Cube Cross Race C:68X TE liquidblue\u00b4n\u00b4flashyellow","description":"Entdecken Sie unseren Online-Fahrradladen: Gro\u00dfe Auswahl an Modellen f\u00fcr alle Radsportbegeisterten. Von Rennr\u00e4dern bis zu Mountainbikes - finden Sie heute Ihren perfekten Wegbegleiter!","robots":{"index":"index","follow":"follow","max-snippet":"max-snippet:-1","max-image-preview":"max-image-preview:large","max-video-preview":"max-video-preview:-1"},"canonical":"https:\/\/kgerad.de\/en\/product\/cube-cross-race-c68x-te-liquidbluenflashyellow\/","og_locale":"en_US","og_type":"article","og_title":"Cube Cross Race C:68X TE liquidblue\u00b4n\u00b4flashyellow","og_description":"Entdecken Sie unseren Online-Fahrradladen: Gro\u00dfe Auswahl an Modellen f\u00fcr alle Radsportbegeisterten. Von Rennr\u00e4dern bis zu Mountainbikes - finden Sie heute Ihren perfekten Wegbegleiter!","og_url":"https:\/\/kgerad.de\/en\/product\/cube-cross-race-c68x-te-liquidbluenflashyellow\/","og_site_name":"kgerad.de","article_modified_time":"2023-08-11T07:55:54+00:00","og_image":[{"width":800,"height":478,"url":"https:\/\/kgerad.de\/wp-content\/uploads\/2023\/06\/Cube-Cross-Race-C68X-TE-liquidblue\u00b4n\u00b4flashyellow.jpg","type":"image\/jpeg"}],"twitter_card":"summary_large_image","twitter_misc":{"Est. reading time":"3 minutes"},"schema":{"@context":"https:\/\/schema.org","@graph":[{"@type":"WebPage","@id":"https:\/\/kgerad.de\/produkt\/cube-cross-race-c68x-te-liquidbluenflashyellow\/","url":"https:\/\/kgerad.de\/produkt\/cube-cross-race-c68x-te-liquidbluenflashyellow\/","name":"Cube Cross Race C:68X TE liquidblue\u00b4n\u00b4flashyellow","isPartOf":{"@id":"https:\/\/kgerad.de\/#website"},"primaryImageOfPage":{"@id":"https:\/\/kgerad.de\/produkt\/cube-cross-race-c68x-te-liquidbluenflashyellow\/#primaryimage"},"image":{"@id":"https:\/\/kgerad.de\/produkt\/cube-cross-race-c68x-te-liquidbluenflashyellow\/#primaryimage"},"thumbnailUrl":"https:\/\/kgerad.de\/wp-content\/uploads\/2023\/06\/Cube-Cross-Race-C68X-TE-liquidblue\u00b4n\u00b4flashyellow.jpg","datePublished":"2022-11-18T20:54:52+00:00","dateModified":"2023-08-11T07:55:54+00:00","description":"Entdecken Sie unseren Online-Fahrradladen: Gro\u00dfe Auswahl an Modellen f\u00fcr alle Radsportbegeisterten. Von Rennr\u00e4dern bis zu Mountainbikes - finden Sie heute Ihren perfekten Wegbegleiter!","breadcrumb":{"@id":"https:\/\/kgerad.de\/produkt\/cube-cross-race-c68x-te-liquidbluenflashyellow\/#breadcrumb"},"inLanguage":"en-US","potentialAction":[{"@type":"ReadAction","target":["https:\/\/kgerad.de\/produkt\/cube-cross-race-c68x-te-liquidbluenflashyellow\/"]}]},{"@type":"ImageObject","inLanguage":"en-US","@id":"https:\/\/kgerad.de\/produkt\/cube-cross-race-c68x-te-liquidbluenflashyellow\/#primaryimage","url":"https:\/\/kgerad.de\/wp-content\/uploads\/2023\/06\/Cube-Cross-Race-C68X-TE-liquidblue\u00b4n\u00b4flashyellow.jpg","contentUrl":"https:\/\/kgerad.de\/wp-content\/uploads\/2023\/06\/Cube-Cross-Race-C68X-TE-liquidblue\u00b4n\u00b4flashyellow.jpg","width":800,"height":478,"caption":"Cube Cross Race C68X TE liquidblue\u00b4n\u00b4flashyellow"},{"@type":"BreadcrumbList","@id":"https:\/\/kgerad.de\/produkt\/cube-cross-race-c68x-te-liquidbluenflashyellow\/#breadcrumb","itemListElement":[{"@type":"ListItem","position":1,"name":"Startseite","item":"https:\/\/kgerad.de\/"},{"@type":"ListItem","position":2,"name":"LADEN","item":"https:\/\/kgerad.de\/laden\/"},{"@type":"ListItem","position":3,"name":"Cube Cross Race C:68X TE liquidblue\u00b4n\u00b4flashyellow"}]},{"@type":"WebSite","@id":"https:\/\/kgerad.de\/#website","url":"https:\/\/kgerad.de\/","name":"kgerad.de","description":"Treten Sie mit uns ins Abenteuer!","publisher":{"@id":"https:\/\/kgerad.de\/#organization"},"alternateName":"MEIN RADLADEN","potentialAction":[{"@type":"SearchAction","target":{"@type":"EntryPoint","urlTemplate":"https:\/\/kgerad.de\/?s={search_term_string}"},"query-input":{"@type":"PropertyValueSpecification","valueRequired":true,"valueName":"search_term_string"}}],"inLanguage":"en-US"},{"@type":"Organization","@id":"https:\/\/kgerad.de\/#organization","name":"MEINRADLADEN","alternateName":"MEIN RADLADEN","url":"https:\/\/kgerad.de\/","logo":{"@type":"ImageObject","inLanguage":"en-US","@id":"https:\/\/kgerad.de\/#\/schema\/logo\/image\/","url":"https:\/\/kgerad.de\/wp-content\/uploads\/2025\/07\/logo-Whit.svg","contentUrl":"https:\/\/kgerad.de\/wp-content\/uploads\/2025\/07\/logo-Whit.svg","width":1640,"height":371,"caption":"MEINRADLADEN"},"image":{"@id":"https:\/\/kgerad.de\/#\/schema\/logo\/image\/"}}]}},"_links":{"self":[{"href":"https:\/\/kgerad.de\/en\/wp-json\/wp\/v2\/product\/42370","targetHints":{"allow":["GET"]}}],"collection":[{"href":"https:\/\/kgerad.de\/en\/wp-json\/wp\/v2\/product"}],"about":[{"href":"https:\/\/kgerad.de\/en\/wp-json\/wp\/v2\/types\/product"}],"replies":[{"embeddable":true,"href":"https:\/\/kgerad.de\/en\/wp-json\/wp\/v2\/comments?post=42370"}],"version-history":[{"count":1,"href":"https:\/\/kgerad.de\/en\/wp-json\/wp\/v2\/product\/42370\/revisions"}],"predecessor-version":[{"id":79347,"href":"https:\/\/kgerad.de\/en\/wp-json\/wp\/v2\/product\/42370\/revisions\/79347"}],"wp:featuredmedia":[{"embeddable":true,"href":"https:\/\/kgerad.de\/en\/wp-json\/wp\/v2\/media\/62544"}],"wp:attachment":[{"href":"https:\/\/kgerad.de\/en\/wp-json\/wp\/v2\/media?parent=42370"}],"wp:term":[{"taxonomy":"product_brand","embeddable":true,"href":"https:\/\/kgerad.de\/en\/wp-json\/wp\/v2\/product_brand?post=42370"},{"taxonomy":"product_cat","embeddable":true,"href":"https:\/\/kgerad.de\/en\/wp-json\/wp\/v2\/product_cat?post=42370"},{"taxonomy":"product_tag","embeddable":true,"href":"https:\/\/kgerad.de\/en\/wp-json\/wp\/v2\/product_tag?post=42370"}],"curies":[{"name":"wp","href":"https:\/\/api.w.org\/{rel}","templated":true}]}}