{"id":42273,"date":"2022-11-18T20:19:54","date_gmt":"2022-11-18T19:19:54","guid":{"rendered":"https:\/\/kgerad.de\/?post_type=product&#038;p=42273"},"modified":"2023-08-11T09:57:44","modified_gmt":"2023-08-11T07:57:44","slug":"diamant-opal-esprit-625-wh-2021-275-zoll-damen-sport","status":"publish","type":"product","link":"https:\/\/kgerad.de\/en\/product\/diamant-opal-esprit-625-wh-2021-275-zoll-damen-sport\/","title":{"rendered":"Diamant Opal Esprit+ &#8211; 625 Wh &#8211; 2021 &#8211; 27,5 Zoll &#8211; Damen Sport"},"content":{"rendered":"<h2 class=\"h3 product-detail-description-title\">Diamant Opal Esprit+ &#8211; 625 Wh &#8211; 2021 &#8211; 27,5 Zoll &#8211; Damen Sport<\/h2>\n<p>Die stufenlose Automatik der Enviolo-Schaltung und der Gates-Riemenantrieb machen das Opal Esprit+ zu einem ganz besonderen E-Bike. Die extrastarken PowerTube-Batterien von Marktf\u00fchrer Bosch sitzen sauber integriert im Rahmen. Das Opal Esprit+ ist auch kompatibel mit Range Boost f\u00fcr doppelt so gro\u00dfe Reichweite. Dorthin rollt es auf breiten, sehr fahrsicheren Reifen.<\/p>\n<h3 class=\"h3 product-detail-description-title\">Produktinformationen &#8222;Diamant Opal Esprit+ &#8211; 625 Wh &#8211; 2021 &#8211; 27,5 Zoll &#8211; Damen Sport&#8220;<\/h3>\n<div class=\"product-detail-description-text\">\n<hr \/>\n<h3>Details<\/h3>\n<div>\n<table>\n<tbody>\n<tr>\n<td>Zul\u00e4ssiges Gewicht inkl. Fahrer und Zuladung<\/td>\n<td>136 kg<\/td>\n<\/tr>\n<tr>\n<td>Drehmoment in Nm<\/td>\n<td>85 Nm<\/td>\n<\/tr>\n<tr>\n<td>Motor<\/td>\n<td>Bosch Mittelmotor Performance Line CX Gen4 250 Watt<\/td>\n<\/tr>\n<tr>\n<td>Motorposition<\/td>\n<td>Mittelmotor<\/td>\n<\/tr>\n<tr>\n<td>Kurbelgarnitur<\/td>\n<td>Gates CDX mit CenterTrack Riemenscheibe, 50 Z\u00e4hne<\/td>\n<\/tr>\n<tr>\n<td>Kassette<\/td>\n<td>Gates CDX CenterTrack 22 Z\u00e4hne<\/td>\n<\/tr>\n<tr>\n<td>Schalthebel<\/td>\n<td>Enviolo TR Schaltgriff<\/td>\n<\/tr>\n<tr>\n<td>Schaltung<\/td>\n<td>Stufenlose Getriebe-Nabenschaltung mit Riemenantrieb (mit Freilauf)<\/td>\n<\/tr>\n<tr>\n<td>Schaltungscode<\/td>\n<td>Automatiknabe Riemen Freilauf<\/td>\n<\/tr>\n<tr>\n<td>Bremsen vorne<\/td>\n<td>Shimano BR-MT200, hydraulische Scheibenbremse<\/td>\n<\/tr>\n<tr>\n<td>Bremsen hinten<\/td>\n<td>Shimano BR-MT200, hydraulische Scheibenbremse<\/td>\n<\/tr>\n<tr>\n<td>Rahmen<\/td>\n<td>neuer, hydrogeformter Aluminiumrahmen mit Akkuintegration und Motor Armor, mit Range Boost und Riemenantrieb kompatibel<\/td>\n<\/tr>\n<tr>\n<td>Gabel<\/td>\n<td>neue Aluminiumstarrgabel mit Lowrider \u00d6sen und Bontrager Steckachse<\/td>\n<\/tr>\n<tr>\n<td>Rahmenform<\/td>\n<td>Damen Sport<\/td>\n<\/tr>\n<tr>\n<td>Vorbau<\/td>\n<td>Bontrager, 7-Grad<\/td>\n<\/tr>\n<tr>\n<td>Lenker<\/td>\n<td>Bontrager Riser, 31.8mm, 25mm hochgezogen<\/td>\n<\/tr>\n<tr>\n<td>Griffe<\/td>\n<td>Bontrager Satellite Elite, Triple-Density, ergonomisch<\/td>\n<\/tr>\n<tr>\n<td>Sattel<\/td>\n<td>Bontrager Nebula H1<\/td>\n<\/tr>\n<tr>\n<td>Sattelst\u00fctze<\/td>\n<td>Bontrager SSR<\/td>\n<\/tr>\n<tr>\n<td>Felgen<\/td>\n<td>Hohlkammer Alufelgen<\/td>\n<\/tr>\n<tr>\n<td>Nabe vorne<\/td>\n<td>Bontrager Thru15<\/td>\n<\/tr>\n<tr>\n<td>Nabe hinten<\/td>\n<td>Enviolo 380 TR, stufenlose Schaltnabe<\/td>\n<\/tr>\n<tr>\n<td>Reifen (vorne)<\/td>\n<td>Bontrager E6 mit Hard Case Lite Pannenschutz, Reflexstreifen, 60-584, ECE-R75 zertifiziert<\/td>\n<\/tr>\n<tr>\n<td>Reifen (hinten)<\/td>\n<td>Bontrager E6 mit Hard Case Lite Pannenschutz, Reflexstreifen, 60-584, ECE-R75 zertifiziert<\/td>\n<\/tr>\n<tr>\n<td>Pedale<\/td>\n<td>Aluminium mit Gummistandfl\u00e4che<\/td>\n<\/tr>\n<tr>\n<td>Reichweite<\/td>\n<td>37 &#8211; 200 km<\/td>\n<\/tr>\n<tr>\n<td>Sonstiges<\/td>\n<td>Miniklingel<\/td>\n<\/tr>\n<tr>\n<td>H\u00f6chstgeschwindigkeit<\/td>\n<td>25<\/td>\n<\/tr>\n<tr>\n<td>Ma\u00dfeinheit<\/td>\n<td>km\/h<\/td>\n<\/tr>\n<tr>\n<td>Beleuchtung<\/td>\n<td>mit Beleuchtung<\/td>\n<\/tr>\n<tr>\n<td>E-Bike Motor Hersteller<\/td>\n<td>Bosch<\/td>\n<\/tr>\n<tr>\n<td>E-Bike Zulassungspflichtig<\/td>\n<td>Nein<\/td>\n<\/tr>\n<tr>\n<td>Farbe<\/td>\n<td>Grau<\/td>\n<\/tr>\n<tr>\n<td>G\u00e4nge<\/td>\n<td>Stufenlos<\/td>\n<\/tr>\n<tr>\n<td>Geschlecht<\/td>\n<td>Damen<\/td>\n<\/tr>\n<tr>\n<td>Marke<\/td>\n<td>Diamant<\/td>\n<\/tr>\n<tr>\n<td>Radgr\u00f6\u00dfe<\/td>\n<td>27,5 Zoll<\/td>\n<\/tr>\n<tr>\n<td>Rahmenmaterial<\/td>\n<td>Aluminium<\/td>\n<\/tr>\n<tr>\n<td>Saison<\/td>\n<td>2021<\/td>\n<\/tr>\n<tr>\n<td>Schaltart<\/td>\n<td>Enviolo<\/td>\n<\/tr>\n<\/tbody>\n<\/table>\n<\/div>\n<\/div>\n<div class=\"product-detail-properties\">\n<div class=\"row product-detail-properties-container\">\n<div class=\"col-md-10 col-lg-6\">\n<table class=\"table table-striped product-detail-properties-table\">\n<tbody>\n<tr class=\"properties-row\">\n<th class=\"properties-label\">Beleuchtung :<\/th>\n<td class=\"properties-value\">mit Beleuchtung<\/td>\n<\/tr>\n<tr class=\"properties-row\">\n<th class=\"properties-label\">Bremsen hinten :<\/th>\n<td class=\"properties-value\">Shimano BR-MT200, hydraulische Scheibenbremse<\/td>\n<\/tr>\n<tr class=\"properties-row\">\n<th class=\"properties-label\">Bremsen vorne :<\/th>\n<td class=\"properties-value\">Shimano BR-MT200, hydraulische Scheibenbremse<\/td>\n<\/tr>\n<tr class=\"properties-row\">\n<th class=\"properties-label\">Drehmoment in Nm :<\/th>\n<td class=\"properties-value\">85 Nm<\/td>\n<\/tr>\n<tr class=\"properties-row\">\n<th class=\"properties-label\">E-Bike Motor Hersteller :<\/th>\n<td class=\"properties-value\">Bosch<\/td>\n<\/tr>\n<tr class=\"properties-row\">\n<th class=\"properties-label\">E-Bike Zulassungspflichtig :<\/th>\n<td class=\"properties-value\">Nein<\/td>\n<\/tr>\n<tr class=\"properties-row\">\n<th class=\"properties-label\">Farbe :<\/th>\n<td class=\"properties-value\">Grau<\/td>\n<\/tr>\n<tr class=\"properties-row\">\n<th class=\"properties-label\">Felgen :<\/th>\n<td class=\"properties-value\">Hohlkammer Alufelgen<\/td>\n<\/tr>\n<tr class=\"properties-row\">\n<th class=\"properties-label\">Gabel :<\/th>\n<td class=\"properties-value\">neue Aluminiumstarrgabel mit Lowrider \u00d6sen und Bontrager Steckachse<\/td>\n<\/tr>\n<tr class=\"properties-row\">\n<th class=\"properties-label\">Geschlecht :<\/th>\n<td class=\"properties-value\">Damen<\/td>\n<\/tr>\n<tr class=\"properties-row\">\n<th class=\"properties-label\">Griffe :<\/th>\n<td class=\"properties-value\">Bontrager Satellite Elite, Triple-Density, ergonomisch<\/td>\n<\/tr>\n<tr class=\"properties-row\">\n<th class=\"properties-label\">G\u00e4nge :<\/th>\n<td class=\"properties-value\">Stufenlos<\/td>\n<\/tr>\n<tr class=\"properties-row\">\n<th class=\"properties-label\">H\u00f6chstgeschwindigkeit :<\/th>\n<td class=\"properties-value\">25<\/td>\n<\/tr>\n<tr class=\"properties-row\">\n<th class=\"properties-label\">Kassette :<\/th>\n<td class=\"properties-value\">Gates CDX CenterTrack 22 Z\u00e4hne<\/td>\n<\/tr>\n<tr class=\"properties-row\">\n<th class=\"properties-label\">Kurbelgarnitur :<\/th>\n<td class=\"properties-value\">Gates CDX mit CenterTrack Riemenscheibe, 50 Z\u00e4hne<\/td>\n<\/tr>\n<tr class=\"properties-row\">\n<th class=\"properties-label\">Lenker :<\/th>\n<td class=\"properties-value\">Bontrager Riser, 31.8mm, 25mm hochgezogen<\/td>\n<\/tr>\n<tr class=\"properties-row\">\n<th class=\"properties-label\">Marke :<\/th>\n<td class=\"properties-value\">Diamant<\/td>\n<\/tr>\n<tr class=\"properties-row\">\n<th class=\"properties-label\">Ma\u00dfeinheit :<\/th>\n<td class=\"properties-value\">km\/h<\/td>\n<\/tr>\n<tr class=\"properties-row\">\n<th class=\"properties-label\">Motor :<\/th>\n<td class=\"properties-value\">Bosch Mittelmotor Performance Line CX Gen4 250 Watt<\/td>\n<\/tr>\n<tr class=\"properties-row\">\n<th class=\"properties-label\">Motorposition :<\/th>\n<td class=\"properties-value\">Mittelmotor<\/td>\n<\/tr>\n<tr class=\"properties-row\">\n<th class=\"properties-label\">Nabe hinten :<\/th>\n<td class=\"properties-value\">Enviolo 380 TR, stufenlose Schaltnabe<\/td>\n<\/tr>\n<tr class=\"properties-row\">\n<th class=\"properties-label\">Nabe vorne :<\/th>\n<td class=\"properties-value\">Bontrager Thru15<\/td>\n<\/tr>\n<tr class=\"properties-row\">\n<th class=\"properties-label\">Pedale :<\/th>\n<td class=\"properties-value\">Aluminium mit Gummistandfl\u00e4che<\/td>\n<\/tr>\n<tr class=\"properties-row\">\n<th class=\"properties-label\">Radgr\u00f6\u00dfe :<\/th>\n<td class=\"properties-value\">27,5 Zoll<\/td>\n<\/tr>\n<tr class=\"properties-row\">\n<th class=\"properties-label\">Rahmen :<\/th>\n<td class=\"properties-value\">neuer, hydrogeformter Aluminiumrahmen mit Akkuintegration und Motor Armor, mit Range Boost und Riemenantrieb kompatibel<\/td>\n<\/tr>\n<tr class=\"properties-row\">\n<th class=\"properties-label\">Rahmenform :<\/th>\n<td class=\"properties-value\">Damen Sport<\/td>\n<\/tr>\n<tr class=\"properties-row\">\n<th class=\"properties-label\">Rahmenmaterial :<\/th>\n<td class=\"properties-value\">Aluminium<\/td>\n<\/tr>\n<tr class=\"properties-row\">\n<th class=\"properties-label\">Reichweite :<\/th>\n<td class=\"properties-value\">37 &#8211; 200 km<\/td>\n<\/tr>\n<tr class=\"properties-row\">\n<th class=\"properties-label\">Reifen (hinten) :<\/th>\n<td class=\"properties-value\">Bontrager E6 mit Hard Case Lite Pannenschutz, Reflexstreifen, 60-584, ECE-R75 zertifiziert<\/td>\n<\/tr>\n<tr class=\"properties-row\">\n<th class=\"properties-label\">Reifen (vorne) :<\/th>\n<td class=\"properties-value\">Bontrager E6 mit Hard Case Lite Pannenschutz, Reflexstreifen, 60-584, ECE-R75 zertifiziert<\/td>\n<\/tr>\n<tr class=\"properties-row\">\n<th class=\"properties-label\">Saison :<\/th>\n<td class=\"properties-value\">2021<\/td>\n<\/tr>\n<tr class=\"properties-row\">\n<th class=\"properties-label\">Sattel :<\/th>\n<td class=\"properties-value\">Bontrager Nebula H1<\/td>\n<\/tr>\n<tr class=\"properties-row\">\n<th class=\"properties-label\">Sattelst\u00fctze :<\/th>\n<td class=\"properties-value\">Bontrager SSR<\/td>\n<\/tr>\n<tr class=\"properties-row\">\n<th class=\"properties-label\">Schaltart :<\/th>\n<td class=\"properties-value\">Enviolo<\/td>\n<\/tr>\n<tr class=\"properties-row\">\n<th class=\"properties-label\">Schalthebel :<\/th>\n<td class=\"properties-value\">Enviolo TR Schaltgriff<\/td>\n<\/tr>\n<tr class=\"properties-row\">\n<th class=\"properties-label\">Schaltung :<\/th>\n<td class=\"properties-value\">Stufenlose Getriebe-Nabenschaltung mit Riemenantrieb (mit Freilauf)<\/td>\n<\/tr>\n<tr class=\"properties-row\">\n<th class=\"properties-label\">Schaltungscode :<\/th>\n<td class=\"properties-value\">Automatiknabe Riemen Freilauf<\/td>\n<\/tr>\n<tr class=\"properties-row\">\n<th class=\"properties-label\">Sonstiges :<\/th>\n<td class=\"properties-value\">Miniklingel<\/td>\n<\/tr>\n<tr class=\"properties-row\">\n<th class=\"properties-label\">Vorbau :<\/th>\n<td class=\"properties-value\">Bontrager, 7-Grad<\/td>\n<\/tr>\n<tr class=\"properties-row\">\n<th class=\"properties-label\">Zul\u00e4ssiges Gewicht inkl. Fahrer und Zuladung :<\/th>\n<td class=\"properties-value\">136 kg<\/td>\n<\/tr>\n<\/tbody>\n<\/table>\n<\/div>\n<\/div>\n<\/div>","protected":false},"excerpt":{"rendered":"<p>Diamant Opal Esprit+ &#8211; 625 Wh &#8211; 2021 &#8211; 27,5 Zoll &#8211; Damen Sport Die stufenlose Automatik der Enviolo-Schaltung und<\/p>","protected":false},"featured_media":62505,"comment_status":"open","ping_status":"closed","template":"","meta":[],"product_brand":[],"product_cat":[33,247,320],"product_tag":[],"class_list":{"0":"post-42273","1":"product","2":"type-product","3":"status-publish","4":"has-post-thumbnail","6":"product_cat-e-bike","7":"product_cat-e-bike-trekking","8":"product_cat-e-bikes-2021","9":"pa_marke-diamant","11":"first","12":"instock","13":"sale","14":"taxable","15":"shipping-taxable","16":"purchasable","17":"product-type-variable"},"yoast_head":"<!-- This site is optimized with the Yoast SEO Premium plugin v20.12 (Yoast SEO v27.1.1) - https:\/\/yoast.com\/product\/yoast-seo-premium-wordpress\/ -->\n<title>Diamant Opal Esprit+ - 625 Wh - 2021 - 27,5 Zoll - Damen Sport<\/title>\n<meta name=\"description\" content=\"Entdecken Sie unseren Online-Fahrradladen: Gro\u00dfe Auswahl an Modellen f\u00fcr alle Radsportbegeisterten. Von Rennr\u00e4dern bis zu Mountainbikes - finden Sie heute Ihren perfekten Wegbegleiter!\" \/>\n<meta name=\"robots\" content=\"index, follow, max-snippet:-1, max-image-preview:large, max-video-preview:-1\" \/>\n<link rel=\"canonical\" href=\"https:\/\/kgerad.de\/en\/product\/diamant-opal-esprit-625-wh-2021-275-zoll-damen-sport\/\" \/>\n<meta property=\"og:locale\" content=\"en_US\" \/>\n<meta property=\"og:type\" content=\"article\" \/>\n<meta property=\"og:title\" content=\"Diamant Opal Esprit+ - 625 Wh - 2021 - 27,5 Zoll - Damen Sport\" \/>\n<meta property=\"og:description\" content=\"Entdecken Sie unseren Online-Fahrradladen: Gro\u00dfe Auswahl an Modellen f\u00fcr alle Radsportbegeisterten. Von Rennr\u00e4dern bis zu Mountainbikes - finden Sie heute Ihren perfekten Wegbegleiter!\" \/>\n<meta property=\"og:url\" content=\"https:\/\/kgerad.de\/en\/product\/diamant-opal-esprit-625-wh-2021-275-zoll-damen-sport\/\" \/>\n<meta property=\"og:site_name\" content=\"kgerad.de\" \/>\n<meta property=\"article:modified_time\" content=\"2023-08-11T07:57:44+00:00\" \/>\n<meta property=\"og:image\" content=\"https:\/\/kgerad.de\/wp-content\/uploads\/2023\/06\/9713b0ad25294cd392e9db5cb324b5db.jpg\" \/>\n\t<meta property=\"og:image:width\" content=\"1920\" \/>\n\t<meta property=\"og:image:height\" content=\"1280\" \/>\n\t<meta property=\"og:image:type\" content=\"image\/jpeg\" \/>\n<meta name=\"twitter:card\" content=\"summary_large_image\" \/>\n<meta name=\"twitter:label1\" content=\"Est. reading time\" \/>\n\t<meta name=\"twitter:data1\" content=\"3 minutes\" \/>\n<script type=\"application\/ld+json\" class=\"yoast-schema-graph\">{\"@context\":\"https:\/\/schema.org\",\"@graph\":[{\"@type\":\"WebPage\",\"@id\":\"https:\/\/kgerad.de\/produkt\/diamant-opal-esprit-625-wh-2021-275-zoll-damen-sport\/\",\"url\":\"https:\/\/kgerad.de\/produkt\/diamant-opal-esprit-625-wh-2021-275-zoll-damen-sport\/\",\"name\":\"Diamant Opal Esprit+ - 625 Wh - 2021 - 27,5 Zoll - Damen Sport\",\"isPartOf\":{\"@id\":\"https:\/\/kgerad.de\/#website\"},\"primaryImageOfPage\":{\"@id\":\"https:\/\/kgerad.de\/produkt\/diamant-opal-esprit-625-wh-2021-275-zoll-damen-sport\/#primaryimage\"},\"image\":{\"@id\":\"https:\/\/kgerad.de\/produkt\/diamant-opal-esprit-625-wh-2021-275-zoll-damen-sport\/#primaryimage\"},\"thumbnailUrl\":\"https:\/\/kgerad.de\/wp-content\/uploads\/2023\/06\/9713b0ad25294cd392e9db5cb324b5db.jpg\",\"datePublished\":\"2022-11-18T19:19:54+00:00\",\"dateModified\":\"2023-08-11T07:57:44+00:00\",\"description\":\"Entdecken Sie unseren Online-Fahrradladen: Gro\u00dfe Auswahl an Modellen f\u00fcr alle Radsportbegeisterten. Von Rennr\u00e4dern bis zu Mountainbikes - finden Sie heute Ihren perfekten Wegbegleiter!\",\"breadcrumb\":{\"@id\":\"https:\/\/kgerad.de\/produkt\/diamant-opal-esprit-625-wh-2021-275-zoll-damen-sport\/#breadcrumb\"},\"inLanguage\":\"en-US\",\"potentialAction\":[{\"@type\":\"ReadAction\",\"target\":[\"https:\/\/kgerad.de\/produkt\/diamant-opal-esprit-625-wh-2021-275-zoll-damen-sport\/\"]}]},{\"@type\":\"ImageObject\",\"inLanguage\":\"en-US\",\"@id\":\"https:\/\/kgerad.de\/produkt\/diamant-opal-esprit-625-wh-2021-275-zoll-damen-sport\/#primaryimage\",\"url\":\"https:\/\/kgerad.de\/wp-content\/uploads\/2023\/06\/9713b0ad25294cd392e9db5cb324b5db.jpg\",\"contentUrl\":\"https:\/\/kgerad.de\/wp-content\/uploads\/2023\/06\/9713b0ad25294cd392e9db5cb324b5db.jpg\",\"width\":1920,\"height\":1280,\"caption\":\"Diamant Opal Esprit+ - 625 Wh - 2021 - 27\"},{\"@type\":\"BreadcrumbList\",\"@id\":\"https:\/\/kgerad.de\/produkt\/diamant-opal-esprit-625-wh-2021-275-zoll-damen-sport\/#breadcrumb\",\"itemListElement\":[{\"@type\":\"ListItem\",\"position\":1,\"name\":\"Startseite\",\"item\":\"https:\/\/kgerad.de\/\"},{\"@type\":\"ListItem\",\"position\":2,\"name\":\"LADEN\",\"item\":\"https:\/\/kgerad.de\/laden\/\"},{\"@type\":\"ListItem\",\"position\":3,\"name\":\"Diamant Opal Esprit+ &#8211; 625 Wh &#8211; 2021 &#8211; 27,5 Zoll &#8211; Damen Sport\"}]},{\"@type\":\"WebSite\",\"@id\":\"https:\/\/kgerad.de\/#website\",\"url\":\"https:\/\/kgerad.de\/\",\"name\":\"kgerad.de\",\"description\":\"Treten Sie mit uns ins Abenteuer!\",\"publisher\":{\"@id\":\"https:\/\/kgerad.de\/#organization\"},\"alternateName\":\"MEIN RADLADEN\",\"potentialAction\":[{\"@type\":\"SearchAction\",\"target\":{\"@type\":\"EntryPoint\",\"urlTemplate\":\"https:\/\/kgerad.de\/?s={search_term_string}\"},\"query-input\":{\"@type\":\"PropertyValueSpecification\",\"valueRequired\":true,\"valueName\":\"search_term_string\"}}],\"inLanguage\":\"en-US\"},{\"@type\":\"Organization\",\"@id\":\"https:\/\/kgerad.de\/#organization\",\"name\":\"MEINRADLADEN\",\"alternateName\":\"MEIN RADLADEN\",\"url\":\"https:\/\/kgerad.de\/\",\"logo\":{\"@type\":\"ImageObject\",\"inLanguage\":\"en-US\",\"@id\":\"https:\/\/kgerad.de\/#\/schema\/logo\/image\/\",\"url\":\"https:\/\/kgerad.de\/wp-content\/uploads\/2025\/07\/logo-Whit.svg\",\"contentUrl\":\"https:\/\/kgerad.de\/wp-content\/uploads\/2025\/07\/logo-Whit.svg\",\"width\":1640,\"height\":371,\"caption\":\"MEINRADLADEN\"},\"image\":{\"@id\":\"https:\/\/kgerad.de\/#\/schema\/logo\/image\/\"}}]}<\/script>\n<!-- \/ Yoast SEO Premium plugin. -->","yoast_head_json":{"title":"Diamant Opal Esprit+ - 625 Wh - 2021 - 27,5 Zoll - Damen Sport","description":"Entdecken Sie unseren Online-Fahrradladen: Gro\u00dfe Auswahl an Modellen f\u00fcr alle Radsportbegeisterten. Von Rennr\u00e4dern bis zu Mountainbikes - finden Sie heute Ihren perfekten Wegbegleiter!","robots":{"index":"index","follow":"follow","max-snippet":"max-snippet:-1","max-image-preview":"max-image-preview:large","max-video-preview":"max-video-preview:-1"},"canonical":"https:\/\/kgerad.de\/en\/product\/diamant-opal-esprit-625-wh-2021-275-zoll-damen-sport\/","og_locale":"en_US","og_type":"article","og_title":"Diamant Opal Esprit+ - 625 Wh - 2021 - 27,5 Zoll - Damen Sport","og_description":"Entdecken Sie unseren Online-Fahrradladen: Gro\u00dfe Auswahl an Modellen f\u00fcr alle Radsportbegeisterten. Von Rennr\u00e4dern bis zu Mountainbikes - finden Sie heute Ihren perfekten Wegbegleiter!","og_url":"https:\/\/kgerad.de\/en\/product\/diamant-opal-esprit-625-wh-2021-275-zoll-damen-sport\/","og_site_name":"kgerad.de","article_modified_time":"2023-08-11T07:57:44+00:00","og_image":[{"width":1920,"height":1280,"url":"https:\/\/kgerad.de\/wp-content\/uploads\/2023\/06\/9713b0ad25294cd392e9db5cb324b5db.jpg","type":"image\/jpeg"}],"twitter_card":"summary_large_image","twitter_misc":{"Est. reading time":"3 minutes"},"schema":{"@context":"https:\/\/schema.org","@graph":[{"@type":"WebPage","@id":"https:\/\/kgerad.de\/produkt\/diamant-opal-esprit-625-wh-2021-275-zoll-damen-sport\/","url":"https:\/\/kgerad.de\/produkt\/diamant-opal-esprit-625-wh-2021-275-zoll-damen-sport\/","name":"Diamant Opal Esprit+ - 625 Wh - 2021 - 27,5 Zoll - Damen Sport","isPartOf":{"@id":"https:\/\/kgerad.de\/#website"},"primaryImageOfPage":{"@id":"https:\/\/kgerad.de\/produkt\/diamant-opal-esprit-625-wh-2021-275-zoll-damen-sport\/#primaryimage"},"image":{"@id":"https:\/\/kgerad.de\/produkt\/diamant-opal-esprit-625-wh-2021-275-zoll-damen-sport\/#primaryimage"},"thumbnailUrl":"https:\/\/kgerad.de\/wp-content\/uploads\/2023\/06\/9713b0ad25294cd392e9db5cb324b5db.jpg","datePublished":"2022-11-18T19:19:54+00:00","dateModified":"2023-08-11T07:57:44+00:00","description":"Entdecken Sie unseren Online-Fahrradladen: Gro\u00dfe Auswahl an Modellen f\u00fcr alle Radsportbegeisterten. Von Rennr\u00e4dern bis zu Mountainbikes - finden Sie heute Ihren perfekten Wegbegleiter!","breadcrumb":{"@id":"https:\/\/kgerad.de\/produkt\/diamant-opal-esprit-625-wh-2021-275-zoll-damen-sport\/#breadcrumb"},"inLanguage":"en-US","potentialAction":[{"@type":"ReadAction","target":["https:\/\/kgerad.de\/produkt\/diamant-opal-esprit-625-wh-2021-275-zoll-damen-sport\/"]}]},{"@type":"ImageObject","inLanguage":"en-US","@id":"https:\/\/kgerad.de\/produkt\/diamant-opal-esprit-625-wh-2021-275-zoll-damen-sport\/#primaryimage","url":"https:\/\/kgerad.de\/wp-content\/uploads\/2023\/06\/9713b0ad25294cd392e9db5cb324b5db.jpg","contentUrl":"https:\/\/kgerad.de\/wp-content\/uploads\/2023\/06\/9713b0ad25294cd392e9db5cb324b5db.jpg","width":1920,"height":1280,"caption":"Diamant Opal Esprit+ - 625 Wh - 2021 - 27"},{"@type":"BreadcrumbList","@id":"https:\/\/kgerad.de\/produkt\/diamant-opal-esprit-625-wh-2021-275-zoll-damen-sport\/#breadcrumb","itemListElement":[{"@type":"ListItem","position":1,"name":"Startseite","item":"https:\/\/kgerad.de\/"},{"@type":"ListItem","position":2,"name":"LADEN","item":"https:\/\/kgerad.de\/laden\/"},{"@type":"ListItem","position":3,"name":"Diamant Opal Esprit+ &#8211; 625 Wh &#8211; 2021 &#8211; 27,5 Zoll &#8211; Damen Sport"}]},{"@type":"WebSite","@id":"https:\/\/kgerad.de\/#website","url":"https:\/\/kgerad.de\/","name":"kgerad.de","description":"Treten Sie mit uns ins Abenteuer!","publisher":{"@id":"https:\/\/kgerad.de\/#organization"},"alternateName":"MEIN RADLADEN","potentialAction":[{"@type":"SearchAction","target":{"@type":"EntryPoint","urlTemplate":"https:\/\/kgerad.de\/?s={search_term_string}"},"query-input":{"@type":"PropertyValueSpecification","valueRequired":true,"valueName":"search_term_string"}}],"inLanguage":"en-US"},{"@type":"Organization","@id":"https:\/\/kgerad.de\/#organization","name":"MEINRADLADEN","alternateName":"MEIN RADLADEN","url":"https:\/\/kgerad.de\/","logo":{"@type":"ImageObject","inLanguage":"en-US","@id":"https:\/\/kgerad.de\/#\/schema\/logo\/image\/","url":"https:\/\/kgerad.de\/wp-content\/uploads\/2025\/07\/logo-Whit.svg","contentUrl":"https:\/\/kgerad.de\/wp-content\/uploads\/2025\/07\/logo-Whit.svg","width":1640,"height":371,"caption":"MEINRADLADEN"},"image":{"@id":"https:\/\/kgerad.de\/#\/schema\/logo\/image\/"}}]}},"_links":{"self":[{"href":"https:\/\/kgerad.de\/en\/wp-json\/wp\/v2\/product\/42273","targetHints":{"allow":["GET"]}}],"collection":[{"href":"https:\/\/kgerad.de\/en\/wp-json\/wp\/v2\/product"}],"about":[{"href":"https:\/\/kgerad.de\/en\/wp-json\/wp\/v2\/types\/product"}],"replies":[{"embeddable":true,"href":"https:\/\/kgerad.de\/en\/wp-json\/wp\/v2\/comments?post=42273"}],"version-history":[{"count":1,"href":"https:\/\/kgerad.de\/en\/wp-json\/wp\/v2\/product\/42273\/revisions"}],"predecessor-version":[{"id":79354,"href":"https:\/\/kgerad.de\/en\/wp-json\/wp\/v2\/product\/42273\/revisions\/79354"}],"wp:featuredmedia":[{"embeddable":true,"href":"https:\/\/kgerad.de\/en\/wp-json\/wp\/v2\/media\/62505"}],"wp:attachment":[{"href":"https:\/\/kgerad.de\/en\/wp-json\/wp\/v2\/media?parent=42273"}],"wp:term":[{"taxonomy":"product_brand","embeddable":true,"href":"https:\/\/kgerad.de\/en\/wp-json\/wp\/v2\/product_brand?post=42273"},{"taxonomy":"product_cat","embeddable":true,"href":"https:\/\/kgerad.de\/en\/wp-json\/wp\/v2\/product_cat?post=42273"},{"taxonomy":"product_tag","embeddable":true,"href":"https:\/\/kgerad.de\/en\/wp-json\/wp\/v2\/product_tag?post=42273"}],"curies":[{"name":"wp","href":"https:\/\/api.w.org\/{rel}","templated":true}]}}